{"id":7686,"date":"2025-04-15T09:58:35","date_gmt":"2025-04-15T09:58:35","guid":{"rendered":"https:\/\/xenonkungen.com\/product\/ledguardian-road-flare-signal-ta20\/"},"modified":"2026-05-08T15:40:20","modified_gmt":"2026-05-08T14:40:20","slug":"ledguardian-road-flare-signal-ta20","status":"publish","type":"product","link":"https:\/\/xenonkungen.com\/en\/product\/ledguardian-road-flare-signal-ta20\/","title":{"rendered":"LEDguardian\u00ae ROAD FLARE Signal TA20"},"content":{"rendered":"<h1>Always prepared with OSRAM LEDguardian ROAD FLARE Signal TA20<\/h1>\n<p>When safety is at stake, it is important to be well prepared. The OSRAM LEDguardian ROAD FLARE Signal TA20 is your reliable companion for emergencies on the road. Approved according to \u00a753(a) TA20 StVZO, it fulfils all requirements for use in Germany as a supplement to the mandatory warning triangle. With its 360-degree visible yellow light, it is visible from a long distance and effectively warns other road users of potential dangers.<\/p>\n<p>In the event of an accident or breakdown, you can quickly and easily place the LEDguardian ROAD FLARE on the car roof using its powerful magnetic mount. Unlike passive reflective warning triangles, this warning light offers active flashing illumination that immediately draws attention to the danger zone - both day and night. With 18 long-lasting LEDs, a brightness of up to 140 lumens and a colour temperature of 2,000 K, you'll be clearly visible at any time of day.<\/p>\n<p>Designed to be compact and easy to use, this warning light stores neatly in the car and is always ready to use when needed. The integrated 5,200 mAh lithium-ion battery is easily charged via the included USB-C cable, ensuring you always have power when you need it.<\/p>\n<p>The OSRAM LEDguardian ROAD FLARE Signal TA20 is built to withstand extreme conditions. Rigorously tested in our certified environmental simulation lab, it meets the IP54 protection class, which means it is resistant to water, dust and shock, and can withstand strong winds of up to 210 N\/m.<\/p>\n<p>Wherever you are, make sure you are ready for the unexpected with the OSRAM LEDguardian ROAD FLARE Signal TA20. Please note that special legal requirements may apply to the use of this type of warning light outside Germany. We offer a 2-year warranty on this product* - for your peace of mind on the road.<\/p>","protected":false},"excerpt":{"rendered":"<p>Light is safety, and with OSRAM you get the peace of mind you need on the road. Whether you're driving through dark landscapes or in heavy traffic, it's crucial to both see and be seen. OSRAM's innovative lighting solutions ensure not only optimal visibility, but also increased safety for you and your fellow road users. Invest in quality, invest in safety - choose OSRAM to light up the road and ensure you are always visible.<\/p>","protected":false},"featured_media":7687,"comment_status":"closed","ping_status":"open","template":"","meta":{"_acf_changed":false,"_smort_price_nok":"849","_smort_price_dkk":"539","_smort_price_eur":"72.27","_smort_sale_price_nok":"","_smort_sale_price_dkk":"","_smort_sale_price_eur":"","smort_restorder":"","shipmondo_restorder":"","_kad_blocks_custom_css":"","_kad_blocks_head_custom_js":"","_kad_blocks_body_custom_js":"","_kad_blocks_footer_custom_js":"","smort_custom_pricelist_1":"508.8","smort_custom_pricelist_2":"445.2","smort_custom_pricelist_3":"413.4","smort_custom_pricelist_4":"636","smort_custom_pricelist_5":"445.2"},"anvandningsomrade":[],"bilmarken":[],"product_brand":[108],"product_cat":[2554,1061],"product_tag":[],"class_list":{"0":"post-7686","1":"product","2":"type-product","3":"status-publish","4":"has-post-thumbnail","6":"product_brand-osram","7":"product_cat-portabla-varningsljus","8":"product_cat-varningsljus","9":"pa_fargtemperatur-amber-1900k","10":"pa_fuktskydd-varde-ipxx-ip54","11":"pa_storlek-mm-73x91x91","12":"pa_volt-v-1987","14":"first","15":"instock","16":"taxable","17":"shipping-taxable","18":"purchasable","19":"product-type-simple"},"bundled_by":[],"bundle_stock_status":"instock","bundle_stock_quantity":1,"bundle_virtual":false,"bundle_layout":"","bundle_add_to_cart_form_location":"","bundle_editable_in_cart":false,"bundle_sold_individually_context":"","bundle_item_grouping":"","bundle_min_size":"","bundle_max_size":"","bundle_price":[],"bundled_items":[],"bundle_sell_ids":[],"acf":[],"yoast_head":"<!-- This site is optimized with the Yoast SEO plugin v27.0 - https:\/\/yoast.com\/product\/yoast-seo-wordpress\/ -->\n<title>LEDguardian\u00ae ROAD FLARE Signal TA20 - Xenonkungen<\/title>\n<meta name=\"robots\" content=\"index, follow, max-snippet:-1, max-image-preview:large, max-video-preview:-1\" \/>\n<link rel=\"canonical\" href=\"https:\/\/xenonkungen.com\/en\/product\/ledguardian-road-flare-signal-ta20\/\" \/>\n<meta property=\"og:locale\" content=\"en_GB\" \/>\n<meta property=\"og:type\" content=\"article\" \/>\n<meta property=\"og:title\" content=\"LEDguardian\u00ae ROAD FLARE Signal TA20 - Xenonkungen\" \/>\n<meta property=\"og:description\" content=\"Ljus \u00e4r s\u00e4kerhet, och med OSRAM f\u00e5r du den trygghet du beh\u00f6ver p\u00e5 v\u00e4gen. Oavsett om du k\u00f6r genom m\u00f6rka landskap eller i t\u00e4t trafik, \u00e4r det avg\u00f6rande att b\u00e5de se och bli sedd. OSRAM innovativa belysningsl\u00f6sningar garanterar inte bara optimal synlighet, utan ocks\u00e5 \u00f6kad s\u00e4kerhet f\u00f6r dig och dina medtrafikanter. Investera i kvalitet, investera i s\u00e4kerhet \u2013 v\u00e4lj OSRAM f\u00f6r att lysa upp v\u00e4gen och s\u00e4kerst\u00e4lla att du alltid \u00e4r synlig.\" \/>\n<meta property=\"og:url\" content=\"https:\/\/xenonkungen.com\/en\/product\/ledguardian-road-flare-signal-ta20\/\" \/>\n<meta property=\"og:site_name\" content=\"Xenonkungen\" \/>\n<meta property=\"article:modified_time\" content=\"2026-05-08T14:40:20+00:00\" \/>\n<meta property=\"og:image\" content=\"https:\/\/xenonkungen.com\/wp-content\/uploads\/2025\/04\/215221483-origpic-cffc5e.jpg\" \/>\n\t<meta property=\"og:image:width\" content=\"736\" \/>\n\t<meta property=\"og:image:height\" content=\"770\" \/>\n\t<meta property=\"og:image:type\" content=\"image\/jpeg\" \/>\n<meta name=\"twitter:card\" content=\"summary_large_image\" \/>\n<meta name=\"twitter:label1\" content=\"Estimated reading time\" \/>\n\t<meta name=\"twitter:data1\" content=\"2 minutes\" \/>\n<script type=\"application\/ld+json\" class=\"yoast-schema-graph\">{\"@context\":\"https:\/\/schema.org\",\"@graph\":[{\"@type\":\"WebPage\",\"@id\":\"https:\/\/xenonkungen.com\/produkt\/ledguardian-road-flare-signal-ta20\/\",\"url\":\"https:\/\/xenonkungen.com\/produkt\/ledguardian-road-flare-signal-ta20\/\",\"name\":\"LEDguardian\u00ae ROAD FLARE Signal TA20 - Xenonkungen\",\"isPartOf\":{\"@id\":\"https:\/\/xenonkungen.com\/#website\"},\"primaryImageOfPage\":{\"@id\":\"https:\/\/xenonkungen.com\/produkt\/ledguardian-road-flare-signal-ta20\/#primaryimage\"},\"image\":{\"@id\":\"https:\/\/xenonkungen.com\/produkt\/ledguardian-road-flare-signal-ta20\/#primaryimage\"},\"thumbnailUrl\":\"https:\/\/xenonkungen.com\/wp-content\/uploads\/2025\/04\/215221483-origpic-cffc5e.jpg\",\"datePublished\":\"2025-04-15T09:58:35+00:00\",\"dateModified\":\"2026-05-08T14:40:20+00:00\",\"breadcrumb\":{\"@id\":\"https:\/\/xenonkungen.com\/produkt\/ledguardian-road-flare-signal-ta20\/#breadcrumb\"},\"inLanguage\":\"en-GB\",\"potentialAction\":[{\"@type\":\"ReadAction\",\"target\":[\"https:\/\/xenonkungen.com\/produkt\/ledguardian-road-flare-signal-ta20\/\"]}]},{\"@type\":\"ImageObject\",\"inLanguage\":\"en-GB\",\"@id\":\"https:\/\/xenonkungen.com\/produkt\/ledguardian-road-flare-signal-ta20\/#primaryimage\",\"url\":\"https:\/\/xenonkungen.com\/wp-content\/uploads\/2025\/04\/215221483-origpic-cffc5e.jpg\",\"contentUrl\":\"https:\/\/xenonkungen.com\/wp-content\/uploads\/2025\/04\/215221483-origpic-cffc5e.jpg\",\"width\":736,\"height\":770},{\"@type\":\"BreadcrumbList\",\"@id\":\"https:\/\/xenonkungen.com\/produkt\/ledguardian-road-flare-signal-ta20\/#breadcrumb\",\"itemListElement\":[{\"@type\":\"ListItem\",\"position\":1,\"name\":\"Hem\",\"item\":\"https:\/\/xenonkungen.com\/\"},{\"@type\":\"ListItem\",\"position\":2,\"name\":\"Shop\",\"item\":\"https:\/\/xenonkungen.com\/shop\/\"},{\"@type\":\"ListItem\",\"position\":3,\"name\":\"LEDguardian\u00ae ROAD FLARE Signal TA20\"}]},{\"@type\":\"WebSite\",\"@id\":\"https:\/\/xenonkungen.com\/#website\",\"url\":\"https:\/\/xenonkungen.com\/\",\"name\":\"Xenonkungen\",\"description\":\"\",\"potentialAction\":[{\"@type\":\"SearchAction\",\"target\":{\"@type\":\"EntryPoint\",\"urlTemplate\":\"https:\/\/xenonkungen.com\/?s={search_term_string}\"},\"query-input\":{\"@type\":\"PropertyValueSpecification\",\"valueRequired\":true,\"valueName\":\"search_term_string\"}}],\"inLanguage\":\"en-GB\"}]}<\/script>\n<!-- \/ Yoast SEO plugin. -->","yoast_head_json":{"title":"LEDguardian\u00ae ROAD FLARE Signal TA20 - The Xenon King","robots":{"index":"index","follow":"follow","max-snippet":"max-snippet:-1","max-image-preview":"max-image-preview:large","max-video-preview":"max-video-preview:-1"},"canonical":"https:\/\/xenonkungen.com\/en\/product\/ledguardian-road-flare-signal-ta20\/","og_locale":"en_GB","og_type":"article","og_title":"LEDguardian\u00ae ROAD FLARE Signal TA20 - Xenonkungen","og_description":"Ljus \u00e4r s\u00e4kerhet, och med OSRAM f\u00e5r du den trygghet du beh\u00f6ver p\u00e5 v\u00e4gen. Oavsett om du k\u00f6r genom m\u00f6rka landskap eller i t\u00e4t trafik, \u00e4r det avg\u00f6rande att b\u00e5de se och bli sedd. OSRAM innovativa belysningsl\u00f6sningar garanterar inte bara optimal synlighet, utan ocks\u00e5 \u00f6kad s\u00e4kerhet f\u00f6r dig och dina medtrafikanter. Investera i kvalitet, investera i s\u00e4kerhet \u2013 v\u00e4lj OSRAM f\u00f6r att lysa upp v\u00e4gen och s\u00e4kerst\u00e4lla att du alltid \u00e4r synlig.","og_url":"https:\/\/xenonkungen.com\/en\/product\/ledguardian-road-flare-signal-ta20\/","og_site_name":"Xenonkungen","article_modified_time":"2026-05-08T14:40:20+00:00","og_image":[{"width":736,"height":770,"url":"https:\/\/xenonkungen.com\/wp-content\/uploads\/2025\/04\/215221483-origpic-cffc5e.jpg","type":"image\/jpeg"}],"twitter_card":"summary_large_image","twitter_misc":{"Estimated reading time":"2 minutes"},"schema":{"@context":"https:\/\/schema.org","@graph":[{"@type":"WebPage","@id":"https:\/\/xenonkungen.com\/produkt\/ledguardian-road-flare-signal-ta20\/","url":"https:\/\/xenonkungen.com\/produkt\/ledguardian-road-flare-signal-ta20\/","name":"LEDguardian\u00ae ROAD FLARE Signal TA20 - The Xenon King","isPartOf":{"@id":"https:\/\/xenonkungen.com\/#website"},"primaryImageOfPage":{"@id":"https:\/\/xenonkungen.com\/produkt\/ledguardian-road-flare-signal-ta20\/#primaryimage"},"image":{"@id":"https:\/\/xenonkungen.com\/produkt\/ledguardian-road-flare-signal-ta20\/#primaryimage"},"thumbnailUrl":"https:\/\/xenonkungen.com\/wp-content\/uploads\/2025\/04\/215221483-origpic-cffc5e.jpg","datePublished":"2025-04-15T09:58:35+00:00","dateModified":"2026-05-08T14:40:20+00:00","breadcrumb":{"@id":"https:\/\/xenonkungen.com\/produkt\/ledguardian-road-flare-signal-ta20\/#breadcrumb"},"inLanguage":"en-GB","potentialAction":[{"@type":"ReadAction","target":["https:\/\/xenonkungen.com\/produkt\/ledguardian-road-flare-signal-ta20\/"]}]},{"@type":"ImageObject","inLanguage":"en-GB","@id":"https:\/\/xenonkungen.com\/produkt\/ledguardian-road-flare-signal-ta20\/#primaryimage","url":"https:\/\/xenonkungen.com\/wp-content\/uploads\/2025\/04\/215221483-origpic-cffc5e.jpg","contentUrl":"https:\/\/xenonkungen.com\/wp-content\/uploads\/2025\/04\/215221483-origpic-cffc5e.jpg","width":736,"height":770},{"@type":"BreadcrumbList","@id":"https:\/\/xenonkungen.com\/produkt\/ledguardian-road-flare-signal-ta20\/#breadcrumb","itemListElement":[{"@type":"ListItem","position":1,"name":"Hem","item":"https:\/\/xenonkungen.com\/"},{"@type":"ListItem","position":2,"name":"Shop","item":"https:\/\/xenonkungen.com\/shop\/"},{"@type":"ListItem","position":3,"name":"LEDguardian\u00ae ROAD FLARE Signal TA20"}]},{"@type":"WebSite","@id":"https:\/\/xenonkungen.com\/#website","url":"https:\/\/xenonkungen.com\/","name":"Xenonkungen","description":"","potentialAction":[{"@type":"SearchAction","target":{"@type":"EntryPoint","urlTemplate":"https:\/\/xenonkungen.com\/?s={search_term_string}"},"query-input":{"@type":"PropertyValueSpecification","valueRequired":true,"valueName":"search_term_string"}}],"inLanguage":"en-GB"}]}},"taxonomy_info":{"product_brand":[{"value":108,"label":"OSRAM"}],"product_cat":[{"value":2554,"label":"Portabla varningsljus"},{"value":1061,"label":"Varningsljus"}],"pa_fargtemperatur":[{"value":1986,"label":"Amber 1900K"}],"pa_fuktskydd-varde-ipxx":[{"value":1318,"label":"IP54"}],"pa_storlek-mm":[{"value":1985,"label":"73x91x91"}],"pa_volt-v":[{"value":1987,"label":"5"}]},"featured_image_src_large":["https:\/\/xenonkungen.com\/wp-content\/uploads\/2025\/04\/215221483-origpic-cffc5e.jpg",736,770,false],"author_info":[],"comment_info":0,"_links":{"self":[{"href":"https:\/\/xenonkungen.com\/en\/wp-json\/wp\/v2\/product\/7686","targetHints":{"allow":["GET"]}}],"collection":[{"href":"https:\/\/xenonkungen.com\/en\/wp-json\/wp\/v2\/product"}],"about":[{"href":"https:\/\/xenonkungen.com\/en\/wp-json\/wp\/v2\/types\/product"}],"replies":[{"embeddable":true,"href":"https:\/\/xenonkungen.com\/en\/wp-json\/wp\/v2\/comments?post=7686"}],"wp:featuredmedia":[{"embeddable":true,"href":"https:\/\/xenonkungen.com\/en\/wp-json\/wp\/v2\/media\/7687"}],"wp:attachment":[{"href":"https:\/\/xenonkungen.com\/en\/wp-json\/wp\/v2\/media?parent=7686"}],"wp:term":[{"taxonomy":"anvandningsomrade","embeddable":true,"href":"https:\/\/xenonkungen.com\/en\/wp-json\/wp\/v2\/anvandningsomrade?post=7686"},{"taxonomy":"bilmarken","embeddable":true,"href":"https:\/\/xenonkungen.com\/en\/wp-json\/wp\/v2\/bilmarken?post=7686"},{"taxonomy":"product_brand","embeddable":true,"href":"https:\/\/xenonkungen.com\/en\/wp-json\/wp\/v2\/product_brand?post=7686"},{"taxonomy":"product_cat","embeddable":true,"href":"https:\/\/xenonkungen.com\/en\/wp-json\/wp\/v2\/product_cat?post=7686"},{"taxonomy":"product_tag","embeddable":true,"href":"https:\/\/xenonkungen.com\/en\/wp-json\/wp\/v2\/product_tag?post=7686"}],"curies":[{"name":"wp","href":"https:\/\/api.w.org\/{rel}","templated":true}]}}