{"id":8160,"date":"2025-04-15T10:03:59","date_gmt":"2025-04-15T10:03:59","guid":{"rendered":"https:\/\/xenonkungen.com\/product\/ledriving-dynamiska-spegelblinkers-audi-a3-8v-black-edition\/"},"modified":"2026-04-11T01:31:52","modified_gmt":"2026-04-11T00:31:52","slug":"ledriving-dynamic-mirror-indicators-audi-a3-8v-black-edition","status":"publish","type":"product","link":"https:\/\/xenonkungen.com\/en\/product\/ledriving-dynamic-mirror-indicators-audi-a3-8v-black-edition\/","title":{"rendered":"LEDriving\u00ae Dynamic Mirror Turn Signals - Audi A3 8V - Black Edition"},"content":{"rendered":"<p>Turn on the WOW factor with OSRAM LEDriving dynamic exterior mirror flashers<\/p>\n<p>Innovative and up-to-date<\/p>\n<p>Driven by our quest for innovation and quality, we are redefining automotive lighting from OSRAM. Together with LEDriving dynamic mirror indicators, the extensive OSRAM LED portfolio has received a further upgrade. These fully dynamic LED mirror indicators offer an innovative design that impressively complements your individual appearance. They score based on innovative high-performance LEDs with up to 200% more brightness) and impressively high contrast during day and night due to intense yellow LED light)<\/p>\n<p>Thanks to the latest light control technology, they also offer a homogeneous light distribution over the surface to be illuminated. As a result of all these aspects, there is a possibility of improved perception of your vehicle from oncoming traffic and thus increased safety in traffic. (In addition, OSRAM offers a 5-year warranty)<\/p>\n<p>High compatibility and customised design<\/p>\n<p>LED dynamic mirror indicators are characterised not only by their innovative lighting technology but also by a high level of compatibility. So they are compatible with a wide variety of vehicle models. There are also two variants to choose from: BLACK EDITION or WHITE EDITION - both are designed to effectively bring out the individual style of many vehicles. While the BLACK edition impresses with a tinted, black design, the WHITE edition has a clear and white design. Due to the two different versions, the LED dynamic mirror indicators adapt perfectly to the exterior of a wide range of vehicles.<\/p>\n<p>ECE-certified and straightforward conversion<br \/>Accentuating the vehicle completely legally, in a simple and extremely elegant way with eye-catching accents is now very easy with the latest OSRAM innovations. According to ECE guidelines, the necessary tests and approvals have been carried out on LEDriving dynamic mirror indicators, which means that they are completely legal in road traffic and it is not necessary to register in the vehicle documents. ECE certified according to ECE R6\/R10.<\/p>\n<p>The Plug &amp; Play technology ensures a quick and uncomplicated installation of LEDriving dynamic mirror indicators, existing cables do not need to be replaced or damaged.<\/p>\n<p>Tested OSRAM quality according to DIN EN ISO \/ IEC 17025<\/p>\n<p>LEDriving dynamic mirror indicator has been tested in our DIN-certified environmental simulation laboratory for extreme external influences in terms of water, dust, cold and hot temperatures, UV light and permanent vibrations and shocks and validated with IP protection class IP6K9K.<\/p>\n<p>Switch on the WOW with OSRAM LEDriving dynamic mirror indicators<\/p>\n<p><strong> Black Edition | Warranty 5years | 12V | IP69 | R6, R10 <\/strong><\/p>\n<p><strong> Applies to: <\/strong><br \/>Audi A3 8V (08\/2012)<br \/>Audi S3 8V (5 \/ 2013)<br \/>Audi RS3 8VA (4 \/ 2015)<\/p>\n<p><iframe loading=\"lazy\" frameborder=\"0\" height=\"315\" allow=\"accelerometer; autoplay; encrypted-media; gyroscope; picture-in-picture\" src=\"https:\/\/www.youtube.com\/embed\/Q8ny4ARAyeA\" width=\"560\" allowfullscreen=\"allowfullscreen\"><\/iframe><\/p>","protected":false},"excerpt":{"rendered":"<p>Dynamic flasher for your car from world leader Osram!  Enhances the look of your car, while making your vehicle safer on the road!<\/p>","protected":false},"featured_media":8161,"comment_status":"closed","ping_status":"closed","template":"","meta":{"_acf_changed":false,"_smort_price_nok":"2446","_smort_price_dkk":"1554","_smort_price_eur":"208.17","_smort_sale_price_nok":"","_smort_sale_price_dkk":"","_smort_sale_price_eur":"","smort_restorder":"","shipmondo_restorder":"","_kad_blocks_custom_css":"","_kad_blocks_head_custom_js":"","_kad_blocks_body_custom_js":"","_kad_blocks_footer_custom_js":"","smort_custom_pricelist_1":"1465.6","smort_custom_pricelist_2":"1465.6","smort_custom_pricelist_3":"1392.32","smort_custom_pricelist_4":"1832","smort_custom_pricelist_5":"1465.6"},"anvandningsomrade":[],"bilmarken":[],"product_brand":[108],"product_cat":[2644,338],"product_tag":[],"class_list":{"0":"post-8160","1":"product","2":"type-product","3":"status-publish","4":"has-post-thumbnail","6":"product_brand-osram","7":"product_cat-dynamiska-spegelblinkers","8":"product_cat-diodlampor","9":"pa_fuktskydd-varde-ipxx-ip69","10":"pa_godkannande-ece-r7-ece-r10","11":"pa_lampsockel-kontakt-plug-and-play-pnp","12":"pa_volt-v-159","14":"first","15":"instock","16":"taxable","17":"shipping-taxable","18":"purchasable","19":"product-type-simple"},"bundled_by":[],"bundle_stock_status":"instock","bundle_stock_quantity":1,"bundle_virtual":false,"bundle_layout":"","bundle_add_to_cart_form_location":"","bundle_editable_in_cart":false,"bundle_sold_individually_context":"","bundle_item_grouping":"","bundle_min_size":"","bundle_max_size":"","bundle_price":[],"bundled_items":[],"bundle_sell_ids":[],"acf":[],"yoast_head":"<!-- This site is optimized with the Yoast SEO plugin v27.0 - https:\/\/yoast.com\/product\/yoast-seo-wordpress\/ -->\n<title>LEDriving\u00ae Dynamiska spegelblinkers - Audi A3 8V - Black Edition - Xenonkungen<\/title>\n<meta name=\"robots\" content=\"index, follow, max-snippet:-1, max-image-preview:large, max-video-preview:-1\" \/>\n<link rel=\"canonical\" href=\"https:\/\/xenonkungen.com\/en\/product\/ledriving-dynamic-mirror-indicators-audi-a3-8v-black-edition\/\" \/>\n<meta property=\"og:locale\" content=\"en_GB\" \/>\n<meta property=\"og:type\" content=\"article\" \/>\n<meta property=\"og:title\" content=\"LEDriving\u00ae Dynamiska spegelblinkers - Audi A3 8V - Black Edition - Xenonkungen\" \/>\n<meta property=\"og:description\" content=\"Dynamisk blinker till din bil fr\u00e5n v\u00e4rldsledaren Osram! Lyfter utseendet p\u00e5 er bil, samtidigt som den g\u00f6r ert fordon s\u00e4krare i trafiken!\" \/>\n<meta property=\"og:url\" content=\"https:\/\/xenonkungen.com\/en\/product\/ledriving-dynamic-mirror-indicators-audi-a3-8v-black-edition\/\" \/>\n<meta property=\"og:site_name\" content=\"Xenonkungen\" \/>\n<meta property=\"article:modified_time\" content=\"2026-04-11T00:31:52+00:00\" \/>\n<meta property=\"og:image\" content=\"https:\/\/xenonkungen.com\/wp-content\/uploads\/2025\/04\/178097919-origpic-e90efd.jpg\" \/>\n\t<meta property=\"og:image:width\" content=\"900\" \/>\n\t<meta property=\"og:image:height\" content=\"900\" \/>\n\t<meta property=\"og:image:type\" content=\"image\/jpeg\" \/>\n<meta name=\"twitter:card\" content=\"summary_large_image\" \/>\n<meta name=\"twitter:label1\" content=\"Estimated reading time\" \/>\n\t<meta name=\"twitter:data1\" content=\"2 minutes\" \/>\n<script type=\"application\/ld+json\" class=\"yoast-schema-graph\">{\"@context\":\"https:\/\/schema.org\",\"@graph\":[{\"@type\":\"WebPage\",\"@id\":\"https:\/\/xenonkungen.com\/produkt\/ledriving-dynamiska-spegelblinkers-audi-a3-8v-black-edition\/\",\"url\":\"https:\/\/xenonkungen.com\/produkt\/ledriving-dynamiska-spegelblinkers-audi-a3-8v-black-edition\/\",\"name\":\"LEDriving\u00ae Dynamiska spegelblinkers - Audi A3 8V - Black Edition - Xenonkungen\",\"isPartOf\":{\"@id\":\"https:\/\/xenonkungen.com\/#website\"},\"primaryImageOfPage\":{\"@id\":\"https:\/\/xenonkungen.com\/produkt\/ledriving-dynamiska-spegelblinkers-audi-a3-8v-black-edition\/#primaryimage\"},\"image\":{\"@id\":\"https:\/\/xenonkungen.com\/produkt\/ledriving-dynamiska-spegelblinkers-audi-a3-8v-black-edition\/#primaryimage\"},\"thumbnailUrl\":\"https:\/\/xenonkungen.com\/wp-content\/uploads\/2025\/04\/178097919-origpic-e90efd.jpg\",\"datePublished\":\"2025-04-15T10:03:59+00:00\",\"dateModified\":\"2026-04-11T00:31:52+00:00\",\"breadcrumb\":{\"@id\":\"https:\/\/xenonkungen.com\/produkt\/ledriving-dynamiska-spegelblinkers-audi-a3-8v-black-edition\/#breadcrumb\"},\"inLanguage\":\"en-GB\",\"potentialAction\":[{\"@type\":\"ReadAction\",\"target\":[\"https:\/\/xenonkungen.com\/produkt\/ledriving-dynamiska-spegelblinkers-audi-a3-8v-black-edition\/\"]}]},{\"@type\":\"ImageObject\",\"inLanguage\":\"en-GB\",\"@id\":\"https:\/\/xenonkungen.com\/produkt\/ledriving-dynamiska-spegelblinkers-audi-a3-8v-black-edition\/#primaryimage\",\"url\":\"https:\/\/xenonkungen.com\/wp-content\/uploads\/2025\/04\/178097919-origpic-e90efd.jpg\",\"contentUrl\":\"https:\/\/xenonkungen.com\/wp-content\/uploads\/2025\/04\/178097919-origpic-e90efd.jpg\",\"width\":900,\"height\":900},{\"@type\":\"BreadcrumbList\",\"@id\":\"https:\/\/xenonkungen.com\/produkt\/ledriving-dynamiska-spegelblinkers-audi-a3-8v-black-edition\/#breadcrumb\",\"itemListElement\":[{\"@type\":\"ListItem\",\"position\":1,\"name\":\"Hem\",\"item\":\"https:\/\/xenonkungen.com\/\"},{\"@type\":\"ListItem\",\"position\":2,\"name\":\"Shop\",\"item\":\"https:\/\/xenonkungen.com\/shop\/\"},{\"@type\":\"ListItem\",\"position\":3,\"name\":\"LEDriving\u00ae Dynamiska spegelblinkers &#8211; Audi A3 8V &#8211; Black Edition\"}]},{\"@type\":\"WebSite\",\"@id\":\"https:\/\/xenonkungen.com\/#website\",\"url\":\"https:\/\/xenonkungen.com\/\",\"name\":\"Xenonkungen\",\"description\":\"\",\"potentialAction\":[{\"@type\":\"SearchAction\",\"target\":{\"@type\":\"EntryPoint\",\"urlTemplate\":\"https:\/\/xenonkungen.com\/?s={search_term_string}\"},\"query-input\":{\"@type\":\"PropertyValueSpecification\",\"valueRequired\":true,\"valueName\":\"search_term_string\"}}],\"inLanguage\":\"en-GB\"}]}<\/script>\n<!-- \/ Yoast SEO plugin. -->","yoast_head_json":{"title":"LEDriving\u00ae Dynamic Mirror Indicators - Audi A3 8V - Black Edition - Xenonkungen","robots":{"index":"index","follow":"follow","max-snippet":"max-snippet:-1","max-image-preview":"max-image-preview:large","max-video-preview":"max-video-preview:-1"},"canonical":"https:\/\/xenonkungen.com\/en\/product\/ledriving-dynamic-mirror-indicators-audi-a3-8v-black-edition\/","og_locale":"en_GB","og_type":"article","og_title":"LEDriving\u00ae Dynamiska spegelblinkers - Audi A3 8V - Black Edition - Xenonkungen","og_description":"Dynamisk blinker till din bil fr\u00e5n v\u00e4rldsledaren Osram! Lyfter utseendet p\u00e5 er bil, samtidigt som den g\u00f6r ert fordon s\u00e4krare i trafiken!","og_url":"https:\/\/xenonkungen.com\/en\/product\/ledriving-dynamic-mirror-indicators-audi-a3-8v-black-edition\/","og_site_name":"Xenonkungen","article_modified_time":"2026-04-11T00:31:52+00:00","og_image":[{"width":900,"height":900,"url":"https:\/\/xenonkungen.com\/wp-content\/uploads\/2025\/04\/178097919-origpic-e90efd.jpg","type":"image\/jpeg"}],"twitter_card":"summary_large_image","twitter_misc":{"Estimated reading time":"2 minutes"},"schema":{"@context":"https:\/\/schema.org","@graph":[{"@type":"WebPage","@id":"https:\/\/xenonkungen.com\/produkt\/ledriving-dynamiska-spegelblinkers-audi-a3-8v-black-edition\/","url":"https:\/\/xenonkungen.com\/produkt\/ledriving-dynamiska-spegelblinkers-audi-a3-8v-black-edition\/","name":"LEDriving\u00ae Dynamic Mirror Indicators - Audi A3 8V - Black Edition - Xenonkungen","isPartOf":{"@id":"https:\/\/xenonkungen.com\/#website"},"primaryImageOfPage":{"@id":"https:\/\/xenonkungen.com\/produkt\/ledriving-dynamiska-spegelblinkers-audi-a3-8v-black-edition\/#primaryimage"},"image":{"@id":"https:\/\/xenonkungen.com\/produkt\/ledriving-dynamiska-spegelblinkers-audi-a3-8v-black-edition\/#primaryimage"},"thumbnailUrl":"https:\/\/xenonkungen.com\/wp-content\/uploads\/2025\/04\/178097919-origpic-e90efd.jpg","datePublished":"2025-04-15T10:03:59+00:00","dateModified":"2026-04-11T00:31:52+00:00","breadcrumb":{"@id":"https:\/\/xenonkungen.com\/produkt\/ledriving-dynamiska-spegelblinkers-audi-a3-8v-black-edition\/#breadcrumb"},"inLanguage":"en-GB","potentialAction":[{"@type":"ReadAction","target":["https:\/\/xenonkungen.com\/produkt\/ledriving-dynamiska-spegelblinkers-audi-a3-8v-black-edition\/"]}]},{"@type":"ImageObject","inLanguage":"en-GB","@id":"https:\/\/xenonkungen.com\/produkt\/ledriving-dynamiska-spegelblinkers-audi-a3-8v-black-edition\/#primaryimage","url":"https:\/\/xenonkungen.com\/wp-content\/uploads\/2025\/04\/178097919-origpic-e90efd.jpg","contentUrl":"https:\/\/xenonkungen.com\/wp-content\/uploads\/2025\/04\/178097919-origpic-e90efd.jpg","width":900,"height":900},{"@type":"BreadcrumbList","@id":"https:\/\/xenonkungen.com\/produkt\/ledriving-dynamiska-spegelblinkers-audi-a3-8v-black-edition\/#breadcrumb","itemListElement":[{"@type":"ListItem","position":1,"name":"Hem","item":"https:\/\/xenonkungen.com\/"},{"@type":"ListItem","position":2,"name":"Shop","item":"https:\/\/xenonkungen.com\/shop\/"},{"@type":"ListItem","position":3,"name":"LEDriving\u00ae Dynamiska spegelblinkers &#8211; Audi A3 8V &#8211; Black Edition"}]},{"@type":"WebSite","@id":"https:\/\/xenonkungen.com\/#website","url":"https:\/\/xenonkungen.com\/","name":"Xenonkungen","description":"","potentialAction":[{"@type":"SearchAction","target":{"@type":"EntryPoint","urlTemplate":"https:\/\/xenonkungen.com\/?s={search_term_string}"},"query-input":{"@type":"PropertyValueSpecification","valueRequired":true,"valueName":"search_term_string"}}],"inLanguage":"en-GB"}]}},"taxonomy_info":{"product_brand":[{"value":108,"label":"OSRAM"}],"product_cat":[{"value":2644,"label":"Dynamiska spegelblinkers"},{"value":338,"label":"Diodlampor"}],"pa_fuktskydd-varde-ipxx":[{"value":960,"label":"IP69"}],"pa_godkannande":[{"value":2033,"label":"ECE R7 , ECE R10"}],"pa_lampsockel-kontakt":[{"value":2032,"label":"Plug and Play (PnP)"}],"pa_volt-v":[{"value":159,"label":"12"}]},"featured_image_src_large":["https:\/\/xenonkungen.com\/wp-content\/uploads\/2025\/04\/178097919-origpic-e90efd.jpg",900,900,false],"author_info":[],"comment_info":0,"_links":{"self":[{"href":"https:\/\/xenonkungen.com\/en\/wp-json\/wp\/v2\/product\/8160","targetHints":{"allow":["GET"]}}],"collection":[{"href":"https:\/\/xenonkungen.com\/en\/wp-json\/wp\/v2\/product"}],"about":[{"href":"https:\/\/xenonkungen.com\/en\/wp-json\/wp\/v2\/types\/product"}],"replies":[{"embeddable":true,"href":"https:\/\/xenonkungen.com\/en\/wp-json\/wp\/v2\/comments?post=8160"}],"wp:featuredmedia":[{"embeddable":true,"href":"https:\/\/xenonkungen.com\/en\/wp-json\/wp\/v2\/media\/8161"}],"wp:attachment":[{"href":"https:\/\/xenonkungen.com\/en\/wp-json\/wp\/v2\/media?parent=8160"}],"wp:term":[{"taxonomy":"anvandningsomrade","embeddable":true,"href":"https:\/\/xenonkungen.com\/en\/wp-json\/wp\/v2\/anvandningsomrade?post=8160"},{"taxonomy":"bilmarken","embeddable":true,"href":"https:\/\/xenonkungen.com\/en\/wp-json\/wp\/v2\/bilmarken?post=8160"},{"taxonomy":"product_brand","embeddable":true,"href":"https:\/\/xenonkungen.com\/en\/wp-json\/wp\/v2\/product_brand?post=8160"},{"taxonomy":"product_cat","embeddable":true,"href":"https:\/\/xenonkungen.com\/en\/wp-json\/wp\/v2\/product_cat?post=8160"},{"taxonomy":"product_tag","embeddable":true,"href":"https:\/\/xenonkungen.com\/en\/wp-json\/wp\/v2\/product_tag?post=8160"}],"curies":[{"name":"wp","href":"https:\/\/api.w.org\/{rel}","templated":true}]}}