{"id":8456,"date":"2025-04-15T10:06:49","date_gmt":"2025-04-15T10:06:49","guid":{"rendered":"https:\/\/xenonkungen.com\/product\/backlampa-80cwme-vit\/"},"modified":"2026-04-11T00:54:47","modified_gmt":"2026-04-10T23:54:47","slug":"reversing-light-80cwme-white","status":"publish","type":"product","link":"https:\/\/xenonkungen.com\/en\/product\/reversing-light-80cwme-white\/","title":{"rendered":"Backlight 80CWME White"},"content":{"rendered":"<h1>Experience Elegance and Function with the 80CWME Backlight White<\/h1>\n<p>Our commitment to improving vehicle visibility while enhancing its aesthetic value has led us to develop the 80CWME White tail light. With an eye-catching chrome finish, this tail light adds a distinctive and elegant touch to your vehicle, while delivering exceptional lighting quality.<\/p>\n<h2>Impressive Features:<\/h2>\n<ul>\n<li><strong>Aesthetic Chrome finish:<\/strong> Turns your tail light into a real eye-catcher and complements the vehicle design.<\/li>\n<li><strong>Optimal Visibility:<\/strong> Powerful white LEDs ensure excellent visibility for a safer journey.<\/li>\n<li><strong>Easy installation:<\/strong> Surface mounting makes it easy to install and upgrade your rear lighting.<\/li>\n<li><strong>Long lifespan:<\/strong> LED technology ensures a long lifetime, minimising the need for replacement.<\/li>\n<\/ul>\n<p>Tail Light Tail Light 80CWME White is not just a light source, it's an upgrade that enhances both the safety and style of your vehicle. Whether you're on the road during the daylight hours or navigating in the dark, this tail light ensures you do so with maximum visibility and elegance.<\/p>\n<p>Give your vehicle the attention it deserves by choosing the reversing light tail light 80CWME White. It's an investment in both style and safety that will light up the road ahead.<\/p>","protected":false},"excerpt":{"rendered":"<p>Upplev Elegans och Funktion med Backljus Baklampa 80CWME Vit V\u00e5rt engagemang f\u00f6r att f\u00f6rb\u00e4ttra fordonets synlighet samtidigt som vi h\u00f6jer dess estetiska v\u00e4rde har lett oss till att utveckla backljus baklampa 80CWME Vit. Med en i\u00f6gonfallande kromfinish, ger denna baklampa en distinkt och elegant touch till ditt fordon, samtidigt som den levererar exceptionell belysningskvalitet. Imponerande [&hellip;]<\/p>","protected":false},"featured_media":8457,"comment_status":"closed","ping_status":"open","template":"","meta":{"_acf_changed":false,"_smort_price_nok":"748","_smort_price_dkk":"475","_smort_price_eur":"63.63","_smort_sale_price_nok":"","_smort_sale_price_dkk":"","_smort_sale_price_eur":"","smort_restorder":"","shipmondo_restorder":"","_kad_blocks_custom_css":"","_kad_blocks_head_custom_js":"","_kad_blocks_body_custom_js":"","_kad_blocks_footer_custom_js":"","smort_custom_pricelist_1":"392","smort_custom_pricelist_2":"392","smort_custom_pricelist_3":"372.4","smort_custom_pricelist_4":"560","smort_custom_pricelist_5":"392"},"anvandningsomrade":[166,238,2816],"bilmarken":[],"product_brand":[1252],"product_cat":[2585],"product_tag":[],"class_list":{"0":"post-8456","1":"product","2":"type-product","3":"status-publish","4":"has-post-thumbnail","6":"anvandningsomrade-lastbil","7":"anvandningsomrade-slap","8":"anvandningsomrade-trailer","9":"product_brand-lea","10":"product_cat-backljus","11":"pa_fuktskydd-varde-ipxx-ip67","12":"pa_godkannande-ece-emc","13":"pa_storlek-mm-100x100x28","14":"pa_stromforbrukning-021a-28v","15":"pa_stromforbrukning-029a-138v","16":"pa_volt-v-12-24","18":"first","19":"onbackorder","20":"taxable","21":"shipping-taxable","22":"purchasable","23":"product-type-simple"},"bundled_by":[],"bundle_stock_status":"onbackorder","bundle_stock_quantity":0,"bundle_virtual":false,"bundle_layout":"","bundle_add_to_cart_form_location":"","bundle_editable_in_cart":false,"bundle_sold_individually_context":"","bundle_item_grouping":"","bundle_min_size":"","bundle_max_size":"","bundle_price":[],"bundled_items":[],"bundle_sell_ids":[],"acf":[],"yoast_head":"<!-- This site is optimized with the Yoast SEO plugin v27.0 - https:\/\/yoast.com\/product\/yoast-seo-wordpress\/ -->\n<title>Backlampa 80CWME Vit - Xenonkungen<\/title>\n<meta name=\"robots\" content=\"index, follow, max-snippet:-1, max-image-preview:large, max-video-preview:-1\" \/>\n<link rel=\"canonical\" href=\"https:\/\/xenonkungen.com\/en\/product\/reversing-light-80cwme-white\/\" \/>\n<meta property=\"og:locale\" content=\"en_GB\" \/>\n<meta property=\"og:type\" content=\"article\" \/>\n<meta property=\"og:title\" content=\"Backlampa 80CWME Vit - Xenonkungen\" \/>\n<meta property=\"og:description\" content=\"Upplev Elegans och Funktion med Backljus Baklampa 80CWME Vit V\u00e5rt engagemang f\u00f6r att f\u00f6rb\u00e4ttra fordonets synlighet samtidigt som vi h\u00f6jer dess estetiska v\u00e4rde har lett oss till att utveckla backljus baklampa 80CWME Vit. Med en i\u00f6gonfallande kromfinish, ger denna baklampa en distinkt och elegant touch till ditt fordon, samtidigt som den levererar exceptionell belysningskvalitet. Imponerande [&hellip;]\" \/>\n<meta property=\"og:url\" content=\"https:\/\/xenonkungen.com\/en\/product\/reversing-light-80cwme-white\/\" \/>\n<meta property=\"og:site_name\" content=\"Xenonkungen\" \/>\n<meta property=\"article:modified_time\" content=\"2026-04-10T23:54:47+00:00\" \/>\n<meta property=\"og:image\" content=\"https:\/\/xenonkungen.com\/wp-content\/uploads\/2025\/04\/80CWM-800x800-1.jpg\" \/>\n\t<meta property=\"og:image:width\" content=\"800\" \/>\n\t<meta property=\"og:image:height\" content=\"800\" \/>\n\t<meta property=\"og:image:type\" content=\"image\/jpeg\" \/>\n<meta name=\"twitter:card\" content=\"summary_large_image\" \/>\n<meta name=\"twitter:label1\" content=\"Estimated reading time\" \/>\n\t<meta name=\"twitter:data1\" content=\"1 minute\" \/>\n<script type=\"application\/ld+json\" class=\"yoast-schema-graph\">{\"@context\":\"https:\/\/schema.org\",\"@graph\":[{\"@type\":\"WebPage\",\"@id\":\"https:\/\/xenonkungen.com\/produkt\/backlampa-80cwme-vit\/\",\"url\":\"https:\/\/xenonkungen.com\/produkt\/backlampa-80cwme-vit\/\",\"name\":\"Backlampa 80CWME Vit - Xenonkungen\",\"isPartOf\":{\"@id\":\"https:\/\/xenonkungen.com\/#website\"},\"primaryImageOfPage\":{\"@id\":\"https:\/\/xenonkungen.com\/produkt\/backlampa-80cwme-vit\/#primaryimage\"},\"image\":{\"@id\":\"https:\/\/xenonkungen.com\/produkt\/backlampa-80cwme-vit\/#primaryimage\"},\"thumbnailUrl\":\"https:\/\/xenonkungen.com\/wp-content\/uploads\/2025\/04\/80CWM-800x800-1.jpg\",\"datePublished\":\"2025-04-15T10:06:49+00:00\",\"dateModified\":\"2026-04-10T23:54:47+00:00\",\"breadcrumb\":{\"@id\":\"https:\/\/xenonkungen.com\/produkt\/backlampa-80cwme-vit\/#breadcrumb\"},\"inLanguage\":\"en-GB\",\"potentialAction\":[{\"@type\":\"ReadAction\",\"target\":[\"https:\/\/xenonkungen.com\/produkt\/backlampa-80cwme-vit\/\"]}]},{\"@type\":\"ImageObject\",\"inLanguage\":\"en-GB\",\"@id\":\"https:\/\/xenonkungen.com\/produkt\/backlampa-80cwme-vit\/#primaryimage\",\"url\":\"https:\/\/xenonkungen.com\/wp-content\/uploads\/2025\/04\/80CWM-800x800-1.jpg\",\"contentUrl\":\"https:\/\/xenonkungen.com\/wp-content\/uploads\/2025\/04\/80CWM-800x800-1.jpg\",\"width\":800,\"height\":800},{\"@type\":\"BreadcrumbList\",\"@id\":\"https:\/\/xenonkungen.com\/produkt\/backlampa-80cwme-vit\/#breadcrumb\",\"itemListElement\":[{\"@type\":\"ListItem\",\"position\":1,\"name\":\"Hem\",\"item\":\"https:\/\/xenonkungen.com\/\"},{\"@type\":\"ListItem\",\"position\":2,\"name\":\"Shop\",\"item\":\"https:\/\/xenonkungen.com\/shop\/\"},{\"@type\":\"ListItem\",\"position\":3,\"name\":\"Backlampa 80CWME Vit\"}]},{\"@type\":\"WebSite\",\"@id\":\"https:\/\/xenonkungen.com\/#website\",\"url\":\"https:\/\/xenonkungen.com\/\",\"name\":\"Xenonkungen\",\"description\":\"\",\"potentialAction\":[{\"@type\":\"SearchAction\",\"target\":{\"@type\":\"EntryPoint\",\"urlTemplate\":\"https:\/\/xenonkungen.com\/?s={search_term_string}\"},\"query-input\":{\"@type\":\"PropertyValueSpecification\",\"valueRequired\":true,\"valueName\":\"search_term_string\"}}],\"inLanguage\":\"en-GB\"}]}<\/script>\n<!-- \/ Yoast SEO plugin. -->","yoast_head_json":{"title":"Backlight 80CWME White - The Xenon king","robots":{"index":"index","follow":"follow","max-snippet":"max-snippet:-1","max-image-preview":"max-image-preview:large","max-video-preview":"max-video-preview:-1"},"canonical":"https:\/\/xenonkungen.com\/en\/product\/reversing-light-80cwme-white\/","og_locale":"en_GB","og_type":"article","og_title":"Backlampa 80CWME Vit - Xenonkungen","og_description":"Upplev Elegans och Funktion med Backljus Baklampa 80CWME Vit V\u00e5rt engagemang f\u00f6r att f\u00f6rb\u00e4ttra fordonets synlighet samtidigt som vi h\u00f6jer dess estetiska v\u00e4rde har lett oss till att utveckla backljus baklampa 80CWME Vit. Med en i\u00f6gonfallande kromfinish, ger denna baklampa en distinkt och elegant touch till ditt fordon, samtidigt som den levererar exceptionell belysningskvalitet. Imponerande [&hellip;]","og_url":"https:\/\/xenonkungen.com\/en\/product\/reversing-light-80cwme-white\/","og_site_name":"Xenonkungen","article_modified_time":"2026-04-10T23:54:47+00:00","og_image":[{"width":800,"height":800,"url":"https:\/\/xenonkungen.com\/wp-content\/uploads\/2025\/04\/80CWM-800x800-1.jpg","type":"image\/jpeg"}],"twitter_card":"summary_large_image","twitter_misc":{"Estimated reading time":"1 minute"},"schema":{"@context":"https:\/\/schema.org","@graph":[{"@type":"WebPage","@id":"https:\/\/xenonkungen.com\/produkt\/backlampa-80cwme-vit\/","url":"https:\/\/xenonkungen.com\/produkt\/backlampa-80cwme-vit\/","name":"Backlight 80CWME White - The Xenon king","isPartOf":{"@id":"https:\/\/xenonkungen.com\/#website"},"primaryImageOfPage":{"@id":"https:\/\/xenonkungen.com\/produkt\/backlampa-80cwme-vit\/#primaryimage"},"image":{"@id":"https:\/\/xenonkungen.com\/produkt\/backlampa-80cwme-vit\/#primaryimage"},"thumbnailUrl":"https:\/\/xenonkungen.com\/wp-content\/uploads\/2025\/04\/80CWM-800x800-1.jpg","datePublished":"2025-04-15T10:06:49+00:00","dateModified":"2026-04-10T23:54:47+00:00","breadcrumb":{"@id":"https:\/\/xenonkungen.com\/produkt\/backlampa-80cwme-vit\/#breadcrumb"},"inLanguage":"en-GB","potentialAction":[{"@type":"ReadAction","target":["https:\/\/xenonkungen.com\/produkt\/backlampa-80cwme-vit\/"]}]},{"@type":"ImageObject","inLanguage":"en-GB","@id":"https:\/\/xenonkungen.com\/produkt\/backlampa-80cwme-vit\/#primaryimage","url":"https:\/\/xenonkungen.com\/wp-content\/uploads\/2025\/04\/80CWM-800x800-1.jpg","contentUrl":"https:\/\/xenonkungen.com\/wp-content\/uploads\/2025\/04\/80CWM-800x800-1.jpg","width":800,"height":800},{"@type":"BreadcrumbList","@id":"https:\/\/xenonkungen.com\/produkt\/backlampa-80cwme-vit\/#breadcrumb","itemListElement":[{"@type":"ListItem","position":1,"name":"Hem","item":"https:\/\/xenonkungen.com\/"},{"@type":"ListItem","position":2,"name":"Shop","item":"https:\/\/xenonkungen.com\/shop\/"},{"@type":"ListItem","position":3,"name":"Backlampa 80CWME Vit"}]},{"@type":"WebSite","@id":"https:\/\/xenonkungen.com\/#website","url":"https:\/\/xenonkungen.com\/","name":"Xenonkungen","description":"","potentialAction":[{"@type":"SearchAction","target":{"@type":"EntryPoint","urlTemplate":"https:\/\/xenonkungen.com\/?s={search_term_string}"},"query-input":{"@type":"PropertyValueSpecification","valueRequired":true,"valueName":"search_term_string"}}],"inLanguage":"en-GB"}]}},"taxonomy_info":{"anvandningsomrade":[{"value":166,"label":"Lastbil"},{"value":238,"label":"SL\u00c4P"},{"value":2816,"label":"TRAILER"}],"product_brand":[{"value":1252,"label":"LEA"}],"product_cat":[{"value":2585,"label":"Backljus"}],"pa_fuktskydd-varde-ipxx":[{"value":333,"label":"IP67"}],"pa_godkannande":[{"value":1262,"label":"ECE, EMC"}],"pa_storlek-mm":[{"value":2070,"label":"100x100x28"}],"pa_stromforbrukning":[{"value":2073,"label":"0,21A @28V"},{"value":2074,"label":"0,29A @13,8V"}],"pa_volt-v":[{"value":348,"label":"12, 24"}]},"featured_image_src_large":["https:\/\/xenonkungen.com\/wp-content\/uploads\/2025\/04\/80CWM-800x800-1.jpg",800,800,false],"author_info":[],"comment_info":0,"_links":{"self":[{"href":"https:\/\/xenonkungen.com\/en\/wp-json\/wp\/v2\/product\/8456","targetHints":{"allow":["GET"]}}],"collection":[{"href":"https:\/\/xenonkungen.com\/en\/wp-json\/wp\/v2\/product"}],"about":[{"href":"https:\/\/xenonkungen.com\/en\/wp-json\/wp\/v2\/types\/product"}],"replies":[{"embeddable":true,"href":"https:\/\/xenonkungen.com\/en\/wp-json\/wp\/v2\/comments?post=8456"}],"wp:featuredmedia":[{"embeddable":true,"href":"https:\/\/xenonkungen.com\/en\/wp-json\/wp\/v2\/media\/8457"}],"wp:attachment":[{"href":"https:\/\/xenonkungen.com\/en\/wp-json\/wp\/v2\/media?parent=8456"}],"wp:term":[{"taxonomy":"anvandningsomrade","embeddable":true,"href":"https:\/\/xenonkungen.com\/en\/wp-json\/wp\/v2\/anvandningsomrade?post=8456"},{"taxonomy":"bilmarken","embeddable":true,"href":"https:\/\/xenonkungen.com\/en\/wp-json\/wp\/v2\/bilmarken?post=8456"},{"taxonomy":"product_brand","embeddable":true,"href":"https:\/\/xenonkungen.com\/en\/wp-json\/wp\/v2\/product_brand?post=8456"},{"taxonomy":"product_cat","embeddable":true,"href":"https:\/\/xenonkungen.com\/en\/wp-json\/wp\/v2\/product_cat?post=8456"},{"taxonomy":"product_tag","embeddable":true,"href":"https:\/\/xenonkungen.com\/en\/wp-json\/wp\/v2\/product_tag?post=8456"}],"curies":[{"name":"wp","href":"https:\/\/api.w.org\/{rel}","templated":true}]}}