{"id":8484,"date":"2025-04-15T10:07:05","date_gmt":"2025-04-15T10:07:05","guid":{"rendered":"https:\/\/xenonkungen.com\/product\/baklampa-broms-81rm-12-24v-81x81mm\/"},"modified":"2026-02-06T16:44:18","modified_gmt":"2026-02-06T15:44:18","slug":"rear-brake-light-81rm-12-24v-81x81mm","status":"publish","type":"product","link":"https:\/\/xenonkungen.com\/en\/product\/rear-brake-light-81rm-12-24v-81x81mm\/","title":{"rendered":"Taillight Brake 81RM - 12\/24V (81x81mm)"},"content":{"rendered":"<h1>Safety and Quality: Rear light Brake 81RM<\/h1>\n<p>In an era where vehicle lighting standards are constantly being raised, we proudly present the 81RM Brake Tail Light. This product is designed to meet and exceed expectations for reliability, durability and energy efficiency.<\/p>\n<h2>Why Rear Brake Light 81RM?<\/h2>\n<ul>\n<li><strong>Reliability:<\/strong> Ensures constant brightness and performance, even in extreme conditions.<\/li>\n<li><strong>Sustainability:<\/strong> Built with high-quality materials that withstand harsh weather conditions and vibrations.<\/li>\n<li><strong>Energy efficiency:<\/strong> Optimised to reduce energy consumption without compromising on brightness.<\/li>\n<\/ul>\n<h2>Core characteristics<\/h2>\n<p>The Brake 81RM tail light highlights the latest innovations in LED technology, offering a brilliant lighting solution while conserving energy. In addition, the installation of this lamp is simple and straightforward, allowing anyone to upgrade their vehicle with the latest in safe and efficient lighting.<\/p>\n<p>Choosing the 81RM Brake Tail Light is an investment in the long-term safety and performance of your vehicle. Upgrade today and benefit from a lighting solution that is in harmony with the demands of today and tomorrow.<\/p>","protected":false},"excerpt":{"rendered":"<p>Rear brake light 81RM with 12\/24 volt LED. Here you get a compact and shock-resistant lamp housing that is leak-proof.<\/p>","protected":false},"featured_media":8485,"comment_status":"closed","ping_status":"open","template":"","meta":{"_acf_changed":false,"_smort_price_nok":"235","_smort_price_dkk":"149","_smort_price_eur":"20","_smort_sale_price_nok":"","_smort_sale_price_dkk":"","_smort_sale_price_eur":"","smort_restorder":"","shipmondo_restorder":"","_kad_blocks_custom_css":"","_kad_blocks_head_custom_js":"","_kad_blocks_body_custom_js":"","_kad_blocks_footer_custom_js":"","smort_custom_pricelist_1":"123.2","smort_custom_pricelist_2":"123.2","smort_custom_pricelist_3":"117.04","smort_custom_pricelist_4":"176","smort_custom_pricelist_5":"123.2"},"anvandningsomrade":[166,238,2816],"bilmarken":[],"product_brand":[1252],"product_cat":[2552],"product_tag":[],"class_list":{"0":"post-8484","1":"product","2":"type-product","3":"status-publish","4":"has-post-thumbnail","6":"anvandningsomrade-lastbil","7":"anvandningsomrade-slap","8":"anvandningsomrade-trailer","9":"product_brand-lea","10":"product_cat-bakljus-slap","11":"pa_fuktskydd-varde-ipxx-ip67","12":"pa_godkannande-ece-r10-r7","13":"pa_storlek-mm-81x81x20","14":"pa_stromforbrukning-012a-28v","15":"pa_stromforbrukning-022a-138v","16":"pa_volt-v-12-24","18":"first","19":"onbackorder","20":"taxable","21":"shipping-taxable","22":"purchasable","23":"product-type-simple"},"bundled_by":[],"bundle_stock_status":"onbackorder","bundle_stock_quantity":0,"bundle_virtual":false,"bundle_layout":"","bundle_add_to_cart_form_location":"","bundle_editable_in_cart":false,"bundle_sold_individually_context":"","bundle_item_grouping":"","bundle_min_size":"","bundle_max_size":"","bundle_price":[],"bundled_items":[],"bundle_sell_ids":[],"acf":[],"yoast_head":"<!-- This site is optimized with the Yoast SEO plugin v27.0 - https:\/\/yoast.com\/product\/yoast-seo-wordpress\/ -->\n<title>Baklampa Broms 81RM - 12\/24V (81x81mm) - Xenonkungen<\/title>\n<meta name=\"robots\" content=\"index, follow, max-snippet:-1, max-image-preview:large, max-video-preview:-1\" \/>\n<link rel=\"canonical\" href=\"https:\/\/xenonkungen.com\/en\/product\/rear-brake-light-81rm-12-24v-81x81mm\/\" \/>\n<meta property=\"og:locale\" content=\"en_GB\" \/>\n<meta property=\"og:type\" content=\"article\" \/>\n<meta property=\"og:title\" content=\"Baklampa Broms 81RM - 12\/24V (81x81mm) - Xenonkungen\" \/>\n<meta property=\"og:description\" content=\"Baklampa Broms 81RM med 12\/24 volt i LED. H\u00e4r f\u00e5r du ett kompakt och st\u00f6tt\u00e5ligt lamphus som \u00e4r l\u00e4ckagef\u00f6rseglad.\" \/>\n<meta property=\"og:url\" content=\"https:\/\/xenonkungen.com\/en\/product\/rear-brake-light-81rm-12-24v-81x81mm\/\" \/>\n<meta property=\"og:site_name\" content=\"Xenonkungen\" \/>\n<meta property=\"article:modified_time\" content=\"2026-02-06T15:44:18+00:00\" \/>\n<meta property=\"og:image\" content=\"https:\/\/xenonkungen.com\/wp-content\/uploads\/2025\/04\/81RM-800x800-1-1.jpg\" \/>\n\t<meta property=\"og:image:width\" content=\"800\" \/>\n\t<meta property=\"og:image:height\" content=\"800\" \/>\n\t<meta property=\"og:image:type\" content=\"image\/jpeg\" \/>\n<meta name=\"twitter:card\" content=\"summary_large_image\" \/>\n<meta name=\"twitter:label1\" content=\"Estimated reading time\" \/>\n\t<meta name=\"twitter:data1\" content=\"1 minute\" \/>\n<script type=\"application\/ld+json\" class=\"yoast-schema-graph\">{\"@context\":\"https:\/\/schema.org\",\"@graph\":[{\"@type\":\"WebPage\",\"@id\":\"https:\/\/xenonkungen.com\/produkt\/baklampa-broms-81rm-12-24v-81x81mm\/\",\"url\":\"https:\/\/xenonkungen.com\/produkt\/baklampa-broms-81rm-12-24v-81x81mm\/\",\"name\":\"Baklampa Broms 81RM - 12\/24V (81x81mm) - Xenonkungen\",\"isPartOf\":{\"@id\":\"https:\/\/xenonkungen.com\/#website\"},\"primaryImageOfPage\":{\"@id\":\"https:\/\/xenonkungen.com\/produkt\/baklampa-broms-81rm-12-24v-81x81mm\/#primaryimage\"},\"image\":{\"@id\":\"https:\/\/xenonkungen.com\/produkt\/baklampa-broms-81rm-12-24v-81x81mm\/#primaryimage\"},\"thumbnailUrl\":\"https:\/\/xenonkungen.com\/wp-content\/uploads\/2025\/04\/81RM-800x800-1-1.jpg\",\"datePublished\":\"2025-04-15T10:07:05+00:00\",\"dateModified\":\"2026-02-06T15:44:18+00:00\",\"breadcrumb\":{\"@id\":\"https:\/\/xenonkungen.com\/produkt\/baklampa-broms-81rm-12-24v-81x81mm\/#breadcrumb\"},\"inLanguage\":\"en-GB\",\"potentialAction\":[{\"@type\":\"ReadAction\",\"target\":[\"https:\/\/xenonkungen.com\/produkt\/baklampa-broms-81rm-12-24v-81x81mm\/\"]}]},{\"@type\":\"ImageObject\",\"inLanguage\":\"en-GB\",\"@id\":\"https:\/\/xenonkungen.com\/produkt\/baklampa-broms-81rm-12-24v-81x81mm\/#primaryimage\",\"url\":\"https:\/\/xenonkungen.com\/wp-content\/uploads\/2025\/04\/81RM-800x800-1-1.jpg\",\"contentUrl\":\"https:\/\/xenonkungen.com\/wp-content\/uploads\/2025\/04\/81RM-800x800-1-1.jpg\",\"width\":800,\"height\":800},{\"@type\":\"BreadcrumbList\",\"@id\":\"https:\/\/xenonkungen.com\/produkt\/baklampa-broms-81rm-12-24v-81x81mm\/#breadcrumb\",\"itemListElement\":[{\"@type\":\"ListItem\",\"position\":1,\"name\":\"Hem\",\"item\":\"https:\/\/xenonkungen.com\/\"},{\"@type\":\"ListItem\",\"position\":2,\"name\":\"Shop\",\"item\":\"https:\/\/xenonkungen.com\/shop\/\"},{\"@type\":\"ListItem\",\"position\":3,\"name\":\"Baklampa Broms 81RM &#8211; 12\/24V (81x81mm)\"}]},{\"@type\":\"WebSite\",\"@id\":\"https:\/\/xenonkungen.com\/#website\",\"url\":\"https:\/\/xenonkungen.com\/\",\"name\":\"Xenonkungen\",\"description\":\"\",\"potentialAction\":[{\"@type\":\"SearchAction\",\"target\":{\"@type\":\"EntryPoint\",\"urlTemplate\":\"https:\/\/xenonkungen.com\/?s={search_term_string}\"},\"query-input\":{\"@type\":\"PropertyValueSpecification\",\"valueRequired\":true,\"valueName\":\"search_term_string\"}}],\"inLanguage\":\"en-GB\"}]}<\/script>\n<!-- \/ Yoast SEO plugin. -->","yoast_head_json":{"title":"Taillight Brake 81RM - 12\/24V (81x81mm) - Xenonkungen","robots":{"index":"index","follow":"follow","max-snippet":"max-snippet:-1","max-image-preview":"max-image-preview:large","max-video-preview":"max-video-preview:-1"},"canonical":"https:\/\/xenonkungen.com\/en\/product\/rear-brake-light-81rm-12-24v-81x81mm\/","og_locale":"en_GB","og_type":"article","og_title":"Baklampa Broms 81RM - 12\/24V (81x81mm) - Xenonkungen","og_description":"Baklampa Broms 81RM med 12\/24 volt i LED. H\u00e4r f\u00e5r du ett kompakt och st\u00f6tt\u00e5ligt lamphus som \u00e4r l\u00e4ckagef\u00f6rseglad.","og_url":"https:\/\/xenonkungen.com\/en\/product\/rear-brake-light-81rm-12-24v-81x81mm\/","og_site_name":"Xenonkungen","article_modified_time":"2026-02-06T15:44:18+00:00","og_image":[{"width":800,"height":800,"url":"https:\/\/xenonkungen.com\/wp-content\/uploads\/2025\/04\/81RM-800x800-1-1.jpg","type":"image\/jpeg"}],"twitter_card":"summary_large_image","twitter_misc":{"Estimated reading time":"1 minute"},"schema":{"@context":"https:\/\/schema.org","@graph":[{"@type":"WebPage","@id":"https:\/\/xenonkungen.com\/produkt\/baklampa-broms-81rm-12-24v-81x81mm\/","url":"https:\/\/xenonkungen.com\/produkt\/baklampa-broms-81rm-12-24v-81x81mm\/","name":"Taillight Brake 81RM - 12\/24V (81x81mm) - Xenonkungen","isPartOf":{"@id":"https:\/\/xenonkungen.com\/#website"},"primaryImageOfPage":{"@id":"https:\/\/xenonkungen.com\/produkt\/baklampa-broms-81rm-12-24v-81x81mm\/#primaryimage"},"image":{"@id":"https:\/\/xenonkungen.com\/produkt\/baklampa-broms-81rm-12-24v-81x81mm\/#primaryimage"},"thumbnailUrl":"https:\/\/xenonkungen.com\/wp-content\/uploads\/2025\/04\/81RM-800x800-1-1.jpg","datePublished":"2025-04-15T10:07:05+00:00","dateModified":"2026-02-06T15:44:18+00:00","breadcrumb":{"@id":"https:\/\/xenonkungen.com\/produkt\/baklampa-broms-81rm-12-24v-81x81mm\/#breadcrumb"},"inLanguage":"en-GB","potentialAction":[{"@type":"ReadAction","target":["https:\/\/xenonkungen.com\/produkt\/baklampa-broms-81rm-12-24v-81x81mm\/"]}]},{"@type":"ImageObject","inLanguage":"en-GB","@id":"https:\/\/xenonkungen.com\/produkt\/baklampa-broms-81rm-12-24v-81x81mm\/#primaryimage","url":"https:\/\/xenonkungen.com\/wp-content\/uploads\/2025\/04\/81RM-800x800-1-1.jpg","contentUrl":"https:\/\/xenonkungen.com\/wp-content\/uploads\/2025\/04\/81RM-800x800-1-1.jpg","width":800,"height":800},{"@type":"BreadcrumbList","@id":"https:\/\/xenonkungen.com\/produkt\/baklampa-broms-81rm-12-24v-81x81mm\/#breadcrumb","itemListElement":[{"@type":"ListItem","position":1,"name":"Hem","item":"https:\/\/xenonkungen.com\/"},{"@type":"ListItem","position":2,"name":"Shop","item":"https:\/\/xenonkungen.com\/shop\/"},{"@type":"ListItem","position":3,"name":"Baklampa Broms 81RM &#8211; 12\/24V (81x81mm)"}]},{"@type":"WebSite","@id":"https:\/\/xenonkungen.com\/#website","url":"https:\/\/xenonkungen.com\/","name":"Xenonkungen","description":"","potentialAction":[{"@type":"SearchAction","target":{"@type":"EntryPoint","urlTemplate":"https:\/\/xenonkungen.com\/?s={search_term_string}"},"query-input":{"@type":"PropertyValueSpecification","valueRequired":true,"valueName":"search_term_string"}}],"inLanguage":"en-GB"}]}},"taxonomy_info":{"anvandningsomrade":[{"value":166,"label":"Lastbil"},{"value":238,"label":"SL\u00c4P"},{"value":2816,"label":"TRAILER"}],"product_brand":[{"value":1252,"label":"LEA"}],"product_cat":[{"value":2552,"label":"Bakljus"}],"pa_fuktskydd-varde-ipxx":[{"value":333,"label":"IP67"}],"pa_godkannande":[{"value":2082,"label":"ECE, R10, R7"}],"pa_storlek-mm":[{"value":2075,"label":"81x81x20"}],"pa_stromforbrukning":[{"value":2083,"label":"0,12A @28V"},{"value":1837,"label":"0,22A @13,8V"}],"pa_volt-v":[{"value":348,"label":"12, 24"}]},"featured_image_src_large":["https:\/\/xenonkungen.com\/wp-content\/uploads\/2025\/04\/81RM-800x800-1-1.jpg",800,800,false],"author_info":[],"comment_info":1,"_links":{"self":[{"href":"https:\/\/xenonkungen.com\/en\/wp-json\/wp\/v2\/product\/8484","targetHints":{"allow":["GET"]}}],"collection":[{"href":"https:\/\/xenonkungen.com\/en\/wp-json\/wp\/v2\/product"}],"about":[{"href":"https:\/\/xenonkungen.com\/en\/wp-json\/wp\/v2\/types\/product"}],"replies":[{"embeddable":true,"href":"https:\/\/xenonkungen.com\/en\/wp-json\/wp\/v2\/comments?post=8484"}],"wp:featuredmedia":[{"embeddable":true,"href":"https:\/\/xenonkungen.com\/en\/wp-json\/wp\/v2\/media\/8485"}],"wp:attachment":[{"href":"https:\/\/xenonkungen.com\/en\/wp-json\/wp\/v2\/media?parent=8484"}],"wp:term":[{"taxonomy":"anvandningsomrade","embeddable":true,"href":"https:\/\/xenonkungen.com\/en\/wp-json\/wp\/v2\/anvandningsomrade?post=8484"},{"taxonomy":"bilmarken","embeddable":true,"href":"https:\/\/xenonkungen.com\/en\/wp-json\/wp\/v2\/bilmarken?post=8484"},{"taxonomy":"product_brand","embeddable":true,"href":"https:\/\/xenonkungen.com\/en\/wp-json\/wp\/v2\/product_brand?post=8484"},{"taxonomy":"product_cat","embeddable":true,"href":"https:\/\/xenonkungen.com\/en\/wp-json\/wp\/v2\/product_cat?post=8484"},{"taxonomy":"product_tag","embeddable":true,"href":"https:\/\/xenonkungen.com\/en\/wp-json\/wp\/v2\/product_tag?post=8484"}],"curies":[{"name":"wp","href":"https:\/\/api.w.org\/{rel}","templated":true}]}}