{"id":8559,"date":"2025-04-15T10:07:43","date_gmt":"2025-04-15T10:07:43","guid":{"rendered":"https:\/\/xenonkungen.com\/product\/kompakt-kombinationslampa-100x100-12v-2-pack\/"},"modified":"2026-04-11T00:56:12","modified_gmt":"2026-04-10T23:56:12","slug":"compact-combination-lamp-100x100-12v-2-pack","status":"publish","type":"product","link":"https:\/\/xenonkungen.com\/en\/product\/compact-combination-lamp-100x100-12v-2-pack\/","title":{"rendered":"Compact Combination Lamp 100\u00d7100 | 12V (2-Pack)"},"content":{"rendered":"<h1>Compact Rear Marker Light with Stop, Tail and Turn Signal Markers and Reflex \u2013 Perfect for Small Spaces<\/h1>\n<p>When it comes to improving the lighting and safety of your vehicle, our compact rear marker light from LED Autolamps is the ideal choice. This light is equipped with a variety of features that make it versatile and practical, while maintaining a slim profile with only 22mm of extension.<\/p>\n<h2>Package contents:<\/h2>\n<p>2 pieces Compact Combination Lamps 100\u00d7100 | 12V<\/p>\n<h2>5 Years Warranty:<\/h2>\n<p>To ensure the quality of our products, we offer an impressive 5-year warranty. This gives you extra confidence when you choose our compact rear marker light.<\/p>\n<p>This lamp is ideal for vehicle owners who need a reliable, compact and high-quality solution for lighting and safety. Give your vehicle the protection and visibility it deserves with our compact rear marker lights from LED Autolamps.<\/p>","protected":false},"excerpt":{"rendered":"<p>Complete rear marker light with Stop, Rear and Turn signal markings and integrated reflector. Extends only 22mm.<\/p>\n<p>Volt: 12V<br \/>\nMoisture protection: IP67<br \/>\nApproval: ECE<br \/>\nSize: 100mm x 100mm x 22mm<br \/>\nWarranty: 5 years<\/p>\n<p>Package contents:<br \/>\n2 pcs Compact Combination Lamp 100\u00d7100 | 12V<\/p>","protected":false},"featured_media":8560,"comment_status":"closed","ping_status":"open","template":"","meta":{"_acf_changed":false,"_smort_price_nok":"449","_smort_price_dkk":"285","_smort_price_eur":"38.18","_smort_sale_price_nok":"","_smort_sale_price_dkk":"","_smort_sale_price_eur":"","smort_restorder":"","shipmondo_restorder":"","_kad_blocks_custom_css":"","_kad_blocks_head_custom_js":"","_kad_blocks_body_custom_js":"","_kad_blocks_footer_custom_js":"","smort_custom_pricelist_1":"235.2","smort_custom_pricelist_2":"235.2","smort_custom_pricelist_3":"223.44","smort_custom_pricelist_4":"336","smort_custom_pricelist_5":"235.2"},"anvandningsomrade":[166,238,2816],"bilmarken":[],"product_brand":[1252],"product_cat":[2552],"product_tag":[],"class_list":{"0":"post-8559","1":"product","2":"type-product","3":"status-publish","4":"has-post-thumbnail","6":"anvandningsomrade-lastbil","7":"anvandningsomrade-slap","8":"anvandningsomrade-trailer","9":"product_brand-lea","10":"product_cat-bakljus-slap","11":"pa_fuktskydd-varde-ipxx-ip67","12":"pa_godkannande-ece-emc","13":"pa_storlek-mm-100x100x22","14":"pa_volt-v-159","16":"first","17":"onbackorder","18":"taxable","19":"shipping-taxable","20":"purchasable","21":"product-type-simple"},"bundled_by":[],"bundle_stock_status":"onbackorder","bundle_stock_quantity":0,"bundle_virtual":false,"bundle_layout":"","bundle_add_to_cart_form_location":"","bundle_editable_in_cart":false,"bundle_sold_individually_context":"","bundle_item_grouping":"","bundle_min_size":"","bundle_max_size":"","bundle_price":[],"bundled_items":[],"bundle_sell_ids":[],"acf":[],"yoast_head":"<!-- This site is optimized with the Yoast SEO plugin v27.0 - https:\/\/yoast.com\/product\/yoast-seo-wordpress\/ -->\n<title>Kompakt Kombinationslampa 100x100 | 12V (2-Pack) - Xenonkungen<\/title>\n<meta name=\"robots\" content=\"index, follow, max-snippet:-1, max-image-preview:large, max-video-preview:-1\" \/>\n<link rel=\"canonical\" href=\"https:\/\/xenonkungen.com\/en\/product\/compact-combination-lamp-100x100-12v-2-pack\/\" \/>\n<meta property=\"og:locale\" content=\"en_GB\" \/>\n<meta property=\"og:type\" content=\"article\" \/>\n<meta property=\"og:title\" content=\"Kompakt Kombinationslampa 100x100 | 12V (2-Pack) - Xenonkungen\" \/>\n<meta property=\"og:description\" content=\"Komplett bak-markeringslykta med Stopp-, Bak- och Blinkersmarkering samt integrerad Reflex. Bygger endast ut 22mm. Volt: 12V Fuktskydd: IP67 Godk\u00e4nnande: ECE Storlek: 100mm x 100mm x 22mm Garanti: 5 \u00e5r Paketinneh\u00e5ll: 2 st Kompakt Kombinationslampa 100x100 | 12V\" \/>\n<meta property=\"og:url\" content=\"https:\/\/xenonkungen.com\/en\/product\/compact-combination-lamp-100x100-12v-2-pack\/\" \/>\n<meta property=\"og:site_name\" content=\"Xenonkungen\" \/>\n<meta property=\"article:modified_time\" content=\"2026-04-10T23:56:12+00:00\" \/>\n<meta property=\"og:image\" content=\"https:\/\/xenonkungen.com\/wp-content\/uploads\/2025\/04\/177481593-origpic-a709a6.jpg\" \/>\n\t<meta property=\"og:image:width\" content=\"800\" \/>\n\t<meta property=\"og:image:height\" content=\"800\" \/>\n\t<meta property=\"og:image:type\" content=\"image\/jpeg\" \/>\n<meta name=\"twitter:card\" content=\"summary_large_image\" \/>\n<meta name=\"twitter:label1\" content=\"Estimated reading time\" \/>\n\t<meta name=\"twitter:data1\" content=\"1 minute\" \/>\n<script type=\"application\/ld+json\" class=\"yoast-schema-graph\">{\"@context\":\"https:\/\/schema.org\",\"@graph\":[{\"@type\":\"WebPage\",\"@id\":\"https:\/\/xenonkungen.com\/es\/producto\/lampara-combinada-compacta-100x100-12v-paquete-de-2\/\",\"url\":\"https:\/\/xenonkungen.com\/es\/producto\/lampara-combinada-compacta-100x100-12v-paquete-de-2\/\",\"name\":\"Kompakt Kombinationslampa 100x100 | 12V (2-Pack) - Xenonkungen\",\"isPartOf\":{\"@id\":\"https:\/\/xenonkungen.com\/#website\"},\"primaryImageOfPage\":{\"@id\":\"https:\/\/xenonkungen.com\/es\/producto\/lampara-combinada-compacta-100x100-12v-paquete-de-2\/#primaryimage\"},\"image\":{\"@id\":\"https:\/\/xenonkungen.com\/es\/producto\/lampara-combinada-compacta-100x100-12v-paquete-de-2\/#primaryimage\"},\"thumbnailUrl\":\"https:\/\/xenonkungen.com\/wp-content\/uploads\/2025\/04\/177481593-origpic-a709a6.jpg\",\"datePublished\":\"2025-04-15T10:07:43+00:00\",\"dateModified\":\"2026-04-10T23:56:12+00:00\",\"breadcrumb\":{\"@id\":\"https:\/\/xenonkungen.com\/es\/producto\/lampara-combinada-compacta-100x100-12v-paquete-de-2\/#breadcrumb\"},\"inLanguage\":\"en-GB\",\"potentialAction\":[{\"@type\":\"ReadAction\",\"target\":[\"https:\/\/xenonkungen.com\/es\/producto\/lampara-combinada-compacta-100x100-12v-paquete-de-2\/\"]}]},{\"@type\":\"ImageObject\",\"inLanguage\":\"en-GB\",\"@id\":\"https:\/\/xenonkungen.com\/es\/producto\/lampara-combinada-compacta-100x100-12v-paquete-de-2\/#primaryimage\",\"url\":\"https:\/\/xenonkungen.com\/wp-content\/uploads\/2025\/04\/177481593-origpic-a709a6.jpg\",\"contentUrl\":\"https:\/\/xenonkungen.com\/wp-content\/uploads\/2025\/04\/177481593-origpic-a709a6.jpg\",\"width\":800,\"height\":800},{\"@type\":\"BreadcrumbList\",\"@id\":\"https:\/\/xenonkungen.com\/es\/producto\/lampara-combinada-compacta-100x100-12v-paquete-de-2\/#breadcrumb\",\"itemListElement\":[{\"@type\":\"ListItem\",\"position\":1,\"name\":\"Hem\",\"item\":\"https:\/\/xenonkungen.com\/\"},{\"@type\":\"ListItem\",\"position\":2,\"name\":\"Shop\",\"item\":\"https:\/\/xenonkungen.com\/shop\/\"},{\"@type\":\"ListItem\",\"position\":3,\"name\":\"Kompakt Kombinationslampa 100&#215;100 | 12V (2-Pack)\"}]},{\"@type\":\"WebSite\",\"@id\":\"https:\/\/xenonkungen.com\/#website\",\"url\":\"https:\/\/xenonkungen.com\/\",\"name\":\"Xenonkungen\",\"description\":\"\",\"potentialAction\":[{\"@type\":\"SearchAction\",\"target\":{\"@type\":\"EntryPoint\",\"urlTemplate\":\"https:\/\/xenonkungen.com\/?s={search_term_string}\"},\"query-input\":{\"@type\":\"PropertyValueSpecification\",\"valueRequired\":true,\"valueName\":\"search_term_string\"}}],\"inLanguage\":\"en-GB\"}]}<\/script>\n<!-- \/ Yoast SEO plugin. -->","yoast_head_json":{"title":"Compact Combination lamp 100x100 | 12V (2-Pack) - The Xenon King","robots":{"index":"index","follow":"follow","max-snippet":"max-snippet:-1","max-image-preview":"max-image-preview:large","max-video-preview":"max-video-preview:-1"},"canonical":"https:\/\/xenonkungen.com\/en\/product\/compact-combination-lamp-100x100-12v-2-pack\/","og_locale":"en_GB","og_type":"article","og_title":"Kompakt Kombinationslampa 100x100 | 12V (2-Pack) - Xenonkungen","og_description":"Komplett bak-markeringslykta med Stopp-, Bak- och Blinkersmarkering samt integrerad Reflex. Bygger endast ut 22mm. Volt: 12V Fuktskydd: IP67 Godk\u00e4nnande: ECE Storlek: 100mm x 100mm x 22mm Garanti: 5 \u00e5r Paketinneh\u00e5ll: 2 st Kompakt Kombinationslampa 100x100 | 12V","og_url":"https:\/\/xenonkungen.com\/en\/product\/compact-combination-lamp-100x100-12v-2-pack\/","og_site_name":"Xenonkungen","article_modified_time":"2026-04-10T23:56:12+00:00","og_image":[{"width":800,"height":800,"url":"https:\/\/xenonkungen.com\/wp-content\/uploads\/2025\/04\/177481593-origpic-a709a6.jpg","type":"image\/jpeg"}],"twitter_card":"summary_large_image","twitter_misc":{"Estimated reading time":"1 minute"},"schema":{"@context":"https:\/\/schema.org","@graph":[{"@type":"WebPage","@id":"https:\/\/xenonkungen.com\/es\/producto\/lampara-combinada-compacta-100x100-12v-paquete-de-2\/","url":"https:\/\/xenonkungen.com\/es\/producto\/lampara-combinada-compacta-100x100-12v-paquete-de-2\/","name":"Compact Combination lamp 100x100 | 12V (2-Pack) - The Xenon King","isPartOf":{"@id":"https:\/\/xenonkungen.com\/#website"},"primaryImageOfPage":{"@id":"https:\/\/xenonkungen.com\/es\/producto\/lampara-combinada-compacta-100x100-12v-paquete-de-2\/#primaryimage"},"image":{"@id":"https:\/\/xenonkungen.com\/es\/producto\/lampara-combinada-compacta-100x100-12v-paquete-de-2\/#primaryimage"},"thumbnailUrl":"https:\/\/xenonkungen.com\/wp-content\/uploads\/2025\/04\/177481593-origpic-a709a6.jpg","datePublished":"2025-04-15T10:07:43+00:00","dateModified":"2026-04-10T23:56:12+00:00","breadcrumb":{"@id":"https:\/\/xenonkungen.com\/es\/producto\/lampara-combinada-compacta-100x100-12v-paquete-de-2\/#breadcrumb"},"inLanguage":"en-GB","potentialAction":[{"@type":"ReadAction","target":["https:\/\/xenonkungen.com\/es\/producto\/lampara-combinada-compacta-100x100-12v-paquete-de-2\/"]}]},{"@type":"ImageObject","inLanguage":"en-GB","@id":"https:\/\/xenonkungen.com\/es\/producto\/lampara-combinada-compacta-100x100-12v-paquete-de-2\/#primaryimage","url":"https:\/\/xenonkungen.com\/wp-content\/uploads\/2025\/04\/177481593-origpic-a709a6.jpg","contentUrl":"https:\/\/xenonkungen.com\/wp-content\/uploads\/2025\/04\/177481593-origpic-a709a6.jpg","width":800,"height":800},{"@type":"BreadcrumbList","@id":"https:\/\/xenonkungen.com\/es\/producto\/lampara-combinada-compacta-100x100-12v-paquete-de-2\/#breadcrumb","itemListElement":[{"@type":"ListItem","position":1,"name":"Hem","item":"https:\/\/xenonkungen.com\/"},{"@type":"ListItem","position":2,"name":"Shop","item":"https:\/\/xenonkungen.com\/shop\/"},{"@type":"ListItem","position":3,"name":"Kompakt Kombinationslampa 100&#215;100 | 12V (2-Pack)"}]},{"@type":"WebSite","@id":"https:\/\/xenonkungen.com\/#website","url":"https:\/\/xenonkungen.com\/","name":"Xenonkungen","description":"","potentialAction":[{"@type":"SearchAction","target":{"@type":"EntryPoint","urlTemplate":"https:\/\/xenonkungen.com\/?s={search_term_string}"},"query-input":{"@type":"PropertyValueSpecification","valueRequired":true,"valueName":"search_term_string"}}],"inLanguage":"en-GB"}]}},"taxonomy_info":{"anvandningsomrade":[{"value":166,"label":"Lastbil"},{"value":238,"label":"SL\u00c4P"},{"value":2816,"label":"TRAILER"}],"product_brand":[{"value":1252,"label":"LEA"}],"product_cat":[{"value":2552,"label":"Bakljus"}],"pa_fuktskydd-varde-ipxx":[{"value":333,"label":"IP67"}],"pa_godkannande":[{"value":1262,"label":"ECE, EMC"}],"pa_storlek-mm":[{"value":1598,"label":"100x100x22"}],"pa_volt-v":[{"value":159,"label":"12"}]},"featured_image_src_large":["https:\/\/xenonkungen.com\/wp-content\/uploads\/2025\/04\/177481593-origpic-a709a6.jpg",800,800,false],"author_info":[],"comment_info":0,"_links":{"self":[{"href":"https:\/\/xenonkungen.com\/en\/wp-json\/wp\/v2\/product\/8559","targetHints":{"allow":["GET"]}}],"collection":[{"href":"https:\/\/xenonkungen.com\/en\/wp-json\/wp\/v2\/product"}],"about":[{"href":"https:\/\/xenonkungen.com\/en\/wp-json\/wp\/v2\/types\/product"}],"replies":[{"embeddable":true,"href":"https:\/\/xenonkungen.com\/en\/wp-json\/wp\/v2\/comments?post=8559"}],"wp:featuredmedia":[{"embeddable":true,"href":"https:\/\/xenonkungen.com\/en\/wp-json\/wp\/v2\/media\/8560"}],"wp:attachment":[{"href":"https:\/\/xenonkungen.com\/en\/wp-json\/wp\/v2\/media?parent=8559"}],"wp:term":[{"taxonomy":"anvandningsomrade","embeddable":true,"href":"https:\/\/xenonkungen.com\/en\/wp-json\/wp\/v2\/anvandningsomrade?post=8559"},{"taxonomy":"bilmarken","embeddable":true,"href":"https:\/\/xenonkungen.com\/en\/wp-json\/wp\/v2\/bilmarken?post=8559"},{"taxonomy":"product_brand","embeddable":true,"href":"https:\/\/xenonkungen.com\/en\/wp-json\/wp\/v2\/product_brand?post=8559"},{"taxonomy":"product_cat","embeddable":true,"href":"https:\/\/xenonkungen.com\/en\/wp-json\/wp\/v2\/product_cat?post=8559"},{"taxonomy":"product_tag","embeddable":true,"href":"https:\/\/xenonkungen.com\/en\/wp-json\/wp\/v2\/product_tag?post=8559"}],"curies":[{"name":"wp","href":"https:\/\/api.w.org\/{rel}","templated":true}]}}