{"id":8607,"date":"2025-04-15T10:08:04","date_gmt":"2025-04-15T10:08:04","guid":{"rendered":"https:\/\/xenonkungen.com\/product\/baklampset-i-lagprofil-2-pack\/"},"modified":"2026-04-11T00:56:56","modified_gmt":"2026-04-10T23:56:56","slug":"taillight-set-in-team-profile-2-pack","status":"publish","type":"product","link":"https:\/\/xenonkungen.com\/en\/product\/taillight-set-in-team-profile-2-pack\/","title":{"rendered":"Low profile rear light set (2-Pack)"},"content":{"rendered":"<h1>Discover Innovative Vehicle Lights<\/h1>\n<p>Explore the impressive features of this pair of innovative tail lights that will improve both your safety and the aesthetics of your vehicle on the road. These lights have a slim design that makes them perfect for a variety of vehicles, from small cars to large lorries. In addition, they are equipped with integrated triangle reflectors, providing extra visibility and safety for your vehicle, especially during night-time journeys or in bad weather.<\/p>\n<p>One of the outstanding features of these lamps is their complete moisture protection and dust tightness. This means that they are designed to withstand harsh weather conditions and environments without compromising on performance or reliability. With a generous 5-year warranty period, you can be completely confident that these lights will work flawlessly for a long time to come.<\/p>\n<p>In addition, these lights are made with a durable plastic lens and an ABS material frame, making them tough and resistant to shocks and stresses that can occur during road travel.<\/p>\n<p>These tail lights are also ECE-approved for multiple uses, including tail lights, brake lights, indicators and fog lights. This means that they meet the strict European standards for vehicle lighting and give you an extra level of confidence in their performance and safety.<\/p>\n<p>To increase their versatility, there is also an output to connect to signage lighting with the LEA-35BLME1P accessory.<\/p>\n<p>These lights work smoothly with both 12V and 24V systems and have dimensions of 195x148x22 mm, making them ideal for different types of vehicles.<\/p>\n<p>Finally, this set comes with 2 lights, one for the left and one for the right side of your vehicle, providing a balanced and uniform lighting to increase your visibility and safety on the road. With a 5-year warranty, you can be sure that these lights will be reliable companions on your journeys and help make your driving experience safer and more comfortable.<\/p>","protected":false},"excerpt":{"rendered":"<p>Uppt\u00e4ck Innovativa Fordonslampor Utforska de imponerande funktionerna hos detta par innovativa baklampor som kommer att f\u00f6rb\u00e4ttra b\u00e5de din s\u00e4kerhet och fordonets estetik p\u00e5 v\u00e4gen. Dessa lampor har en slimmad design som g\u00f6r dem perfekta f\u00f6r olika fordon, fr\u00e5n sm\u00e5 bilar till stora lastbilar. Dessutom \u00e4r de utrustade med integrerade triangelreflektorer, vilket ger extra synlighet och [&hellip;]<\/p>","protected":false},"featured_media":8608,"comment_status":"closed","ping_status":"open","template":"","meta":{"_acf_changed":false,"_smort_price_nok":"1997","_smort_price_dkk":"1269","_smort_price_eur":"169.99","_smort_sale_price_nok":"","_smort_sale_price_dkk":"","_smort_sale_price_eur":"","smort_restorder":"","shipmondo_restorder":"","_kad_blocks_custom_css":"","_kad_blocks_head_custom_js":"","_kad_blocks_body_custom_js":"","_kad_blocks_footer_custom_js":"","smort_custom_pricelist_1":"1196.8","smort_custom_pricelist_2":"1047.2","smort_custom_pricelist_3":"994.84","smort_custom_pricelist_4":"1496","smort_custom_pricelist_5":"1047.2"},"anvandningsomrade":[166,238,2816],"bilmarken":[],"product_brand":[1252],"product_cat":[2552],"product_tag":[],"class_list":{"0":"post-8607","1":"product","2":"type-product","3":"status-publish","4":"has-post-thumbnail","6":"anvandningsomrade-lastbil","7":"anvandningsomrade-slap","8":"anvandningsomrade-trailer","9":"product_brand-lea","10":"product_cat-bakljus-slap","11":"pa_storlek-mm-195x148x22","12":"pa_volt-v-12-24","14":"first","15":"onbackorder","16":"taxable","17":"shipping-taxable","18":"purchasable","19":"product-type-simple"},"bundled_by":[],"bundle_stock_status":"onbackorder","bundle_stock_quantity":0,"bundle_virtual":false,"bundle_layout":"","bundle_add_to_cart_form_location":"","bundle_editable_in_cart":false,"bundle_sold_individually_context":"","bundle_item_grouping":"","bundle_min_size":"","bundle_max_size":"","bundle_price":[],"bundled_items":[],"bundle_sell_ids":[],"acf":[],"yoast_head":"<!-- This site is optimized with the Yoast SEO plugin v27.0 - https:\/\/yoast.com\/product\/yoast-seo-wordpress\/ -->\n<title>Baklampset i l\u00e5gprofil (2-Pack) - Xenonkungen<\/title>\n<meta name=\"robots\" content=\"index, follow, max-snippet:-1, max-image-preview:large, max-video-preview:-1\" \/>\n<link rel=\"canonical\" href=\"https:\/\/xenonkungen.com\/en\/product\/taillight-set-in-team-profile-2-pack\/\" \/>\n<meta property=\"og:locale\" content=\"en_GB\" \/>\n<meta property=\"og:type\" content=\"article\" \/>\n<meta property=\"og:title\" content=\"Baklampset i l\u00e5gprofil (2-Pack) - Xenonkungen\" \/>\n<meta property=\"og:description\" content=\"Uppt\u00e4ck Innovativa Fordonslampor Utforska de imponerande funktionerna hos detta par innovativa baklampor som kommer att f\u00f6rb\u00e4ttra b\u00e5de din s\u00e4kerhet och fordonets estetik p\u00e5 v\u00e4gen. Dessa lampor har en slimmad design som g\u00f6r dem perfekta f\u00f6r olika fordon, fr\u00e5n sm\u00e5 bilar till stora lastbilar. Dessutom \u00e4r de utrustade med integrerade triangelreflektorer, vilket ger extra synlighet och [&hellip;]\" \/>\n<meta property=\"og:url\" content=\"https:\/\/xenonkungen.com\/en\/product\/taillight-set-in-team-profile-2-pack\/\" \/>\n<meta property=\"og:site_name\" content=\"Xenonkungen\" \/>\n<meta property=\"article:modified_time\" content=\"2026-04-10T23:56:56+00:00\" \/>\n<meta property=\"og:image\" content=\"https:\/\/xenonkungen.com\/wp-content\/uploads\/2025\/04\/21671288-origpic-474167.jpg\" \/>\n\t<meta property=\"og:image:width\" content=\"490\" \/>\n\t<meta property=\"og:image:height\" content=\"490\" \/>\n\t<meta property=\"og:image:type\" content=\"image\/jpeg\" \/>\n<meta name=\"twitter:card\" content=\"summary_large_image\" \/>\n<meta name=\"twitter:label1\" content=\"Estimated reading time\" \/>\n\t<meta name=\"twitter:data1\" content=\"2 minutes\" \/>\n<script type=\"application\/ld+json\" class=\"yoast-schema-graph\">{\"@context\":\"https:\/\/schema.org\",\"@graph\":[{\"@type\":\"WebPage\",\"@id\":\"https:\/\/xenonkungen.com\/no\/produkt\/baklyktsett-i-teamprofil-2-pakning\/\",\"url\":\"https:\/\/xenonkungen.com\/no\/produkt\/baklyktsett-i-teamprofil-2-pakning\/\",\"name\":\"Baklampset i l\u00e5gprofil (2-Pack) - Xenonkungen\",\"isPartOf\":{\"@id\":\"https:\/\/xenonkungen.com\/#website\"},\"primaryImageOfPage\":{\"@id\":\"https:\/\/xenonkungen.com\/no\/produkt\/baklyktsett-i-teamprofil-2-pakning\/#primaryimage\"},\"image\":{\"@id\":\"https:\/\/xenonkungen.com\/no\/produkt\/baklyktsett-i-teamprofil-2-pakning\/#primaryimage\"},\"thumbnailUrl\":\"https:\/\/xenonkungen.com\/wp-content\/uploads\/2025\/04\/21671288-origpic-474167.jpg\",\"datePublished\":\"2025-04-15T10:08:04+00:00\",\"dateModified\":\"2026-04-10T23:56:56+00:00\",\"breadcrumb\":{\"@id\":\"https:\/\/xenonkungen.com\/no\/produkt\/baklyktsett-i-teamprofil-2-pakning\/#breadcrumb\"},\"inLanguage\":\"en-GB\",\"potentialAction\":[{\"@type\":\"ReadAction\",\"target\":[\"https:\/\/xenonkungen.com\/no\/produkt\/baklyktsett-i-teamprofil-2-pakning\/\"]}]},{\"@type\":\"ImageObject\",\"inLanguage\":\"en-GB\",\"@id\":\"https:\/\/xenonkungen.com\/no\/produkt\/baklyktsett-i-teamprofil-2-pakning\/#primaryimage\",\"url\":\"https:\/\/xenonkungen.com\/wp-content\/uploads\/2025\/04\/21671288-origpic-474167.jpg\",\"contentUrl\":\"https:\/\/xenonkungen.com\/wp-content\/uploads\/2025\/04\/21671288-origpic-474167.jpg\",\"width\":490,\"height\":490},{\"@type\":\"BreadcrumbList\",\"@id\":\"https:\/\/xenonkungen.com\/no\/produkt\/baklyktsett-i-teamprofil-2-pakning\/#breadcrumb\",\"itemListElement\":[{\"@type\":\"ListItem\",\"position\":1,\"name\":\"Hem\",\"item\":\"https:\/\/xenonkungen.com\/\"},{\"@type\":\"ListItem\",\"position\":2,\"name\":\"Shop\",\"item\":\"https:\/\/xenonkungen.com\/shop\/\"},{\"@type\":\"ListItem\",\"position\":3,\"name\":\"Baklampset i l\u00e5gprofil (2-Pack)\"}]},{\"@type\":\"WebSite\",\"@id\":\"https:\/\/xenonkungen.com\/#website\",\"url\":\"https:\/\/xenonkungen.com\/\",\"name\":\"Xenonkungen\",\"description\":\"\",\"potentialAction\":[{\"@type\":\"SearchAction\",\"target\":{\"@type\":\"EntryPoint\",\"urlTemplate\":\"https:\/\/xenonkungen.com\/?s={search_term_string}\"},\"query-input\":{\"@type\":\"PropertyValueSpecification\",\"valueRequired\":true,\"valueName\":\"search_term_string\"}}],\"inLanguage\":\"en-GB\"}]}<\/script>\n<!-- \/ Yoast SEO plugin. -->","yoast_head_json":{"title":"Low-profile taillight set (2-Pack) - Xenonkungen","robots":{"index":"index","follow":"follow","max-snippet":"max-snippet:-1","max-image-preview":"max-image-preview:large","max-video-preview":"max-video-preview:-1"},"canonical":"https:\/\/xenonkungen.com\/en\/product\/taillight-set-in-team-profile-2-pack\/","og_locale":"en_GB","og_type":"article","og_title":"Baklampset i l\u00e5gprofil (2-Pack) - Xenonkungen","og_description":"Uppt\u00e4ck Innovativa Fordonslampor Utforska de imponerande funktionerna hos detta par innovativa baklampor som kommer att f\u00f6rb\u00e4ttra b\u00e5de din s\u00e4kerhet och fordonets estetik p\u00e5 v\u00e4gen. Dessa lampor har en slimmad design som g\u00f6r dem perfekta f\u00f6r olika fordon, fr\u00e5n sm\u00e5 bilar till stora lastbilar. Dessutom \u00e4r de utrustade med integrerade triangelreflektorer, vilket ger extra synlighet och [&hellip;]","og_url":"https:\/\/xenonkungen.com\/en\/product\/taillight-set-in-team-profile-2-pack\/","og_site_name":"Xenonkungen","article_modified_time":"2026-04-10T23:56:56+00:00","og_image":[{"width":490,"height":490,"url":"https:\/\/xenonkungen.com\/wp-content\/uploads\/2025\/04\/21671288-origpic-474167.jpg","type":"image\/jpeg"}],"twitter_card":"summary_large_image","twitter_misc":{"Estimated reading time":"2 minutes"},"schema":{"@context":"https:\/\/schema.org","@graph":[{"@type":"WebPage","@id":"https:\/\/xenonkungen.com\/no\/produkt\/baklyktsett-i-teamprofil-2-pakning\/","url":"https:\/\/xenonkungen.com\/no\/produkt\/baklyktsett-i-teamprofil-2-pakning\/","name":"Low-profile taillight set (2-Pack) - Xenonkungen","isPartOf":{"@id":"https:\/\/xenonkungen.com\/#website"},"primaryImageOfPage":{"@id":"https:\/\/xenonkungen.com\/no\/produkt\/baklyktsett-i-teamprofil-2-pakning\/#primaryimage"},"image":{"@id":"https:\/\/xenonkungen.com\/no\/produkt\/baklyktsett-i-teamprofil-2-pakning\/#primaryimage"},"thumbnailUrl":"https:\/\/xenonkungen.com\/wp-content\/uploads\/2025\/04\/21671288-origpic-474167.jpg","datePublished":"2025-04-15T10:08:04+00:00","dateModified":"2026-04-10T23:56:56+00:00","breadcrumb":{"@id":"https:\/\/xenonkungen.com\/no\/produkt\/baklyktsett-i-teamprofil-2-pakning\/#breadcrumb"},"inLanguage":"en-GB","potentialAction":[{"@type":"ReadAction","target":["https:\/\/xenonkungen.com\/no\/produkt\/baklyktsett-i-teamprofil-2-pakning\/"]}]},{"@type":"ImageObject","inLanguage":"en-GB","@id":"https:\/\/xenonkungen.com\/no\/produkt\/baklyktsett-i-teamprofil-2-pakning\/#primaryimage","url":"https:\/\/xenonkungen.com\/wp-content\/uploads\/2025\/04\/21671288-origpic-474167.jpg","contentUrl":"https:\/\/xenonkungen.com\/wp-content\/uploads\/2025\/04\/21671288-origpic-474167.jpg","width":490,"height":490},{"@type":"BreadcrumbList","@id":"https:\/\/xenonkungen.com\/no\/produkt\/baklyktsett-i-teamprofil-2-pakning\/#breadcrumb","itemListElement":[{"@type":"ListItem","position":1,"name":"Hem","item":"https:\/\/xenonkungen.com\/"},{"@type":"ListItem","position":2,"name":"Shop","item":"https:\/\/xenonkungen.com\/shop\/"},{"@type":"ListItem","position":3,"name":"Baklampset i l\u00e5gprofil (2-Pack)"}]},{"@type":"WebSite","@id":"https:\/\/xenonkungen.com\/#website","url":"https:\/\/xenonkungen.com\/","name":"Xenonkungen","description":"","potentialAction":[{"@type":"SearchAction","target":{"@type":"EntryPoint","urlTemplate":"https:\/\/xenonkungen.com\/?s={search_term_string}"},"query-input":{"@type":"PropertyValueSpecification","valueRequired":true,"valueName":"search_term_string"}}],"inLanguage":"en-GB"}]}},"taxonomy_info":{"anvandningsomrade":[{"value":166,"label":"Lastbil"},{"value":238,"label":"SL\u00c4P"},{"value":2816,"label":"TRAILER"}],"product_brand":[{"value":1252,"label":"LEA"}],"product_cat":[{"value":2552,"label":"Bakljus"}],"pa_storlek-mm":[{"value":2110,"label":"195x148x22"}],"pa_volt-v":[{"value":348,"label":"12, 24"}]},"featured_image_src_large":["https:\/\/xenonkungen.com\/wp-content\/uploads\/2025\/04\/21671288-origpic-474167.jpg",490,490,false],"author_info":[],"comment_info":0,"_links":{"self":[{"href":"https:\/\/xenonkungen.com\/en\/wp-json\/wp\/v2\/product\/8607","targetHints":{"allow":["GET"]}}],"collection":[{"href":"https:\/\/xenonkungen.com\/en\/wp-json\/wp\/v2\/product"}],"about":[{"href":"https:\/\/xenonkungen.com\/en\/wp-json\/wp\/v2\/types\/product"}],"replies":[{"embeddable":true,"href":"https:\/\/xenonkungen.com\/en\/wp-json\/wp\/v2\/comments?post=8607"}],"wp:featuredmedia":[{"embeddable":true,"href":"https:\/\/xenonkungen.com\/en\/wp-json\/wp\/v2\/media\/8608"}],"wp:attachment":[{"href":"https:\/\/xenonkungen.com\/en\/wp-json\/wp\/v2\/media?parent=8607"}],"wp:term":[{"taxonomy":"anvandningsomrade","embeddable":true,"href":"https:\/\/xenonkungen.com\/en\/wp-json\/wp\/v2\/anvandningsomrade?post=8607"},{"taxonomy":"bilmarken","embeddable":true,"href":"https:\/\/xenonkungen.com\/en\/wp-json\/wp\/v2\/bilmarken?post=8607"},{"taxonomy":"product_brand","embeddable":true,"href":"https:\/\/xenonkungen.com\/en\/wp-json\/wp\/v2\/product_brand?post=8607"},{"taxonomy":"product_cat","embeddable":true,"href":"https:\/\/xenonkungen.com\/en\/wp-json\/wp\/v2\/product_cat?post=8607"},{"taxonomy":"product_tag","embeddable":true,"href":"https:\/\/xenonkungen.com\/en\/wp-json\/wp\/v2\/product_tag?post=8607"}],"curies":[{"name":"wp","href":"https:\/\/api.w.org\/{rel}","templated":true}]}}