{"id":8725,"date":"2025-04-15T10:09:04","date_gmt":"2025-04-15T10:09:04","guid":{"rendered":"https:\/\/xenonkungen.com\/product\/mini-beacon-mb12ame-10-110vdc\/"},"modified":"2026-04-11T00:58:40","modified_gmt":"2026-04-10T23:58:40","slug":"mini-beacon-mb12ame-10-110vdc","status":"publish","type":"product","link":"https:\/\/xenonkungen.com\/en\/product\/mini-beacon-mb12ame-10-110vdc\/","title":{"rendered":"Mini Beacon MB12AME 10-110VDC"},"content":{"rendered":"<div class=\"container\">\n<h1>Slim and Compact ECE R65 Approved Flashlight<\/h1>\n<p>Combining a slim and compact design with advanced safety features, this high power flash light is ideal for increasing the visibility and safety of your vehicle.<\/p>\n<div class=\"specifications\">\n<h2>Specifications:<\/h2>\n<ul>\n<li><span class=\"highlight\">Certification:<\/span> ECE R65 approved.<\/li>\n<li><span class=\"highlight\">Design:<\/span> Slim and compact for minimal space requirements.<\/li>\n<li><span class=\"highlight\">Visibility:<\/span> 360 degree omnidirectional polycarbonate lens.<\/li>\n<li><span class=\"highlight\">Material:<\/span> Heat-absorbing aluminium base.<\/li>\n<li><span class=\"highlight\">Resilience:<\/span> Shock and vibration resistant, fully submersible and pressure washable.<\/li>\n<li><span class=\"highlight\">Security:<\/span> Short-circuit protected.<\/li>\n<li><span class=\"highlight\">Assembly:<\/span> Easy mounting with screws on smooth surface. Screws are included.<\/li>\n<\/ul>\n<\/div>\n<div class=\"features\">\n<h2>Features:<\/h2>\n<ul>\n<li>Provides a powerful low-profile warning signal on your vehicle.<\/li>\n<li>Optimal for use in all weather conditions and temperatures.<\/li>\n<li>Low energy consumption that does not overload the vehicle battery.<\/li>\n<li>Ideal for emergency vehicles, work vehicles and industrial applications.<\/li>\n<\/ul>\n<\/div>\n<\/div>\n<p><strong>Guarantee:<\/strong> 3 years<\/p>\n<p><iframe loading=\"lazy\" height=\"314\" src=\"https:\/\/www.youtube.com\/embed\/K9VgF7YuvAw\" width=\"560\" allowfullscreen=\"allowfullscreen\"><\/iframe><\/p>","protected":false},"excerpt":{"rendered":"<p>Slim och Kompakt ECE R65 Godk\u00e4nd Blixtljuslampa Den h\u00e4r h\u00f6geffekts blixtljuslampan kombinerar en slim och kompakt design med avancerade s\u00e4kerhetsfunktioner, idealisk f\u00f6r att \u00f6ka synligheten och s\u00e4kerheten p\u00e5 ditt fordon. Specifikationer: Certifiering: ECE R65 godk\u00e4nd. Design: Slim och kompakt f\u00f6r minimalt utrymmesbehov. Synlighet: 360 graders rundstr\u00e5lande lins i polycarbonat. Material: V\u00e4rmeupptagande aluminiumfot. T\u00e5lighet: St\u00f6t- och [&hellip;]<\/p>","protected":false},"featured_media":8726,"comment_status":"closed","ping_status":"open","template":"","meta":{"_acf_changed":false,"_smort_price_nok":"1698","_smort_price_dkk":"1079","_smort_price_eur":"144.54","_smort_sale_price_nok":"","_smort_sale_price_dkk":"","_smort_sale_price_eur":"","smort_restorder":"","shipmondo_restorder":"","_kad_blocks_custom_css":"","_kad_blocks_head_custom_js":"","_kad_blocks_body_custom_js":"","_kad_blocks_footer_custom_js":"","smort_custom_pricelist_1":"890.4","smort_custom_pricelist_2":"890.4","smort_custom_pricelist_3":"845.88","smort_custom_pricelist_4":"1272","smort_custom_pricelist_5":"890.4"},"anvandningsomrade":[166,238,2816],"bilmarken":[],"product_brand":[],"product_cat":[2587],"product_tag":[],"class_list":{"0":"post-8725","1":"product","2":"type-product","3":"status-publish","4":"has-post-thumbnail","6":"anvandningsomrade-lastbil","7":"anvandningsomrade-slap","8":"anvandningsomrade-trailer","9":"product_cat-blixtljus-varningsljus-varningsljus","10":"pa_fuktskydd-varde-ipxx-ip67","11":"pa_godkannande-ece-r65-r10","12":"pa_storlek-mm-96x64","13":"pa_stromforbrukning-1a13-8v","14":"pa_stromforbrukning-1a28v","15":"pa_volt-v-multivolt-10-110","17":"first","18":"instock","19":"taxable","20":"shipping-taxable","21":"purchasable","22":"product-type-simple"},"bundled_by":[],"bundle_stock_status":"instock","bundle_stock_quantity":2,"bundle_virtual":false,"bundle_layout":"","bundle_add_to_cart_form_location":"","bundle_editable_in_cart":false,"bundle_sold_individually_context":"","bundle_item_grouping":"","bundle_min_size":"","bundle_max_size":"","bundle_price":[],"bundled_items":[],"bundle_sell_ids":[],"acf":[],"yoast_head":"<!-- This site is optimized with the Yoast SEO plugin v27.0 - https:\/\/yoast.com\/product\/yoast-seo-wordpress\/ -->\n<title>Mini Beacon MB12AME 10-110VDC - Xenonkungen<\/title>\n<meta name=\"robots\" content=\"index, follow, max-snippet:-1, max-image-preview:large, max-video-preview:-1\" \/>\n<link rel=\"canonical\" href=\"https:\/\/xenonkungen.com\/en\/product\/mini-beacon-mb12ame-10-110vdc\/\" \/>\n<meta property=\"og:locale\" content=\"en_GB\" \/>\n<meta property=\"og:type\" content=\"article\" \/>\n<meta property=\"og:title\" content=\"Mini Beacon MB12AME 10-110VDC - Xenonkungen\" \/>\n<meta property=\"og:description\" content=\"Slim och Kompakt ECE R65 Godk\u00e4nd Blixtljuslampa Den h\u00e4r h\u00f6geffekts blixtljuslampan kombinerar en slim och kompakt design med avancerade s\u00e4kerhetsfunktioner, idealisk f\u00f6r att \u00f6ka synligheten och s\u00e4kerheten p\u00e5 ditt fordon. Specifikationer: Certifiering: ECE R65 godk\u00e4nd. Design: Slim och kompakt f\u00f6r minimalt utrymmesbehov. Synlighet: 360 graders rundstr\u00e5lande lins i polycarbonat. Material: V\u00e4rmeupptagande aluminiumfot. T\u00e5lighet: St\u00f6t- och [&hellip;]\" \/>\n<meta property=\"og:url\" content=\"https:\/\/xenonkungen.com\/en\/product\/mini-beacon-mb12ame-10-110vdc\/\" \/>\n<meta property=\"og:site_name\" content=\"Xenonkungen\" \/>\n<meta property=\"article:modified_time\" content=\"2026-04-10T23:58:40+00:00\" \/>\n<meta property=\"og:image\" content=\"https:\/\/xenonkungen.com\/wp-content\/uploads\/2025\/04\/10166535-origpic-5c2eb6.jpg\" \/>\n\t<meta property=\"og:image:width\" content=\"800\" \/>\n\t<meta property=\"og:image:height\" content=\"800\" \/>\n\t<meta property=\"og:image:type\" content=\"image\/jpeg\" \/>\n<meta name=\"twitter:card\" content=\"summary_large_image\" \/>\n<meta name=\"twitter:label1\" content=\"Estimated reading time\" \/>\n\t<meta name=\"twitter:data1\" content=\"1 minute\" \/>\n<script type=\"application\/ld+json\" class=\"yoast-schema-graph\">{\"@context\":\"https:\/\/schema.org\",\"@graph\":[{\"@type\":\"WebPage\",\"@id\":\"https:\/\/xenonkungen.com\/es\/producto\/mini-beacon-mb12ame-10-110vdc\/\",\"url\":\"https:\/\/xenonkungen.com\/es\/producto\/mini-beacon-mb12ame-10-110vdc\/\",\"name\":\"Mini Beacon MB12AME 10-110VDC - Xenonkungen\",\"isPartOf\":{\"@id\":\"https:\/\/xenonkungen.com\/#website\"},\"primaryImageOfPage\":{\"@id\":\"https:\/\/xenonkungen.com\/es\/producto\/mini-beacon-mb12ame-10-110vdc\/#primaryimage\"},\"image\":{\"@id\":\"https:\/\/xenonkungen.com\/es\/producto\/mini-beacon-mb12ame-10-110vdc\/#primaryimage\"},\"thumbnailUrl\":\"https:\/\/xenonkungen.com\/wp-content\/uploads\/2025\/04\/10166535-origpic-5c2eb6.jpg\",\"datePublished\":\"2025-04-15T10:09:04+00:00\",\"dateModified\":\"2026-04-10T23:58:40+00:00\",\"breadcrumb\":{\"@id\":\"https:\/\/xenonkungen.com\/es\/producto\/mini-beacon-mb12ame-10-110vdc\/#breadcrumb\"},\"inLanguage\":\"en-GB\",\"potentialAction\":[{\"@type\":\"ReadAction\",\"target\":[\"https:\/\/xenonkungen.com\/es\/producto\/mini-beacon-mb12ame-10-110vdc\/\"]}]},{\"@type\":\"ImageObject\",\"inLanguage\":\"en-GB\",\"@id\":\"https:\/\/xenonkungen.com\/es\/producto\/mini-beacon-mb12ame-10-110vdc\/#primaryimage\",\"url\":\"https:\/\/xenonkungen.com\/wp-content\/uploads\/2025\/04\/10166535-origpic-5c2eb6.jpg\",\"contentUrl\":\"https:\/\/xenonkungen.com\/wp-content\/uploads\/2025\/04\/10166535-origpic-5c2eb6.jpg\",\"width\":800,\"height\":800},{\"@type\":\"BreadcrumbList\",\"@id\":\"https:\/\/xenonkungen.com\/es\/producto\/mini-beacon-mb12ame-10-110vdc\/#breadcrumb\",\"itemListElement\":[{\"@type\":\"ListItem\",\"position\":1,\"name\":\"Hem\",\"item\":\"https:\/\/xenonkungen.com\/\"},{\"@type\":\"ListItem\",\"position\":2,\"name\":\"Shop\",\"item\":\"https:\/\/xenonkungen.com\/shop\/\"},{\"@type\":\"ListItem\",\"position\":3,\"name\":\"Mini Beacon MB12AME 10-110VDC\"}]},{\"@type\":\"WebSite\",\"@id\":\"https:\/\/xenonkungen.com\/#website\",\"url\":\"https:\/\/xenonkungen.com\/\",\"name\":\"Xenonkungen\",\"description\":\"\",\"potentialAction\":[{\"@type\":\"SearchAction\",\"target\":{\"@type\":\"EntryPoint\",\"urlTemplate\":\"https:\/\/xenonkungen.com\/?s={search_term_string}\"},\"query-input\":{\"@type\":\"PropertyValueSpecification\",\"valueRequired\":true,\"valueName\":\"search_term_string\"}}],\"inLanguage\":\"en-GB\"}]}<\/script>\n<!-- \/ Yoast SEO plugin. -->","yoast_head_json":{"title":"Mini Beacon MB12AME 10-110VDC - The Xenon King","robots":{"index":"index","follow":"follow","max-snippet":"max-snippet:-1","max-image-preview":"max-image-preview:large","max-video-preview":"max-video-preview:-1"},"canonical":"https:\/\/xenonkungen.com\/en\/product\/mini-beacon-mb12ame-10-110vdc\/","og_locale":"en_GB","og_type":"article","og_title":"Mini Beacon MB12AME 10-110VDC - Xenonkungen","og_description":"Slim och Kompakt ECE R65 Godk\u00e4nd Blixtljuslampa Den h\u00e4r h\u00f6geffekts blixtljuslampan kombinerar en slim och kompakt design med avancerade s\u00e4kerhetsfunktioner, idealisk f\u00f6r att \u00f6ka synligheten och s\u00e4kerheten p\u00e5 ditt fordon. Specifikationer: Certifiering: ECE R65 godk\u00e4nd. Design: Slim och kompakt f\u00f6r minimalt utrymmesbehov. Synlighet: 360 graders rundstr\u00e5lande lins i polycarbonat. Material: V\u00e4rmeupptagande aluminiumfot. T\u00e5lighet: St\u00f6t- och [&hellip;]","og_url":"https:\/\/xenonkungen.com\/en\/product\/mini-beacon-mb12ame-10-110vdc\/","og_site_name":"Xenonkungen","article_modified_time":"2026-04-10T23:58:40+00:00","og_image":[{"width":800,"height":800,"url":"https:\/\/xenonkungen.com\/wp-content\/uploads\/2025\/04\/10166535-origpic-5c2eb6.jpg","type":"image\/jpeg"}],"twitter_card":"summary_large_image","twitter_misc":{"Estimated reading time":"1 minute"},"schema":{"@context":"https:\/\/schema.org","@graph":[{"@type":"WebPage","@id":"https:\/\/xenonkungen.com\/es\/producto\/mini-beacon-mb12ame-10-110vdc\/","url":"https:\/\/xenonkungen.com\/es\/producto\/mini-beacon-mb12ame-10-110vdc\/","name":"Mini Beacon MB12AME 10-110VDC - The Xenon King","isPartOf":{"@id":"https:\/\/xenonkungen.com\/#website"},"primaryImageOfPage":{"@id":"https:\/\/xenonkungen.com\/es\/producto\/mini-beacon-mb12ame-10-110vdc\/#primaryimage"},"image":{"@id":"https:\/\/xenonkungen.com\/es\/producto\/mini-beacon-mb12ame-10-110vdc\/#primaryimage"},"thumbnailUrl":"https:\/\/xenonkungen.com\/wp-content\/uploads\/2025\/04\/10166535-origpic-5c2eb6.jpg","datePublished":"2025-04-15T10:09:04+00:00","dateModified":"2026-04-10T23:58:40+00:00","breadcrumb":{"@id":"https:\/\/xenonkungen.com\/es\/producto\/mini-beacon-mb12ame-10-110vdc\/#breadcrumb"},"inLanguage":"en-GB","potentialAction":[{"@type":"ReadAction","target":["https:\/\/xenonkungen.com\/es\/producto\/mini-beacon-mb12ame-10-110vdc\/"]}]},{"@type":"ImageObject","inLanguage":"en-GB","@id":"https:\/\/xenonkungen.com\/es\/producto\/mini-beacon-mb12ame-10-110vdc\/#primaryimage","url":"https:\/\/xenonkungen.com\/wp-content\/uploads\/2025\/04\/10166535-origpic-5c2eb6.jpg","contentUrl":"https:\/\/xenonkungen.com\/wp-content\/uploads\/2025\/04\/10166535-origpic-5c2eb6.jpg","width":800,"height":800},{"@type":"BreadcrumbList","@id":"https:\/\/xenonkungen.com\/es\/producto\/mini-beacon-mb12ame-10-110vdc\/#breadcrumb","itemListElement":[{"@type":"ListItem","position":1,"name":"Hem","item":"https:\/\/xenonkungen.com\/"},{"@type":"ListItem","position":2,"name":"Shop","item":"https:\/\/xenonkungen.com\/shop\/"},{"@type":"ListItem","position":3,"name":"Mini Beacon MB12AME 10-110VDC"}]},{"@type":"WebSite","@id":"https:\/\/xenonkungen.com\/#website","url":"https:\/\/xenonkungen.com\/","name":"Xenonkungen","description":"","potentialAction":[{"@type":"SearchAction","target":{"@type":"EntryPoint","urlTemplate":"https:\/\/xenonkungen.com\/?s={search_term_string}"},"query-input":{"@type":"PropertyValueSpecification","valueRequired":true,"valueName":"search_term_string"}}],"inLanguage":"en-GB"}]}},"taxonomy_info":{"anvandningsomrade":[{"value":166,"label":"Lastbil"},{"value":238,"label":"SL\u00c4P"},{"value":2816,"label":"TRAILER"}],"product_cat":[{"value":2587,"label":"Blixtljus\/Varningsljus"}],"pa_fuktskydd-varde-ipxx":[{"value":333,"label":"IP67"}],"pa_godkannande":[{"value":1442,"label":"ECE R65 R10"}],"pa_storlek-mm":[{"value":2130,"label":"96x64"}],"pa_stromforbrukning":[{"value":2132,"label":"1A@13.8V"},{"value":2133,"label":"1A@28V"}],"pa_volt-v":[{"value":2131,"label":"Multivolt 10-110"}]},"featured_image_src_large":["https:\/\/xenonkungen.com\/wp-content\/uploads\/2025\/04\/10166535-origpic-5c2eb6.jpg",800,800,false],"author_info":[],"comment_info":0,"_links":{"self":[{"href":"https:\/\/xenonkungen.com\/en\/wp-json\/wp\/v2\/product\/8725","targetHints":{"allow":["GET"]}}],"collection":[{"href":"https:\/\/xenonkungen.com\/en\/wp-json\/wp\/v2\/product"}],"about":[{"href":"https:\/\/xenonkungen.com\/en\/wp-json\/wp\/v2\/types\/product"}],"replies":[{"embeddable":true,"href":"https:\/\/xenonkungen.com\/en\/wp-json\/wp\/v2\/comments?post=8725"}],"wp:featuredmedia":[{"embeddable":true,"href":"https:\/\/xenonkungen.com\/en\/wp-json\/wp\/v2\/media\/8726"}],"wp:attachment":[{"href":"https:\/\/xenonkungen.com\/en\/wp-json\/wp\/v2\/media?parent=8725"}],"wp:term":[{"taxonomy":"anvandningsomrade","embeddable":true,"href":"https:\/\/xenonkungen.com\/en\/wp-json\/wp\/v2\/anvandningsomrade?post=8725"},{"taxonomy":"bilmarken","embeddable":true,"href":"https:\/\/xenonkungen.com\/en\/wp-json\/wp\/v2\/bilmarken?post=8725"},{"taxonomy":"product_brand","embeddable":true,"href":"https:\/\/xenonkungen.com\/en\/wp-json\/wp\/v2\/product_brand?post=8725"},{"taxonomy":"product_cat","embeddable":true,"href":"https:\/\/xenonkungen.com\/en\/wp-json\/wp\/v2\/product_cat?post=8725"},{"taxonomy":"product_tag","embeddable":true,"href":"https:\/\/xenonkungen.com\/en\/wp-json\/wp\/v2\/product_tag?post=8725"}],"curies":[{"name":"wp","href":"https:\/\/api.w.org\/{rel}","templated":true}]}}