{"id":8834,"date":"2025-04-15T10:10:05","date_gmt":"2025-04-15T10:10:05","guid":{"rendered":"https:\/\/xenonkungen.com\/product\/ledriving-hl-bright-hb4-hir2\/"},"modified":"2026-03-04T17:03:25","modified_gmt":"2026-03-04T16:03:25","slug":"led-driving-hl-bright-hb4-hir2","status":"publish","type":"product","link":"https:\/\/xenonkungen.com\/en\/product\/led-driving-hl-bright-hb4-hir2\/","title":{"rendered":"LEDriving\u00ae HL BRIGHT HB4\/HIR2"},"content":{"rendered":"<h1>Discover OSRAM LEDriving HL BRIGHT<\/h1>\n<p>The perfect LED retrofit light for superior performance and style. With the <strong>up to +300 % more brightness<\/strong> compared to standard halogen lamps (according to ECE R112), this lamp not only provides better visibility, but also a stylish and modern look with <strong>cool white light of 6000K<\/strong>. Drive safer with improved visibility and spot obstacles, signs and hazards earlier, while optimised light distribution reduces glare.<\/p>\n<p>OSRAM LEDriving HL BRIGHT also offers up to <strong>5 times longer lifetime<\/strong> thanks to advanced LED technology and OSRAM's premium quality. The lamps are delivered in pairs and come with a generous <strong>4-year guarantee<\/strong>, giving you both style and security with long-lasting durability.<\/p>\n<h2>Easy installation and high compatibility<\/h2>\n<p>Thanks to the compact design, installation is easy, and the lamps are compatible with 12V systems, making them the perfect choice for cars using halogen lamps. Please note that these lamps are not ECE approved and are intended for off-road use.<\/p>\n<p>Upgrade your car today and combine <strong>modern design and increased safety<\/strong> with OSRAM LEDriving HL BRIGHT - for a light you can trust!<\/p>\n<h3><strong>Technical specifications<\/strong><\/h3>\n<p><strong>Electrical data<\/strong><\/p>\n<p>- Power consumption: 19 W<br \/>- Nominal voltage: 12.0 V<br \/>- Rated power: 19 W<\/p>\n<p><strong>Photometric data<\/strong><\/p>\n<p>- Nominal luminous flux: 1900 lm<br \/>- Luminous flux tolerance: \u00b120 %<br \/>- LED light colour: Cool white<br \/>- Colour temperature: 6000 K<\/p>\n<p><strong>Physical properties &amp; dimensions<\/strong><\/p>\n<p>- Length: 76.2 mm<br \/>- Diameter: 14.0 mm<br \/>- Product weight: 70.00 g<br \/>- Lamp holders: <span>P22d<\/span><\/p>\n<p><strong>Lifetime data<\/strong><\/p>\n<p>- Lifetime Tc: 5000 hours<\/p>\n<p><strong>Guarantee:<\/strong><\/p>\n<p>- 4 years<\/p>","protected":false},"excerpt":{"rendered":"<p>LEDriving\u00ae HL BRIGHT HB4\/HIR2 offers powerful LED lighting with 1900 lumens and a cool white colour temperature of 6000K. This 12V lamp combines high performance with modern design, providing improved visibility and a stylish look for your vehicle.<\/p>","protected":false},"featured_media":8835,"comment_status":"closed","ping_status":"open","template":"","meta":{"_acf_changed":false,"_smort_price_nok":"1383","_smort_price_dkk":"879","_smort_price_eur":"117.72","_smort_sale_price_nok":"","_smort_sale_price_dkk":"","_smort_sale_price_eur":"","smort_restorder":"","shipmondo_restorder":"","_kad_blocks_custom_css":"","_kad_blocks_head_custom_js":"","_kad_blocks_body_custom_js":"","_kad_blocks_footer_custom_js":"","smort_custom_pricelist_1":"828.8","smort_custom_pricelist_2":"725.2","smort_custom_pricelist_3":"673.4","smort_custom_pricelist_4":"1036","smort_custom_pricelist_5":"725.2"},"anvandningsomrade":[],"bilmarken":[],"product_brand":[108],"product_cat":[2633,733],"product_tag":[],"class_list":{"0":"post-8834","1":"product","2":"type-product","3":"status-publish","4":"has-post-thumbnail","6":"product_brand-osram","7":"product_cat-osram-ledriving-halvljus-helljus","8":"product_cat-halvljus-helljus","9":"pa_faktisk-effekts-forbrukning-1904","10":"pa_lampsockel-kontakt-hb4-hir2","11":"pa_volt-v-159","13":"first","14":"onbackorder","15":"taxable","16":"shipping-taxable","17":"purchasable","18":"product-type-simple"},"bundled_by":[],"bundle_stock_status":"onbackorder","bundle_stock_quantity":0,"bundle_virtual":false,"bundle_layout":"","bundle_add_to_cart_form_location":"","bundle_editable_in_cart":false,"bundle_sold_individually_context":"","bundle_item_grouping":"","bundle_min_size":"","bundle_max_size":"","bundle_price":[],"bundled_items":[],"bundle_sell_ids":[],"acf":[],"yoast_head":"<!-- This site is optimized with the Yoast SEO plugin v27.0 - https:\/\/yoast.com\/product\/yoast-seo-wordpress\/ -->\n<title>LEDriving\u00ae HL BRIGHT HB4\/HIR2 - Xenonkungen<\/title>\n<meta name=\"robots\" content=\"index, follow, max-snippet:-1, max-image-preview:large, max-video-preview:-1\" \/>\n<link rel=\"canonical\" href=\"https:\/\/xenonkungen.com\/en\/product\/led-driving-hl-bright-hb4-hir2\/\" \/>\n<meta property=\"og:locale\" content=\"en_GB\" \/>\n<meta property=\"og:type\" content=\"article\" \/>\n<meta property=\"og:title\" content=\"LEDriving\u00ae HL BRIGHT HB4\/HIR2 - Xenonkungen\" \/>\n<meta property=\"og:description\" content=\"LEDriving\u00ae HL BRIGHT HB4\/HIR2 erbjuder kraftfull LED-belysning med 1900 lumen och en kallvit f\u00e4rgtemperatur p\u00e5 6000K. Denna 12V-lampa kombinerar h\u00f6g prestanda med modern design, vilket ger f\u00f6rb\u00e4ttrad sikt och ett elegant utseende f\u00f6r ditt fordon.\" \/>\n<meta property=\"og:url\" content=\"https:\/\/xenonkungen.com\/en\/product\/led-driving-hl-bright-hb4-hir2\/\" \/>\n<meta property=\"og:site_name\" content=\"Xenonkungen\" \/>\n<meta property=\"article:modified_time\" content=\"2026-03-04T16:03:25+00:00\" \/>\n<meta property=\"og:image\" content=\"https:\/\/xenonkungen.com\/wp-content\/uploads\/2025\/04\/215798083-origpic-4a495c.jpg\" \/>\n\t<meta property=\"og:image:width\" content=\"1024\" \/>\n\t<meta property=\"og:image:height\" content=\"674\" \/>\n\t<meta property=\"og:image:type\" content=\"image\/jpeg\" \/>\n<meta name=\"twitter:card\" content=\"summary_large_image\" \/>\n<meta name=\"twitter:label1\" content=\"Estimated reading time\" \/>\n\t<meta name=\"twitter:data1\" content=\"1 minute\" \/>\n<script type=\"application\/ld+json\" class=\"yoast-schema-graph\">{\"@context\":\"https:\/\/schema.org\",\"@graph\":[{\"@type\":\"WebPage\",\"@id\":\"https:\/\/xenonkungen.com\/produkt\/ledriving-hl-bright-hb4-hir2\/\",\"url\":\"https:\/\/xenonkungen.com\/produkt\/ledriving-hl-bright-hb4-hir2\/\",\"name\":\"LEDriving\u00ae HL BRIGHT HB4\/HIR2 - Xenonkungen\",\"isPartOf\":{\"@id\":\"https:\/\/xenonkungen.com\/#website\"},\"primaryImageOfPage\":{\"@id\":\"https:\/\/xenonkungen.com\/produkt\/ledriving-hl-bright-hb4-hir2\/#primaryimage\"},\"image\":{\"@id\":\"https:\/\/xenonkungen.com\/produkt\/ledriving-hl-bright-hb4-hir2\/#primaryimage\"},\"thumbnailUrl\":\"https:\/\/xenonkungen.com\/wp-content\/uploads\/2025\/04\/215798083-origpic-4a495c.jpg\",\"datePublished\":\"2025-04-15T10:10:05+00:00\",\"dateModified\":\"2026-03-04T16:03:25+00:00\",\"breadcrumb\":{\"@id\":\"https:\/\/xenonkungen.com\/produkt\/ledriving-hl-bright-hb4-hir2\/#breadcrumb\"},\"inLanguage\":\"en-GB\",\"potentialAction\":[{\"@type\":\"ReadAction\",\"target\":[\"https:\/\/xenonkungen.com\/produkt\/ledriving-hl-bright-hb4-hir2\/\"]}]},{\"@type\":\"ImageObject\",\"inLanguage\":\"en-GB\",\"@id\":\"https:\/\/xenonkungen.com\/produkt\/ledriving-hl-bright-hb4-hir2\/#primaryimage\",\"url\":\"https:\/\/xenonkungen.com\/wp-content\/uploads\/2025\/04\/215798083-origpic-4a495c.jpg\",\"contentUrl\":\"https:\/\/xenonkungen.com\/wp-content\/uploads\/2025\/04\/215798083-origpic-4a495c.jpg\",\"width\":1024,\"height\":674},{\"@type\":\"BreadcrumbList\",\"@id\":\"https:\/\/xenonkungen.com\/produkt\/ledriving-hl-bright-hb4-hir2\/#breadcrumb\",\"itemListElement\":[{\"@type\":\"ListItem\",\"position\":1,\"name\":\"Hem\",\"item\":\"https:\/\/xenonkungen.com\/\"},{\"@type\":\"ListItem\",\"position\":2,\"name\":\"Shop\",\"item\":\"https:\/\/xenonkungen.com\/shop\/\"},{\"@type\":\"ListItem\",\"position\":3,\"name\":\"LEDriving\u00ae HL BRIGHT HB4\/HIR2\"}]},{\"@type\":\"WebSite\",\"@id\":\"https:\/\/xenonkungen.com\/#website\",\"url\":\"https:\/\/xenonkungen.com\/\",\"name\":\"Xenonkungen\",\"description\":\"\",\"potentialAction\":[{\"@type\":\"SearchAction\",\"target\":{\"@type\":\"EntryPoint\",\"urlTemplate\":\"https:\/\/xenonkungen.com\/?s={search_term_string}\"},\"query-input\":{\"@type\":\"PropertyValueSpecification\",\"valueRequired\":true,\"valueName\":\"search_term_string\"}}],\"inLanguage\":\"en-GB\"}]}<\/script>\n<!-- \/ Yoast SEO plugin. -->","yoast_head_json":{"title":"LEDriving\u00ae HL BRIGHT HB4\/HIR2 - The xenon king","robots":{"index":"index","follow":"follow","max-snippet":"max-snippet:-1","max-image-preview":"max-image-preview:large","max-video-preview":"max-video-preview:-1"},"canonical":"https:\/\/xenonkungen.com\/en\/product\/led-driving-hl-bright-hb4-hir2\/","og_locale":"en_GB","og_type":"article","og_title":"LEDriving\u00ae HL BRIGHT HB4\/HIR2 - Xenonkungen","og_description":"LEDriving\u00ae HL BRIGHT HB4\/HIR2 erbjuder kraftfull LED-belysning med 1900 lumen och en kallvit f\u00e4rgtemperatur p\u00e5 6000K. Denna 12V-lampa kombinerar h\u00f6g prestanda med modern design, vilket ger f\u00f6rb\u00e4ttrad sikt och ett elegant utseende f\u00f6r ditt fordon.","og_url":"https:\/\/xenonkungen.com\/en\/product\/led-driving-hl-bright-hb4-hir2\/","og_site_name":"Xenonkungen","article_modified_time":"2026-03-04T16:03:25+00:00","og_image":[{"width":1024,"height":674,"url":"https:\/\/xenonkungen.com\/wp-content\/uploads\/2025\/04\/215798083-origpic-4a495c.jpg","type":"image\/jpeg"}],"twitter_card":"summary_large_image","twitter_misc":{"Estimated reading time":"1 minute"},"schema":{"@context":"https:\/\/schema.org","@graph":[{"@type":"WebPage","@id":"https:\/\/xenonkungen.com\/produkt\/ledriving-hl-bright-hb4-hir2\/","url":"https:\/\/xenonkungen.com\/produkt\/ledriving-hl-bright-hb4-hir2\/","name":"LEDriving\u00ae HL BRIGHT HB4\/HIR2 - The xenon king","isPartOf":{"@id":"https:\/\/xenonkungen.com\/#website"},"primaryImageOfPage":{"@id":"https:\/\/xenonkungen.com\/produkt\/ledriving-hl-bright-hb4-hir2\/#primaryimage"},"image":{"@id":"https:\/\/xenonkungen.com\/produkt\/ledriving-hl-bright-hb4-hir2\/#primaryimage"},"thumbnailUrl":"https:\/\/xenonkungen.com\/wp-content\/uploads\/2025\/04\/215798083-origpic-4a495c.jpg","datePublished":"2025-04-15T10:10:05+00:00","dateModified":"2026-03-04T16:03:25+00:00","breadcrumb":{"@id":"https:\/\/xenonkungen.com\/produkt\/ledriving-hl-bright-hb4-hir2\/#breadcrumb"},"inLanguage":"en-GB","potentialAction":[{"@type":"ReadAction","target":["https:\/\/xenonkungen.com\/produkt\/ledriving-hl-bright-hb4-hir2\/"]}]},{"@type":"ImageObject","inLanguage":"en-GB","@id":"https:\/\/xenonkungen.com\/produkt\/ledriving-hl-bright-hb4-hir2\/#primaryimage","url":"https:\/\/xenonkungen.com\/wp-content\/uploads\/2025\/04\/215798083-origpic-4a495c.jpg","contentUrl":"https:\/\/xenonkungen.com\/wp-content\/uploads\/2025\/04\/215798083-origpic-4a495c.jpg","width":1024,"height":674},{"@type":"BreadcrumbList","@id":"https:\/\/xenonkungen.com\/produkt\/ledriving-hl-bright-hb4-hir2\/#breadcrumb","itemListElement":[{"@type":"ListItem","position":1,"name":"Hem","item":"https:\/\/xenonkungen.com\/"},{"@type":"ListItem","position":2,"name":"Shop","item":"https:\/\/xenonkungen.com\/shop\/"},{"@type":"ListItem","position":3,"name":"LEDriving\u00ae HL BRIGHT HB4\/HIR2"}]},{"@type":"WebSite","@id":"https:\/\/xenonkungen.com\/#website","url":"https:\/\/xenonkungen.com\/","name":"Xenonkungen","description":"","potentialAction":[{"@type":"SearchAction","target":{"@type":"EntryPoint","urlTemplate":"https:\/\/xenonkungen.com\/?s={search_term_string}"},"query-input":{"@type":"PropertyValueSpecification","valueRequired":true,"valueName":"search_term_string"}}],"inLanguage":"en-GB"}]}},"taxonomy_info":{"product_brand":[{"value":108,"label":"OSRAM"}],"product_cat":[{"value":2633,"label":"OSRAM Ledriving"},{"value":733,"label":"Halvljus \/ Helljus"}],"pa_faktisk-effekts-forbrukning":[{"value":1904,"label":"19"}],"pa_lampsockel-kontakt":[{"value":2143,"label":"HB4\/HIR2"}],"pa_volt-v":[{"value":159,"label":"12"}]},"featured_image_src_large":["https:\/\/xenonkungen.com\/wp-content\/uploads\/2025\/04\/215798083-origpic-4a495c.jpg",1024,674,false],"author_info":[],"comment_info":0,"_links":{"self":[{"href":"https:\/\/xenonkungen.com\/en\/wp-json\/wp\/v2\/product\/8834","targetHints":{"allow":["GET"]}}],"collection":[{"href":"https:\/\/xenonkungen.com\/en\/wp-json\/wp\/v2\/product"}],"about":[{"href":"https:\/\/xenonkungen.com\/en\/wp-json\/wp\/v2\/types\/product"}],"replies":[{"embeddable":true,"href":"https:\/\/xenonkungen.com\/en\/wp-json\/wp\/v2\/comments?post=8834"}],"wp:featuredmedia":[{"embeddable":true,"href":"https:\/\/xenonkungen.com\/en\/wp-json\/wp\/v2\/media\/8835"}],"wp:attachment":[{"href":"https:\/\/xenonkungen.com\/en\/wp-json\/wp\/v2\/media?parent=8834"}],"wp:term":[{"taxonomy":"anvandningsomrade","embeddable":true,"href":"https:\/\/xenonkungen.com\/en\/wp-json\/wp\/v2\/anvandningsomrade?post=8834"},{"taxonomy":"bilmarken","embeddable":true,"href":"https:\/\/xenonkungen.com\/en\/wp-json\/wp\/v2\/bilmarken?post=8834"},{"taxonomy":"product_brand","embeddable":true,"href":"https:\/\/xenonkungen.com\/en\/wp-json\/wp\/v2\/product_brand?post=8834"},{"taxonomy":"product_cat","embeddable":true,"href":"https:\/\/xenonkungen.com\/en\/wp-json\/wp\/v2\/product_cat?post=8834"},{"taxonomy":"product_tag","embeddable":true,"href":"https:\/\/xenonkungen.com\/en\/wp-json\/wp\/v2\/product_tag?post=8834"}],"curies":[{"name":"wp","href":"https:\/\/api.w.org\/{rel}","templated":true}]}}