{"id":8933,"date":"2025-04-15T10:11:28","date_gmt":"2025-04-15T10:11:28","guid":{"rendered":"https:\/\/xenonkungen.com\/product\/optibeam-e-bar-eu-twin\/"},"modified":"2026-03-25T14:02:14","modified_gmt":"2026-03-25T13:02:14","slug":"optibeam-e-bar-eu-twin","status":"publish","type":"product","link":"https:\/\/xenonkungen.com\/en\/product\/optibeam-e-bar-eu-twin\/","title":{"rendered":"OPTIBEAM E-BAR EU TWIN"},"content":{"rendered":"<h1>Optibeam E-Bar TWIN - Maximum Performance in a Stylish Design<\/h1>\n<p>The most stylish and powerful LED lightbar on the market - perfect for any vehicle.<\/p>\n<p>Do you want better visibility, higher safety and a more stylish look for your vehicle? Optibeam E-Bar TWIN is the ultimate LED lightbar where cutting-edge performance meets stylish design. With its ultra-slim profile and universal fit, it blends in perfectly with any vehicle - easy to fit, impressive to look at.<\/p>\n<p>But it's not just about looks - the power is huge. With 8793 lumens and a range of 450 metres, this lightbar delivers extremely bright light, no matter where the road takes you.<\/p>\n<h2>Why choose Optibeam E-Bar TWIN?<\/h2>\n<ul>\n<li>Sleek and discreet design - Modern and stylish look to enhance your vehicle<\/li>\n<li>Extreme brightness - 8793 lumens give you outstanding visibility<\/li>\n<li>Super easy installation - Fits all vehicles with built-in relay system<\/li>\n<li>Built for tough conditions - Robust aluminium body and impact-resistant polycarbonate lens<\/li>\n<li>Maximum durability - IP68\/IP69K rated for total water and dust resistance<\/li>\n<li>Fully road legal - ECE approved (ECE R149, R10)<\/li>\n<\/ul>","protected":false},"excerpt":{"rendered":"<p>Optibeam E-Bar TWIN \u2013 Maximal Prestanda i Stilren Design Marknadens mest eleganta och kraftfulla LED-ljusramp \u2013 perfekt f\u00f6r alla fordon. Vill du ha b\u00e4ttre sikt, h\u00f6gre s\u00e4kerhet och en snyggare look p\u00e5 ditt fordon? Optibeam E-Bar TWIN \u00e4r den ultimata LED-ljusrampen d\u00e4r banbrytande prestanda m\u00f6ter stilren design. Med sin ultratunna profil och universella passform sm\u00e4lter [&hellip;]<\/p>","protected":false},"featured_media":8934,"comment_status":"closed","ping_status":"closed","template":"","meta":{"_acf_changed":false,"_smort_price_nok":"3092","_smort_price_dkk":"1964","_smort_price_eur":"263.17","_smort_sale_price_nok":"","_smort_sale_price_dkk":"","_smort_sale_price_eur":"","smort_restorder":"","shipmondo_restorder":"","_kad_blocks_custom_css":"","_kad_blocks_head_custom_js":"","_kad_blocks_body_custom_js":"","_kad_blocks_footer_custom_js":"","smort_custom_pricelist_1":"1852.8","smort_custom_pricelist_2":"1621.2","smort_custom_pricelist_3":"1505.4","smort_custom_pricelist_4":"2316","smort_custom_pricelist_5":"1621.2"},"anvandningsomrade":[207,166,167,1915],"bilmarken":[208,240,194,241,242,195,243,209,244,245,246,247,248,210,249,196,250,251,252,253,197,211,254,212,255,256,257,258,259,213,260,261,198,262,263,264,265,266,267,199,268,269,270,271,200,272,273,274,215,275,276,277,278,201,279,202,280,281,216,282,203,283,284,285,286,204,217,218,287,288,289,290,219,205,169,291],"product_brand":[107],"product_cat":[2539,2965],"product_tag":[],"class_list":{"0":"post-8933","1":"product","2":"type-product","3":"status-publish","4":"has-post-thumbnail","6":"anvandningsomrade-husbil","7":"anvandningsomrade-lastbil","8":"anvandningsomrade-personbil","9":"anvandningsomrade-skapbil","10":"bilmarken-abarth","11":"bilmarken-acura","12":"bilmarken-alfa-romeo","13":"bilmarken-alpina","14":"bilmarken-aston-martin","15":"bilmarken-audi","16":"bilmarken-bentley","17":"bilmarken-bmw","18":"bilmarken-bugatti","19":"bilmarken-buick","20":"bilmarken-cadillac","21":"bilmarken-chevrolet","22":"bilmarken-chrysler","23":"bilmarken-citroen","24":"bilmarken-cupra","25":"bilmarken-dacia","26":"bilmarken-daewoo","27":"bilmarken-daihatsu","28":"bilmarken-dodge","29":"bilmarken-ds","30":"bilmarken-ferrari","31":"bilmarken-fiat","32":"bilmarken-fisker","33":"bilmarken-ford","34":"bilmarken-geely","35":"bilmarken-genesis","36":"bilmarken-gmc","37":"bilmarken-honda","38":"bilmarken-hummer","39":"bilmarken-hyundai","40":"bilmarken-infiniti","41":"bilmarken-isuzu","42":"bilmarken-iveco","43":"bilmarken-jaguar","44":"bilmarken-jeep","45":"bilmarken-kia","46":"bilmarken-koenigsegg","47":"bilmarken-lada","48":"bilmarken-lamborghini","49":"bilmarken-lancia","50":"bilmarken-land-rover","51":"bilmarken-lexus","52":"bilmarken-lincoln","53":"bilmarken-lotus","54":"bilmarken-maserati","55":"bilmarken-maxus","56":"bilmarken-mazda","57":"bilmarken-mclaren","58":"bilmarken-mercedes-benz","59":"bilmarken-mg","60":"bilmarken-mini","61":"bilmarken-mitsubishi","62":"bilmarken-nissan","63":"bilmarken-opel","64":"bilmarken-pagani","65":"bilmarken-peugeot","66":"bilmarken-polestar","67":"bilmarken-pontiac","68":"bilmarken-porsche","69":"bilmarken-ram","70":"bilmarken-renault","71":"bilmarken-rivian","72":"bilmarken-rolls-royce","73":"bilmarken-rover","74":"bilmarken-saab","75":"bilmarken-seat","76":"bilmarken-skoda","77":"bilmarken-smart","78":"bilmarken-ssangyong","79":"bilmarken-subaru","80":"bilmarken-suzuki","81":"bilmarken-tesla","82":"bilmarken-toyota","83":"bilmarken-volkswagen","84":"bilmarken-volvo","85":"bilmarken-wiesmann","86":"product_brand-optibeam","87":"product_cat-ledramper","88":"product_cat-regplatsramp","89":"pa_fargtemperatur-1486","90":"pa_fuktskydd-varde-ipxx-ip68-ip69","91":"pa_godkannande-ece-r10-r149","92":"pa_storlek-mm-537x156x36","93":"pa_stromforbrukning-893a-137v","94":"pa_volt-v-multivolt-9-12-14-16-18-24-28-30-32-36","96":"first","97":"onbackorder","98":"taxable","99":"shipping-taxable","100":"purchasable","101":"product-type-simple"},"bundled_by":[],"bundle_stock_status":"onbackorder","bundle_stock_quantity":0,"bundle_virtual":false,"bundle_layout":"","bundle_add_to_cart_form_location":"","bundle_editable_in_cart":false,"bundle_sold_individually_context":"","bundle_item_grouping":"","bundle_min_size":"","bundle_max_size":"","bundle_price":[],"bundled_items":[],"bundle_sell_ids":[],"acf":[],"yoast_head":"<!-- This site is optimized with the Yoast SEO plugin v27.0 - https:\/\/yoast.com\/product\/yoast-seo-wordpress\/ -->\n<title>OPTIBEAM E-BAR EU TWIN - Xenonkungen<\/title>\n<meta name=\"robots\" content=\"index, follow, max-snippet:-1, max-image-preview:large, max-video-preview:-1\" \/>\n<link rel=\"canonical\" href=\"https:\/\/xenonkungen.com\/en\/product\/optibeam-e-bar-eu-twin\/\" \/>\n<meta property=\"og:locale\" content=\"en_GB\" \/>\n<meta property=\"og:type\" content=\"article\" \/>\n<meta property=\"og:title\" content=\"OPTIBEAM E-BAR EU TWIN - Xenonkungen\" \/>\n<meta property=\"og:description\" content=\"Optibeam E-Bar TWIN \u2013 Maximal Prestanda i Stilren Design Marknadens mest eleganta och kraftfulla LED-ljusramp \u2013 perfekt f\u00f6r alla fordon. Vill du ha b\u00e4ttre sikt, h\u00f6gre s\u00e4kerhet och en snyggare look p\u00e5 ditt fordon? Optibeam E-Bar TWIN \u00e4r den ultimata LED-ljusrampen d\u00e4r banbrytande prestanda m\u00f6ter stilren design. Med sin ultratunna profil och universella passform sm\u00e4lter [&hellip;]\" \/>\n<meta property=\"og:url\" content=\"https:\/\/xenonkungen.com\/en\/product\/optibeam-e-bar-eu-twin\/\" \/>\n<meta property=\"og:site_name\" content=\"Xenonkungen\" \/>\n<meta property=\"article:modified_time\" content=\"2026-03-25T13:02:14+00:00\" \/>\n<meta property=\"og:image\" content=\"https:\/\/xenonkungen.com\/wp-content\/uploads\/2025\/04\/optibeame-bareutwinled-lisavalopaneeli_8020111005_4f6e86aba250_1.webp\" \/>\n\t<meta property=\"og:image:width\" content=\"800\" \/>\n\t<meta property=\"og:image:height\" content=\"600\" \/>\n\t<meta property=\"og:image:type\" content=\"image\/webp\" \/>\n<meta name=\"twitter:card\" content=\"summary_large_image\" \/>\n<meta name=\"twitter:label1\" content=\"Estimated reading time\" \/>\n\t<meta name=\"twitter:data1\" content=\"1 minute\" \/>\n<script type=\"application\/ld+json\" class=\"yoast-schema-graph\">{\"@context\":\"https:\/\/schema.org\",\"@graph\":[{\"@type\":\"WebPage\",\"@id\":\"https:\/\/xenonkungen.com\/produkt\/optibeam-e-bar-eu-twin\/\",\"url\":\"https:\/\/xenonkungen.com\/produkt\/optibeam-e-bar-eu-twin\/\",\"name\":\"OPTIBEAM E-BAR EU TWIN - Xenonkungen\",\"isPartOf\":{\"@id\":\"https:\/\/xenonkungen.com\/#website\"},\"primaryImageOfPage\":{\"@id\":\"https:\/\/xenonkungen.com\/produkt\/optibeam-e-bar-eu-twin\/#primaryimage\"},\"image\":{\"@id\":\"https:\/\/xenonkungen.com\/produkt\/optibeam-e-bar-eu-twin\/#primaryimage\"},\"thumbnailUrl\":\"https:\/\/xenonkungen.com\/wp-content\/uploads\/2025\/04\/optibeame-bareutwinled-lisavalopaneeli_8020111005_4f6e86aba250_1.webp\",\"datePublished\":\"2025-04-15T10:11:28+00:00\",\"dateModified\":\"2026-03-25T13:02:14+00:00\",\"breadcrumb\":{\"@id\":\"https:\/\/xenonkungen.com\/produkt\/optibeam-e-bar-eu-twin\/#breadcrumb\"},\"inLanguage\":\"en-GB\",\"potentialAction\":[{\"@type\":\"ReadAction\",\"target\":[\"https:\/\/xenonkungen.com\/produkt\/optibeam-e-bar-eu-twin\/\"]}]},{\"@type\":\"ImageObject\",\"inLanguage\":\"en-GB\",\"@id\":\"https:\/\/xenonkungen.com\/produkt\/optibeam-e-bar-eu-twin\/#primaryimage\",\"url\":\"https:\/\/xenonkungen.com\/wp-content\/uploads\/2025\/04\/optibeame-bareutwinled-lisavalopaneeli_8020111005_4f6e86aba250_1.webp\",\"contentUrl\":\"https:\/\/xenonkungen.com\/wp-content\/uploads\/2025\/04\/optibeame-bareutwinled-lisavalopaneeli_8020111005_4f6e86aba250_1.webp\",\"width\":800,\"height\":600},{\"@type\":\"BreadcrumbList\",\"@id\":\"https:\/\/xenonkungen.com\/produkt\/optibeam-e-bar-eu-twin\/#breadcrumb\",\"itemListElement\":[{\"@type\":\"ListItem\",\"position\":1,\"name\":\"Hem\",\"item\":\"https:\/\/xenonkungen.com\/\"},{\"@type\":\"ListItem\",\"position\":2,\"name\":\"Shop\",\"item\":\"https:\/\/xenonkungen.com\/shop\/\"},{\"@type\":\"ListItem\",\"position\":3,\"name\":\"OPTIBEAM E-BAR EU TWIN\"}]},{\"@type\":\"WebSite\",\"@id\":\"https:\/\/xenonkungen.com\/#website\",\"url\":\"https:\/\/xenonkungen.com\/\",\"name\":\"Xenonkungen\",\"description\":\"\",\"potentialAction\":[{\"@type\":\"SearchAction\",\"target\":{\"@type\":\"EntryPoint\",\"urlTemplate\":\"https:\/\/xenonkungen.com\/?s={search_term_string}\"},\"query-input\":{\"@type\":\"PropertyValueSpecification\",\"valueRequired\":true,\"valueName\":\"search_term_string\"}}],\"inLanguage\":\"en-GB\"}]}<\/script>\n<!-- \/ Yoast SEO plugin. -->","yoast_head_json":{"title":"OPTIBEAM E-BAR EU TWIN - The Xenon King","robots":{"index":"index","follow":"follow","max-snippet":"max-snippet:-1","max-image-preview":"max-image-preview:large","max-video-preview":"max-video-preview:-1"},"canonical":"https:\/\/xenonkungen.com\/en\/product\/optibeam-e-bar-eu-twin\/","og_locale":"en_GB","og_type":"article","og_title":"OPTIBEAM E-BAR EU TWIN - Xenonkungen","og_description":"Optibeam E-Bar TWIN \u2013 Maximal Prestanda i Stilren Design Marknadens mest eleganta och kraftfulla LED-ljusramp \u2013 perfekt f\u00f6r alla fordon. Vill du ha b\u00e4ttre sikt, h\u00f6gre s\u00e4kerhet och en snyggare look p\u00e5 ditt fordon? Optibeam E-Bar TWIN \u00e4r den ultimata LED-ljusrampen d\u00e4r banbrytande prestanda m\u00f6ter stilren design. Med sin ultratunna profil och universella passform sm\u00e4lter [&hellip;]","og_url":"https:\/\/xenonkungen.com\/en\/product\/optibeam-e-bar-eu-twin\/","og_site_name":"Xenonkungen","article_modified_time":"2026-03-25T13:02:14+00:00","og_image":[{"width":800,"height":600,"url":"https:\/\/xenonkungen.com\/wp-content\/uploads\/2025\/04\/optibeame-bareutwinled-lisavalopaneeli_8020111005_4f6e86aba250_1.webp","type":"image\/webp"}],"twitter_card":"summary_large_image","twitter_misc":{"Estimated reading time":"1 minute"},"schema":{"@context":"https:\/\/schema.org","@graph":[{"@type":"WebPage","@id":"https:\/\/xenonkungen.com\/produkt\/optibeam-e-bar-eu-twin\/","url":"https:\/\/xenonkungen.com\/produkt\/optibeam-e-bar-eu-twin\/","name":"OPTIBEAM E-BAR EU TWIN - The Xenon King","isPartOf":{"@id":"https:\/\/xenonkungen.com\/#website"},"primaryImageOfPage":{"@id":"https:\/\/xenonkungen.com\/produkt\/optibeam-e-bar-eu-twin\/#primaryimage"},"image":{"@id":"https:\/\/xenonkungen.com\/produkt\/optibeam-e-bar-eu-twin\/#primaryimage"},"thumbnailUrl":"https:\/\/xenonkungen.com\/wp-content\/uploads\/2025\/04\/optibeame-bareutwinled-lisavalopaneeli_8020111005_4f6e86aba250_1.webp","datePublished":"2025-04-15T10:11:28+00:00","dateModified":"2026-03-25T13:02:14+00:00","breadcrumb":{"@id":"https:\/\/xenonkungen.com\/produkt\/optibeam-e-bar-eu-twin\/#breadcrumb"},"inLanguage":"en-GB","potentialAction":[{"@type":"ReadAction","target":["https:\/\/xenonkungen.com\/produkt\/optibeam-e-bar-eu-twin\/"]}]},{"@type":"ImageObject","inLanguage":"en-GB","@id":"https:\/\/xenonkungen.com\/produkt\/optibeam-e-bar-eu-twin\/#primaryimage","url":"https:\/\/xenonkungen.com\/wp-content\/uploads\/2025\/04\/optibeame-bareutwinled-lisavalopaneeli_8020111005_4f6e86aba250_1.webp","contentUrl":"https:\/\/xenonkungen.com\/wp-content\/uploads\/2025\/04\/optibeame-bareutwinled-lisavalopaneeli_8020111005_4f6e86aba250_1.webp","width":800,"height":600},{"@type":"BreadcrumbList","@id":"https:\/\/xenonkungen.com\/produkt\/optibeam-e-bar-eu-twin\/#breadcrumb","itemListElement":[{"@type":"ListItem","position":1,"name":"Hem","item":"https:\/\/xenonkungen.com\/"},{"@type":"ListItem","position":2,"name":"Shop","item":"https:\/\/xenonkungen.com\/shop\/"},{"@type":"ListItem","position":3,"name":"OPTIBEAM E-BAR EU TWIN"}]},{"@type":"WebSite","@id":"https:\/\/xenonkungen.com\/#website","url":"https:\/\/xenonkungen.com\/","name":"Xenonkungen","description":"","potentialAction":[{"@type":"SearchAction","target":{"@type":"EntryPoint","urlTemplate":"https:\/\/xenonkungen.com\/?s={search_term_string}"},"query-input":{"@type":"PropertyValueSpecification","valueRequired":true,"valueName":"search_term_string"}}],"inLanguage":"en-GB"}]}},"taxonomy_info":{"anvandningsomrade":[{"value":207,"label":"Husbil"},{"value":166,"label":"Lastbil"},{"value":167,"label":"PERSONBIL"},{"value":1915,"label":"Sk\u00e5pbil"}],"bilmarken":[{"value":208,"label":"Abarth"},{"value":240,"label":"Acura"},{"value":194,"label":"Alfa Romeo"},{"value":241,"label":"Alpina"},{"value":242,"label":"Aston Martin"},{"value":195,"label":"Audi"},{"value":243,"label":"Bentley"},{"value":209,"label":"BMW"},{"value":244,"label":"Bugatti"},{"value":245,"label":"Buick"},{"value":246,"label":"Cadillac"},{"value":247,"label":"Chevrolet"},{"value":248,"label":"Chrysler"},{"value":210,"label":"Citroen"},{"value":249,"label":"Cupra"},{"value":196,"label":"Dacia"},{"value":250,"label":"Daewoo"},{"value":251,"label":"Daihatsu"},{"value":252,"label":"Dodge"},{"value":253,"label":"DS"},{"value":197,"label":"Ferrari"},{"value":211,"label":"Fiat"},{"value":254,"label":"Fisker"},{"value":212,"label":"Ford"},{"value":255,"label":"Geely"},{"value":256,"label":"Genesis"},{"value":257,"label":"GMC"},{"value":258,"label":"Honda"},{"value":259,"label":"Hummer"},{"value":213,"label":"Hyundai"},{"value":260,"label":"Infiniti"},{"value":261,"label":"Isuzu"},{"value":198,"label":"Iveco"},{"value":262,"label":"Jaguar"},{"value":263,"label":"Jeep"},{"value":264,"label":"Kia"},{"value":265,"label":"Koenigsegg"},{"value":266,"label":"Lada"},{"value":267,"label":"Lamborghini"},{"value":199,"label":"Lancia"},{"value":268,"label":"Land Rover"},{"value":269,"label":"Lexus"},{"value":270,"label":"Lincoln"},{"value":271,"label":"Lotus"},{"value":200,"label":"Maserati"},{"value":272,"label":"Maxus"},{"value":273,"label":"Mazda"},{"value":274,"label":"McLaren"},{"value":215,"label":"Mercedes-Benz"},{"value":275,"label":"MG"},{"value":276,"label":"Mini"},{"value":277,"label":"Mitsubishi"},{"value":278,"label":"Nissan"},{"value":201,"label":"Opel"},{"value":279,"label":"Pagani"},{"value":202,"label":"Peugeot"},{"value":280,"label":"Polestar"},{"value":281,"label":"Pontiac"},{"value":216,"label":"Porsche"},{"value":282,"label":"RAM"},{"value":203,"label":"Renault"},{"value":283,"label":"Rivian"},{"value":284,"label":"Rolls-Royce"},{"value":285,"label":"Rover"},{"value":286,"label":"Saab"},{"value":204,"label":"Seat"},{"value":217,"label":"Skoda"},{"value":218,"label":"Smart"},{"value":287,"label":"SsangYong"},{"value":288,"label":"Subaru"},{"value":289,"label":"Suzuki"},{"value":290,"label":"Tesla"},{"value":219,"label":"Toyota"},{"value":205,"label":"Volkswagen"},{"value":169,"label":"volvo"},{"value":291,"label":"Wiesmann"}],"product_brand":[{"value":107,"label":"Optibeam"}],"product_cat":[{"value":2539,"label":"LEDRAMPER"},{"value":2965,"label":"Regpl\u00e5tsramp"}],"pa_fargtemperatur":[{"value":1486,"label":"5000"}],"pa_fuktskydd-varde-ipxx":[{"value":1002,"label":"IP68, IP69"}],"pa_godkannande":[{"value":1375,"label":"ECE, R10, R149"}],"pa_storlek-mm":[{"value":2151,"label":"537x156x36"}],"pa_stromforbrukning":[{"value":2153,"label":"8,93A @13,7V"}],"pa_volt-v":[{"value":2152,"label":"Multivolt, 9, 12, 14, 16, 18, 24, 28, 30, 32, 36"}]},"featured_image_src_large":["https:\/\/xenonkungen.com\/wp-content\/uploads\/2025\/04\/optibeame-bareutwinled-lisavalopaneeli_8020111005_4f6e86aba250_1.webp",800,600,false],"author_info":[],"comment_info":0,"_links":{"self":[{"href":"https:\/\/xenonkungen.com\/en\/wp-json\/wp\/v2\/product\/8933","targetHints":{"allow":["GET"]}}],"collection":[{"href":"https:\/\/xenonkungen.com\/en\/wp-json\/wp\/v2\/product"}],"about":[{"href":"https:\/\/xenonkungen.com\/en\/wp-json\/wp\/v2\/types\/product"}],"replies":[{"embeddable":true,"href":"https:\/\/xenonkungen.com\/en\/wp-json\/wp\/v2\/comments?post=8933"}],"wp:featuredmedia":[{"embeddable":true,"href":"https:\/\/xenonkungen.com\/en\/wp-json\/wp\/v2\/media\/8934"}],"wp:attachment":[{"href":"https:\/\/xenonkungen.com\/en\/wp-json\/wp\/v2\/media?parent=8933"}],"wp:term":[{"taxonomy":"anvandningsomrade","embeddable":true,"href":"https:\/\/xenonkungen.com\/en\/wp-json\/wp\/v2\/anvandningsomrade?post=8933"},{"taxonomy":"bilmarken","embeddable":true,"href":"https:\/\/xenonkungen.com\/en\/wp-json\/wp\/v2\/bilmarken?post=8933"},{"taxonomy":"product_brand","embeddable":true,"href":"https:\/\/xenonkungen.com\/en\/wp-json\/wp\/v2\/product_brand?post=8933"},{"taxonomy":"product_cat","embeddable":true,"href":"https:\/\/xenonkungen.com\/en\/wp-json\/wp\/v2\/product_cat?post=8933"},{"taxonomy":"product_tag","embeddable":true,"href":"https:\/\/xenonkungen.com\/en\/wp-json\/wp\/v2\/product_tag?post=8933"}],"curies":[{"name":"wp","href":"https:\/\/api.w.org\/{rel}","templated":true}]}}