{"id":9315,"date":"2025-05-20T07:54:15","date_gmt":"2025-05-20T07:54:15","guid":{"rendered":"https:\/\/xenonkungen.com\/product\/luxtar-stellar-white-rad4-yellow-canbus\/"},"modified":"2026-04-25T22:16:46","modified_gmt":"2026-04-25T21:16:46","slug":"luxtar-stellar-white-rad4-yellow-canbus","status":"publish","type":"product","link":"https:\/\/xenonkungen.com\/en\/product\/luxtar-stellar-white-rad4-yellow-canbus\/","title":{"rendered":"Luxtar Stellar White RAD4 | Yellow &gt;&gt;CANBUS<<"},"content":{"rendered":"<h2>Luxtar Stellar White RAD4 CANBUS | Yellow - World-class lighting with smart technology<\/h2>\n<p>Discover a new dimension of extra light with <strong>Luxtar Stellar White RAD4 CANBUS | Yellow<\/strong> - developed for those who don't compromise on performance, design or safety. With its 20 powerful Osram diodes and an impressive luminous flux of <strong>12 200 lumens<\/strong> it turns night into day and provides unrivalled visibility on the road.<\/p>\n<ul>\n<li>Scope: <strong>1 lux @ 790 m \/ R112: 1 lux @ 460 m<\/strong><\/li>\n<li><strong>12 200 actual lumens<\/strong> for superior brightness<\/li>\n<li><strong>Boost function<\/strong> for extra light power when needed<\/li>\n<li><strong>Dynamic start-up function<\/strong> with adjustable white or orange position light<\/li>\n<li>Unbreakable polycarbonate lens for extreme durability<\/li>\n<li><strong>CANBUS compatible<\/strong> for smooth installation<\/li>\n<li><strong>E-authorised<\/strong> and safe to use on the roads<\/li>\n<\/ul>\n<h3>Wide and bright light where you need it<\/h3>\n<p>The sophisticated <strong>The Driving Beam slide<\/strong> spreads the light widely across the road and also illuminates the edges of the road, allowing you to spot hazards in good time. With a range of up to <strong>1 lux at 790 metres<\/strong> and a well-balanced colour temperature of <strong>5500K<\/strong>, you get comfortable, bright lighting that's easy on the eyes and perfect for both on-road driving and off-road adventures.<\/p>\n<h3>Dynamic elegance<\/h3>\n<p>With the unique <strong>Dynamic start-up features<\/strong> Luxtar Stellar White RAD4 | Yellow offers a spectacular light show every time you start your car. Choose between a stylish <strong>white position light<\/strong> or a conspicuous <strong>orange light<\/strong>, and give your vehicle an exclusive look. The backlit reflector also makes an impressive visual impression both in the dark and in daylight.<\/p>\n<h3>Built to perform - whatever the weather<\/h3>\n<p>Thanks to the <strong>unbreakable polycarbonate lenses<\/strong> and a smooth, frameless front, the lamp avoids snow and ice build-up, ensuring optimal performance even in harsh conditions. <strong>Boost functions<\/strong> also provides extra brightness when needed, perfect for the most demanding driving environments.<\/p>\n<h3>CANBUS compatible and E-approved<\/h3>\n<p>Med <strong>CANBUS technology<\/strong> integrated, you avoid error messages and interference with the car's electronic system, making installation easy and smooth. The lamp is <strong>E-authorised<\/strong>which means it is legal to use on public roads, and it comes with <strong>3 year guarantee<\/strong> for maximum security.<\/p>\n<p>To ensure optimal signal transmission and performance, we recommend <strong>103179XR-DT Cable set<\/strong> to <strong>XBB Power Unit - DT<\/strong> as a signalling cable. This high quality cable set offers robust and reliable connectivity, specifically designed to meet the demands of harsh environments.<\/p>\n<h2><a href=\"https:\/\/xenonkungen.com\/wp-content\/uploads\/2025\/10\/XBB-Canbus-over-15A-inkoppling.pdf\">Click here to see the wiring diagram, Dual relay wiring harnesses with XBB\u00a0<\/a><\/h2>","protected":false},"excerpt":{"rendered":"<p>Discover the ultimate in auxiliary lighting with the Luxtar Stellar White RAD4 CANBUS | Yellow. Equipped with 20 powerful Osram diodes and 12,200 lumens for maximum brightness, it offers superior performance, safety and style \u2013 perfect for all road conditions and environments.<\/p>","protected":false},"featured_media":10287,"comment_status":"closed","ping_status":"closed","template":"","meta":{"_acf_changed":false,"_smort_price_nok":"10933","_smort_price_dkk":"8682","_smort_price_eur":"1163.13","_smort_sale_price_nok":"10933","_smort_sale_price_dkk":"","_smort_sale_price_eur":"","smort_restorder":"","shipmondo_restorder":"","_kad_blocks_custom_css":"","_kad_blocks_head_custom_js":"","_kad_blocks_body_custom_js":"","_kad_blocks_footer_custom_js":"","smort_custom_pricelist_1":"8188.8","smort_custom_pricelist_2":"7165.2","smort_custom_pricelist_3":"6653.4","smort_custom_pricelist_4":"10236","smort_custom_pricelist_5":"7165.2"},"anvandningsomrade":[207,166,167,1915],"bilmarken":[168],"product_brand":[103],"product_cat":[2826,1859],"product_tag":[2726],"class_list":{"0":"post-9315","1":"product","2":"type-product","3":"status-publish","4":"has-post-thumbnail","6":"anvandningsomrade-husbil","7":"anvandningsomrade-lastbil","8":"anvandningsomrade-personbil","9":"anvandningsomrade-skapbil","10":"bilmarken-alla","11":"product_brand-luxtar","12":"product_cat-luxtar","13":"product_cat-extraljuspaket","14":"product_tag-produktpaket","15":"pa_faktisk-effekts-forbrukning-175","16":"pa_fargtemperatur-yellow","17":"pa_fuktskydd-varde-ipxx-ip68","18":"pa_godkannande-e-marked-r112-r10-r148-r149","19":"pa_lampsockel-kontakt-dt4","20":"pa_ljusbild-driving","21":"pa_storlek-mm-229x226x90","22":"pa_stromforbrukning-5a-24v","23":"pa_stromforbrukning-88a-137v","24":"pa_volt-v-9-12-24-32","26":"first","27":"onbackorder","28":"sale","29":"taxable","30":"shipping-taxable","31":"purchasable","32":"product-type-bundle"},"bundled_by":[],"bundle_stock_status":"instock","bundle_stock_quantity":"","bundle_virtual":false,"bundle_layout":"default","bundle_add_to_cart_form_location":"default","bundle_editable_in_cart":false,"bundle_sold_individually_context":"product","bundle_item_grouping":"parent","bundle_min_size":"","bundle_max_size":"","bundle_price":{"price":{"min":{"incl_tax":"930.46","excl_tax":"744.368716704"},"max":{"incl_tax":"930.46","excl_tax":"744.368716704"}},"regular_price":{"min":{"incl_tax":"1163.08","excl_tax":"930.46089588"},"max":{"incl_tax":"1163.08","excl_tax":"930.46089588"}}},"bundled_items":[{"bundled_item_id":130,"product_id":1056,"menu_order":0,"quantity_min":1,"quantity_max":1,"quantity_default":1,"priced_individually":false,"shipped_individually":false,"override_title":false,"title":"Luxtar Relay cable set DT-4 X4 12V 80A Relay","override_description":false,"description":"","optional":false,"hide_thumbnail":false,"discount":"","override_variations":false,"allowed_variations":[],"override_default_variation_attributes":false,"default_variation_attributes":[],"single_product_visibility":"visible","cart_visibility":"visible","order_visibility":"visible","single_product_price_visibility":"visible","cart_price_visibility":"visible","order_price_visibility":"visible","stock_status":"in_stock"},{"bundled_item_id":131,"product_id":2718,"menu_order":1,"quantity_min":1,"quantity_max":1,"quantity_default":1,"priced_individually":false,"shipped_individually":false,"override_title":false,"title":"Extra light bracket for 4 x 225mm|9\"","override_description":false,"description":"","optional":false,"hide_thumbnail":false,"discount":"","override_variations":false,"allowed_variations":[],"override_default_variation_attributes":false,"default_variation_attributes":[],"single_product_visibility":"visible","cart_visibility":"visible","order_visibility":"visible","single_product_price_visibility":"visible","cart_price_visibility":"visible","order_price_visibility":"visible","stock_status":"in_stock"},{"bundled_item_id":132,"product_id":1538,"menu_order":2,"quantity_min":1,"quantity_max":1,"quantity_default":1,"priced_individually":false,"shipped_individually":false,"override_title":false,"title":"XBB OBD-II Dongle + PowerUnit","override_description":false,"description":"","optional":false,"hide_thumbnail":false,"discount":"","override_variations":false,"allowed_variations":[],"override_default_variation_attributes":false,"default_variation_attributes":[],"single_product_visibility":"visible","cart_visibility":"visible","order_visibility":"visible","single_product_price_visibility":"visible","cart_price_visibility":"visible","order_price_visibility":"visible","stock_status":"on_backorder"},{"bundled_item_id":133,"product_id":2605,"menu_order":3,"quantity_min":1,"quantity_max":1,"quantity_default":1,"priced_individually":false,"shipped_individually":false,"override_title":false,"title":"Cable set for XBB Power Unit - DT","override_description":false,"description":"","optional":false,"hide_thumbnail":false,"discount":"","override_variations":false,"allowed_variations":[],"override_default_variation_attributes":false,"default_variation_attributes":[],"single_product_visibility":"visible","cart_visibility":"visible","order_visibility":"visible","single_product_price_visibility":"visible","cart_price_visibility":"visible","order_price_visibility":"visible","stock_status":"in_stock"}],"bundle_sell_ids":[],"acf":[],"yoast_head":"<!-- This site is optimized with the Yoast SEO plugin v27.0 - https:\/\/yoast.com\/product\/yoast-seo-wordpress\/ -->\n<title>Luxtar Stellar White RAD4 | Yellow &gt;&gt;CANBUS<\/title>\n<meta name=\"robots\" content=\"index, follow, max-snippet:-1, max-image-preview:large, max-video-preview:-1\" \/>\n<link rel=\"canonical\" href=\"https:\/\/xenonkungen.com\/en\/product\/luxtar-stellar-white-rad4-yellow-canbus\/\" \/>\n<meta property=\"og:locale\" content=\"en_GB\" \/>\n<meta property=\"og:type\" content=\"article\" \/>\n<meta property=\"og:title\" content=\"Luxtar Stellar White RAD4 | Yellow &gt;&gt;CANBUS\" \/>\n<meta property=\"og:description\" content=\"Uppt\u00e4ck den ultimata extrabelysningen med Luxtar Stellar White RAD4 CANBUS | Yellow. Utrustad med 20 kraftfulla Osram-dioder och 12 200 lumen f\u00f6r maximal ljusstyrka, erbjuder den \u00f6verl\u00e4gsen prestanda, s\u00e4kerhet och stil \u2013 perfekt f\u00f6r alla v\u00e4gf\u00f6rh\u00e5llanden och milj\u00f6er.\" \/>\n<meta property=\"og:url\" content=\"https:\/\/xenonkungen.com\/en\/product\/luxtar-stellar-white-rad4-yellow-canbus\/\" \/>\n<meta property=\"og:site_name\" content=\"Xenonkungen\" \/>\n<meta property=\"article:modified_time\" content=\"2026-04-25T21:16:46+00:00\" \/>\n<meta property=\"og:image\" content=\"https:\/\/xenonkungen.com\/wp-content\/uploads\/2025\/05\/XXC-Stellar4WY.png\" \/>\n\t<meta property=\"og:image:width\" content=\"1000\" \/>\n\t<meta property=\"og:image:height\" content=\"1000\" \/>\n\t<meta property=\"og:image:type\" content=\"image\/png\" \/>\n<meta name=\"twitter:card\" content=\"summary_large_image\" \/>\n<meta name=\"twitter:label1\" content=\"Estimated reading time\" \/>\n\t<meta name=\"twitter:data1\" content=\"3 minutes\" \/>\n<script type=\"application\/ld+json\" class=\"yoast-schema-graph\">{\"@context\":\"https:\/\/schema.org\",\"@graph\":[{\"@type\":\"WebPage\",\"@id\":\"https:\/\/xenonkungen.com\/produkt\/luxtar-stellar-white-rad4-yellow-canbus\/\",\"url\":\"https:\/\/xenonkungen.com\/produkt\/luxtar-stellar-white-rad4-yellow-canbus\/\",\"name\":\"Luxtar Stellar White RAD4 | Yellow >>CANBUS\",\"isPartOf\":{\"@id\":\"https:\/\/xenonkungen.com\/#website\"},\"primaryImageOfPage\":{\"@id\":\"https:\/\/xenonkungen.com\/produkt\/luxtar-stellar-white-rad4-yellow-canbus\/#primaryimage\"},\"image\":{\"@id\":\"https:\/\/xenonkungen.com\/produkt\/luxtar-stellar-white-rad4-yellow-canbus\/#primaryimage\"},\"thumbnailUrl\":\"https:\/\/xenonkungen.com\/wp-content\/uploads\/2025\/05\/XXC-Stellar4WY.png\",\"datePublished\":\"2025-05-20T07:54:15+00:00\",\"dateModified\":\"2026-04-25T21:16:46+00:00\",\"breadcrumb\":{\"@id\":\"https:\/\/xenonkungen.com\/produkt\/luxtar-stellar-white-rad4-yellow-canbus\/#breadcrumb\"},\"inLanguage\":\"en-GB\",\"potentialAction\":[{\"@type\":\"ReadAction\",\"target\":[\"https:\/\/xenonkungen.com\/produkt\/luxtar-stellar-white-rad4-yellow-canbus\/\"]}]},{\"@type\":\"ImageObject\",\"inLanguage\":\"en-GB\",\"@id\":\"https:\/\/xenonkungen.com\/produkt\/luxtar-stellar-white-rad4-yellow-canbus\/#primaryimage\",\"url\":\"https:\/\/xenonkungen.com\/wp-content\/uploads\/2025\/05\/XXC-Stellar4WY.png\",\"contentUrl\":\"https:\/\/xenonkungen.com\/wp-content\/uploads\/2025\/05\/XXC-Stellar4WY.png\",\"width\":1000,\"height\":1000},{\"@type\":\"BreadcrumbList\",\"@id\":\"https:\/\/xenonkungen.com\/produkt\/luxtar-stellar-white-rad4-yellow-canbus\/#breadcrumb\",\"itemListElement\":[{\"@type\":\"ListItem\",\"position\":1,\"name\":\"Hem\",\"item\":\"https:\/\/xenonkungen.com\/\"},{\"@type\":\"ListItem\",\"position\":2,\"name\":\"Shop\",\"item\":\"https:\/\/xenonkungen.com\/shop\/\"},{\"@type\":\"ListItem\",\"position\":3,\"name\":\"Luxtar Stellar White RAD4 | Yellow >>CANBUS\"}]},{\"@type\":\"WebSite\",\"@id\":\"https:\/\/xenonkungen.com\/#website\",\"url\":\"https:\/\/xenonkungen.com\/\",\"name\":\"Xenonkungen\",\"description\":\"\",\"potentialAction\":[{\"@type\":\"SearchAction\",\"target\":{\"@type\":\"EntryPoint\",\"urlTemplate\":\"https:\/\/xenonkungen.com\/?s={search_term_string}\"},\"query-input\":{\"@type\":\"PropertyValueSpecification\",\"valueRequired\":true,\"valueName\":\"search_term_string\"}}],\"inLanguage\":\"en-GB\"}]}<\/script>\n<!-- \/ Yoast SEO plugin. -->","yoast_head_json":{"title":"Luxtar Stellar White RAD4 | Yellow &gt;&gt;CANBUS","robots":{"index":"index","follow":"follow","max-snippet":"max-snippet:-1","max-image-preview":"max-image-preview:large","max-video-preview":"max-video-preview:-1"},"canonical":"https:\/\/xenonkungen.com\/en\/product\/luxtar-stellar-white-rad4-yellow-canbus\/","og_locale":"en_GB","og_type":"article","og_title":"Luxtar Stellar White RAD4 | Yellow >>CANBUS","og_description":"Uppt\u00e4ck den ultimata extrabelysningen med Luxtar Stellar White RAD4 CANBUS | Yellow. Utrustad med 20 kraftfulla Osram-dioder och 12 200 lumen f\u00f6r maximal ljusstyrka, erbjuder den \u00f6verl\u00e4gsen prestanda, s\u00e4kerhet och stil \u2013 perfekt f\u00f6r alla v\u00e4gf\u00f6rh\u00e5llanden och milj\u00f6er.","og_url":"https:\/\/xenonkungen.com\/en\/product\/luxtar-stellar-white-rad4-yellow-canbus\/","og_site_name":"Xenonkungen","article_modified_time":"2026-04-25T21:16:46+00:00","og_image":[{"width":1000,"height":1000,"url":"https:\/\/xenonkungen.com\/wp-content\/uploads\/2025\/05\/XXC-Stellar4WY.png","type":"image\/png"}],"twitter_card":"summary_large_image","twitter_misc":{"Estimated reading time":"3 minutes"},"schema":{"@context":"https:\/\/schema.org","@graph":[{"@type":"WebPage","@id":"https:\/\/xenonkungen.com\/produkt\/luxtar-stellar-white-rad4-yellow-canbus\/","url":"https:\/\/xenonkungen.com\/produkt\/luxtar-stellar-white-rad4-yellow-canbus\/","name":"Luxtar Stellar White RAD4 | Yellow &gt;&gt;CANBUS","isPartOf":{"@id":"https:\/\/xenonkungen.com\/#website"},"primaryImageOfPage":{"@id":"https:\/\/xenonkungen.com\/produkt\/luxtar-stellar-white-rad4-yellow-canbus\/#primaryimage"},"image":{"@id":"https:\/\/xenonkungen.com\/produkt\/luxtar-stellar-white-rad4-yellow-canbus\/#primaryimage"},"thumbnailUrl":"https:\/\/xenonkungen.com\/wp-content\/uploads\/2025\/05\/XXC-Stellar4WY.png","datePublished":"2025-05-20T07:54:15+00:00","dateModified":"2026-04-25T21:16:46+00:00","breadcrumb":{"@id":"https:\/\/xenonkungen.com\/produkt\/luxtar-stellar-white-rad4-yellow-canbus\/#breadcrumb"},"inLanguage":"en-GB","potentialAction":[{"@type":"ReadAction","target":["https:\/\/xenonkungen.com\/produkt\/luxtar-stellar-white-rad4-yellow-canbus\/"]}]},{"@type":"ImageObject","inLanguage":"en-GB","@id":"https:\/\/xenonkungen.com\/produkt\/luxtar-stellar-white-rad4-yellow-canbus\/#primaryimage","url":"https:\/\/xenonkungen.com\/wp-content\/uploads\/2025\/05\/XXC-Stellar4WY.png","contentUrl":"https:\/\/xenonkungen.com\/wp-content\/uploads\/2025\/05\/XXC-Stellar4WY.png","width":1000,"height":1000},{"@type":"BreadcrumbList","@id":"https:\/\/xenonkungen.com\/produkt\/luxtar-stellar-white-rad4-yellow-canbus\/#breadcrumb","itemListElement":[{"@type":"ListItem","position":1,"name":"Hem","item":"https:\/\/xenonkungen.com\/"},{"@type":"ListItem","position":2,"name":"Shop","item":"https:\/\/xenonkungen.com\/shop\/"},{"@type":"ListItem","position":3,"name":"Luxtar Stellar White RAD4 | Yellow >>CANBUS"}]},{"@type":"WebSite","@id":"https:\/\/xenonkungen.com\/#website","url":"https:\/\/xenonkungen.com\/","name":"Xenonkungen","description":"","potentialAction":[{"@type":"SearchAction","target":{"@type":"EntryPoint","urlTemplate":"https:\/\/xenonkungen.com\/?s={search_term_string}"},"query-input":{"@type":"PropertyValueSpecification","valueRequired":true,"valueName":"search_term_string"}}],"inLanguage":"en-GB"}]}},"taxonomy_info":{"anvandningsomrade":[{"value":207,"label":"Husbil"},{"value":166,"label":"Lastbil"},{"value":167,"label":"PERSONBIL"},{"value":1915,"label":"Sk\u00e5pbil"}],"bilmarken":[{"value":168,"label":"Alla"}],"product_brand":[{"value":103,"label":"LUXTAR"}],"product_cat":[{"value":2826,"label":"LUXTAR"},{"value":1859,"label":"Extraljuspaket"}],"product_tag":[{"value":2726,"label":"produktpaket"}],"pa_faktisk-effekts-forbrukning":[{"value":175,"label":"120"}],"pa_fargtemperatur":[{"value":1117,"label":"Yellow"}],"pa_fuktskydd-varde-ipxx":[{"value":177,"label":"IP68"}],"pa_godkannande":[{"value":2187,"label":"E marked , R112 , R10 , R148 , R149"}],"pa_lampsockel-kontakt":[{"value":404,"label":"DT4"}],"pa_ljusbild":[{"value":178,"label":"Driving"}],"pa_storlek-mm":[{"value":2185,"label":"229x226x90"}],"pa_stromforbrukning":[{"value":180,"label":"5A @24V"},{"value":179,"label":"8,8A @13,7V"}],"pa_volt-v":[{"value":2186,"label":"9, 12, 24, 32"}]},"featured_image_src_large":["https:\/\/xenonkungen.com\/wp-content\/uploads\/2025\/05\/XXC-Stellar4WY.png",1000,1000,false],"author_info":[],"comment_info":0,"_links":{"self":[{"href":"https:\/\/xenonkungen.com\/en\/wp-json\/wp\/v2\/product\/9315","targetHints":{"allow":["GET"]}}],"collection":[{"href":"https:\/\/xenonkungen.com\/en\/wp-json\/wp\/v2\/product"}],"about":[{"href":"https:\/\/xenonkungen.com\/en\/wp-json\/wp\/v2\/types\/product"}],"replies":[{"embeddable":true,"href":"https:\/\/xenonkungen.com\/en\/wp-json\/wp\/v2\/comments?post=9315"}],"wp:featuredmedia":[{"embeddable":true,"href":"https:\/\/xenonkungen.com\/en\/wp-json\/wp\/v2\/media\/10287"}],"wp:attachment":[{"href":"https:\/\/xenonkungen.com\/en\/wp-json\/wp\/v2\/media?parent=9315"}],"wp:term":[{"taxonomy":"anvandningsomrade","embeddable":true,"href":"https:\/\/xenonkungen.com\/en\/wp-json\/wp\/v2\/anvandningsomrade?post=9315"},{"taxonomy":"bilmarken","embeddable":true,"href":"https:\/\/xenonkungen.com\/en\/wp-json\/wp\/v2\/bilmarken?post=9315"},{"taxonomy":"product_brand","embeddable":true,"href":"https:\/\/xenonkungen.com\/en\/wp-json\/wp\/v2\/product_brand?post=9315"},{"taxonomy":"product_cat","embeddable":true,"href":"https:\/\/xenonkungen.com\/en\/wp-json\/wp\/v2\/product_cat?post=9315"},{"taxonomy":"product_tag","embeddable":true,"href":"https:\/\/xenonkungen.com\/en\/wp-json\/wp\/v2\/product_tag?post=9315"}],"curies":[{"name":"wp","href":"https:\/\/api.w.org\/{rel}","templated":true}]}}