{"id":9327,"date":"2025-05-20T07:54:15","date_gmt":"2025-05-20T07:54:15","guid":{"rendered":"https:\/\/xenonkungen.com\/product\/2-pack-extraljus-nbb225-35w-original\/"},"modified":"2026-04-05T18:29:00","modified_gmt":"2026-04-05T17:29:00","slug":"2-pack-of-extra-lights-nbb225-35w-original","status":"publish","type":"product","link":"https:\/\/xenonkungen.com\/en\/product\/2-pack-of-extra-lights-nbb225-35w-original\/","title":{"rendered":"2-PACK Extra light NBB225 35W Original"},"content":{"rendered":"<h1>Product Description for 2-PACK Extra Light NBB225 35W Original<\/h1>\n<p><strong>Optimise your driving experience with the 2-PACK Extra Light NBB225 35W Original.<\/strong> This package consists of two high-quality NBB225 LED auxiliary lights with Driving\/High beam, perfect for those looking for efficient and reliable lighting for safer night driving.<\/p>\n<h2>Characteristics:<\/h2>\n<ul>\n<li><strong>Powerful and even lighting:<\/strong> With two 35W ballasts, these lamps together provide 6600 lumens. An ideal solution to enhance your vehicle lighting setup without overloading the system.<\/li>\n<li><strong>Durability and Performance:<\/strong> Made from robust materials including fibreglass reinforced plastic and an efficient aluminium reflector<\/li>\n<\/ul>","protected":false},"excerpt":{"rendered":"<p>Maximise visibility and safety on the road with this 2-PACK of powerful NBB225 35W Original auxiliary lights. Perfect for those who want to increase the brightness when driving in the dark. Order your extra lights today in our online store!<\/p>","protected":false},"featured_media":9892,"comment_status":"closed","ping_status":"open","template":"","meta":{"_acf_changed":false,"_smort_price_nok":"5906","_smort_price_dkk":"3752","_smort_price_eur":"502.61","_smort_sale_price_nok":"","_smort_sale_price_dkk":"","_smort_sale_price_eur":"","smort_restorder":"","shipmondo_restorder":"","_kad_blocks_custom_css":"","_kad_blocks_head_custom_js":"","_kad_blocks_body_custom_js":"","_kad_blocks_footer_custom_js":"","smort_custom_pricelist_1":"3538.56","smort_custom_pricelist_2":"3147.66","smort_custom_pricelist_3":"3147.66","smort_custom_pricelist_4":"4423.2","smort_custom_pricelist_5":"3147.66"},"anvandningsomrade":[207,167,1915],"bilmarken":[168],"product_brand":[104],"product_cat":[1859],"product_tag":[2726],"class_list":{"0":"post-9327","1":"product","2":"type-product","3":"status-publish","4":"has-post-thumbnail","6":"anvandningsomrade-husbil","7":"anvandningsomrade-personbil","8":"anvandningsomrade-skapbil","9":"bilmarken-alla","10":"product_brand-nbb","11":"product_cat-extraljuspaket","12":"product_tag-produktpaket","14":"first","15":"instock","16":"taxable","17":"shipping-taxable","18":"purchasable","19":"product-type-bundle"},"bundled_by":[],"bundle_stock_status":"instock","bundle_stock_quantity":2,"bundle_virtual":false,"bundle_layout":"default","bundle_add_to_cart_form_location":"default","bundle_editable_in_cart":false,"bundle_sold_individually_context":"product","bundle_item_grouping":"parent","bundle_min_size":"","bundle_max_size":"","bundle_price":{"price":{"min":{"incl_tax":"502.59","excl_tax":"402.072551256"},"max":{"incl_tax":"502.59","excl_tax":"402.072551256"}},"regular_price":{"min":{"incl_tax":"502.59","excl_tax":"402.072551256"},"max":{"incl_tax":"502.59","excl_tax":"402.072551256"}}},"bundled_items":[{"bundled_item_id":138,"product_id":2699,"menu_order":0,"quantity_min":1,"quantity_max":1,"quantity_default":1,"priced_individually":false,"shipped_individually":false,"override_title":false,"title":"","override_description":false,"description":"","optional":false,"hide_thumbnail":false,"discount":null,"override_variations":false,"allowed_variations":[],"override_default_variation_attributes":false,"default_variation_attributes":[],"single_product_visibility":"visible","cart_visibility":"visible","order_visibility":"visible","single_product_price_visibility":"visible","cart_price_visibility":"visible","order_price_visibility":"visible","stock_status":"in_stock"},{"bundled_item_id":139,"product_id":994,"menu_order":0,"quantity_min":1,"quantity_max":1,"quantity_default":1,"priced_individually":false,"shipped_individually":false,"override_title":false,"title":"","override_description":false,"description":"","optional":false,"hide_thumbnail":false,"discount":null,"override_variations":false,"allowed_variations":[],"override_default_variation_attributes":false,"default_variation_attributes":[],"single_product_visibility":"visible","cart_visibility":"visible","order_visibility":"visible","single_product_price_visibility":"visible","cart_price_visibility":"visible","order_price_visibility":"visible","stock_status":"in_stock"},{"bundled_item_id":140,"product_id":3043,"menu_order":0,"quantity_min":1,"quantity_max":1,"quantity_default":1,"priced_individually":false,"shipped_individually":false,"override_title":false,"title":"","override_description":false,"description":"","optional":false,"hide_thumbnail":false,"discount":null,"override_variations":false,"allowed_variations":[],"override_default_variation_attributes":false,"default_variation_attributes":[],"single_product_visibility":"visible","cart_visibility":"visible","order_visibility":"visible","single_product_price_visibility":"visible","cart_price_visibility":"visible","order_price_visibility":"visible","stock_status":"in_stock"},{"bundled_item_id":141,"product_id":2720,"menu_order":0,"quantity_min":1,"quantity_max":1,"quantity_default":1,"priced_individually":false,"shipped_individually":false,"override_title":false,"title":"","override_description":false,"description":"","optional":false,"hide_thumbnail":false,"discount":null,"override_variations":false,"allowed_variations":[],"override_default_variation_attributes":false,"default_variation_attributes":[],"single_product_visibility":"visible","cart_visibility":"visible","order_visibility":"visible","single_product_price_visibility":"visible","cart_price_visibility":"visible","order_price_visibility":"visible","stock_status":"in_stock"}],"bundle_sell_ids":[],"acf":[],"yoast_head":"<!-- This site is optimized with the Yoast SEO plugin v27.0 - https:\/\/yoast.com\/product\/yoast-seo-wordpress\/ -->\n<title>2-PACK Extraljus NBB225 35W Original - Xenonkungen<\/title>\n<meta name=\"robots\" content=\"index, follow, max-snippet:-1, max-image-preview:large, max-video-preview:-1\" \/>\n<link rel=\"canonical\" href=\"https:\/\/xenonkungen.com\/en\/product\/2-pack-of-extra-lights-nbb225-35w-original\/\" \/>\n<meta property=\"og:locale\" content=\"en_GB\" \/>\n<meta property=\"og:type\" content=\"article\" \/>\n<meta property=\"og:title\" content=\"2-PACK Extraljus NBB225 35W Original - Xenonkungen\" \/>\n<meta property=\"og:description\" content=\"F\u00e5 maximal synlighet och s\u00e4kerhet p\u00e5 v\u00e4gen med detta 2-PACK av kraftfulla NBB225 35W Original extraljus. Perfekt f\u00f6r dig som vill \u00f6ka ljusstyrkan n\u00e4r du k\u00f6r i m\u00f6rkret. Best\u00e4ll dina extraljus idag i v\u00e5r webbutik!\" \/>\n<meta property=\"og:url\" content=\"https:\/\/xenonkungen.com\/en\/product\/2-pack-of-extra-lights-nbb225-35w-original\/\" \/>\n<meta property=\"og:site_name\" content=\"Xenonkungen\" \/>\n<meta property=\"article:modified_time\" content=\"2026-04-05T17:29:00+00:00\" \/>\n<meta property=\"og:image\" content=\"https:\/\/xenonkungen.com\/wp-content\/uploads\/2025\/05\/211542581-origpic-d105ed-1.png\" \/>\n\t<meta property=\"og:image:width\" content=\"1000\" \/>\n\t<meta property=\"og:image:height\" content=\"1000\" \/>\n\t<meta property=\"og:image:type\" content=\"image\/png\" \/>\n<meta name=\"twitter:card\" content=\"summary_large_image\" \/>\n<meta name=\"twitter:label1\" content=\"Estimated reading time\" \/>\n\t<meta name=\"twitter:data1\" content=\"1 minute\" \/>\n<script type=\"application\/ld+json\" class=\"yoast-schema-graph\">{\"@context\":\"https:\/\/schema.org\",\"@graph\":[{\"@type\":\"WebPage\",\"@id\":\"https:\/\/xenonkungen.com\/produkt\/2-pack-extraljus-nbb225-35w-original\/\",\"url\":\"https:\/\/xenonkungen.com\/produkt\/2-pack-extraljus-nbb225-35w-original\/\",\"name\":\"2-PACK Extraljus NBB225 35W Original - Xenonkungen\",\"isPartOf\":{\"@id\":\"https:\/\/xenonkungen.com\/#website\"},\"primaryImageOfPage\":{\"@id\":\"https:\/\/xenonkungen.com\/produkt\/2-pack-extraljus-nbb225-35w-original\/#primaryimage\"},\"image\":{\"@id\":\"https:\/\/xenonkungen.com\/produkt\/2-pack-extraljus-nbb225-35w-original\/#primaryimage\"},\"thumbnailUrl\":\"https:\/\/xenonkungen.com\/wp-content\/uploads\/2025\/05\/211542581-origpic-d105ed-1.png\",\"datePublished\":\"2025-05-20T07:54:15+00:00\",\"dateModified\":\"2026-04-05T17:29:00+00:00\",\"breadcrumb\":{\"@id\":\"https:\/\/xenonkungen.com\/produkt\/2-pack-extraljus-nbb225-35w-original\/#breadcrumb\"},\"inLanguage\":\"en-GB\",\"potentialAction\":[{\"@type\":\"ReadAction\",\"target\":[\"https:\/\/xenonkungen.com\/produkt\/2-pack-extraljus-nbb225-35w-original\/\"]}]},{\"@type\":\"ImageObject\",\"inLanguage\":\"en-GB\",\"@id\":\"https:\/\/xenonkungen.com\/produkt\/2-pack-extraljus-nbb225-35w-original\/#primaryimage\",\"url\":\"https:\/\/xenonkungen.com\/wp-content\/uploads\/2025\/05\/211542581-origpic-d105ed-1.png\",\"contentUrl\":\"https:\/\/xenonkungen.com\/wp-content\/uploads\/2025\/05\/211542581-origpic-d105ed-1.png\",\"width\":1000,\"height\":1000},{\"@type\":\"BreadcrumbList\",\"@id\":\"https:\/\/xenonkungen.com\/produkt\/2-pack-extraljus-nbb225-35w-original\/#breadcrumb\",\"itemListElement\":[{\"@type\":\"ListItem\",\"position\":1,\"name\":\"Hem\",\"item\":\"https:\/\/xenonkungen.com\/\"},{\"@type\":\"ListItem\",\"position\":2,\"name\":\"Shop\",\"item\":\"https:\/\/xenonkungen.com\/shop\/\"},{\"@type\":\"ListItem\",\"position\":3,\"name\":\"2-PACK Extraljus NBB225 35W Original\"}]},{\"@type\":\"WebSite\",\"@id\":\"https:\/\/xenonkungen.com\/#website\",\"url\":\"https:\/\/xenonkungen.com\/\",\"name\":\"Xenonkungen\",\"description\":\"\",\"potentialAction\":[{\"@type\":\"SearchAction\",\"target\":{\"@type\":\"EntryPoint\",\"urlTemplate\":\"https:\/\/xenonkungen.com\/?s={search_term_string}\"},\"query-input\":{\"@type\":\"PropertyValueSpecification\",\"valueRequired\":true,\"valueName\":\"search_term_string\"}}],\"inLanguage\":\"en-GB\"}]}<\/script>\n<!-- \/ Yoast SEO plugin. -->","yoast_head_json":{"title":"2-PACK Auxiliary light NBB225 35W Original - Xenonkungen","robots":{"index":"index","follow":"follow","max-snippet":"max-snippet:-1","max-image-preview":"max-image-preview:large","max-video-preview":"max-video-preview:-1"},"canonical":"https:\/\/xenonkungen.com\/en\/product\/2-pack-of-extra-lights-nbb225-35w-original\/","og_locale":"en_GB","og_type":"article","og_title":"2-PACK Extraljus NBB225 35W Original - Xenonkungen","og_description":"F\u00e5 maximal synlighet och s\u00e4kerhet p\u00e5 v\u00e4gen med detta 2-PACK av kraftfulla NBB225 35W Original extraljus. Perfekt f\u00f6r dig som vill \u00f6ka ljusstyrkan n\u00e4r du k\u00f6r i m\u00f6rkret. Best\u00e4ll dina extraljus idag i v\u00e5r webbutik!","og_url":"https:\/\/xenonkungen.com\/en\/product\/2-pack-of-extra-lights-nbb225-35w-original\/","og_site_name":"Xenonkungen","article_modified_time":"2026-04-05T17:29:00+00:00","og_image":[{"width":1000,"height":1000,"url":"https:\/\/xenonkungen.com\/wp-content\/uploads\/2025\/05\/211542581-origpic-d105ed-1.png","type":"image\/png"}],"twitter_card":"summary_large_image","twitter_misc":{"Estimated reading time":"1 minute"},"schema":{"@context":"https:\/\/schema.org","@graph":[{"@type":"WebPage","@id":"https:\/\/xenonkungen.com\/produkt\/2-pack-extraljus-nbb225-35w-original\/","url":"https:\/\/xenonkungen.com\/produkt\/2-pack-extraljus-nbb225-35w-original\/","name":"2-PACK Auxiliary light NBB225 35W Original - Xenonkungen","isPartOf":{"@id":"https:\/\/xenonkungen.com\/#website"},"primaryImageOfPage":{"@id":"https:\/\/xenonkungen.com\/produkt\/2-pack-extraljus-nbb225-35w-original\/#primaryimage"},"image":{"@id":"https:\/\/xenonkungen.com\/produkt\/2-pack-extraljus-nbb225-35w-original\/#primaryimage"},"thumbnailUrl":"https:\/\/xenonkungen.com\/wp-content\/uploads\/2025\/05\/211542581-origpic-d105ed-1.png","datePublished":"2025-05-20T07:54:15+00:00","dateModified":"2026-04-05T17:29:00+00:00","breadcrumb":{"@id":"https:\/\/xenonkungen.com\/produkt\/2-pack-extraljus-nbb225-35w-original\/#breadcrumb"},"inLanguage":"en-GB","potentialAction":[{"@type":"ReadAction","target":["https:\/\/xenonkungen.com\/produkt\/2-pack-extraljus-nbb225-35w-original\/"]}]},{"@type":"ImageObject","inLanguage":"en-GB","@id":"https:\/\/xenonkungen.com\/produkt\/2-pack-extraljus-nbb225-35w-original\/#primaryimage","url":"https:\/\/xenonkungen.com\/wp-content\/uploads\/2025\/05\/211542581-origpic-d105ed-1.png","contentUrl":"https:\/\/xenonkungen.com\/wp-content\/uploads\/2025\/05\/211542581-origpic-d105ed-1.png","width":1000,"height":1000},{"@type":"BreadcrumbList","@id":"https:\/\/xenonkungen.com\/produkt\/2-pack-extraljus-nbb225-35w-original\/#breadcrumb","itemListElement":[{"@type":"ListItem","position":1,"name":"Hem","item":"https:\/\/xenonkungen.com\/"},{"@type":"ListItem","position":2,"name":"Shop","item":"https:\/\/xenonkungen.com\/shop\/"},{"@type":"ListItem","position":3,"name":"2-PACK Extraljus NBB225 35W Original"}]},{"@type":"WebSite","@id":"https:\/\/xenonkungen.com\/#website","url":"https:\/\/xenonkungen.com\/","name":"Xenonkungen","description":"","potentialAction":[{"@type":"SearchAction","target":{"@type":"EntryPoint","urlTemplate":"https:\/\/xenonkungen.com\/?s={search_term_string}"},"query-input":{"@type":"PropertyValueSpecification","valueRequired":true,"valueName":"search_term_string"}}],"inLanguage":"en-GB"}]}},"taxonomy_info":{"anvandningsomrade":[{"value":207,"label":"Husbil"},{"value":167,"label":"PERSONBIL"},{"value":1915,"label":"Sk\u00e5pbil"}],"bilmarken":[{"value":168,"label":"Alla"}],"product_brand":[{"value":104,"label":"NBB"}],"product_cat":[{"value":1859,"label":"Extraljuspaket"}],"product_tag":[{"value":2726,"label":"produktpaket"}]},"featured_image_src_large":["https:\/\/xenonkungen.com\/wp-content\/uploads\/2025\/05\/211542581-origpic-d105ed-1.png",1000,1000,false],"author_info":[],"comment_info":0,"_links":{"self":[{"href":"https:\/\/xenonkungen.com\/en\/wp-json\/wp\/v2\/product\/9327","targetHints":{"allow":["GET"]}}],"collection":[{"href":"https:\/\/xenonkungen.com\/en\/wp-json\/wp\/v2\/product"}],"about":[{"href":"https:\/\/xenonkungen.com\/en\/wp-json\/wp\/v2\/types\/product"}],"replies":[{"embeddable":true,"href":"https:\/\/xenonkungen.com\/en\/wp-json\/wp\/v2\/comments?post=9327"}],"wp:featuredmedia":[{"embeddable":true,"href":"https:\/\/xenonkungen.com\/en\/wp-json\/wp\/v2\/media\/9892"}],"wp:attachment":[{"href":"https:\/\/xenonkungen.com\/en\/wp-json\/wp\/v2\/media?parent=9327"}],"wp:term":[{"taxonomy":"anvandningsomrade","embeddable":true,"href":"https:\/\/xenonkungen.com\/en\/wp-json\/wp\/v2\/anvandningsomrade?post=9327"},{"taxonomy":"bilmarken","embeddable":true,"href":"https:\/\/xenonkungen.com\/en\/wp-json\/wp\/v2\/bilmarken?post=9327"},{"taxonomy":"product_brand","embeddable":true,"href":"https:\/\/xenonkungen.com\/en\/wp-json\/wp\/v2\/product_brand?post=9327"},{"taxonomy":"product_cat","embeddable":true,"href":"https:\/\/xenonkungen.com\/en\/wp-json\/wp\/v2\/product_cat?post=9327"},{"taxonomy":"product_tag","embeddable":true,"href":"https:\/\/xenonkungen.com\/en\/wp-json\/wp\/v2\/product_tag?post=9327"}],"curies":[{"name":"wp","href":"https:\/\/api.w.org\/{rel}","templated":true}]}}