{"id":9333,"date":"2025-05-20T07:54:15","date_gmt":"2025-05-20T07:54:15","guid":{"rendered":"https:\/\/xenonkungen.com\/product\/rally-5-nbb225-35w-original\/"},"modified":"2026-05-13T08:03:51","modified_gmt":"2026-05-13T07:03:51","slug":"rally-5-nbb225-35w-original","status":"publish","type":"product","link":"https:\/\/xenonkungen.com\/en\/product\/rally-5-nbb225-35w-original\/","title":{"rendered":"Rally 5 NBB225 35W Original"},"content":{"rendered":"<h1>Product Description for Rally5 Package - NBB Original 225 LED<\/h1>\n<p><strong>Explore the power of the Rally5 Package from NBB Original 225 LED, a groundbreaking solution for your vehicle lighting.<\/strong> This package is perfect for anyone who requires exceptional lighting during night driving or in tough conditions. With five high-performance NBB Original 225 LED auxiliary lights, designed with Driving\/Distant light pattern, you can light up the road far ahead like never before.<\/p>\n<h2>Characteristics:<\/h2>\n<ul>\n<li><strong>Efficient Xenon lighting:<\/strong> Each lamp is equipped with a 35W ballast, factory installed, providing approximately 3300 lumens per lamp. The total luminous flux from five lamps amounts to an impressive 16500 lumens, offering outstanding light output and range.<\/li>\n<li><strong>Built for durability and performance:<\/strong> The lanterns are made of fibreglass-reinforced plastic with an aluminium free-form reflector and a clear polycarbonate lens, ensuring both durability and optimal light distribution.<\/li>\n<li><strong>Complete assembly kit:<\/strong> The Rally5 Bundle includes everything you need for installation - relay wiring, struts, and brackets, making it easy to assemble and customise to your needs. The ballast is designed to be lightweight and efficient, with the option of external placement if desired.<\/li>\n<li><strong>Certification and warranty:<\/strong> All lights are E-approved and the system is backed by a one-year warranty.<\/li>\n<\/ul>\n<h2>Why choose the Rally5 Package from us?<\/h2>\n<p>Our commitment to quality and customer service is what sets us apart. With recognised awards for our customer service, you can be sure you're getting both world-class products and support.<\/p>\n<p>With the Rally5 Package from NBB Original 225 LED, you get a superior lighting experience that effectively breaks through the darkness. Improve your visibility and safety on the road - whatever the conditions. Choose Rally5 for an unrivalled night-time driving experience.<\/p>","protected":false},"excerpt":{"rendered":"<p>If you want the best in Xenon, look no further. We have the NBB ALPHA 35W Xenon Original! Scandinavia's most loved light, with its great performance and amazing durability in a big package that leaves no place in front of the car untouched.<\/p>","protected":false},"featured_media":9897,"comment_status":"closed","ping_status":"open","template":"","meta":{"_acf_changed":false,"_smort_price_nok":"15376","_smort_price_dkk":"9768","_smort_price_eur":"1308.58","_smort_sale_price_nok":"","_smort_sale_price_dkk":"","_smort_sale_price_eur":"981.43","smort_restorder":"","shipmondo_restorder":"","_kad_blocks_custom_css":"","_kad_blocks_head_custom_js":"","_kad_blocks_body_custom_js":"","_kad_blocks_footer_custom_js":"","smort_custom_pricelist_1":"9212.8","smort_custom_pricelist_2":"8061.2","smort_custom_pricelist_3":"8061.2","smort_custom_pricelist_4":"11516","smort_custom_pricelist_5":"8061.2"},"anvandningsomrade":[207,167,1915],"bilmarken":[168],"product_brand":[104],"product_cat":[1859],"product_tag":[2726],"class_list":{"0":"post-9333","1":"product","2":"type-product","3":"status-publish","4":"has-post-thumbnail","6":"anvandningsomrade-husbil","7":"anvandningsomrade-personbil","8":"anvandningsomrade-skapbil","9":"bilmarken-alla","10":"product_brand-nbb","11":"product_cat-extraljuspaket","12":"product_tag-produktpaket","14":"first","15":"instock","16":"taxable","17":"shipping-taxable","18":"purchasable","19":"product-type-bundle"},"bundled_by":[],"bundle_stock_status":"instock","bundle_stock_quantity":1,"bundle_virtual":false,"bundle_layout":"default","bundle_add_to_cart_form_location":"default","bundle_editable_in_cart":false,"bundle_sold_individually_context":"product","bundle_item_grouping":"parent","bundle_min_size":"","bundle_max_size":"","bundle_price":{"price":{"min":{"incl_tax":"1308.51","excl_tax":"1046.81395828"},"max":{"incl_tax":"1308.51","excl_tax":"1046.81395828"}},"regular_price":{"min":{"incl_tax":"1308.51","excl_tax":"1046.81395828"},"max":{"incl_tax":"1308.51","excl_tax":"1046.81395828"}}},"bundled_items":[{"bundled_item_id":142,"product_id":2699,"menu_order":0,"quantity_min":1,"quantity_max":1,"quantity_default":1,"priced_individually":false,"shipped_individually":false,"override_title":false,"title":"","override_description":false,"description":"","optional":false,"hide_thumbnail":false,"discount":null,"override_variations":false,"allowed_variations":[],"override_default_variation_attributes":false,"default_variation_attributes":[],"single_product_visibility":"visible","cart_visibility":"visible","order_visibility":"visible","single_product_price_visibility":"visible","cart_price_visibility":"visible","order_price_visibility":"visible","stock_status":"in_stock"},{"bundled_item_id":143,"product_id":994,"menu_order":0,"quantity_min":1,"quantity_max":1,"quantity_default":1,"priced_individually":false,"shipped_individually":false,"override_title":false,"title":"","override_description":false,"description":"","optional":false,"hide_thumbnail":false,"discount":null,"override_variations":false,"allowed_variations":[],"override_default_variation_attributes":false,"default_variation_attributes":[],"single_product_visibility":"visible","cart_visibility":"visible","order_visibility":"visible","single_product_price_visibility":"visible","cart_price_visibility":"visible","order_price_visibility":"visible","stock_status":"in_stock"},{"bundled_item_id":144,"product_id":997,"menu_order":0,"quantity_min":1,"quantity_max":1,"quantity_default":1,"priced_individually":false,"shipped_individually":false,"override_title":false,"title":"","override_description":false,"description":"","optional":false,"hide_thumbnail":false,"discount":null,"override_variations":false,"allowed_variations":[],"override_default_variation_attributes":false,"default_variation_attributes":[],"single_product_visibility":"visible","cart_visibility":"visible","order_visibility":"visible","single_product_price_visibility":"visible","cart_price_visibility":"visible","order_price_visibility":"visible","stock_status":"in_stock"},{"bundled_item_id":145,"product_id":2722,"menu_order":0,"quantity_min":1,"quantity_max":1,"quantity_default":1,"priced_individually":false,"shipped_individually":false,"override_title":false,"title":"","override_description":false,"description":"","optional":false,"hide_thumbnail":false,"discount":null,"override_variations":false,"allowed_variations":[],"override_default_variation_attributes":false,"default_variation_attributes":[],"single_product_visibility":"visible","cart_visibility":"visible","order_visibility":"visible","single_product_price_visibility":"visible","cart_price_visibility":"visible","order_price_visibility":"visible","stock_status":"in_stock"},{"bundled_item_id":146,"product_id":2720,"menu_order":0,"quantity_min":1,"quantity_max":1,"quantity_default":1,"priced_individually":false,"shipped_individually":false,"override_title":false,"title":"","override_description":false,"description":"","optional":false,"hide_thumbnail":false,"discount":null,"override_variations":false,"allowed_variations":[],"override_default_variation_attributes":false,"default_variation_attributes":[],"single_product_visibility":"visible","cart_visibility":"visible","order_visibility":"visible","single_product_price_visibility":"visible","cart_price_visibility":"visible","order_price_visibility":"visible","stock_status":"in_stock"}],"bundle_sell_ids":[],"acf":[],"yoast_head":"<!-- This site is optimized with the Yoast SEO plugin v27.0 - https:\/\/yoast.com\/product\/yoast-seo-wordpress\/ -->\n<title>Rally 5 NBB225 35W Original - Xenonkungen<\/title>\n<meta name=\"robots\" content=\"index, follow, max-snippet:-1, max-image-preview:large, max-video-preview:-1\" \/>\n<link rel=\"canonical\" href=\"https:\/\/xenonkungen.com\/en\/product\/rally-5-nbb225-35w-original\/\" \/>\n<meta property=\"og:locale\" content=\"en_GB\" \/>\n<meta property=\"og:type\" content=\"article\" \/>\n<meta property=\"og:title\" content=\"Rally 5 NBB225 35W Original - Xenonkungen\" \/>\n<meta property=\"og:description\" content=\"Vill du ha det b\u00e4sta inom Xenon? d\u00e5 beh\u00f6ver du inte kolla l\u00e4ngre. Vi har NBB ALPHA 35W Xenon Original! Skandinaviens mest \u00e4lskade lykta, men sina goda prestanda och fantastiska h\u00e5llbarhet i ett stort paket som inte l\u00e4mnar n\u00e5got st\u00e4lle framf\u00f6r bilen or\u00f6rt.\" \/>\n<meta property=\"og:url\" content=\"https:\/\/xenonkungen.com\/en\/product\/rally-5-nbb225-35w-original\/\" \/>\n<meta property=\"og:site_name\" content=\"Xenonkungen\" \/>\n<meta property=\"article:modified_time\" content=\"2026-05-13T07:03:51+00:00\" \/>\n<meta property=\"og:image\" content=\"https:\/\/xenonkungen.com\/wp-content\/uploads\/2025\/05\/178754997-origpic-2b395b-1.png\" \/>\n\t<meta property=\"og:image:width\" content=\"1000\" \/>\n\t<meta property=\"og:image:height\" content=\"1000\" \/>\n\t<meta property=\"og:image:type\" content=\"image\/png\" \/>\n<meta name=\"twitter:card\" content=\"summary_large_image\" \/>\n<meta name=\"twitter:label1\" content=\"Estimated reading time\" \/>\n\t<meta name=\"twitter:data1\" content=\"2 minutes\" \/>\n<script type=\"application\/ld+json\" class=\"yoast-schema-graph\">{\"@context\":\"https:\/\/schema.org\",\"@graph\":[{\"@type\":\"WebPage\",\"@id\":\"https:\/\/xenonkungen.com\/produkt\/rally-5-nbb225-35w-original\/\",\"url\":\"https:\/\/xenonkungen.com\/produkt\/rally-5-nbb225-35w-original\/\",\"name\":\"Rally 5 NBB225 35W Original - Xenonkungen\",\"isPartOf\":{\"@id\":\"https:\/\/xenonkungen.com\/#website\"},\"primaryImageOfPage\":{\"@id\":\"https:\/\/xenonkungen.com\/produkt\/rally-5-nbb225-35w-original\/#primaryimage\"},\"image\":{\"@id\":\"https:\/\/xenonkungen.com\/produkt\/rally-5-nbb225-35w-original\/#primaryimage\"},\"thumbnailUrl\":\"https:\/\/xenonkungen.com\/wp-content\/uploads\/2025\/05\/178754997-origpic-2b395b-1.png\",\"datePublished\":\"2025-05-20T07:54:15+00:00\",\"dateModified\":\"2026-05-13T07:03:51+00:00\",\"breadcrumb\":{\"@id\":\"https:\/\/xenonkungen.com\/produkt\/rally-5-nbb225-35w-original\/#breadcrumb\"},\"inLanguage\":\"en-GB\",\"potentialAction\":[{\"@type\":\"ReadAction\",\"target\":[\"https:\/\/xenonkungen.com\/produkt\/rally-5-nbb225-35w-original\/\"]}]},{\"@type\":\"ImageObject\",\"inLanguage\":\"en-GB\",\"@id\":\"https:\/\/xenonkungen.com\/produkt\/rally-5-nbb225-35w-original\/#primaryimage\",\"url\":\"https:\/\/xenonkungen.com\/wp-content\/uploads\/2025\/05\/178754997-origpic-2b395b-1.png\",\"contentUrl\":\"https:\/\/xenonkungen.com\/wp-content\/uploads\/2025\/05\/178754997-origpic-2b395b-1.png\",\"width\":1000,\"height\":1000},{\"@type\":\"BreadcrumbList\",\"@id\":\"https:\/\/xenonkungen.com\/produkt\/rally-5-nbb225-35w-original\/#breadcrumb\",\"itemListElement\":[{\"@type\":\"ListItem\",\"position\":1,\"name\":\"Hem\",\"item\":\"https:\/\/xenonkungen.com\/\"},{\"@type\":\"ListItem\",\"position\":2,\"name\":\"Shop\",\"item\":\"https:\/\/xenonkungen.com\/shop\/\"},{\"@type\":\"ListItem\",\"position\":3,\"name\":\"Rally 5 NBB225 35W Original\"}]},{\"@type\":\"WebSite\",\"@id\":\"https:\/\/xenonkungen.com\/#website\",\"url\":\"https:\/\/xenonkungen.com\/\",\"name\":\"Xenonkungen\",\"description\":\"\",\"potentialAction\":[{\"@type\":\"SearchAction\",\"target\":{\"@type\":\"EntryPoint\",\"urlTemplate\":\"https:\/\/xenonkungen.com\/?s={search_term_string}\"},\"query-input\":{\"@type\":\"PropertyValueSpecification\",\"valueRequired\":true,\"valueName\":\"search_term_string\"}}],\"inLanguage\":\"en-GB\"}]}<\/script>\n<!-- \/ Yoast SEO plugin. -->","yoast_head_json":{"title":"Rally 5 NBB225 35W Original - The Xenon King","robots":{"index":"index","follow":"follow","max-snippet":"max-snippet:-1","max-image-preview":"max-image-preview:large","max-video-preview":"max-video-preview:-1"},"canonical":"https:\/\/xenonkungen.com\/en\/product\/rally-5-nbb225-35w-original\/","og_locale":"en_GB","og_type":"article","og_title":"Rally 5 NBB225 35W Original - Xenonkungen","og_description":"Vill du ha det b\u00e4sta inom Xenon? d\u00e5 beh\u00f6ver du inte kolla l\u00e4ngre. Vi har NBB ALPHA 35W Xenon Original! Skandinaviens mest \u00e4lskade lykta, men sina goda prestanda och fantastiska h\u00e5llbarhet i ett stort paket som inte l\u00e4mnar n\u00e5got st\u00e4lle framf\u00f6r bilen or\u00f6rt.","og_url":"https:\/\/xenonkungen.com\/en\/product\/rally-5-nbb225-35w-original\/","og_site_name":"Xenonkungen","article_modified_time":"2026-05-13T07:03:51+00:00","og_image":[{"width":1000,"height":1000,"url":"https:\/\/xenonkungen.com\/wp-content\/uploads\/2025\/05\/178754997-origpic-2b395b-1.png","type":"image\/png"}],"twitter_card":"summary_large_image","twitter_misc":{"Estimated reading time":"2 minutes"},"schema":{"@context":"https:\/\/schema.org","@graph":[{"@type":"WebPage","@id":"https:\/\/xenonkungen.com\/produkt\/rally-5-nbb225-35w-original\/","url":"https:\/\/xenonkungen.com\/produkt\/rally-5-nbb225-35w-original\/","name":"Rally 5 NBB225 35W Original - The Xenon King","isPartOf":{"@id":"https:\/\/xenonkungen.com\/#website"},"primaryImageOfPage":{"@id":"https:\/\/xenonkungen.com\/produkt\/rally-5-nbb225-35w-original\/#primaryimage"},"image":{"@id":"https:\/\/xenonkungen.com\/produkt\/rally-5-nbb225-35w-original\/#primaryimage"},"thumbnailUrl":"https:\/\/xenonkungen.com\/wp-content\/uploads\/2025\/05\/178754997-origpic-2b395b-1.png","datePublished":"2025-05-20T07:54:15+00:00","dateModified":"2026-05-13T07:03:51+00:00","breadcrumb":{"@id":"https:\/\/xenonkungen.com\/produkt\/rally-5-nbb225-35w-original\/#breadcrumb"},"inLanguage":"en-GB","potentialAction":[{"@type":"ReadAction","target":["https:\/\/xenonkungen.com\/produkt\/rally-5-nbb225-35w-original\/"]}]},{"@type":"ImageObject","inLanguage":"en-GB","@id":"https:\/\/xenonkungen.com\/produkt\/rally-5-nbb225-35w-original\/#primaryimage","url":"https:\/\/xenonkungen.com\/wp-content\/uploads\/2025\/05\/178754997-origpic-2b395b-1.png","contentUrl":"https:\/\/xenonkungen.com\/wp-content\/uploads\/2025\/05\/178754997-origpic-2b395b-1.png","width":1000,"height":1000},{"@type":"BreadcrumbList","@id":"https:\/\/xenonkungen.com\/produkt\/rally-5-nbb225-35w-original\/#breadcrumb","itemListElement":[{"@type":"ListItem","position":1,"name":"Hem","item":"https:\/\/xenonkungen.com\/"},{"@type":"ListItem","position":2,"name":"Shop","item":"https:\/\/xenonkungen.com\/shop\/"},{"@type":"ListItem","position":3,"name":"Rally 5 NBB225 35W Original"}]},{"@type":"WebSite","@id":"https:\/\/xenonkungen.com\/#website","url":"https:\/\/xenonkungen.com\/","name":"Xenonkungen","description":"","potentialAction":[{"@type":"SearchAction","target":{"@type":"EntryPoint","urlTemplate":"https:\/\/xenonkungen.com\/?s={search_term_string}"},"query-input":{"@type":"PropertyValueSpecification","valueRequired":true,"valueName":"search_term_string"}}],"inLanguage":"en-GB"}]}},"taxonomy_info":{"anvandningsomrade":[{"value":207,"label":"Husbil"},{"value":167,"label":"PERSONBIL"},{"value":1915,"label":"Sk\u00e5pbil"}],"bilmarken":[{"value":168,"label":"Alla"}],"product_brand":[{"value":104,"label":"NBB"}],"product_cat":[{"value":1859,"label":"Extraljuspaket"}],"product_tag":[{"value":2726,"label":"produktpaket"}]},"featured_image_src_large":["https:\/\/xenonkungen.com\/wp-content\/uploads\/2025\/05\/178754997-origpic-2b395b-1.png",1000,1000,false],"author_info":[],"comment_info":0,"_links":{"self":[{"href":"https:\/\/xenonkungen.com\/en\/wp-json\/wp\/v2\/product\/9333","targetHints":{"allow":["GET"]}}],"collection":[{"href":"https:\/\/xenonkungen.com\/en\/wp-json\/wp\/v2\/product"}],"about":[{"href":"https:\/\/xenonkungen.com\/en\/wp-json\/wp\/v2\/types\/product"}],"replies":[{"embeddable":true,"href":"https:\/\/xenonkungen.com\/en\/wp-json\/wp\/v2\/comments?post=9333"}],"wp:featuredmedia":[{"embeddable":true,"href":"https:\/\/xenonkungen.com\/en\/wp-json\/wp\/v2\/media\/9897"}],"wp:attachment":[{"href":"https:\/\/xenonkungen.com\/en\/wp-json\/wp\/v2\/media?parent=9333"}],"wp:term":[{"taxonomy":"anvandningsomrade","embeddable":true,"href":"https:\/\/xenonkungen.com\/en\/wp-json\/wp\/v2\/anvandningsomrade?post=9333"},{"taxonomy":"bilmarken","embeddable":true,"href":"https:\/\/xenonkungen.com\/en\/wp-json\/wp\/v2\/bilmarken?post=9333"},{"taxonomy":"product_brand","embeddable":true,"href":"https:\/\/xenonkungen.com\/en\/wp-json\/wp\/v2\/product_brand?post=9333"},{"taxonomy":"product_cat","embeddable":true,"href":"https:\/\/xenonkungen.com\/en\/wp-json\/wp\/v2\/product_cat?post=9333"},{"taxonomy":"product_tag","embeddable":true,"href":"https:\/\/xenonkungen.com\/en\/wp-json\/wp\/v2\/product_tag?post=9333"}],"curies":[{"name":"wp","href":"https:\/\/api.w.org\/{rel}","templated":true}]}}