{"id":9393,"date":"2025-05-20T07:56:30","date_gmt":"2025-05-20T07:56:30","guid":{"rendered":"https:\/\/xenonkungen.com\/product\/w-light-phoenix-w9-dark-rad5-yellow\/"},"modified":"2026-05-13T16:00:27","modified_gmt":"2026-05-13T15:00:27","slug":"w-light-phoenix-w9-dark-rad5-yellow","status":"publish","type":"product","link":"https:\/\/xenonkungen.com\/en\/product\/w-light-phoenix-w9-dark-rad5-yellow\/","title":{"rendered":"W-Light Phoenix W9 DARK RAD5 | Yellow"},"content":{"rendered":"<h1>Phoenix Rally 5 | Yellow Pack<\/h1>\n<p><strong>Experience unrivalled lighting with Phoenix Rally 5 | Yellow Package<\/strong>, the ultimate solution for your vehicle lighting. This package contains five of the W-Light W9 Phoenix 9 Dark Edition<strong> | Yellow<\/strong> extra lights, renowned for their impressive performance and reliability, making this the perfect choice for rally drivers and off-road enthusiasts.<\/p>\n<h2>Powerful and Reliable Lighting<\/h2>\n<p>Every W9 Phoenix 9 Dark Edition<strong> | Yellow<\/strong> lantern offers exceptional illumination with 160W and 12,300 lumens. Equipped with 28 high-quality Osram LED units, these lanterns offer an impressive range of 1 Lux @ 1076 metres. With the <strong>the whole package activated<\/strong>you get a total brightness of incredible <strong>61,500 lumens<\/strong>, perfect for illuminating the road ahead in the most demanding conditions.<\/p>\n<h2>Robust and Customisable<\/h2>\n<p>The lanterns come with a stabilising bracket and screw holes for braces, ensuring the lantern stays firmly in place even in tough conditions. The DT connector provides a secure and stable connection, which is crucial in harsh rally environments.<\/p>\n<h2>Complete Package for Immediate Upgrade<\/h2>\n<p>Phoenix Rally 5<strong> | Yellow<\/strong> Packages include everything you need for a complete installation:<\/p>\n<ul>\n<li>5 x W9 Phoenix 9 Dark Edition<strong> | Yellow<\/strong> EXTRA LIGHT<\/li>\n<li>cabling<\/li>\n<li>Holder<\/li>\n<li>XBB Dongle+Powerunit<\/li>\n<\/ul>\n<h2>Warranty and Support<\/h2>\n<p>All lights in Phoenix Rally 5<strong> | Yellow<\/strong> The package is CE marked and EMC interference protected, and comes with a two-year warranty, giving you peace of mind when equipping your vehicle for adventure.<\/p>\n<p><strong>With the Phoenix Rally 5 | Yellow Package, you can rely on an unrivalled lighting solution that takes your night driving experience to a whole new level. Order your package today and experience the difference!<\/strong><\/p>","protected":false},"excerpt":{"rendered":"<p>Phoenix Rally 5 | Yellow Paket Upplev o\u00f6vertr\u00e4ffad belysning med Phoenix Rally 5 | Yellow Paket, den ultimata l\u00f6sningen f\u00f6r din fordonsbelysning. Detta paket inneh\u00e5ller fem av W-Light W9 Phoenix 9 Dark Edition | Yellow extraljus, k\u00e4nda f\u00f6r sin imponerande prestanda och p\u00e5litlighet, vilket g\u00f6r detta till det perfekta valet f\u00f6r rallyf\u00f6rare och offroad-entusiaster. Kraftfull [&hellip;]<\/p>","protected":false},"featured_media":9945,"comment_status":"closed","ping_status":"closed","template":"","meta":{"_acf_changed":false,"_smort_price_nok":"11851","_smort_price_dkk":"7529","_smort_price_eur":"1008.59","_smort_sale_price_nok":"9481","_smort_sale_price_dkk":"","_smort_sale_price_eur":"806.87","smort_restorder":"","shipmondo_restorder":"","_kad_blocks_custom_css":"","_kad_blocks_head_custom_js":"","_kad_blocks_body_custom_js":"","_kad_blocks_footer_custom_js":"","smort_custom_pricelist_1":"7100.8","smort_custom_pricelist_2":"6213.2","smort_custom_pricelist_3":"5769.4","smort_custom_pricelist_4":"8876","smort_custom_pricelist_5":"6213.2"},"anvandningsomrade":[207,166,167,1915],"bilmarken":[168],"product_brand":[114],"product_cat":[1859],"product_tag":[2726],"class_list":{"0":"post-9393","1":"product","2":"type-product","3":"status-publish","4":"has-post-thumbnail","6":"anvandningsomrade-husbil","7":"anvandningsomrade-lastbil","8":"anvandningsomrade-personbil","9":"anvandningsomrade-skapbil","10":"bilmarken-alla","11":"product_brand-w-light","12":"product_cat-extraljuspaket","13":"product_tag-produktpaket","14":"pa_fargtemperatur-yellow","15":"pa_fuktskydd-varde-ipxx-ip68","16":"pa_godkannande-ce","17":"pa_lampsockel-kontakt-dt","18":"pa_led-chips-effekt-w-703","19":"pa_ljusbild-spot","20":"pa_storlek-mm-2446x227x80","21":"pa_stromforbrukning-1097a137v","22":"pa_volt-v-9-12-24-32","24":"first","25":"outofstock","26":"sale","27":"taxable","28":"shipping-taxable","29":"purchasable","30":"product-type-bundle"},"bundled_by":[],"bundle_stock_status":"outofstock","bundle_stock_quantity":0,"bundle_virtual":false,"bundle_layout":"default","bundle_add_to_cart_form_location":"default","bundle_editable_in_cart":false,"bundle_sold_individually_context":"product","bundle_item_grouping":"parent","bundle_min_size":"","bundle_max_size":"","bundle_price":{"price":{"min":{"incl_tax":"806.84","excl_tax":"645.468613664"},"max":{"incl_tax":"806.84","excl_tax":"645.468613664"}},"regular_price":{"min":{"incl_tax":"1008.55","excl_tax":"806.83576708"},"max":{"incl_tax":"1008.55","excl_tax":"806.83576708"}}},"bundled_items":[{"bundled_item_id":190,"product_id":1079,"menu_order":0,"quantity_min":1,"quantity_max":1,"quantity_default":1,"priced_individually":false,"shipped_individually":false,"override_title":false,"title":"Luxtar relay cable 2DT | 12V 60A","override_description":false,"description":"","optional":false,"hide_thumbnail":false,"discount":"","override_variations":false,"allowed_variations":[],"override_default_variation_attributes":false,"default_variation_attributes":[],"single_product_visibility":"visible","cart_visibility":"visible","order_visibility":"visible","single_product_price_visibility":"visible","cart_price_visibility":"visible","order_price_visibility":"visible","stock_status":"in_stock"},{"bundled_item_id":191,"product_id":1006,"menu_order":1,"quantity_min":1,"quantity_max":1,"quantity_default":1,"priced_individually":false,"shipped_individually":false,"override_title":false,"title":"Relay cable set 3pcs Extra light 12V|DT 60A","override_description":false,"description":"","optional":false,"hide_thumbnail":false,"discount":"","override_variations":false,"allowed_variations":[],"override_default_variation_attributes":false,"default_variation_attributes":[],"single_product_visibility":"visible","cart_visibility":"visible","order_visibility":"visible","single_product_price_visibility":"visible","cart_price_visibility":"visible","order_price_visibility":"visible","stock_status":"in_stock"},{"bundled_item_id":192,"product_id":2722,"menu_order":2,"quantity_min":1,"quantity_max":1,"quantity_default":1,"priced_individually":false,"shipped_individually":false,"override_title":false,"title":"Extra light bracket for 5 x 225mm|9\" Rally fifth wheel","override_description":false,"description":"","optional":false,"hide_thumbnail":false,"discount":"","override_variations":false,"allowed_variations":[],"override_default_variation_attributes":false,"default_variation_attributes":[],"single_product_visibility":"visible","cart_visibility":"visible","order_visibility":"visible","single_product_price_visibility":"visible","cart_price_visibility":"visible","order_price_visibility":"visible","stock_status":"in_stock"},{"bundled_item_id":193,"product_id":1538,"menu_order":3,"quantity_min":1,"quantity_max":1,"quantity_default":1,"priced_individually":false,"shipped_individually":false,"override_title":false,"title":"XBB OBD-II Dongle + PowerUnit","override_description":false,"description":"","optional":false,"hide_thumbnail":false,"discount":"","override_variations":false,"allowed_variations":[],"override_default_variation_attributes":false,"default_variation_attributes":[],"single_product_visibility":"visible","cart_visibility":"visible","order_visibility":"visible","single_product_price_visibility":"visible","cart_price_visibility":"visible","order_price_visibility":"visible","stock_status":"on_backorder"},{"bundled_item_id":194,"product_id":2603,"menu_order":4,"quantity_min":1,"quantity_max":1,"quantity_default":1,"priced_individually":false,"shipped_individually":false,"override_title":false,"title":"Cable set for XBB Power Unit","override_description":false,"description":"","optional":false,"hide_thumbnail":false,"discount":"","override_variations":false,"allowed_variations":[],"override_default_variation_attributes":false,"default_variation_attributes":[],"single_product_visibility":"visible","cart_visibility":"visible","order_visibility":"visible","single_product_price_visibility":"visible","cart_price_visibility":"visible","order_price_visibility":"visible","stock_status":"on_backorder"}],"bundle_sell_ids":[],"acf":[],"yoast_head":"<!-- This site is optimized with the Yoast SEO plugin v27.0 - https:\/\/yoast.com\/product\/yoast-seo-wordpress\/ -->\n<title>W-Light Phoenix W9 DARK RAD5 | Yellow - Xenonkungen<\/title>\n<meta name=\"robots\" content=\"index, follow, max-snippet:-1, max-image-preview:large, max-video-preview:-1\" \/>\n<link rel=\"canonical\" href=\"https:\/\/xenonkungen.com\/en\/product\/w-light-phoenix-w9-dark-rad5-yellow\/\" \/>\n<meta property=\"og:locale\" content=\"en_GB\" \/>\n<meta property=\"og:type\" content=\"article\" \/>\n<meta property=\"og:title\" content=\"W-Light Phoenix W9 DARK RAD5 | Yellow - Xenonkungen\" \/>\n<meta property=\"og:description\" content=\"Phoenix Rally 5 | Yellow Paket Upplev o\u00f6vertr\u00e4ffad belysning med Phoenix Rally 5 | Yellow Paket, den ultimata l\u00f6sningen f\u00f6r din fordonsbelysning. Detta paket inneh\u00e5ller fem av W-Light W9 Phoenix 9 Dark Edition | Yellow extraljus, k\u00e4nda f\u00f6r sin imponerande prestanda och p\u00e5litlighet, vilket g\u00f6r detta till det perfekta valet f\u00f6r rallyf\u00f6rare och offroad-entusiaster. Kraftfull [&hellip;]\" \/>\n<meta property=\"og:url\" content=\"https:\/\/xenonkungen.com\/en\/product\/w-light-phoenix-w9-dark-rad5-yellow\/\" \/>\n<meta property=\"og:site_name\" content=\"Xenonkungen\" \/>\n<meta property=\"article:modified_time\" content=\"2026-05-13T15:00:27+00:00\" \/>\n<meta property=\"og:image\" content=\"https:\/\/xenonkungen.com\/wp-content\/uploads\/2025\/05\/W9-x5-1-1024x1024.png\" \/>\n\t<meta property=\"og:image:width\" content=\"1024\" \/>\n\t<meta property=\"og:image:height\" content=\"1024\" \/>\n\t<meta property=\"og:image:type\" content=\"image\/png\" \/>\n<meta name=\"twitter:card\" content=\"summary_large_image\" \/>\n<meta name=\"twitter:label1\" content=\"Estimated reading time\" \/>\n\t<meta name=\"twitter:data1\" content=\"2 minutes\" \/>\n<script type=\"application\/ld+json\" class=\"yoast-schema-graph\">{\"@context\":\"https:\/\/schema.org\",\"@graph\":[{\"@type\":\"WebPage\",\"@id\":\"https:\/\/xenonkungen.com\/produkt\/w-light-phoenix-w9-dark-rad5-yellow\/\",\"url\":\"https:\/\/xenonkungen.com\/produkt\/w-light-phoenix-w9-dark-rad5-yellow\/\",\"name\":\"W-Light Phoenix W9 DARK RAD5 | Yellow - Xenonkungen\",\"isPartOf\":{\"@id\":\"https:\/\/xenonkungen.com\/#website\"},\"primaryImageOfPage\":{\"@id\":\"https:\/\/xenonkungen.com\/produkt\/w-light-phoenix-w9-dark-rad5-yellow\/#primaryimage\"},\"image\":{\"@id\":\"https:\/\/xenonkungen.com\/produkt\/w-light-phoenix-w9-dark-rad5-yellow\/#primaryimage\"},\"thumbnailUrl\":\"https:\/\/xenonkungen.com\/wp-content\/uploads\/2025\/05\/W9-x5-1.png\",\"datePublished\":\"2025-05-20T07:56:30+00:00\",\"dateModified\":\"2026-05-13T15:00:27+00:00\",\"breadcrumb\":{\"@id\":\"https:\/\/xenonkungen.com\/produkt\/w-light-phoenix-w9-dark-rad5-yellow\/#breadcrumb\"},\"inLanguage\":\"en-GB\",\"potentialAction\":[{\"@type\":\"ReadAction\",\"target\":[\"https:\/\/xenonkungen.com\/produkt\/w-light-phoenix-w9-dark-rad5-yellow\/\"]}]},{\"@type\":\"ImageObject\",\"inLanguage\":\"en-GB\",\"@id\":\"https:\/\/xenonkungen.com\/produkt\/w-light-phoenix-w9-dark-rad5-yellow\/#primaryimage\",\"url\":\"https:\/\/xenonkungen.com\/wp-content\/uploads\/2025\/05\/W9-x5-1.png\",\"contentUrl\":\"https:\/\/xenonkungen.com\/wp-content\/uploads\/2025\/05\/W9-x5-1.png\",\"width\":2000,\"height\":2000},{\"@type\":\"BreadcrumbList\",\"@id\":\"https:\/\/xenonkungen.com\/produkt\/w-light-phoenix-w9-dark-rad5-yellow\/#breadcrumb\",\"itemListElement\":[{\"@type\":\"ListItem\",\"position\":1,\"name\":\"Hem\",\"item\":\"https:\/\/xenonkungen.com\/\"},{\"@type\":\"ListItem\",\"position\":2,\"name\":\"Shop\",\"item\":\"https:\/\/xenonkungen.com\/shop\/\"},{\"@type\":\"ListItem\",\"position\":3,\"name\":\"W-Light Phoenix W9 DARK RAD5 | Yellow\"}]},{\"@type\":\"WebSite\",\"@id\":\"https:\/\/xenonkungen.com\/#website\",\"url\":\"https:\/\/xenonkungen.com\/\",\"name\":\"Xenonkungen\",\"description\":\"\",\"potentialAction\":[{\"@type\":\"SearchAction\",\"target\":{\"@type\":\"EntryPoint\",\"urlTemplate\":\"https:\/\/xenonkungen.com\/?s={search_term_string}\"},\"query-input\":{\"@type\":\"PropertyValueSpecification\",\"valueRequired\":true,\"valueName\":\"search_term_string\"}}],\"inLanguage\":\"en-GB\"}]}<\/script>\n<!-- \/ Yoast SEO plugin. -->","yoast_head_json":{"title":"W-Light Phoenix W9 DARK RAD5 | Yellow - Xenonkungen","robots":{"index":"index","follow":"follow","max-snippet":"max-snippet:-1","max-image-preview":"max-image-preview:large","max-video-preview":"max-video-preview:-1"},"canonical":"https:\/\/xenonkungen.com\/en\/product\/w-light-phoenix-w9-dark-rad5-yellow\/","og_locale":"en_GB","og_type":"article","og_title":"W-Light Phoenix W9 DARK RAD5 | Yellow - Xenonkungen","og_description":"Phoenix Rally 5 | Yellow Paket Upplev o\u00f6vertr\u00e4ffad belysning med Phoenix Rally 5 | Yellow Paket, den ultimata l\u00f6sningen f\u00f6r din fordonsbelysning. Detta paket inneh\u00e5ller fem av W-Light W9 Phoenix 9 Dark Edition | Yellow extraljus, k\u00e4nda f\u00f6r sin imponerande prestanda och p\u00e5litlighet, vilket g\u00f6r detta till det perfekta valet f\u00f6r rallyf\u00f6rare och offroad-entusiaster. Kraftfull [&hellip;]","og_url":"https:\/\/xenonkungen.com\/en\/product\/w-light-phoenix-w9-dark-rad5-yellow\/","og_site_name":"Xenonkungen","article_modified_time":"2026-05-13T15:00:27+00:00","og_image":[{"width":1024,"height":1024,"url":"https:\/\/xenonkungen.com\/wp-content\/uploads\/2025\/05\/W9-x5-1-1024x1024.png","type":"image\/png"}],"twitter_card":"summary_large_image","twitter_misc":{"Estimated reading time":"2 minutes"},"schema":{"@context":"https:\/\/schema.org","@graph":[{"@type":"WebPage","@id":"https:\/\/xenonkungen.com\/produkt\/w-light-phoenix-w9-dark-rad5-yellow\/","url":"https:\/\/xenonkungen.com\/produkt\/w-light-phoenix-w9-dark-rad5-yellow\/","name":"W-Light Phoenix W9 DARK RAD5 | Yellow - Xenonkungen","isPartOf":{"@id":"https:\/\/xenonkungen.com\/#website"},"primaryImageOfPage":{"@id":"https:\/\/xenonkungen.com\/produkt\/w-light-phoenix-w9-dark-rad5-yellow\/#primaryimage"},"image":{"@id":"https:\/\/xenonkungen.com\/produkt\/w-light-phoenix-w9-dark-rad5-yellow\/#primaryimage"},"thumbnailUrl":"https:\/\/xenonkungen.com\/wp-content\/uploads\/2025\/05\/W9-x5-1.png","datePublished":"2025-05-20T07:56:30+00:00","dateModified":"2026-05-13T15:00:27+00:00","breadcrumb":{"@id":"https:\/\/xenonkungen.com\/produkt\/w-light-phoenix-w9-dark-rad5-yellow\/#breadcrumb"},"inLanguage":"en-GB","potentialAction":[{"@type":"ReadAction","target":["https:\/\/xenonkungen.com\/produkt\/w-light-phoenix-w9-dark-rad5-yellow\/"]}]},{"@type":"ImageObject","inLanguage":"en-GB","@id":"https:\/\/xenonkungen.com\/produkt\/w-light-phoenix-w9-dark-rad5-yellow\/#primaryimage","url":"https:\/\/xenonkungen.com\/wp-content\/uploads\/2025\/05\/W9-x5-1.png","contentUrl":"https:\/\/xenonkungen.com\/wp-content\/uploads\/2025\/05\/W9-x5-1.png","width":2000,"height":2000},{"@type":"BreadcrumbList","@id":"https:\/\/xenonkungen.com\/produkt\/w-light-phoenix-w9-dark-rad5-yellow\/#breadcrumb","itemListElement":[{"@type":"ListItem","position":1,"name":"Hem","item":"https:\/\/xenonkungen.com\/"},{"@type":"ListItem","position":2,"name":"Shop","item":"https:\/\/xenonkungen.com\/shop\/"},{"@type":"ListItem","position":3,"name":"W-Light Phoenix W9 DARK RAD5 | Yellow"}]},{"@type":"WebSite","@id":"https:\/\/xenonkungen.com\/#website","url":"https:\/\/xenonkungen.com\/","name":"Xenonkungen","description":"","potentialAction":[{"@type":"SearchAction","target":{"@type":"EntryPoint","urlTemplate":"https:\/\/xenonkungen.com\/?s={search_term_string}"},"query-input":{"@type":"PropertyValueSpecification","valueRequired":true,"valueName":"search_term_string"}}],"inLanguage":"en-GB"}]}},"taxonomy_info":{"anvandningsomrade":[{"value":207,"label":"Husbil"},{"value":166,"label":"Lastbil"},{"value":167,"label":"PERSONBIL"},{"value":1915,"label":"Sk\u00e5pbil"}],"bilmarken":[{"value":168,"label":"Alla"}],"product_brand":[{"value":114,"label":"W-Light"}],"product_cat":[{"value":1859,"label":"Extraljuspaket"}],"product_tag":[{"value":2726,"label":"produktpaket"}],"pa_fargtemperatur":[{"value":1117,"label":"Yellow"}],"pa_fuktskydd-varde-ipxx":[{"value":177,"label":"IP68"}],"pa_godkannande":[{"value":794,"label":"CE"}],"pa_lampsockel-kontakt":[{"value":329,"label":"DT"}],"pa_led-chips-effekt-w":[{"value":703,"label":"160"}],"pa_ljusbild":[{"value":1177,"label":"Spot"}],"pa_storlek-mm":[{"value":1154,"label":"244,6x227x80"}],"pa_stromforbrukning":[{"value":1155,"label":"10,97A@13,7V"}],"pa_volt-v":[{"value":2186,"label":"9, 12, 24, 32"}]},"featured_image_src_large":["https:\/\/xenonkungen.com\/wp-content\/uploads\/2025\/05\/W9-x5-1-1024x1024.png",1024,1024,true],"author_info":[],"comment_info":0,"_links":{"self":[{"href":"https:\/\/xenonkungen.com\/en\/wp-json\/wp\/v2\/product\/9393","targetHints":{"allow":["GET"]}}],"collection":[{"href":"https:\/\/xenonkungen.com\/en\/wp-json\/wp\/v2\/product"}],"about":[{"href":"https:\/\/xenonkungen.com\/en\/wp-json\/wp\/v2\/types\/product"}],"replies":[{"embeddable":true,"href":"https:\/\/xenonkungen.com\/en\/wp-json\/wp\/v2\/comments?post=9393"}],"wp:featuredmedia":[{"embeddable":true,"href":"https:\/\/xenonkungen.com\/en\/wp-json\/wp\/v2\/media\/9945"}],"wp:attachment":[{"href":"https:\/\/xenonkungen.com\/en\/wp-json\/wp\/v2\/media?parent=9393"}],"wp:term":[{"taxonomy":"anvandningsomrade","embeddable":true,"href":"https:\/\/xenonkungen.com\/en\/wp-json\/wp\/v2\/anvandningsomrade?post=9393"},{"taxonomy":"bilmarken","embeddable":true,"href":"https:\/\/xenonkungen.com\/en\/wp-json\/wp\/v2\/bilmarken?post=9393"},{"taxonomy":"product_brand","embeddable":true,"href":"https:\/\/xenonkungen.com\/en\/wp-json\/wp\/v2\/product_brand?post=9393"},{"taxonomy":"product_cat","embeddable":true,"href":"https:\/\/xenonkungen.com\/en\/wp-json\/wp\/v2\/product_cat?post=9393"},{"taxonomy":"product_tag","embeddable":true,"href":"https:\/\/xenonkungen.com\/en\/wp-json\/wp\/v2\/product_tag?post=9393"}],"curies":[{"name":"wp","href":"https:\/\/api.w.org\/{rel}","templated":true}]}}