{"id":944,"date":"2025-04-15T07:56:42","date_gmt":"2025-04-15T07:56:42","guid":{"rendered":"https:\/\/xenonkungen.com\/product\/luxtar-twilight-300w-test-demo\/"},"modified":"2026-05-13T11:45:33","modified_gmt":"2026-05-13T10:45:33","slug":"luxtar-twilight-300w-3","status":"publish","type":"product","link":"https:\/\/xenonkungen.com\/en\/product\/luxtar-twilight-300w-3\/","title":{"rendered":"LUXTAR Twilight | 300W"},"content":{"rendered":"<h2><strong>LUXTAR Twilight | 300W | 18,140 lm - Powerful LED lighting for optimal luminous flux and long range<\/strong><\/h2>\n<p>Experience superior visibility and safety with <strong>LUXTAR Twilight<\/strong> - a powerful 300W LED lightbar that delivers an impressive 18,140 lumens. With a full 1 lux range at 794 metres and a Driving Beam light pattern that broadly illuminates the road, including road edges, you are guaranteed an unbeatable driving experience no matter where your journey takes you. The built-in boost function provides extra range for the most demanding conditions, perfect for long night drives.<\/p>\n<ul>\n<li><strong>Effect:<\/strong> 300W<\/li>\n<li><strong>Luminous flux:<\/strong> 18 140 lumen<\/li>\n<li><strong>Scope:<\/strong> 1 lux @ 794 metres (R112: 1 lux @ 430 metres)<\/li>\n<li><strong>Long life span<\/strong> and durable construction<\/li>\n<\/ul>\n<p><strong><iframe loading=\"lazy\" src=\"https:\/\/www.youtube.com\/embed\/UFkgEaPFP5Q?si=PcnvBv1K-zMTLuNi&amp;t=589\" width=\"100%\" height=\"314\" allowfullscreen=\"allowfullscreen\"><\/iframe><\/strong><\/p>\n<p>LUXTAR Twilight is not only powerful - it is also cleverly designed for the Nordic climate. Its high-quality all-cast construction ensures durability and reliability, while the frameless lens design prevents snow, ice and dirt from getting trapped, even in the most challenging winter conditions. What's more, the heat from the lamps is reused to effectively melt snow and ice away from the lens, so you always have a clear view.<\/p>\n<p>Show your personality by choosing the colour of the position light - stylish white or amber orange for a unique look. <strong>LUXTAR Twilight<\/strong> combines advanced technology with sleek design, making it the perfect choice for those who want to maximise both function and style on the road.<\/p>\n<p>Med <strong>LUXTAR Twilight<\/strong> you get a premium LED lightbar that not only increases your visibility and safety, but also adds a premium look to your vehicle.<\/p>\n<p>&nbsp;<\/p>\n<p><strong>Technical Specification<\/strong><\/p>\n<p>LED: 18 x LED \/ 18 x LED DRL White &amp; Orange<\/p>\n<p>Theoretical Lumen: 22 235 lm<\/p>\n<p>Actual Lumen: 18 140 lm<\/p>\n<p>Range: 1 lux @ 794 m \/ R112: 1 lux @ 430 m<\/p>\n<p>Volt: 9-32V (Parking lights 6-32V)<\/p>\n<p>Power: 300W<\/p>\n<p>Actual power consumption: 284W<\/p>\n<p>Power consumption: 20.7A @13.7V<\/p>\n<p>Colour temperature: 5000K<\/p>\n<p>Slideshow: Driving<\/p>\n<p>Position light: White &amp; Orange<\/p>\n<p>Certificate: E-approved (R112, R10, R148, R149) ref.45<\/p>\n<p>Moisture protection: IP69K<\/p>\n<p>Connection: DTP 4-pin connector, 2m cable<\/p>\n<p>Accessories: Bottom, top and side brackets included<\/p>\n<p>Dimensions &amp; Weight: 508 x 45 x 65 mm \/ 1.65 kg<\/p>\n<p>Warranty: 3 years<\/p>","protected":false},"excerpt":{"rendered":"<div>The best seller, Luxtar Twilight. With 18,140 lumens and 300W of power, this powerful LED fixture offers exceptional performance and long range. Perfect for large areas that require even, energy-efficient lighting with high visibility.<\/div>","protected":false},"featured_media":16763,"comment_status":"closed","ping_status":"closed","template":"","meta":{"_acf_changed":false,"_smort_price_nok":"4267","_smort_price_dkk":"2711","_smort_price_eur":"363.17","_smort_sale_price_nok":"","_smort_sale_price_dkk":"","_smort_sale_price_eur":"","smort_restorder":"","shipmondo_restorder":"","_kad_blocks_custom_css":"","_kad_blocks_head_custom_js":"","_kad_blocks_body_custom_js":"","_kad_blocks_footer_custom_js":"","smort_custom_pricelist_1":"2556.8","smort_custom_pricelist_2":"2237.2","smort_custom_pricelist_3":"2077","smort_custom_pricelist_4":"3196","smort_custom_pricelist_5":"2237.2"},"anvandningsomrade":[],"bilmarken":[],"product_brand":[103],"product_cat":[2539,2826,2542,18,20,2159],"product_tag":[],"class_list":{"0":"post-944","1":"product","2":"type-product","3":"status-publish","4":"has-post-thumbnail","6":"product_brand-luxtar","7":"product_cat-ledramper","8":"product_cat-luxtar","9":"product_cat-luxtar-twilight-ledramper","10":"product_cat-led-ramper-ljusramper","11":"product_cat-luxtar-twilight-led-ramper-ljusramper","12":"product_cat-luxtar-twilight","13":"pa_faktisk-effekts-forbrukning-153","14":"pa_fargtemperatur-5000k","15":"pa_fuktskydd-varde-ipxx-ip69k","16":"pa_godkannande-e-marked-r23","17":"pa_lampsockel-kontakt-h9","18":"pa_led-chips-effekt-w-152","19":"pa_ljusbild-driving-combo","20":"pa_ljusspridning-grader-156","21":"pa_storlek-mm-508x45x65","22":"pa_stromforbrukning-207a-137v","23":"pa_volt-v-8-12-24-32","25":"first","26":"instock","27":"taxable","28":"shipping-taxable","29":"purchasable","30":"product-type-simple"},"bundled_by":["9505","9509","9515","9520","9527","9534","21277"],"bundle_stock_status":"instock","bundle_stock_quantity":438,"bundle_virtual":false,"bundle_layout":"","bundle_add_to_cart_form_location":"","bundle_editable_in_cart":false,"bundle_sold_individually_context":"","bundle_item_grouping":"","bundle_min_size":"","bundle_max_size":"","bundle_price":[],"bundled_items":[],"bundle_sell_ids":[],"acf":[],"yoast_head":"<!-- This site is optimized with the Yoast SEO plugin v27.0 - https:\/\/yoast.com\/product\/yoast-seo-wordpress\/ -->\n<title>LUXTAR Twilight | 300W - Xenonkungen<\/title>\n<meta name=\"robots\" content=\"index, follow, max-snippet:-1, max-image-preview:large, max-video-preview:-1\" \/>\n<link rel=\"canonical\" href=\"https:\/\/xenonkungen.com\/en\/product\/luxtar-twilight-300w-3\/\" \/>\n<meta property=\"og:locale\" content=\"en_GB\" \/>\n<meta property=\"og:type\" content=\"article\" \/>\n<meta property=\"og:title\" content=\"LUXTAR Twilight | 300W - Xenonkungen\" \/>\n<meta property=\"og:description\" content=\"B\u00e4sts\u00e4ljaren, Luxtar Twilight. Med 18 140 lumen och 300W effekt erbjuder denna kraftfulla LED-armatur exceptionell prestanda och l\u00e5ng r\u00e4ckvidd. Perfekt f\u00f6r stora ytor som kr\u00e4ver j\u00e4mn och energieffektiv belysning med h\u00f6g synlighet.\" \/>\n<meta property=\"og:url\" content=\"https:\/\/xenonkungen.com\/en\/product\/luxtar-twilight-300w-3\/\" \/>\n<meta property=\"og:site_name\" content=\"Xenonkungen\" \/>\n<meta property=\"article:modified_time\" content=\"2026-05-13T10:45:33+00:00\" \/>\n<meta property=\"og:image\" content=\"https:\/\/xenonkungen.com\/wp-content\/uploads\/2025\/04\/XK_Twilight-2.png\" \/>\n\t<meta property=\"og:image:width\" content=\"2160\" \/>\n\t<meta property=\"og:image:height\" content=\"2160\" \/>\n\t<meta property=\"og:image:type\" content=\"image\/png\" \/>\n<meta name=\"twitter:card\" content=\"summary_large_image\" \/>\n<meta name=\"twitter:label1\" content=\"Estimated reading time\" \/>\n\t<meta name=\"twitter:data1\" content=\"2 minutes\" \/>\n<script type=\"application\/ld+json\" class=\"yoast-schema-graph\">{\"@context\":\"https:\/\/schema.org\",\"@graph\":[{\"@type\":\"WebPage\",\"@id\":\"https:\/\/xenonkungen.com\/produkt\/luxtar-twilight-300w-3\/\",\"url\":\"https:\/\/xenonkungen.com\/produkt\/luxtar-twilight-300w-3\/\",\"name\":\"LUXTAR Twilight | 300W - Xenonkungen\",\"isPartOf\":{\"@id\":\"https:\/\/xenonkungen.com\/#website\"},\"primaryImageOfPage\":{\"@id\":\"https:\/\/xenonkungen.com\/produkt\/luxtar-twilight-300w-3\/#primaryimage\"},\"image\":{\"@id\":\"https:\/\/xenonkungen.com\/produkt\/luxtar-twilight-300w-3\/#primaryimage\"},\"thumbnailUrl\":\"https:\/\/xenonkungen.com\/wp-content\/uploads\/2025\/04\/XK_Twilight-2.png\",\"datePublished\":\"2025-04-15T07:56:42+00:00\",\"dateModified\":\"2026-05-13T10:45:33+00:00\",\"breadcrumb\":{\"@id\":\"https:\/\/xenonkungen.com\/produkt\/luxtar-twilight-300w-3\/#breadcrumb\"},\"inLanguage\":\"en-GB\",\"potentialAction\":[{\"@type\":\"ReadAction\",\"target\":[\"https:\/\/xenonkungen.com\/produkt\/luxtar-twilight-300w-3\/\"]}]},{\"@type\":\"ImageObject\",\"inLanguage\":\"en-GB\",\"@id\":\"https:\/\/xenonkungen.com\/produkt\/luxtar-twilight-300w-3\/#primaryimage\",\"url\":\"https:\/\/xenonkungen.com\/wp-content\/uploads\/2025\/04\/XK_Twilight-2.png\",\"contentUrl\":\"https:\/\/xenonkungen.com\/wp-content\/uploads\/2025\/04\/XK_Twilight-2.png\",\"width\":2160,\"height\":2160},{\"@type\":\"BreadcrumbList\",\"@id\":\"https:\/\/xenonkungen.com\/produkt\/luxtar-twilight-300w-3\/#breadcrumb\",\"itemListElement\":[{\"@type\":\"ListItem\",\"position\":1,\"name\":\"Hem\",\"item\":\"https:\/\/xenonkungen.com\/\"},{\"@type\":\"ListItem\",\"position\":2,\"name\":\"Shop\",\"item\":\"https:\/\/xenonkungen.com\/shop\/\"},{\"@type\":\"ListItem\",\"position\":3,\"name\":\"LUXTAR Twilight | 300W\"}]},{\"@type\":\"WebSite\",\"@id\":\"https:\/\/xenonkungen.com\/#website\",\"url\":\"https:\/\/xenonkungen.com\/\",\"name\":\"Xenonkungen\",\"description\":\"\",\"potentialAction\":[{\"@type\":\"SearchAction\",\"target\":{\"@type\":\"EntryPoint\",\"urlTemplate\":\"https:\/\/xenonkungen.com\/?s={search_term_string}\"},\"query-input\":{\"@type\":\"PropertyValueSpecification\",\"valueRequired\":true,\"valueName\":\"search_term_string\"}}],\"inLanguage\":\"en-GB\"}]}<\/script>\n<!-- \/ Yoast SEO plugin. -->","yoast_head_json":{"title":"LUXTAR Twilight | 300W - The Xenon King","robots":{"index":"index","follow":"follow","max-snippet":"max-snippet:-1","max-image-preview":"max-image-preview:large","max-video-preview":"max-video-preview:-1"},"canonical":"https:\/\/xenonkungen.com\/en\/product\/luxtar-twilight-300w-3\/","og_locale":"en_GB","og_type":"article","og_title":"LUXTAR Twilight | 300W - Xenonkungen","og_description":"B\u00e4sts\u00e4ljaren, Luxtar Twilight. Med 18 140 lumen och 300W effekt erbjuder denna kraftfulla LED-armatur exceptionell prestanda och l\u00e5ng r\u00e4ckvidd. Perfekt f\u00f6r stora ytor som kr\u00e4ver j\u00e4mn och energieffektiv belysning med h\u00f6g synlighet.","og_url":"https:\/\/xenonkungen.com\/en\/product\/luxtar-twilight-300w-3\/","og_site_name":"Xenonkungen","article_modified_time":"2026-05-13T10:45:33+00:00","og_image":[{"width":2160,"height":2160,"url":"https:\/\/xenonkungen.com\/wp-content\/uploads\/2025\/04\/XK_Twilight-2.png","type":"image\/png"}],"twitter_card":"summary_large_image","twitter_misc":{"Estimated reading time":"2 minutes"},"schema":{"@context":"https:\/\/schema.org","@graph":[{"@type":"WebPage","@id":"https:\/\/xenonkungen.com\/produkt\/luxtar-twilight-300w-3\/","url":"https:\/\/xenonkungen.com\/produkt\/luxtar-twilight-300w-3\/","name":"LUXTAR Twilight | 300W - The Xenon King","isPartOf":{"@id":"https:\/\/xenonkungen.com\/#website"},"primaryImageOfPage":{"@id":"https:\/\/xenonkungen.com\/produkt\/luxtar-twilight-300w-3\/#primaryimage"},"image":{"@id":"https:\/\/xenonkungen.com\/produkt\/luxtar-twilight-300w-3\/#primaryimage"},"thumbnailUrl":"https:\/\/xenonkungen.com\/wp-content\/uploads\/2025\/04\/XK_Twilight-2.png","datePublished":"2025-04-15T07:56:42+00:00","dateModified":"2026-05-13T10:45:33+00:00","breadcrumb":{"@id":"https:\/\/xenonkungen.com\/produkt\/luxtar-twilight-300w-3\/#breadcrumb"},"inLanguage":"en-GB","potentialAction":[{"@type":"ReadAction","target":["https:\/\/xenonkungen.com\/produkt\/luxtar-twilight-300w-3\/"]}]},{"@type":"ImageObject","inLanguage":"en-GB","@id":"https:\/\/xenonkungen.com\/produkt\/luxtar-twilight-300w-3\/#primaryimage","url":"https:\/\/xenonkungen.com\/wp-content\/uploads\/2025\/04\/XK_Twilight-2.png","contentUrl":"https:\/\/xenonkungen.com\/wp-content\/uploads\/2025\/04\/XK_Twilight-2.png","width":2160,"height":2160},{"@type":"BreadcrumbList","@id":"https:\/\/xenonkungen.com\/produkt\/luxtar-twilight-300w-3\/#breadcrumb","itemListElement":[{"@type":"ListItem","position":1,"name":"Hem","item":"https:\/\/xenonkungen.com\/"},{"@type":"ListItem","position":2,"name":"Shop","item":"https:\/\/xenonkungen.com\/shop\/"},{"@type":"ListItem","position":3,"name":"LUXTAR Twilight | 300W"}]},{"@type":"WebSite","@id":"https:\/\/xenonkungen.com\/#website","url":"https:\/\/xenonkungen.com\/","name":"Xenonkungen","description":"","potentialAction":[{"@type":"SearchAction","target":{"@type":"EntryPoint","urlTemplate":"https:\/\/xenonkungen.com\/?s={search_term_string}"},"query-input":{"@type":"PropertyValueSpecification","valueRequired":true,"valueName":"search_term_string"}}],"inLanguage":"en-GB"}]}},"taxonomy_info":{"product_brand":[{"value":103,"label":"LUXTAR"}],"product_cat":[{"value":2539,"label":"LEDRAMPER"},{"value":2826,"label":"LUXTAR"},{"value":2542,"label":"Luxtar Twilight"},{"value":18,"label":"LED Ramper \/ Ljusramper"},{"value":20,"label":"Luxtar Twilight"},{"value":2159,"label":"LUXTAR Twilight"}],"pa_faktisk-effekts-forbrukning":[{"value":153,"label":"284"}],"pa_fargtemperatur":[{"value":154,"label":"5000K"}],"pa_fuktskydd-varde-ipxx":[{"value":155,"label":"IP69K"}],"pa_godkannande":[{"value":164,"label":"E marked R23"}],"pa_lampsockel-kontakt":[{"value":163,"label":"H9"}],"pa_led-chips-effekt-w":[{"value":152,"label":"300"}],"pa_ljusbild":[{"value":157,"label":"Driving, combo"}],"pa_ljusspridning-grader":[{"value":156,"label":"60"}],"pa_storlek-mm":[{"value":151,"label":"508x45x65"}],"pa_stromforbrukning":[{"value":162,"label":"20,7A @13,7V"}],"pa_volt-v":[{"value":295,"label":"8, 12, 24, 32"}]},"featured_image_src_large":["https:\/\/xenonkungen.com\/wp-content\/uploads\/2025\/04\/XK_Twilight-2-1024x1024.png",1024,1024,true],"author_info":[],"comment_info":6,"_links":{"self":[{"href":"https:\/\/xenonkungen.com\/en\/wp-json\/wp\/v2\/product\/944","targetHints":{"allow":["GET"]}}],"collection":[{"href":"https:\/\/xenonkungen.com\/en\/wp-json\/wp\/v2\/product"}],"about":[{"href":"https:\/\/xenonkungen.com\/en\/wp-json\/wp\/v2\/types\/product"}],"replies":[{"embeddable":true,"href":"https:\/\/xenonkungen.com\/en\/wp-json\/wp\/v2\/comments?post=944"}],"wp:featuredmedia":[{"embeddable":true,"href":"https:\/\/xenonkungen.com\/en\/wp-json\/wp\/v2\/media\/16763"}],"wp:attachment":[{"href":"https:\/\/xenonkungen.com\/en\/wp-json\/wp\/v2\/media?parent=944"}],"wp:term":[{"taxonomy":"anvandningsomrade","embeddable":true,"href":"https:\/\/xenonkungen.com\/en\/wp-json\/wp\/v2\/anvandningsomrade?post=944"},{"taxonomy":"bilmarken","embeddable":true,"href":"https:\/\/xenonkungen.com\/en\/wp-json\/wp\/v2\/bilmarken?post=944"},{"taxonomy":"product_brand","embeddable":true,"href":"https:\/\/xenonkungen.com\/en\/wp-json\/wp\/v2\/product_brand?post=944"},{"taxonomy":"product_cat","embeddable":true,"href":"https:\/\/xenonkungen.com\/en\/wp-json\/wp\/v2\/product_cat?post=944"},{"taxonomy":"product_tag","embeddable":true,"href":"https:\/\/xenonkungen.com\/en\/wp-json\/wp\/v2\/product_tag?post=944"}],"curies":[{"name":"wp","href":"https:\/\/api.w.org\/{rel}","templated":true}]}}