{"id":9515,"date":"2025-05-20T08:00:25","date_gmt":"2025-05-20T08:00:25","guid":{"rendered":"https:\/\/xenonkungen.com\/product\/infallnadspaket-luxtar-twilight-2\/"},"modified":"2026-04-02T12:22:35","modified_gmt":"2026-04-02T11:22:35","slug":"luxtar-twilight-2-incident-pack","status":"publish","type":"product","link":"https:\/\/xenonkungen.com\/en\/product\/luxtar-twilight-2-incident-pack\/","title":{"rendered":"Led ramp package Luxtar Twilight"},"content":{"rendered":"<h2>Luxtar Twilight LED ramp kit - Powerful lighting for all needs<\/h2>\n<p>For those looking for a strong, reliable and stylish lighting solution, the\u00a0<strong>Led ramp package Luxtar Twilight<\/strong>\u00a0the perfect choice. This powerful LED ramp on\u00a0<strong>300W<\/strong>\u00a0delivers an impressive luminous flux of the entire\u00a0<strong>18 140 lumen<\/strong>. With a light that reaches up to\u00a0<strong>1 lux at 794 metres<\/strong>\u00a0(R112 standard: 1 lux at 430 metres), you get visibility that really makes a difference on those dark evenings and in demanding driving conditions. For easy and secure mounting, a\u00a0<strong>extra light bracket in black finish<\/strong>\u00a0with a distance of\u00a0<strong>225 mm<\/strong>\u00a0between the fixing holes, making installation easy and adaptable to different vehicles. The package also includes the high-quality\u00a0<strong>Luxtar Relay cable set DTP-4 X1<\/strong>\u00a0for\u00a0<strong>12V<\/strong>\u00a0with\u00a0<strong>80A relay<\/strong>, ensuring a stable and safe power supply to the ramp. The robust cabling ensures long-lasting and reliable performance, even in harsh conditions.<\/p>\n<h3>Characteristics:<\/h3>\n<ul>\n<li><strong>Effect:<\/strong>\u00a0300W<\/li>\n<li><strong>Luminous flux:<\/strong>\u00a018 140 lumen<\/li>\n<li><strong>Scope:<\/strong>\u00a01 lux at 794 metres \/ R112 standard: 1 lux at 430 metres<\/li>\n<li><strong>Extra light bracket:<\/strong>\u00a0Black, 225 mm<\/li>\n<li><strong>Relay cable set:<\/strong>\u00a0DTP-4 X1 12V 80A relay from Luxtar<\/li>\n<\/ul>\n<p><strong>Experience the Luxtar Twilight difference!<\/strong><\/p>","protected":false},"excerpt":{"rendered":"<p>Discover the power of <strong>Luxtar Twilight LED light kit<\/strong> - a high-performance lighting solution for any environment. With the <strong>300W<\/strong> impact and impressive <strong>18 140 lumen<\/strong> this lightbar provides superior visibility and safety in dark and demanding conditions.<\/p>","protected":false},"featured_media":16752,"comment_status":"closed","ping_status":"closed","template":"","meta":{"_acf_changed":false,"_smort_price_nok":"4588","_smort_price_dkk":"2914","_smort_price_eur":"390.44","_smort_sale_price_nok":"","_smort_sale_price_dkk":"","_smort_sale_price_eur":"","smort_restorder":"","shipmondo_restorder":"","_kad_blocks_custom_css":"","_kad_blocks_head_custom_js":"","_kad_blocks_body_custom_js":"","_kad_blocks_footer_custom_js":"","smort_custom_pricelist_1":"2748.8","smort_custom_pricelist_2":"2405.2","smort_custom_pricelist_3":"2233.4","smort_custom_pricelist_4":"3436","smort_custom_pricelist_5":"2405.2"},"anvandningsomrade":[207,166,167,1915],"bilmarken":[168],"product_brand":[103],"product_cat":[2539,2826,2820,2542,2854,18,20,2159,1916],"product_tag":[2726],"class_list":{"0":"post-9515","1":"product","2":"type-product","3":"status-publish","4":"has-post-thumbnail","6":"anvandningsomrade-husbil","7":"anvandningsomrade-lastbil","8":"anvandningsomrade-personbil","9":"anvandningsomrade-skapbil","10":"bilmarken-alla","11":"product_brand-luxtar","12":"product_cat-ledramper","13":"product_cat-luxtar","14":"product_cat-luxtar-paketlosningar","15":"product_cat-luxtar-twilight-ledramper","16":"product_cat-noel","17":"product_cat-led-ramper-ljusramper","18":"product_cat-luxtar-twilight-led-ramper-ljusramper","19":"product_cat-luxtar-twilight","20":"product_cat-ledrampspaket","21":"product_tag-produktpaket","22":"pa_faktisk-effekts-forbrukning-153","23":"pa_fargtemperatur-5000k","24":"pa_fuktskydd-varde-ipxx-ip69k","25":"pa_godkannande-e-godkand-r112-r10-r148-r149","26":"pa_lampsockel-kontakt-dtp-4","27":"pa_led-chips-effekt-w-152","28":"pa_ljusbild-driving","29":"pa_storlek-mm-508x45x65","30":"pa_stromforbrukning-207a-137v","31":"pa_volt-v-9-12-24-32","33":"first","34":"instock","35":"taxable","36":"shipping-taxable","37":"purchasable","38":"product-type-bundle"},"bundled_by":[],"bundle_stock_status":"instock","bundle_stock_quantity":"","bundle_virtual":false,"bundle_layout":"default","bundle_add_to_cart_form_location":"default","bundle_editable_in_cart":false,"bundle_sold_individually_context":"product","bundle_item_grouping":"parent","bundle_min_size":1,"bundle_max_size":"","bundle_price":{"price":{"min":{"incl_tax":"390.42","excl_tax":"312.33525188"},"max":{"incl_tax":"390.42","excl_tax":"312.33525188"}},"regular_price":{"min":{"incl_tax":"390.42","excl_tax":"312.33525188"},"max":{"incl_tax":"390.42","excl_tax":"312.33525188"}}},"bundled_items":[{"bundled_item_id":280,"product_id":944,"menu_order":0,"quantity_min":1,"quantity_max":1,"quantity_default":1,"priced_individually":false,"shipped_individually":false,"override_title":false,"title":"LUXTAR Twilight | 300W","override_description":false,"description":"","optional":false,"hide_thumbnail":false,"discount":"","override_variations":false,"allowed_variations":[],"override_default_variation_attributes":false,"default_variation_attributes":[],"single_product_visibility":"visible","cart_visibility":"visible","order_visibility":"visible","single_product_price_visibility":"visible","cart_price_visibility":"visible","order_price_visibility":"visible","stock_status":"in_stock"},{"bundled_item_id":281,"product_id":1069,"menu_order":1,"quantity_min":1,"quantity_max":1,"quantity_default":1,"priced_individually":false,"shipped_individually":false,"override_title":false,"title":"Luxtar Relay cable set DTP-4 X1 12V 80A Relay","override_description":false,"description":"","optional":false,"hide_thumbnail":false,"discount":"","override_variations":false,"allowed_variations":[],"override_default_variation_attributes":false,"default_variation_attributes":[],"single_product_visibility":"visible","cart_visibility":"visible","order_visibility":"visible","single_product_price_visibility":"visible","cart_price_visibility":"visible","order_price_visibility":"visible","stock_status":"in_stock"},{"bundled_item_id":282,"product_id":3043,"menu_order":2,"quantity_min":1,"quantity_max":1,"quantity_default":1,"priced_individually":false,"shipped_individually":false,"override_title":false,"title":"Extra light bracket for 2 x 225mm|9\"","override_description":false,"description":"","optional":false,"hide_thumbnail":false,"discount":"","override_variations":false,"allowed_variations":[],"override_default_variation_attributes":false,"default_variation_attributes":[],"single_product_visibility":"visible","cart_visibility":"visible","order_visibility":"visible","single_product_price_visibility":"visible","cart_price_visibility":"visible","order_price_visibility":"visible","stock_status":"in_stock"}],"bundle_sell_ids":[],"acf":[],"yoast_head":"<!-- This site is optimized with the Yoast SEO plugin v27.0 - https:\/\/yoast.com\/product\/yoast-seo-wordpress\/ -->\n<title>Ledrampspaket Luxtar Twilight - Xenonkungen<\/title>\n<meta name=\"robots\" content=\"index, follow, max-snippet:-1, max-image-preview:large, max-video-preview:-1\" \/>\n<link rel=\"canonical\" href=\"https:\/\/xenonkungen.com\/en\/product\/luxtar-twilight-2-incident-pack\/\" \/>\n<meta property=\"og:locale\" content=\"en_GB\" \/>\n<meta property=\"og:type\" content=\"article\" \/>\n<meta property=\"og:title\" content=\"Ledrampspaket Luxtar Twilight - Xenonkungen\" \/>\n<meta property=\"og:description\" content=\"Uppt\u00e4ck kraften i Luxtar Twilight LED-lyspaketet \u2013 en h\u00f6gpresterande ljusl\u00f6sning f\u00f6r alla milj\u00f6er. Med 300W effekt och imponerande 18 140 lumen ger denna ljusrampe \u00f6verl\u00e4gsen sikt och s\u00e4kerhet under m\u00f6rka och kr\u00e4vande f\u00f6rh\u00e5llanden.\" \/>\n<meta property=\"og:url\" content=\"https:\/\/xenonkungen.com\/en\/product\/luxtar-twilight-2-incident-pack\/\" \/>\n<meta property=\"og:site_name\" content=\"Xenonkungen\" \/>\n<meta property=\"article:modified_time\" content=\"2026-04-02T11:22:35+00:00\" \/>\n<meta property=\"og:image\" content=\"https:\/\/xenonkungen.com\/wp-content\/uploads\/2025\/10\/XK_Twilight-2.jpg\" \/>\n\t<meta property=\"og:image:width\" content=\"2160\" \/>\n\t<meta property=\"og:image:height\" content=\"2160\" \/>\n\t<meta property=\"og:image:type\" content=\"image\/jpeg\" \/>\n<meta name=\"twitter:card\" content=\"summary_large_image\" \/>\n<meta name=\"twitter:label1\" content=\"Estimated reading time\" \/>\n\t<meta name=\"twitter:data1\" content=\"2 minutes\" \/>\n<script type=\"application\/ld+json\" class=\"yoast-schema-graph\">{\"@context\":\"https:\/\/schema.org\",\"@graph\":[{\"@type\":\"WebPage\",\"@id\":\"https:\/\/xenonkungen.com\/produkt\/infallnadspaket-luxtar-twilight-2\/\",\"url\":\"https:\/\/xenonkungen.com\/produkt\/infallnadspaket-luxtar-twilight-2\/\",\"name\":\"Ledrampspaket Luxtar Twilight - Xenonkungen\",\"isPartOf\":{\"@id\":\"https:\/\/xenonkungen.com\/#website\"},\"primaryImageOfPage\":{\"@id\":\"https:\/\/xenonkungen.com\/produkt\/infallnadspaket-luxtar-twilight-2\/#primaryimage\"},\"image\":{\"@id\":\"https:\/\/xenonkungen.com\/produkt\/infallnadspaket-luxtar-twilight-2\/#primaryimage\"},\"thumbnailUrl\":\"https:\/\/xenonkungen.com\/wp-content\/uploads\/2025\/10\/XK_Twilight-2.jpg\",\"datePublished\":\"2025-05-20T08:00:25+00:00\",\"dateModified\":\"2026-04-02T11:22:35+00:00\",\"breadcrumb\":{\"@id\":\"https:\/\/xenonkungen.com\/produkt\/infallnadspaket-luxtar-twilight-2\/#breadcrumb\"},\"inLanguage\":\"en-GB\",\"potentialAction\":[{\"@type\":\"ReadAction\",\"target\":[\"https:\/\/xenonkungen.com\/produkt\/infallnadspaket-luxtar-twilight-2\/\"]}]},{\"@type\":\"ImageObject\",\"inLanguage\":\"en-GB\",\"@id\":\"https:\/\/xenonkungen.com\/produkt\/infallnadspaket-luxtar-twilight-2\/#primaryimage\",\"url\":\"https:\/\/xenonkungen.com\/wp-content\/uploads\/2025\/10\/XK_Twilight-2.jpg\",\"contentUrl\":\"https:\/\/xenonkungen.com\/wp-content\/uploads\/2025\/10\/XK_Twilight-2.jpg\",\"width\":2160,\"height\":2160},{\"@type\":\"BreadcrumbList\",\"@id\":\"https:\/\/xenonkungen.com\/produkt\/infallnadspaket-luxtar-twilight-2\/#breadcrumb\",\"itemListElement\":[{\"@type\":\"ListItem\",\"position\":1,\"name\":\"Hem\",\"item\":\"https:\/\/xenonkungen.com\/\"},{\"@type\":\"ListItem\",\"position\":2,\"name\":\"Shop\",\"item\":\"https:\/\/xenonkungen.com\/shop\/\"},{\"@type\":\"ListItem\",\"position\":3,\"name\":\"Ledrampspaket Luxtar Twilight\"}]},{\"@type\":\"WebSite\",\"@id\":\"https:\/\/xenonkungen.com\/#website\",\"url\":\"https:\/\/xenonkungen.com\/\",\"name\":\"Xenonkungen\",\"description\":\"\",\"potentialAction\":[{\"@type\":\"SearchAction\",\"target\":{\"@type\":\"EntryPoint\",\"urlTemplate\":\"https:\/\/xenonkungen.com\/?s={search_term_string}\"},\"query-input\":{\"@type\":\"PropertyValueSpecification\",\"valueRequired\":true,\"valueName\":\"search_term_string\"}}],\"inLanguage\":\"en-GB\"}]}<\/script>\n<!-- \/ Yoast SEO plugin. -->","yoast_head_json":{"title":"Led ramp package Luxtar Twilight - The Xenon King","robots":{"index":"index","follow":"follow","max-snippet":"max-snippet:-1","max-image-preview":"max-image-preview:large","max-video-preview":"max-video-preview:-1"},"canonical":"https:\/\/xenonkungen.com\/en\/product\/luxtar-twilight-2-incident-pack\/","og_locale":"en_GB","og_type":"article","og_title":"Ledrampspaket Luxtar Twilight - Xenonkungen","og_description":"Uppt\u00e4ck kraften i Luxtar Twilight LED-lyspaketet \u2013 en h\u00f6gpresterande ljusl\u00f6sning f\u00f6r alla milj\u00f6er. Med 300W effekt och imponerande 18 140 lumen ger denna ljusrampe \u00f6verl\u00e4gsen sikt och s\u00e4kerhet under m\u00f6rka och kr\u00e4vande f\u00f6rh\u00e5llanden.","og_url":"https:\/\/xenonkungen.com\/en\/product\/luxtar-twilight-2-incident-pack\/","og_site_name":"Xenonkungen","article_modified_time":"2026-04-02T11:22:35+00:00","og_image":[{"width":2160,"height":2160,"url":"https:\/\/xenonkungen.com\/wp-content\/uploads\/2025\/10\/XK_Twilight-2.jpg","type":"image\/jpeg"}],"twitter_card":"summary_large_image","twitter_misc":{"Estimated reading time":"2 minutes"},"schema":{"@context":"https:\/\/schema.org","@graph":[{"@type":"WebPage","@id":"https:\/\/xenonkungen.com\/produkt\/infallnadspaket-luxtar-twilight-2\/","url":"https:\/\/xenonkungen.com\/produkt\/infallnadspaket-luxtar-twilight-2\/","name":"Led ramp package Luxtar Twilight - The Xenon King","isPartOf":{"@id":"https:\/\/xenonkungen.com\/#website"},"primaryImageOfPage":{"@id":"https:\/\/xenonkungen.com\/produkt\/infallnadspaket-luxtar-twilight-2\/#primaryimage"},"image":{"@id":"https:\/\/xenonkungen.com\/produkt\/infallnadspaket-luxtar-twilight-2\/#primaryimage"},"thumbnailUrl":"https:\/\/xenonkungen.com\/wp-content\/uploads\/2025\/10\/XK_Twilight-2.jpg","datePublished":"2025-05-20T08:00:25+00:00","dateModified":"2026-04-02T11:22:35+00:00","breadcrumb":{"@id":"https:\/\/xenonkungen.com\/produkt\/infallnadspaket-luxtar-twilight-2\/#breadcrumb"},"inLanguage":"en-GB","potentialAction":[{"@type":"ReadAction","target":["https:\/\/xenonkungen.com\/produkt\/infallnadspaket-luxtar-twilight-2\/"]}]},{"@type":"ImageObject","inLanguage":"en-GB","@id":"https:\/\/xenonkungen.com\/produkt\/infallnadspaket-luxtar-twilight-2\/#primaryimage","url":"https:\/\/xenonkungen.com\/wp-content\/uploads\/2025\/10\/XK_Twilight-2.jpg","contentUrl":"https:\/\/xenonkungen.com\/wp-content\/uploads\/2025\/10\/XK_Twilight-2.jpg","width":2160,"height":2160},{"@type":"BreadcrumbList","@id":"https:\/\/xenonkungen.com\/produkt\/infallnadspaket-luxtar-twilight-2\/#breadcrumb","itemListElement":[{"@type":"ListItem","position":1,"name":"Hem","item":"https:\/\/xenonkungen.com\/"},{"@type":"ListItem","position":2,"name":"Shop","item":"https:\/\/xenonkungen.com\/shop\/"},{"@type":"ListItem","position":3,"name":"Ledrampspaket Luxtar Twilight"}]},{"@type":"WebSite","@id":"https:\/\/xenonkungen.com\/#website","url":"https:\/\/xenonkungen.com\/","name":"Xenonkungen","description":"","potentialAction":[{"@type":"SearchAction","target":{"@type":"EntryPoint","urlTemplate":"https:\/\/xenonkungen.com\/?s={search_term_string}"},"query-input":{"@type":"PropertyValueSpecification","valueRequired":true,"valueName":"search_term_string"}}],"inLanguage":"en-GB"}]}},"taxonomy_info":{"anvandningsomrade":[{"value":207,"label":"Husbil"},{"value":166,"label":"Lastbil"},{"value":167,"label":"PERSONBIL"},{"value":1915,"label":"Sk\u00e5pbil"}],"bilmarken":[{"value":168,"label":"Alla"}],"product_brand":[{"value":103,"label":"LUXTAR"}],"product_cat":[{"value":2539,"label":"LEDRAMPER"},{"value":2826,"label":"LUXTAR"},{"value":2820,"label":"Luxtar - Paketl\u00f6sningar"},{"value":2542,"label":"Luxtar Twilight"},{"value":2854,"label":"Noels EPA"},{"value":18,"label":"LED Ramper \/ Ljusramper"},{"value":20,"label":"Luxtar Twilight"},{"value":2159,"label":"LUXTAR Twilight"},{"value":1916,"label":"Ledrampspaket"}],"product_tag":[{"value":2726,"label":"produktpaket"}],"pa_faktisk-effekts-forbrukning":[{"value":153,"label":"284"}],"pa_fargtemperatur":[{"value":154,"label":"5000K"}],"pa_fuktskydd-varde-ipxx":[{"value":155,"label":"IP69K"}],"pa_godkannande":[{"value":297,"label":"E-godk\u00e4nd, R112, R10, R148, R149"}],"pa_lampsockel-kontakt":[{"value":358,"label":"DTP-4"}],"pa_led-chips-effekt-w":[{"value":152,"label":"300"}],"pa_ljusbild":[{"value":178,"label":"Driving"}],"pa_storlek-mm":[{"value":151,"label":"508x45x65"}],"pa_stromforbrukning":[{"value":162,"label":"20,7A @13,7V"}],"pa_volt-v":[{"value":2186,"label":"9, 12, 24, 32"}]},"featured_image_src_large":["https:\/\/xenonkungen.com\/wp-content\/uploads\/2025\/10\/XK_Twilight-2-1024x1024.jpg",1024,1024,true],"author_info":[],"comment_info":1,"_links":{"self":[{"href":"https:\/\/xenonkungen.com\/en\/wp-json\/wp\/v2\/product\/9515","targetHints":{"allow":["GET"]}}],"collection":[{"href":"https:\/\/xenonkungen.com\/en\/wp-json\/wp\/v2\/product"}],"about":[{"href":"https:\/\/xenonkungen.com\/en\/wp-json\/wp\/v2\/types\/product"}],"replies":[{"embeddable":true,"href":"https:\/\/xenonkungen.com\/en\/wp-json\/wp\/v2\/comments?post=9515"}],"wp:featuredmedia":[{"embeddable":true,"href":"https:\/\/xenonkungen.com\/en\/wp-json\/wp\/v2\/media\/16752"}],"wp:attachment":[{"href":"https:\/\/xenonkungen.com\/en\/wp-json\/wp\/v2\/media?parent=9515"}],"wp:term":[{"taxonomy":"anvandningsomrade","embeddable":true,"href":"https:\/\/xenonkungen.com\/en\/wp-json\/wp\/v2\/anvandningsomrade?post=9515"},{"taxonomy":"bilmarken","embeddable":true,"href":"https:\/\/xenonkungen.com\/en\/wp-json\/wp\/v2\/bilmarken?post=9515"},{"taxonomy":"product_brand","embeddable":true,"href":"https:\/\/xenonkungen.com\/en\/wp-json\/wp\/v2\/product_brand?post=9515"},{"taxonomy":"product_cat","embeddable":true,"href":"https:\/\/xenonkungen.com\/en\/wp-json\/wp\/v2\/product_cat?post=9515"},{"taxonomy":"product_tag","embeddable":true,"href":"https:\/\/xenonkungen.com\/en\/wp-json\/wp\/v2\/product_tag?post=9515"}],"curies":[{"name":"wp","href":"https:\/\/api.w.org\/{rel}","templated":true}]}}