{"id":9545,"date":"2025-05-20T08:00:25","date_gmt":"2025-05-20T08:00:25","guid":{"rendered":"https:\/\/xenonkungen.com\/product\/ledrampspaket-luxtar-x34tesla\/"},"modified":"2026-04-24T22:49:32","modified_gmt":"2026-04-24T21:49:32","slug":"led-light-package-luxtar-x34tesla","status":"publish","type":"product","link":"https:\/\/xenonkungen.com\/en\/product\/led-light-package-luxtar-x34tesla\/","title":{"rendered":"Led ramp package Luxtar X34Tesla"},"content":{"rendered":"<p><strong>Powerful Luminous LED Ramp Package - Luxtar X34 Tesla<\/strong><\/p>\n<p>Give your driving experience a brilliant upgrade with the Luxtar X34 Tesla LED ramp kit. With outstanding performance and superior quality, this kit is the ultimate choice for any automotive lighting enthusiast.<\/p>\n<p><strong>Powerful Lighting<\/strong>: With an impressive total power of 340 watts, the Luxtar X34 Tesla offers exceptional brightness and long range. You will enjoy superior visibility and clarity, whatever the terrain.<\/p>\n<p><strong>Robust construction<\/strong>Made with high-quality materials and advanced technology for long-lasting durability. This LED ramp is designed to withstand the toughest weather conditions and terrain.<\/p>\n<p><strong>Flexible installation<\/strong>: With its recessed design, the Luxtar X34 Tesla fits seamlessly into the front of your vehicle for a clean and professional look. Installation is simple and smooth, making it an ideal upgrade for any vehicle.<\/p>\n<p><strong>Broaden Your Vision<\/strong>: Whether on the road, off-road or in dark conditions, the Luxtar X34 Tesla will increase your safety and visibility, giving you the confidence to face any challenge on the road.<\/p>\n<p><strong>Contains everything you need<\/strong>: This kit comes complete with everything you need for an easy installation, including brackets and cabling. No extra equipment required, you are ready to start enjoying the powerful lighting right from the first use.<\/p>\n<p>Upgrade your car's lighting with the Luxtar X34 Tesla LED ramp kit and experience a new level of clarity, safety and style on the road.<\/p>","protected":false},"excerpt":{"rendered":"<p>A real performance package with Luxtar X34 and our customised bracket. Easy to install, and it does wonders for the light at night!<\/p>","protected":false},"featured_media":10066,"comment_status":"closed","ping_status":"closed","template":"","meta":{"_acf_changed":false,"_smort_price_nok":"8753","_smort_price_dkk":"5561","_smort_price_eur":"744.97","_smort_sale_price_nok":"","_smort_sale_price_dkk":"","_smort_sale_price_eur":"","smort_restorder":"","shipmondo_restorder":"","_kad_blocks_custom_css":"","_kad_blocks_head_custom_js":"","_kad_blocks_body_custom_js":"","_kad_blocks_footer_custom_js":"","smort_custom_pricelist_1":"5244.8","smort_custom_pricelist_2":"4589.2","smort_custom_pricelist_3":"4261.4","smort_custom_pricelist_4":"6556","smort_custom_pricelist_5":"4589.2"},"anvandningsomrade":[167],"bilmarken":[290],"product_brand":[103],"product_cat":[2832,2826,1916],"product_tag":[2726],"class_list":{"0":"post-9545","1":"product","2":"type-product","3":"status-publish","4":"has-post-thumbnail","6":"anvandningsomrade-personbil","7":"bilmarken-tesla","8":"product_brand-luxtar","9":"product_cat-ledrampspaket-tesla","10":"product_cat-luxtar","11":"product_cat-ledrampspaket","12":"product_tag-produktpaket","13":"pa_faktisk-effekts-forbrukning-2203","14":"pa_fargtemperatur-6000k","15":"pa_fuktskydd-varde-ipxx-ip68","16":"pa_godkannande-ce-emc-rohs","17":"pa_lampsockel-kontakt-9006-hb4","18":"pa_led-chips-effekt-w-2202","19":"pa_ljusbild-driving","20":"pa_storlek-mm-934x63x85","21":"pa_stromforbrukning-105a-24v","22":"pa_stromforbrukning-209a-137v","23":"pa_volt-v-10-12-24-32","25":"first","26":"outofstock","27":"taxable","28":"shipping-taxable","29":"purchasable","30":"product-type-bundle"},"bundled_by":[],"bundle_stock_status":"outofstock","bundle_stock_quantity":0,"bundle_virtual":false,"bundle_layout":"default","bundle_add_to_cart_form_location":"default","bundle_editable_in_cart":false,"bundle_sold_individually_context":"product","bundle_item_grouping":"parent","bundle_min_size":"","bundle_max_size":"","bundle_price":{"price":{"min":{"incl_tax":"744.94","excl_tax":"595.94584148"},"max":{"incl_tax":"744.94","excl_tax":"595.94584148"}},"regular_price":{"min":{"incl_tax":"744.94","excl_tax":"595.94584148"},"max":{"incl_tax":"744.94","excl_tax":"595.94584148"}}},"bundled_items":[{"bundled_item_id":304,"product_id":9718,"menu_order":0,"quantity_min":1,"quantity_max":1,"quantity_default":1,"priced_individually":false,"shipped_individually":false,"override_title":false,"title":"","override_description":false,"description":"","optional":false,"hide_thumbnail":false,"discount":null,"override_variations":false,"allowed_variations":[],"override_default_variation_attributes":false,"default_variation_attributes":[],"single_product_visibility":"visible","cart_visibility":"visible","order_visibility":"visible","single_product_price_visibility":"visible","cart_price_visibility":"visible","order_price_visibility":"visible","stock_status":"in_stock"},{"bundled_item_id":305,"product_id":1536,"menu_order":0,"quantity_min":1,"quantity_max":1,"quantity_default":1,"priced_individually":false,"shipped_individually":false,"override_title":false,"title":"","override_description":false,"description":"","optional":false,"hide_thumbnail":false,"discount":null,"override_variations":false,"allowed_variations":[],"override_default_variation_attributes":false,"default_variation_attributes":[],"single_product_visibility":"visible","cart_visibility":"visible","order_visibility":"visible","single_product_price_visibility":"visible","cart_price_visibility":"visible","order_price_visibility":"visible","stock_status":"in_stock"},{"bundled_item_id":306,"product_id":991,"menu_order":0,"quantity_min":1,"quantity_max":1,"quantity_default":1,"priced_individually":false,"shipped_individually":false,"override_title":false,"title":"","override_description":false,"description":"","optional":false,"hide_thumbnail":false,"discount":null,"override_variations":false,"allowed_variations":[],"override_default_variation_attributes":false,"default_variation_attributes":[],"single_product_visibility":"visible","cart_visibility":"visible","order_visibility":"visible","single_product_price_visibility":"visible","cart_price_visibility":"visible","order_price_visibility":"visible","stock_status":"on_backorder"},{"bundled_item_id":307,"product_id":2747,"menu_order":0,"quantity_min":1,"quantity_max":1,"quantity_default":1,"priced_individually":false,"shipped_individually":false,"override_title":false,"title":"","override_description":false,"description":"","optional":false,"hide_thumbnail":false,"discount":null,"override_variations":false,"allowed_variations":[],"override_default_variation_attributes":false,"default_variation_attributes":[],"single_product_visibility":"visible","cart_visibility":"visible","order_visibility":"visible","single_product_price_visibility":"visible","cart_price_visibility":"visible","order_price_visibility":"visible","stock_status":"in_stock"},{"bundled_item_id":308,"product_id":1538,"menu_order":0,"quantity_min":1,"quantity_max":1,"quantity_default":1,"priced_individually":false,"shipped_individually":false,"override_title":false,"title":"","override_description":false,"description":"","optional":false,"hide_thumbnail":false,"discount":null,"override_variations":false,"allowed_variations":[],"override_default_variation_attributes":false,"default_variation_attributes":[],"single_product_visibility":"visible","cart_visibility":"visible","order_visibility":"visible","single_product_price_visibility":"visible","cart_price_visibility":"visible","order_price_visibility":"visible","stock_status":"on_backorder"},{"bundled_item_id":309,"product_id":2603,"menu_order":0,"quantity_min":1,"quantity_max":1,"quantity_default":1,"priced_individually":false,"shipped_individually":false,"override_title":false,"title":"","override_description":false,"description":"","optional":false,"hide_thumbnail":false,"discount":null,"override_variations":false,"allowed_variations":[],"override_default_variation_attributes":false,"default_variation_attributes":[],"single_product_visibility":"visible","cart_visibility":"visible","order_visibility":"visible","single_product_price_visibility":"visible","cart_price_visibility":"visible","order_price_visibility":"visible","stock_status":"on_backorder"}],"bundle_sell_ids":[],"acf":[],"yoast_head":"<!-- This site is optimized with the Yoast SEO plugin v27.0 - https:\/\/yoast.com\/product\/yoast-seo-wordpress\/ -->\n<title>Ledrampspaket Luxtar X34Tesla - Xenonkungen<\/title>\n<meta name=\"robots\" content=\"index, follow, max-snippet:-1, max-image-preview:large, max-video-preview:-1\" \/>\n<link rel=\"canonical\" href=\"https:\/\/xenonkungen.com\/en\/product\/led-light-package-luxtar-x34tesla\/\" \/>\n<meta property=\"og:locale\" content=\"en_GB\" \/>\n<meta property=\"og:type\" content=\"article\" \/>\n<meta property=\"og:title\" content=\"Ledrampspaket Luxtar X34Tesla - Xenonkungen\" \/>\n<meta property=\"og:description\" content=\"Ett riktigt Prestandapaket med Luxtar X34 och v\u00e5rt modellanpassade f\u00e4ste. Enkelt att installera, samt att det g\u00f6r under f\u00f6r ljuset p\u00e5 natten!\" \/>\n<meta property=\"og:url\" content=\"https:\/\/xenonkungen.com\/en\/product\/led-light-package-luxtar-x34tesla\/\" \/>\n<meta property=\"og:site_name\" content=\"Xenonkungen\" \/>\n<meta property=\"article:modified_time\" content=\"2026-04-24T21:49:32+00:00\" \/>\n<meta property=\"og:image\" content=\"https:\/\/xenonkungen.com\/wp-content\/uploads\/2025\/05\/TESLA-LUXTAR-X34-DSCF2198-FRONT-CLOSEUP-PNNG-1000px-1-1024x682.png\" \/>\n\t<meta property=\"og:image:width\" content=\"1024\" \/>\n\t<meta property=\"og:image:height\" content=\"682\" \/>\n\t<meta property=\"og:image:type\" content=\"image\/png\" \/>\n<meta name=\"twitter:card\" content=\"summary_large_image\" \/>\n<meta name=\"twitter:label1\" content=\"Estimated reading time\" \/>\n\t<meta name=\"twitter:data1\" content=\"1 minute\" \/>\n<script type=\"application\/ld+json\" class=\"yoast-schema-graph\">{\"@context\":\"https:\/\/schema.org\",\"@graph\":[{\"@type\":\"WebPage\",\"@id\":\"https:\/\/xenonkungen.com\/produkt\/ledrampspaket-luxtar-x34tesla\/\",\"url\":\"https:\/\/xenonkungen.com\/produkt\/ledrampspaket-luxtar-x34tesla\/\",\"name\":\"Ledrampspaket Luxtar X34Tesla - Xenonkungen\",\"isPartOf\":{\"@id\":\"https:\/\/xenonkungen.com\/#website\"},\"primaryImageOfPage\":{\"@id\":\"https:\/\/xenonkungen.com\/produkt\/ledrampspaket-luxtar-x34tesla\/#primaryimage\"},\"image\":{\"@id\":\"https:\/\/xenonkungen.com\/produkt\/ledrampspaket-luxtar-x34tesla\/#primaryimage\"},\"thumbnailUrl\":\"https:\/\/xenonkungen.com\/wp-content\/uploads\/2025\/05\/TESLA-LUXTAR-X34-DSCF2198-FRONT-CLOSEUP-PNNG-1000px-1.png\",\"datePublished\":\"2025-05-20T08:00:25+00:00\",\"dateModified\":\"2026-04-24T21:49:32+00:00\",\"breadcrumb\":{\"@id\":\"https:\/\/xenonkungen.com\/produkt\/ledrampspaket-luxtar-x34tesla\/#breadcrumb\"},\"inLanguage\":\"en-GB\",\"potentialAction\":[{\"@type\":\"ReadAction\",\"target\":[\"https:\/\/xenonkungen.com\/produkt\/ledrampspaket-luxtar-x34tesla\/\"]}]},{\"@type\":\"ImageObject\",\"inLanguage\":\"en-GB\",\"@id\":\"https:\/\/xenonkungen.com\/produkt\/ledrampspaket-luxtar-x34tesla\/#primaryimage\",\"url\":\"https:\/\/xenonkungen.com\/wp-content\/uploads\/2025\/05\/TESLA-LUXTAR-X34-DSCF2198-FRONT-CLOSEUP-PNNG-1000px-1.png\",\"contentUrl\":\"https:\/\/xenonkungen.com\/wp-content\/uploads\/2025\/05\/TESLA-LUXTAR-X34-DSCF2198-FRONT-CLOSEUP-PNNG-1000px-1.png\",\"width\":1498,\"height\":998},{\"@type\":\"BreadcrumbList\",\"@id\":\"https:\/\/xenonkungen.com\/produkt\/ledrampspaket-luxtar-x34tesla\/#breadcrumb\",\"itemListElement\":[{\"@type\":\"ListItem\",\"position\":1,\"name\":\"Hem\",\"item\":\"https:\/\/xenonkungen.com\/\"},{\"@type\":\"ListItem\",\"position\":2,\"name\":\"Shop\",\"item\":\"https:\/\/xenonkungen.com\/shop\/\"},{\"@type\":\"ListItem\",\"position\":3,\"name\":\"Ledrampspaket Luxtar X34Tesla\"}]},{\"@type\":\"WebSite\",\"@id\":\"https:\/\/xenonkungen.com\/#website\",\"url\":\"https:\/\/xenonkungen.com\/\",\"name\":\"Xenonkungen\",\"description\":\"\",\"potentialAction\":[{\"@type\":\"SearchAction\",\"target\":{\"@type\":\"EntryPoint\",\"urlTemplate\":\"https:\/\/xenonkungen.com\/?s={search_term_string}\"},\"query-input\":{\"@type\":\"PropertyValueSpecification\",\"valueRequired\":true,\"valueName\":\"search_term_string\"}}],\"inLanguage\":\"en-GB\"}]}<\/script>\n<!-- \/ Yoast SEO plugin. -->","yoast_head_json":{"title":"Led light package Luxtar X34Tesla - Xenonkungen","robots":{"index":"index","follow":"follow","max-snippet":"max-snippet:-1","max-image-preview":"max-image-preview:large","max-video-preview":"max-video-preview:-1"},"canonical":"https:\/\/xenonkungen.com\/en\/product\/led-light-package-luxtar-x34tesla\/","og_locale":"en_GB","og_type":"article","og_title":"Ledrampspaket Luxtar X34Tesla - Xenonkungen","og_description":"Ett riktigt Prestandapaket med Luxtar X34 och v\u00e5rt modellanpassade f\u00e4ste. Enkelt att installera, samt att det g\u00f6r under f\u00f6r ljuset p\u00e5 natten!","og_url":"https:\/\/xenonkungen.com\/en\/product\/led-light-package-luxtar-x34tesla\/","og_site_name":"Xenonkungen","article_modified_time":"2026-04-24T21:49:32+00:00","og_image":[{"width":1024,"height":682,"url":"https:\/\/xenonkungen.com\/wp-content\/uploads\/2025\/05\/TESLA-LUXTAR-X34-DSCF2198-FRONT-CLOSEUP-PNNG-1000px-1-1024x682.png","type":"image\/png"}],"twitter_card":"summary_large_image","twitter_misc":{"Estimated reading time":"1 minute"},"schema":{"@context":"https:\/\/schema.org","@graph":[{"@type":"WebPage","@id":"https:\/\/xenonkungen.com\/produkt\/ledrampspaket-luxtar-x34tesla\/","url":"https:\/\/xenonkungen.com\/produkt\/ledrampspaket-luxtar-x34tesla\/","name":"Led light package Luxtar X34Tesla - Xenonkungen","isPartOf":{"@id":"https:\/\/xenonkungen.com\/#website"},"primaryImageOfPage":{"@id":"https:\/\/xenonkungen.com\/produkt\/ledrampspaket-luxtar-x34tesla\/#primaryimage"},"image":{"@id":"https:\/\/xenonkungen.com\/produkt\/ledrampspaket-luxtar-x34tesla\/#primaryimage"},"thumbnailUrl":"https:\/\/xenonkungen.com\/wp-content\/uploads\/2025\/05\/TESLA-LUXTAR-X34-DSCF2198-FRONT-CLOSEUP-PNNG-1000px-1.png","datePublished":"2025-05-20T08:00:25+00:00","dateModified":"2026-04-24T21:49:32+00:00","breadcrumb":{"@id":"https:\/\/xenonkungen.com\/produkt\/ledrampspaket-luxtar-x34tesla\/#breadcrumb"},"inLanguage":"en-GB","potentialAction":[{"@type":"ReadAction","target":["https:\/\/xenonkungen.com\/produkt\/ledrampspaket-luxtar-x34tesla\/"]}]},{"@type":"ImageObject","inLanguage":"en-GB","@id":"https:\/\/xenonkungen.com\/produkt\/ledrampspaket-luxtar-x34tesla\/#primaryimage","url":"https:\/\/xenonkungen.com\/wp-content\/uploads\/2025\/05\/TESLA-LUXTAR-X34-DSCF2198-FRONT-CLOSEUP-PNNG-1000px-1.png","contentUrl":"https:\/\/xenonkungen.com\/wp-content\/uploads\/2025\/05\/TESLA-LUXTAR-X34-DSCF2198-FRONT-CLOSEUP-PNNG-1000px-1.png","width":1498,"height":998},{"@type":"BreadcrumbList","@id":"https:\/\/xenonkungen.com\/produkt\/ledrampspaket-luxtar-x34tesla\/#breadcrumb","itemListElement":[{"@type":"ListItem","position":1,"name":"Hem","item":"https:\/\/xenonkungen.com\/"},{"@type":"ListItem","position":2,"name":"Shop","item":"https:\/\/xenonkungen.com\/shop\/"},{"@type":"ListItem","position":3,"name":"Ledrampspaket Luxtar X34Tesla"}]},{"@type":"WebSite","@id":"https:\/\/xenonkungen.com\/#website","url":"https:\/\/xenonkungen.com\/","name":"Xenonkungen","description":"","potentialAction":[{"@type":"SearchAction","target":{"@type":"EntryPoint","urlTemplate":"https:\/\/xenonkungen.com\/?s={search_term_string}"},"query-input":{"@type":"PropertyValueSpecification","valueRequired":true,"valueName":"search_term_string"}}],"inLanguage":"en-GB"}]}},"taxonomy_info":{"anvandningsomrade":[{"value":167,"label":"PERSONBIL"}],"bilmarken":[{"value":290,"label":"Tesla"}],"product_brand":[{"value":103,"label":"LUXTAR"}],"product_cat":[{"value":2832,"label":"Ledrampspaket TESLA"},{"value":2826,"label":"LUXTAR"},{"value":1916,"label":"Ledrampspaket"}],"product_tag":[{"value":2726,"label":"produktpaket"}],"pa_faktisk-effekts-forbrukning":[{"value":2203,"label":"250,8"}],"pa_fargtemperatur":[{"value":188,"label":"6000K"}],"pa_fuktskydd-varde-ipxx":[{"value":177,"label":"IP68"}],"pa_godkannande":[{"value":325,"label":"CE, EMC, RoHS"}],"pa_lampsockel-kontakt":[{"value":326,"label":"9006 , HB4"}],"pa_led-chips-effekt-w":[{"value":2202,"label":"340"}],"pa_ljusbild":[{"value":178,"label":"Driving"}],"pa_storlek-mm":[{"value":2201,"label":"934x63x85"}],"pa_stromforbrukning":[{"value":2205,"label":"10,5A @24V"},{"value":2204,"label":"20,9A @13,7V"}],"pa_volt-v":[{"value":2199,"label":"10, 12, 24, 32"}]},"featured_image_src_large":["https:\/\/xenonkungen.com\/wp-content\/uploads\/2025\/05\/TESLA-LUXTAR-X34-DSCF2198-FRONT-CLOSEUP-PNNG-1000px-1-1024x682.png",1024,682,true],"author_info":[],"comment_info":0,"_links":{"self":[{"href":"https:\/\/xenonkungen.com\/en\/wp-json\/wp\/v2\/product\/9545","targetHints":{"allow":["GET"]}}],"collection":[{"href":"https:\/\/xenonkungen.com\/en\/wp-json\/wp\/v2\/product"}],"about":[{"href":"https:\/\/xenonkungen.com\/en\/wp-json\/wp\/v2\/types\/product"}],"replies":[{"embeddable":true,"href":"https:\/\/xenonkungen.com\/en\/wp-json\/wp\/v2\/comments?post=9545"}],"wp:featuredmedia":[{"embeddable":true,"href":"https:\/\/xenonkungen.com\/en\/wp-json\/wp\/v2\/media\/10066"}],"wp:attachment":[{"href":"https:\/\/xenonkungen.com\/en\/wp-json\/wp\/v2\/media?parent=9545"}],"wp:term":[{"taxonomy":"anvandningsomrade","embeddable":true,"href":"https:\/\/xenonkungen.com\/en\/wp-json\/wp\/v2\/anvandningsomrade?post=9545"},{"taxonomy":"bilmarken","embeddable":true,"href":"https:\/\/xenonkungen.com\/en\/wp-json\/wp\/v2\/bilmarken?post=9545"},{"taxonomy":"product_brand","embeddable":true,"href":"https:\/\/xenonkungen.com\/en\/wp-json\/wp\/v2\/product_brand?post=9545"},{"taxonomy":"product_cat","embeddable":true,"href":"https:\/\/xenonkungen.com\/en\/wp-json\/wp\/v2\/product_cat?post=9545"},{"taxonomy":"product_tag","embeddable":true,"href":"https:\/\/xenonkungen.com\/en\/wp-json\/wp\/v2\/product_tag?post=9545"}],"curies":[{"name":"wp","href":"https:\/\/api.w.org\/{rel}","templated":true}]}}