{"id":9643,"date":"2025-05-20T08:04:14","date_gmt":"2025-05-20T08:04:14","guid":{"rendered":"https:\/\/xenonkungen.com\/product\/lazer-linear-18-elite-teslapaket\/"},"modified":"2026-05-13T16:00:11","modified_gmt":"2026-05-13T15:00:11","slug":"lazer-linear-18-elite-tesla-package","status":"publish","type":"product","link":"https:\/\/xenonkungen.com\/en\/product\/lazer-linear-18-elite-tesla-package\/","title":{"rendered":"Lazer Linear 18 Elite + TESLA Model 3 &amp; Y Package"},"content":{"rendered":"<p><strong>Advanced LED lightbar for Tesla - Lazer Linear Elite+ <\/strong><\/p>\n<p>The Lazer Linear Elite+ represents a revolution in automotive lighting, specifically designed to give Tesla drivers a combination of power and customisability that is second to none. Now available at Xenonkungen.se with a specially designed mount for Tesla.<\/p>\n<p><strong>Dual colour options<\/strong>Elite+ series is equipped with both white and amber LEDs. The white light provides clear visibility during night driving while the amber light is optimised for severe weather conditions such as fog, snow and dust, ensuring optimal illumination in all conditions.<\/p>\n<p><strong>Adaptability<\/strong>: This LED lightbar allows you to switch between white and yellow LEDs, or use them in combination, according to your needs and prevailing weather conditions.<\/p>\n<p><strong>Increased Security<\/strong>: Yellow LEDs increase contrast in difficult conditions, reducing eye fatigue and improving visibility. This helps to significantly increase safety, especially during challenging driving.<\/p>\n<p>With the Lazer Linear Elite+, Tesla drivers get a lightbar that not only enhances the aesthetics of the vehicle but also offers outstanding lighting capabilities.<\/p>\n<p>This package fits the models <strong>Model 3 2019-2024<\/strong>\u00a0and\u00a0<strong>Model Y 2019-2025<\/strong><\/p>","protected":false},"excerpt":{"rendered":"<p>Discover the ultimate combination of performance and innovation with the Lazer Linear 18 Elite + TESLA Package! Equipped with advanced technology and a powerful design, this laser delivers outstanding results every time. Perfect for professional or home use. Buy now and take your driving to the next level!<\/p>","protected":false},"featured_media":10144,"comment_status":"closed","ping_status":"closed","template":"","meta":{"_acf_changed":false,"_smort_price_nok":"15269","_smort_price_dkk":"9700","_smort_price_eur":"1299.49","_smort_sale_price_nok":"","_smort_sale_price_dkk":"","_smort_sale_price_eur":"","smort_restorder":"","shipmondo_restorder":"","_kad_blocks_custom_css":"","_kad_blocks_head_custom_js":"","_kad_blocks_body_custom_js":"","_kad_blocks_footer_custom_js":"","smort_custom_pricelist_1":"10292.4","smort_custom_pricelist_2":"9148.8","smort_custom_pricelist_3":"9148.8","smort_custom_pricelist_4":"11436","smort_custom_pricelist_5":"9148.8"},"anvandningsomrade":[167],"bilmarken":[290],"product_brand":[1124,98],"product_cat":[3076,2832,2166,1916],"product_tag":[2735,2726],"class_list":{"0":"post-9643","1":"product","2":"type-product","3":"status-publish","4":"has-post-thumbnail","6":"anvandningsomrade-personbil","7":"bilmarken-tesla","8":"product_brand-lazer","9":"product_brand-lazer-lamps","10":"product_cat-rekommendationer","11":"product_cat-ledrampspaket-tesla","12":"product_cat-lazer-linear","13":"product_cat-ledrampspaket","14":"product_tag-lazer","15":"product_tag-produktpaket","16":"pa_faktisk-effekts-forbrukning-751","17":"pa_fargtemperatur-5000k","18":"pa_fuktskydd-varde-ipxx-ip68","19":"pa_godkannande-ece-r149","20":"pa_lampsockel-kontakt-superseal","21":"pa_led-chips-effekt-w-1322","22":"pa_storlek-mm-532x62x40","23":"pa_stromforbrukning-99a-144v","24":"pa_volt-v-10-12-24-32","26":"first","27":"outofstock","28":"taxable","29":"shipping-taxable","30":"purchasable","31":"product-type-bundle"},"bundled_by":[],"bundle_stock_status":"outofstock","bundle_stock_quantity":0,"bundle_virtual":false,"bundle_layout":"default","bundle_add_to_cart_form_location":"default","bundle_editable_in_cart":false,"bundle_sold_individually_context":"product","bundle_item_grouping":"parent","bundle_min_size":"","bundle_max_size":"","bundle_price":{"price":{"min":{"incl_tax":"1299.43","excl_tax":"1039.54189188"},"max":{"incl_tax":"1299.43","excl_tax":"1039.54189188"}},"regular_price":{"min":{"incl_tax":"1299.43","excl_tax":"1039.54189188"},"max":{"incl_tax":"1299.43","excl_tax":"1039.54189188"}}},"bundled_items":[{"bundled_item_id":379,"product_id":3405,"menu_order":0,"quantity_min":1,"quantity_max":1,"quantity_default":1,"priced_individually":false,"shipped_individually":false,"override_title":false,"title":"Lazer Linear 18 Elite+","override_description":false,"description":"","optional":false,"hide_thumbnail":false,"discount":"","override_variations":false,"allowed_variations":[],"override_default_variation_attributes":false,"default_variation_attributes":[],"single_product_visibility":"visible","cart_visibility":"visible","order_visibility":"visible","single_product_price_visibility":"visible","cart_price_visibility":"visible","order_price_visibility":"visible","stock_status":"in_stock"},{"bundled_item_id":380,"product_id":6288,"menu_order":1,"quantity_min":1,"quantity_max":1,"quantity_default":1,"priced_individually":false,"shipped_individually":false,"override_title":false,"title":"Lazer centre mount bracket Linear (Stainless steel)","override_description":false,"description":"","optional":false,"hide_thumbnail":false,"discount":"","override_variations":false,"allowed_variations":[],"override_default_variation_attributes":false,"default_variation_attributes":[],"single_product_visibility":"visible","cart_visibility":"visible","order_visibility":"visible","single_product_price_visibility":"visible","cart_price_visibility":"visible","order_price_visibility":"visible","stock_status":"on_backorder"},{"bundled_item_id":381,"product_id":1536,"menu_order":2,"quantity_min":1,"quantity_max":1,"quantity_default":1,"priced_individually":false,"shipped_individually":false,"override_title":false,"title":"Tesla OBD2 Adapter Model 3 | Y | 26PIN","override_description":false,"description":"","optional":false,"hide_thumbnail":false,"discount":"","override_variations":false,"allowed_variations":[],"override_default_variation_attributes":false,"default_variation_attributes":[],"single_product_visibility":"visible","cart_visibility":"visible","order_visibility":"visible","single_product_price_visibility":"visible","cart_price_visibility":"visible","order_price_visibility":"visible","stock_status":"in_stock"},{"bundled_item_id":382,"product_id":2747,"menu_order":3,"quantity_min":1,"quantity_max":1,"quantity_default":1,"priced_individually":false,"shipped_individually":false,"override_title":false,"title":"Extra light bracket for Tesla LEDramp | Recessed bracket Black","override_description":false,"description":"","optional":false,"hide_thumbnail":false,"discount":"","override_variations":false,"allowed_variations":[],"override_default_variation_attributes":false,"default_variation_attributes":[],"single_product_visibility":"visible","cart_visibility":"visible","order_visibility":"visible","single_product_price_visibility":"visible","cart_price_visibility":"visible","order_price_visibility":"visible","stock_status":"in_stock"},{"bundled_item_id":383,"product_id":1538,"menu_order":4,"quantity_min":1,"quantity_max":1,"quantity_default":1,"priced_individually":false,"shipped_individually":false,"override_title":false,"title":"XBB OBD-II Dongle + PowerUnit","override_description":false,"description":"","optional":false,"hide_thumbnail":false,"discount":"","override_variations":false,"allowed_variations":[],"override_default_variation_attributes":false,"default_variation_attributes":[],"single_product_visibility":"visible","cart_visibility":"visible","order_visibility":"visible","single_product_price_visibility":"visible","cart_price_visibility":"visible","order_price_visibility":"visible","stock_status":"on_backorder"},{"bundled_item_id":384,"product_id":2603,"menu_order":5,"quantity_min":1,"quantity_max":1,"quantity_default":1,"priced_individually":false,"shipped_individually":false,"override_title":false,"title":"Cable set for XBB Power Unit","override_description":false,"description":"","optional":false,"hide_thumbnail":false,"discount":"","override_variations":false,"allowed_variations":[],"override_default_variation_attributes":false,"default_variation_attributes":[],"single_product_visibility":"visible","cart_visibility":"visible","order_visibility":"visible","single_product_price_visibility":"visible","cart_price_visibility":"visible","order_price_visibility":"visible","stock_status":"on_backorder"}],"bundle_sell_ids":[],"acf":[],"yoast_head":"<!-- This site is optimized with the Yoast SEO plugin v27.0 - https:\/\/yoast.com\/product\/yoast-seo-wordpress\/ -->\n<title>Lazer Linear 18 Elite + TESLA Model 3 &amp; Y Paket - Xenonkungen<\/title>\n<meta name=\"robots\" content=\"index, follow, max-snippet:-1, max-image-preview:large, max-video-preview:-1\" \/>\n<link rel=\"canonical\" href=\"https:\/\/xenonkungen.com\/en\/product\/lazer-linear-18-elite-tesla-package\/\" \/>\n<meta property=\"og:locale\" content=\"en_GB\" \/>\n<meta property=\"og:type\" content=\"article\" \/>\n<meta property=\"og:title\" content=\"Lazer Linear 18 Elite + TESLA Model 3 &amp; Y Paket - Xenonkungen\" \/>\n<meta property=\"og:description\" content=\"Uppt\u00e4ck den ultimata kombinationen av prestanda och innovation med Lazer Linear 18 Elite + TESLAPaketet! Utrustad med avancerad teknologi och en kraftfull design, denna laser levererar enast\u00e5ende resultat varje g\u00e5ng. Perfekt f\u00f6r professionellt bruk eller hemmabruk. K\u00f6p nu och ta ditt bilk\u00f6rande till n\u00e4sta niv\u00e5!\" \/>\n<meta property=\"og:url\" content=\"https:\/\/xenonkungen.com\/en\/product\/lazer-linear-18-elite-tesla-package\/\" \/>\n<meta property=\"og:site_name\" content=\"Xenonkungen\" \/>\n<meta property=\"article:modified_time\" content=\"2026-05-13T15:00:11+00:00\" \/>\n<meta property=\"og:image\" content=\"https:\/\/xenonkungen.com\/wp-content\/uploads\/2025\/05\/211566505-origpic-42aca4-1.png\" \/>\n\t<meta property=\"og:image:width\" content=\"1655\" \/>\n\t<meta property=\"og:image:height\" content=\"1000\" \/>\n\t<meta property=\"og:image:type\" content=\"image\/png\" \/>\n<meta name=\"twitter:card\" content=\"summary_large_image\" \/>\n<meta name=\"twitter:label1\" content=\"Estimated reading time\" \/>\n\t<meta name=\"twitter:data1\" content=\"2 minutes\" \/>\n<script type=\"application\/ld+json\" class=\"yoast-schema-graph\">{\"@context\":\"https:\/\/schema.org\",\"@graph\":[{\"@type\":\"WebPage\",\"@id\":\"https:\/\/xenonkungen.com\/produkt\/lazer-linear-18-elite-teslapaket\/\",\"url\":\"https:\/\/xenonkungen.com\/produkt\/lazer-linear-18-elite-teslapaket\/\",\"name\":\"Lazer Linear 18 Elite + TESLA Model 3 & Y Paket - Xenonkungen\",\"isPartOf\":{\"@id\":\"https:\/\/xenonkungen.com\/#website\"},\"primaryImageOfPage\":{\"@id\":\"https:\/\/xenonkungen.com\/produkt\/lazer-linear-18-elite-teslapaket\/#primaryimage\"},\"image\":{\"@id\":\"https:\/\/xenonkungen.com\/produkt\/lazer-linear-18-elite-teslapaket\/#primaryimage\"},\"thumbnailUrl\":\"https:\/\/xenonkungen.com\/wp-content\/uploads\/2025\/05\/211566505-origpic-42aca4-1.png\",\"datePublished\":\"2025-05-20T08:04:14+00:00\",\"dateModified\":\"2026-05-13T15:00:11+00:00\",\"breadcrumb\":{\"@id\":\"https:\/\/xenonkungen.com\/produkt\/lazer-linear-18-elite-teslapaket\/#breadcrumb\"},\"inLanguage\":\"en-GB\",\"potentialAction\":[{\"@type\":\"ReadAction\",\"target\":[\"https:\/\/xenonkungen.com\/produkt\/lazer-linear-18-elite-teslapaket\/\"]}]},{\"@type\":\"ImageObject\",\"inLanguage\":\"en-GB\",\"@id\":\"https:\/\/xenonkungen.com\/produkt\/lazer-linear-18-elite-teslapaket\/#primaryimage\",\"url\":\"https:\/\/xenonkungen.com\/wp-content\/uploads\/2025\/05\/211566505-origpic-42aca4-1.png\",\"contentUrl\":\"https:\/\/xenonkungen.com\/wp-content\/uploads\/2025\/05\/211566505-origpic-42aca4-1.png\",\"width\":1655,\"height\":1000},{\"@type\":\"BreadcrumbList\",\"@id\":\"https:\/\/xenonkungen.com\/produkt\/lazer-linear-18-elite-teslapaket\/#breadcrumb\",\"itemListElement\":[{\"@type\":\"ListItem\",\"position\":1,\"name\":\"Hem\",\"item\":\"https:\/\/xenonkungen.com\/\"},{\"@type\":\"ListItem\",\"position\":2,\"name\":\"Shop\",\"item\":\"https:\/\/xenonkungen.com\/shop\/\"},{\"@type\":\"ListItem\",\"position\":3,\"name\":\"Lazer Linear 18 Elite + TESLA Model 3 &#038; Y Paket\"}]},{\"@type\":\"WebSite\",\"@id\":\"https:\/\/xenonkungen.com\/#website\",\"url\":\"https:\/\/xenonkungen.com\/\",\"name\":\"Xenonkungen\",\"description\":\"\",\"potentialAction\":[{\"@type\":\"SearchAction\",\"target\":{\"@type\":\"EntryPoint\",\"urlTemplate\":\"https:\/\/xenonkungen.com\/?s={search_term_string}\"},\"query-input\":{\"@type\":\"PropertyValueSpecification\",\"valueRequired\":true,\"valueName\":\"search_term_string\"}}],\"inLanguage\":\"en-GB\"}]}<\/script>\n<!-- \/ Yoast SEO plugin. -->","yoast_head_json":{"title":"Lazer Linear 18 Elite + TESLA Model 3 &amp; Y Package - The Xenon King","robots":{"index":"index","follow":"follow","max-snippet":"max-snippet:-1","max-image-preview":"max-image-preview:large","max-video-preview":"max-video-preview:-1"},"canonical":"https:\/\/xenonkungen.com\/en\/product\/lazer-linear-18-elite-tesla-package\/","og_locale":"en_GB","og_type":"article","og_title":"Lazer Linear 18 Elite + TESLA Model 3 & Y Paket - Xenonkungen","og_description":"Uppt\u00e4ck den ultimata kombinationen av prestanda och innovation med Lazer Linear 18 Elite + TESLAPaketet! Utrustad med avancerad teknologi och en kraftfull design, denna laser levererar enast\u00e5ende resultat varje g\u00e5ng. Perfekt f\u00f6r professionellt bruk eller hemmabruk. K\u00f6p nu och ta ditt bilk\u00f6rande till n\u00e4sta niv\u00e5!","og_url":"https:\/\/xenonkungen.com\/en\/product\/lazer-linear-18-elite-tesla-package\/","og_site_name":"Xenonkungen","article_modified_time":"2026-05-13T15:00:11+00:00","og_image":[{"width":1655,"height":1000,"url":"https:\/\/xenonkungen.com\/wp-content\/uploads\/2025\/05\/211566505-origpic-42aca4-1.png","type":"image\/png"}],"twitter_card":"summary_large_image","twitter_misc":{"Estimated reading time":"2 minutes"},"schema":{"@context":"https:\/\/schema.org","@graph":[{"@type":"WebPage","@id":"https:\/\/xenonkungen.com\/produkt\/lazer-linear-18-elite-teslapaket\/","url":"https:\/\/xenonkungen.com\/produkt\/lazer-linear-18-elite-teslapaket\/","name":"Lazer Linear 18 Elite + TESLA Model 3 &amp; Y Package - The Xenon King","isPartOf":{"@id":"https:\/\/xenonkungen.com\/#website"},"primaryImageOfPage":{"@id":"https:\/\/xenonkungen.com\/produkt\/lazer-linear-18-elite-teslapaket\/#primaryimage"},"image":{"@id":"https:\/\/xenonkungen.com\/produkt\/lazer-linear-18-elite-teslapaket\/#primaryimage"},"thumbnailUrl":"https:\/\/xenonkungen.com\/wp-content\/uploads\/2025\/05\/211566505-origpic-42aca4-1.png","datePublished":"2025-05-20T08:04:14+00:00","dateModified":"2026-05-13T15:00:11+00:00","breadcrumb":{"@id":"https:\/\/xenonkungen.com\/produkt\/lazer-linear-18-elite-teslapaket\/#breadcrumb"},"inLanguage":"en-GB","potentialAction":[{"@type":"ReadAction","target":["https:\/\/xenonkungen.com\/produkt\/lazer-linear-18-elite-teslapaket\/"]}]},{"@type":"ImageObject","inLanguage":"en-GB","@id":"https:\/\/xenonkungen.com\/produkt\/lazer-linear-18-elite-teslapaket\/#primaryimage","url":"https:\/\/xenonkungen.com\/wp-content\/uploads\/2025\/05\/211566505-origpic-42aca4-1.png","contentUrl":"https:\/\/xenonkungen.com\/wp-content\/uploads\/2025\/05\/211566505-origpic-42aca4-1.png","width":1655,"height":1000},{"@type":"BreadcrumbList","@id":"https:\/\/xenonkungen.com\/produkt\/lazer-linear-18-elite-teslapaket\/#breadcrumb","itemListElement":[{"@type":"ListItem","position":1,"name":"Hem","item":"https:\/\/xenonkungen.com\/"},{"@type":"ListItem","position":2,"name":"Shop","item":"https:\/\/xenonkungen.com\/shop\/"},{"@type":"ListItem","position":3,"name":"Lazer Linear 18 Elite + TESLA Model 3 &#038; Y Paket"}]},{"@type":"WebSite","@id":"https:\/\/xenonkungen.com\/#website","url":"https:\/\/xenonkungen.com\/","name":"Xenonkungen","description":"","potentialAction":[{"@type":"SearchAction","target":{"@type":"EntryPoint","urlTemplate":"https:\/\/xenonkungen.com\/?s={search_term_string}"},"query-input":{"@type":"PropertyValueSpecification","valueRequired":true,"valueName":"search_term_string"}}],"inLanguage":"en-GB"}]}},"taxonomy_info":{"anvandningsomrade":[{"value":167,"label":"PERSONBIL"}],"bilmarken":[{"value":290,"label":"Tesla"}],"product_brand":[{"value":1124,"label":"Lazer"},{"value":98,"label":"Lazer Lamps"}],"product_cat":[{"value":3076,"label":"Rekommendationer"},{"value":2832,"label":"Ledrampspaket TESLA"},{"value":2166,"label":"LAZER LINEAR"},{"value":1916,"label":"Ledrampspaket"}],"product_tag":[{"value":2735,"label":"Lazer"},{"value":2726,"label":"produktpaket"}],"pa_faktisk-effekts-forbrukning":[{"value":751,"label":"3,9"}],"pa_fargtemperatur":[{"value":154,"label":"5000K"}],"pa_fuktskydd-varde-ipxx":[{"value":177,"label":"IP68"}],"pa_godkannande":[{"value":1131,"label":"ECE, R149"}],"pa_lampsockel-kontakt":[{"value":1122,"label":"Superseal"}],"pa_led-chips-effekt-w":[{"value":1322,"label":"13,4"}],"pa_storlek-mm":[{"value":1132,"label":"532x62x40"}],"pa_stromforbrukning":[{"value":2233,"label":"9,9A @ 14,4V"}],"pa_volt-v":[{"value":2199,"label":"10, 12, 24, 32"}]},"featured_image_src_large":["https:\/\/xenonkungen.com\/wp-content\/uploads\/2025\/05\/211566505-origpic-42aca4-1-1024x619.png",1024,619,true],"author_info":[],"comment_info":0,"_links":{"self":[{"href":"https:\/\/xenonkungen.com\/en\/wp-json\/wp\/v2\/product\/9643","targetHints":{"allow":["GET"]}}],"collection":[{"href":"https:\/\/xenonkungen.com\/en\/wp-json\/wp\/v2\/product"}],"about":[{"href":"https:\/\/xenonkungen.com\/en\/wp-json\/wp\/v2\/types\/product"}],"replies":[{"embeddable":true,"href":"https:\/\/xenonkungen.com\/en\/wp-json\/wp\/v2\/comments?post=9643"}],"wp:featuredmedia":[{"embeddable":true,"href":"https:\/\/xenonkungen.com\/en\/wp-json\/wp\/v2\/media\/10144"}],"wp:attachment":[{"href":"https:\/\/xenonkungen.com\/en\/wp-json\/wp\/v2\/media?parent=9643"}],"wp:term":[{"taxonomy":"anvandningsomrade","embeddable":true,"href":"https:\/\/xenonkungen.com\/en\/wp-json\/wp\/v2\/anvandningsomrade?post=9643"},{"taxonomy":"bilmarken","embeddable":true,"href":"https:\/\/xenonkungen.com\/en\/wp-json\/wp\/v2\/bilmarken?post=9643"},{"taxonomy":"product_brand","embeddable":true,"href":"https:\/\/xenonkungen.com\/en\/wp-json\/wp\/v2\/product_brand?post=9643"},{"taxonomy":"product_cat","embeddable":true,"href":"https:\/\/xenonkungen.com\/en\/wp-json\/wp\/v2\/product_cat?post=9643"},{"taxonomy":"product_tag","embeddable":true,"href":"https:\/\/xenonkungen.com\/en\/wp-json\/wp\/v2\/product_tag?post=9643"}],"curies":[{"name":"wp","href":"https:\/\/api.w.org\/{rel}","templated":true}]}}