{"id":991,"date":"2025-04-15T07:56:42","date_gmt":"2025-04-15T07:56:42","guid":{"rendered":"https:\/\/xenonkungen.com\/product\/relakabelsats-1st-extraljus-12v9006\/"},"modified":"2026-04-02T12:31:23","modified_gmt":"2026-04-02T11:31:23","slug":"relay-cable-set-1pc-auxiliary-light-12v9006","status":"publish","type":"product","link":"https:\/\/xenonkungen.com\/en\/product\/relay-cable-set-1pc-auxiliary-light-12v9006\/","title":{"rendered":"Relay cable set 1st Extra light 12V|9006"},"content":{"rendered":"<h1>Relay cable set 1B | 9006 12V<\/h1>\n<p>Relay cable set with a 9006 connector for safe power supply of 12V xenon ballasts, auxiliary lights, LED bars, etc., on cars, ATVs, work vehicles, tractors, etc. The set includes a cable terminated with a 9006 male connector, a positive and negative cable, and a signal cable for connection to the vehicle's 12V positive when the high beam is activated.<\/p>\n<p>This kit has a 40A fuse and a 12V 60A relay, recommended to be mounted upwards for best performance. The total length of the kit is 3 metres, measured from the positive cable to the end of the 9006 connectors. It facilitates installation and ensures safe use for an auxiliary xenon light or LED pole.<\/p>\n<h2>Specifications<\/h2>\n<ul>\n<li>Brand: XENONKUNGEN<\/li>\n<li>Model: 1B 12V<\/li>\n<li>Cable length: 3M<\/li>\n<li>Voltage: 12V<\/li>\n<li>Relay: 60A<\/li>\n<li>Fuse: 40A<\/li>\n<li>Weight: 0,44kg<\/li>\n<\/ul>\n<h2>Features and functions<\/h2>\n<p>Equipped with protective flex hose to reduce cable damage in confined spaces, ensures no EMC radiation leakage and prevents cables from chafing against the vehicle body. Can power lamps up to approximately 300W each.<\/p>\n<h2>Connection<\/h2>\n<p>Includes a 9006 connector for quick connection, a 60A relay with a 40A fuse allowing power supply of large lamps without problems.<\/p>\n<h2>Guarantee<\/h2>\n<p>1 year<\/p>\n<h2>Delivery content<\/h2>\n<p>Each order includes 1 complete relay switching kit and 1 current thief.<\/p>\n<p><em>Note that some cars require special relay solutions (see accessories <a href=\"https:\/\/www.xenonkungen.com\/se\/produkter\/installationsmaterial\/canbus-emc\/xbb-obd-ii-dongel-powerunit.html\" target=\"_blank\" rel=\"noopener\">XBB<\/a>) due to so-called. Can-bus monitoring. This mainly applies to newer European cars with LED or xenon lights.<\/em><\/p>","protected":false},"excerpt":{"rendered":"<p>Relay cable set for 1st extra light\/12V<br \/>\nPerfect relay cable for those who want to connect 1 extra light or led ramp. Complete with quick connector (9006\/HB4)<\/p>","protected":false},"featured_media":992,"comment_status":"closed","ping_status":"open","template":"","meta":{"_acf_changed":false,"_smort_price_nok":"266","_smort_price_dkk":"169","_smort_price_eur":"22.64","_smort_sale_price_nok":"","_smort_sale_price_dkk":"","_smort_sale_price_eur":"","smort_restorder":"","shipmondo_restorder":"","_kad_blocks_custom_css":"","_kad_blocks_head_custom_js":"","_kad_blocks_body_custom_js":"","_kad_blocks_footer_custom_js":"","smort_custom_pricelist_1":"159.36","smort_custom_pricelist_2":"139.44","smort_custom_pricelist_3":"129.48","smort_custom_pricelist_4":"199.2","smort_custom_pricelist_5":"139.44"},"anvandningsomrade":[],"bilmarken":[],"product_brand":[117],"product_cat":[2841,2828,2795,2796,2488,2491,2489,2490,390],"product_tag":[],"class_list":{"0":"post-991","1":"product","2":"type-product","3":"status-publish","4":"has-post-thumbnail","6":"product_brand-xenonkungen","7":"product_cat-installation-extraljus","8":"product_cat-installation-led-ramper","9":"product_cat-kablar-rela","10":"product_cat-relakabelsatser","11":"product_cat-relasats-arbetsbelysning","12":"product_cat-relasats","13":"product_cat-relasats-extraljus","14":"product_cat-relasats-2","15":"product_cat-installation","16":"pa_lampsockel-kontakt-9006-hb4","17":"pa_volt-v-159","19":"first","20":"instock","21":"taxable","22":"shipping-taxable","23":"purchasable","24":"product-type-simple"},"bundled_by":["9545","9577","9583","9600","11856"],"bundle_stock_status":"instock","bundle_stock_quantity":331,"bundle_virtual":false,"bundle_layout":"","bundle_add_to_cart_form_location":"","bundle_editable_in_cart":false,"bundle_sold_individually_context":"","bundle_item_grouping":"","bundle_min_size":"","bundle_max_size":"","bundle_price":[],"bundled_items":[],"bundle_sell_ids":[],"acf":[],"yoast_head":"<!-- This site is optimized with the Yoast SEO plugin v27.0 - https:\/\/yoast.com\/product\/yoast-seo-wordpress\/ -->\n<title>Rel\u00e4kabelsats 1st Extraljus 12V|9006 - Xenonkungen<\/title>\n<meta name=\"robots\" content=\"index, follow, max-snippet:-1, max-image-preview:large, max-video-preview:-1\" \/>\n<link rel=\"canonical\" href=\"https:\/\/xenonkungen.com\/en\/product\/relay-cable-set-1pc-auxiliary-light-12v9006\/\" \/>\n<meta property=\"og:locale\" content=\"en_GB\" \/>\n<meta property=\"og:type\" content=\"article\" \/>\n<meta property=\"og:title\" content=\"Rel\u00e4kabelsats 1st Extraljus 12V|9006 - Xenonkungen\" \/>\n<meta property=\"og:description\" content=\"Rel\u00e4kabelsats f\u00f6r 1st extraljus\/12V Perfekt rel\u00e4kablage f\u00f6r dig som vill ansluta 1 styck Extraljus eller ledramp. F\u00e4rdigt med snabbkontakt (9006\/HB4)\" \/>\n<meta property=\"og:url\" content=\"https:\/\/xenonkungen.com\/en\/product\/relay-cable-set-1pc-auxiliary-light-12v9006\/\" \/>\n<meta property=\"og:site_name\" content=\"Xenonkungen\" \/>\n<meta property=\"article:modified_time\" content=\"2026-04-02T11:31:23+00:00\" \/>\n<meta property=\"og:image\" content=\"https:\/\/xenonkungen.com\/wp-content\/uploads\/2025\/04\/9598113-origpic-584257.png\" \/>\n\t<meta property=\"og:image:width\" content=\"1000\" \/>\n\t<meta property=\"og:image:height\" content=\"1000\" \/>\n\t<meta property=\"og:image:type\" content=\"image\/png\" \/>\n<meta name=\"twitter:card\" content=\"summary_large_image\" \/>\n<meta name=\"twitter:label1\" content=\"Estimated reading time\" \/>\n\t<meta name=\"twitter:data1\" content=\"1 minute\" \/>\n<script type=\"application\/ld+json\" class=\"yoast-schema-graph\">{\"@context\":\"https:\/\/schema.org\",\"@graph\":[{\"@type\":\"WebPage\",\"@id\":\"https:\/\/xenonkungen.com\/nl\/product\/relakabelsats-1st-extraljus-12v9006\/\",\"url\":\"https:\/\/xenonkungen.com\/nl\/product\/relakabelsats-1st-extraljus-12v9006\/\",\"name\":\"Rel\u00e4kabelsats 1st Extraljus 12V|9006 - Xenonkungen\",\"isPartOf\":{\"@id\":\"https:\/\/xenonkungen.com\/#website\"},\"primaryImageOfPage\":{\"@id\":\"https:\/\/xenonkungen.com\/nl\/product\/relakabelsats-1st-extraljus-12v9006\/#primaryimage\"},\"image\":{\"@id\":\"https:\/\/xenonkungen.com\/nl\/product\/relakabelsats-1st-extraljus-12v9006\/#primaryimage\"},\"thumbnailUrl\":\"https:\/\/xenonkungen.com\/wp-content\/uploads\/2025\/04\/9598113-origpic-584257.png\",\"datePublished\":\"2025-04-15T07:56:42+00:00\",\"dateModified\":\"2026-04-02T11:31:23+00:00\",\"breadcrumb\":{\"@id\":\"https:\/\/xenonkungen.com\/nl\/product\/relakabelsats-1st-extraljus-12v9006\/#breadcrumb\"},\"inLanguage\":\"en-GB\",\"potentialAction\":[{\"@type\":\"ReadAction\",\"target\":[\"https:\/\/xenonkungen.com\/nl\/product\/relakabelsats-1st-extraljus-12v9006\/\"]}]},{\"@type\":\"ImageObject\",\"inLanguage\":\"en-GB\",\"@id\":\"https:\/\/xenonkungen.com\/nl\/product\/relakabelsats-1st-extraljus-12v9006\/#primaryimage\",\"url\":\"https:\/\/xenonkungen.com\/wp-content\/uploads\/2025\/04\/9598113-origpic-584257.png\",\"contentUrl\":\"https:\/\/xenonkungen.com\/wp-content\/uploads\/2025\/04\/9598113-origpic-584257.png\",\"width\":1000,\"height\":1000},{\"@type\":\"BreadcrumbList\",\"@id\":\"https:\/\/xenonkungen.com\/nl\/product\/relakabelsats-1st-extraljus-12v9006\/#breadcrumb\",\"itemListElement\":[{\"@type\":\"ListItem\",\"position\":1,\"name\":\"Hem\",\"item\":\"https:\/\/xenonkungen.com\/\"},{\"@type\":\"ListItem\",\"position\":2,\"name\":\"Shop\",\"item\":\"https:\/\/xenonkungen.com\/shop\/\"},{\"@type\":\"ListItem\",\"position\":3,\"name\":\"Rel\u00e4kabelsats 1st Extraljus 12V|9006\"}]},{\"@type\":\"WebSite\",\"@id\":\"https:\/\/xenonkungen.com\/#website\",\"url\":\"https:\/\/xenonkungen.com\/\",\"name\":\"Xenonkungen\",\"description\":\"\",\"potentialAction\":[{\"@type\":\"SearchAction\",\"target\":{\"@type\":\"EntryPoint\",\"urlTemplate\":\"https:\/\/xenonkungen.com\/?s={search_term_string}\"},\"query-input\":{\"@type\":\"PropertyValueSpecification\",\"valueRequired\":true,\"valueName\":\"search_term_string\"}}],\"inLanguage\":\"en-GB\"}]}<\/script>\n<!-- \/ Yoast SEO plugin. -->","yoast_head_json":{"title":"Relay cable set 1pc Auxiliary light 12V|9006 - Xenonkungen","robots":{"index":"index","follow":"follow","max-snippet":"max-snippet:-1","max-image-preview":"max-image-preview:large","max-video-preview":"max-video-preview:-1"},"canonical":"https:\/\/xenonkungen.com\/en\/product\/relay-cable-set-1pc-auxiliary-light-12v9006\/","og_locale":"en_GB","og_type":"article","og_title":"Rel\u00e4kabelsats 1st Extraljus 12V|9006 - Xenonkungen","og_description":"Rel\u00e4kabelsats f\u00f6r 1st extraljus\/12V Perfekt rel\u00e4kablage f\u00f6r dig som vill ansluta 1 styck Extraljus eller ledramp. F\u00e4rdigt med snabbkontakt (9006\/HB4)","og_url":"https:\/\/xenonkungen.com\/en\/product\/relay-cable-set-1pc-auxiliary-light-12v9006\/","og_site_name":"Xenonkungen","article_modified_time":"2026-04-02T11:31:23+00:00","og_image":[{"width":1000,"height":1000,"url":"https:\/\/xenonkungen.com\/wp-content\/uploads\/2025\/04\/9598113-origpic-584257.png","type":"image\/png"}],"twitter_card":"summary_large_image","twitter_misc":{"Estimated reading time":"1 minute"},"schema":{"@context":"https:\/\/schema.org","@graph":[{"@type":"WebPage","@id":"https:\/\/xenonkungen.com\/nl\/product\/relakabelsats-1st-extraljus-12v9006\/","url":"https:\/\/xenonkungen.com\/nl\/product\/relakabelsats-1st-extraljus-12v9006\/","name":"Relay cable set 1pc Auxiliary light 12V|9006 - Xenonkungen","isPartOf":{"@id":"https:\/\/xenonkungen.com\/#website"},"primaryImageOfPage":{"@id":"https:\/\/xenonkungen.com\/nl\/product\/relakabelsats-1st-extraljus-12v9006\/#primaryimage"},"image":{"@id":"https:\/\/xenonkungen.com\/nl\/product\/relakabelsats-1st-extraljus-12v9006\/#primaryimage"},"thumbnailUrl":"https:\/\/xenonkungen.com\/wp-content\/uploads\/2025\/04\/9598113-origpic-584257.png","datePublished":"2025-04-15T07:56:42+00:00","dateModified":"2026-04-02T11:31:23+00:00","breadcrumb":{"@id":"https:\/\/xenonkungen.com\/nl\/product\/relakabelsats-1st-extraljus-12v9006\/#breadcrumb"},"inLanguage":"en-GB","potentialAction":[{"@type":"ReadAction","target":["https:\/\/xenonkungen.com\/nl\/product\/relakabelsats-1st-extraljus-12v9006\/"]}]},{"@type":"ImageObject","inLanguage":"en-GB","@id":"https:\/\/xenonkungen.com\/nl\/product\/relakabelsats-1st-extraljus-12v9006\/#primaryimage","url":"https:\/\/xenonkungen.com\/wp-content\/uploads\/2025\/04\/9598113-origpic-584257.png","contentUrl":"https:\/\/xenonkungen.com\/wp-content\/uploads\/2025\/04\/9598113-origpic-584257.png","width":1000,"height":1000},{"@type":"BreadcrumbList","@id":"https:\/\/xenonkungen.com\/nl\/product\/relakabelsats-1st-extraljus-12v9006\/#breadcrumb","itemListElement":[{"@type":"ListItem","position":1,"name":"Hem","item":"https:\/\/xenonkungen.com\/"},{"@type":"ListItem","position":2,"name":"Shop","item":"https:\/\/xenonkungen.com\/shop\/"},{"@type":"ListItem","position":3,"name":"Rel\u00e4kabelsats 1st Extraljus 12V|9006"}]},{"@type":"WebSite","@id":"https:\/\/xenonkungen.com\/#website","url":"https:\/\/xenonkungen.com\/","name":"Xenonkungen","description":"","potentialAction":[{"@type":"SearchAction","target":{"@type":"EntryPoint","urlTemplate":"https:\/\/xenonkungen.com\/?s={search_term_string}"},"query-input":{"@type":"PropertyValueSpecification","valueRequired":true,"valueName":"search_term_string"}}],"inLanguage":"en-GB"}]}},"taxonomy_info":{"product_brand":[{"value":117,"label":"Xenonkungen"}],"product_cat":[{"value":2841,"label":"Installation extraljus"},{"value":2828,"label":"Installation LED-ramper"},{"value":2795,"label":"Kablar och Rel\u00e4"},{"value":2796,"label":"Rel\u00e4kabelsatser"},{"value":2488,"label":"Rel\u00e4sats"},{"value":2491,"label":"Rel\u00e4sats"},{"value":2489,"label":"Rel\u00e4satser"},{"value":2490,"label":"Rel\u00e4satser"},{"value":390,"label":"Installation"}],"pa_lampsockel-kontakt":[{"value":326,"label":"9006 , HB4"}],"pa_volt-v":[{"value":159,"label":"12"}]},"featured_image_src_large":["https:\/\/xenonkungen.com\/wp-content\/uploads\/2025\/04\/9598113-origpic-584257.png",1000,1000,false],"author_info":[],"comment_info":5,"_links":{"self":[{"href":"https:\/\/xenonkungen.com\/en\/wp-json\/wp\/v2\/product\/991","targetHints":{"allow":["GET"]}}],"collection":[{"href":"https:\/\/xenonkungen.com\/en\/wp-json\/wp\/v2\/product"}],"about":[{"href":"https:\/\/xenonkungen.com\/en\/wp-json\/wp\/v2\/types\/product"}],"replies":[{"embeddable":true,"href":"https:\/\/xenonkungen.com\/en\/wp-json\/wp\/v2\/comments?post=991"}],"wp:featuredmedia":[{"embeddable":true,"href":"https:\/\/xenonkungen.com\/en\/wp-json\/wp\/v2\/media\/992"}],"wp:attachment":[{"href":"https:\/\/xenonkungen.com\/en\/wp-json\/wp\/v2\/media?parent=991"}],"wp:term":[{"taxonomy":"anvandningsomrade","embeddable":true,"href":"https:\/\/xenonkungen.com\/en\/wp-json\/wp\/v2\/anvandningsomrade?post=991"},{"taxonomy":"bilmarken","embeddable":true,"href":"https:\/\/xenonkungen.com\/en\/wp-json\/wp\/v2\/bilmarken?post=991"},{"taxonomy":"product_brand","embeddable":true,"href":"https:\/\/xenonkungen.com\/en\/wp-json\/wp\/v2\/product_brand?post=991"},{"taxonomy":"product_cat","embeddable":true,"href":"https:\/\/xenonkungen.com\/en\/wp-json\/wp\/v2\/product_cat?post=991"},{"taxonomy":"product_tag","embeddable":true,"href":"https:\/\/xenonkungen.com\/en\/wp-json\/wp\/v2\/product_tag?post=991"}],"curies":[{"name":"wp","href":"https:\/\/api.w.org\/{rel}","templated":true}]}}