{"id":15632,"date":"2025-10-15T11:55:33","date_gmt":"2025-10-15T11:55:33","guid":{"rendered":"https:\/\/xenonkungen.com\/?page_id=15632"},"modified":"2026-02-23T21:53:13","modified_gmt":"2026-02-23T20:53:13","slug":"ensamblado-y-listo","status":"publish","type":"page","link":"https:\/\/xenonkungen.com\/es\/ensamblado-y-listo\/","title":{"rendered":"Montado y listo"},"content":{"rendered":"<style>.kb-row-layout-id15632_d7ea69-b2 > .kt-row-column-wrap{align-content:start;}:where(.kb-row-layout-id15632_d7ea69-b2 > .kt-row-column-wrap) > .wp-block-kadence-column{justify-content:start;}.kb-row-layout-id15632_d7ea69-b2 > .kt-row-column-wrap{column-gap:var(--global-kb-gap-md, 2rem);row-gap:var(--global-kb-gap-md, 2rem);padding-top:var(--global-kb-spacing-sm, 1.5rem);padding-right:var(--global-kb-spacing-sm, 1.5rem);padding-bottom:var(--global-kb-spacing-sm, 1.5rem);padding-left:var(--global-kb-spacing-sm, 1.5rem);grid-template-columns:minmax(0, 1fr);}.kb-row-layout-id15632_d7ea69-b2 > .kt-row-layout-overlay{opacity:0.30;}@media all and (max-width: 1024px){.kb-row-layout-id15632_d7ea69-b2 > .kt-row-column-wrap{grid-template-columns:minmax(0, 1fr);}}@media all and (max-width: 767px){.kb-row-layout-id15632_d7ea69-b2 > .kt-row-column-wrap{grid-template-columns:minmax(0, 1fr);}}<\/style><div class=\"kb-row-layout-wrap kb-row-layout-id15632_d7ea69-b2 alignnone wp-block-kadence-rowlayout\"><div class=\"kt-row-column-wrap kt-has-1-columns kt-row-layout-equal kt-tab-layout-inherit kt-mobile-layout-row kt-row-valign-top\">\n<style>.kadence-column15632_751098-de > .kt-inside-inner-col,.kadence-column15632_751098-de > .kt-inside-inner-col:before{border-top-left-radius:0px;border-top-right-radius:0px;border-bottom-right-radius:0px;border-bottom-left-radius:0px;}.kadence-column15632_751098-de > .kt-inside-inner-col{column-gap:var(--global-kb-gap-sm, 1rem);}.kadence-column15632_751098-de > .kt-inside-inner-col{flex-direction:column;}.kadence-column15632_751098-de > .kt-inside-inner-col > .aligncenter{width:100%;}.kadence-column15632_751098-de > .kt-inside-inner-col:before{opacity:0.3;}.kadence-column15632_751098-de{position:relative;}@media all and (max-width: 1024px){.kadence-column15632_751098-de > .kt-inside-inner-col{flex-direction:column;}}@media all and (max-width: 767px){.kadence-column15632_751098-de > .kt-inside-inner-col{flex-direction:column;}}<\/style>\n<div class=\"wp-block-kadence-column kadence-column15632_751098-de\"><div class=\"kt-inside-inner-col\"><h1 class=\"wp-block-heading has-text-align-center has-x-large-font-size\">Ensamblado y listo<\/h1>\n\n<h2 class=\"wp-block-heading has-text-align-center has-large-font-size\">Instalaci\u00f3n de iluminaci\u00f3n adicional, rampas LED y conversi\u00f3n a LED en Kungsbacka<\/h2>\n\n<p class=\"has-text-align-center\">Instalamos lo que compras. \u00bfNecesitas ayuda para elegir el producto adecuado o consejos para obtener mejor iluminaci\u00f3n? Ll\u00e1manos al <a href=\"tel:030030860\">0300-308 60<\/a> As\u00ed que lo repasaremos juntos.<\/p>\n\n<p class=\"has-text-align-center\">Si compra el producto y el ensamblaje juntos, siempre recibir\u00e1 el n\u00famero 20% en el paquete. La garant\u00eda del trabajo es v\u00e1lida por el mismo per\u00edodo que la del producto.<\/p>\n\n<p class=\"has-text-align-center\">Reserve una cita a continuaci\u00f3n o <a href=\"https:\/\/xenonkungen.com\/kontakt-support\/\">enviar una solicitud de cotizaci\u00f3n<\/a> \u2013 Le responderemos dentro de 24 horas con un precio fijo.<\/p><\/div><\/div>\n<\/div><\/div>\n<div id=\"smk-booking-container\">\n    <div class=\"smk-workshop-select-container\">\n        <h2>Taller<\/h2>\n        <p>El taller junto a nuestra tienda se encuentra en Arendalsv\u00e4gen 39, Kungsbacka. Puedes pedir prestado un espacio de oficina o sentarte en la sala de espera mientras nos montamos. Hede Fashion est\u00e1 cerca si quieres aprovecharlo.<\/p>\n        <p>Arendalsv\u00e4gen 41, 434 39 Kungsbacka<\/p>\n    <\/div>\n    <div id=\"smk-calendar-navigation\">\n        <button id=\"smk-prev-month\" class=\"smk-nav-btn\"><svg xmlns=\"http:\/\/www.w3.org\/2000\/svg\" width=\"24\" height=\"24\" viewbox=\"0 0 24 24\" fill=\"none\" stroke=\"#fff\" stroke-width=\"3\" stroke-linecap=\"round\" stroke-linejoin=\"round\" class=\"feather feather-chevron-down\">\n                <polyline points=\"6 9 12 15 18 9\"><\/polyline>\n            <\/svg><\/button>\n        <h3 id=\"smk-current-month-year\"><\/h3>\n        <button id=\"smk-next-month\" class=\"smk-nav-btn\"><svg xmlns=\"http:\/\/www.w3.org\/2000\/svg\" width=\"24\" height=\"24\" viewbox=\"0 0 24 24\" fill=\"none\" stroke=\"#fff\" stroke-width=\"3\" stroke-linecap=\"round\" stroke-linejoin=\"round\" class=\"feather feather-chevron-down\">\n                <polyline points=\"6 9 12 15 18 9\"><\/polyline>\n            <\/svg><\/button>\n    <\/div>\n\n    <div id=\"smk-calendar-grid\">\n        <div class=\"smk-calendar-header\">\n            <div class=\"smk-day-header\">METRO<\/div>\n            <div class=\"smk-day-header\">T<\/div>\n            <div class=\"smk-day-header\">O<\/div>\n            <div class=\"smk-day-header\">T<\/div>\n            <div class=\"smk-day-header\">F<\/div>\n            <div class=\"smk-day-header\">L<\/div>\n            <div class=\"smk-day-header\">S<\/div>\n        <\/div>\n        <div id=\"smk-calendar-days\"><\/div>\n    <\/div>\n\n\n    <!-- Modal f\u00f6r tidsval -->\n    <div id=\"smk-time-modal\" class=\"smk-modal\" style=\"display: none;\">\n        <div class=\"smk-modal-content\">\n            <span class=\"smk-close\">\u00d7<\/span>\n            <h3>Elija hora para: <span id=\"smk-selected-date\"><\/span><\/h3>\n            <div id=\"smk-available-times\"><\/div>\n        <\/div>\n    <\/div>\n\n    <!-- Modal f\u00f6r bokningsformul\u00e4r -->\n    <div id=\"smk-booking-modal\" class=\"smk-modal\" style=\"display: none;\">\n        <div class=\"smk-modal-content\">\n            <span class=\"smk-close\">\u00d7<\/span>\n\n            <h3>Reserva una cita<\/h3>\n            <p><strong>Fecha:<\/strong> <span id=\"smk-booking-date\"><\/span><\/p>\n            <p><strong>Tiempo:<\/strong> <span id=\"smk-booking-time\"><\/span><\/p>\n\n            <form id=\"smk-booking-form\" action=\"\">\n                <div class=\"smk-form-group\">\n                    <label for=\"smk-customer-name\">Nombre de la organizaci\u00f3n<\/label>\n                    <input type=\"text\" id=\"smk-customer-name\" name=\"name\" required>\n                <\/div>\n\n                <div class=\"smk-form-group\">\n                    <label for=\"smk-customer-email\">Correo electr\u00f3nico<\/label>\n                    <input type=\"email\" id=\"smk-customer-email\" name=\"email\" required>\n                <\/div>\n\n                <div class=\"smk-form-group\">\n                    <label for=\"smk-customer-phone\">Tel\u00e9fono<\/label>\n                    <input type=\"tel\" id=\"smk-customer-phone\" name=\"phone\" pattern=\"^(\\+46|0)[0-9\\s\\-]{8,15}$\" title=\"Introduzca un n\u00famero de tel\u00e9fono sueco v\u00e1lido (por ejemplo, 070-123 45 67 o +46 70 123 45 67)\">\n                <\/div>\n\n                <div class=\"smk-form-group\">\n                    <label for=\"smk-customer-regnumber\">N\u00famero de registro<\/label>\n                    <input type=\"text\" id=\"smk-customer-regnumber\" name=\"regnumber\" placeholder=\"ABC 123\">\n                <\/div>\n\n                <div class=\"smk-form-group\">\n                    <label for=\"smk-customer-products\">Productos comprados \/ Qu\u00e9 instalar<\/label>\n                    <textarea id=\"smk-customer-products\" name=\"products\" rows=\"3\" placeholder=\"Si ya ha comprado nuestros productos o tiene los suyos propios, escriba, por ejemplo, &quot;Luxtar Twilight&quot;. Si a\u00fan no los ha comprado, le ayudaremos a elegir el adecuado.\"><\/textarea>\n                <\/div>\n\n                <div class=\"smk-form-group\">\n                    <label for=\"smk-customer-message\">Otra informaci\u00f3n<\/label>\n                    <textarea id=\"smk-customer-message\" name=\"message\" rows=\"3\" placeholder=\"Otra informaci\u00f3n que podr\u00eda ser \u00fatil saber, por ejemplo, si desea esperar en el lugar, tiene solicitudes especiales, etc.\"><\/textarea>\n                <\/div>\n\n                <div class=\"smk-form-actions\">\n                    <button type=\"button\" id=\"smk-cancel-booking\" class=\"smk-btn smk-btn-secondary\">Cancelar<\/button>\n                    <button type=\"submit\" class=\"smk-btn smk-btn-primary\">Libro<\/button>\n                <\/div>\n            <input type=\"hidden\" name=\"trp-form-language\" value=\"es\"\/><\/form>\n        <\/div>\n    <\/div>\n\n    <!-- Meddelanden -->\n    <div id=\"smk-messages\"><\/div>\n<\/div><style>\n            .smk-price-list {\n                max-width:1000px;\n                margin: 48px auto;\n                padding:0 1rem;\n            }\n            .smk-price-list h3 {\n                color: #ff5e00;\n                border-bottom: 2px solid #538473;\n                padding-bottom: 10px;\n                margin-bottom: 15px;\n            }\n            .smk-price-table-wrapper {\n                overflow-X: auto;\n            }\n            .smk-price-table {\n                width: 100%;\n                border-collapse: collapse;\n                margin: 15px 0;\n                font-size: 14px;\n                box-shadow: 0 2px 4px rgba(0,0,0,0.1);\n\n            }\n            .smk-price-table th,\n            .smk-price-table td {\n                border: 1px solid #ddd;\n                padding: 12px 8px;\n                text-align: left;\n            }\n            .smk-price-table th {\n                background-color: #ff5e00;\n                color: white;\n                font-weight: bold;\n                font-size: 12px;\n            }\n            .smk-price-table tr:nth-child(even) {\n                background-color: #f9f9f9;\n            }\n            .smk-price-table tr:hover {\n                background-color: #f0f8f0;\n            }\n            .smk-price-note {\n                font-style: italic;\n                color: #666;\n                margin: 10px 0;\n                font-size: 13px;\n            }\n        <\/style><div class=\"smk-price-list\"><h2>Lista de precios - Ensamblado y listo<\/h2><h3>Montado y listo - Rampa de plomo<\/h3><div class=\"smk-price-table-wrapper\"><table class=\"smk-price-table\"><thead><tr><th>Producto<\/th><th>Autom\u00f3vil de pasajeros<\/th><th>Todo tipo de coches el\u00e9ctricos\/h\u00edbridos<\/th><th>Recogida y transporte<\/th><th>Minib\u00fas y furgoneta<\/th><th>Cami\u00f3n, autob\u00fas y otros veh\u00edculos<\/th><\/tr><\/thead><tbody><tr><td>Luxtar Crep\u00fasculo<\/td><td>2495<\/td><td>3995<\/td><td>2495<\/td><td>2495<\/td><td>Cont\u00e1ctanos para obtener un presupuesto<\/td><\/tr><tr><td>Luxtar Serie S<\/td><td>2495<\/td><td>3995<\/td><td>2495<\/td><td>2495<\/td><td>Cont\u00e1ctanos para obtener un presupuesto<\/td><\/tr><tr><td>Luxtar Serie X<\/td><td>2495<\/td><td>3995<\/td><td>2495<\/td><td>2495<\/td><td>Cont\u00e1ctanos para obtener un presupuesto<\/td><\/tr><tr><td>SUPERCAPIT\u00c1N OPTIBEAM<\/td><td>2495<\/td><td>3995<\/td><td>2495<\/td><td>2495<\/td><td>Cont\u00e1ctanos para obtener un presupuesto<\/td><\/tr><tr><td>OSRAM LEDRIVING\u00ae<\/td><td>2495<\/td><td>3995<\/td><td>2495<\/td><td>2495<\/td><td>Cont\u00e1ctanos para obtener un presupuesto<\/td><\/tr><tr><td>NBB Alfa<\/td><td>2495<\/td><td>3995<\/td><td>2495<\/td><td>2495<\/td><td>Cont\u00e1ctanos para obtener un presupuesto<\/td><\/tr><\/tbody><\/table><\/div><p class=\"smk-price-note\">Los precios se refieren a la instalaci\u00f3n en superficie. Para la instalaci\u00f3n empotrada, se aplicar\u00e1 un cargo adicional de 495 SEK. Si su rampa LED no est\u00e1 incluida en la lista de precios o no est\u00e1 seguro, puede contactarnos en bokning@xenonkungen.se para solicitar un presupuesto.<\/p><h3>Luces adicionales (montaje en superficie)<\/h3><div class=\"smk-price-table-wrapper\"><table class=\"smk-price-table\"><thead><tr><th>Producto<\/th><th>Autom\u00f3vil de pasajeros<\/th><th>Todo tipo de coches el\u00e9ctricos\/h\u00edbridos<\/th><th>Recogida y transporte<\/th><th>Minib\u00fas y furgoneta<\/th><th>Cami\u00f3n, autob\u00fas y otros veh\u00edculos<\/th><\/tr><\/thead><tbody><tr><td>Luxtar Estelar<\/td><td>3749<\/td><td>3749<\/td><td>3749<\/td><td>3749<\/td><td>Cont\u00e1ctanos para obtener un presupuesto<\/td><\/tr><tr><td>W9 F\u00e9nix<\/td><td>3749<\/td><td>3749<\/td><td>3749<\/td><td>3749<\/td><td>Cont\u00e1ctanos para obtener un presupuesto<\/td><\/tr><tr><td>NBB Alfa<\/td><td>3749<\/td><td>3749<\/td><td>3749<\/td><td>3749<\/td><td>Cont\u00e1ctanos para obtener un presupuesto<\/td><\/tr><tr><td>Haz \u00f3ptico<\/td><td>3749<\/td><td>3749<\/td><td>3749<\/td><td>3749<\/td><td>Cont\u00e1ctanos para obtener un presupuesto<\/td><\/tr><tr><td>Briodlights<\/td><td>3749<\/td><td>3749<\/td><td>3749<\/td><td>3749<\/td><td>Cont\u00e1ctanos para obtener un presupuesto<\/td><\/tr><tr><td>Lazer<\/td><td>3749<\/td><td>3749<\/td><td>3749<\/td><td>3749<\/td><td>Cont\u00e1ctanos para obtener un presupuesto<\/td><\/tr><tr><td>Controlador LED de Osram<\/td><td>3749<\/td><td>3749<\/td><td>3749<\/td><td>3749<\/td><td>Cont\u00e1ctanos para obtener un presupuesto<\/td><\/tr><tr><td>Onz<\/td><td>3749<\/td><td>3749<\/td><td>3749<\/td><td>3749<\/td><td>Cont\u00e1ctanos para obtener un presupuesto<\/td><\/tr><\/tbody><\/table><\/div><p class=\"smk-price-note\">Los precios se refieren a luces adicionales redondas de superficie. Para montaje empotrado, cont\u00e1ctenos para solicitar presupuesto.<\/p><h3>Conversi\u00f3n a LED<\/h3><div class=\"smk-price-table-wrapper\"><table class=\"smk-price-table\"><thead><tr><th>Producto<\/th><th>Autom\u00f3vil de pasajeros<\/th><th>Todo tipo de coches el\u00e9ctricos\/h\u00edbridos<\/th><th>Recogida y transporte<\/th><th>Minib\u00fas y furgoneta<\/th><th>Cami\u00f3n, autob\u00fas y otros veh\u00edculos<\/th><\/tr><\/thead><tbody><tr><td>Conversi\u00f3n conjunta de todo tipo<\/td><td>1250<\/td><td>1250<\/td><td>1250<\/td><td>1250<\/td><td>1250<\/td><\/tr><\/tbody><\/table><\/div><p class=\"smk-price-note\">Se aplica a todo tipo de veh\u00edculos y conversiones ligeras.<\/p><div class=\"smk-price-note\"><strong>Los precios se refieren a la instalaci\u00f3n est\u00e1ndar en superficie. Para instalaciones empotradas o especiales, se requiere un pago adicional de 495 SEK o un presupuesto.<\/strong>\r\n\r\n<em>Por supuesto, tambi\u00e9n instalamos otros productos y combinaciones (por ejemplo, rampa LED + luces adicionales).<\/em>\r\n\r\n<strong>P\u00f3ngase en contacto con nosotros: \u00a1siempre encontraremos una soluci\u00f3n adecuada para su veh\u00edculo, ya sea con nosotros o con uno de nuestros socios!<\/strong>\r\n\r\n<em>Nos reservamos el derecho a cualquier error tipogr\u00e1fico o cambio de precios.<\/em><\/div><\/div>","protected":false},"excerpt":{"rendered":"<p>Monterat och Klart Montering av extraljus, ledramper och ledkonvertering i Kungsbacka Vi monterar det du k\u00f6per. Beh\u00f6ver du hj\u00e4lp att v\u00e4lja r\u00e4tt produkt eller r\u00e5dgivning hur du f\u00e5r b\u00e4ttre ljus? Ring oss p\u00e5 0300-308 60 s\u00e5 g\u00e5r vi igenom det tillsammans. K\u00f6per du produkt och montering ihop f\u00e5r du alltid 20% p\u00e5 paketet. Garanti p\u00e5 [&hellip;]<\/p>","protected":false},"author":1,"featured_media":69,"parent":0,"menu_order":0,"comment_status":"closed","ping_status":"open","template":"","meta":{"_acf_changed":false,"_smort_price_nok":"","_smort_price_dkk":"","_smort_price_eur":"","_smort_sale_price_nok":"","_smort_sale_price_dkk":"","_smort_sale_price_eur":"","smort_restorder":"","shipmondo_restorder":"","_kad_blocks_custom_css":"","_kad_blocks_head_custom_js":"","_kad_blocks_body_custom_js":"","_kad_blocks_footer_custom_js":"","footnotes":""},"class_list":["post-15632","page","type-page","status-publish","has-post-thumbnail","hentry"],"acf":[],"yoast_head":"<!-- This site is optimized with the Yoast SEO plugin v27.0 - https:\/\/yoast.com\/product\/yoast-seo-wordpress\/ -->\n<title>Xenonkungen | Experter p\u00e5 Fordonsbelysning<\/title>\n<meta name=\"description\" content=\"E-handel f\u00f6r premiumprodukter inom fordonsbelysning med stort sortiment inom halvljus, helljus, extraljus, ledramper och arbetsbelysning.\" \/>\n<meta name=\"robots\" content=\"index, follow, max-snippet:-1, max-image-preview:large, max-video-preview:-1\" \/>\n<link rel=\"canonical\" href=\"https:\/\/xenonkungen.com\/es\/ensamblado-y-listo\/\" \/>\n<meta property=\"og:locale\" content=\"es_ES\" \/>\n<meta property=\"og:type\" content=\"article\" \/>\n<meta property=\"og:title\" content=\"Xenonkungen | Experter p\u00e5 Fordonsbelysning\" \/>\n<meta property=\"og:description\" content=\"E-handel f\u00f6r premiumprodukter inom fordonsbelysning med stort sortiment inom halvljus, helljus, extraljus, ledramper och arbetsbelysning.\" \/>\n<meta property=\"og:url\" content=\"https:\/\/xenonkungen.com\/es\/ensamblado-y-listo\/\" \/>\n<meta property=\"og:site_name\" content=\"Xenonkungen\" \/>\n<meta property=\"article:modified_time\" content=\"2026-02-23T20:53:13+00:00\" \/>\n<meta property=\"og:image\" content=\"https:\/\/xenonkungen.com\/wp-content\/uploads\/2025\/01\/xenonkungen-logo-black.png\" \/>\n\t<meta property=\"og:image:width\" content=\"378\" \/>\n\t<meta property=\"og:image:height\" content=\"67\" \/>\n\t<meta property=\"og:image:type\" content=\"image\/png\" \/>\n<meta name=\"twitter:card\" content=\"summary_large_image\" \/>\n<meta name=\"twitter:label1\" content=\"Tiempo de lectura\" \/>\n\t<meta name=\"twitter:data1\" content=\"1 minuto\" \/>\n<script type=\"application\/ld+json\" class=\"yoast-schema-graph\">{\"@context\":\"https:\/\/schema.org\",\"@graph\":[{\"@type\":\"WebPage\",\"@id\":\"https:\/\/xenonkungen.com\/monterat-och-klart\/\",\"url\":\"https:\/\/xenonkungen.com\/monterat-och-klart\/\",\"name\":\"Xenonkungen | Experter p\u00e5 Fordonsbelysning\",\"isPartOf\":{\"@id\":\"https:\/\/xenonkungen.com\/#website\"},\"primaryImageOfPage\":{\"@id\":\"https:\/\/xenonkungen.com\/monterat-och-klart\/#primaryimage\"},\"image\":{\"@id\":\"https:\/\/xenonkungen.com\/monterat-och-klart\/#primaryimage\"},\"thumbnailUrl\":\"https:\/\/xenonkungen.com\/wp-content\/uploads\/2025\/01\/xenonkungen-logo-black.png\",\"datePublished\":\"2025-10-15T11:55:33+00:00\",\"dateModified\":\"2026-02-23T20:53:13+00:00\",\"description\":\"E-handel f\u00f6r premiumprodukter inom fordonsbelysning med stort sortiment inom halvljus, helljus, extraljus, ledramper och arbetsbelysning.\",\"breadcrumb\":{\"@id\":\"https:\/\/xenonkungen.com\/monterat-och-klart\/#breadcrumb\"},\"inLanguage\":\"es\",\"potentialAction\":[{\"@type\":\"ReadAction\",\"target\":[\"https:\/\/xenonkungen.com\/monterat-och-klart\/\"]}]},{\"@type\":\"ImageObject\",\"inLanguage\":\"es\",\"@id\":\"https:\/\/xenonkungen.com\/monterat-och-klart\/#primaryimage\",\"url\":\"https:\/\/xenonkungen.com\/wp-content\/uploads\/2025\/01\/xenonkungen-logo-black.png\",\"contentUrl\":\"https:\/\/xenonkungen.com\/wp-content\/uploads\/2025\/01\/xenonkungen-logo-black.png\",\"width\":378,\"height\":67},{\"@type\":\"BreadcrumbList\",\"@id\":\"https:\/\/xenonkungen.com\/monterat-och-klart\/#breadcrumb\",\"itemListElement\":[{\"@type\":\"ListItem\",\"position\":1,\"name\":\"Hem\",\"item\":\"https:\/\/xenonkungen.com\/\"},{\"@type\":\"ListItem\",\"position\":2,\"name\":\"Monterat och klart\"}]},{\"@type\":\"WebSite\",\"@id\":\"https:\/\/xenonkungen.com\/#website\",\"url\":\"https:\/\/xenonkungen.com\/\",\"name\":\"Xenonkungen\",\"description\":\"\",\"potentialAction\":[{\"@type\":\"SearchAction\",\"target\":{\"@type\":\"EntryPoint\",\"urlTemplate\":\"https:\/\/xenonkungen.com\/?s={search_term_string}\"},\"query-input\":{\"@type\":\"PropertyValueSpecification\",\"valueRequired\":true,\"valueName\":\"search_term_string\"}}],\"inLanguage\":\"es\"}]}<\/script>\n<!-- \/ Yoast SEO plugin. -->","yoast_head_json":{"title":"Xenonkungen | Expertos en Iluminaci\u00f3n Vehicular","description":"Comercio electr\u00f3nico de productos premium en iluminaci\u00f3n de veh\u00edculos con una amplia gama de luces de cruce, luces de carretera, luces auxiliares, luces LED y luces de trabajo.","robots":{"index":"index","follow":"follow","max-snippet":"max-snippet:-1","max-image-preview":"max-image-preview:large","max-video-preview":"max-video-preview:-1"},"canonical":"https:\/\/xenonkungen.com\/es\/ensamblado-y-listo\/","og_locale":"es_ES","og_type":"article","og_title":"Xenonkungen | Experter p\u00e5 Fordonsbelysning","og_description":"E-handel f\u00f6r premiumprodukter inom fordonsbelysning med stort sortiment inom halvljus, helljus, extraljus, ledramper och arbetsbelysning.","og_url":"https:\/\/xenonkungen.com\/es\/ensamblado-y-listo\/","og_site_name":"Xenonkungen","article_modified_time":"2026-02-23T20:53:13+00:00","og_image":[{"width":378,"height":67,"url":"https:\/\/xenonkungen.com\/wp-content\/uploads\/2025\/01\/xenonkungen-logo-black.png","type":"image\/png"}],"twitter_card":"summary_large_image","twitter_misc":{"Tiempo de lectura":"1 minuto"},"schema":{"@context":"https:\/\/schema.org","@graph":[{"@type":"WebPage","@id":"https:\/\/xenonkungen.com\/monterat-och-klart\/","url":"https:\/\/xenonkungen.com\/monterat-och-klart\/","name":"Xenonkungen | Expertos en Iluminaci\u00f3n Vehicular","isPartOf":{"@id":"https:\/\/xenonkungen.com\/#website"},"primaryImageOfPage":{"@id":"https:\/\/xenonkungen.com\/monterat-och-klart\/#primaryimage"},"image":{"@id":"https:\/\/xenonkungen.com\/monterat-och-klart\/#primaryimage"},"thumbnailUrl":"https:\/\/xenonkungen.com\/wp-content\/uploads\/2025\/01\/xenonkungen-logo-black.png","datePublished":"2025-10-15T11:55:33+00:00","dateModified":"2026-02-23T20:53:13+00:00","description":"Comercio electr\u00f3nico de productos premium en iluminaci\u00f3n de veh\u00edculos con una amplia gama de luces de cruce, luces de carretera, luces auxiliares, luces LED y luces de trabajo.","breadcrumb":{"@id":"https:\/\/xenonkungen.com\/monterat-och-klart\/#breadcrumb"},"inLanguage":"es","potentialAction":[{"@type":"ReadAction","target":["https:\/\/xenonkungen.com\/monterat-och-klart\/"]}]},{"@type":"ImageObject","inLanguage":"es","@id":"https:\/\/xenonkungen.com\/monterat-och-klart\/#primaryimage","url":"https:\/\/xenonkungen.com\/wp-content\/uploads\/2025\/01\/xenonkungen-logo-black.png","contentUrl":"https:\/\/xenonkungen.com\/wp-content\/uploads\/2025\/01\/xenonkungen-logo-black.png","width":378,"height":67},{"@type":"BreadcrumbList","@id":"https:\/\/xenonkungen.com\/monterat-och-klart\/#breadcrumb","itemListElement":[{"@type":"ListItem","position":1,"name":"Hem","item":"https:\/\/xenonkungen.com\/"},{"@type":"ListItem","position":2,"name":"Monterat och klart"}]},{"@type":"WebSite","@id":"https:\/\/xenonkungen.com\/#website","url":"https:\/\/xenonkungen.com\/","name":"Xenonkungen","description":"","potentialAction":[{"@type":"SearchAction","target":{"@type":"EntryPoint","urlTemplate":"https:\/\/xenonkungen.com\/?s={search_term_string}"},"query-input":{"@type":"PropertyValueSpecification","valueRequired":true,"valueName":"search_term_string"}}],"inLanguage":"es"}]}},"taxonomy_info":[],"featured_image_src_large":["https:\/\/xenonkungen.com\/wp-content\/uploads\/2025\/01\/xenonkungen-logo-black.png",378,67,false],"author_info":{"display_name":"smort","author_link":"https:\/\/xenonkungen.com\/es\/author\/smort\/"},"comment_info":0,"_links":{"self":[{"href":"https:\/\/xenonkungen.com\/es\/wp-json\/wp\/v2\/pages\/15632","targetHints":{"allow":["GET"]}}],"collection":[{"href":"https:\/\/xenonkungen.com\/es\/wp-json\/wp\/v2\/pages"}],"about":[{"href":"https:\/\/xenonkungen.com\/es\/wp-json\/wp\/v2\/types\/page"}],"author":[{"embeddable":true,"href":"https:\/\/xenonkungen.com\/es\/wp-json\/wp\/v2\/users\/1"}],"replies":[{"embeddable":true,"href":"https:\/\/xenonkungen.com\/es\/wp-json\/wp\/v2\/comments?post=15632"}],"version-history":[{"count":0,"href":"https:\/\/xenonkungen.com\/es\/wp-json\/wp\/v2\/pages\/15632\/revisions"}],"wp:featuredmedia":[{"embeddable":true,"href":"https:\/\/xenonkungen.com\/es\/wp-json\/wp\/v2\/media\/69"}],"wp:attachment":[{"href":"https:\/\/xenonkungen.com\/es\/wp-json\/wp\/v2\/media?parent=15632"}],"curies":[{"name":"wp","href":"https:\/\/api.w.org\/{rel}","templated":true}]}}