{"id":10251,"date":"2025-08-26T09:54:58","date_gmt":"2025-08-26T09:54:58","guid":{"rendered":"https:\/\/xenonkungen.com\/?post_type=product&#038;p=10251"},"modified":"2026-04-24T17:00:54","modified_gmt":"2026-04-24T16:00:54","slug":"luxtar-stellar-dynamic-9-blanco-y-amarillo","status":"publish","type":"product","link":"https:\/\/xenonkungen.com\/es\/producto\/luxtar-stellar-dynamic-9-blanco-y-amarillo\/","title":{"rendered":"Luxtar Stellar Dynamic 9\u2033 Blanco | Amarillo"},"content":{"rendered":"<h1>Luxtar Stellar Dynamic de 9 pulgadas, blanco y amarillo<\/h1>\n<p>La Luxtar Stellar Dynamic Yellow est\u00e1 equipada con 20 potentes diodos Osram que proporcionan una impresionante salida de luz de 12.200 l\u00famenes.<br \/>\nLos reflectores crean un agradable haz de luz que ilumina la carretera de punta a punta, incluyendo los laterales. Su alcance es de 1 lux a 790 metros. La temperatura de color de 5500 K est\u00e1 cuidadosamente equilibrada.<br \/>\nAdem\u00e1s, resulta muy agradable a la vista, proporcionando una iluminaci\u00f3n n\u00edtida y clara. Esto facilita la observaci\u00f3n del terreno y la detecci\u00f3n oportuna de peligros y obst\u00e1culos.<\/p>\n<ul>\n<li>Alcance: 1 lux a 790 m \/ R112: 1 lux a 460 m<\/li>\n<li>Funci\u00f3n de arranque din\u00e1mico para luces de posici\u00f3n en blanco o naranja<\/li>\n<li>12 200 l\u00famenes reales<\/li>\n<li>Funci\u00f3n Boost para m\u00e1s brillo<\/li>\n<\/ul>\n<p>Con la nueva funci\u00f3n de arranque din\u00e1mico para luces de posici\u00f3n, la l\u00e1mpara proporciona un impresionante patr\u00f3n de encendido que crea un incre\u00edble efecto visual al arrancar.<br \/>\nEl innovador reflector retroiluminado, con LEDs de posici\u00f3n que iluminan los laterales, crea una luz adicional eficaz y \u00fanica. La funci\u00f3n de luz de estacionamiento se puede ajustar a blanco tradicional o a un llamativo naranja.<\/p>\n<p>Las gafas Stellar Dynamic Yellow est\u00e1n equipadas con una lente de policarbonato irrompible, completamente sin marco y con una superficie frontal lisa que evita la acumulaci\u00f3n de nieve y hielo en la lente, garantizando un rendimiento \u00f3ptimo en todas las condiciones.<br \/>\nLa luz adicional cuenta con la homologaci\u00f3n E y est\u00e1 equipada con una funci\u00f3n de aumento de brillo para cuando sea necesario.<br \/>\nSe incluye una base de montaje robusta y estable y conectores DT de 4 pines, y el producto tiene una garant\u00eda de 3 a\u00f1os.<\/p>","protected":false},"excerpt":{"rendered":"<p>Luxtar Stellar Dynamic 9 Inch White | Yellow Luxtar Stellar Dynamic Yellow \u00e4r utrustad med 20 stycken kraftfulla Osram dioder som ger ett imponerande ljusfl\u00f6de p\u00e5 12 200 lumen. Reflektorerna skapar en behaglig Driving Beam-ljusbild som lyser upp v\u00e4gen brett och \u00e4ven ute i v\u00e4gkanten. R\u00e4ckvidd \u00e4r hela 1 lux vid 790 meter. F\u00e4rgtemperaturen p\u00e5 [&hellip;]<\/p>","protected":false},"featured_media":10252,"comment_status":"open","ping_status":"closed","template":"","meta":{"_acf_changed":false,"_smort_price_nok":"2217","_smort_price_dkk":"1761","_smort_price_eur":"235.9","_smort_sale_price_nok":"2217","_smort_sale_price_dkk":"","_smort_sale_price_eur":"","smort_restorder":"","shipmondo_restorder":"","_kad_blocks_custom_css":"","_kad_blocks_head_custom_js":"","_kad_blocks_body_custom_js":"","_kad_blocks_footer_custom_js":"","smort_custom_pricelist_1":"1660.8","smort_custom_pricelist_2":"1453.2","smort_custom_pricelist_3":"1349.4","smort_custom_pricelist_4":"2076","smort_custom_pricelist_5":"1453.2"},"anvandningsomrade":[236,207,166,167,1915],"bilmarken":[],"product_brand":[103],"product_cat":[2839,2826,2182,142],"product_tag":[],"class_list":{"0":"post-10251","1":"product","2":"type-product","3":"status-publish","4":"has-post-thumbnail","6":"anvandningsomrade-entreprenad","7":"anvandningsomrade-husbil","8":"anvandningsomrade-lastbil","9":"anvandningsomrade-personbil","10":"anvandningsomrade-skapbil","11":"product_brand-luxtar","12":"product_cat-extraljus-9","13":"product_cat-luxtar","14":"product_cat-stellar-dynamic","15":"product_cat-extraljus","17":"first","18":"onbackorder","19":"taxable","20":"shipping-taxable","21":"purchasable","22":"product-type-simple"},"bundled_by":[],"bundle_stock_status":"onbackorder","bundle_stock_quantity":0,"bundle_virtual":false,"bundle_layout":"","bundle_add_to_cart_form_location":"","bundle_editable_in_cart":false,"bundle_sold_individually_context":"","bundle_item_grouping":"","bundle_min_size":"","bundle_max_size":"","bundle_price":[],"bundled_items":[],"bundle_sell_ids":[],"acf":[],"yoast_head":"<!-- This site is optimized with the Yoast SEO plugin v27.0 - https:\/\/yoast.com\/product\/yoast-seo-wordpress\/ -->\n<title>Luxtar Stellar Dynamic 9&quot; White | Yellow - Xenonkungen<\/title>\n<meta name=\"robots\" content=\"index, follow, max-snippet:-1, max-image-preview:large, max-video-preview:-1\" \/>\n<link rel=\"canonical\" href=\"https:\/\/xenonkungen.com\/es\/producto\/luxtar-stellar-dynamic-9-blanco-y-amarillo\/\" \/>\n<meta property=\"og:locale\" content=\"es_ES\" \/>\n<meta property=\"og:type\" content=\"article\" \/>\n<meta property=\"og:title\" content=\"Luxtar Stellar Dynamic 9&quot; White | Yellow - Xenonkungen\" \/>\n<meta property=\"og:description\" content=\"Luxtar Stellar Dynamic 9 Inch White | Yellow Luxtar Stellar Dynamic Yellow \u00e4r utrustad med 20 stycken kraftfulla Osram dioder som ger ett imponerande ljusfl\u00f6de p\u00e5 12 200 lumen. Reflektorerna skapar en behaglig Driving Beam-ljusbild som lyser upp v\u00e4gen brett och \u00e4ven ute i v\u00e4gkanten. R\u00e4ckvidd \u00e4r hela 1 lux vid 790 meter. F\u00e4rgtemperaturen p\u00e5 [&hellip;]\" \/>\n<meta property=\"og:url\" content=\"https:\/\/xenonkungen.com\/es\/producto\/luxtar-stellar-dynamic-9-blanco-y-amarillo\/\" \/>\n<meta property=\"og:site_name\" content=\"Xenonkungen\" \/>\n<meta property=\"article:modified_time\" content=\"2026-04-24T16:00:54+00:00\" \/>\n<meta property=\"og:image\" content=\"https:\/\/xenonkungen.com\/wp-content\/uploads\/2025\/06\/5xMABtbb.png\" \/>\n\t<meta property=\"og:image:width\" content=\"600\" \/>\n\t<meta property=\"og:image:height\" content=\"600\" \/>\n\t<meta property=\"og:image:type\" content=\"image\/png\" \/>\n<meta name=\"twitter:card\" content=\"summary_large_image\" \/>\n<meta name=\"twitter:label1\" content=\"Tiempo de lectura\" \/>\n\t<meta name=\"twitter:data1\" content=\"2 minutos\" \/>\n<script type=\"application\/ld+json\" class=\"yoast-schema-graph\">{\"@context\":\"https:\/\/schema.org\",\"@graph\":[{\"@type\":\"WebPage\",\"@id\":\"https:\/\/xenonkungen.com\/produkt\/luxtar-stellar-dynamic-9-white-yellow\/\",\"url\":\"https:\/\/xenonkungen.com\/produkt\/luxtar-stellar-dynamic-9-white-yellow\/\",\"name\":\"Luxtar Stellar Dynamic 9\\\" White | Yellow - Xenonkungen\",\"isPartOf\":{\"@id\":\"https:\/\/xenonkungen.com\/#website\"},\"primaryImageOfPage\":{\"@id\":\"https:\/\/xenonkungen.com\/produkt\/luxtar-stellar-dynamic-9-white-yellow\/#primaryimage\"},\"image\":{\"@id\":\"https:\/\/xenonkungen.com\/produkt\/luxtar-stellar-dynamic-9-white-yellow\/#primaryimage\"},\"thumbnailUrl\":\"https:\/\/xenonkungen.com\/wp-content\/uploads\/2025\/06\/5xMABtbb.png\",\"datePublished\":\"2025-08-26T09:54:58+00:00\",\"dateModified\":\"2026-04-24T16:00:54+00:00\",\"breadcrumb\":{\"@id\":\"https:\/\/xenonkungen.com\/produkt\/luxtar-stellar-dynamic-9-white-yellow\/#breadcrumb\"},\"inLanguage\":\"es\",\"potentialAction\":[{\"@type\":\"ReadAction\",\"target\":[\"https:\/\/xenonkungen.com\/produkt\/luxtar-stellar-dynamic-9-white-yellow\/\"]}]},{\"@type\":\"ImageObject\",\"inLanguage\":\"es\",\"@id\":\"https:\/\/xenonkungen.com\/produkt\/luxtar-stellar-dynamic-9-white-yellow\/#primaryimage\",\"url\":\"https:\/\/xenonkungen.com\/wp-content\/uploads\/2025\/06\/5xMABtbb.png\",\"contentUrl\":\"https:\/\/xenonkungen.com\/wp-content\/uploads\/2025\/06\/5xMABtbb.png\",\"width\":600,\"height\":600},{\"@type\":\"BreadcrumbList\",\"@id\":\"https:\/\/xenonkungen.com\/produkt\/luxtar-stellar-dynamic-9-white-yellow\/#breadcrumb\",\"itemListElement\":[{\"@type\":\"ListItem\",\"position\":1,\"name\":\"Hem\",\"item\":\"https:\/\/xenonkungen.com\/\"},{\"@type\":\"ListItem\",\"position\":2,\"name\":\"Shop\",\"item\":\"https:\/\/xenonkungen.com\/shop\/\"},{\"@type\":\"ListItem\",\"position\":3,\"name\":\"Luxtar Stellar Dynamic 9&#8243; White | Yellow\"}]},{\"@type\":\"WebSite\",\"@id\":\"https:\/\/xenonkungen.com\/#website\",\"url\":\"https:\/\/xenonkungen.com\/\",\"name\":\"Xenonkungen\",\"description\":\"\",\"potentialAction\":[{\"@type\":\"SearchAction\",\"target\":{\"@type\":\"EntryPoint\",\"urlTemplate\":\"https:\/\/xenonkungen.com\/?s={search_term_string}\"},\"query-input\":{\"@type\":\"PropertyValueSpecification\",\"valueRequired\":true,\"valueName\":\"search_term_string\"}}],\"inLanguage\":\"es\"}]}<\/script>\n<!-- \/ Yoast SEO plugin. -->","yoast_head_json":{"title":"Luxtar Stellar Dynamic 9&quot; Blanco | Amarillo - El Rey del Xen\u00f3n","robots":{"index":"index","follow":"follow","max-snippet":"max-snippet:-1","max-image-preview":"max-image-preview:large","max-video-preview":"max-video-preview:-1"},"canonical":"https:\/\/xenonkungen.com\/es\/producto\/luxtar-stellar-dynamic-9-blanco-y-amarillo\/","og_locale":"es_ES","og_type":"article","og_title":"Luxtar Stellar Dynamic 9\" White | Yellow - Xenonkungen","og_description":"Luxtar Stellar Dynamic 9 Inch White | Yellow Luxtar Stellar Dynamic Yellow \u00e4r utrustad med 20 stycken kraftfulla Osram dioder som ger ett imponerande ljusfl\u00f6de p\u00e5 12 200 lumen. Reflektorerna skapar en behaglig Driving Beam-ljusbild som lyser upp v\u00e4gen brett och \u00e4ven ute i v\u00e4gkanten. R\u00e4ckvidd \u00e4r hela 1 lux vid 790 meter. F\u00e4rgtemperaturen p\u00e5 [&hellip;]","og_url":"https:\/\/xenonkungen.com\/es\/producto\/luxtar-stellar-dynamic-9-blanco-y-amarillo\/","og_site_name":"Xenonkungen","article_modified_time":"2026-04-24T16:00:54+00:00","og_image":[{"width":600,"height":600,"url":"https:\/\/xenonkungen.com\/wp-content\/uploads\/2025\/06\/5xMABtbb.png","type":"image\/png"}],"twitter_card":"summary_large_image","twitter_misc":{"Tiempo de lectura":"2 minutos"},"schema":{"@context":"https:\/\/schema.org","@graph":[{"@type":"WebPage","@id":"https:\/\/xenonkungen.com\/produkt\/luxtar-stellar-dynamic-9-white-yellow\/","url":"https:\/\/xenonkungen.com\/produkt\/luxtar-stellar-dynamic-9-white-yellow\/","name":"Luxtar Stellar Dynamic 9&quot; Blanco | Amarillo - El Rey del Xen\u00f3n","isPartOf":{"@id":"https:\/\/xenonkungen.com\/#website"},"primaryImageOfPage":{"@id":"https:\/\/xenonkungen.com\/produkt\/luxtar-stellar-dynamic-9-white-yellow\/#primaryimage"},"image":{"@id":"https:\/\/xenonkungen.com\/produkt\/luxtar-stellar-dynamic-9-white-yellow\/#primaryimage"},"thumbnailUrl":"https:\/\/xenonkungen.com\/wp-content\/uploads\/2025\/06\/5xMABtbb.png","datePublished":"2025-08-26T09:54:58+00:00","dateModified":"2026-04-24T16:00:54+00:00","breadcrumb":{"@id":"https:\/\/xenonkungen.com\/produkt\/luxtar-stellar-dynamic-9-white-yellow\/#breadcrumb"},"inLanguage":"es","potentialAction":[{"@type":"ReadAction","target":["https:\/\/xenonkungen.com\/produkt\/luxtar-stellar-dynamic-9-white-yellow\/"]}]},{"@type":"ImageObject","inLanguage":"es","@id":"https:\/\/xenonkungen.com\/produkt\/luxtar-stellar-dynamic-9-white-yellow\/#primaryimage","url":"https:\/\/xenonkungen.com\/wp-content\/uploads\/2025\/06\/5xMABtbb.png","contentUrl":"https:\/\/xenonkungen.com\/wp-content\/uploads\/2025\/06\/5xMABtbb.png","width":600,"height":600},{"@type":"BreadcrumbList","@id":"https:\/\/xenonkungen.com\/produkt\/luxtar-stellar-dynamic-9-white-yellow\/#breadcrumb","itemListElement":[{"@type":"ListItem","position":1,"name":"Hem","item":"https:\/\/xenonkungen.com\/"},{"@type":"ListItem","position":2,"name":"Shop","item":"https:\/\/xenonkungen.com\/shop\/"},{"@type":"ListItem","position":3,"name":"Luxtar Stellar Dynamic 9&#8243; White | Yellow"}]},{"@type":"WebSite","@id":"https:\/\/xenonkungen.com\/#website","url":"https:\/\/xenonkungen.com\/","name":"Xenonkungen","description":"","potentialAction":[{"@type":"SearchAction","target":{"@type":"EntryPoint","urlTemplate":"https:\/\/xenonkungen.com\/?s={search_term_string}"},"query-input":{"@type":"PropertyValueSpecification","valueRequired":true,"valueName":"search_term_string"}}],"inLanguage":"es"}]}},"taxonomy_info":{"anvandningsomrade":[{"value":236,"label":"Entreprenad"},{"value":207,"label":"Husbil"},{"value":166,"label":"Lastbil"},{"value":167,"label":"PERSONBIL"},{"value":1915,"label":"Sk\u00e5pbil"}],"product_brand":[{"value":103,"label":"LUXTAR"}],"product_cat":[{"value":2839,"label":"Extraljus 9\""},{"value":2826,"label":"LUXTAR"},{"value":2182,"label":"Stellar Dynamic"},{"value":142,"label":"Extraljus"}]},"featured_image_src_large":["https:\/\/xenonkungen.com\/wp-content\/uploads\/2025\/06\/5xMABtbb.png",600,600,false],"author_info":[],"comment_info":0,"_links":{"self":[{"href":"https:\/\/xenonkungen.com\/es\/wp-json\/wp\/v2\/product\/10251","targetHints":{"allow":["GET"]}}],"collection":[{"href":"https:\/\/xenonkungen.com\/es\/wp-json\/wp\/v2\/product"}],"about":[{"href":"https:\/\/xenonkungen.com\/es\/wp-json\/wp\/v2\/types\/product"}],"replies":[{"embeddable":true,"href":"https:\/\/xenonkungen.com\/es\/wp-json\/wp\/v2\/comments?post=10251"}],"wp:featuredmedia":[{"embeddable":true,"href":"https:\/\/xenonkungen.com\/es\/wp-json\/wp\/v2\/media\/10252"}],"wp:attachment":[{"href":"https:\/\/xenonkungen.com\/es\/wp-json\/wp\/v2\/media?parent=10251"}],"wp:term":[{"taxonomy":"anvandningsomrade","embeddable":true,"href":"https:\/\/xenonkungen.com\/es\/wp-json\/wp\/v2\/anvandningsomrade?post=10251"},{"taxonomy":"bilmarken","embeddable":true,"href":"https:\/\/xenonkungen.com\/es\/wp-json\/wp\/v2\/bilmarken?post=10251"},{"taxonomy":"product_brand","embeddable":true,"href":"https:\/\/xenonkungen.com\/es\/wp-json\/wp\/v2\/product_brand?post=10251"},{"taxonomy":"product_cat","embeddable":true,"href":"https:\/\/xenonkungen.com\/es\/wp-json\/wp\/v2\/product_cat?post=10251"},{"taxonomy":"product_tag","embeddable":true,"href":"https:\/\/xenonkungen.com\/es\/wp-json\/wp\/v2\/product_tag?post=10251"}],"curies":[{"name":"wp","href":"https:\/\/api.w.org\/{rel}","templated":true}]}}