{"id":10292,"date":"2025-08-25T13:28:19","date_gmt":"2025-08-25T13:28:19","guid":{"rendered":"https:\/\/xenonkungen.com\/?post_type=product&#038;p=10292"},"modified":"2026-04-16T03:28:05","modified_gmt":"2026-04-16T02:28:05","slug":"luxtar-blanco-estelar-rad5-amarillo-canbus","status":"publish","type":"product","link":"https:\/\/xenonkungen.com\/es\/producto\/luxtar-blanco-estelar-rad5-amarillo-canbus\/","title":{"rendered":"Luxtar Stellar Blanco RAD5 | Amarillo &gt;&gt;CANBUS<<"},"content":{"rendered":"<h2>Luxtar Stellar White RAD5 CANBUS | Amarillo: Iluminaci\u00f3n de primera clase con tecnolog\u00eda inteligente<\/h2>\n<p>Descubra una nueva dimensi\u00f3n de luz extra con <strong>Luxtar Stellar White RAD5 CANBUS | Amarillo <\/strong>- desarrollada para aquellos que no hacen concesiones en cuanto a rendimiento, dise\u00f1o o seguridad. Con sus 20 potentes diodos Osram y un impresionante flujo luminoso de <strong>12 200 l\u00famenes<\/strong> convierte la noche en d\u00eda y proporciona una visibilidad inigualable en carretera.<\/p>\n<ul>\n<li>Alcance: <strong>1 lux a 790 m \/ R112: 1 lux a 460 m<\/strong><\/li>\n<li><strong>12 200 l\u00famenes reales<\/strong> para un brillo superior<\/li>\n<li><strong>Funci\u00f3n Boost<\/strong> para mayor potencia lum\u00ednica cuando sea necesario<\/li>\n<li><strong>Funci\u00f3n de arranque din\u00e1mico<\/strong> con luz de posici\u00f3n blanca o naranja regulable<\/li>\n<li>Lente de policarbonato irrompible para una durabilidad extrema<\/li>\n<li><strong>Compatible con CANBUS<\/strong> para una instalaci\u00f3n sin problemas<\/li>\n<li><strong>E-autorizado<\/strong> y seguros para circular por carretera<\/li>\n<\/ul>\n<h3>Luz amplia y brillante donde la necesita<\/h3>\n<p>El sofisticado <strong>El tobog\u00e1n del rayo impulsor<\/strong> difunde la luz ampliamente por la carretera e ilumina tambi\u00e9n los bordes de la calzada, lo que permite detectar los peligros a tiempo. Con un alcance de hasta <strong>1 lux a 790 metros<\/strong> y una temperatura de color equilibrada de <strong>5500K<\/strong>con una iluminaci\u00f3n c\u00f3moda y brillante que no da\u00f1a la vista y es perfecta tanto para la conducci\u00f3n en carretera como para las aventuras todoterreno.<\/p>\n<h3>Elegancia din\u00e1mica<\/h3>\n<p>Con el exclusivo <strong>Puesta en marcha din\u00e1mica<\/strong> ofrece Luxtar Stellar White RAD5<strong> | Amarillo<\/strong> un espectacular espect\u00e1culo de luces cada vez que arranques tu coche. Elija entre un elegante <strong>luz de posici\u00f3n blanca<\/strong> o una llamativa <strong>luz naranja<\/strong>y confiere a su veh\u00edculo un aspecto exclusivo. El reflector retroiluminado tambi\u00e9n causa una impresi\u00f3n visual impresionante tanto en la oscuridad como a la luz del d\u00eda.<\/p>\n<h3>Dise\u00f1ada para rendir, haga el tiempo que haga<\/h3>\n<p>Gracias a la <strong>lentes de policarbonato irrompibles<\/strong> y un frontal liso y sin marco, la l\u00e1mpara evita la acumulaci\u00f3n de nieve y hielo, garantizando un rendimiento \u00f3ptimo incluso en condiciones adversas. <strong>Funciones Boost<\/strong> tambi\u00e9n proporciona un brillo extra cuando es necesario, perfecto para los entornos de conducci\u00f3n m\u00e1s exigentes.<\/p>\n<h3>Compatible con CANBUS y homologado E<\/h3>\n<p>Med <strong>Tecnolog\u00eda CANBUS<\/strong> integrado, se evitan los mensajes de error y las interferencias con el sistema electr\u00f3nico del coche, por lo que la instalaci\u00f3n resulta f\u00e1cil y sin problemas. La l\u00e1mpara es <strong>E-autorizado<\/strong>lo que significa que es legal para su uso en la v\u00eda p\u00fablica, y viene con <strong>3 a\u00f1os de garant\u00eda<\/strong> para la m\u00e1xima seguridad.<\/p>\n<p>Para garantizar una transmisi\u00f3n y un rendimiento \u00f3ptimos de la se\u00f1al, recomendamos <strong>103179XR-DT Juego de cables<\/strong> a <strong>Unidad de potencia XBB - DT<\/strong> como cable de se\u00f1alizaci\u00f3n. Este conjunto de cables de alta calidad ofrece una conectividad robusta y fiable, dise\u00f1ada espec\u00edficamente para satisfacer las exigencias de entornos dif\u00edciles.<\/p>\n<h2><a href=\"https:\/\/xenonkungen.com\/wp-content\/uploads\/2025\/10\/XBB-Canbus-over-15A-inkoppling.pdf\">Haga clic aqu\u00ed para ver el diagrama de cableado, Mazos de cables de doble rel\u00e9 con XBB\u00a0<\/a><\/h2>","protected":false},"excerpt":{"rendered":"<p>Luxtar Stellar White RAD5 CANBUS | Yellow \u2013 Belysning i v\u00e4rldsklass med smart teknik Uppt\u00e4ck en ny dimension av extraljus med Luxtar Stellar White RAD5 CANBUS | Yellow \u2013 utvecklad f\u00f6r dig som inte kompromissar med prestanda, design eller s\u00e4kerhet. Med sina 20 kraftfulla Osram-dioder och ett imponerande ljusfl\u00f6de p\u00e5 hela 12 200 lumen omvandlar [&hellip;]<\/p>","protected":false},"featured_media":10294,"comment_status":"open","ping_status":"closed","template":"","meta":{"_acf_changed":false,"_smort_price_nok":"12984","_smort_price_dkk":"10311","_smort_price_eur":"1381.3","_smort_sale_price_nok":"12984","_smort_sale_price_dkk":"","_smort_sale_price_eur":"","smort_restorder":"","shipmondo_restorder":"","_kad_blocks_custom_css":"","_kad_blocks_head_custom_js":"","_kad_blocks_body_custom_js":"","_kad_blocks_footer_custom_js":"","smort_custom_pricelist_1":"9724.8","smort_custom_pricelist_2":"8509.2","smort_custom_pricelist_3":"7901.4","smort_custom_pricelist_4":"12156","smort_custom_pricelist_5":"8509.2"},"anvandningsomrade":[236,207,166,167,1915],"bilmarken":[],"product_brand":[103],"product_cat":[2826,2820,1859],"product_tag":[2726],"class_list":{"0":"post-10292","1":"product","2":"type-product","3":"status-publish","4":"has-post-thumbnail","6":"anvandningsomrade-entreprenad","7":"anvandningsomrade-husbil","8":"anvandningsomrade-lastbil","9":"anvandningsomrade-personbil","10":"anvandningsomrade-skapbil","11":"product_brand-luxtar","12":"product_cat-luxtar","13":"product_cat-luxtar-paketlosningar","14":"product_cat-extraljuspaket","15":"product_tag-produktpaket","17":"first","18":"onbackorder","19":"sale","20":"virtual","21":"taxable","22":"purchasable","23":"product-type-bundle"},"bundled_by":[],"bundle_stock_status":"instock","bundle_stock_quantity":"","bundle_virtual":false,"bundle_layout":"default","bundle_add_to_cart_form_location":"default","bundle_editable_in_cart":false,"bundle_sold_individually_context":"product","bundle_item_grouping":"parent","bundle_min_size":"","bundle_max_size":"","bundle_price":{"price":{"min":{"incl_tax":"1104.99","excl_tax":"883.992391584"},"max":{"incl_tax":"1104.99","excl_tax":"883.992391584"}},"regular_price":{"min":{"incl_tax":"1381.24","excl_tax":"1104.99048948"},"max":{"incl_tax":"1381.24","excl_tax":"1104.99048948"}}},"bundled_items":[{"bundled_item_id":466,"product_id":1067,"menu_order":0,"quantity_min":1,"quantity_max":1,"quantity_default":1,"priced_individually":false,"shipped_individually":false,"override_title":false,"title":"Luxtar Juego de cables de rel\u00e9 DT-4 X1 12V 80A Rel\u00e9","override_description":false,"description":"","optional":false,"hide_thumbnail":false,"discount":"","override_variations":false,"allowed_variations":[],"override_default_variation_attributes":false,"default_variation_attributes":[],"single_product_visibility":"visible","cart_visibility":"visible","order_visibility":"visible","single_product_price_visibility":"visible","cart_price_visibility":"visible","order_price_visibility":"visible","stock_status":"in_stock"},{"bundled_item_id":467,"product_id":1056,"menu_order":1,"quantity_min":1,"quantity_max":1,"quantity_default":1,"priced_individually":false,"shipped_individually":false,"override_title":false,"title":"Luxtar Juego de cables de rel\u00e9 DT-4 X4 12V 80A Rel\u00e9","override_description":false,"description":"","optional":false,"hide_thumbnail":false,"discount":"","override_variations":false,"allowed_variations":[],"override_default_variation_attributes":false,"default_variation_attributes":[],"single_product_visibility":"visible","cart_visibility":"visible","order_visibility":"visible","single_product_price_visibility":"visible","cart_price_visibility":"visible","order_price_visibility":"visible","stock_status":"in_stock"},{"bundled_item_id":468,"product_id":2722,"menu_order":2,"quantity_min":1,"quantity_max":1,"quantity_default":1,"priced_individually":false,"shipped_individually":false,"override_title":false,"title":"Soporte de luz adicional para 5 piezas de 225 mm | 9&quot; Rally five","override_description":false,"description":"","optional":false,"hide_thumbnail":false,"discount":"","override_variations":false,"allowed_variations":[],"override_default_variation_attributes":false,"default_variation_attributes":[],"single_product_visibility":"visible","cart_visibility":"visible","order_visibility":"visible","single_product_price_visibility":"visible","cart_price_visibility":"visible","order_price_visibility":"visible","stock_status":"in_stock"},{"bundled_item_id":469,"product_id":1538,"menu_order":3,"quantity_min":1,"quantity_max":1,"quantity_default":1,"priced_individually":false,"shipped_individually":false,"override_title":false,"title":"XBB OBD-II Dongle + PowerUnit","override_description":false,"description":"","optional":false,"hide_thumbnail":false,"discount":"","override_variations":false,"allowed_variations":[],"override_default_variation_attributes":false,"default_variation_attributes":[],"single_product_visibility":"visible","cart_visibility":"visible","order_visibility":"visible","single_product_price_visibility":"visible","cart_price_visibility":"visible","order_price_visibility":"visible","stock_status":"on_backorder"},{"bundled_item_id":470,"product_id":2605,"menu_order":4,"quantity_min":1,"quantity_max":1,"quantity_default":1,"priced_individually":false,"shipped_individually":false,"override_title":false,"title":"Juego de cables para unidad de potencia XBB - DT","override_description":false,"description":"","optional":false,"hide_thumbnail":false,"discount":"","override_variations":false,"allowed_variations":[],"override_default_variation_attributes":false,"default_variation_attributes":[],"single_product_visibility":"visible","cart_visibility":"visible","order_visibility":"visible","single_product_price_visibility":"visible","cart_price_visibility":"visible","order_price_visibility":"visible","stock_status":"in_stock"}],"bundle_sell_ids":[],"acf":[],"yoast_head":"<!-- This site is optimized with the Yoast SEO plugin v27.0 - https:\/\/yoast.com\/product\/yoast-seo-wordpress\/ -->\n<title>Luxtar Stellar White RAD5 | Yellow &gt;&gt;CANBUS<\/title>\n<meta name=\"robots\" content=\"index, follow, max-snippet:-1, max-image-preview:large, max-video-preview:-1\" \/>\n<link rel=\"canonical\" href=\"https:\/\/xenonkungen.com\/es\/producto\/luxtar-blanco-estelar-rad5-amarillo-canbus\/\" \/>\n<meta property=\"og:locale\" content=\"es_ES\" \/>\n<meta property=\"og:type\" content=\"article\" \/>\n<meta property=\"og:title\" content=\"Luxtar Stellar White RAD5 | Yellow &gt;&gt;CANBUS\" \/>\n<meta property=\"og:description\" content=\"Luxtar Stellar White RAD5 CANBUS | Yellow \u2013 Belysning i v\u00e4rldsklass med smart teknik Uppt\u00e4ck en ny dimension av extraljus med Luxtar Stellar White RAD5 CANBUS | Yellow \u2013 utvecklad f\u00f6r dig som inte kompromissar med prestanda, design eller s\u00e4kerhet. Med sina 20 kraftfulla Osram-dioder och ett imponerande ljusfl\u00f6de p\u00e5 hela 12 200 lumen omvandlar [&hellip;]\" \/>\n<meta property=\"og:url\" content=\"https:\/\/xenonkungen.com\/es\/producto\/luxtar-blanco-estelar-rad5-amarillo-canbus\/\" \/>\n<meta property=\"og:site_name\" content=\"Xenonkungen\" \/>\n<meta property=\"article:modified_time\" content=\"2026-04-16T02:28:05+00:00\" \/>\n<meta property=\"og:image\" content=\"https:\/\/xenonkungen.com\/wp-content\/uploads\/2025\/06\/XXC-Stellar5WY.png\" \/>\n\t<meta property=\"og:image:width\" content=\"1000\" \/>\n\t<meta property=\"og:image:height\" content=\"1000\" \/>\n\t<meta property=\"og:image:type\" content=\"image\/png\" \/>\n<meta name=\"twitter:card\" content=\"summary_large_image\" \/>\n<meta name=\"twitter:label1\" content=\"Tiempo de lectura\" \/>\n\t<meta name=\"twitter:data1\" content=\"2 minutos\" \/>\n<script type=\"application\/ld+json\" class=\"yoast-schema-graph\">{\"@context\":\"https:\/\/schema.org\",\"@graph\":[{\"@type\":\"WebPage\",\"@id\":\"https:\/\/xenonkungen.com\/produkt\/luxtar-stellar-white-rad5-yellow-canbus\/\",\"url\":\"https:\/\/xenonkungen.com\/produkt\/luxtar-stellar-white-rad5-yellow-canbus\/\",\"name\":\"Luxtar Stellar White RAD5 | Yellow >>CANBUS\",\"isPartOf\":{\"@id\":\"https:\/\/xenonkungen.com\/#website\"},\"primaryImageOfPage\":{\"@id\":\"https:\/\/xenonkungen.com\/produkt\/luxtar-stellar-white-rad5-yellow-canbus\/#primaryimage\"},\"image\":{\"@id\":\"https:\/\/xenonkungen.com\/produkt\/luxtar-stellar-white-rad5-yellow-canbus\/#primaryimage\"},\"thumbnailUrl\":\"https:\/\/xenonkungen.com\/wp-content\/uploads\/2025\/06\/XXC-Stellar5WY.png\",\"datePublished\":\"2025-08-25T13:28:19+00:00\",\"dateModified\":\"2026-04-16T02:28:05+00:00\",\"breadcrumb\":{\"@id\":\"https:\/\/xenonkungen.com\/produkt\/luxtar-stellar-white-rad5-yellow-canbus\/#breadcrumb\"},\"inLanguage\":\"es\",\"potentialAction\":[{\"@type\":\"ReadAction\",\"target\":[\"https:\/\/xenonkungen.com\/produkt\/luxtar-stellar-white-rad5-yellow-canbus\/\"]}]},{\"@type\":\"ImageObject\",\"inLanguage\":\"es\",\"@id\":\"https:\/\/xenonkungen.com\/produkt\/luxtar-stellar-white-rad5-yellow-canbus\/#primaryimage\",\"url\":\"https:\/\/xenonkungen.com\/wp-content\/uploads\/2025\/06\/XXC-Stellar5WY.png\",\"contentUrl\":\"https:\/\/xenonkungen.com\/wp-content\/uploads\/2025\/06\/XXC-Stellar5WY.png\",\"width\":1000,\"height\":1000},{\"@type\":\"BreadcrumbList\",\"@id\":\"https:\/\/xenonkungen.com\/produkt\/luxtar-stellar-white-rad5-yellow-canbus\/#breadcrumb\",\"itemListElement\":[{\"@type\":\"ListItem\",\"position\":1,\"name\":\"Hem\",\"item\":\"https:\/\/xenonkungen.com\/\"},{\"@type\":\"ListItem\",\"position\":2,\"name\":\"Shop\",\"item\":\"https:\/\/xenonkungen.com\/shop\/\"},{\"@type\":\"ListItem\",\"position\":3,\"name\":\"Luxtar Stellar White RAD5 | Yellow >>CANBUS\"}]},{\"@type\":\"WebSite\",\"@id\":\"https:\/\/xenonkungen.com\/#website\",\"url\":\"https:\/\/xenonkungen.com\/\",\"name\":\"Xenonkungen\",\"description\":\"\",\"potentialAction\":[{\"@type\":\"SearchAction\",\"target\":{\"@type\":\"EntryPoint\",\"urlTemplate\":\"https:\/\/xenonkungen.com\/?s={search_term_string}\"},\"query-input\":{\"@type\":\"PropertyValueSpecification\",\"valueRequired\":true,\"valueName\":\"search_term_string\"}}],\"inLanguage\":\"es\"}]}<\/script>\n<!-- \/ Yoast SEO plugin. -->","yoast_head_json":{"title":"Luxtar Stellar Blanco RAD5 | Amarillo &gt;&gt;CANBUS","robots":{"index":"index","follow":"follow","max-snippet":"max-snippet:-1","max-image-preview":"max-image-preview:large","max-video-preview":"max-video-preview:-1"},"canonical":"https:\/\/xenonkungen.com\/es\/producto\/luxtar-blanco-estelar-rad5-amarillo-canbus\/","og_locale":"es_ES","og_type":"article","og_title":"Luxtar Stellar White RAD5 | Yellow >>CANBUS","og_description":"Luxtar Stellar White RAD5 CANBUS | Yellow \u2013 Belysning i v\u00e4rldsklass med smart teknik Uppt\u00e4ck en ny dimension av extraljus med Luxtar Stellar White RAD5 CANBUS | Yellow \u2013 utvecklad f\u00f6r dig som inte kompromissar med prestanda, design eller s\u00e4kerhet. Med sina 20 kraftfulla Osram-dioder och ett imponerande ljusfl\u00f6de p\u00e5 hela 12 200 lumen omvandlar [&hellip;]","og_url":"https:\/\/xenonkungen.com\/es\/producto\/luxtar-blanco-estelar-rad5-amarillo-canbus\/","og_site_name":"Xenonkungen","article_modified_time":"2026-04-16T02:28:05+00:00","og_image":[{"width":1000,"height":1000,"url":"https:\/\/xenonkungen.com\/wp-content\/uploads\/2025\/06\/XXC-Stellar5WY.png","type":"image\/png"}],"twitter_card":"summary_large_image","twitter_misc":{"Tiempo de lectura":"2 minutos"},"schema":{"@context":"https:\/\/schema.org","@graph":[{"@type":"WebPage","@id":"https:\/\/xenonkungen.com\/produkt\/luxtar-stellar-white-rad5-yellow-canbus\/","url":"https:\/\/xenonkungen.com\/produkt\/luxtar-stellar-white-rad5-yellow-canbus\/","name":"Luxtar Stellar Blanco RAD5 | Amarillo &gt;&gt;CANBUS","isPartOf":{"@id":"https:\/\/xenonkungen.com\/#website"},"primaryImageOfPage":{"@id":"https:\/\/xenonkungen.com\/produkt\/luxtar-stellar-white-rad5-yellow-canbus\/#primaryimage"},"image":{"@id":"https:\/\/xenonkungen.com\/produkt\/luxtar-stellar-white-rad5-yellow-canbus\/#primaryimage"},"thumbnailUrl":"https:\/\/xenonkungen.com\/wp-content\/uploads\/2025\/06\/XXC-Stellar5WY.png","datePublished":"2025-08-25T13:28:19+00:00","dateModified":"2026-04-16T02:28:05+00:00","breadcrumb":{"@id":"https:\/\/xenonkungen.com\/produkt\/luxtar-stellar-white-rad5-yellow-canbus\/#breadcrumb"},"inLanguage":"es","potentialAction":[{"@type":"ReadAction","target":["https:\/\/xenonkungen.com\/produkt\/luxtar-stellar-white-rad5-yellow-canbus\/"]}]},{"@type":"ImageObject","inLanguage":"es","@id":"https:\/\/xenonkungen.com\/produkt\/luxtar-stellar-white-rad5-yellow-canbus\/#primaryimage","url":"https:\/\/xenonkungen.com\/wp-content\/uploads\/2025\/06\/XXC-Stellar5WY.png","contentUrl":"https:\/\/xenonkungen.com\/wp-content\/uploads\/2025\/06\/XXC-Stellar5WY.png","width":1000,"height":1000},{"@type":"BreadcrumbList","@id":"https:\/\/xenonkungen.com\/produkt\/luxtar-stellar-white-rad5-yellow-canbus\/#breadcrumb","itemListElement":[{"@type":"ListItem","position":1,"name":"Hem","item":"https:\/\/xenonkungen.com\/"},{"@type":"ListItem","position":2,"name":"Shop","item":"https:\/\/xenonkungen.com\/shop\/"},{"@type":"ListItem","position":3,"name":"Luxtar Stellar White RAD5 | Yellow >>CANBUS"}]},{"@type":"WebSite","@id":"https:\/\/xenonkungen.com\/#website","url":"https:\/\/xenonkungen.com\/","name":"Xenonkungen","description":"","potentialAction":[{"@type":"SearchAction","target":{"@type":"EntryPoint","urlTemplate":"https:\/\/xenonkungen.com\/?s={search_term_string}"},"query-input":{"@type":"PropertyValueSpecification","valueRequired":true,"valueName":"search_term_string"}}],"inLanguage":"es"}]}},"taxonomy_info":{"anvandningsomrade":[{"value":236,"label":"Entreprenad"},{"value":207,"label":"Husbil"},{"value":166,"label":"Lastbil"},{"value":167,"label":"PERSONBIL"},{"value":1915,"label":"Sk\u00e5pbil"}],"product_brand":[{"value":103,"label":"LUXTAR"}],"product_cat":[{"value":2826,"label":"LUXTAR"},{"value":2820,"label":"Luxtar - Paketl\u00f6sningar"},{"value":1859,"label":"Extraljuspaket"}],"product_tag":[{"value":2726,"label":"produktpaket"}]},"featured_image_src_large":["https:\/\/xenonkungen.com\/wp-content\/uploads\/2025\/06\/XXC-Stellar5WY.png",1000,1000,false],"author_info":[],"comment_info":0,"_links":{"self":[{"href":"https:\/\/xenonkungen.com\/es\/wp-json\/wp\/v2\/product\/10292","targetHints":{"allow":["GET"]}}],"collection":[{"href":"https:\/\/xenonkungen.com\/es\/wp-json\/wp\/v2\/product"}],"about":[{"href":"https:\/\/xenonkungen.com\/es\/wp-json\/wp\/v2\/types\/product"}],"replies":[{"embeddable":true,"href":"https:\/\/xenonkungen.com\/es\/wp-json\/wp\/v2\/comments?post=10292"}],"wp:featuredmedia":[{"embeddable":true,"href":"https:\/\/xenonkungen.com\/es\/wp-json\/wp\/v2\/media\/10294"}],"wp:attachment":[{"href":"https:\/\/xenonkungen.com\/es\/wp-json\/wp\/v2\/media?parent=10292"}],"wp:term":[{"taxonomy":"anvandningsomrade","embeddable":true,"href":"https:\/\/xenonkungen.com\/es\/wp-json\/wp\/v2\/anvandningsomrade?post=10292"},{"taxonomy":"bilmarken","embeddable":true,"href":"https:\/\/xenonkungen.com\/es\/wp-json\/wp\/v2\/bilmarken?post=10292"},{"taxonomy":"product_brand","embeddable":true,"href":"https:\/\/xenonkungen.com\/es\/wp-json\/wp\/v2\/product_brand?post=10292"},{"taxonomy":"product_cat","embeddable":true,"href":"https:\/\/xenonkungen.com\/es\/wp-json\/wp\/v2\/product_cat?post=10292"},{"taxonomy":"product_tag","embeddable":true,"href":"https:\/\/xenonkungen.com\/es\/wp-json\/wp\/v2\/product_tag?post=10292"}],"curies":[{"name":"wp","href":"https:\/\/api.w.org\/{rel}","templated":true}]}}