{"id":10301,"date":"2025-08-25T14:19:35","date_gmt":"2025-08-25T14:19:35","guid":{"rendered":"https:\/\/xenonkungen.com\/?post_type=product&#038;p=10301"},"modified":"2026-04-24T21:21:49","modified_gmt":"2026-04-24T20:21:49","slug":"paquete-de-rampa-led-luxtar-canbus-amarillo-crepuscular","status":"publish","type":"product","link":"https:\/\/xenonkungen.com\/es\/producto\/paquete-de-rampa-led-luxtar-canbus-amarillo-crepuscular\/","title":{"rendered":"Led paquete rampa Luxtar Twilight | Amarillo &gt;&gt;CANBUS<<"},"content":{"rendered":"<h2>Paquete de luces LED Luxtar Twilight | Amarillo &gt;&gt;CANBUS&lt;&lt; \u2013 Iluminaci\u00f3n con control total y potencia<\/h2>\n<p>Lleva tu iluminaci\u00f3n al siguiente nivel con <strong>Paquete de rampa de leds Luxtar Twilight | Amarillo &gt;&gt;CANBUS&lt;&lt;<\/strong> Dise\u00f1ado para quienes exigen un rendimiento fiable y potente en cualquier situaci\u00f3n. Con un efecto impresionante en <strong>300W<\/strong> y un flujo luminoso de <strong>18 140 l\u00famenes<\/strong> Esta barra LED ofrece un brillo superior y una visibilidad segura. El alcance de la luz alcanza hasta <strong>1 lux a 794 metros<\/strong> (Est\u00e1ndar R112: 1 lux a 430 metros), proporcionando una visibilidad \u00f3ptima incluso en entornos oscuros y exigentes.<\/p>\n<p>Para una instalaci\u00f3n f\u00e1cil y flexible, un elegante <strong>Soporte de luz auxiliar en acabado negro<\/strong> con <strong>225 mm<\/strong> entre los orificios de montaje, perfectamente adaptado a la mayor\u00eda de los veh\u00edculos. Con <strong>Juego de cables de rel\u00e9 Luxtar DTP-4 X1<\/strong> para <strong>12V<\/strong> y uno <strong>Rel\u00e9 de 80 A<\/strong> Se garantiza un suministro de energ\u00eda estable y confiable a la rampa, lo que le proporciona un rendimiento duradero independientemente de las condiciones de conducci\u00f3n.<\/p>\n<p>Para un f\u00e1cil control y una integraci\u00f3n fluida en el sistema del veh\u00edculo, <strong>XBB OBD-II Dongle + PowerUnit<\/strong>Junto con <strong>Kit de cables de rel\u00e9 para unidad de potencia XBB OBD-II \u2013 DT<\/strong> Obtendr\u00e1 una soluci\u00f3n CANBUS completa que proporciona una instalaci\u00f3n sin problemas, sin mensajes de error ni interferencias, lo que garantiza una funcionalidad perfecta con la electr\u00f3nica del autom\u00f3vil.<\/p>\n<h3>Caracter\u00edsticas y ventajas:<\/h3>\n<ul>\n<li><strong>Efecto:<\/strong> 300W<\/li>\n<li><strong>Flujo luminoso:<\/strong> 18 140 l\u00famenes<\/li>\n<li><strong>Alcance:<\/strong> 1 lux a 794 metros \/ Est\u00e1ndar R112: 1 lux a 430 metros<\/li>\n<li><strong>Soporte de luz auxiliar:<\/strong> Negro, 225 mm entre orificios de montaje<\/li>\n<li><strong>Compatible con CANBUS<\/strong> con XBB OBD-II Dongel + PowerUnit para una integraci\u00f3n sin problemas<\/li>\n<li><strong>Juego de cables de rel\u00e9:<\/strong> Kit de rel\u00e9 y cable de rel\u00e9 DTP-4 X1 de 12 V y 80 A para unidad de potencia XBB OBD-II \u2013 DT<\/li>\n<\/ul>\n<p><strong>Experimente la poderosa diferencia con el paquete de luces LED Luxtar Twilight | Amarillo &gt;&gt;CANBUS&lt;<\/strong><\/p>\n<h2><a href=\"https:\/\/xenonkungen.com\/wp-content\/uploads\/2025\/10\/XBB-Canbus-over-15A-inkoppling.pdf\">Haga clic aqu\u00ed para ver el diagrama de cableado, Mazos de cables de doble rel\u00e9 con XBB\u00a0<\/a><\/h2>","protected":false},"excerpt":{"rendered":"<p>Descubra la potencia del paquete de luces LED Luxtar Twilight | Amarillo &gt;&gt;CANBUS&lt;&lt;: una soluci\u00f3n potente para cualquier entorno. Con 300 W y 18\u00a0140 l\u00famenes, esta barra LED garantiza m\u00e1xima visibilidad y fiabilidad incluso en las condiciones m\u00e1s adversas.<\/p>","protected":false},"featured_media":10302,"comment_status":"open","ping_status":"closed","template":"","meta":{"_acf_changed":false,"_smort_price_nok":"8860","_smort_price_dkk":"5629","_smort_price_eur":"754.06","_smort_sale_price_nok":"","_smort_sale_price_dkk":"","_smort_sale_price_eur":"","smort_restorder":"","shipmondo_restorder":"","_kad_blocks_custom_css":"","_kad_blocks_head_custom_js":"","_kad_blocks_body_custom_js":"","_kad_blocks_footer_custom_js":"","smort_custom_pricelist_1":"5308.8","smort_custom_pricelist_2":"4645.2","smort_custom_pricelist_3":"4313.4","smort_custom_pricelist_4":"6636","smort_custom_pricelist_5":"4645.2"},"anvandningsomrade":[236,207,166,167,1915],"bilmarken":[],"product_brand":[103],"product_cat":[2539,2826,2542,18,20,2159,1916],"product_tag":[2726],"class_list":{"0":"post-10301","1":"product","2":"type-product","3":"status-publish","4":"has-post-thumbnail","6":"anvandningsomrade-entreprenad","7":"anvandningsomrade-husbil","8":"anvandningsomrade-lastbil","9":"anvandningsomrade-personbil","10":"anvandningsomrade-skapbil","11":"product_brand-luxtar","12":"product_cat-ledramper","13":"product_cat-luxtar","14":"product_cat-luxtar-twilight-ledramper","15":"product_cat-led-ramper-ljusramper","16":"product_cat-luxtar-twilight-led-ramper-ljusramper","17":"product_cat-luxtar-twilight","18":"product_cat-ledrampspaket","19":"product_tag-produktpaket","21":"first","22":"outofstock","23":"virtual","24":"taxable","25":"purchasable","26":"product-type-bundle"},"bundled_by":[],"bundle_stock_status":"outofstock","bundle_stock_quantity":0,"bundle_virtual":false,"bundle_layout":"default","bundle_add_to_cart_form_location":"default","bundle_editable_in_cart":false,"bundle_sold_individually_context":"product","bundle_item_grouping":"parent","bundle_min_size":"","bundle_max_size":"","bundle_price":{"price":{"min":{"incl_tax":"754.02","excl_tax":"603.21790788"},"max":{"incl_tax":"754.02","excl_tax":"603.21790788"}},"regular_price":{"min":{"incl_tax":"754.02","excl_tax":"603.21790788"},"max":{"incl_tax":"754.02","excl_tax":"603.21790788"}}},"bundled_items":[{"bundled_item_id":483,"product_id":3043,"menu_order":0,"quantity_min":1,"quantity_max":1,"quantity_default":1,"priced_individually":false,"shipped_individually":false,"override_title":false,"title":"Soporte de luz adicional para 2 x 225mm|9\".","override_description":false,"description":"","optional":false,"hide_thumbnail":false,"discount":"","override_variations":false,"allowed_variations":[],"override_default_variation_attributes":false,"default_variation_attributes":[],"single_product_visibility":"visible","cart_visibility":"visible","order_visibility":"visible","single_product_price_visibility":"visible","cart_price_visibility":"visible","order_price_visibility":"visible","stock_status":"on_backorder"},{"bundled_item_id":484,"product_id":1067,"menu_order":1,"quantity_min":1,"quantity_max":1,"quantity_default":1,"priced_individually":false,"shipped_individually":false,"override_title":false,"title":"Luxtar Juego de cables de rel\u00e9 DT-4 X1 12V 80A Rel\u00e9","override_description":false,"description":"","optional":false,"hide_thumbnail":false,"discount":"","override_variations":false,"allowed_variations":[],"override_default_variation_attributes":false,"default_variation_attributes":[],"single_product_visibility":"visible","cart_visibility":"visible","order_visibility":"visible","single_product_price_visibility":"visible","cart_price_visibility":"visible","order_price_visibility":"visible","stock_status":"in_stock"},{"bundled_item_id":485,"product_id":1538,"menu_order":2,"quantity_min":1,"quantity_max":1,"quantity_default":1,"priced_individually":false,"shipped_individually":false,"override_title":false,"title":"XBB OBD-II Dongle + PowerUnit","override_description":false,"description":"","optional":false,"hide_thumbnail":false,"discount":"","override_variations":false,"allowed_variations":[],"override_default_variation_attributes":false,"default_variation_attributes":[],"single_product_visibility":"visible","cart_visibility":"visible","order_visibility":"visible","single_product_price_visibility":"visible","cart_price_visibility":"visible","order_price_visibility":"visible","stock_status":"on_backorder"},{"bundled_item_id":486,"product_id":2605,"menu_order":3,"quantity_min":1,"quantity_max":1,"quantity_default":1,"priced_individually":false,"shipped_individually":false,"override_title":false,"title":"Juego de cables para unidad de potencia XBB - DT","override_description":false,"description":"","optional":false,"hide_thumbnail":false,"discount":"","override_variations":false,"allowed_variations":[],"override_default_variation_attributes":false,"default_variation_attributes":[],"single_product_visibility":"visible","cart_visibility":"visible","order_visibility":"visible","single_product_price_visibility":"visible","cart_price_visibility":"visible","order_price_visibility":"visible","stock_status":"in_stock"}],"bundle_sell_ids":[],"acf":[],"yoast_head":"<!-- This site is optimized with the Yoast SEO plugin v27.0 - https:\/\/yoast.com\/product\/yoast-seo-wordpress\/ -->\n<title>Ledrampspaket Luxtar Twilight | Yellow &gt;&gt;CANBUS<\/title>\n<meta name=\"robots\" content=\"index, follow, max-snippet:-1, max-image-preview:large, max-video-preview:-1\" \/>\n<link rel=\"canonical\" href=\"https:\/\/xenonkungen.com\/es\/producto\/paquete-de-rampa-led-luxtar-canbus-amarillo-crepuscular\/\" \/>\n<meta property=\"og:locale\" content=\"es_ES\" \/>\n<meta property=\"og:type\" content=\"article\" \/>\n<meta property=\"og:title\" content=\"Ledrampspaket Luxtar Twilight | Yellow &gt;&gt;CANBUS\" \/>\n<meta property=\"og:description\" content=\"Uppt\u00e4ck kraften i Luxtar Twilight | Yellow LED-lyspaketet &gt;&gt;CANBUS&lt;&lt; \u2013 en kraftfull l\u00f6sning f\u00f6r alla milj\u00f6er. Med 300W och 18 140 lumen s\u00e4kerst\u00e4ller denna LED-ramp maximal synlighet och tillf\u00f6rlitlighet \u00e4ven under de mest utmanande f\u00f6rh\u00e5llanden.\" \/>\n<meta property=\"og:url\" content=\"https:\/\/xenonkungen.com\/es\/producto\/paquete-de-rampa-led-luxtar-canbus-amarillo-crepuscular\/\" \/>\n<meta property=\"og:site_name\" content=\"Xenonkungen\" \/>\n<meta property=\"article:modified_time\" content=\"2026-04-24T20:21:49+00:00\" \/>\n<meta property=\"og:image\" content=\"https:\/\/xenonkungen.com\/wp-content\/uploads\/2025\/06\/XXC-Twilight-Y.png\" \/>\n\t<meta property=\"og:image:width\" content=\"1000\" \/>\n\t<meta property=\"og:image:height\" content=\"1000\" \/>\n\t<meta property=\"og:image:type\" content=\"image\/png\" \/>\n<meta name=\"twitter:card\" content=\"summary_large_image\" \/>\n<meta name=\"twitter:label1\" content=\"Tiempo de lectura\" \/>\n\t<meta name=\"twitter:data1\" content=\"2 minutos\" \/>\n<script type=\"application\/ld+json\" class=\"yoast-schema-graph\">{\"@context\":\"https:\/\/schema.org\",\"@graph\":[{\"@type\":\"WebPage\",\"@id\":\"https:\/\/xenonkungen.com\/produkt\/ledrampspaket-luxtar-twilight-yellow-canbus\/\",\"url\":\"https:\/\/xenonkungen.com\/produkt\/ledrampspaket-luxtar-twilight-yellow-canbus\/\",\"name\":\"Ledrampspaket Luxtar Twilight | Yellow >>CANBUS\",\"isPartOf\":{\"@id\":\"https:\/\/xenonkungen.com\/#website\"},\"primaryImageOfPage\":{\"@id\":\"https:\/\/xenonkungen.com\/produkt\/ledrampspaket-luxtar-twilight-yellow-canbus\/#primaryimage\"},\"image\":{\"@id\":\"https:\/\/xenonkungen.com\/produkt\/ledrampspaket-luxtar-twilight-yellow-canbus\/#primaryimage\"},\"thumbnailUrl\":\"https:\/\/xenonkungen.com\/wp-content\/uploads\/2025\/06\/XXC-Twilight-Y.png\",\"datePublished\":\"2025-08-25T14:19:35+00:00\",\"dateModified\":\"2026-04-24T20:21:49+00:00\",\"breadcrumb\":{\"@id\":\"https:\/\/xenonkungen.com\/produkt\/ledrampspaket-luxtar-twilight-yellow-canbus\/#breadcrumb\"},\"inLanguage\":\"es\",\"potentialAction\":[{\"@type\":\"ReadAction\",\"target\":[\"https:\/\/xenonkungen.com\/produkt\/ledrampspaket-luxtar-twilight-yellow-canbus\/\"]}]},{\"@type\":\"ImageObject\",\"inLanguage\":\"es\",\"@id\":\"https:\/\/xenonkungen.com\/produkt\/ledrampspaket-luxtar-twilight-yellow-canbus\/#primaryimage\",\"url\":\"https:\/\/xenonkungen.com\/wp-content\/uploads\/2025\/06\/XXC-Twilight-Y.png\",\"contentUrl\":\"https:\/\/xenonkungen.com\/wp-content\/uploads\/2025\/06\/XXC-Twilight-Y.png\",\"width\":1000,\"height\":1000},{\"@type\":\"BreadcrumbList\",\"@id\":\"https:\/\/xenonkungen.com\/produkt\/ledrampspaket-luxtar-twilight-yellow-canbus\/#breadcrumb\",\"itemListElement\":[{\"@type\":\"ListItem\",\"position\":1,\"name\":\"Hem\",\"item\":\"https:\/\/xenonkungen.com\/\"},{\"@type\":\"ListItem\",\"position\":2,\"name\":\"Shop\",\"item\":\"https:\/\/xenonkungen.com\/shop\/\"},{\"@type\":\"ListItem\",\"position\":3,\"name\":\"Ledrampspaket Luxtar Twilight | Yellow >>CANBUS\"}]},{\"@type\":\"WebSite\",\"@id\":\"https:\/\/xenonkungen.com\/#website\",\"url\":\"https:\/\/xenonkungen.com\/\",\"name\":\"Xenonkungen\",\"description\":\"\",\"potentialAction\":[{\"@type\":\"SearchAction\",\"target\":{\"@type\":\"EntryPoint\",\"urlTemplate\":\"https:\/\/xenonkungen.com\/?s={search_term_string}\"},\"query-input\":{\"@type\":\"PropertyValueSpecification\",\"valueRequired\":true,\"valueName\":\"search_term_string\"}}],\"inLanguage\":\"es\"}]}<\/script>\n<!-- \/ Yoast SEO plugin. -->","yoast_head_json":{"title":"Led paquete rampa Luxtar Twilight | Amarillo &gt;&gt;CANBUS","robots":{"index":"index","follow":"follow","max-snippet":"max-snippet:-1","max-image-preview":"max-image-preview:large","max-video-preview":"max-video-preview:-1"},"canonical":"https:\/\/xenonkungen.com\/es\/producto\/paquete-de-rampa-led-luxtar-canbus-amarillo-crepuscular\/","og_locale":"es_ES","og_type":"article","og_title":"Ledrampspaket Luxtar Twilight | Yellow >>CANBUS","og_description":"Uppt\u00e4ck kraften i Luxtar Twilight | Yellow LED-lyspaketet &gt;&gt;CANBUS&lt;&lt; \u2013 en kraftfull l\u00f6sning f\u00f6r alla milj\u00f6er. Med 300W och 18 140 lumen s\u00e4kerst\u00e4ller denna LED-ramp maximal synlighet och tillf\u00f6rlitlighet \u00e4ven under de mest utmanande f\u00f6rh\u00e5llanden.","og_url":"https:\/\/xenonkungen.com\/es\/producto\/paquete-de-rampa-led-luxtar-canbus-amarillo-crepuscular\/","og_site_name":"Xenonkungen","article_modified_time":"2026-04-24T20:21:49+00:00","og_image":[{"width":1000,"height":1000,"url":"https:\/\/xenonkungen.com\/wp-content\/uploads\/2025\/06\/XXC-Twilight-Y.png","type":"image\/png"}],"twitter_card":"summary_large_image","twitter_misc":{"Tiempo de lectura":"2 minutos"},"schema":{"@context":"https:\/\/schema.org","@graph":[{"@type":"WebPage","@id":"https:\/\/xenonkungen.com\/produkt\/ledrampspaket-luxtar-twilight-yellow-canbus\/","url":"https:\/\/xenonkungen.com\/produkt\/ledrampspaket-luxtar-twilight-yellow-canbus\/","name":"Led paquete rampa Luxtar Twilight | Amarillo &gt;&gt;CANBUS","isPartOf":{"@id":"https:\/\/xenonkungen.com\/#website"},"primaryImageOfPage":{"@id":"https:\/\/xenonkungen.com\/produkt\/ledrampspaket-luxtar-twilight-yellow-canbus\/#primaryimage"},"image":{"@id":"https:\/\/xenonkungen.com\/produkt\/ledrampspaket-luxtar-twilight-yellow-canbus\/#primaryimage"},"thumbnailUrl":"https:\/\/xenonkungen.com\/wp-content\/uploads\/2025\/06\/XXC-Twilight-Y.png","datePublished":"2025-08-25T14:19:35+00:00","dateModified":"2026-04-24T20:21:49+00:00","breadcrumb":{"@id":"https:\/\/xenonkungen.com\/produkt\/ledrampspaket-luxtar-twilight-yellow-canbus\/#breadcrumb"},"inLanguage":"es","potentialAction":[{"@type":"ReadAction","target":["https:\/\/xenonkungen.com\/produkt\/ledrampspaket-luxtar-twilight-yellow-canbus\/"]}]},{"@type":"ImageObject","inLanguage":"es","@id":"https:\/\/xenonkungen.com\/produkt\/ledrampspaket-luxtar-twilight-yellow-canbus\/#primaryimage","url":"https:\/\/xenonkungen.com\/wp-content\/uploads\/2025\/06\/XXC-Twilight-Y.png","contentUrl":"https:\/\/xenonkungen.com\/wp-content\/uploads\/2025\/06\/XXC-Twilight-Y.png","width":1000,"height":1000},{"@type":"BreadcrumbList","@id":"https:\/\/xenonkungen.com\/produkt\/ledrampspaket-luxtar-twilight-yellow-canbus\/#breadcrumb","itemListElement":[{"@type":"ListItem","position":1,"name":"Hem","item":"https:\/\/xenonkungen.com\/"},{"@type":"ListItem","position":2,"name":"Shop","item":"https:\/\/xenonkungen.com\/shop\/"},{"@type":"ListItem","position":3,"name":"Ledrampspaket Luxtar Twilight | Yellow >>CANBUS"}]},{"@type":"WebSite","@id":"https:\/\/xenonkungen.com\/#website","url":"https:\/\/xenonkungen.com\/","name":"Xenonkungen","description":"","potentialAction":[{"@type":"SearchAction","target":{"@type":"EntryPoint","urlTemplate":"https:\/\/xenonkungen.com\/?s={search_term_string}"},"query-input":{"@type":"PropertyValueSpecification","valueRequired":true,"valueName":"search_term_string"}}],"inLanguage":"es"}]}},"taxonomy_info":{"anvandningsomrade":[{"value":236,"label":"Entreprenad"},{"value":207,"label":"Husbil"},{"value":166,"label":"Lastbil"},{"value":167,"label":"PERSONBIL"},{"value":1915,"label":"Sk\u00e5pbil"}],"product_brand":[{"value":103,"label":"LUXTAR"}],"product_cat":[{"value":2539,"label":"LEDRAMPER"},{"value":2826,"label":"LUXTAR"},{"value":2542,"label":"Luxtar Twilight"},{"value":18,"label":"LED Ramper \/ Ljusramper"},{"value":20,"label":"Luxtar Twilight"},{"value":2159,"label":"LUXTAR Twilight"},{"value":1916,"label":"Ledrampspaket"}],"product_tag":[{"value":2726,"label":"produktpaket"}]},"featured_image_src_large":["https:\/\/xenonkungen.com\/wp-content\/uploads\/2025\/06\/XXC-Twilight-Y.png",1000,1000,false],"author_info":[],"comment_info":0,"_links":{"self":[{"href":"https:\/\/xenonkungen.com\/es\/wp-json\/wp\/v2\/product\/10301","targetHints":{"allow":["GET"]}}],"collection":[{"href":"https:\/\/xenonkungen.com\/es\/wp-json\/wp\/v2\/product"}],"about":[{"href":"https:\/\/xenonkungen.com\/es\/wp-json\/wp\/v2\/types\/product"}],"replies":[{"embeddable":true,"href":"https:\/\/xenonkungen.com\/es\/wp-json\/wp\/v2\/comments?post=10301"}],"wp:featuredmedia":[{"embeddable":true,"href":"https:\/\/xenonkungen.com\/es\/wp-json\/wp\/v2\/media\/10302"}],"wp:attachment":[{"href":"https:\/\/xenonkungen.com\/es\/wp-json\/wp\/v2\/media?parent=10301"}],"wp:term":[{"taxonomy":"anvandningsomrade","embeddable":true,"href":"https:\/\/xenonkungen.com\/es\/wp-json\/wp\/v2\/anvandningsomrade?post=10301"},{"taxonomy":"bilmarken","embeddable":true,"href":"https:\/\/xenonkungen.com\/es\/wp-json\/wp\/v2\/bilmarken?post=10301"},{"taxonomy":"product_brand","embeddable":true,"href":"https:\/\/xenonkungen.com\/es\/wp-json\/wp\/v2\/product_brand?post=10301"},{"taxonomy":"product_cat","embeddable":true,"href":"https:\/\/xenonkungen.com\/es\/wp-json\/wp\/v2\/product_cat?post=10301"},{"taxonomy":"product_tag","embeddable":true,"href":"https:\/\/xenonkungen.com\/es\/wp-json\/wp\/v2\/product_tag?post=10301"}],"curies":[{"name":"wp","href":"https:\/\/api.w.org\/{rel}","templated":true}]}}