{"id":10323,"date":"2025-08-26T06:35:03","date_gmt":"2025-08-26T06:35:03","guid":{"rendered":"https:\/\/xenonkungen.com\/?post_type=product&#038;p=10323"},"modified":"2026-04-11T00:05:05","modified_gmt":"2026-04-10T23:05:05","slug":"linterna-lazer-utility-50","status":"publish","type":"product","link":"https:\/\/xenonkungen.com\/es\/producto\/linterna-lazer-utility-50\/","title":{"rendered":"Lazer Utility-50 | Linterna"},"content":{"rendered":"<h2 data-start=\"211\" data-end=\"268\"><strong data-start=\"214\" data-end=\"266\">Lazer Utility-50 - Iluminaci\u00f3n de trabajo de nivel profesional<\/strong><\/h2>\n<p data-start=\"269\" data-end=\"635\">Experimente la potencia de la nueva generaci\u00f3n de iluminaci\u00f3n LED para tareas con <strong data-start=\"328\" data-end=\"348\">Lazer Utility-50<\/strong> - desarrollado para ofrecer el m\u00e1ximo rendimiento, durabilidad y visibilidad en los entornos de trabajo m\u00e1s exigentes. Con tecnolog\u00eda avanzada, dise\u00f1o compacto y extras inteligentes, el Utility-50 es la elecci\u00f3n perfecta para los usuarios profesionales del transporte, la construcci\u00f3n, los servicios de emergencia y la industria.<\/p>\n<hr data-start=\"637\" data-end=\"640\" \/>\n<h3 data-start=\"642\" data-end=\"702\"><strong data-start=\"646\" data-end=\"700\">Potente y eficaz: cuando la luz debe iluminar<\/strong><\/h3>\n<p data-start=\"703\" data-end=\"1010\">El Utility-50 est\u00e1 equipado con un sistema LED de alto rendimiento que proporciona hasta <strong data-start=\"777\" data-end=\"791\">5000 l\u00famenes<\/strong> - una potente y amplia salida de luz que ilumina el \u00e1rea de trabajo con precisi\u00f3n. El <strong data-start=\"876\" data-end=\"909\">color claro de luz diurna (5000 K)<\/strong> y la alta reproducci\u00f3n crom\u00e1tica facilitan la visi\u00f3n de los detalles, incluso durante largos turnos en la oscuridad.<\/p>\n<p data-start=\"1012\" data-end=\"1294\">Propiedad de Lazer <strong data-start=\"1034\" data-end=\"1058\">Sistema de refrigeraci\u00f3n CEA Matrix<\/strong> proporciona una disipaci\u00f3n t\u00e9rmica \u00f3ptima, maximizando la vida \u00fatil de la l\u00e1mpara y manteniendo un rendimiento lum\u00ednico constante a lo largo del tiempo. El dise\u00f1o tambi\u00e9n es ligero y compacto -s\u00f3lo 650 gramos-, lo que facilita la instalaci\u00f3n de la l\u00e1mpara, incluso en espacios reducidos.<\/p>\n<hr data-start=\"1296\" data-end=\"1299\" \/>\n<h3 data-start=\"1301\" data-end=\"1326\"><strong data-start=\"1305\" data-end=\"1326\">Caracter\u00edsticas principales:<\/strong><\/h3>\n<ul data-start=\"1328\" data-end=\"1551\">\n<li data-start=\"1328\" data-end=\"1353\">\n<p data-start=\"1330\" data-end=\"1353\">5000 l\u00famenes de luminosidad<\/p>\n<\/li>\n<li data-start=\"1354\" data-end=\"1378\">\n<p data-start=\"1356\" data-end=\"1378\">Potencia: 50 W \/ 3,6 A<\/p>\n<\/li>\n<li data-start=\"1379\" data-end=\"1406\">\n<p data-start=\"1381\" data-end=\"1406\">Rango de tensi\u00f3n: 9-32 V<\/p>\n<\/li>\n<li data-start=\"1407\" data-end=\"1450\">\n<p data-start=\"1409\" data-end=\"1450\">Temperatura de color: 5000 K (luz diurna clara)<\/p>\n<\/li>\n<li data-start=\"1451\" data-end=\"1488\">\n<p data-start=\"1453\" data-end=\"1488\">Vida \u00fatil: hasta 50 000 horas<\/p>\n<\/li>\n<li data-start=\"1489\" data-end=\"1511\">\n<p data-start=\"1491\" data-end=\"1511\">Peso: s\u00f3lo 650 g<\/p>\n<\/li>\n<li data-start=\"1512\" data-end=\"1551\">\n<p data-start=\"1514\" data-end=\"1551\">Homologado por la CEPE para uso en carretera y en el trabajo<\/p>\n<\/li>\n<\/ul>\n<hr data-start=\"1553\" data-end=\"1556\" \/>\n<h3 data-start=\"1558\" data-end=\"1622\"><strong data-start=\"1562\" data-end=\"1622\">Extras inteligentes: para aumentar la seguridad y la visibilidad<\/strong><\/h3>\n<p data-start=\"1624\" data-end=\"1840\"><strong data-start=\"1624\" data-end=\"1653\">Luz trasera roja (opcional):<\/strong><br data-start=\"1653\" data-end=\"1656\" \/>Ideal para montar en la parte trasera del veh\u00edculo. Las luces de contorno rojas integradas crean un aspecto \u00fanico y visible, al tiempo que aumentan la seguridad - homologado por <strong data-start=\"1819\" data-end=\"1839\">Reglamento 148-R1 de la CEPE<\/strong>.<\/p>\n<p data-start=\"1842\" data-end=\"2091\"><strong data-start=\"1842\" data-end=\"1878\">Luz amarilla intermitente (opcional):<\/strong><br data-start=\"1878\" data-end=\"1881\" \/>Dise\u00f1ado para advertir y ser visto en entornos peligrosos, como obras en carretera o emergencias. La funci\u00f3n intermitente est\u00e1 homologada seg\u00fan <strong data-start=\"2011\" data-end=\"2027\">Reg 65 de la CEPE<\/strong> y puede combinarse con una luz trasera roja para obtener la m\u00e1xima funcionalidad.<\/p>\n<hr data-start=\"2093\" data-end=\"2096\" \/>\n<h3 data-start=\"2098\" data-end=\"2144\"><strong data-start=\"2102\" data-end=\"2144\">Se suministra completo, listo para montar<\/strong><\/h3>\n<p>Cada Utility-50 viene con:<br data-start=\"2176\" data-end=\"2179\" \/>- Bombilla LED<br data-start=\"2191\" data-end=\"2194\" \/>- Negro satinado, soporte de montaje de acero inoxidable<br data-start=\"2234\" data-end=\"2237\" \/>- Pernos de montaje (fijos o sueltos M10, seg\u00fan elecci\u00f3n)<br data-start=\"2296\" data-end=\"2299\" \/>- Conectores Deutsch (hembra\/macho seg\u00fan modelo)<br data-start=\"2350\" data-end=\"2353\" \/>- Instrucciones de instalaci\u00f3n claras<\/p>\n<hr data-start=\"2387\" data-end=\"2390\" \/>\n<p data-start=\"2392\" data-end=\"2594\"><strong data-start=\"2392\" data-end=\"2541\">Utility-50 de Lazer es la iluminaci\u00f3n de trabajo m\u00e1s sofisticada, para quienes exigen un rendimiento y una fiabilidad sin concesiones en cada detalle.<\/strong><br data-start=\"2541\" data-end=\"2544\" \/>Listo para afrontar los retos de la vida cotidiana, de d\u00eda y de noche.<\/p>","protected":false},"excerpt":{"rendered":"<p>Lazer Utility-50 es una luz de trabajo LED potente y compacta, desarrollada para ofrecer una iluminaci\u00f3n fiable en entornos exigentes. Con una gran luminosidad, refrigeraci\u00f3n inteligente y funciones de seguridad opcionales, es una elecci\u00f3n obvia para los usuarios profesionales.<\/p>","protected":false},"featured_media":10324,"comment_status":"open","ping_status":"closed","template":"","meta":{"_acf_changed":false,"_smort_price_nok":"3044","_smort_price_dkk":"1934","_smort_price_eur":"259.08","_smort_sale_price_nok":"","_smort_sale_price_dkk":"","_smort_sale_price_eur":"","smort_restorder":"","shipmondo_restorder":"","_kad_blocks_custom_css":"","_kad_blocks_head_custom_js":"","_kad_blocks_body_custom_js":"","_kad_blocks_footer_custom_js":"","smort_custom_pricelist_1":"1824","smort_custom_pricelist_2":"1824","smort_custom_pricelist_3":"1824","smort_custom_pricelist_4":"2280","smort_custom_pricelist_5":"1824"},"anvandningsomrade":[1281,165,236,677,166,1915,973],"bilmarken":[],"product_brand":[1124],"product_cat":[508,934],"product_tag":[2788],"class_list":{"0":"post-10323","1":"product","2":"type-product","3":"status-publish","4":"has-post-thumbnail","6":"anvandningsomrade-arbetsfordon","7":"anvandningsomrade-atv","8":"anvandningsomrade-entreprenad","9":"anvandningsomrade-gravmaskin","10":"anvandningsomrade-lastbil","11":"anvandningsomrade-skapbil","12":"anvandningsomrade-traktorer","13":"product_brand-lazer","14":"product_cat-arbetsbelysning","15":"product_cat-blixtljus","16":"product_tag-black-week-exclude","18":"first","19":"onbackorder","20":"taxable","21":"shipping-taxable","22":"purchasable","23":"product-type-simple"},"bundled_by":[],"bundle_stock_status":"onbackorder","bundle_stock_quantity":0,"bundle_virtual":false,"bundle_layout":"","bundle_add_to_cart_form_location":"","bundle_editable_in_cart":false,"bundle_sold_individually_context":"","bundle_item_grouping":"","bundle_min_size":"","bundle_max_size":"","bundle_price":[],"bundled_items":[],"bundle_sell_ids":[],"acf":[],"yoast_head":"<!-- This site is optimized with the Yoast SEO plugin v27.0 - https:\/\/yoast.com\/product\/yoast-seo-wordpress\/ -->\n<title>Lazer Utility-50 | Blixtljus - Xenonkungen<\/title>\n<meta name=\"robots\" content=\"index, follow, max-snippet:-1, max-image-preview:large, max-video-preview:-1\" \/>\n<link rel=\"canonical\" href=\"https:\/\/xenonkungen.com\/es\/producto\/linterna-lazer-utility-50\/\" \/>\n<meta property=\"og:locale\" content=\"es_ES\" \/>\n<meta property=\"og:type\" content=\"article\" \/>\n<meta property=\"og:title\" content=\"Lazer Utility-50 | Blixtljus - Xenonkungen\" \/>\n<meta property=\"og:description\" content=\"Lazer Utility-50 \u00e4r en kraftfull och kompakt LED-arbetslampa, utvecklad f\u00f6r att leverera p\u00e5litlig belysning i kr\u00e4vande milj\u00f6er. Med h\u00f6g ljusstyrka, smart kylning och valbara s\u00e4kerhetsfunktioner \u00e4r den ett sj\u00e4lvklart val f\u00f6r professionella anv\u00e4ndare.\" \/>\n<meta property=\"og:url\" content=\"https:\/\/xenonkungen.com\/es\/producto\/linterna-lazer-utility-50\/\" \/>\n<meta property=\"og:site_name\" content=\"Xenonkungen\" \/>\n<meta property=\"article:modified_time\" content=\"2026-04-10T23:05:05+00:00\" \/>\n<meta property=\"og:image\" content=\"https:\/\/xenonkungen.com\/wp-content\/uploads\/2025\/06\/utility-50_standard_beacon_on_front_web_text.png\" \/>\n\t<meta property=\"og:image:width\" content=\"1000\" \/>\n\t<meta property=\"og:image:height\" content=\"750\" \/>\n\t<meta property=\"og:image:type\" content=\"image\/png\" \/>\n<meta name=\"twitter:card\" content=\"summary_large_image\" \/>\n<meta name=\"twitter:label1\" content=\"Tiempo de lectura\" \/>\n\t<meta name=\"twitter:data1\" content=\"2 minutos\" \/>\n<script type=\"application\/ld+json\" class=\"yoast-schema-graph\">{\"@context\":\"https:\/\/schema.org\",\"@graph\":[{\"@type\":\"WebPage\",\"@id\":\"https:\/\/xenonkungen.com\/en\/product\/lazer-utility-50-flashlight\/\",\"url\":\"https:\/\/xenonkungen.com\/en\/product\/lazer-utility-50-flashlight\/\",\"name\":\"Lazer Utility-50 | Blixtljus - Xenonkungen\",\"isPartOf\":{\"@id\":\"https:\/\/xenonkungen.com\/#website\"},\"primaryImageOfPage\":{\"@id\":\"https:\/\/xenonkungen.com\/en\/product\/lazer-utility-50-flashlight\/#primaryimage\"},\"image\":{\"@id\":\"https:\/\/xenonkungen.com\/en\/product\/lazer-utility-50-flashlight\/#primaryimage\"},\"thumbnailUrl\":\"https:\/\/xenonkungen.com\/wp-content\/uploads\/2025\/06\/utility-50_standard_beacon_on_front_web_text.png\",\"datePublished\":\"2025-08-26T06:35:03+00:00\",\"dateModified\":\"2026-04-10T23:05:05+00:00\",\"breadcrumb\":{\"@id\":\"https:\/\/xenonkungen.com\/en\/product\/lazer-utility-50-flashlight\/#breadcrumb\"},\"inLanguage\":\"es\",\"potentialAction\":[{\"@type\":\"ReadAction\",\"target\":[\"https:\/\/xenonkungen.com\/en\/product\/lazer-utility-50-flashlight\/\"]}]},{\"@type\":\"ImageObject\",\"inLanguage\":\"es\",\"@id\":\"https:\/\/xenonkungen.com\/en\/product\/lazer-utility-50-flashlight\/#primaryimage\",\"url\":\"https:\/\/xenonkungen.com\/wp-content\/uploads\/2025\/06\/utility-50_standard_beacon_on_front_web_text.png\",\"contentUrl\":\"https:\/\/xenonkungen.com\/wp-content\/uploads\/2025\/06\/utility-50_standard_beacon_on_front_web_text.png\",\"width\":1000,\"height\":750},{\"@type\":\"BreadcrumbList\",\"@id\":\"https:\/\/xenonkungen.com\/en\/product\/lazer-utility-50-flashlight\/#breadcrumb\",\"itemListElement\":[{\"@type\":\"ListItem\",\"position\":1,\"name\":\"Hem\",\"item\":\"https:\/\/xenonkungen.com\/\"},{\"@type\":\"ListItem\",\"position\":2,\"name\":\"Shop\",\"item\":\"https:\/\/xenonkungen.com\/shop\/\"},{\"@type\":\"ListItem\",\"position\":3,\"name\":\"Lazer Utility-50 | Blixtljus\"}]},{\"@type\":\"WebSite\",\"@id\":\"https:\/\/xenonkungen.com\/#website\",\"url\":\"https:\/\/xenonkungen.com\/\",\"name\":\"Xenonkungen\",\"description\":\"\",\"potentialAction\":[{\"@type\":\"SearchAction\",\"target\":{\"@type\":\"EntryPoint\",\"urlTemplate\":\"https:\/\/xenonkungen.com\/?s={search_term_string}\"},\"query-input\":{\"@type\":\"PropertyValueSpecification\",\"valueRequired\":true,\"valueName\":\"search_term_string\"}}],\"inLanguage\":\"es\"}]}<\/script>\n<!-- \/ Yoast SEO plugin. -->","yoast_head_json":{"title":"Lazer Utility-50 | Linterna - Xenon King","robots":{"index":"index","follow":"follow","max-snippet":"max-snippet:-1","max-image-preview":"max-image-preview:large","max-video-preview":"max-video-preview:-1"},"canonical":"https:\/\/xenonkungen.com\/es\/producto\/linterna-lazer-utility-50\/","og_locale":"es_ES","og_type":"article","og_title":"Lazer Utility-50 | Blixtljus - Xenonkungen","og_description":"Lazer Utility-50 \u00e4r en kraftfull och kompakt LED-arbetslampa, utvecklad f\u00f6r att leverera p\u00e5litlig belysning i kr\u00e4vande milj\u00f6er. Med h\u00f6g ljusstyrka, smart kylning och valbara s\u00e4kerhetsfunktioner \u00e4r den ett sj\u00e4lvklart val f\u00f6r professionella anv\u00e4ndare.","og_url":"https:\/\/xenonkungen.com\/es\/producto\/linterna-lazer-utility-50\/","og_site_name":"Xenonkungen","article_modified_time":"2026-04-10T23:05:05+00:00","og_image":[{"width":1000,"height":750,"url":"https:\/\/xenonkungen.com\/wp-content\/uploads\/2025\/06\/utility-50_standard_beacon_on_front_web_text.png","type":"image\/png"}],"twitter_card":"summary_large_image","twitter_misc":{"Tiempo de lectura":"2 minutos"},"schema":{"@context":"https:\/\/schema.org","@graph":[{"@type":"WebPage","@id":"https:\/\/xenonkungen.com\/en\/product\/lazer-utility-50-flashlight\/","url":"https:\/\/xenonkungen.com\/en\/product\/lazer-utility-50-flashlight\/","name":"Lazer Utility-50 | Linterna - Xenon King","isPartOf":{"@id":"https:\/\/xenonkungen.com\/#website"},"primaryImageOfPage":{"@id":"https:\/\/xenonkungen.com\/en\/product\/lazer-utility-50-flashlight\/#primaryimage"},"image":{"@id":"https:\/\/xenonkungen.com\/en\/product\/lazer-utility-50-flashlight\/#primaryimage"},"thumbnailUrl":"https:\/\/xenonkungen.com\/wp-content\/uploads\/2025\/06\/utility-50_standard_beacon_on_front_web_text.png","datePublished":"2025-08-26T06:35:03+00:00","dateModified":"2026-04-10T23:05:05+00:00","breadcrumb":{"@id":"https:\/\/xenonkungen.com\/en\/product\/lazer-utility-50-flashlight\/#breadcrumb"},"inLanguage":"es","potentialAction":[{"@type":"ReadAction","target":["https:\/\/xenonkungen.com\/en\/product\/lazer-utility-50-flashlight\/"]}]},{"@type":"ImageObject","inLanguage":"es","@id":"https:\/\/xenonkungen.com\/en\/product\/lazer-utility-50-flashlight\/#primaryimage","url":"https:\/\/xenonkungen.com\/wp-content\/uploads\/2025\/06\/utility-50_standard_beacon_on_front_web_text.png","contentUrl":"https:\/\/xenonkungen.com\/wp-content\/uploads\/2025\/06\/utility-50_standard_beacon_on_front_web_text.png","width":1000,"height":750},{"@type":"BreadcrumbList","@id":"https:\/\/xenonkungen.com\/en\/product\/lazer-utility-50-flashlight\/#breadcrumb","itemListElement":[{"@type":"ListItem","position":1,"name":"Hem","item":"https:\/\/xenonkungen.com\/"},{"@type":"ListItem","position":2,"name":"Shop","item":"https:\/\/xenonkungen.com\/shop\/"},{"@type":"ListItem","position":3,"name":"Lazer Utility-50 | Blixtljus"}]},{"@type":"WebSite","@id":"https:\/\/xenonkungen.com\/#website","url":"https:\/\/xenonkungen.com\/","name":"Xenonkungen","description":"","potentialAction":[{"@type":"SearchAction","target":{"@type":"EntryPoint","urlTemplate":"https:\/\/xenonkungen.com\/?s={search_term_string}"},"query-input":{"@type":"PropertyValueSpecification","valueRequired":true,"valueName":"search_term_string"}}],"inLanguage":"es"}]}},"taxonomy_info":{"anvandningsomrade":[{"value":1281,"label":"Arbetsfordon"},{"value":165,"label":"ATV"},{"value":236,"label":"Entreprenad"},{"value":677,"label":"Gr\u00e4vmaskin"},{"value":166,"label":"Lastbil"},{"value":1915,"label":"Sk\u00e5pbil"},{"value":973,"label":"traktorer"}],"product_brand":[{"value":1124,"label":"Lazer"}],"product_cat":[{"value":508,"label":"Arbetsbelysning"},{"value":934,"label":"Blixtljus"}],"product_tag":[{"value":2788,"label":"black-week-exclude"}]},"featured_image_src_large":["https:\/\/xenonkungen.com\/wp-content\/uploads\/2025\/06\/utility-50_standard_beacon_on_front_web_text.png",1000,750,false],"author_info":[],"comment_info":0,"_links":{"self":[{"href":"https:\/\/xenonkungen.com\/es\/wp-json\/wp\/v2\/product\/10323","targetHints":{"allow":["GET"]}}],"collection":[{"href":"https:\/\/xenonkungen.com\/es\/wp-json\/wp\/v2\/product"}],"about":[{"href":"https:\/\/xenonkungen.com\/es\/wp-json\/wp\/v2\/types\/product"}],"replies":[{"embeddable":true,"href":"https:\/\/xenonkungen.com\/es\/wp-json\/wp\/v2\/comments?post=10323"}],"wp:featuredmedia":[{"embeddable":true,"href":"https:\/\/xenonkungen.com\/es\/wp-json\/wp\/v2\/media\/10324"}],"wp:attachment":[{"href":"https:\/\/xenonkungen.com\/es\/wp-json\/wp\/v2\/media?parent=10323"}],"wp:term":[{"taxonomy":"anvandningsomrade","embeddable":true,"href":"https:\/\/xenonkungen.com\/es\/wp-json\/wp\/v2\/anvandningsomrade?post=10323"},{"taxonomy":"bilmarken","embeddable":true,"href":"https:\/\/xenonkungen.com\/es\/wp-json\/wp\/v2\/bilmarken?post=10323"},{"taxonomy":"product_brand","embeddable":true,"href":"https:\/\/xenonkungen.com\/es\/wp-json\/wp\/v2\/product_brand?post=10323"},{"taxonomy":"product_cat","embeddable":true,"href":"https:\/\/xenonkungen.com\/es\/wp-json\/wp\/v2\/product_cat?post=10323"},{"taxonomy":"product_tag","embeddable":true,"href":"https:\/\/xenonkungen.com\/es\/wp-json\/wp\/v2\/product_tag?post=10323"}],"curies":[{"name":"wp","href":"https:\/\/api.w.org\/{rel}","templated":true}]}}