{"id":10327,"date":"2025-08-14T13:57:55","date_gmt":"2025-08-14T13:57:55","guid":{"rendered":"https:\/\/xenonkungen.com\/?post_type=product&#038;p=10327"},"modified":"2026-04-21T17:03:25","modified_gmt":"2026-04-21T16:03:25","slug":"rampa-de-luz-extra-led-blanca-ozz-lp1-20","status":"publish","type":"product","link":"https:\/\/xenonkungen.com\/es\/producto\/rampa-de-luz-extra-led-blanca-ozz-lp1-20\/","title":{"rendered":"OZZ LP1 20\" Rampa Extra Ligera Led - Blanco"},"content":{"rendered":"<h1>Descubra lo \u00faltimo en iluminaci\u00f3n auxiliar con la barra de luz LED OZZ LP1 de 20\u2033.<\/h1>\n<h4>Barra de luz LED con tecnolog\u00eda de vanguardia y dise\u00f1o elegante<\/h4>\n<p>Combinando tecnolog\u00eda de vanguardia con un dise\u00f1o elegante, esta barra de luz ofrece 4880 l\u00famenes reales y un patr\u00f3n de luz combinado para una visibilidad \u00f3ptima, con un alcance de hasta 450 metros. Esta barra de luz LED se integra a la perfecci\u00f3n con el soporte de matr\u00edcula incluido, combinando estilo y funcionalidad.<\/p>\n<h4>Dise\u00f1ado para condiciones dif\u00edciles<\/h4>\n<p>Dise\u00f1ada para soportar condiciones extremas, esta barra de luz cuenta con una carcasa de aluminio y una lente de policarbonato con clasificaci\u00f3n IP68\/IP69K. Compatible con veh\u00edculos de 10-32 V CC, incluye un conector DT3 y un cable de 2 m para una f\u00e1cil instalaci\u00f3n.<\/p>\n<h5>Certificado ECE R112 y de f\u00e1cil instalaci\u00f3n<\/h5>\n<p>El OZZ LP1 cumple con la norma ECE R112 y garantiza un rendimiento fiable en carretera. Olv\u00eddate de los l\u00edos de cables: el LP1 viene preintegrado para una instalaci\u00f3n sencilla y sin afectar al veh\u00edculo, ideal para coches de alquiler.<\/p>","protected":false},"excerpt":{"rendered":"<p>Integrado con soporte de matr\u00edcula<\/p>","protected":false},"featured_media":10330,"comment_status":"open","ping_status":"closed","template":"","meta":{"_acf_changed":false,"_smort_price_nok":"2969","_smort_price_dkk":"1886","_smort_price_eur":"252.72","_smort_sale_price_nok":"","_smort_sale_price_dkk":"","_smort_sale_price_eur":"","smort_restorder":"","shipmondo_restorder":"","_kad_blocks_custom_css":"","_kad_blocks_head_custom_js":"","_kad_blocks_body_custom_js":"","_kad_blocks_footer_custom_js":"","smort_custom_pricelist_1":"1779.2","smort_custom_pricelist_2":"1779.2","smort_custom_pricelist_3":"1779.2","smort_custom_pricelist_4":"2224","smort_custom_pricelist_5":"1779.2"},"anvandningsomrade":[207,166,167,1915],"bilmarken":[],"product_brand":[1051,109],"product_cat":[2966,2965,18],"product_tag":[2788],"class_list":{"0":"post-10327","1":"product","2":"type-product","3":"status-publish","4":"has-post-thumbnail","6":"anvandningsomrade-husbil","7":"anvandningsomrade-lastbil","8":"anvandningsomrade-personbil","9":"anvandningsomrade-skapbil","10":"product_brand-ozz","11":"product_brand-ozz-lights","12":"product_cat-ledramp-rak","13":"product_cat-regplatsramp","14":"product_cat-led-ramper-ljusramper","15":"product_tag-black-week-exclude","17":"first","18":"instock","19":"taxable","20":"shipping-taxable","21":"purchasable","22":"product-type-simple"},"bundled_by":[],"bundle_stock_status":"instock","bundle_stock_quantity":1,"bundle_virtual":false,"bundle_layout":"","bundle_add_to_cart_form_location":"","bundle_editable_in_cart":false,"bundle_sold_individually_context":"","bundle_item_grouping":"","bundle_min_size":"","bundle_max_size":"","bundle_price":[],"bundled_items":[],"bundle_sell_ids":[],"acf":[],"yoast_head":"<!-- This site is optimized with the Yoast SEO plugin v27.0 - https:\/\/yoast.com\/product\/yoast-seo-wordpress\/ -->\n<title>OZZ LP1 20\u201d Extraljusramp Led - Vit - Xenonkungen<\/title>\n<meta name=\"robots\" content=\"index, follow, max-snippet:-1, max-image-preview:large, max-video-preview:-1\" \/>\n<link rel=\"canonical\" href=\"https:\/\/xenonkungen.com\/es\/producto\/rampa-de-luz-extra-led-blanca-ozz-lp1-20\/\" \/>\n<meta property=\"og:locale\" content=\"es_ES\" \/>\n<meta property=\"og:type\" content=\"article\" \/>\n<meta property=\"og:title\" content=\"OZZ LP1 20\u201d Extraljusramp Led - Vit - Xenonkungen\" \/>\n<meta property=\"og:description\" content=\"Integrerade med nummerskyltsf\u00e4ste\" \/>\n<meta property=\"og:url\" content=\"https:\/\/xenonkungen.com\/es\/producto\/rampa-de-luz-extra-led-blanca-ozz-lp1-20\/\" \/>\n<meta property=\"og:site_name\" content=\"Xenonkungen\" \/>\n<meta property=\"article:modified_time\" content=\"2026-04-21T16:03:25+00:00\" \/>\n<meta property=\"og:image\" content=\"https:\/\/xenonkungen.com\/wp-content\/uploads\/2025\/06\/88217.png\" \/>\n\t<meta property=\"og:image:width\" content=\"900\" \/>\n\t<meta property=\"og:image:height\" content=\"900\" \/>\n\t<meta property=\"og:image:type\" content=\"image\/png\" \/>\n<meta name=\"twitter:card\" content=\"summary_large_image\" \/>\n<meta name=\"twitter:label1\" content=\"Tiempo de lectura\" \/>\n\t<meta name=\"twitter:data1\" content=\"1 minuto\" \/>\n<script type=\"application\/ld+json\" class=\"yoast-schema-graph\">{\"@context\":\"https:\/\/schema.org\",\"@graph\":[{\"@type\":\"WebPage\",\"@id\":\"https:\/\/xenonkungen.com\/produkt\/ozz-lp1-20-extraljusramp-led-vit\/\",\"url\":\"https:\/\/xenonkungen.com\/produkt\/ozz-lp1-20-extraljusramp-led-vit\/\",\"name\":\"OZZ LP1 20\u201d Extraljusramp Led - Vit - Xenonkungen\",\"isPartOf\":{\"@id\":\"https:\/\/xenonkungen.com\/#website\"},\"primaryImageOfPage\":{\"@id\":\"https:\/\/xenonkungen.com\/produkt\/ozz-lp1-20-extraljusramp-led-vit\/#primaryimage\"},\"image\":{\"@id\":\"https:\/\/xenonkungen.com\/produkt\/ozz-lp1-20-extraljusramp-led-vit\/#primaryimage\"},\"thumbnailUrl\":\"https:\/\/xenonkungen.com\/wp-content\/uploads\/2025\/06\/88217.png\",\"datePublished\":\"2025-08-14T13:57:55+00:00\",\"dateModified\":\"2026-04-21T16:03:25+00:00\",\"breadcrumb\":{\"@id\":\"https:\/\/xenonkungen.com\/produkt\/ozz-lp1-20-extraljusramp-led-vit\/#breadcrumb\"},\"inLanguage\":\"es\",\"potentialAction\":[{\"@type\":\"ReadAction\",\"target\":[\"https:\/\/xenonkungen.com\/produkt\/ozz-lp1-20-extraljusramp-led-vit\/\"]}]},{\"@type\":\"ImageObject\",\"inLanguage\":\"es\",\"@id\":\"https:\/\/xenonkungen.com\/produkt\/ozz-lp1-20-extraljusramp-led-vit\/#primaryimage\",\"url\":\"https:\/\/xenonkungen.com\/wp-content\/uploads\/2025\/06\/88217.png\",\"contentUrl\":\"https:\/\/xenonkungen.com\/wp-content\/uploads\/2025\/06\/88217.png\",\"width\":900,\"height\":900},{\"@type\":\"BreadcrumbList\",\"@id\":\"https:\/\/xenonkungen.com\/produkt\/ozz-lp1-20-extraljusramp-led-vit\/#breadcrumb\",\"itemListElement\":[{\"@type\":\"ListItem\",\"position\":1,\"name\":\"Hem\",\"item\":\"https:\/\/xenonkungen.com\/\"},{\"@type\":\"ListItem\",\"position\":2,\"name\":\"Shop\",\"item\":\"https:\/\/xenonkungen.com\/shop\/\"},{\"@type\":\"ListItem\",\"position\":3,\"name\":\"OZZ LP1 20\u201d Extraljusramp Led &#8211; Vit\"}]},{\"@type\":\"WebSite\",\"@id\":\"https:\/\/xenonkungen.com\/#website\",\"url\":\"https:\/\/xenonkungen.com\/\",\"name\":\"Xenonkungen\",\"description\":\"\",\"potentialAction\":[{\"@type\":\"SearchAction\",\"target\":{\"@type\":\"EntryPoint\",\"urlTemplate\":\"https:\/\/xenonkungen.com\/?s={search_term_string}\"},\"query-input\":{\"@type\":\"PropertyValueSpecification\",\"valueRequired\":true,\"valueName\":\"search_term_string\"}}],\"inLanguage\":\"es\"}]}<\/script>\n<!-- \/ Yoast SEO plugin. -->","yoast_head_json":{"title":"Barra de luz auxiliar LED OZZ LP1 de 20 pulgadas, blanca, de xen\u00f3n","robots":{"index":"index","follow":"follow","max-snippet":"max-snippet:-1","max-image-preview":"max-image-preview:large","max-video-preview":"max-video-preview:-1"},"canonical":"https:\/\/xenonkungen.com\/es\/producto\/rampa-de-luz-extra-led-blanca-ozz-lp1-20\/","og_locale":"es_ES","og_type":"article","og_title":"OZZ LP1 20\u201d Extraljusramp Led - Vit - Xenonkungen","og_description":"Integrerade med nummerskyltsf\u00e4ste","og_url":"https:\/\/xenonkungen.com\/es\/producto\/rampa-de-luz-extra-led-blanca-ozz-lp1-20\/","og_site_name":"Xenonkungen","article_modified_time":"2026-04-21T16:03:25+00:00","og_image":[{"width":900,"height":900,"url":"https:\/\/xenonkungen.com\/wp-content\/uploads\/2025\/06\/88217.png","type":"image\/png"}],"twitter_card":"summary_large_image","twitter_misc":{"Tiempo de lectura":"1 minuto"},"schema":{"@context":"https:\/\/schema.org","@graph":[{"@type":"WebPage","@id":"https:\/\/xenonkungen.com\/produkt\/ozz-lp1-20-extraljusramp-led-vit\/","url":"https:\/\/xenonkungen.com\/produkt\/ozz-lp1-20-extraljusramp-led-vit\/","name":"Barra de luz auxiliar LED OZZ LP1 de 20 pulgadas, blanca, de xen\u00f3n","isPartOf":{"@id":"https:\/\/xenonkungen.com\/#website"},"primaryImageOfPage":{"@id":"https:\/\/xenonkungen.com\/produkt\/ozz-lp1-20-extraljusramp-led-vit\/#primaryimage"},"image":{"@id":"https:\/\/xenonkungen.com\/produkt\/ozz-lp1-20-extraljusramp-led-vit\/#primaryimage"},"thumbnailUrl":"https:\/\/xenonkungen.com\/wp-content\/uploads\/2025\/06\/88217.png","datePublished":"2025-08-14T13:57:55+00:00","dateModified":"2026-04-21T16:03:25+00:00","breadcrumb":{"@id":"https:\/\/xenonkungen.com\/produkt\/ozz-lp1-20-extraljusramp-led-vit\/#breadcrumb"},"inLanguage":"es","potentialAction":[{"@type":"ReadAction","target":["https:\/\/xenonkungen.com\/produkt\/ozz-lp1-20-extraljusramp-led-vit\/"]}]},{"@type":"ImageObject","inLanguage":"es","@id":"https:\/\/xenonkungen.com\/produkt\/ozz-lp1-20-extraljusramp-led-vit\/#primaryimage","url":"https:\/\/xenonkungen.com\/wp-content\/uploads\/2025\/06\/88217.png","contentUrl":"https:\/\/xenonkungen.com\/wp-content\/uploads\/2025\/06\/88217.png","width":900,"height":900},{"@type":"BreadcrumbList","@id":"https:\/\/xenonkungen.com\/produkt\/ozz-lp1-20-extraljusramp-led-vit\/#breadcrumb","itemListElement":[{"@type":"ListItem","position":1,"name":"Hem","item":"https:\/\/xenonkungen.com\/"},{"@type":"ListItem","position":2,"name":"Shop","item":"https:\/\/xenonkungen.com\/shop\/"},{"@type":"ListItem","position":3,"name":"OZZ LP1 20\u201d Extraljusramp Led &#8211; Vit"}]},{"@type":"WebSite","@id":"https:\/\/xenonkungen.com\/#website","url":"https:\/\/xenonkungen.com\/","name":"Xenonkungen","description":"","potentialAction":[{"@type":"SearchAction","target":{"@type":"EntryPoint","urlTemplate":"https:\/\/xenonkungen.com\/?s={search_term_string}"},"query-input":{"@type":"PropertyValueSpecification","valueRequired":true,"valueName":"search_term_string"}}],"inLanguage":"es"}]}},"taxonomy_info":{"anvandningsomrade":[{"value":207,"label":"Husbil"},{"value":166,"label":"Lastbil"},{"value":167,"label":"PERSONBIL"},{"value":1915,"label":"Sk\u00e5pbil"}],"product_brand":[{"value":1051,"label":"OZZ"},{"value":109,"label":"OZZ LIGHTS"}],"product_cat":[{"value":2966,"label":"Ledramp Rak"},{"value":2965,"label":"Regpl\u00e5tsramp"},{"value":18,"label":"LED Ramper \/ Ljusramper"}],"product_tag":[{"value":2788,"label":"black-week-exclude"}]},"featured_image_src_large":["https:\/\/xenonkungen.com\/wp-content\/uploads\/2025\/06\/88217.png",900,900,false],"author_info":[],"comment_info":0,"_links":{"self":[{"href":"https:\/\/xenonkungen.com\/es\/wp-json\/wp\/v2\/product\/10327","targetHints":{"allow":["GET"]}}],"collection":[{"href":"https:\/\/xenonkungen.com\/es\/wp-json\/wp\/v2\/product"}],"about":[{"href":"https:\/\/xenonkungen.com\/es\/wp-json\/wp\/v2\/types\/product"}],"replies":[{"embeddable":true,"href":"https:\/\/xenonkungen.com\/es\/wp-json\/wp\/v2\/comments?post=10327"}],"wp:featuredmedia":[{"embeddable":true,"href":"https:\/\/xenonkungen.com\/es\/wp-json\/wp\/v2\/media\/10330"}],"wp:attachment":[{"href":"https:\/\/xenonkungen.com\/es\/wp-json\/wp\/v2\/media?parent=10327"}],"wp:term":[{"taxonomy":"anvandningsomrade","embeddable":true,"href":"https:\/\/xenonkungen.com\/es\/wp-json\/wp\/v2\/anvandningsomrade?post=10327"},{"taxonomy":"bilmarken","embeddable":true,"href":"https:\/\/xenonkungen.com\/es\/wp-json\/wp\/v2\/bilmarken?post=10327"},{"taxonomy":"product_brand","embeddable":true,"href":"https:\/\/xenonkungen.com\/es\/wp-json\/wp\/v2\/product_brand?post=10327"},{"taxonomy":"product_cat","embeddable":true,"href":"https:\/\/xenonkungen.com\/es\/wp-json\/wp\/v2\/product_cat?post=10327"},{"taxonomy":"product_tag","embeddable":true,"href":"https:\/\/xenonkungen.com\/es\/wp-json\/wp\/v2\/product_tag?post=10327"}],"curies":[{"name":"wp","href":"https:\/\/api.w.org\/{rel}","templated":true}]}}