{"id":1135,"date":"2025-04-15T07:58:48","date_gmt":"2025-04-15T07:58:48","guid":{"rendered":"https:\/\/xenonkungen.com\/product\/luxtar-genesis-hb1-9004-gen2\/"},"modified":"2026-04-24T16:46:38","modified_gmt":"2026-04-24T15:46:38","slug":"luxtar-genesis-hb1-9004-gen2","status":"publish","type":"product","link":"https:\/\/xenonkungen.com\/es\/producto\/luxtar-genesis-hb1-9004-gen2\/","title":{"rendered":"LUXTAR\u00ae GENESIS HB1 \/ 9004 (Gen2)"},"content":{"rendered":"<p>Luxtar LED Genesis es lo \u00faltimo en tecnolog\u00eda de conversi\u00f3n LED. Con su dise\u00f1o inteligente y gran rendimiento, le da a su coche un impulso de rendimiento muy necesario. F\u00e1cil de instalar, gracias al dise\u00f1o modular inteligente. <\/p>\n<p>La imagen luminosa es igual que antes, s\u00f3lo que muy mejorada. Proporciona una luz blanca brillante con un color de luz de 6000k, que hace juego con los nuevos coches con LED. Disponible en todas las tomas m\u00e1s populares.<\/p>\n<p><strong>Especificaci\u00f3n<\/strong><br \/>Voltios: 12\/24 V CC<br \/>Potencia del diodo: 50 W<br \/>Flujo luminoso, real: 3500\u00b1100 l\u00famenes<br \/>Temperatura de color: 6500K<br \/>Patr\u00f3n de luz: 360\u00b0 omnidireccional<br \/>E-approved: No<br \/>Canbus: No<br \/>Temperatura de trabajo -40 a 150c<br \/>Certificado: IP68 | RoHS | CE<br \/>Garant\u00eda: 2 a\u00f1os<\/p>\n<p>Contenido: 2 bombillas LED Luxtar Genesis Gen.2 HB2<\/p>\n<p><strong>Campo de aplicaci\u00f3n:<\/strong><br \/>Todo tipo de veh\u00edculos de 12V y 24V con luces altas, bajas, antiniebla con o sin monitorizaci\u00f3n CANBUS.<\/p>","protected":false},"excerpt":{"rendered":"<p>Conversi\u00f3n a LED para coches equipados con 9004 \/ HB1<\/p>","protected":false},"featured_media":1136,"comment_status":"closed","ping_status":"closed","template":"","meta":{"_acf_changed":false,"_smort_price_nok":"1597","_smort_price_dkk":"1014","_smort_price_eur":"135.9","_smort_sale_price_nok":"","_smort_sale_price_dkk":"","_smort_sale_price_eur":"","smort_restorder":"","shipmondo_restorder":"","_kad_blocks_custom_css":"","_kad_blocks_head_custom_js":"","_kad_blocks_body_custom_js":"","_kad_blocks_footer_custom_js":"","smort_custom_pricelist_1":"956.8","smort_custom_pricelist_2":"837.2","smort_custom_pricelist_3":"795.34","smort_custom_pricelist_4":"1196","smort_custom_pricelist_5":"837.2"},"anvandningsomrade":[],"bilmarken":[],"product_brand":[103],"product_cat":[2451,2826,733],"product_tag":[],"class_list":{"0":"post-1135","1":"product","2":"type-product","3":"status-publish","4":"has-post-thumbnail","6":"product_brand-luxtar","7":"product_cat-led-konvertering","8":"product_cat-luxtar","9":"product_cat-halvljus-helljus","10":"pa_fuktskydd-varde-ipxx-ip68","11":"pa_godkannande-ce-rohs","12":"pa_lampsockel-kontakt-hb1-9004","13":"pa_led-chips-effekt-w-355","14":"pa_volt-v-12-24-multivolt","16":"first","17":"instock","18":"taxable","19":"shipping-taxable","20":"purchasable","21":"product-type-simple"},"bundled_by":[],"bundle_stock_status":"instock","bundle_stock_quantity":4,"bundle_virtual":false,"bundle_layout":"","bundle_add_to_cart_form_location":"","bundle_editable_in_cart":false,"bundle_sold_individually_context":"","bundle_item_grouping":"","bundle_min_size":"","bundle_max_size":"","bundle_price":[],"bundled_items":[],"bundle_sell_ids":[],"acf":[],"yoast_head":"<!-- This site is optimized with the Yoast SEO plugin v27.0 - https:\/\/yoast.com\/product\/yoast-seo-wordpress\/ -->\n<title>LUXTAR\u00ae GENESIS HB1 \/ 9004 (Gen2) - Xenonkungen<\/title>\n<meta name=\"robots\" content=\"index, follow, max-snippet:-1, max-image-preview:large, max-video-preview:-1\" \/>\n<link rel=\"canonical\" href=\"https:\/\/xenonkungen.com\/es\/producto\/luxtar-genesis-hb1-9004-gen2\/\" \/>\n<meta property=\"og:locale\" content=\"es_ES\" \/>\n<meta property=\"og:type\" content=\"article\" \/>\n<meta property=\"og:title\" content=\"LUXTAR\u00ae GENESIS HB1 \/ 9004 (Gen2) - Xenonkungen\" \/>\n<meta property=\"og:description\" content=\"LEDkonvertering f\u00f6r 9004 \/ HB1 utrustade bilar\" \/>\n<meta property=\"og:url\" content=\"https:\/\/xenonkungen.com\/es\/producto\/luxtar-genesis-hb1-9004-gen2\/\" \/>\n<meta property=\"og:site_name\" content=\"Xenonkungen\" \/>\n<meta property=\"article:modified_time\" content=\"2026-04-24T15:46:38+00:00\" \/>\n<meta property=\"og:image\" content=\"https:\/\/xenonkungen.com\/wp-content\/uploads\/2025\/04\/192941752-origpic-75bf4e.png\" \/>\n\t<meta property=\"og:image:width\" content=\"992\" \/>\n\t<meta property=\"og:image:height\" content=\"1000\" \/>\n\t<meta property=\"og:image:type\" content=\"image\/png\" \/>\n<meta name=\"twitter:card\" content=\"summary_large_image\" \/>\n<meta name=\"twitter:label1\" content=\"Tiempo de lectura\" \/>\n\t<meta name=\"twitter:data1\" content=\"1 minuto\" \/>\n<script type=\"application\/ld+json\" class=\"yoast-schema-graph\">{\"@context\":\"https:\/\/schema.org\",\"@graph\":[{\"@type\":\"WebPage\",\"@id\":\"https:\/\/xenonkungen.com\/produkt\/luxtar-genesis-hb1-9004-gen2\/\",\"url\":\"https:\/\/xenonkungen.com\/produkt\/luxtar-genesis-hb1-9004-gen2\/\",\"name\":\"LUXTAR\u00ae GENESIS HB1 \/ 9004 (Gen2) - Xenonkungen\",\"isPartOf\":{\"@id\":\"https:\/\/xenonkungen.com\/#website\"},\"primaryImageOfPage\":{\"@id\":\"https:\/\/xenonkungen.com\/produkt\/luxtar-genesis-hb1-9004-gen2\/#primaryimage\"},\"image\":{\"@id\":\"https:\/\/xenonkungen.com\/produkt\/luxtar-genesis-hb1-9004-gen2\/#primaryimage\"},\"thumbnailUrl\":\"https:\/\/xenonkungen.com\/wp-content\/uploads\/2025\/04\/192941752-origpic-75bf4e.png\",\"datePublished\":\"2025-04-15T07:58:48+00:00\",\"dateModified\":\"2026-04-24T15:46:38+00:00\",\"breadcrumb\":{\"@id\":\"https:\/\/xenonkungen.com\/produkt\/luxtar-genesis-hb1-9004-gen2\/#breadcrumb\"},\"inLanguage\":\"es\",\"potentialAction\":[{\"@type\":\"ReadAction\",\"target\":[\"https:\/\/xenonkungen.com\/produkt\/luxtar-genesis-hb1-9004-gen2\/\"]}]},{\"@type\":\"ImageObject\",\"inLanguage\":\"es\",\"@id\":\"https:\/\/xenonkungen.com\/produkt\/luxtar-genesis-hb1-9004-gen2\/#primaryimage\",\"url\":\"https:\/\/xenonkungen.com\/wp-content\/uploads\/2025\/04\/192941752-origpic-75bf4e.png\",\"contentUrl\":\"https:\/\/xenonkungen.com\/wp-content\/uploads\/2025\/04\/192941752-origpic-75bf4e.png\",\"width\":992,\"height\":1000},{\"@type\":\"BreadcrumbList\",\"@id\":\"https:\/\/xenonkungen.com\/produkt\/luxtar-genesis-hb1-9004-gen2\/#breadcrumb\",\"itemListElement\":[{\"@type\":\"ListItem\",\"position\":1,\"name\":\"Hem\",\"item\":\"https:\/\/xenonkungen.com\/\"},{\"@type\":\"ListItem\",\"position\":2,\"name\":\"Shop\",\"item\":\"https:\/\/xenonkungen.com\/shop\/\"},{\"@type\":\"ListItem\",\"position\":3,\"name\":\"LUXTAR\u00ae GENESIS HB1 \/ 9004 (Gen2)\"}]},{\"@type\":\"WebSite\",\"@id\":\"https:\/\/xenonkungen.com\/#website\",\"url\":\"https:\/\/xenonkungen.com\/\",\"name\":\"Xenonkungen\",\"description\":\"\",\"potentialAction\":[{\"@type\":\"SearchAction\",\"target\":{\"@type\":\"EntryPoint\",\"urlTemplate\":\"https:\/\/xenonkungen.com\/?s={search_term_string}\"},\"query-input\":{\"@type\":\"PropertyValueSpecification\",\"valueRequired\":true,\"valueName\":\"search_term_string\"}}],\"inLanguage\":\"es\"}]}<\/script>\n<!-- \/ Yoast SEO plugin. -->","yoast_head_json":{"title":"LUXTAR\u00ae GENESIS HB1 \/ 9004 (Gen2) - El rey del xen\u00f3n","robots":{"index":"index","follow":"follow","max-snippet":"max-snippet:-1","max-image-preview":"max-image-preview:large","max-video-preview":"max-video-preview:-1"},"canonical":"https:\/\/xenonkungen.com\/es\/producto\/luxtar-genesis-hb1-9004-gen2\/","og_locale":"es_ES","og_type":"article","og_title":"LUXTAR\u00ae GENESIS HB1 \/ 9004 (Gen2) - Xenonkungen","og_description":"LEDkonvertering f\u00f6r 9004 \/ HB1 utrustade bilar","og_url":"https:\/\/xenonkungen.com\/es\/producto\/luxtar-genesis-hb1-9004-gen2\/","og_site_name":"Xenonkungen","article_modified_time":"2026-04-24T15:46:38+00:00","og_image":[{"width":992,"height":1000,"url":"https:\/\/xenonkungen.com\/wp-content\/uploads\/2025\/04\/192941752-origpic-75bf4e.png","type":"image\/png"}],"twitter_card":"summary_large_image","twitter_misc":{"Tiempo de lectura":"1 minuto"},"schema":{"@context":"https:\/\/schema.org","@graph":[{"@type":"WebPage","@id":"https:\/\/xenonkungen.com\/produkt\/luxtar-genesis-hb1-9004-gen2\/","url":"https:\/\/xenonkungen.com\/produkt\/luxtar-genesis-hb1-9004-gen2\/","name":"LUXTAR\u00ae GENESIS HB1 \/ 9004 (Gen2) - El rey del xen\u00f3n","isPartOf":{"@id":"https:\/\/xenonkungen.com\/#website"},"primaryImageOfPage":{"@id":"https:\/\/xenonkungen.com\/produkt\/luxtar-genesis-hb1-9004-gen2\/#primaryimage"},"image":{"@id":"https:\/\/xenonkungen.com\/produkt\/luxtar-genesis-hb1-9004-gen2\/#primaryimage"},"thumbnailUrl":"https:\/\/xenonkungen.com\/wp-content\/uploads\/2025\/04\/192941752-origpic-75bf4e.png","datePublished":"2025-04-15T07:58:48+00:00","dateModified":"2026-04-24T15:46:38+00:00","breadcrumb":{"@id":"https:\/\/xenonkungen.com\/produkt\/luxtar-genesis-hb1-9004-gen2\/#breadcrumb"},"inLanguage":"es","potentialAction":[{"@type":"ReadAction","target":["https:\/\/xenonkungen.com\/produkt\/luxtar-genesis-hb1-9004-gen2\/"]}]},{"@type":"ImageObject","inLanguage":"es","@id":"https:\/\/xenonkungen.com\/produkt\/luxtar-genesis-hb1-9004-gen2\/#primaryimage","url":"https:\/\/xenonkungen.com\/wp-content\/uploads\/2025\/04\/192941752-origpic-75bf4e.png","contentUrl":"https:\/\/xenonkungen.com\/wp-content\/uploads\/2025\/04\/192941752-origpic-75bf4e.png","width":992,"height":1000},{"@type":"BreadcrumbList","@id":"https:\/\/xenonkungen.com\/produkt\/luxtar-genesis-hb1-9004-gen2\/#breadcrumb","itemListElement":[{"@type":"ListItem","position":1,"name":"Hem","item":"https:\/\/xenonkungen.com\/"},{"@type":"ListItem","position":2,"name":"Shop","item":"https:\/\/xenonkungen.com\/shop\/"},{"@type":"ListItem","position":3,"name":"LUXTAR\u00ae GENESIS HB1 \/ 9004 (Gen2)"}]},{"@type":"WebSite","@id":"https:\/\/xenonkungen.com\/#website","url":"https:\/\/xenonkungen.com\/","name":"Xenonkungen","description":"","potentialAction":[{"@type":"SearchAction","target":{"@type":"EntryPoint","urlTemplate":"https:\/\/xenonkungen.com\/?s={search_term_string}"},"query-input":{"@type":"PropertyValueSpecification","valueRequired":true,"valueName":"search_term_string"}}],"inLanguage":"es"}]}},"taxonomy_info":{"product_brand":[{"value":103,"label":"LUXTAR"}],"product_cat":[{"value":2451,"label":"Led-konvertering"},{"value":2826,"label":"LUXTAR"},{"value":733,"label":"Halvljus \/ Helljus"}],"pa_fuktskydd-varde-ipxx":[{"value":177,"label":"IP68"}],"pa_godkannande":[{"value":337,"label":"CE, RoHS"}],"pa_lampsockel-kontakt":[{"value":371,"label":"HB1, 9004"}],"pa_led-chips-effekt-w":[{"value":355,"label":"50"}],"pa_volt-v":[{"value":367,"label":"12, 24, Multivolt"}]},"featured_image_src_large":["https:\/\/xenonkungen.com\/wp-content\/uploads\/2025\/04\/192941752-origpic-75bf4e.png",992,1000,false],"author_info":[],"comment_info":0,"_links":{"self":[{"href":"https:\/\/xenonkungen.com\/es\/wp-json\/wp\/v2\/product\/1135","targetHints":{"allow":["GET"]}}],"collection":[{"href":"https:\/\/xenonkungen.com\/es\/wp-json\/wp\/v2\/product"}],"about":[{"href":"https:\/\/xenonkungen.com\/es\/wp-json\/wp\/v2\/types\/product"}],"replies":[{"embeddable":true,"href":"https:\/\/xenonkungen.com\/es\/wp-json\/wp\/v2\/comments?post=1135"}],"wp:featuredmedia":[{"embeddable":true,"href":"https:\/\/xenonkungen.com\/es\/wp-json\/wp\/v2\/media\/1136"}],"wp:attachment":[{"href":"https:\/\/xenonkungen.com\/es\/wp-json\/wp\/v2\/media?parent=1135"}],"wp:term":[{"taxonomy":"anvandningsomrade","embeddable":true,"href":"https:\/\/xenonkungen.com\/es\/wp-json\/wp\/v2\/anvandningsomrade?post=1135"},{"taxonomy":"bilmarken","embeddable":true,"href":"https:\/\/xenonkungen.com\/es\/wp-json\/wp\/v2\/bilmarken?post=1135"},{"taxonomy":"product_brand","embeddable":true,"href":"https:\/\/xenonkungen.com\/es\/wp-json\/wp\/v2\/product_brand?post=1135"},{"taxonomy":"product_cat","embeddable":true,"href":"https:\/\/xenonkungen.com\/es\/wp-json\/wp\/v2\/product_cat?post=1135"},{"taxonomy":"product_tag","embeddable":true,"href":"https:\/\/xenonkungen.com\/es\/wp-json\/wp\/v2\/product_tag?post=1135"}],"curies":[{"name":"wp","href":"https:\/\/api.w.org\/{rel}","templated":true}]}}