{"id":11518,"date":"2025-06-23T13:50:40","date_gmt":"2025-06-23T13:50:40","guid":{"rendered":"https:\/\/xenonkungen.com\/produkt\/2-pack-extraljus-nbb-alpha-225-60w-xenon\/"},"modified":"2026-04-05T08:53:09","modified_gmt":"2026-04-05T07:53:09","slug":"paquete-de-2-luces-adicionales-nbb-alpha-225-60w-xenon","status":"publish","type":"product","link":"https:\/\/xenonkungen.com\/es\/producto\/paquete-de-2-luces-adicionales-nbb-alpha-225-60w-xenon\/","title":{"rendered":"2 PAQUETES Luz extra NBB Alpha 225 60W Xenon"},"content":{"rendered":"<h1>\u00a1Excelente conjunto de luces auxiliares con xen\u00f3n!<\/h1>\n<p>Paquete completo con 2 luces auxiliares de xen\u00f3n NBB con di\u00e1metro <strong>225 mm<\/strong> De un modelo muy popular con uno de los mejores patrones de luz del mercado. El nuevo modelo incluye luces de posici\u00f3n LED en el borde superior (conexi\u00f3n opcional).<\/p>\n<p>La alternativa para quienes priorizan la mejor luz posible. Un dise\u00f1o con un efecto real en <strong>60W xen\u00f3n<\/strong> (corresponde a los llamados &quot;70W&quot; de la competencia).<\/p>\n<p>Tanto el balastro (con 3 a\u00f1os de garant\u00eda) como la l\u00e1mpara de xen\u00f3n son del tipo de arranque s\u00faper r\u00e1pido y alta luminosidad. <\/p>\n<p><strong>Pregunta:<\/strong> Mucha gente vende esta luz extra. \u00bfPor qu\u00e9 comprarle a usted?<br \/><strong>Contesta:<\/strong> S\u00ed, pero solo nuestra versi\u00f3n incluye el balasto HNS-6. El mejor que hemos tenido y que conocemos en el mercado de repuestos. \u00a1Y adem\u00e1s tenemos un buen precio!<\/p>\n<p>El flujo luminoso de 11200\u00b1200 l\u00famenes (4300K) con dos NBB225 proporciona una luz de largo alcance de aproximadamente 1000 metros.<\/p>\n<p>Carcasa de la l\u00e1mpara: LED NBB Alpha 225, un \u00e9xito de ventas que cumple con los m\u00e1s altos est\u00e1ndares de calidad. Homologada (marca E) con dise\u00f1o hal\u00f3geno original. Montaje vertical.<br \/>- Pl\u00e1stico reforzado con fibra de vidrio<br \/>- Reflector de aluminio de forma libre<br \/>- Lente de cristal transparente en policarbonato<br \/>- Imagen luminosa Remoto<\/p>\n<p><em>Si lo desea, puede montar el balastro dentro de la l\u00e1mpara. Sin embargo, recomendamos colocarlo externamente en el compartimento del motor. Esto reduce el peso y, adem\u00e1s, conserva cierto valor en caso de robo de las luces adicionales.<\/em><\/p>\n<p>Cualquier temperatura de color (K = Kelvin):<br \/><strong>4300K<\/strong> (5600\u00b1100 lm, blanco est\u00e1ndar)<br \/><strong>5000K<\/strong>~5400K (5200\u00b1100 lm, blanco brillante)<br \/><strong>6000K<\/strong> (4700\u00b1100 lm, blanco diamante)<br \/>Valores reales por luz de xen\u00f3n seg\u00fan el espectroan\u00e1lisis.<br \/>- Recomendamos 4300K.<\/p>\n<p>Contenido de la entrega:<br \/>2 piezas <a href=\"https:\/\/www.xenonkungen.com\/sok\/161041\" target=\"_blank\" rel=\"noopener\">Luz extra NBB 225 LED<\/a><br \/>2 piezas <a href=\"https:\/\/www.xenonkungen.com\/se\/produkter\/xenon\/ballaster\/xenon-ballast-60w-70w.html\" target=\"_blank\" rel=\"noopener\">#103099 Balastro de arranque r\u00e1pido HNS-6 12V<\/a><br \/>2 piezas <a href=\"https:\/\/www.xenonkungen.com\/se\/produkter\/xenon\/xenonlampor-kit\/d2h-xenonlampor-for-nbb-225.html\" target=\"_blank\" rel=\"noopener\">Bombilla de luz adicional #124344 D2H<\/a><br \/>2 piezas <a href=\"https:\/\/www.xenonkungen.com\/se\/produkter\/xenon\/kablar-kontakter\/forlangningskabel-40cm.html\" target=\"_blank\" rel=\"noopener\">Cable de extensi\u00f3n #103126-40 de 40 cm<\/a><br \/>1\u00ba <a href=\"https:\/\/www.xenonkungen.com\/se\/produkter\/xenon\/kablar-kontakter\/extraljus-relakablage.html\" target=\"_blank\" rel=\"noopener\">#103120 Arn\u00e9s de rel\u00e9 2B 12V<\/a><br \/>1\u00ba <a href=\"https:\/\/www.xenonkungen.com\/se\/produkter\/installationsmaterial\/fasten-universal\/extraljusfaste-svart-2-225mm.html\" target=\"_blank\" rel=\"noopener\">#161101-2 Soporte de luz auxiliar Negro 2<\/a><br \/>2 piezas <a href=\"https:\/\/www.xenonkungen.com\/se\/produkter\/installationsmaterial\/fasten-universal\/extraljus-stag-rund-svart.html\" target=\"_blank\" rel=\"noopener\">#161107 Etiqueta luminosa adicional<\/a><\/p>\n<p>Las piezas de repuesto est\u00e1n disponibles en nuestra gama habitual.<\/p>\n<p>1 a\u00f1o de garant\u00eda (3 a\u00f1os para el balasto HNS-6).<\/p>","protected":false},"excerpt":{"rendered":"<p>Den utm\u00e4rkta upps\u00e4ttningen Extraljus med Xenon! Komplett paket med 2st xenon extraljus NBB med diameter 225mm av mycket popul\u00e4r modell med ett av marknadens absolut b\u00e4sta ljusbild. Nya modellen med LED positionsljus p\u00e5 \u00f6verkanten (valfri inkoppling). Alternativet f\u00f6r dig som prioriterar mesta och b\u00e4sta m\u00f6jliga ljus. I utf\u00f6rande med verklig effekt p\u00e5 60W xenon (motsvarar [&hellip;]<\/p>","protected":false},"featured_media":10650,"comment_status":"closed","ping_status":"closed","template":"","meta":{"_acf_changed":false,"_smort_price_nok":"3947","_smort_price_dkk":"2507","_smort_price_eur":"335.89","_smort_sale_price_nok":"","_smort_sale_price_dkk":"","_smort_sale_price_eur":"","smort_restorder":"","shipmondo_restorder":"","_kad_blocks_custom_css":"","_kad_blocks_head_custom_js":"","_kad_blocks_body_custom_js":"","_kad_blocks_footer_custom_js":"","smort_custom_pricelist_1":"2364.8","smort_custom_pricelist_2":"2217","smort_custom_pricelist_3":"2106.15","smort_custom_pricelist_4":"2956","smort_custom_pricelist_5":"2217"},"anvandningsomrade":[],"bilmarken":[],"product_brand":[],"product_cat":[2674,142],"product_tag":[],"class_list":{"0":"post-11518","1":"product","2":"type-product","3":"status-publish","4":"has-post-thumbnail","6":"product_cat-paket-extraljus","7":"product_cat-extraljus","8":"pa_fargtemperatur-5000k","9":"pa_fargtemperatur-6000k","10":"pa_fargtemperatur-4300k","12":"first","13":"instock","14":"taxable","15":"shipping-taxable","16":"purchasable","17":"product-type-variable"},"bundled_by":[],"bundle_stock_status":"instock","bundle_stock_quantity":12,"bundle_virtual":false,"bundle_layout":"","bundle_add_to_cart_form_location":"","bundle_editable_in_cart":false,"bundle_sold_individually_context":"","bundle_item_grouping":"","bundle_min_size":"","bundle_max_size":"","bundle_price":[],"bundled_items":[],"bundle_sell_ids":[],"acf":[],"yoast_head":"<!-- This site is optimized with the Yoast SEO plugin v27.0 - https:\/\/yoast.com\/product\/yoast-seo-wordpress\/ -->\n<title>2-PACK Extraljus NBB Alpha 225 60W Xenon - Xenonkungen<\/title>\n<meta name=\"robots\" content=\"index, follow, max-snippet:-1, max-image-preview:large, max-video-preview:-1\" \/>\n<link rel=\"canonical\" href=\"https:\/\/xenonkungen.com\/es\/producto\/paquete-de-2-luces-adicionales-nbb-alpha-225-60w-xenon\/\" \/>\n<meta property=\"og:locale\" content=\"es_ES\" \/>\n<meta property=\"og:type\" content=\"article\" \/>\n<meta property=\"og:title\" content=\"2-PACK Extraljus NBB Alpha 225 60W Xenon - Xenonkungen\" \/>\n<meta property=\"og:description\" content=\"Den utm\u00e4rkta upps\u00e4ttningen Extraljus med Xenon! Komplett paket med 2st xenon extraljus NBB med diameter 225mm av mycket popul\u00e4r modell med ett av marknadens absolut b\u00e4sta ljusbild. Nya modellen med LED positionsljus p\u00e5 \u00f6verkanten (valfri inkoppling). Alternativet f\u00f6r dig som prioriterar mesta och b\u00e4sta m\u00f6jliga ljus. I utf\u00f6rande med verklig effekt p\u00e5 60W xenon (motsvarar [&hellip;]\" \/>\n<meta property=\"og:url\" content=\"https:\/\/xenonkungen.com\/es\/producto\/paquete-de-2-luces-adicionales-nbb-alpha-225-60w-xenon\/\" \/>\n<meta property=\"og:site_name\" content=\"Xenonkungen\" \/>\n<meta property=\"article:modified_time\" content=\"2026-04-05T07:53:09+00:00\" \/>\n<meta property=\"og:image\" content=\"https:\/\/xenonkungen.com\/wp-content\/uploads\/2025\/06\/65107285-origpic-8fa326.png\" \/>\n\t<meta property=\"og:image:width\" content=\"1000\" \/>\n\t<meta property=\"og:image:height\" content=\"1000\" \/>\n\t<meta property=\"og:image:type\" content=\"image\/png\" \/>\n<meta name=\"twitter:card\" content=\"summary_large_image\" \/>\n<meta name=\"twitter:label1\" content=\"Tiempo de lectura\" \/>\n\t<meta name=\"twitter:data1\" content=\"1 minuto\" \/>\n<script type=\"application\/ld+json\" class=\"yoast-schema-graph\">{\"@context\":\"https:\/\/schema.org\",\"@graph\":[{\"@type\":\"WebPage\",\"@id\":\"https:\/\/xenonkungen.com\/de\/produkt\/2-pack-extraljus-nbb-alpha-225-60w-xenon\/\",\"url\":\"https:\/\/xenonkungen.com\/de\/produkt\/2-pack-extraljus-nbb-alpha-225-60w-xenon\/\",\"name\":\"2-PACK Extraljus NBB Alpha 225 60W Xenon - Xenonkungen\",\"isPartOf\":{\"@id\":\"https:\/\/xenonkungen.com\/#website\"},\"primaryImageOfPage\":{\"@id\":\"https:\/\/xenonkungen.com\/de\/produkt\/2-pack-extraljus-nbb-alpha-225-60w-xenon\/#primaryimage\"},\"image\":{\"@id\":\"https:\/\/xenonkungen.com\/de\/produkt\/2-pack-extraljus-nbb-alpha-225-60w-xenon\/#primaryimage\"},\"thumbnailUrl\":\"https:\/\/xenonkungen.com\/wp-content\/uploads\/2025\/06\/65107285-origpic-8fa326.png\",\"datePublished\":\"2025-06-23T13:50:40+00:00\",\"dateModified\":\"2026-04-05T07:53:09+00:00\",\"breadcrumb\":{\"@id\":\"https:\/\/xenonkungen.com\/de\/produkt\/2-pack-extraljus-nbb-alpha-225-60w-xenon\/#breadcrumb\"},\"inLanguage\":\"es\",\"potentialAction\":[{\"@type\":\"ReadAction\",\"target\":[\"https:\/\/xenonkungen.com\/de\/produkt\/2-pack-extraljus-nbb-alpha-225-60w-xenon\/\"]}]},{\"@type\":\"ImageObject\",\"inLanguage\":\"es\",\"@id\":\"https:\/\/xenonkungen.com\/de\/produkt\/2-pack-extraljus-nbb-alpha-225-60w-xenon\/#primaryimage\",\"url\":\"https:\/\/xenonkungen.com\/wp-content\/uploads\/2025\/06\/65107285-origpic-8fa326.png\",\"contentUrl\":\"https:\/\/xenonkungen.com\/wp-content\/uploads\/2025\/06\/65107285-origpic-8fa326.png\",\"width\":1000,\"height\":1000},{\"@type\":\"BreadcrumbList\",\"@id\":\"https:\/\/xenonkungen.com\/de\/produkt\/2-pack-extraljus-nbb-alpha-225-60w-xenon\/#breadcrumb\",\"itemListElement\":[{\"@type\":\"ListItem\",\"position\":1,\"name\":\"Hem\",\"item\":\"https:\/\/xenonkungen.com\/\"},{\"@type\":\"ListItem\",\"position\":2,\"name\":\"Shop\",\"item\":\"https:\/\/xenonkungen.com\/shop\/\"},{\"@type\":\"ListItem\",\"position\":3,\"name\":\"2-PACK Extraljus NBB Alpha 225 60W Xenon\"}]},{\"@type\":\"WebSite\",\"@id\":\"https:\/\/xenonkungen.com\/#website\",\"url\":\"https:\/\/xenonkungen.com\/\",\"name\":\"Xenonkungen\",\"description\":\"\",\"potentialAction\":[{\"@type\":\"SearchAction\",\"target\":{\"@type\":\"EntryPoint\",\"urlTemplate\":\"https:\/\/xenonkungen.com\/?s={search_term_string}\"},\"query-input\":{\"@type\":\"PropertyValueSpecification\",\"valueRequired\":true,\"valueName\":\"search_term_string\"}}],\"inLanguage\":\"es\"}]}<\/script>\n<!-- \/ Yoast SEO plugin. -->","yoast_head_json":{"title":"2-PACK Luces adicionales NBB Alpha 225 60W Xenon - Xenonkungen","robots":{"index":"index","follow":"follow","max-snippet":"max-snippet:-1","max-image-preview":"max-image-preview:large","max-video-preview":"max-video-preview:-1"},"canonical":"https:\/\/xenonkungen.com\/es\/producto\/paquete-de-2-luces-adicionales-nbb-alpha-225-60w-xenon\/","og_locale":"es_ES","og_type":"article","og_title":"2-PACK Extraljus NBB Alpha 225 60W Xenon - Xenonkungen","og_description":"Den utm\u00e4rkta upps\u00e4ttningen Extraljus med Xenon! Komplett paket med 2st xenon extraljus NBB med diameter 225mm av mycket popul\u00e4r modell med ett av marknadens absolut b\u00e4sta ljusbild. Nya modellen med LED positionsljus p\u00e5 \u00f6verkanten (valfri inkoppling). Alternativet f\u00f6r dig som prioriterar mesta och b\u00e4sta m\u00f6jliga ljus. I utf\u00f6rande med verklig effekt p\u00e5 60W xenon (motsvarar [&hellip;]","og_url":"https:\/\/xenonkungen.com\/es\/producto\/paquete-de-2-luces-adicionales-nbb-alpha-225-60w-xenon\/","og_site_name":"Xenonkungen","article_modified_time":"2026-04-05T07:53:09+00:00","og_image":[{"width":1000,"height":1000,"url":"https:\/\/xenonkungen.com\/wp-content\/uploads\/2025\/06\/65107285-origpic-8fa326.png","type":"image\/png"}],"twitter_card":"summary_large_image","twitter_misc":{"Tiempo de lectura":"1 minuto"},"schema":{"@context":"https:\/\/schema.org","@graph":[{"@type":"WebPage","@id":"https:\/\/xenonkungen.com\/de\/produkt\/2-pack-extraljus-nbb-alpha-225-60w-xenon\/","url":"https:\/\/xenonkungen.com\/de\/produkt\/2-pack-extraljus-nbb-alpha-225-60w-xenon\/","name":"2-PACK Luces adicionales NBB Alpha 225 60W Xenon - Xenonkungen","isPartOf":{"@id":"https:\/\/xenonkungen.com\/#website"},"primaryImageOfPage":{"@id":"https:\/\/xenonkungen.com\/de\/produkt\/2-pack-extraljus-nbb-alpha-225-60w-xenon\/#primaryimage"},"image":{"@id":"https:\/\/xenonkungen.com\/de\/produkt\/2-pack-extraljus-nbb-alpha-225-60w-xenon\/#primaryimage"},"thumbnailUrl":"https:\/\/xenonkungen.com\/wp-content\/uploads\/2025\/06\/65107285-origpic-8fa326.png","datePublished":"2025-06-23T13:50:40+00:00","dateModified":"2026-04-05T07:53:09+00:00","breadcrumb":{"@id":"https:\/\/xenonkungen.com\/de\/produkt\/2-pack-extraljus-nbb-alpha-225-60w-xenon\/#breadcrumb"},"inLanguage":"es","potentialAction":[{"@type":"ReadAction","target":["https:\/\/xenonkungen.com\/de\/produkt\/2-pack-extraljus-nbb-alpha-225-60w-xenon\/"]}]},{"@type":"ImageObject","inLanguage":"es","@id":"https:\/\/xenonkungen.com\/de\/produkt\/2-pack-extraljus-nbb-alpha-225-60w-xenon\/#primaryimage","url":"https:\/\/xenonkungen.com\/wp-content\/uploads\/2025\/06\/65107285-origpic-8fa326.png","contentUrl":"https:\/\/xenonkungen.com\/wp-content\/uploads\/2025\/06\/65107285-origpic-8fa326.png","width":1000,"height":1000},{"@type":"BreadcrumbList","@id":"https:\/\/xenonkungen.com\/de\/produkt\/2-pack-extraljus-nbb-alpha-225-60w-xenon\/#breadcrumb","itemListElement":[{"@type":"ListItem","position":1,"name":"Hem","item":"https:\/\/xenonkungen.com\/"},{"@type":"ListItem","position":2,"name":"Shop","item":"https:\/\/xenonkungen.com\/shop\/"},{"@type":"ListItem","position":3,"name":"2-PACK Extraljus NBB Alpha 225 60W Xenon"}]},{"@type":"WebSite","@id":"https:\/\/xenonkungen.com\/#website","url":"https:\/\/xenonkungen.com\/","name":"Xenonkungen","description":"","potentialAction":[{"@type":"SearchAction","target":{"@type":"EntryPoint","urlTemplate":"https:\/\/xenonkungen.com\/?s={search_term_string}"},"query-input":{"@type":"PropertyValueSpecification","valueRequired":true,"valueName":"search_term_string"}}],"inLanguage":"es"}]}},"taxonomy_info":{"product_cat":[{"value":2674,"label":"Paket"},{"value":142,"label":"Extraljus"}],"pa_fargtemperatur":[{"value":154,"label":"5000K"},{"value":188,"label":"6000K"},{"value":755,"label":"4300K"}]},"featured_image_src_large":["https:\/\/xenonkungen.com\/wp-content\/uploads\/2025\/06\/65107285-origpic-8fa326.png",1000,1000,false],"author_info":[],"comment_info":0,"_links":{"self":[{"href":"https:\/\/xenonkungen.com\/es\/wp-json\/wp\/v2\/product\/11518","targetHints":{"allow":["GET"]}}],"collection":[{"href":"https:\/\/xenonkungen.com\/es\/wp-json\/wp\/v2\/product"}],"about":[{"href":"https:\/\/xenonkungen.com\/es\/wp-json\/wp\/v2\/types\/product"}],"replies":[{"embeddable":true,"href":"https:\/\/xenonkungen.com\/es\/wp-json\/wp\/v2\/comments?post=11518"}],"wp:featuredmedia":[{"embeddable":true,"href":"https:\/\/xenonkungen.com\/es\/wp-json\/wp\/v2\/media\/10650"}],"wp:attachment":[{"href":"https:\/\/xenonkungen.com\/es\/wp-json\/wp\/v2\/media?parent=11518"}],"wp:term":[{"taxonomy":"anvandningsomrade","embeddable":true,"href":"https:\/\/xenonkungen.com\/es\/wp-json\/wp\/v2\/anvandningsomrade?post=11518"},{"taxonomy":"bilmarken","embeddable":true,"href":"https:\/\/xenonkungen.com\/es\/wp-json\/wp\/v2\/bilmarken?post=11518"},{"taxonomy":"product_brand","embeddable":true,"href":"https:\/\/xenonkungen.com\/es\/wp-json\/wp\/v2\/product_brand?post=11518"},{"taxonomy":"product_cat","embeddable":true,"href":"https:\/\/xenonkungen.com\/es\/wp-json\/wp\/v2\/product_cat?post=11518"},{"taxonomy":"product_tag","embeddable":true,"href":"https:\/\/xenonkungen.com\/es\/wp-json\/wp\/v2\/product_tag?post=11518"}],"curies":[{"name":"wp","href":"https:\/\/api.w.org\/{rel}","templated":true}]}}