{"id":11526,"date":"2025-06-23T13:50:43","date_gmt":"2025-06-23T13:50:43","guid":{"rendered":"https:\/\/xenonkungen.com\/produkt\/rad4-extraljus-nbb-alpha-225-60w-xenon\/"},"modified":"2026-04-05T15:26:17","modified_gmt":"2026-04-05T14:26:17","slug":"luz-auxiliar-rad4-nbb-alpha-225-60w-xenon","status":"publish","type":"product","link":"https:\/\/xenonkungen.com\/es\/producto\/luz-auxiliar-rad4-nbb-alpha-225-60w-xenon\/","title":{"rendered":"RAD4 Luz extra NBB Alpha 225 60W Xenon"},"content":{"rendered":"<h1>\u00a1Paquete de luces extra para aquellos que piensan que 3 luces no son suficientes!<\/h1>\n<p>Paquete completo con 4 luces adicionales NBB Alpha 225 de 225 mm de di\u00e1metro con una de las mejores im\u00e1genes luminosas del mercado. Nuevo modelo con luz de posici\u00f3n LED en el borde superior (conexi\u00f3n opcional).<\/p>\n<p>La alternativa para quienes priorizan la mejor luz posible. Un dise\u00f1o con un efecto real en <strong>60W xen\u00f3n<\/strong> (corresponde a los llamados &quot;70W&quot; de la competencia).<\/p>\n<p>Tanto el balastro (con 3 a\u00f1os de garant\u00eda) como la l\u00e1mpara de xen\u00f3n son del tipo de arranque s\u00faper r\u00e1pido y alta luminosidad. <\/p>\n<p><strong>Pregunta:<\/strong> Mucha gente vende esta luz extra. \u00bfPor qu\u00e9 comprarle a usted?<br \/><strong>Contesta:<\/strong> Seg\u00fan la revista Vi bil\u00e4gares test, ofrecemos el mejor servicio al cliente de Suecia. Nuestros balastos HNS-6 tambi\u00e9n cuentan con la garant\u00eda m\u00e1s extensa del mercado. <\/p>\n<p>El paquete incluye 2 mandos a distancia y 2 focos. Recomendamos el montaje en el siguiente orden: FSSF <\/p>\n<p>Flujo luminoso 22400\u00b1400 l\u00famenes (4300K) con tres NBB225 proporciona una luz de largo alcance de m\u00e1s de 1000 metros.<\/p>\n<p>Cuerpo de la l\u00e1mpara: NBB 225 Alpha LED, bestseller popular que cumple los requisitos de alta calidad. Marcado E en dise\u00f1o hal\u00f3geno original. Montaje vertical.<br \/>- Pl\u00e1stico reforzado con fibra de vidrio<br \/>- Reflector de aluminio de forma libre<br \/>- Lente de cristal transparente en policarbonato<br \/>\u2013 Imagen de luz Lejana (Conducci\u00f3n), Punto (Haz concentrado)<\/p>\n<p><em>Si lo desea, puede montar el balastro dentro de la l\u00e1mpara. Sin embargo, recomendamos colocarlo externamente en el compartimento del motor. Esto reduce el peso y, adem\u00e1s, conserva cierto valor en caso de robo de las luces adicionales.<\/em><\/p>\n<p><strong>Cualquier temperatura de color (K = Kelvin):<\/strong><br \/><strong>4300K<\/strong> (5600\u00b1100 lm, blanco est\u00e1ndar)<br \/><strong>5000K<\/strong>~5400K (5200\u00b1100 lm, blanco brillante)<br \/><strong>6000K<\/strong> (4700\u00b1100 lm, blanco diamante)<br \/>Valores reales por luz de xen\u00f3n seg\u00fan el espectroan\u00e1lisis.<br \/>- Recomendamos 4300K.<\/p>\n<p><strong>Contenido de la entrega:<\/strong><br \/>4 piezas <a href=\"https:\/\/www.xenonkungen.com\/sok\/161041\" target=\"_blank\" rel=\"noopener\">Luz extra NBB 225 LED<\/a><br \/>4 piezas <a href=\"https:\/\/www.xenonkungen.com\/se\/produkter\/xenon\/ballaster\/xenon-ballast-60w-70w.html\" target=\"_blank\" rel=\"noopener\">#103099 HNS-6 Balastro de arranque de 6 velocidades 12V<\/a><br \/>4 piezas <a href=\"https:\/\/www.xenonkungen.com\/se\/produkter\/xenon\/xenonlampor-kit\/d2h-xenonlampor-for-nbb-225.html\" target=\"_blank\" rel=\"noopener\">Bombilla de luz adicional #124344 D2H<\/a><br \/>4 piezas <a href=\"https:\/\/www.xenonkungen.com\/se\/produkter\/xenon\/kablar-kontakter\/forlangningskabel-40cm.html\" target=\"_blank\" rel=\"noopener\">Cable de extensi\u00f3n #103126-40 de 40 cm<\/a><br \/>2 piezas <a href=\"https:\/\/www.xenonkungen.com\/se\/produkter\/xenon\/kablar-kontakter\/extraljus-relakablage.html\" target=\"_blank\" rel=\"noopener\">#103120 Juego cable rel\u00e9 2pcs Luz extra 12V|9006<\/a><br \/>4 piezas <a href=\"https:\/\/www.xenonkungen.com\/se\/produkter\/installationsmaterial\/fasten-universal\/extraljus-stag-rund-svart.html\" target=\"_blank\" rel=\"noopener\">#161107 Etiqueta luminosa adicional<\/a><br \/>1\u00ba <a href=\"https:\/\/www.xenonkungen.com\/se\/produkter\/installationsmaterial\/fasten-universal\/extraljusfaste-svart-4.html\" target=\"_blank\" rel=\"noopener\">#161106 Soporte luz extra 4 - 225mm\/9\u2033<\/a><\/p>\n<p>Las piezas de repuesto est\u00e1n disponibles en nuestra gama habitual.<\/p>\n<p>El paquete se entrega desmontado, pero si lo desea, puede instalar f\u00e1cilmente los balastos en las casas.<\/p>\n<p>La luz auxiliar no est\u00e1 homologada E en esta versi\u00f3n.<\/p>\n<p>1 a\u00f1o de garant\u00eda (3 a\u00f1os de garant\u00eda funcional en el balasto HNS-6).<\/p>","protected":false},"excerpt":{"rendered":"<p>\u00a1Paquete de luces extra para aquellos que piensan que 3 luces no son suficientes!<\/p>","protected":false},"featured_media":10694,"comment_status":"closed","ping_status":"open","template":"","meta":{"_acf_changed":false,"_smort_price_nok":"7472","_smort_price_dkk":"4747","_smort_price_eur":"635.88","_smort_sale_price_nok":"","_smort_sale_price_dkk":"","_smort_sale_price_eur":"","smort_restorder":"","shipmondo_restorder":"","_kad_blocks_custom_css":"","_kad_blocks_head_custom_js":"","_kad_blocks_body_custom_js":"","_kad_blocks_footer_custom_js":"","smort_custom_pricelist_1":"4476.8","smort_custom_pricelist_2":"4197","smort_custom_pricelist_3":"3987.15","smort_custom_pricelist_4":"5596","smort_custom_pricelist_5":"4197"},"anvandningsomrade":[],"bilmarken":[],"product_brand":[],"product_cat":[2674,142],"product_tag":[],"class_list":{"0":"post-11526","1":"product","2":"type-product","3":"status-publish","4":"has-post-thumbnail","6":"product_cat-paket-extraljus","7":"product_cat-extraljus","8":"pa_fargtemperatur-5000k","9":"pa_fargtemperatur-6000k","10":"pa_fargtemperatur-4300k","12":"first","13":"instock","14":"taxable","15":"shipping-taxable","16":"purchasable","17":"product-type-variable"},"bundled_by":[],"bundle_stock_status":"instock","bundle_stock_quantity":12,"bundle_virtual":false,"bundle_layout":"","bundle_add_to_cart_form_location":"","bundle_editable_in_cart":false,"bundle_sold_individually_context":"","bundle_item_grouping":"","bundle_min_size":"","bundle_max_size":"","bundle_price":[],"bundled_items":[],"bundle_sell_ids":[],"acf":[],"yoast_head":"<!-- This site is optimized with the Yoast SEO plugin v27.0 - https:\/\/yoast.com\/product\/yoast-seo-wordpress\/ -->\n<title>RAD4 Extraljus NBB Alpha 225 60W Xenon - Xenonkungen<\/title>\n<meta name=\"robots\" content=\"index, follow, max-snippet:-1, max-image-preview:large, max-video-preview:-1\" \/>\n<link rel=\"canonical\" href=\"https:\/\/xenonkungen.com\/es\/producto\/luz-auxiliar-rad4-nbb-alpha-225-60w-xenon\/\" \/>\n<meta property=\"og:locale\" content=\"es_ES\" \/>\n<meta property=\"og:type\" content=\"article\" \/>\n<meta property=\"og:title\" content=\"RAD4 Extraljus NBB Alpha 225 60W Xenon - Xenonkungen\" \/>\n<meta property=\"og:description\" content=\"Ett Extraljuspaket f\u00f6r er som tycker att 3 lyktor inte r\u00e4cker!\" \/>\n<meta property=\"og:url\" content=\"https:\/\/xenonkungen.com\/es\/producto\/luz-auxiliar-rad4-nbb-alpha-225-60w-xenon\/\" \/>\n<meta property=\"og:site_name\" content=\"Xenonkungen\" \/>\n<meta property=\"article:modified_time\" content=\"2026-04-05T14:26:17+00:00\" \/>\n<meta property=\"og:image\" content=\"https:\/\/xenonkungen.com\/wp-content\/uploads\/2025\/06\/178754953-origpic-703a97.png\" \/>\n\t<meta property=\"og:image:width\" content=\"1000\" \/>\n\t<meta property=\"og:image:height\" content=\"1000\" \/>\n\t<meta property=\"og:image:type\" content=\"image\/png\" \/>\n<meta name=\"twitter:card\" content=\"summary_large_image\" \/>\n<meta name=\"twitter:label1\" content=\"Tiempo de lectura\" \/>\n\t<meta name=\"twitter:data1\" content=\"2 minutos\" \/>\n<script type=\"application\/ld+json\" class=\"yoast-schema-graph\">{\"@context\":\"https:\/\/schema.org\",\"@graph\":[{\"@type\":\"WebPage\",\"@id\":\"https:\/\/xenonkungen.com\/nl\/product\/rad4-extraljus-nbb-alpha-225-60w-xenon\/\",\"url\":\"https:\/\/xenonkungen.com\/nl\/product\/rad4-extraljus-nbb-alpha-225-60w-xenon\/\",\"name\":\"RAD4 Extraljus NBB Alpha 225 60W Xenon - Xenonkungen\",\"isPartOf\":{\"@id\":\"https:\/\/xenonkungen.com\/#website\"},\"primaryImageOfPage\":{\"@id\":\"https:\/\/xenonkungen.com\/nl\/product\/rad4-extraljus-nbb-alpha-225-60w-xenon\/#primaryimage\"},\"image\":{\"@id\":\"https:\/\/xenonkungen.com\/nl\/product\/rad4-extraljus-nbb-alpha-225-60w-xenon\/#primaryimage\"},\"thumbnailUrl\":\"https:\/\/xenonkungen.com\/wp-content\/uploads\/2025\/06\/178754953-origpic-703a97.png\",\"datePublished\":\"2025-06-23T13:50:43+00:00\",\"dateModified\":\"2026-04-05T14:26:17+00:00\",\"breadcrumb\":{\"@id\":\"https:\/\/xenonkungen.com\/nl\/product\/rad4-extraljus-nbb-alpha-225-60w-xenon\/#breadcrumb\"},\"inLanguage\":\"es\",\"potentialAction\":[{\"@type\":\"ReadAction\",\"target\":[\"https:\/\/xenonkungen.com\/nl\/product\/rad4-extraljus-nbb-alpha-225-60w-xenon\/\"]}]},{\"@type\":\"ImageObject\",\"inLanguage\":\"es\",\"@id\":\"https:\/\/xenonkungen.com\/nl\/product\/rad4-extraljus-nbb-alpha-225-60w-xenon\/#primaryimage\",\"url\":\"https:\/\/xenonkungen.com\/wp-content\/uploads\/2025\/06\/178754953-origpic-703a97.png\",\"contentUrl\":\"https:\/\/xenonkungen.com\/wp-content\/uploads\/2025\/06\/178754953-origpic-703a97.png\",\"width\":1000,\"height\":1000},{\"@type\":\"BreadcrumbList\",\"@id\":\"https:\/\/xenonkungen.com\/nl\/product\/rad4-extraljus-nbb-alpha-225-60w-xenon\/#breadcrumb\",\"itemListElement\":[{\"@type\":\"ListItem\",\"position\":1,\"name\":\"Hem\",\"item\":\"https:\/\/xenonkungen.com\/\"},{\"@type\":\"ListItem\",\"position\":2,\"name\":\"Shop\",\"item\":\"https:\/\/xenonkungen.com\/shop\/\"},{\"@type\":\"ListItem\",\"position\":3,\"name\":\"RAD4 Extraljus NBB Alpha 225 60W Xenon\"}]},{\"@type\":\"WebSite\",\"@id\":\"https:\/\/xenonkungen.com\/#website\",\"url\":\"https:\/\/xenonkungen.com\/\",\"name\":\"Xenonkungen\",\"description\":\"\",\"potentialAction\":[{\"@type\":\"SearchAction\",\"target\":{\"@type\":\"EntryPoint\",\"urlTemplate\":\"https:\/\/xenonkungen.com\/?s={search_term_string}\"},\"query-input\":{\"@type\":\"PropertyValueSpecification\",\"valueRequired\":true,\"valueName\":\"search_term_string\"}}],\"inLanguage\":\"es\"}]}<\/script>\n<!-- \/ Yoast SEO plugin. -->","yoast_head_json":{"title":"Luz auxiliar RAD4 NBB Alpha 225 60W Xenon - Xenonkungen","robots":{"index":"index","follow":"follow","max-snippet":"max-snippet:-1","max-image-preview":"max-image-preview:large","max-video-preview":"max-video-preview:-1"},"canonical":"https:\/\/xenonkungen.com\/es\/producto\/luz-auxiliar-rad4-nbb-alpha-225-60w-xenon\/","og_locale":"es_ES","og_type":"article","og_title":"RAD4 Extraljus NBB Alpha 225 60W Xenon - Xenonkungen","og_description":"Ett Extraljuspaket f\u00f6r er som tycker att 3 lyktor inte r\u00e4cker!","og_url":"https:\/\/xenonkungen.com\/es\/producto\/luz-auxiliar-rad4-nbb-alpha-225-60w-xenon\/","og_site_name":"Xenonkungen","article_modified_time":"2026-04-05T14:26:17+00:00","og_image":[{"width":1000,"height":1000,"url":"https:\/\/xenonkungen.com\/wp-content\/uploads\/2025\/06\/178754953-origpic-703a97.png","type":"image\/png"}],"twitter_card":"summary_large_image","twitter_misc":{"Tiempo de lectura":"2 minutos"},"schema":{"@context":"https:\/\/schema.org","@graph":[{"@type":"WebPage","@id":"https:\/\/xenonkungen.com\/nl\/product\/rad4-extraljus-nbb-alpha-225-60w-xenon\/","url":"https:\/\/xenonkungen.com\/nl\/product\/rad4-extraljus-nbb-alpha-225-60w-xenon\/","name":"Luz auxiliar RAD4 NBB Alpha 225 60W Xenon - Xenonkungen","isPartOf":{"@id":"https:\/\/xenonkungen.com\/#website"},"primaryImageOfPage":{"@id":"https:\/\/xenonkungen.com\/nl\/product\/rad4-extraljus-nbb-alpha-225-60w-xenon\/#primaryimage"},"image":{"@id":"https:\/\/xenonkungen.com\/nl\/product\/rad4-extraljus-nbb-alpha-225-60w-xenon\/#primaryimage"},"thumbnailUrl":"https:\/\/xenonkungen.com\/wp-content\/uploads\/2025\/06\/178754953-origpic-703a97.png","datePublished":"2025-06-23T13:50:43+00:00","dateModified":"2026-04-05T14:26:17+00:00","breadcrumb":{"@id":"https:\/\/xenonkungen.com\/nl\/product\/rad4-extraljus-nbb-alpha-225-60w-xenon\/#breadcrumb"},"inLanguage":"es","potentialAction":[{"@type":"ReadAction","target":["https:\/\/xenonkungen.com\/nl\/product\/rad4-extraljus-nbb-alpha-225-60w-xenon\/"]}]},{"@type":"ImageObject","inLanguage":"es","@id":"https:\/\/xenonkungen.com\/nl\/product\/rad4-extraljus-nbb-alpha-225-60w-xenon\/#primaryimage","url":"https:\/\/xenonkungen.com\/wp-content\/uploads\/2025\/06\/178754953-origpic-703a97.png","contentUrl":"https:\/\/xenonkungen.com\/wp-content\/uploads\/2025\/06\/178754953-origpic-703a97.png","width":1000,"height":1000},{"@type":"BreadcrumbList","@id":"https:\/\/xenonkungen.com\/nl\/product\/rad4-extraljus-nbb-alpha-225-60w-xenon\/#breadcrumb","itemListElement":[{"@type":"ListItem","position":1,"name":"Hem","item":"https:\/\/xenonkungen.com\/"},{"@type":"ListItem","position":2,"name":"Shop","item":"https:\/\/xenonkungen.com\/shop\/"},{"@type":"ListItem","position":3,"name":"RAD4 Extraljus NBB Alpha 225 60W Xenon"}]},{"@type":"WebSite","@id":"https:\/\/xenonkungen.com\/#website","url":"https:\/\/xenonkungen.com\/","name":"Xenonkungen","description":"","potentialAction":[{"@type":"SearchAction","target":{"@type":"EntryPoint","urlTemplate":"https:\/\/xenonkungen.com\/?s={search_term_string}"},"query-input":{"@type":"PropertyValueSpecification","valueRequired":true,"valueName":"search_term_string"}}],"inLanguage":"es"}]}},"taxonomy_info":{"product_cat":[{"value":2674,"label":"Paket"},{"value":142,"label":"Extraljus"}],"pa_fargtemperatur":[{"value":154,"label":"5000K"},{"value":188,"label":"6000K"},{"value":755,"label":"4300K"}]},"featured_image_src_large":["https:\/\/xenonkungen.com\/wp-content\/uploads\/2025\/06\/178754953-origpic-703a97.png",1000,1000,false],"author_info":[],"comment_info":0,"_links":{"self":[{"href":"https:\/\/xenonkungen.com\/es\/wp-json\/wp\/v2\/product\/11526","targetHints":{"allow":["GET"]}}],"collection":[{"href":"https:\/\/xenonkungen.com\/es\/wp-json\/wp\/v2\/product"}],"about":[{"href":"https:\/\/xenonkungen.com\/es\/wp-json\/wp\/v2\/types\/product"}],"replies":[{"embeddable":true,"href":"https:\/\/xenonkungen.com\/es\/wp-json\/wp\/v2\/comments?post=11526"}],"wp:featuredmedia":[{"embeddable":true,"href":"https:\/\/xenonkungen.com\/es\/wp-json\/wp\/v2\/media\/10694"}],"wp:attachment":[{"href":"https:\/\/xenonkungen.com\/es\/wp-json\/wp\/v2\/media?parent=11526"}],"wp:term":[{"taxonomy":"anvandningsomrade","embeddable":true,"href":"https:\/\/xenonkungen.com\/es\/wp-json\/wp\/v2\/anvandningsomrade?post=11526"},{"taxonomy":"bilmarken","embeddable":true,"href":"https:\/\/xenonkungen.com\/es\/wp-json\/wp\/v2\/bilmarken?post=11526"},{"taxonomy":"product_brand","embeddable":true,"href":"https:\/\/xenonkungen.com\/es\/wp-json\/wp\/v2\/product_brand?post=11526"},{"taxonomy":"product_cat","embeddable":true,"href":"https:\/\/xenonkungen.com\/es\/wp-json\/wp\/v2\/product_cat?post=11526"},{"taxonomy":"product_tag","embeddable":true,"href":"https:\/\/xenonkungen.com\/es\/wp-json\/wp\/v2\/product_tag?post=11526"}],"curies":[{"name":"wp","href":"https:\/\/api.w.org\/{rel}","templated":true}]}}