{"id":1154,"date":"2025-04-15T08:00:23","date_gmt":"2025-04-15T08:00:23","guid":{"rendered":"https:\/\/xenonkungen.com\/product\/adapter-13-7-pol-12v-led\/"},"modified":"2026-04-01T07:57:12","modified_gmt":"2026-04-01T06:57:12","slug":"adaptador-13-led-de-7-pines-y-12-v","status":"publish","type":"product","link":"https:\/\/xenonkungen.com\/es\/producto\/adaptador-13-led-de-7-pines-y-12-v\/","title":{"rendered":"Adaptador 13-7 POL 12V LED"},"content":{"rendered":"<p>Proporciona una funci\u00f3n de luz sin problemas para todos los remolques con enchufe de 7 polos equipados con iluminaci\u00f3n LED y unidades tractoras con la llamada. Control de luces Can-bus con conector de 13 polos.<\/p>\n<p>- \u00bfTienes o vas a cambiar la iluminaci\u00f3n de tu remolque a LED?<br \/>- \u00bfEl veh\u00edculo tiene una aver\u00eda de luces y\/o no avisa de una aver\u00eda de luces?<\/p>\n<p>La mayor\u00eda de los coches europeos nuevos est\u00e1n equipados con un conector de alimentaci\u00f3n de remolque de 13 clavijas.<\/p>\n<p>Nota. No funciona para SAAB (debido al sistema el\u00e9ctrico controlado por impulsos).<br \/>Puede haber otras excepciones.<\/p>\n<p>Voltios: <strong>12V<\/strong><br \/>Longitud: 110 mm<\/p>\n<p>CE\/RoHS.<br \/>2 a\u00f1os de garant\u00eda.<\/p>\n<p><strong>Comentarios de los clientes<\/strong><br \/>Proporciona una funci\u00f3n completa en Peugeot 3008 Hybrid4 2019, pero puede dar aviso de error en los intermitentes. led en el remolque no funcionar\u00e1 sin este adaptador.<\/p>","protected":false},"excerpt":{"rendered":"<p>Ger problemfri ljusfunktion f\u00f6r alla sl\u00e4pvagnar med 7-polig kontakt utrustad med LED belysning och dragbilar med sk. Can-bus ljus\u00f6vervakning med 13-poligt eluttag. &#8211; Har du eller skall du byta till LED belysning p\u00e5 din sl\u00e4pvagn?&#8211; Har ekipaget bristande ljusfunktion och\/eller varnar inte vid lampfel? Flertalet nyare europeiska bilar \u00e4r utrustade med 13 stifts str\u00f6manslutning f\u00f6r [&hellip;]<\/p>","protected":false},"featured_media":1155,"comment_status":"closed","ping_status":"open","template":"","meta":{"_acf_changed":false,"_smort_price_nok":"213","_smort_price_dkk":"135","_smort_price_eur":"18.09","_smort_sale_price_nok":"","_smort_sale_price_dkk":"","_smort_sale_price_eur":"","smort_restorder":"","shipmondo_restorder":"","_kad_blocks_custom_css":"","_kad_blocks_head_custom_js":"","_kad_blocks_body_custom_js":"","_kad_blocks_footer_custom_js":"","smort_custom_pricelist_1":"127.36","smort_custom_pricelist_2":"111.44","smort_custom_pricelist_3":"105.87","smort_custom_pricelist_4":"159.2","smort_custom_pricelist_5":"111.44"},"anvandningsomrade":[166,238,2816],"bilmarken":[],"product_brand":[117],"product_cat":[3015,2446],"product_tag":[],"class_list":{"0":"post-1154","1":"product","2":"type-product","3":"status-publish","4":"has-post-thumbnail","6":"anvandningsomrade-lastbil","7":"anvandningsomrade-slap","8":"anvandningsomrade-trailer","9":"product_brand-xenonkungen","10":"product_cat-problemlosare","11":"product_cat-tillbehor-slap","13":"first","14":"instock","15":"taxable","16":"shipping-taxable","17":"purchasable","18":"product-type-simple"},"bundled_by":[],"bundle_stock_status":"instock","bundle_stock_quantity":39,"bundle_virtual":false,"bundle_layout":"","bundle_add_to_cart_form_location":"","bundle_editable_in_cart":false,"bundle_sold_individually_context":"","bundle_item_grouping":"","bundle_min_size":"","bundle_max_size":"","bundle_price":[],"bundled_items":[],"bundle_sell_ids":[],"acf":[],"yoast_head":"<!-- This site is optimized with the Yoast SEO plugin v27.0 - https:\/\/yoast.com\/product\/yoast-seo-wordpress\/ -->\n<title>Adapter 13-7 POL 12V LED - Xenonkungen<\/title>\n<meta name=\"robots\" content=\"index, follow, max-snippet:-1, max-image-preview:large, max-video-preview:-1\" \/>\n<link rel=\"canonical\" href=\"https:\/\/xenonkungen.com\/es\/producto\/adaptador-13-led-de-7-pines-y-12-v\/\" \/>\n<meta property=\"og:locale\" content=\"es_ES\" \/>\n<meta property=\"og:type\" content=\"article\" \/>\n<meta property=\"og:title\" content=\"Adapter 13-7 POL 12V LED - Xenonkungen\" \/>\n<meta property=\"og:description\" content=\"Ger problemfri ljusfunktion f\u00f6r alla sl\u00e4pvagnar med 7-polig kontakt utrustad med LED belysning och dragbilar med sk. Can-bus ljus\u00f6vervakning med 13-poligt eluttag. &#8211; Har du eller skall du byta till LED belysning p\u00e5 din sl\u00e4pvagn?&#8211; Har ekipaget bristande ljusfunktion och\/eller varnar inte vid lampfel? Flertalet nyare europeiska bilar \u00e4r utrustade med 13 stifts str\u00f6manslutning f\u00f6r [&hellip;]\" \/>\n<meta property=\"og:url\" content=\"https:\/\/xenonkungen.com\/es\/producto\/adaptador-13-led-de-7-pines-y-12-v\/\" \/>\n<meta property=\"og:site_name\" content=\"Xenonkungen\" \/>\n<meta property=\"article:modified_time\" content=\"2026-04-01T06:57:12+00:00\" \/>\n<meta property=\"og:image\" content=\"https:\/\/xenonkungen.com\/wp-content\/uploads\/2025\/04\/26752080-origpic-758708.jpg\" \/>\n\t<meta property=\"og:image:width\" content=\"1000\" \/>\n\t<meta property=\"og:image:height\" content=\"1000\" \/>\n\t<meta property=\"og:image:type\" content=\"image\/jpeg\" \/>\n<meta name=\"twitter:card\" content=\"summary_large_image\" \/>\n<meta name=\"twitter:label1\" content=\"Tiempo de lectura\" \/>\n\t<meta name=\"twitter:data1\" content=\"1 minuto\" \/>\n<script type=\"application\/ld+json\" class=\"yoast-schema-graph\">{\"@context\":\"https:\/\/schema.org\",\"@graph\":[{\"@type\":\"WebPage\",\"@id\":\"https:\/\/xenonkungen.com\/en\/product\/adapter-13-7-pin-12v-led\/\",\"url\":\"https:\/\/xenonkungen.com\/en\/product\/adapter-13-7-pin-12v-led\/\",\"name\":\"Adapter 13-7 POL 12V LED - Xenonkungen\",\"isPartOf\":{\"@id\":\"https:\/\/xenonkungen.com\/#website\"},\"primaryImageOfPage\":{\"@id\":\"https:\/\/xenonkungen.com\/en\/product\/adapter-13-7-pin-12v-led\/#primaryimage\"},\"image\":{\"@id\":\"https:\/\/xenonkungen.com\/en\/product\/adapter-13-7-pin-12v-led\/#primaryimage\"},\"thumbnailUrl\":\"https:\/\/xenonkungen.com\/wp-content\/uploads\/2025\/04\/26752080-origpic-758708.jpg\",\"datePublished\":\"2025-04-15T08:00:23+00:00\",\"dateModified\":\"2026-04-01T06:57:12+00:00\",\"breadcrumb\":{\"@id\":\"https:\/\/xenonkungen.com\/en\/product\/adapter-13-7-pin-12v-led\/#breadcrumb\"},\"inLanguage\":\"es\",\"potentialAction\":[{\"@type\":\"ReadAction\",\"target\":[\"https:\/\/xenonkungen.com\/en\/product\/adapter-13-7-pin-12v-led\/\"]}]},{\"@type\":\"ImageObject\",\"inLanguage\":\"es\",\"@id\":\"https:\/\/xenonkungen.com\/en\/product\/adapter-13-7-pin-12v-led\/#primaryimage\",\"url\":\"https:\/\/xenonkungen.com\/wp-content\/uploads\/2025\/04\/26752080-origpic-758708.jpg\",\"contentUrl\":\"https:\/\/xenonkungen.com\/wp-content\/uploads\/2025\/04\/26752080-origpic-758708.jpg\",\"width\":1000,\"height\":1000},{\"@type\":\"BreadcrumbList\",\"@id\":\"https:\/\/xenonkungen.com\/en\/product\/adapter-13-7-pin-12v-led\/#breadcrumb\",\"itemListElement\":[{\"@type\":\"ListItem\",\"position\":1,\"name\":\"Hem\",\"item\":\"https:\/\/xenonkungen.com\/\"},{\"@type\":\"ListItem\",\"position\":2,\"name\":\"Shop\",\"item\":\"https:\/\/xenonkungen.com\/shop\/\"},{\"@type\":\"ListItem\",\"position\":3,\"name\":\"Adapter 13-7 POL 12V LED\"}]},{\"@type\":\"WebSite\",\"@id\":\"https:\/\/xenonkungen.com\/#website\",\"url\":\"https:\/\/xenonkungen.com\/\",\"name\":\"Xenonkungen\",\"description\":\"\",\"potentialAction\":[{\"@type\":\"SearchAction\",\"target\":{\"@type\":\"EntryPoint\",\"urlTemplate\":\"https:\/\/xenonkungen.com\/?s={search_term_string}\"},\"query-input\":{\"@type\":\"PropertyValueSpecification\",\"valueRequired\":true,\"valueName\":\"search_term_string\"}}],\"inLanguage\":\"es\"}]}<\/script>\n<!-- \/ Yoast SEO plugin. -->","yoast_head_json":{"title":"Adaptador 13-7 POL 12V LED - El rey del xen\u00f3n","robots":{"index":"index","follow":"follow","max-snippet":"max-snippet:-1","max-image-preview":"max-image-preview:large","max-video-preview":"max-video-preview:-1"},"canonical":"https:\/\/xenonkungen.com\/es\/producto\/adaptador-13-led-de-7-pines-y-12-v\/","og_locale":"es_ES","og_type":"article","og_title":"Adapter 13-7 POL 12V LED - Xenonkungen","og_description":"Ger problemfri ljusfunktion f\u00f6r alla sl\u00e4pvagnar med 7-polig kontakt utrustad med LED belysning och dragbilar med sk. Can-bus ljus\u00f6vervakning med 13-poligt eluttag. &#8211; Har du eller skall du byta till LED belysning p\u00e5 din sl\u00e4pvagn?&#8211; Har ekipaget bristande ljusfunktion och\/eller varnar inte vid lampfel? Flertalet nyare europeiska bilar \u00e4r utrustade med 13 stifts str\u00f6manslutning f\u00f6r [&hellip;]","og_url":"https:\/\/xenonkungen.com\/es\/producto\/adaptador-13-led-de-7-pines-y-12-v\/","og_site_name":"Xenonkungen","article_modified_time":"2026-04-01T06:57:12+00:00","og_image":[{"width":1000,"height":1000,"url":"https:\/\/xenonkungen.com\/wp-content\/uploads\/2025\/04\/26752080-origpic-758708.jpg","type":"image\/jpeg"}],"twitter_card":"summary_large_image","twitter_misc":{"Tiempo de lectura":"1 minuto"},"schema":{"@context":"https:\/\/schema.org","@graph":[{"@type":"WebPage","@id":"https:\/\/xenonkungen.com\/en\/product\/adapter-13-7-pin-12v-led\/","url":"https:\/\/xenonkungen.com\/en\/product\/adapter-13-7-pin-12v-led\/","name":"Adaptador 13-7 POL 12V LED - El rey del xen\u00f3n","isPartOf":{"@id":"https:\/\/xenonkungen.com\/#website"},"primaryImageOfPage":{"@id":"https:\/\/xenonkungen.com\/en\/product\/adapter-13-7-pin-12v-led\/#primaryimage"},"image":{"@id":"https:\/\/xenonkungen.com\/en\/product\/adapter-13-7-pin-12v-led\/#primaryimage"},"thumbnailUrl":"https:\/\/xenonkungen.com\/wp-content\/uploads\/2025\/04\/26752080-origpic-758708.jpg","datePublished":"2025-04-15T08:00:23+00:00","dateModified":"2026-04-01T06:57:12+00:00","breadcrumb":{"@id":"https:\/\/xenonkungen.com\/en\/product\/adapter-13-7-pin-12v-led\/#breadcrumb"},"inLanguage":"es","potentialAction":[{"@type":"ReadAction","target":["https:\/\/xenonkungen.com\/en\/product\/adapter-13-7-pin-12v-led\/"]}]},{"@type":"ImageObject","inLanguage":"es","@id":"https:\/\/xenonkungen.com\/en\/product\/adapter-13-7-pin-12v-led\/#primaryimage","url":"https:\/\/xenonkungen.com\/wp-content\/uploads\/2025\/04\/26752080-origpic-758708.jpg","contentUrl":"https:\/\/xenonkungen.com\/wp-content\/uploads\/2025\/04\/26752080-origpic-758708.jpg","width":1000,"height":1000},{"@type":"BreadcrumbList","@id":"https:\/\/xenonkungen.com\/en\/product\/adapter-13-7-pin-12v-led\/#breadcrumb","itemListElement":[{"@type":"ListItem","position":1,"name":"Hem","item":"https:\/\/xenonkungen.com\/"},{"@type":"ListItem","position":2,"name":"Shop","item":"https:\/\/xenonkungen.com\/shop\/"},{"@type":"ListItem","position":3,"name":"Adapter 13-7 POL 12V LED"}]},{"@type":"WebSite","@id":"https:\/\/xenonkungen.com\/#website","url":"https:\/\/xenonkungen.com\/","name":"Xenonkungen","description":"","potentialAction":[{"@type":"SearchAction","target":{"@type":"EntryPoint","urlTemplate":"https:\/\/xenonkungen.com\/?s={search_term_string}"},"query-input":{"@type":"PropertyValueSpecification","valueRequired":true,"valueName":"search_term_string"}}],"inLanguage":"es"}]}},"taxonomy_info":{"anvandningsomrade":[{"value":166,"label":"Lastbil"},{"value":238,"label":"SL\u00c4P"},{"value":2816,"label":"TRAILER"}],"product_brand":[{"value":117,"label":"Xenonkungen"}],"product_cat":[{"value":3015,"label":"Probleml\u00f6sare"},{"value":2446,"label":"Tillbeh\u00f6r"}]},"featured_image_src_large":["https:\/\/xenonkungen.com\/wp-content\/uploads\/2025\/04\/26752080-origpic-758708.jpg",1000,1000,false],"author_info":[],"comment_info":0,"_links":{"self":[{"href":"https:\/\/xenonkungen.com\/es\/wp-json\/wp\/v2\/product\/1154","targetHints":{"allow":["GET"]}}],"collection":[{"href":"https:\/\/xenonkungen.com\/es\/wp-json\/wp\/v2\/product"}],"about":[{"href":"https:\/\/xenonkungen.com\/es\/wp-json\/wp\/v2\/types\/product"}],"replies":[{"embeddable":true,"href":"https:\/\/xenonkungen.com\/es\/wp-json\/wp\/v2\/comments?post=1154"}],"wp:featuredmedia":[{"embeddable":true,"href":"https:\/\/xenonkungen.com\/es\/wp-json\/wp\/v2\/media\/1155"}],"wp:attachment":[{"href":"https:\/\/xenonkungen.com\/es\/wp-json\/wp\/v2\/media?parent=1154"}],"wp:term":[{"taxonomy":"anvandningsomrade","embeddable":true,"href":"https:\/\/xenonkungen.com\/es\/wp-json\/wp\/v2\/anvandningsomrade?post=1154"},{"taxonomy":"bilmarken","embeddable":true,"href":"https:\/\/xenonkungen.com\/es\/wp-json\/wp\/v2\/bilmarken?post=1154"},{"taxonomy":"product_brand","embeddable":true,"href":"https:\/\/xenonkungen.com\/es\/wp-json\/wp\/v2\/product_brand?post=1154"},{"taxonomy":"product_cat","embeddable":true,"href":"https:\/\/xenonkungen.com\/es\/wp-json\/wp\/v2\/product_cat?post=1154"},{"taxonomy":"product_tag","embeddable":true,"href":"https:\/\/xenonkungen.com\/es\/wp-json\/wp\/v2\/product_tag?post=1154"}],"curies":[{"name":"wp","href":"https:\/\/api.w.org\/{rel}","templated":true}]}}