{"id":11579,"date":"2025-06-23T13:51:00","date_gmt":"2025-06-23T13:51:00","guid":{"rendered":"https:\/\/xenonkungen.com\/produkt\/interior-led-list-260mm-on-off-silver\/"},"modified":"2026-04-11T00:47:32","modified_gmt":"2026-04-10T23:47:32","slug":"tira-de-led-interior-de-260-mm-color-plateado-encendido-y-apagado","status":"publish","type":"product","link":"https:\/\/xenonkungen.com\/es\/producto\/tira-de-led-interior-de-260-mm-color-plateado-encendido-y-apagado\/","title":{"rendered":"Tira LED interior de 260 mm | Encendido\/Apagado | Plateada"},"content":{"rendered":"<h1>Iluminaci\u00f3n interior elegante<\/h1>\n<p>Dise\u00f1ada con un perfil de aluminio resistente con acabado plateado y un interruptor de encendido\/apagado sensible al tacto, esta luz de trabajo interior delgada y de alta calidad es ideal para usar en todo tipo de interiores de veh\u00edculos, como furgonetas de servicio y caravanas, donde se requiere iluminaci\u00f3n de trabajo blanca diurna (6500K).<\/p>\n<p>Dise\u00f1ado con calidad en cada detalle, con un marco de aluminio s\u00f3lido coloreado electrol\u00edticamente y una lente hecha de policarbonato esmerilado resistente a los impactos, el accesorio no solo garantiza satisfacci\u00f3n est\u00e9tica sino tambi\u00e9n durabilidad y confiabilidad a largo plazo.<\/p>\n<h2>Caracter\u00edsticas y funciones<\/h2>\n<ul>\n<li>Bot\u00f3n de encendido y apagado sensible al tacto para un uso f\u00e1cil.<\/li>\n<li>Marco de aluminio macizo con acabado plata electrol\u00edtica.<\/li>\n<li>Lente de policarbonato esmerilado resistente a los impactos.<\/li>\n<li>Clasificaci\u00f3n IP67: Resistente a golpes y vibraciones, totalmente sumergible y puede soportar lavado a alta presi\u00f3n.<\/li>\n<li>Protegido contra cortocircuitos para mayor seguridad.<\/li>\n<\/ul>\n<p>Esta luz de trabajo no solo es un elemento funcional para el interior de su veh\u00edculo, sino que tambi\u00e9n aporta una est\u00e9tica moderna que complementa la apariencia de cualquier espacio. Su alta calidad y su cuidado dise\u00f1o la convierten en un elemento indispensable del equipamiento de su veh\u00edculo, garantizando siempre acceso a una iluminaci\u00f3n fiable y eficiente.<\/p>","protected":false},"excerpt":{"rendered":"<p>Slimmad Interi\u00f6r Arbetsbelysning Denna h\u00f6gkvalitativa och slimmade interi\u00f6r arbetsbelysning \u00e4r utformad med en stabil aluminiumprofil i silverfinish och en ber\u00f6ringsk\u00e4nslig av\/p\u00e5 knapp. Den \u00e4r idealisk f\u00f6r anv\u00e4ndning i alla typer av fordonsinteri\u00f6rer, s\u00e5som servicebilar och husvagnar, d\u00e4r dagsljusvit (6500K) arbetsbelysning \u00e4r efterfr\u00e5gad. Armaturen \u00e4r framtagen med fokus p\u00e5 kvalitet i varje detalj, inneh\u00e5llande en solid [&hellip;]<\/p>","protected":false},"featured_media":10769,"comment_status":"closed","ping_status":"closed","template":"","meta":{"_acf_changed":false,"_smort_price_nok":"374","_smort_price_dkk":"237","_smort_price_eur":"31.82","_smort_sale_price_nok":"","_smort_sale_price_dkk":"","_smort_sale_price_eur":"","smort_restorder":"","shipmondo_restorder":"","_kad_blocks_custom_css":"","_kad_blocks_head_custom_js":"","_kad_blocks_body_custom_js":"","_kad_blocks_footer_custom_js":"","smort_custom_pricelist_1":null,"smort_custom_pricelist_2":null,"smort_custom_pricelist_3":null,"smort_custom_pricelist_4":null,"smort_custom_pricelist_5":null},"anvandningsomrade":[166,238,2816],"bilmarken":[],"product_brand":[1252],"product_cat":[2586],"product_tag":[],"class_list":{"0":"post-11579","1":"product","2":"type-product","3":"status-publish","4":"has-post-thumbnail","6":"anvandningsomrade-lastbil","7":"anvandningsomrade-slap","8":"anvandningsomrade-trailer","9":"product_brand-lea","10":"product_cat-interiorbelysning-slap","11":"pa_fargtemperatur-6500k","12":"pa_fuktskydd-varde-ipxx-ip67","13":"pa_storlek-mm-260x40x11","14":"pa_stromforbrukning-025a-28v","15":"pa_stromforbrukning-048a-144v","16":"pa_volt-v-159","17":"pa_volt-v-160","19":"first","20":"instock","21":"taxable","22":"shipping-taxable","23":"purchasable","24":"product-type-variable"},"bundled_by":[],"bundle_stock_status":"instock","bundle_stock_quantity":null,"bundle_virtual":false,"bundle_layout":"","bundle_add_to_cart_form_location":"","bundle_editable_in_cart":false,"bundle_sold_individually_context":"","bundle_item_grouping":"","bundle_min_size":"","bundle_max_size":"","bundle_price":[],"bundled_items":[],"bundle_sell_ids":[],"acf":[],"yoast_head":"<!-- This site is optimized with the Yoast SEO plugin v27.0 - https:\/\/yoast.com\/product\/yoast-seo-wordpress\/ -->\n<title>Interi\u00f6r LED-list 260mm | ON\/OFF | Silver - Xenonkungen<\/title>\n<meta name=\"robots\" content=\"index, follow, max-snippet:-1, max-image-preview:large, max-video-preview:-1\" \/>\n<link rel=\"canonical\" href=\"https:\/\/xenonkungen.com\/es\/producto\/tira-de-led-interior-de-260-mm-color-plateado-encendido-y-apagado\/\" \/>\n<meta property=\"og:locale\" content=\"es_ES\" \/>\n<meta property=\"og:type\" content=\"article\" \/>\n<meta property=\"og:title\" content=\"Interi\u00f6r LED-list 260mm | ON\/OFF | Silver - Xenonkungen\" \/>\n<meta property=\"og:description\" content=\"Slimmad Interi\u00f6r Arbetsbelysning Denna h\u00f6gkvalitativa och slimmade interi\u00f6r arbetsbelysning \u00e4r utformad med en stabil aluminiumprofil i silverfinish och en ber\u00f6ringsk\u00e4nslig av\/p\u00e5 knapp. Den \u00e4r idealisk f\u00f6r anv\u00e4ndning i alla typer av fordonsinteri\u00f6rer, s\u00e5som servicebilar och husvagnar, d\u00e4r dagsljusvit (6500K) arbetsbelysning \u00e4r efterfr\u00e5gad. Armaturen \u00e4r framtagen med fokus p\u00e5 kvalitet i varje detalj, inneh\u00e5llande en solid [&hellip;]\" \/>\n<meta property=\"og:url\" content=\"https:\/\/xenonkungen.com\/es\/producto\/tira-de-led-interior-de-260-mm-color-plateado-encendido-y-apagado\/\" \/>\n<meta property=\"og:site_name\" content=\"Xenonkungen\" \/>\n<meta property=\"article:modified_time\" content=\"2026-04-10T23:47:32+00:00\" \/>\n<meta property=\"og:image\" content=\"https:\/\/xenonkungen.com\/wp-content\/uploads\/2025\/06\/38122321-origpic-2b399d.png\" \/>\n\t<meta property=\"og:image:width\" content=\"700\" \/>\n\t<meta property=\"og:image:height\" content=\"700\" \/>\n\t<meta property=\"og:image:type\" content=\"image\/png\" \/>\n<meta name=\"twitter:card\" content=\"summary_large_image\" \/>\n<meta name=\"twitter:label1\" content=\"Tiempo de lectura\" \/>\n\t<meta name=\"twitter:data1\" content=\"1 minuto\" \/>\n<script type=\"application\/ld+json\" class=\"yoast-schema-graph\">{\"@context\":\"https:\/\/schema.org\",\"@graph\":[{\"@type\":\"WebPage\",\"@id\":\"https:\/\/xenonkungen.com\/produkt\/interior-led-list-260mm-on-off-silver\/\",\"url\":\"https:\/\/xenonkungen.com\/produkt\/interior-led-list-260mm-on-off-silver\/\",\"name\":\"Interi\u00f6r LED-list 260mm | ON\/OFF | Silver - Xenonkungen\",\"isPartOf\":{\"@id\":\"https:\/\/xenonkungen.com\/#website\"},\"primaryImageOfPage\":{\"@id\":\"https:\/\/xenonkungen.com\/produkt\/interior-led-list-260mm-on-off-silver\/#primaryimage\"},\"image\":{\"@id\":\"https:\/\/xenonkungen.com\/produkt\/interior-led-list-260mm-on-off-silver\/#primaryimage\"},\"thumbnailUrl\":\"https:\/\/xenonkungen.com\/wp-content\/uploads\/2025\/06\/38122321-origpic-2b399d.png\",\"datePublished\":\"2025-06-23T13:51:00+00:00\",\"dateModified\":\"2026-04-10T23:47:32+00:00\",\"breadcrumb\":{\"@id\":\"https:\/\/xenonkungen.com\/produkt\/interior-led-list-260mm-on-off-silver\/#breadcrumb\"},\"inLanguage\":\"es\",\"potentialAction\":[{\"@type\":\"ReadAction\",\"target\":[\"https:\/\/xenonkungen.com\/produkt\/interior-led-list-260mm-on-off-silver\/\"]}]},{\"@type\":\"ImageObject\",\"inLanguage\":\"es\",\"@id\":\"https:\/\/xenonkungen.com\/produkt\/interior-led-list-260mm-on-off-silver\/#primaryimage\",\"url\":\"https:\/\/xenonkungen.com\/wp-content\/uploads\/2025\/06\/38122321-origpic-2b399d.png\",\"contentUrl\":\"https:\/\/xenonkungen.com\/wp-content\/uploads\/2025\/06\/38122321-origpic-2b399d.png\",\"width\":700,\"height\":700},{\"@type\":\"BreadcrumbList\",\"@id\":\"https:\/\/xenonkungen.com\/produkt\/interior-led-list-260mm-on-off-silver\/#breadcrumb\",\"itemListElement\":[{\"@type\":\"ListItem\",\"position\":1,\"name\":\"Hem\",\"item\":\"https:\/\/xenonkungen.com\/\"},{\"@type\":\"ListItem\",\"position\":2,\"name\":\"Shop\",\"item\":\"https:\/\/xenonkungen.com\/shop\/\"},{\"@type\":\"ListItem\",\"position\":3,\"name\":\"Interi\u00f6r LED-list 260mm | ON\/OFF | Silver\"}]},{\"@type\":\"WebSite\",\"@id\":\"https:\/\/xenonkungen.com\/#website\",\"url\":\"https:\/\/xenonkungen.com\/\",\"name\":\"Xenonkungen\",\"description\":\"\",\"potentialAction\":[{\"@type\":\"SearchAction\",\"target\":{\"@type\":\"EntryPoint\",\"urlTemplate\":\"https:\/\/xenonkungen.com\/?s={search_term_string}\"},\"query-input\":{\"@type\":\"PropertyValueSpecification\",\"valueRequired\":true,\"valueName\":\"search_term_string\"}}],\"inLanguage\":\"es\"}]}<\/script>\n<!-- \/ Yoast SEO plugin. -->","yoast_head_json":{"title":"Tira LED interior de 260 mm | Encendido\/Apagado | Plateada - Xen\u00f3n","robots":{"index":"index","follow":"follow","max-snippet":"max-snippet:-1","max-image-preview":"max-image-preview:large","max-video-preview":"max-video-preview:-1"},"canonical":"https:\/\/xenonkungen.com\/es\/producto\/tira-de-led-interior-de-260-mm-color-plateado-encendido-y-apagado\/","og_locale":"es_ES","og_type":"article","og_title":"Interi\u00f6r LED-list 260mm | ON\/OFF | Silver - Xenonkungen","og_description":"Slimmad Interi\u00f6r Arbetsbelysning Denna h\u00f6gkvalitativa och slimmade interi\u00f6r arbetsbelysning \u00e4r utformad med en stabil aluminiumprofil i silverfinish och en ber\u00f6ringsk\u00e4nslig av\/p\u00e5 knapp. Den \u00e4r idealisk f\u00f6r anv\u00e4ndning i alla typer av fordonsinteri\u00f6rer, s\u00e5som servicebilar och husvagnar, d\u00e4r dagsljusvit (6500K) arbetsbelysning \u00e4r efterfr\u00e5gad. Armaturen \u00e4r framtagen med fokus p\u00e5 kvalitet i varje detalj, inneh\u00e5llande en solid [&hellip;]","og_url":"https:\/\/xenonkungen.com\/es\/producto\/tira-de-led-interior-de-260-mm-color-plateado-encendido-y-apagado\/","og_site_name":"Xenonkungen","article_modified_time":"2026-04-10T23:47:32+00:00","og_image":[{"width":700,"height":700,"url":"https:\/\/xenonkungen.com\/wp-content\/uploads\/2025\/06\/38122321-origpic-2b399d.png","type":"image\/png"}],"twitter_card":"summary_large_image","twitter_misc":{"Tiempo de lectura":"1 minuto"},"schema":{"@context":"https:\/\/schema.org","@graph":[{"@type":"WebPage","@id":"https:\/\/xenonkungen.com\/produkt\/interior-led-list-260mm-on-off-silver\/","url":"https:\/\/xenonkungen.com\/produkt\/interior-led-list-260mm-on-off-silver\/","name":"Tira LED interior de 260 mm | Encendido\/Apagado | Plateada - Xen\u00f3n","isPartOf":{"@id":"https:\/\/xenonkungen.com\/#website"},"primaryImageOfPage":{"@id":"https:\/\/xenonkungen.com\/produkt\/interior-led-list-260mm-on-off-silver\/#primaryimage"},"image":{"@id":"https:\/\/xenonkungen.com\/produkt\/interior-led-list-260mm-on-off-silver\/#primaryimage"},"thumbnailUrl":"https:\/\/xenonkungen.com\/wp-content\/uploads\/2025\/06\/38122321-origpic-2b399d.png","datePublished":"2025-06-23T13:51:00+00:00","dateModified":"2026-04-10T23:47:32+00:00","breadcrumb":{"@id":"https:\/\/xenonkungen.com\/produkt\/interior-led-list-260mm-on-off-silver\/#breadcrumb"},"inLanguage":"es","potentialAction":[{"@type":"ReadAction","target":["https:\/\/xenonkungen.com\/produkt\/interior-led-list-260mm-on-off-silver\/"]}]},{"@type":"ImageObject","inLanguage":"es","@id":"https:\/\/xenonkungen.com\/produkt\/interior-led-list-260mm-on-off-silver\/#primaryimage","url":"https:\/\/xenonkungen.com\/wp-content\/uploads\/2025\/06\/38122321-origpic-2b399d.png","contentUrl":"https:\/\/xenonkungen.com\/wp-content\/uploads\/2025\/06\/38122321-origpic-2b399d.png","width":700,"height":700},{"@type":"BreadcrumbList","@id":"https:\/\/xenonkungen.com\/produkt\/interior-led-list-260mm-on-off-silver\/#breadcrumb","itemListElement":[{"@type":"ListItem","position":1,"name":"Hem","item":"https:\/\/xenonkungen.com\/"},{"@type":"ListItem","position":2,"name":"Shop","item":"https:\/\/xenonkungen.com\/shop\/"},{"@type":"ListItem","position":3,"name":"Interi\u00f6r LED-list 260mm | ON\/OFF | Silver"}]},{"@type":"WebSite","@id":"https:\/\/xenonkungen.com\/#website","url":"https:\/\/xenonkungen.com\/","name":"Xenonkungen","description":"","potentialAction":[{"@type":"SearchAction","target":{"@type":"EntryPoint","urlTemplate":"https:\/\/xenonkungen.com\/?s={search_term_string}"},"query-input":{"@type":"PropertyValueSpecification","valueRequired":true,"valueName":"search_term_string"}}],"inLanguage":"es"}]}},"taxonomy_info":{"anvandningsomrade":[{"value":166,"label":"Lastbil"},{"value":238,"label":"SL\u00c4P"},{"value":2816,"label":"TRAILER"}],"product_brand":[{"value":1252,"label":"LEA"}],"product_cat":[{"value":2586,"label":"Interi\u00f6rbelysning"}],"pa_fargtemperatur":[{"value":353,"label":"6500K"}],"pa_fuktskydd-varde-ipxx":[{"value":333,"label":"IP67"}],"pa_storlek-mm":[{"value":2405,"label":"260x40x11"}],"pa_stromforbrukning":[{"value":2260,"label":"0,25A @28V"},{"value":2259,"label":"0,48A @14,4V"}],"pa_volt-v":[{"value":159,"label":"12"},{"value":160,"label":"24"}]},"featured_image_src_large":["https:\/\/xenonkungen.com\/wp-content\/uploads\/2025\/06\/38122321-origpic-2b399d.png",700,700,false],"author_info":[],"comment_info":0,"_links":{"self":[{"href":"https:\/\/xenonkungen.com\/es\/wp-json\/wp\/v2\/product\/11579","targetHints":{"allow":["GET"]}}],"collection":[{"href":"https:\/\/xenonkungen.com\/es\/wp-json\/wp\/v2\/product"}],"about":[{"href":"https:\/\/xenonkungen.com\/es\/wp-json\/wp\/v2\/types\/product"}],"replies":[{"embeddable":true,"href":"https:\/\/xenonkungen.com\/es\/wp-json\/wp\/v2\/comments?post=11579"}],"wp:featuredmedia":[{"embeddable":true,"href":"https:\/\/xenonkungen.com\/es\/wp-json\/wp\/v2\/media\/10769"}],"wp:attachment":[{"href":"https:\/\/xenonkungen.com\/es\/wp-json\/wp\/v2\/media?parent=11579"}],"wp:term":[{"taxonomy":"anvandningsomrade","embeddable":true,"href":"https:\/\/xenonkungen.com\/es\/wp-json\/wp\/v2\/anvandningsomrade?post=11579"},{"taxonomy":"bilmarken","embeddable":true,"href":"https:\/\/xenonkungen.com\/es\/wp-json\/wp\/v2\/bilmarken?post=11579"},{"taxonomy":"product_brand","embeddable":true,"href":"https:\/\/xenonkungen.com\/es\/wp-json\/wp\/v2\/product_brand?post=11579"},{"taxonomy":"product_cat","embeddable":true,"href":"https:\/\/xenonkungen.com\/es\/wp-json\/wp\/v2\/product_cat?post=11579"},{"taxonomy":"product_tag","embeddable":true,"href":"https:\/\/xenonkungen.com\/es\/wp-json\/wp\/v2\/product_tag?post=11579"}],"curies":[{"name":"wp","href":"https:\/\/api.w.org\/{rel}","templated":true}]}}