{"id":11606,"date":"2025-06-23T13:51:11","date_gmt":"2025-06-23T13:51:11","guid":{"rendered":"https:\/\/xenonkungen.com\/produkt\/interiorlampa-o80mm-night-svart\/"},"modified":"2026-04-11T00:52:46","modified_gmt":"2026-04-10T23:52:46","slug":"lampara-interior-de-80-mm-color-negro-noche","status":"publish","type":"product","link":"https:\/\/xenonkungen.com\/es\/producto\/lampara-interior-de-80-mm-color-negro-noche\/","title":{"rendered":"Luz interior \u00d880mm | Noche | Negro"},"content":{"rendered":"<h1 class=\"title\">L\u00e1mpara de interior LED con marco negro y luz blanca c\u00e1lida<\/h1>\n<p class=\"description\">Una innovadora luz interior LED que ofrece tanto luz blanca c\u00e1lida para el d\u00eda como un modo de luz nocturna roja para minimizar las molestias durante la noche. Dise\u00f1ada con un pulsador para facilitar el encendido y una lente resistente a los impactos, esta l\u00e1mpara garantiza durabilidad e iluminaci\u00f3n personalizable para cualquier situaci\u00f3n.<\/p>\n<h2 class=\"subtitle\">Funciones y caracter\u00edsticas:<\/h2>\n<ul>\n<li>Elegante marco negro para un look moderno.<\/li>\n<li>LED blanco c\u00e1lido para una luz acogedora, complementada con una luz nocturna roja.<\/li>\n<li>F\u00e1cil manejo con pulsador para cambiar de modo de iluminaci\u00f3n.<\/li>\n<li>Distribuci\u00f3n de la luz en 360 grados para una iluminaci\u00f3n completa.<\/li>\n<li>Clasificaci\u00f3n IP67 para una resistencia \u00f3ptima al agua y al polvo.<\/li>\n<li>Protecci\u00f3n contra cortocircuitos para mayor seguridad.<\/li>\n<\/ul>\n<h2 class=\"subtitle\">\u00c1reas de uso:<\/h2>\n<p class=\"usage-text\">Ideal para veh\u00edculos, hogares y lugares de trabajo donde se requiere una iluminaci\u00f3n flexible y fiable.<\/p>\n<h2 class=\"subtitle\">Instalaci\u00f3n:<\/h2>\n<p class=\"installation-text\">Dise\u00f1ada para un montaje sencillo, esta l\u00e1mpara puede instalarse r\u00e1pidamente en diversos entornos gracias a su tama\u00f1o compacto y a sus flexibles opciones de montaje.<\/p>","protected":false},"excerpt":{"rendered":"<p>LED Interi\u00f6rlampa med Svart Sarg och Varmvitt Ljus En innovativ LED interi\u00f6rlampa som erbjuder b\u00e5de varmvitt ljus f\u00f6r dagtid och ett r\u00f6tt nattljusl\u00e4ge f\u00f6r minimal st\u00f6rning under nattetid. Utformad med en tryckknapp f\u00f6r enkel omkoppling och en slagt\u00e5lig lins, garanterar denna lampa h\u00e5llbarhet och anpassningsbar belysning f\u00f6r alla situationer. Funktioner och Egenskaper: Elegant svart sarg [&hellip;]<\/p>","protected":false},"featured_media":10827,"comment_status":"closed","ping_status":"closed","template":"","meta":{"_acf_changed":false,"_smort_price_nok":"256","_smort_price_dkk":"163","_smort_price_eur":"21.82","_smort_sale_price_nok":"","_smort_sale_price_dkk":"","_smort_sale_price_eur":"","smort_restorder":"","shipmondo_restorder":"","_kad_blocks_custom_css":"","_kad_blocks_head_custom_js":"","_kad_blocks_body_custom_js":"","_kad_blocks_footer_custom_js":"","smort_custom_pricelist_1":"134.4","smort_custom_pricelist_2":"134.4","smort_custom_pricelist_3":"127.68","smort_custom_pricelist_4":"192","smort_custom_pricelist_5":"134.4"},"anvandningsomrade":[166,238,2816],"bilmarken":[],"product_brand":[1252],"product_cat":[2586],"product_tag":[],"class_list":{"0":"post-11606","1":"product","2":"type-product","3":"status-publish","4":"has-post-thumbnail","6":"anvandningsomrade-lastbil","7":"anvandningsomrade-slap","8":"anvandningsomrade-trailer","9":"product_brand-lea","10":"product_cat-interiorbelysning-slap","11":"pa_fuktskydd-varde-ipxx-ip67","12":"pa_storlek-mm-80x14","13":"pa_stromforbrukning-004a-28v","14":"pa_stromforbrukning-009a-138v","15":"pa_volt-v-159","16":"pa_volt-v-160","18":"first","19":"outofstock","20":"taxable","21":"shipping-taxable","22":"purchasable","23":"product-type-variable"},"bundled_by":[],"bundle_stock_status":"outofstock","bundle_stock_quantity":0,"bundle_virtual":false,"bundle_layout":"","bundle_add_to_cart_form_location":"","bundle_editable_in_cart":false,"bundle_sold_individually_context":"","bundle_item_grouping":"","bundle_min_size":"","bundle_max_size":"","bundle_price":[],"bundled_items":[],"bundle_sell_ids":[],"acf":[],"yoast_head":"<!-- This site is optimized with the Yoast SEO plugin v27.0 - https:\/\/yoast.com\/product\/yoast-seo-wordpress\/ -->\n<title>Interi\u00f6rlampa \u00d880mm | Night | Svart - Xenonkungen<\/title>\n<meta name=\"robots\" content=\"index, follow, max-snippet:-1, max-image-preview:large, max-video-preview:-1\" \/>\n<link rel=\"canonical\" href=\"https:\/\/xenonkungen.com\/es\/producto\/lampara-interior-de-80-mm-color-negro-noche\/\" \/>\n<meta property=\"og:locale\" content=\"es_ES\" \/>\n<meta property=\"og:type\" content=\"article\" \/>\n<meta property=\"og:title\" content=\"Interi\u00f6rlampa \u00d880mm | Night | Svart - Xenonkungen\" \/>\n<meta property=\"og:description\" content=\"LED Interi\u00f6rlampa med Svart Sarg och Varmvitt Ljus En innovativ LED interi\u00f6rlampa som erbjuder b\u00e5de varmvitt ljus f\u00f6r dagtid och ett r\u00f6tt nattljusl\u00e4ge f\u00f6r minimal st\u00f6rning under nattetid. Utformad med en tryckknapp f\u00f6r enkel omkoppling och en slagt\u00e5lig lins, garanterar denna lampa h\u00e5llbarhet och anpassningsbar belysning f\u00f6r alla situationer. Funktioner och Egenskaper: Elegant svart sarg [&hellip;]\" \/>\n<meta property=\"og:url\" content=\"https:\/\/xenonkungen.com\/es\/producto\/lampara-interior-de-80-mm-color-negro-noche\/\" \/>\n<meta property=\"og:site_name\" content=\"Xenonkungen\" \/>\n<meta property=\"article:modified_time\" content=\"2026-04-10T23:52:46+00:00\" \/>\n<meta property=\"og:image\" content=\"https:\/\/xenonkungen.com\/wp-content\/uploads\/2025\/06\/7338029-origpic-31885c.jpg\" \/>\n\t<meta property=\"og:image:width\" content=\"600\" \/>\n\t<meta property=\"og:image:height\" content=\"600\" \/>\n\t<meta property=\"og:image:type\" content=\"image\/jpeg\" \/>\n<meta name=\"twitter:card\" content=\"summary_large_image\" \/>\n<meta name=\"twitter:label1\" content=\"Tiempo de lectura\" \/>\n\t<meta name=\"twitter:data1\" content=\"1 minuto\" \/>\n<script type=\"application\/ld+json\" class=\"yoast-schema-graph\">{\"@context\":\"https:\/\/schema.org\",\"@graph\":[{\"@type\":\"WebPage\",\"@id\":\"https:\/\/xenonkungen.com\/produkt\/interiorlampa-o80mm-night-svart\/\",\"url\":\"https:\/\/xenonkungen.com\/produkt\/interiorlampa-o80mm-night-svart\/\",\"name\":\"Interi\u00f6rlampa \u00d880mm | Night | Svart - Xenonkungen\",\"isPartOf\":{\"@id\":\"https:\/\/xenonkungen.com\/#website\"},\"primaryImageOfPage\":{\"@id\":\"https:\/\/xenonkungen.com\/produkt\/interiorlampa-o80mm-night-svart\/#primaryimage\"},\"image\":{\"@id\":\"https:\/\/xenonkungen.com\/produkt\/interiorlampa-o80mm-night-svart\/#primaryimage\"},\"thumbnailUrl\":\"https:\/\/xenonkungen.com\/wp-content\/uploads\/2025\/06\/7338029-origpic-31885c.jpg\",\"datePublished\":\"2025-06-23T13:51:11+00:00\",\"dateModified\":\"2026-04-10T23:52:46+00:00\",\"breadcrumb\":{\"@id\":\"https:\/\/xenonkungen.com\/produkt\/interiorlampa-o80mm-night-svart\/#breadcrumb\"},\"inLanguage\":\"es\",\"potentialAction\":[{\"@type\":\"ReadAction\",\"target\":[\"https:\/\/xenonkungen.com\/produkt\/interiorlampa-o80mm-night-svart\/\"]}]},{\"@type\":\"ImageObject\",\"inLanguage\":\"es\",\"@id\":\"https:\/\/xenonkungen.com\/produkt\/interiorlampa-o80mm-night-svart\/#primaryimage\",\"url\":\"https:\/\/xenonkungen.com\/wp-content\/uploads\/2025\/06\/7338029-origpic-31885c.jpg\",\"contentUrl\":\"https:\/\/xenonkungen.com\/wp-content\/uploads\/2025\/06\/7338029-origpic-31885c.jpg\",\"width\":600,\"height\":600},{\"@type\":\"BreadcrumbList\",\"@id\":\"https:\/\/xenonkungen.com\/produkt\/interiorlampa-o80mm-night-svart\/#breadcrumb\",\"itemListElement\":[{\"@type\":\"ListItem\",\"position\":1,\"name\":\"Hem\",\"item\":\"https:\/\/xenonkungen.com\/\"},{\"@type\":\"ListItem\",\"position\":2,\"name\":\"Shop\",\"item\":\"https:\/\/xenonkungen.com\/shop\/\"},{\"@type\":\"ListItem\",\"position\":3,\"name\":\"Interi\u00f6rlampa \u00d880mm | Night | Svart\"}]},{\"@type\":\"WebSite\",\"@id\":\"https:\/\/xenonkungen.com\/#website\",\"url\":\"https:\/\/xenonkungen.com\/\",\"name\":\"Xenonkungen\",\"description\":\"\",\"potentialAction\":[{\"@type\":\"SearchAction\",\"target\":{\"@type\":\"EntryPoint\",\"urlTemplate\":\"https:\/\/xenonkungen.com\/?s={search_term_string}\"},\"query-input\":{\"@type\":\"PropertyValueSpecification\",\"valueRequired\":true,\"valueName\":\"search_term_string\"}}],\"inLanguage\":\"es\"}]}<\/script>\n<!-- \/ Yoast SEO plugin. -->","yoast_head_json":{"title":"L\u00e1mpara interior \u00d880mm | Noche | Negra - Xenonkungen","robots":{"index":"index","follow":"follow","max-snippet":"max-snippet:-1","max-image-preview":"max-image-preview:large","max-video-preview":"max-video-preview:-1"},"canonical":"https:\/\/xenonkungen.com\/es\/producto\/lampara-interior-de-80-mm-color-negro-noche\/","og_locale":"es_ES","og_type":"article","og_title":"Interi\u00f6rlampa \u00d880mm | Night | Svart - Xenonkungen","og_description":"LED Interi\u00f6rlampa med Svart Sarg och Varmvitt Ljus En innovativ LED interi\u00f6rlampa som erbjuder b\u00e5de varmvitt ljus f\u00f6r dagtid och ett r\u00f6tt nattljusl\u00e4ge f\u00f6r minimal st\u00f6rning under nattetid. Utformad med en tryckknapp f\u00f6r enkel omkoppling och en slagt\u00e5lig lins, garanterar denna lampa h\u00e5llbarhet och anpassningsbar belysning f\u00f6r alla situationer. Funktioner och Egenskaper: Elegant svart sarg [&hellip;]","og_url":"https:\/\/xenonkungen.com\/es\/producto\/lampara-interior-de-80-mm-color-negro-noche\/","og_site_name":"Xenonkungen","article_modified_time":"2026-04-10T23:52:46+00:00","og_image":[{"width":600,"height":600,"url":"https:\/\/xenonkungen.com\/wp-content\/uploads\/2025\/06\/7338029-origpic-31885c.jpg","type":"image\/jpeg"}],"twitter_card":"summary_large_image","twitter_misc":{"Tiempo de lectura":"1 minuto"},"schema":{"@context":"https:\/\/schema.org","@graph":[{"@type":"WebPage","@id":"https:\/\/xenonkungen.com\/produkt\/interiorlampa-o80mm-night-svart\/","url":"https:\/\/xenonkungen.com\/produkt\/interiorlampa-o80mm-night-svart\/","name":"L\u00e1mpara interior \u00d880mm | Noche | Negra - Xenonkungen","isPartOf":{"@id":"https:\/\/xenonkungen.com\/#website"},"primaryImageOfPage":{"@id":"https:\/\/xenonkungen.com\/produkt\/interiorlampa-o80mm-night-svart\/#primaryimage"},"image":{"@id":"https:\/\/xenonkungen.com\/produkt\/interiorlampa-o80mm-night-svart\/#primaryimage"},"thumbnailUrl":"https:\/\/xenonkungen.com\/wp-content\/uploads\/2025\/06\/7338029-origpic-31885c.jpg","datePublished":"2025-06-23T13:51:11+00:00","dateModified":"2026-04-10T23:52:46+00:00","breadcrumb":{"@id":"https:\/\/xenonkungen.com\/produkt\/interiorlampa-o80mm-night-svart\/#breadcrumb"},"inLanguage":"es","potentialAction":[{"@type":"ReadAction","target":["https:\/\/xenonkungen.com\/produkt\/interiorlampa-o80mm-night-svart\/"]}]},{"@type":"ImageObject","inLanguage":"es","@id":"https:\/\/xenonkungen.com\/produkt\/interiorlampa-o80mm-night-svart\/#primaryimage","url":"https:\/\/xenonkungen.com\/wp-content\/uploads\/2025\/06\/7338029-origpic-31885c.jpg","contentUrl":"https:\/\/xenonkungen.com\/wp-content\/uploads\/2025\/06\/7338029-origpic-31885c.jpg","width":600,"height":600},{"@type":"BreadcrumbList","@id":"https:\/\/xenonkungen.com\/produkt\/interiorlampa-o80mm-night-svart\/#breadcrumb","itemListElement":[{"@type":"ListItem","position":1,"name":"Hem","item":"https:\/\/xenonkungen.com\/"},{"@type":"ListItem","position":2,"name":"Shop","item":"https:\/\/xenonkungen.com\/shop\/"},{"@type":"ListItem","position":3,"name":"Interi\u00f6rlampa \u00d880mm | Night | Svart"}]},{"@type":"WebSite","@id":"https:\/\/xenonkungen.com\/#website","url":"https:\/\/xenonkungen.com\/","name":"Xenonkungen","description":"","potentialAction":[{"@type":"SearchAction","target":{"@type":"EntryPoint","urlTemplate":"https:\/\/xenonkungen.com\/?s={search_term_string}"},"query-input":{"@type":"PropertyValueSpecification","valueRequired":true,"valueName":"search_term_string"}}],"inLanguage":"es"}]}},"taxonomy_info":{"anvandningsomrade":[{"value":166,"label":"Lastbil"},{"value":238,"label":"SL\u00c4P"},{"value":2816,"label":"TRAILER"}],"product_brand":[{"value":1252,"label":"LEA"}],"product_cat":[{"value":2586,"label":"Interi\u00f6rbelysning"}],"pa_fuktskydd-varde-ipxx":[{"value":333,"label":"IP67"}],"pa_storlek-mm":[{"value":2409,"label":"80x14"}],"pa_stromforbrukning":[{"value":1872,"label":"0,04A @28V"},{"value":2267,"label":"0,09A @13,8V"}],"pa_volt-v":[{"value":159,"label":"12"},{"value":160,"label":"24"}]},"featured_image_src_large":["https:\/\/xenonkungen.com\/wp-content\/uploads\/2025\/06\/7338029-origpic-31885c.jpg",600,600,false],"author_info":[],"comment_info":0,"_links":{"self":[{"href":"https:\/\/xenonkungen.com\/es\/wp-json\/wp\/v2\/product\/11606","targetHints":{"allow":["GET"]}}],"collection":[{"href":"https:\/\/xenonkungen.com\/es\/wp-json\/wp\/v2\/product"}],"about":[{"href":"https:\/\/xenonkungen.com\/es\/wp-json\/wp\/v2\/types\/product"}],"replies":[{"embeddable":true,"href":"https:\/\/xenonkungen.com\/es\/wp-json\/wp\/v2\/comments?post=11606"}],"wp:featuredmedia":[{"embeddable":true,"href":"https:\/\/xenonkungen.com\/es\/wp-json\/wp\/v2\/media\/10827"}],"wp:attachment":[{"href":"https:\/\/xenonkungen.com\/es\/wp-json\/wp\/v2\/media?parent=11606"}],"wp:term":[{"taxonomy":"anvandningsomrade","embeddable":true,"href":"https:\/\/xenonkungen.com\/es\/wp-json\/wp\/v2\/anvandningsomrade?post=11606"},{"taxonomy":"bilmarken","embeddable":true,"href":"https:\/\/xenonkungen.com\/es\/wp-json\/wp\/v2\/bilmarken?post=11606"},{"taxonomy":"product_brand","embeddable":true,"href":"https:\/\/xenonkungen.com\/es\/wp-json\/wp\/v2\/product_brand?post=11606"},{"taxonomy":"product_cat","embeddable":true,"href":"https:\/\/xenonkungen.com\/es\/wp-json\/wp\/v2\/product_cat?post=11606"},{"taxonomy":"product_tag","embeddable":true,"href":"https:\/\/xenonkungen.com\/es\/wp-json\/wp\/v2\/product_tag?post=11606"}],"curies":[{"name":"wp","href":"https:\/\/api.w.org\/{rel}","templated":true}]}}