{"id":11633,"date":"2025-06-23T13:51:18","date_gmt":"2025-06-23T13:51:18","guid":{"rendered":"https:\/\/xenonkungen.com\/produkt\/ledramp-paket-luxtar-x24-black-edition-infalld-240w\/"},"modified":"2026-05-12T16:45:30","modified_gmt":"2026-05-12T15:45:30","slug":"kit-de-rampa-led-luxtar-x24-black-edition-incluido-240-w","status":"publish","type":"product","link":"https:\/\/xenonkungen.com\/es\/producto\/kit-de-rampa-led-luxtar-x24-black-edition-incluido-240-w\/","title":{"rendered":"Paquete Ledramp LUXTAR\u00ae X24 Black Edition - Empotrable | 240W"},"content":{"rendered":"<h1>Paquete completo listo para usar con pasamanos, soporte y cableado<\/h1>\n<p>Luxtar\u00ae X24 equipado con LED Cree XML2 proporciona la friolera de 10.050 l\u00famenes reales y un alcance de 630 m (Driving) | 880 m (Spot). Esto es posible gracias a los reflectores distintivos y a las l\u00e1mparas de diodos montadas en los laterales.<\/p>\n<p>Soporte de luz adicional en chapa con recubrimiento en polvo fabricado especialmente para nuestra rampa Luxtar X24 LED. Se fija detr\u00e1s de la se\u00f1al de reg y le da un aspecto elegante y empotrado.<\/p>\n<p>ATENCI\u00d3N<br \/>\n240W | 24 000 Lumen son los valores te\u00f3ricos de Luxtar X24 y que puedes tener en cuenta a la hora de comparar con otras opciones del mercado (que hacen hincapi\u00e9 en los datos te\u00f3ricos).<\/p>\n<p>177,6W | 10 050 Lumen son los valores reales de Luxtar\u00ae LED rampa X24.<br \/>\nEste valor de 10 050lm corresponde a unas 10 veces m\u00e1s luz que las hal\u00f3genas de 55W (unos 1000lm) o 3 veces m\u00e1s luz que el xen\u00f3n de 35W (unos 3200lm).<\/p>\n<p>Luxtar\u00ae X24 est\u00e1 disponible en dos versiones con diferentes reflectores y patrones de luz. Driving, tambi\u00e9n llamada Remote, y Spot.<br \/>\nLa luz Driving | Remote cuenta con reflectores optimizados para un patr\u00f3n de luz amplio y uniforme y, con 10.050 l\u00famenes, tambi\u00e9n se obtiene un alcance perfecto de unos 630 metros a 1 Lux.<br \/>\nLa conducci\u00f3n es la opci\u00f3n m\u00e1s popular, ya que proporciona una gran anchura sin comprometer la longitud.<br \/>\nSpot | El haz estrecho tiene reflectores lisos, lo que significa que toda la luz se dispara en l\u00ednea recta y da como resultado un alcance de unos 870-900 metros a 1 Lux.<br \/>\nLos focos con una longitud de alcance de unos 900 metros son adecuados para quienes conducen a horas intempestivas o rutas con reuniones m\u00e1s peque\u00f1as en las que existe la posibilidad de utilizar una luz de largo alcance.<\/p>\n<p>Luxtar\u00ae LED rampa X24 es una luz auxiliar adecuada para Turismos | Furgonetas | Pickup | Camiones.<\/p>","protected":false},"excerpt":{"rendered":"<p>Paquete completo para los que quieren mucha luz, alta calidad a bajo precio.<\/p>\n<p><b>Soporte universal que se adapta a la mayor\u00eda de los coches<\/b><\/p>\n<p><b>Se puede pedir con 2 reflectores diferentes, Driving o Spot<\/b><\/p>\n<p><b>Funciona igual de bien en coches y camiones<\/b><\/p>\n<p><b>10.500 l\u00famenes de la l\u00e1mpara, \u00a1unas 10 veces m\u00e1s que una l\u00e1mpara hal\u00f3gena!<\/b><\/p>","protected":false},"featured_media":7417,"comment_status":"closed","ping_status":"closed","template":"","meta":{"_acf_changed":false,"_smort_price_nok":"4588","_smort_price_dkk":"2914","_smort_price_eur":"390.44","_smort_sale_price_nok":"","_smort_sale_price_dkk":"","_smort_sale_price_eur":"","smort_restorder":"","shipmondo_restorder":"","_kad_blocks_custom_css":"","_kad_blocks_head_custom_js":"","_kad_blocks_body_custom_js":"","_kad_blocks_footer_custom_js":"","smort_custom_pricelist_1":"","smort_custom_pricelist_2":"","smort_custom_pricelist_3":"","smort_custom_pricelist_4":"","smort_custom_pricelist_5":""},"anvandningsomrade":[207,166,167,1915],"bilmarken":[168],"product_brand":[103],"product_cat":[2826,2541,18,2160,1916],"product_tag":[],"class_list":{"0":"post-11633","1":"product","2":"type-product","3":"status-publish","4":"has-post-thumbnail","6":"anvandningsomrade-husbil","7":"anvandningsomrade-lastbil","8":"anvandningsomrade-personbil","9":"anvandningsomrade-skapbil","10":"bilmarken-alla","11":"product_brand-luxtar","12":"product_cat-luxtar","13":"product_cat-luxtar-x-serie-black-ledramper","14":"product_cat-led-ramper-ljusramper","15":"product_cat-luxtar-x-serie-black","16":"product_cat-ledrampspaket","17":"pa_faktisk-effekts-forbrukning-1922","18":"pa_fuktskydd-varde-ipxx-ip68","19":"pa_godkannande-ce-emc-rohs","20":"pa_ljusbild-driving","21":"pa_ljusbild-spot","22":"pa_storlek-mm-674x63x85","23":"pa_stromforbrukning-148a-12v","24":"pa_stromforbrukning-75a-24v","25":"pa_volt-v-multivolt-9-12-16-18-24-28-30-32","27":"first","28":"onbackorder","29":"taxable","30":"shipping-taxable","31":"purchasable","32":"product-type-variable"},"bundled_by":[],"bundle_stock_status":"onbackorder","bundle_stock_quantity":null,"bundle_virtual":false,"bundle_layout":"","bundle_add_to_cart_form_location":"","bundle_editable_in_cart":false,"bundle_sold_individually_context":"","bundle_item_grouping":"","bundle_min_size":"","bundle_max_size":"","bundle_price":[],"bundled_items":[],"bundle_sell_ids":[],"acf":[],"yoast_head":"<!-- This site is optimized with the Yoast SEO plugin v27.0 - https:\/\/yoast.com\/product\/yoast-seo-wordpress\/ -->\n<title>Ledramp Paket LUXTAR\u00ae X24 Black Edition - Inf\u00e4lld | 240W - Xenonkungen<\/title>\n<meta name=\"robots\" content=\"index, follow, max-snippet:-1, max-image-preview:large, max-video-preview:-1\" \/>\n<link rel=\"canonical\" href=\"https:\/\/xenonkungen.com\/es\/producto\/kit-de-rampa-led-luxtar-x24-black-edition-incluido-240-w\/\" \/>\n<meta property=\"og:locale\" content=\"es_ES\" \/>\n<meta property=\"og:type\" content=\"article\" \/>\n<meta property=\"og:title\" content=\"Ledramp Paket LUXTAR\u00ae X24 Black Edition - Inf\u00e4lld | 240W - Xenonkungen\" \/>\n<meta property=\"og:description\" content=\"Komplett paket f\u00f6r dig som \u00f6nskar mycket ljus, h\u00f6g kvalitet till ett l\u00e5gt pris.  Universalf\u00e4ste som passar de flesta bilar  Kan best\u00e4llas med 2 olika reflektorer, Driving eller Spot  Fungerar lika bra p\u00e5 personbilar som lastbilar  10 500 Lumen ut ur rampen, Det \u00e4r ca 10 g\u00e5nger mer \u00e4n ett halogenhelljus!\" \/>\n<meta property=\"og:url\" content=\"https:\/\/xenonkungen.com\/es\/producto\/kit-de-rampa-led-luxtar-x24-black-edition-incluido-240-w\/\" \/>\n<meta property=\"og:site_name\" content=\"Xenonkungen\" \/>\n<meta property=\"article:modified_time\" content=\"2026-05-12T15:45:30+00:00\" \/>\n<meta property=\"og:image\" content=\"https:\/\/xenonkungen.com\/wp-content\/uploads\/2025\/04\/174905355-origpic-36e47f.png\" \/>\n\t<meta property=\"og:image:width\" content=\"1000\" \/>\n\t<meta property=\"og:image:height\" content=\"1000\" \/>\n\t<meta property=\"og:image:type\" content=\"image\/png\" \/>\n<meta name=\"twitter:card\" content=\"summary_large_image\" \/>\n<meta name=\"twitter:label1\" content=\"Tiempo de lectura\" \/>\n\t<meta name=\"twitter:data1\" content=\"2 minutos\" \/>\n<script type=\"application\/ld+json\" class=\"yoast-schema-graph\">{\"@context\":\"https:\/\/schema.org\",\"@graph\":[{\"@type\":\"WebPage\",\"@id\":\"https:\/\/xenonkungen.com\/produkt\/ledramp-paket-luxtar-x24-black-edition-infalld-240w\/\",\"url\":\"https:\/\/xenonkungen.com\/produkt\/ledramp-paket-luxtar-x24-black-edition-infalld-240w\/\",\"name\":\"Ledramp Paket LUXTAR\u00ae X24 Black Edition - Inf\u00e4lld | 240W - Xenonkungen\",\"isPartOf\":{\"@id\":\"https:\/\/xenonkungen.com\/#website\"},\"primaryImageOfPage\":{\"@id\":\"https:\/\/xenonkungen.com\/produkt\/ledramp-paket-luxtar-x24-black-edition-infalld-240w\/#primaryimage\"},\"image\":{\"@id\":\"https:\/\/xenonkungen.com\/produkt\/ledramp-paket-luxtar-x24-black-edition-infalld-240w\/#primaryimage\"},\"thumbnailUrl\":\"https:\/\/xenonkungen.com\/wp-content\/uploads\/2025\/04\/174905355-origpic-36e47f.png\",\"datePublished\":\"2025-06-23T13:51:18+00:00\",\"dateModified\":\"2026-05-12T15:45:30+00:00\",\"breadcrumb\":{\"@id\":\"https:\/\/xenonkungen.com\/produkt\/ledramp-paket-luxtar-x24-black-edition-infalld-240w\/#breadcrumb\"},\"inLanguage\":\"es\",\"potentialAction\":[{\"@type\":\"ReadAction\",\"target\":[\"https:\/\/xenonkungen.com\/produkt\/ledramp-paket-luxtar-x24-black-edition-infalld-240w\/\"]}]},{\"@type\":\"ImageObject\",\"inLanguage\":\"es\",\"@id\":\"https:\/\/xenonkungen.com\/produkt\/ledramp-paket-luxtar-x24-black-edition-infalld-240w\/#primaryimage\",\"url\":\"https:\/\/xenonkungen.com\/wp-content\/uploads\/2025\/04\/174905355-origpic-36e47f.png\",\"contentUrl\":\"https:\/\/xenonkungen.com\/wp-content\/uploads\/2025\/04\/174905355-origpic-36e47f.png\",\"width\":1000,\"height\":1000},{\"@type\":\"BreadcrumbList\",\"@id\":\"https:\/\/xenonkungen.com\/produkt\/ledramp-paket-luxtar-x24-black-edition-infalld-240w\/#breadcrumb\",\"itemListElement\":[{\"@type\":\"ListItem\",\"position\":1,\"name\":\"Hem\",\"item\":\"https:\/\/xenonkungen.com\/\"},{\"@type\":\"ListItem\",\"position\":2,\"name\":\"Shop\",\"item\":\"https:\/\/xenonkungen.com\/shop\/\"},{\"@type\":\"ListItem\",\"position\":3,\"name\":\"Ledramp Paket LUXTAR\u00ae X24 Black Edition &#8211; Inf\u00e4lld | 240W\"}]},{\"@type\":\"WebSite\",\"@id\":\"https:\/\/xenonkungen.com\/#website\",\"url\":\"https:\/\/xenonkungen.com\/\",\"name\":\"Xenonkungen\",\"description\":\"\",\"potentialAction\":[{\"@type\":\"SearchAction\",\"target\":{\"@type\":\"EntryPoint\",\"urlTemplate\":\"https:\/\/xenonkungen.com\/?s={search_term_string}\"},\"query-input\":{\"@type\":\"PropertyValueSpecification\",\"valueRequired\":true,\"valueName\":\"search_term_string\"}}],\"inLanguage\":\"es\"}]}<\/script>\n<!-- \/ Yoast SEO plugin. -->","yoast_head_json":{"title":"Paquete de proyectores LED LUXTAR\u00ae X24 Black Edition - Empotrable | 240W - Xenonkungen","robots":{"index":"index","follow":"follow","max-snippet":"max-snippet:-1","max-image-preview":"max-image-preview:large","max-video-preview":"max-video-preview:-1"},"canonical":"https:\/\/xenonkungen.com\/es\/producto\/kit-de-rampa-led-luxtar-x24-black-edition-incluido-240-w\/","og_locale":"es_ES","og_type":"article","og_title":"Ledramp Paket LUXTAR\u00ae X24 Black Edition - Inf\u00e4lld | 240W - Xenonkungen","og_description":"Komplett paket f\u00f6r dig som \u00f6nskar mycket ljus, h\u00f6g kvalitet till ett l\u00e5gt pris.  Universalf\u00e4ste som passar de flesta bilar  Kan best\u00e4llas med 2 olika reflektorer, Driving eller Spot  Fungerar lika bra p\u00e5 personbilar som lastbilar  10 500 Lumen ut ur rampen, Det \u00e4r ca 10 g\u00e5nger mer \u00e4n ett halogenhelljus!","og_url":"https:\/\/xenonkungen.com\/es\/producto\/kit-de-rampa-led-luxtar-x24-black-edition-incluido-240-w\/","og_site_name":"Xenonkungen","article_modified_time":"2026-05-12T15:45:30+00:00","og_image":[{"width":1000,"height":1000,"url":"https:\/\/xenonkungen.com\/wp-content\/uploads\/2025\/04\/174905355-origpic-36e47f.png","type":"image\/png"}],"twitter_card":"summary_large_image","twitter_misc":{"Tiempo de lectura":"2 minutos"},"schema":{"@context":"https:\/\/schema.org","@graph":[{"@type":"WebPage","@id":"https:\/\/xenonkungen.com\/produkt\/ledramp-paket-luxtar-x24-black-edition-infalld-240w\/","url":"https:\/\/xenonkungen.com\/produkt\/ledramp-paket-luxtar-x24-black-edition-infalld-240w\/","name":"Paquete de proyectores LED LUXTAR\u00ae X24 Black Edition - Empotrable | 240W - Xenonkungen","isPartOf":{"@id":"https:\/\/xenonkungen.com\/#website"},"primaryImageOfPage":{"@id":"https:\/\/xenonkungen.com\/produkt\/ledramp-paket-luxtar-x24-black-edition-infalld-240w\/#primaryimage"},"image":{"@id":"https:\/\/xenonkungen.com\/produkt\/ledramp-paket-luxtar-x24-black-edition-infalld-240w\/#primaryimage"},"thumbnailUrl":"https:\/\/xenonkungen.com\/wp-content\/uploads\/2025\/04\/174905355-origpic-36e47f.png","datePublished":"2025-06-23T13:51:18+00:00","dateModified":"2026-05-12T15:45:30+00:00","breadcrumb":{"@id":"https:\/\/xenonkungen.com\/produkt\/ledramp-paket-luxtar-x24-black-edition-infalld-240w\/#breadcrumb"},"inLanguage":"es","potentialAction":[{"@type":"ReadAction","target":["https:\/\/xenonkungen.com\/produkt\/ledramp-paket-luxtar-x24-black-edition-infalld-240w\/"]}]},{"@type":"ImageObject","inLanguage":"es","@id":"https:\/\/xenonkungen.com\/produkt\/ledramp-paket-luxtar-x24-black-edition-infalld-240w\/#primaryimage","url":"https:\/\/xenonkungen.com\/wp-content\/uploads\/2025\/04\/174905355-origpic-36e47f.png","contentUrl":"https:\/\/xenonkungen.com\/wp-content\/uploads\/2025\/04\/174905355-origpic-36e47f.png","width":1000,"height":1000},{"@type":"BreadcrumbList","@id":"https:\/\/xenonkungen.com\/produkt\/ledramp-paket-luxtar-x24-black-edition-infalld-240w\/#breadcrumb","itemListElement":[{"@type":"ListItem","position":1,"name":"Hem","item":"https:\/\/xenonkungen.com\/"},{"@type":"ListItem","position":2,"name":"Shop","item":"https:\/\/xenonkungen.com\/shop\/"},{"@type":"ListItem","position":3,"name":"Ledramp Paket LUXTAR\u00ae X24 Black Edition &#8211; Inf\u00e4lld | 240W"}]},{"@type":"WebSite","@id":"https:\/\/xenonkungen.com\/#website","url":"https:\/\/xenonkungen.com\/","name":"Xenonkungen","description":"","potentialAction":[{"@type":"SearchAction","target":{"@type":"EntryPoint","urlTemplate":"https:\/\/xenonkungen.com\/?s={search_term_string}"},"query-input":{"@type":"PropertyValueSpecification","valueRequired":true,"valueName":"search_term_string"}}],"inLanguage":"es"}]}},"taxonomy_info":{"anvandningsomrade":[{"value":207,"label":"Husbil"},{"value":166,"label":"Lastbil"},{"value":167,"label":"PERSONBIL"},{"value":1915,"label":"Sk\u00e5pbil"}],"bilmarken":[{"value":168,"label":"Alla"}],"product_brand":[{"value":103,"label":"LUXTAR"}],"product_cat":[{"value":2826,"label":"LUXTAR"},{"value":2541,"label":"Luxtar X-Serie Black"},{"value":18,"label":"LED Ramper \/ Ljusramper"},{"value":2160,"label":"LUXTAR X-serie B"},{"value":1916,"label":"Ledrampspaket"}],"pa_faktisk-effekts-forbrukning":[{"value":1922,"label":"177,6"}],"pa_fuktskydd-varde-ipxx":[{"value":177,"label":"IP68"}],"pa_godkannande":[{"value":325,"label":"CE, EMC, RoHS"}],"pa_ljusbild":[{"value":178,"label":"Driving"},{"value":1177,"label":"Spot"}],"pa_storlek-mm":[{"value":1921,"label":"674x63x85"}],"pa_stromforbrukning":[{"value":1923,"label":"14,8A @12V"},{"value":1924,"label":"7,5A @24V"}],"pa_volt-v":[{"value":521,"label":"Multivolt, 9, 12, 16, 18, 24, 28, 30, 32"}]},"featured_image_src_large":["https:\/\/xenonkungen.com\/wp-content\/uploads\/2025\/04\/174905355-origpic-36e47f.png",1000,1000,false],"author_info":[],"comment_info":1,"_links":{"self":[{"href":"https:\/\/xenonkungen.com\/es\/wp-json\/wp\/v2\/product\/11633","targetHints":{"allow":["GET"]}}],"collection":[{"href":"https:\/\/xenonkungen.com\/es\/wp-json\/wp\/v2\/product"}],"about":[{"href":"https:\/\/xenonkungen.com\/es\/wp-json\/wp\/v2\/types\/product"}],"replies":[{"embeddable":true,"href":"https:\/\/xenonkungen.com\/es\/wp-json\/wp\/v2\/comments?post=11633"}],"wp:featuredmedia":[{"embeddable":true,"href":"https:\/\/xenonkungen.com\/es\/wp-json\/wp\/v2\/media\/7417"}],"wp:attachment":[{"href":"https:\/\/xenonkungen.com\/es\/wp-json\/wp\/v2\/media?parent=11633"}],"wp:term":[{"taxonomy":"anvandningsomrade","embeddable":true,"href":"https:\/\/xenonkungen.com\/es\/wp-json\/wp\/v2\/anvandningsomrade?post=11633"},{"taxonomy":"bilmarken","embeddable":true,"href":"https:\/\/xenonkungen.com\/es\/wp-json\/wp\/v2\/bilmarken?post=11633"},{"taxonomy":"product_brand","embeddable":true,"href":"https:\/\/xenonkungen.com\/es\/wp-json\/wp\/v2\/product_brand?post=11633"},{"taxonomy":"product_cat","embeddable":true,"href":"https:\/\/xenonkungen.com\/es\/wp-json\/wp\/v2\/product_cat?post=11633"},{"taxonomy":"product_tag","embeddable":true,"href":"https:\/\/xenonkungen.com\/es\/wp-json\/wp\/v2\/product_tag?post=11633"}],"curies":[{"name":"wp","href":"https:\/\/api.w.org\/{rel}","templated":true}]}}