{"id":11645,"date":"2025-06-23T13:51:23","date_gmt":"2025-06-23T13:51:23","guid":{"rendered":"https:\/\/xenonkungen.com\/produkt\/infallnadspaket-luxtar-x16-black-edition-xbb\/"},"modified":"2026-04-17T10:44:23","modified_gmt":"2026-04-17T09:44:23","slug":"paquete-elegante-luxtar-x16-black-edition-xbb","status":"publish","type":"product","link":"https:\/\/xenonkungen.com\/es\/producto\/paquete-elegante-luxtar-x16-black-edition-xbb\/","title":{"rendered":"LUXTAR\u00ae X16 Black Edition kit de montaje empotrado &gt;XBB<"},"content":{"rendered":"<h2>Paquete completo: LUXTAR\u00ae X16 Edici\u00f3n Negra + Dongle y unidad de alimentaci\u00f3n XBB OBD-II + Juego de cables<\/h2>\n<p><strong>La soluci\u00f3n definitiva para la iluminaci\u00f3n y el control de veh\u00edculos, todo en un solo paquete.<\/strong><\/p>\n<p>Simplifica y mejora la instalaci\u00f3n de tu veh\u00edculo con nuestro paquete exclusivo que combina la LUXTAR\u00ae X16 Black Edition con el adaptador OBD-II XBB y la unidad de alimentaci\u00f3n, adem\u00e1s de un kit de cableado completo. Este paquete te ofrece una instalaci\u00f3n completa con todo lo necesario para llevar el sistema el\u00e9ctrico y de iluminaci\u00f3n de tu veh\u00edculo al siguiente nivel.<\/p>\n<h3>El paquete incluye:<\/h3>\n<ul>\n<li><strong>LUXTAR\u00ae X16 Edici\u00f3n Negra<\/strong><br \/>\nDisfrute de una iluminaci\u00f3n excepcional con un moderno acabado en negro mate que se integra en cualquier entorno. Estos potentes y elegantes proyectores proporcionan una iluminaci\u00f3n precisa y eficaz, tanto para uso dom\u00e9stico como para instalaciones comerciales. Perfectos para quienes exigen alta calidad y dise\u00f1o.<\/li>\n<li><strong>XBB OBD-II Dongle + PowerUnit<\/strong><br \/>\nTome el control del sistema de iluminaci\u00f3n de su veh\u00edculo con nuestro XBB OBD-II Dongle y PowerUnit. Con una simple conexi\u00f3n al puerto OBD-II de su veh\u00edculo, obtendr\u00e1 acceso a funciones avanzadas como el control fluido de las luces auxiliares y otros accesorios el\u00e9ctricos. Todo se gestiona a trav\u00e9s de un dispositivo compacto y potente que le proporciona un control total en un instante.<\/li>\n<li><strong>Juego de cables para unidad de potencia XBB - DT<\/strong><br \/>\nPara una instalaci\u00f3n r\u00e1pida y segura, el paquete incluye un juego completo de cables adaptados a la unidad de alimentaci\u00f3n XBB. Con conectores DT de alta calidad y cables duraderos, se obtiene una conexi\u00f3n fiable que garantiza un funcionamiento prolongado.<\/li>\n<\/ul>\n<h3>\u00bfPor qu\u00e9 elegir este paquete?<\/h3>\n<ul>\n<li><strong>Completo y listo para instalar:<\/strong> Obtendr\u00e1 todo lo que necesita para instalar y conectar f\u00e1cilmente los sistemas de iluminaci\u00f3n y control en su veh\u00edculo. Se acab\u00f3 buscar piezas por separado: este pack lo tiene todo.<\/li>\n<li><strong>Tecnolog\u00edas innovadoras:<\/strong> El Dongle XBB OBD-II le permite gestionar y personalizar f\u00e1cilmente su iluminaci\u00f3n a trav\u00e9s del puerto OBD-II del veh\u00edculo, proporcionando la m\u00e1xima flexibilidad y potencia.<\/li>\n<li><strong>Dise\u00f1o y prestaciones elegantes:<\/strong> La LUXTAR\u00ae X16 Black Edition combina un dise\u00f1o elegante en negro con un brillo impresionante, creando una soluci\u00f3n premium para el usuario exigente.<\/li>\n<\/ul>\n<p><strong>Este paquete es perfecto para quienes desean una instalaci\u00f3n sin problemas, iluminaci\u00f3n de alta calidad y control total sobre el sistema el\u00e9ctrico del veh\u00edculo. P\u00eddalo hoy mismo y compruebe lo f\u00e1cil que puede ser actualizar su veh\u00edculo con las mejores soluciones del mercado.<\/strong><\/p>","protected":false},"excerpt":{"rendered":"<p>Disponible en las siguientes variantes <b>CONDUCCI\u00d3N<\/b> o <b>PUNTO<\/b><\/p>\n<p><b>Contenido de la entrega:<\/b><br \/>\n\u2013 Rampa LED LUXTAR\u00ae X16 Edici\u00f3n Negra<br \/>\n\u2013 Soporte empotrado para rampa LED X16<br \/>\n- XBB OBD-II Dongle + PowerUnit<br \/>\n\u2013 Juego de cables para la unidad de alimentaci\u00f3n XBB \u2013 DT<\/p>","protected":false},"featured_media":10896,"comment_status":"closed","ping_status":"closed","template":"","meta":{"_acf_changed":false,"_smort_price_nok":"5447","_smort_price_dkk":"3461","_smort_price_eur":"463.62","_smort_sale_price_nok":"","_smort_sale_price_dkk":"","_smort_sale_price_eur":"","smort_restorder":"","shipmondo_restorder":"","_kad_blocks_custom_css":"","_kad_blocks_head_custom_js":"","_kad_blocks_body_custom_js":"","_kad_blocks_footer_custom_js":"","smort_custom_pricelist_1":null,"smort_custom_pricelist_2":null,"smort_custom_pricelist_3":null,"smort_custom_pricelist_4":null,"smort_custom_pricelist_5":null},"anvandningsomrade":[],"bilmarken":[],"product_brand":[103],"product_cat":[2539,2826,2820,2541,2596,2160,1916],"product_tag":[],"class_list":{"0":"post-11645","1":"product","2":"type-product","3":"status-publish","4":"has-post-thumbnail","6":"product_brand-luxtar","7":"product_cat-ledramper","8":"product_cat-luxtar","9":"product_cat-luxtar-paketlosningar","10":"product_cat-luxtar-x-serie-black-ledramper","11":"product_cat-paket","12":"product_cat-luxtar-x-serie-black","13":"product_cat-ledrampspaket","14":"pa_faktisk-effekts-forbrukning-175","15":"pa_fuktskydd-varde-ipxx-ip68","16":"pa_ljusbild-driving","17":"pa_ljusbild-spot","18":"pa_storlek-mm-466x63x85","19":"pa_stromforbrukning-11a-12v","20":"pa_stromforbrukning-56a-24v","21":"pa_volt-v-multivolt-9-12-16-18-24-28-30-32","23":"first","24":"onbackorder","25":"taxable","26":"shipping-taxable","27":"purchasable","28":"product-type-variable"},"bundled_by":[],"bundle_stock_status":"onbackorder","bundle_stock_quantity":null,"bundle_virtual":false,"bundle_layout":"","bundle_add_to_cart_form_location":"","bundle_editable_in_cart":false,"bundle_sold_individually_context":"","bundle_item_grouping":"","bundle_min_size":"","bundle_max_size":"","bundle_price":[],"bundled_items":[],"bundle_sell_ids":[],"acf":[],"yoast_head":"<!-- This site is optimized with the Yoast SEO plugin v27.0 - https:\/\/yoast.com\/product\/yoast-seo-wordpress\/ -->\n<title>Inf\u00e4llnadspaket LUXTAR\u00ae X16 Black Edition &gt;XBB&lt; - Xenonkungen<\/title>\n<meta name=\"robots\" content=\"index, follow, max-snippet:-1, max-image-preview:large, max-video-preview:-1\" \/>\n<link rel=\"canonical\" href=\"https:\/\/xenonkungen.com\/es\/producto\/paquete-elegante-luxtar-x16-black-edition-xbb\/\" \/>\n<meta property=\"og:locale\" content=\"es_ES\" \/>\n<meta property=\"og:type\" content=\"article\" \/>\n<meta property=\"og:title\" content=\"Inf\u00e4llnadspaket LUXTAR\u00ae X16 Black Edition &gt;XBB&lt; - Xenonkungen\" \/>\n<meta property=\"og:description\" content=\"Finns i varianterna DRIVING eller SPOT  Leveransinneh\u00e5ll: - LUXTAR\u00ae Ledramp X16 Black Edition - Inf\u00e4llnadsf\u00e4ste till X16 LEDramp - XBB OBD-II Dongel + PowerUnit - Kabelsats till XBB Power Unit - DT\" \/>\n<meta property=\"og:url\" content=\"https:\/\/xenonkungen.com\/es\/producto\/paquete-elegante-luxtar-x16-black-edition-xbb\/\" \/>\n<meta property=\"og:site_name\" content=\"Xenonkungen\" \/>\n<meta property=\"article:modified_time\" content=\"2026-04-17T09:44:23+00:00\" \/>\n<meta property=\"og:image\" content=\"https:\/\/xenonkungen.com\/wp-content\/uploads\/2025\/06\/215772115-origpic-66e31a-scaled.png\" \/>\n\t<meta property=\"og:image:width\" content=\"2560\" \/>\n\t<meta property=\"og:image:height\" content=\"2318\" \/>\n\t<meta property=\"og:image:type\" content=\"image\/png\" \/>\n<meta name=\"twitter:card\" content=\"summary_large_image\" \/>\n<meta name=\"twitter:label1\" content=\"Tiempo de lectura\" \/>\n\t<meta name=\"twitter:data1\" content=\"2 minutos\" \/>\n<script type=\"application\/ld+json\" class=\"yoast-schema-graph\">{\"@context\":\"https:\/\/schema.org\",\"@graph\":[{\"@type\":\"WebPage\",\"@id\":\"https:\/\/xenonkungen.com\/produkt\/infallnadspaket-luxtar-x16-black-edition-xbb\/\",\"url\":\"https:\/\/xenonkungen.com\/produkt\/infallnadspaket-luxtar-x16-black-edition-xbb\/\",\"name\":\"Inf\u00e4llnadspaket LUXTAR\u00ae X16 Black Edition >XBB< - Xenonkungen\",\"isPartOf\":{\"@id\":\"https:\/\/xenonkungen.com\/#website\"},\"primaryImageOfPage\":{\"@id\":\"https:\/\/xenonkungen.com\/produkt\/infallnadspaket-luxtar-x16-black-edition-xbb\/#primaryimage\"},\"image\":{\"@id\":\"https:\/\/xenonkungen.com\/produkt\/infallnadspaket-luxtar-x16-black-edition-xbb\/#primaryimage\"},\"thumbnailUrl\":\"https:\/\/xenonkungen.com\/wp-content\/uploads\/2025\/06\/215772115-origpic-66e31a-scaled.png\",\"datePublished\":\"2025-06-23T13:51:23+00:00\",\"dateModified\":\"2026-04-17T09:44:23+00:00\",\"breadcrumb\":{\"@id\":\"https:\/\/xenonkungen.com\/produkt\/infallnadspaket-luxtar-x16-black-edition-xbb\/#breadcrumb\"},\"inLanguage\":\"es\",\"potentialAction\":[{\"@type\":\"ReadAction\",\"target\":[\"https:\/\/xenonkungen.com\/produkt\/infallnadspaket-luxtar-x16-black-edition-xbb\/\"]}]},{\"@type\":\"ImageObject\",\"inLanguage\":\"es\",\"@id\":\"https:\/\/xenonkungen.com\/produkt\/infallnadspaket-luxtar-x16-black-edition-xbb\/#primaryimage\",\"url\":\"https:\/\/xenonkungen.com\/wp-content\/uploads\/2025\/06\/215772115-origpic-66e31a-scaled.png\",\"contentUrl\":\"https:\/\/xenonkungen.com\/wp-content\/uploads\/2025\/06\/215772115-origpic-66e31a-scaled.png\",\"width\":2560,\"height\":2318},{\"@type\":\"BreadcrumbList\",\"@id\":\"https:\/\/xenonkungen.com\/produkt\/infallnadspaket-luxtar-x16-black-edition-xbb\/#breadcrumb\",\"itemListElement\":[{\"@type\":\"ListItem\",\"position\":1,\"name\":\"Hem\",\"item\":\"https:\/\/xenonkungen.com\/\"},{\"@type\":\"ListItem\",\"position\":2,\"name\":\"Shop\",\"item\":\"https:\/\/xenonkungen.com\/shop\/\"},{\"@type\":\"ListItem\",\"position\":3,\"name\":\"Inf\u00e4llnadspaket LUXTAR\u00ae X16 Black Edition >XBB\"}]},{\"@type\":\"WebSite\",\"@id\":\"https:\/\/xenonkungen.com\/#website\",\"url\":\"https:\/\/xenonkungen.com\/\",\"name\":\"Xenonkungen\",\"description\":\"\",\"potentialAction\":[{\"@type\":\"SearchAction\",\"target\":{\"@type\":\"EntryPoint\",\"urlTemplate\":\"https:\/\/xenonkungen.com\/?s={search_term_string}\"},\"query-input\":{\"@type\":\"PropertyValueSpecification\",\"valueRequired\":true,\"valueName\":\"search_term_string\"}}],\"inLanguage\":\"es\"}]}<\/script>\n<!-- \/ Yoast SEO plugin. -->","yoast_head_json":{"title":"Paquete empotrado LUXTAR\u00ae X16 Black Edition &gt;XBB&lt; - El Rey Xen\u00f3n","robots":{"index":"index","follow":"follow","max-snippet":"max-snippet:-1","max-image-preview":"max-image-preview:large","max-video-preview":"max-video-preview:-1"},"canonical":"https:\/\/xenonkungen.com\/es\/producto\/paquete-elegante-luxtar-x16-black-edition-xbb\/","og_locale":"es_ES","og_type":"article","og_title":"Inf\u00e4llnadspaket LUXTAR\u00ae X16 Black Edition >XBB< - Xenonkungen","og_description":"Finns i varianterna DRIVING eller SPOT  Leveransinneh\u00e5ll: - LUXTAR\u00ae Ledramp X16 Black Edition - Inf\u00e4llnadsf\u00e4ste till X16 LEDramp - XBB OBD-II Dongel + PowerUnit - Kabelsats till XBB Power Unit - DT","og_url":"https:\/\/xenonkungen.com\/es\/producto\/paquete-elegante-luxtar-x16-black-edition-xbb\/","og_site_name":"Xenonkungen","article_modified_time":"2026-04-17T09:44:23+00:00","og_image":[{"width":2560,"height":2318,"url":"https:\/\/xenonkungen.com\/wp-content\/uploads\/2025\/06\/215772115-origpic-66e31a-scaled.png","type":"image\/png"}],"twitter_card":"summary_large_image","twitter_misc":{"Tiempo de lectura":"2 minutos"},"schema":{"@context":"https:\/\/schema.org","@graph":[{"@type":"WebPage","@id":"https:\/\/xenonkungen.com\/produkt\/infallnadspaket-luxtar-x16-black-edition-xbb\/","url":"https:\/\/xenonkungen.com\/produkt\/infallnadspaket-luxtar-x16-black-edition-xbb\/","name":"Paquete empotrado LUXTAR\u00ae X16 Black Edition &gt;XBB&lt; - El Rey Xen\u00f3n","isPartOf":{"@id":"https:\/\/xenonkungen.com\/#website"},"primaryImageOfPage":{"@id":"https:\/\/xenonkungen.com\/produkt\/infallnadspaket-luxtar-x16-black-edition-xbb\/#primaryimage"},"image":{"@id":"https:\/\/xenonkungen.com\/produkt\/infallnadspaket-luxtar-x16-black-edition-xbb\/#primaryimage"},"thumbnailUrl":"https:\/\/xenonkungen.com\/wp-content\/uploads\/2025\/06\/215772115-origpic-66e31a-scaled.png","datePublished":"2025-06-23T13:51:23+00:00","dateModified":"2026-04-17T09:44:23+00:00","breadcrumb":{"@id":"https:\/\/xenonkungen.com\/produkt\/infallnadspaket-luxtar-x16-black-edition-xbb\/#breadcrumb"},"inLanguage":"es","potentialAction":[{"@type":"ReadAction","target":["https:\/\/xenonkungen.com\/produkt\/infallnadspaket-luxtar-x16-black-edition-xbb\/"]}]},{"@type":"ImageObject","inLanguage":"es","@id":"https:\/\/xenonkungen.com\/produkt\/infallnadspaket-luxtar-x16-black-edition-xbb\/#primaryimage","url":"https:\/\/xenonkungen.com\/wp-content\/uploads\/2025\/06\/215772115-origpic-66e31a-scaled.png","contentUrl":"https:\/\/xenonkungen.com\/wp-content\/uploads\/2025\/06\/215772115-origpic-66e31a-scaled.png","width":2560,"height":2318},{"@type":"BreadcrumbList","@id":"https:\/\/xenonkungen.com\/produkt\/infallnadspaket-luxtar-x16-black-edition-xbb\/#breadcrumb","itemListElement":[{"@type":"ListItem","position":1,"name":"Hem","item":"https:\/\/xenonkungen.com\/"},{"@type":"ListItem","position":2,"name":"Shop","item":"https:\/\/xenonkungen.com\/shop\/"},{"@type":"ListItem","position":3,"name":"Inf\u00e4llnadspaket LUXTAR\u00ae X16 Black Edition >XBB"}]},{"@type":"WebSite","@id":"https:\/\/xenonkungen.com\/#website","url":"https:\/\/xenonkungen.com\/","name":"Xenonkungen","description":"","potentialAction":[{"@type":"SearchAction","target":{"@type":"EntryPoint","urlTemplate":"https:\/\/xenonkungen.com\/?s={search_term_string}"},"query-input":{"@type":"PropertyValueSpecification","valueRequired":true,"valueName":"search_term_string"}}],"inLanguage":"es"}]}},"taxonomy_info":{"product_brand":[{"value":103,"label":"LUXTAR"}],"product_cat":[{"value":2539,"label":"LEDRAMPER"},{"value":2826,"label":"LUXTAR"},{"value":2820,"label":"Luxtar - Paketl\u00f6sningar"},{"value":2541,"label":"Luxtar X-Serie Black"},{"value":2596,"label":"Paket"},{"value":2160,"label":"LUXTAR X-serie Black"},{"value":1916,"label":"Ledrampspaket"}],"pa_faktisk-effekts-forbrukning":[{"value":175,"label":"120"}],"pa_fuktskydd-varde-ipxx":[{"value":177,"label":"IP68"}],"pa_ljusbild":[{"value":178,"label":"Driving"},{"value":1177,"label":"Spot"}],"pa_storlek-mm":[{"value":2413,"label":"466x63x85"}],"pa_stromforbrukning":[{"value":2278,"label":"11A @12V"},{"value":2279,"label":"5,6A @24V"}],"pa_volt-v":[{"value":521,"label":"Multivolt, 9, 12, 16, 18, 24, 28, 30, 32"}]},"featured_image_src_large":["https:\/\/xenonkungen.com\/wp-content\/uploads\/2025\/06\/215772115-origpic-66e31a-1024x927.png",1024,927,true],"author_info":[],"comment_info":0,"_links":{"self":[{"href":"https:\/\/xenonkungen.com\/es\/wp-json\/wp\/v2\/product\/11645","targetHints":{"allow":["GET"]}}],"collection":[{"href":"https:\/\/xenonkungen.com\/es\/wp-json\/wp\/v2\/product"}],"about":[{"href":"https:\/\/xenonkungen.com\/es\/wp-json\/wp\/v2\/types\/product"}],"replies":[{"embeddable":true,"href":"https:\/\/xenonkungen.com\/es\/wp-json\/wp\/v2\/comments?post=11645"}],"wp:featuredmedia":[{"embeddable":true,"href":"https:\/\/xenonkungen.com\/es\/wp-json\/wp\/v2\/media\/10896"}],"wp:attachment":[{"href":"https:\/\/xenonkungen.com\/es\/wp-json\/wp\/v2\/media?parent=11645"}],"wp:term":[{"taxonomy":"anvandningsomrade","embeddable":true,"href":"https:\/\/xenonkungen.com\/es\/wp-json\/wp\/v2\/anvandningsomrade?post=11645"},{"taxonomy":"bilmarken","embeddable":true,"href":"https:\/\/xenonkungen.com\/es\/wp-json\/wp\/v2\/bilmarken?post=11645"},{"taxonomy":"product_brand","embeddable":true,"href":"https:\/\/xenonkungen.com\/es\/wp-json\/wp\/v2\/product_brand?post=11645"},{"taxonomy":"product_cat","embeddable":true,"href":"https:\/\/xenonkungen.com\/es\/wp-json\/wp\/v2\/product_cat?post=11645"},{"taxonomy":"product_tag","embeddable":true,"href":"https:\/\/xenonkungen.com\/es\/wp-json\/wp\/v2\/product_tag?post=11645"}],"curies":[{"name":"wp","href":"https:\/\/api.w.org\/{rel}","templated":true}]}}