{"id":11651,"date":"2025-06-23T13:51:26","date_gmt":"2025-06-23T13:51:26","guid":{"rendered":"https:\/\/xenonkungen.com\/produkt\/nightshift-wl10-sq-arbetsljus\/"},"modified":"2026-05-04T10:50:27","modified_gmt":"2026-05-04T09:50:27","slug":"luxtar-wl10-sq-arbetsljus","status":"publish","type":"product","link":"https:\/\/xenonkungen.com\/es\/producto\/luxtar-wl10-sq-arbetsljus\/","title":{"rendered":"Luxtar WL10-SQ Arbetsljus"},"content":{"rendered":"<h1>Peque\u00f1a y potente luz de trabajo cuadrada<\/h1>\n<p>Denna lilla lykta, \u00e4r precis som andra Luxtar lyktor byggda f\u00f6r att h\u00e5lla. Rej\u00e4lt hus i aluminium, lins av polycarbonat och rostfria f\u00e4stdetaljer i rostrfritt st\u00e5l g\u00f6r a detta \u00e4r en lykta som t\u00e5l v\u00e4der, vind och v\u00e5ld.<\/p>\n<p><strong>PUNTO 20\u00b0<\/strong>Perfecta como luz adicional en motocicletas, motos de nieve, quads, etc., o como luz de marcha atr\u00e1s, luz de trabajo detr\u00e1s de la cabina de un remolque, etc., donde se desee una buena luz direccional en un formato compacto.<\/p>\n<p><strong>INUNDACI\u00d3N 50\u00b0<\/strong>Perfecta como luz de trabajo para \u00e1reas peque\u00f1as. Tambi\u00e9n es ideal como luz de marcha atr\u00e1s, luz de trabajo detr\u00e1s de la cabina de un remolque, etc., donde se necesite una luz compacta.<\/p>\n<p>Esta l\u00e1mpara est\u00e1 equipada con 1 LED CREE de 10 W y proporciona aproximadamente 880 l\u00famenes (nominal 1060 lm).<\/p>\n<p>Puede montarse de pie o colgado.<br \/>\nVida \u00fatil aproximadamente 30.000 horas.<\/p>","protected":false},"excerpt":{"rendered":"<p>Foco de trabajo cuadrado, peque\u00f1o y potente, con un chip LED Cree XML de 10 W que proporciona una gran cantidad de luz. Disponible con haz puntual de 20\u00b0 o haz de inundaci\u00f3n de 50\u00b0.<\/p>","protected":false},"featured_media":10911,"comment_status":"closed","ping_status":"closed","template":"","meta":{"_acf_changed":false,"_smort_price_nok":"373","_smort_price_dkk":"237","_smort_price_eur":"31.73","_smort_sale_price_nok":"","_smort_sale_price_dkk":"","_smort_sale_price_eur":"","smort_restorder":"","shipmondo_restorder":"","_kad_blocks_custom_css":"","_kad_blocks_head_custom_js":"","_kad_blocks_body_custom_js":"","_kad_blocks_footer_custom_js":"","smort_custom_pricelist_1":"223.36","smort_custom_pricelist_2":"181.48","smort_custom_pricelist_3":"172.41","smort_custom_pricelist_4":"279.2","smort_custom_pricelist_5":"181.48"},"anvandningsomrade":[],"bilmarken":[],"product_brand":[103],"product_cat":[508],"product_tag":[],"class_list":{"0":"post-11651","1":"product","2":"type-product","3":"status-publish","4":"has-post-thumbnail","6":"product_brand-luxtar","7":"product_cat-arbetsbelysning","8":"pa_faktisk-effekts-forbrukning-893","9":"pa_fargtemperatur-1428","10":"pa_fuktskydd-varde-ipxx-ip68","11":"pa_lampsockel-kontakt-open-wire","12":"pa_ljusbild-flood","13":"pa_ljusbild-spot","14":"pa_ljusspridning-grader-2282","15":"pa_ljusspridning-grader-2280","16":"pa_storlek-mm-50x50x90","17":"pa_volt-v-multivolt-12-16-18-24-28-30-32","19":"first","20":"instock","21":"taxable","22":"shipping-taxable","23":"purchasable","24":"product-type-variable"},"bundled_by":[],"bundle_stock_status":"instock","bundle_stock_quantity":16,"bundle_virtual":false,"bundle_layout":"","bundle_add_to_cart_form_location":"","bundle_editable_in_cart":false,"bundle_sold_individually_context":"","bundle_item_grouping":"","bundle_min_size":"","bundle_max_size":"","bundle_price":[],"bundled_items":[],"bundle_sell_ids":[],"acf":[],"yoast_head":"<!-- This site is optimized with the Yoast SEO plugin v27.0 - https:\/\/yoast.com\/product\/yoast-seo-wordpress\/ -->\n<title>Luxtar WL10-SQ Arbetsljus - Xenonkungen<\/title>\n<meta name=\"robots\" content=\"index, follow, max-snippet:-1, max-image-preview:large, max-video-preview:-1\" \/>\n<link rel=\"canonical\" href=\"https:\/\/xenonkungen.com\/es\/producto\/luxtar-wl10-sq-arbetsljus\/\" \/>\n<meta property=\"og:locale\" content=\"es_ES\" \/>\n<meta property=\"og:type\" content=\"article\" \/>\n<meta property=\"og:title\" content=\"Luxtar WL10-SQ Arbetsljus - Xenonkungen\" \/>\n<meta property=\"og:description\" content=\"Litet kraftfullt fyrkantigt arbetsljus med ett 10W Cree XML-ledchip som ger er rikligt med ljus! Finns som 20\u00b0 Spot eller 50\u00b0 Flood.\" \/>\n<meta property=\"og:url\" content=\"https:\/\/xenonkungen.com\/es\/producto\/luxtar-wl10-sq-arbetsljus\/\" \/>\n<meta property=\"og:site_name\" content=\"Xenonkungen\" \/>\n<meta property=\"article:modified_time\" content=\"2026-05-04T09:50:27+00:00\" \/>\n<meta property=\"og:image\" content=\"https:\/\/xenonkungen.com\/wp-content\/uploads\/2025\/06\/Xenonkungen_Kantig-FLOOD_Beam_10W_CA193882-PNNG-1000px.png\" \/>\n\t<meta property=\"og:image:width\" content=\"1000\" \/>\n\t<meta property=\"og:image:height\" content=\"733\" \/>\n\t<meta property=\"og:image:type\" content=\"image\/png\" \/>\n<meta name=\"twitter:card\" content=\"summary_large_image\" \/>\n<meta name=\"twitter:label1\" content=\"Tiempo de lectura\" \/>\n\t<meta name=\"twitter:data1\" content=\"1 minuto\" \/>\n<script type=\"application\/ld+json\" class=\"yoast-schema-graph\">{\"@context\":\"https:\/\/schema.org\",\"@graph\":[{\"@type\":\"WebPage\",\"@id\":\"https:\/\/xenonkungen.com\/produkt\/luxtar-wl10-sq-arbetsljus\/\",\"url\":\"https:\/\/xenonkungen.com\/produkt\/luxtar-wl10-sq-arbetsljus\/\",\"name\":\"Luxtar WL10-SQ Arbetsljus - Xenonkungen\",\"isPartOf\":{\"@id\":\"https:\/\/xenonkungen.com\/#website\"},\"primaryImageOfPage\":{\"@id\":\"https:\/\/xenonkungen.com\/produkt\/luxtar-wl10-sq-arbetsljus\/#primaryimage\"},\"image\":{\"@id\":\"https:\/\/xenonkungen.com\/produkt\/luxtar-wl10-sq-arbetsljus\/#primaryimage\"},\"thumbnailUrl\":\"https:\/\/xenonkungen.com\/wp-content\/uploads\/2025\/06\/Xenonkungen_Kantig-FLOOD_Beam_10W_CA193882-PNNG-1000px.png\",\"datePublished\":\"2025-06-23T13:51:26+00:00\",\"dateModified\":\"2026-05-04T09:50:27+00:00\",\"breadcrumb\":{\"@id\":\"https:\/\/xenonkungen.com\/produkt\/luxtar-wl10-sq-arbetsljus\/#breadcrumb\"},\"inLanguage\":\"es\",\"potentialAction\":[{\"@type\":\"ReadAction\",\"target\":[\"https:\/\/xenonkungen.com\/produkt\/luxtar-wl10-sq-arbetsljus\/\"]}]},{\"@type\":\"ImageObject\",\"inLanguage\":\"es\",\"@id\":\"https:\/\/xenonkungen.com\/produkt\/luxtar-wl10-sq-arbetsljus\/#primaryimage\",\"url\":\"https:\/\/xenonkungen.com\/wp-content\/uploads\/2025\/06\/Xenonkungen_Kantig-FLOOD_Beam_10W_CA193882-PNNG-1000px.png\",\"contentUrl\":\"https:\/\/xenonkungen.com\/wp-content\/uploads\/2025\/06\/Xenonkungen_Kantig-FLOOD_Beam_10W_CA193882-PNNG-1000px.png\",\"width\":1000,\"height\":733},{\"@type\":\"BreadcrumbList\",\"@id\":\"https:\/\/xenonkungen.com\/produkt\/luxtar-wl10-sq-arbetsljus\/#breadcrumb\",\"itemListElement\":[{\"@type\":\"ListItem\",\"position\":1,\"name\":\"Hem\",\"item\":\"https:\/\/xenonkungen.com\/\"},{\"@type\":\"ListItem\",\"position\":2,\"name\":\"Shop\",\"item\":\"https:\/\/xenonkungen.com\/shop\/\"},{\"@type\":\"ListItem\",\"position\":3,\"name\":\"Luxtar WL10-SQ Arbetsljus\"}]},{\"@type\":\"WebSite\",\"@id\":\"https:\/\/xenonkungen.com\/#website\",\"url\":\"https:\/\/xenonkungen.com\/\",\"name\":\"Xenonkungen\",\"description\":\"\",\"potentialAction\":[{\"@type\":\"SearchAction\",\"target\":{\"@type\":\"EntryPoint\",\"urlTemplate\":\"https:\/\/xenonkungen.com\/?s={search_term_string}\"},\"query-input\":{\"@type\":\"PropertyValueSpecification\",\"valueRequired\":true,\"valueName\":\"search_term_string\"}}],\"inLanguage\":\"es\"}]}<\/script>\n<!-- \/ Yoast SEO plugin. -->","yoast_head_json":{"title":"Luxtar WL10-SQ Arbetsljus - Xenonkungen","robots":{"index":"index","follow":"follow","max-snippet":"max-snippet:-1","max-image-preview":"max-image-preview:large","max-video-preview":"max-video-preview:-1"},"canonical":"https:\/\/xenonkungen.com\/es\/producto\/luxtar-wl10-sq-arbetsljus\/","og_locale":"es_ES","og_type":"article","og_title":"Luxtar WL10-SQ Arbetsljus - Xenonkungen","og_description":"Litet kraftfullt fyrkantigt arbetsljus med ett 10W Cree XML-ledchip som ger er rikligt med ljus! Finns som 20\u00b0 Spot eller 50\u00b0 Flood.","og_url":"https:\/\/xenonkungen.com\/es\/producto\/luxtar-wl10-sq-arbetsljus\/","og_site_name":"Xenonkungen","article_modified_time":"2026-05-04T09:50:27+00:00","og_image":[{"width":1000,"height":733,"url":"https:\/\/xenonkungen.com\/wp-content\/uploads\/2025\/06\/Xenonkungen_Kantig-FLOOD_Beam_10W_CA193882-PNNG-1000px.png","type":"image\/png"}],"twitter_card":"summary_large_image","twitter_misc":{"Tiempo de lectura":"1 minuto"},"schema":{"@context":"https:\/\/schema.org","@graph":[{"@type":"WebPage","@id":"https:\/\/xenonkungen.com\/produkt\/luxtar-wl10-sq-arbetsljus\/","url":"https:\/\/xenonkungen.com\/produkt\/luxtar-wl10-sq-arbetsljus\/","name":"Luxtar WL10-SQ Arbetsljus - Xenonkungen","isPartOf":{"@id":"https:\/\/xenonkungen.com\/#website"},"primaryImageOfPage":{"@id":"https:\/\/xenonkungen.com\/produkt\/luxtar-wl10-sq-arbetsljus\/#primaryimage"},"image":{"@id":"https:\/\/xenonkungen.com\/produkt\/luxtar-wl10-sq-arbetsljus\/#primaryimage"},"thumbnailUrl":"https:\/\/xenonkungen.com\/wp-content\/uploads\/2025\/06\/Xenonkungen_Kantig-FLOOD_Beam_10W_CA193882-PNNG-1000px.png","datePublished":"2025-06-23T13:51:26+00:00","dateModified":"2026-05-04T09:50:27+00:00","breadcrumb":{"@id":"https:\/\/xenonkungen.com\/produkt\/luxtar-wl10-sq-arbetsljus\/#breadcrumb"},"inLanguage":"es","potentialAction":[{"@type":"ReadAction","target":["https:\/\/xenonkungen.com\/produkt\/luxtar-wl10-sq-arbetsljus\/"]}]},{"@type":"ImageObject","inLanguage":"es","@id":"https:\/\/xenonkungen.com\/produkt\/luxtar-wl10-sq-arbetsljus\/#primaryimage","url":"https:\/\/xenonkungen.com\/wp-content\/uploads\/2025\/06\/Xenonkungen_Kantig-FLOOD_Beam_10W_CA193882-PNNG-1000px.png","contentUrl":"https:\/\/xenonkungen.com\/wp-content\/uploads\/2025\/06\/Xenonkungen_Kantig-FLOOD_Beam_10W_CA193882-PNNG-1000px.png","width":1000,"height":733},{"@type":"BreadcrumbList","@id":"https:\/\/xenonkungen.com\/produkt\/luxtar-wl10-sq-arbetsljus\/#breadcrumb","itemListElement":[{"@type":"ListItem","position":1,"name":"Hem","item":"https:\/\/xenonkungen.com\/"},{"@type":"ListItem","position":2,"name":"Shop","item":"https:\/\/xenonkungen.com\/shop\/"},{"@type":"ListItem","position":3,"name":"Luxtar WL10-SQ Arbetsljus"}]},{"@type":"WebSite","@id":"https:\/\/xenonkungen.com\/#website","url":"https:\/\/xenonkungen.com\/","name":"Xenonkungen","description":"","potentialAction":[{"@type":"SearchAction","target":{"@type":"EntryPoint","urlTemplate":"https:\/\/xenonkungen.com\/?s={search_term_string}"},"query-input":{"@type":"PropertyValueSpecification","valueRequired":true,"valueName":"search_term_string"}}],"inLanguage":"es"}]}},"taxonomy_info":{"product_brand":[{"value":103,"label":"LUXTAR"}],"product_cat":[{"value":508,"label":"Arbetsbelysning"}],"pa_faktisk-effekts-forbrukning":[{"value":893,"label":"81"}],"pa_fargtemperatur":[{"value":1428,"label":"6000"}],"pa_fuktskydd-varde-ipxx":[{"value":177,"label":"IP68"}],"pa_lampsockel-kontakt":[{"value":324,"label":"Open Wire"}],"pa_ljusbild":[{"value":503,"label":"FLOOD"},{"value":1177,"label":"Spot"}],"pa_ljusspridning-grader":[{"value":2282,"label":"20"},{"value":2280,"label":"50"}],"pa_storlek-mm":[{"value":2415,"label":"50x50x90"}],"pa_volt-v":[{"value":2281,"label":"Multivolt, 12, 16, 18, 24, 28, 30, 32"}]},"featured_image_src_large":["https:\/\/xenonkungen.com\/wp-content\/uploads\/2025\/06\/Xenonkungen_Kantig-FLOOD_Beam_10W_CA193882-PNNG-1000px.png",1000,733,false],"author_info":[],"comment_info":0,"_links":{"self":[{"href":"https:\/\/xenonkungen.com\/es\/wp-json\/wp\/v2\/product\/11651","targetHints":{"allow":["GET"]}}],"collection":[{"href":"https:\/\/xenonkungen.com\/es\/wp-json\/wp\/v2\/product"}],"about":[{"href":"https:\/\/xenonkungen.com\/es\/wp-json\/wp\/v2\/types\/product"}],"replies":[{"embeddable":true,"href":"https:\/\/xenonkungen.com\/es\/wp-json\/wp\/v2\/comments?post=11651"}],"wp:featuredmedia":[{"embeddable":true,"href":"https:\/\/xenonkungen.com\/es\/wp-json\/wp\/v2\/media\/10911"}],"wp:attachment":[{"href":"https:\/\/xenonkungen.com\/es\/wp-json\/wp\/v2\/media?parent=11651"}],"wp:term":[{"taxonomy":"anvandningsomrade","embeddable":true,"href":"https:\/\/xenonkungen.com\/es\/wp-json\/wp\/v2\/anvandningsomrade?post=11651"},{"taxonomy":"bilmarken","embeddable":true,"href":"https:\/\/xenonkungen.com\/es\/wp-json\/wp\/v2\/bilmarken?post=11651"},{"taxonomy":"product_brand","embeddable":true,"href":"https:\/\/xenonkungen.com\/es\/wp-json\/wp\/v2\/product_brand?post=11651"},{"taxonomy":"product_cat","embeddable":true,"href":"https:\/\/xenonkungen.com\/es\/wp-json\/wp\/v2\/product_cat?post=11651"},{"taxonomy":"product_tag","embeddable":true,"href":"https:\/\/xenonkungen.com\/es\/wp-json\/wp\/v2\/product_tag?post=11651"}],"curies":[{"name":"wp","href":"https:\/\/api.w.org\/{rel}","templated":true}]}}