{"id":11657,"date":"2025-06-23T13:51:28","date_gmt":"2025-06-23T13:51:28","guid":{"rendered":"https:\/\/xenonkungen.com\/produkt\/ba9st4w-led-6smd-9-14v\/"},"modified":"2026-04-10T23:42:48","modified_gmt":"2026-04-10T22:42:48","slug":"led-ba9st4w-6smd-9-14v","status":"publish","type":"product","link":"https:\/\/xenonkungen.com\/es\/producto\/led-ba9st4w-6smd-9-14v\/","title":{"rendered":"BA9S|T4W Led 6smd | 9-14v"},"content":{"rendered":"<p>Nuestro BA9S (T4W) 6SMD est\u00e1 hecho con 6pcs fuerte chip Samsung m\u00f3dulos LED para reemplazar las l\u00e1mparas hal\u00f3genas existentes con luz blanca brillante. BA9S 6SMD est\u00e1 dise\u00f1ado con 4 diodos LED alrededor de la cabeza de la l\u00e1mpara y 2 colocados en la parte superior. La l\u00e1mpara de diodos est\u00e1 disponible en dos temperaturas de color diferentes 4300K y 6000K con una potencia de 150 Lumen.<\/p>\n<p><strong>Es bueno saberlo: <\/strong><br \/>Esta l\u00e1mpara de diodos puede ser demasiado larga\/ancha para coches con menos espacio en la base.<br \/>La l\u00e1mpara de diodo es sensible a la polaridad.<br \/>El BA9S es muy similar al H6W, lo que los diferencia son los pinchos en la parte inferior del pie. (ver enlaces m\u00e1s abajo para m\u00e1s informaci\u00f3n sobre H6W).<\/p>\n<p>una l\u00e1mpara BA9S est\u00e1ndar suele brillar con unos 35 l\u00famenes.<\/p>","protected":false},"excerpt":{"rendered":"<p>Una potente l\u00e1mpara LED para aquellos que quieren mejorar la apariencia de su coche. BA9S se utiliza com\u00fanmente tanto como una luz de posici\u00f3n delantera, o como una luz interior. disponible en 2 colores de luz diferentes , chip de Samsung , 150 Lumen , Contenido de la entrega: 2pcs BA9S l\u00e1mparas , 12 meses de garant\u00eda.<\/p>","protected":false},"featured_media":10927,"comment_status":"closed","ping_status":"open","template":"","meta":{"_acf_changed":false,"_smort_price_nok":"134","_smort_price_dkk":"85","_smort_price_eur":"11.36","_smort_sale_price_nok":"","_smort_sale_price_dkk":"","_smort_sale_price_eur":"","smort_restorder":"","shipmondo_restorder":"","_kad_blocks_custom_css":"","_kad_blocks_head_custom_js":"","_kad_blocks_body_custom_js":"","_kad_blocks_footer_custom_js":"","smort_custom_pricelist_1":"","smort_custom_pricelist_2":"","smort_custom_pricelist_3":"","smort_custom_pricelist_4":"","smort_custom_pricelist_5":""},"anvandningsomrade":[],"bilmarken":[],"product_brand":[],"product_cat":[3010,338],"product_tag":[],"class_list":{"0":"post-11657","1":"product","2":"type-product","3":"status-publish","4":"has-post-thumbnail","6":"product_cat-ba9s-t4w","7":"product_cat-diodlampor","8":"pa_faktisk-effekts-forbrukning-780","9":"pa_fargtemperatur-2283","10":"pa_fargtemperatur-1428","11":"pa_lampsockel-kontakt-ba9s-t4w","12":"pa_storlek-mm-28x12","13":"pa_stromforbrukning-01a-12v","14":"pa_volt-v-159","16":"first","17":"instock","18":"taxable","19":"shipping-taxable","20":"purchasable","21":"product-type-variable"},"bundled_by":[],"bundle_stock_status":"instock","bundle_stock_quantity":null,"bundle_virtual":false,"bundle_layout":"","bundle_add_to_cart_form_location":"","bundle_editable_in_cart":false,"bundle_sold_individually_context":"","bundle_item_grouping":"","bundle_min_size":"","bundle_max_size":"","bundle_price":[],"bundled_items":[],"bundle_sell_ids":[],"acf":[],"yoast_head":"<!-- This site is optimized with the Yoast SEO plugin v27.0 - https:\/\/yoast.com\/product\/yoast-seo-wordpress\/ -->\n<title>BA9S|T4W Led 6smd | 9-14v - Xenonkungen<\/title>\n<meta name=\"robots\" content=\"index, follow, max-snippet:-1, max-image-preview:large, max-video-preview:-1\" \/>\n<link rel=\"canonical\" href=\"https:\/\/xenonkungen.com\/es\/producto\/led-ba9st4w-6smd-9-14v\/\" \/>\n<meta property=\"og:locale\" content=\"es_ES\" \/>\n<meta property=\"og:type\" content=\"article\" \/>\n<meta property=\"og:title\" content=\"BA9S|T4W Led 6smd | 9-14v - Xenonkungen\" \/>\n<meta property=\"og:description\" content=\"En kraftig ledlampa f\u00f6r dig som vill f\u00f6rb\u00e4ttra utseendet p\u00e5 din bil. BA9S \u00e4r vanligt f\u00f6rekommande b\u00e5de som positionsljus fram, eller som interi\u00f6rljus. finns i 2 olika ljusf\u00e4rger , Samsungchip , 150 Lumen , Leveransinneh\u00e5ll: 2st BA9S lampor , 12 m\u00e5naders garanti\" \/>\n<meta property=\"og:url\" content=\"https:\/\/xenonkungen.com\/es\/producto\/led-ba9st4w-6smd-9-14v\/\" \/>\n<meta property=\"og:site_name\" content=\"Xenonkungen\" \/>\n<meta property=\"article:modified_time\" content=\"2026-04-10T22:42:48+00:00\" \/>\n<meta property=\"og:image\" content=\"https:\/\/xenonkungen.com\/wp-content\/uploads\/2025\/06\/25344894-origpic-3e9e90.png\" \/>\n\t<meta property=\"og:image:width\" content=\"1000\" \/>\n\t<meta property=\"og:image:height\" content=\"1000\" \/>\n\t<meta property=\"og:image:type\" content=\"image\/png\" \/>\n<meta name=\"twitter:card\" content=\"summary_large_image\" \/>\n<meta name=\"twitter:label1\" content=\"Tiempo de lectura\" \/>\n\t<meta name=\"twitter:data1\" content=\"1 minuto\" \/>\n<script type=\"application\/ld+json\" class=\"yoast-schema-graph\">{\"@context\":\"https:\/\/schema.org\",\"@graph\":[{\"@type\":\"WebPage\",\"@id\":\"https:\/\/xenonkungen.com\/produkt\/ba9st4w-led-6smd-9-14v\/\",\"url\":\"https:\/\/xenonkungen.com\/produkt\/ba9st4w-led-6smd-9-14v\/\",\"name\":\"BA9S|T4W Led 6smd | 9-14v - Xenonkungen\",\"isPartOf\":{\"@id\":\"https:\/\/xenonkungen.com\/#website\"},\"primaryImageOfPage\":{\"@id\":\"https:\/\/xenonkungen.com\/produkt\/ba9st4w-led-6smd-9-14v\/#primaryimage\"},\"image\":{\"@id\":\"https:\/\/xenonkungen.com\/produkt\/ba9st4w-led-6smd-9-14v\/#primaryimage\"},\"thumbnailUrl\":\"https:\/\/xenonkungen.com\/wp-content\/uploads\/2025\/06\/25344894-origpic-3e9e90.png\",\"datePublished\":\"2025-06-23T13:51:28+00:00\",\"dateModified\":\"2026-04-10T22:42:48+00:00\",\"breadcrumb\":{\"@id\":\"https:\/\/xenonkungen.com\/produkt\/ba9st4w-led-6smd-9-14v\/#breadcrumb\"},\"inLanguage\":\"es\",\"potentialAction\":[{\"@type\":\"ReadAction\",\"target\":[\"https:\/\/xenonkungen.com\/produkt\/ba9st4w-led-6smd-9-14v\/\"]}]},{\"@type\":\"ImageObject\",\"inLanguage\":\"es\",\"@id\":\"https:\/\/xenonkungen.com\/produkt\/ba9st4w-led-6smd-9-14v\/#primaryimage\",\"url\":\"https:\/\/xenonkungen.com\/wp-content\/uploads\/2025\/06\/25344894-origpic-3e9e90.png\",\"contentUrl\":\"https:\/\/xenonkungen.com\/wp-content\/uploads\/2025\/06\/25344894-origpic-3e9e90.png\",\"width\":1000,\"height\":1000},{\"@type\":\"BreadcrumbList\",\"@id\":\"https:\/\/xenonkungen.com\/produkt\/ba9st4w-led-6smd-9-14v\/#breadcrumb\",\"itemListElement\":[{\"@type\":\"ListItem\",\"position\":1,\"name\":\"Hem\",\"item\":\"https:\/\/xenonkungen.com\/\"},{\"@type\":\"ListItem\",\"position\":2,\"name\":\"Shop\",\"item\":\"https:\/\/xenonkungen.com\/shop\/\"},{\"@type\":\"ListItem\",\"position\":3,\"name\":\"BA9S|T4W Led 6smd | 9-14v\"}]},{\"@type\":\"WebSite\",\"@id\":\"https:\/\/xenonkungen.com\/#website\",\"url\":\"https:\/\/xenonkungen.com\/\",\"name\":\"Xenonkungen\",\"description\":\"\",\"potentialAction\":[{\"@type\":\"SearchAction\",\"target\":{\"@type\":\"EntryPoint\",\"urlTemplate\":\"https:\/\/xenonkungen.com\/?s={search_term_string}\"},\"query-input\":{\"@type\":\"PropertyValueSpecification\",\"valueRequired\":true,\"valueName\":\"search_term_string\"}}],\"inLanguage\":\"es\"}]}<\/script>\n<!-- \/ Yoast SEO plugin. -->","yoast_head_json":{"title":"BA9S|T4W Led 6smd | 9-14v - El rey del xen\u00f3n","robots":{"index":"index","follow":"follow","max-snippet":"max-snippet:-1","max-image-preview":"max-image-preview:large","max-video-preview":"max-video-preview:-1"},"canonical":"https:\/\/xenonkungen.com\/es\/producto\/led-ba9st4w-6smd-9-14v\/","og_locale":"es_ES","og_type":"article","og_title":"BA9S|T4W Led 6smd | 9-14v - Xenonkungen","og_description":"En kraftig ledlampa f\u00f6r dig som vill f\u00f6rb\u00e4ttra utseendet p\u00e5 din bil. BA9S \u00e4r vanligt f\u00f6rekommande b\u00e5de som positionsljus fram, eller som interi\u00f6rljus. finns i 2 olika ljusf\u00e4rger , Samsungchip , 150 Lumen , Leveransinneh\u00e5ll: 2st BA9S lampor , 12 m\u00e5naders garanti","og_url":"https:\/\/xenonkungen.com\/es\/producto\/led-ba9st4w-6smd-9-14v\/","og_site_name":"Xenonkungen","article_modified_time":"2026-04-10T22:42:48+00:00","og_image":[{"width":1000,"height":1000,"url":"https:\/\/xenonkungen.com\/wp-content\/uploads\/2025\/06\/25344894-origpic-3e9e90.png","type":"image\/png"}],"twitter_card":"summary_large_image","twitter_misc":{"Tiempo de lectura":"1 minuto"},"schema":{"@context":"https:\/\/schema.org","@graph":[{"@type":"WebPage","@id":"https:\/\/xenonkungen.com\/produkt\/ba9st4w-led-6smd-9-14v\/","url":"https:\/\/xenonkungen.com\/produkt\/ba9st4w-led-6smd-9-14v\/","name":"BA9S|T4W Led 6smd | 9-14v - El rey del xen\u00f3n","isPartOf":{"@id":"https:\/\/xenonkungen.com\/#website"},"primaryImageOfPage":{"@id":"https:\/\/xenonkungen.com\/produkt\/ba9st4w-led-6smd-9-14v\/#primaryimage"},"image":{"@id":"https:\/\/xenonkungen.com\/produkt\/ba9st4w-led-6smd-9-14v\/#primaryimage"},"thumbnailUrl":"https:\/\/xenonkungen.com\/wp-content\/uploads\/2025\/06\/25344894-origpic-3e9e90.png","datePublished":"2025-06-23T13:51:28+00:00","dateModified":"2026-04-10T22:42:48+00:00","breadcrumb":{"@id":"https:\/\/xenonkungen.com\/produkt\/ba9st4w-led-6smd-9-14v\/#breadcrumb"},"inLanguage":"es","potentialAction":[{"@type":"ReadAction","target":["https:\/\/xenonkungen.com\/produkt\/ba9st4w-led-6smd-9-14v\/"]}]},{"@type":"ImageObject","inLanguage":"es","@id":"https:\/\/xenonkungen.com\/produkt\/ba9st4w-led-6smd-9-14v\/#primaryimage","url":"https:\/\/xenonkungen.com\/wp-content\/uploads\/2025\/06\/25344894-origpic-3e9e90.png","contentUrl":"https:\/\/xenonkungen.com\/wp-content\/uploads\/2025\/06\/25344894-origpic-3e9e90.png","width":1000,"height":1000},{"@type":"BreadcrumbList","@id":"https:\/\/xenonkungen.com\/produkt\/ba9st4w-led-6smd-9-14v\/#breadcrumb","itemListElement":[{"@type":"ListItem","position":1,"name":"Hem","item":"https:\/\/xenonkungen.com\/"},{"@type":"ListItem","position":2,"name":"Shop","item":"https:\/\/xenonkungen.com\/shop\/"},{"@type":"ListItem","position":3,"name":"BA9S|T4W Led 6smd | 9-14v"}]},{"@type":"WebSite","@id":"https:\/\/xenonkungen.com\/#website","url":"https:\/\/xenonkungen.com\/","name":"Xenonkungen","description":"","potentialAction":[{"@type":"SearchAction","target":{"@type":"EntryPoint","urlTemplate":"https:\/\/xenonkungen.com\/?s={search_term_string}"},"query-input":{"@type":"PropertyValueSpecification","valueRequired":true,"valueName":"search_term_string"}}],"inLanguage":"es"}]}},"taxonomy_info":{"product_cat":[{"value":3010,"label":"BA9S \/ T4W"},{"value":338,"label":"Diodlampor"}],"pa_faktisk-effekts-forbrukning":[{"value":780,"label":"1,8"}],"pa_fargtemperatur":[{"value":2283,"label":"4300"},{"value":1428,"label":"6000"}],"pa_lampsockel-kontakt":[{"value":1679,"label":"BA9S, T4W"}],"pa_storlek-mm":[{"value":779,"label":"28x12"}],"pa_stromforbrukning":[{"value":2285,"label":"0,1A @12V"}],"pa_volt-v":[{"value":159,"label":"12"}]},"featured_image_src_large":["https:\/\/xenonkungen.com\/wp-content\/uploads\/2025\/06\/25344894-origpic-3e9e90.png",1000,1000,false],"author_info":[],"comment_info":0,"_links":{"self":[{"href":"https:\/\/xenonkungen.com\/es\/wp-json\/wp\/v2\/product\/11657","targetHints":{"allow":["GET"]}}],"collection":[{"href":"https:\/\/xenonkungen.com\/es\/wp-json\/wp\/v2\/product"}],"about":[{"href":"https:\/\/xenonkungen.com\/es\/wp-json\/wp\/v2\/types\/product"}],"replies":[{"embeddable":true,"href":"https:\/\/xenonkungen.com\/es\/wp-json\/wp\/v2\/comments?post=11657"}],"wp:featuredmedia":[{"embeddable":true,"href":"https:\/\/xenonkungen.com\/es\/wp-json\/wp\/v2\/media\/10927"}],"wp:attachment":[{"href":"https:\/\/xenonkungen.com\/es\/wp-json\/wp\/v2\/media?parent=11657"}],"wp:term":[{"taxonomy":"anvandningsomrade","embeddable":true,"href":"https:\/\/xenonkungen.com\/es\/wp-json\/wp\/v2\/anvandningsomrade?post=11657"},{"taxonomy":"bilmarken","embeddable":true,"href":"https:\/\/xenonkungen.com\/es\/wp-json\/wp\/v2\/bilmarken?post=11657"},{"taxonomy":"product_brand","embeddable":true,"href":"https:\/\/xenonkungen.com\/es\/wp-json\/wp\/v2\/product_brand?post=11657"},{"taxonomy":"product_cat","embeddable":true,"href":"https:\/\/xenonkungen.com\/es\/wp-json\/wp\/v2\/product_cat?post=11657"},{"taxonomy":"product_tag","embeddable":true,"href":"https:\/\/xenonkungen.com\/es\/wp-json\/wp\/v2\/product_tag?post=11657"}],"curies":[{"name":"wp","href":"https:\/\/api.w.org\/{rel}","templated":true}]}}