{"id":1169,"date":"2025-04-15T08:00:23","date_gmt":"2025-04-15T08:00:23","guid":{"rendered":"https:\/\/xenonkungen.com\/product\/fiike-hikingstav-multiverktyg\/"},"modified":"2026-04-01T07:58:03","modified_gmt":"2026-04-01T06:58:03","slug":"baston-de-senderismo-multiherramienta-fiike","status":"publish","type":"product","link":"https:\/\/xenonkungen.com\/es\/producto\/baston-de-senderismo-multiherramienta-fiike\/","title":{"rendered":"FIIKE Bast\u00f3n de senderismo | Multiherramienta"},"content":{"rendered":"<h1>Una herramienta \u00fatil tanto en el bosque como en el terreno.<\/h1>\n<p>El bast\u00f3n de senderismo cuenta con tacos y protecci\u00f3n contra la profundidad para mantenerlo en su lugar tanto en hielo como en nieve. <\/p>\n<p>\u00bfTu bast\u00f3n de senderismo es demasiado largo? Puedes acortarlo a\u00f1adiendo uno o m\u00e1s m\u00f3dulos, cada uno de 22 cm de largo, para adaptarlo a tu postura.<\/p>\n<p>Un bast\u00f3n de senderismo es una herramienta multiusos con los siguientes accesorios:<br \/>Br\u00fajula<br \/>SIERRA<br \/>Cuchillo<br \/>acero de ignici\u00f3n<br \/>Destornillador (Phillips y plano)<br \/>abrelatas<br \/>cuchillo de cuerda<\/p>\n<p>Contenido del paquete: 1 bast\u00f3n de senderismo FIIKE con bolsa de almacenamiento<\/p>","protected":false},"excerpt":{"rendered":"<p>Una herramienta \u00fatil tanto en el bosque como en el terreno.<br \/>\nEl bast\u00f3n de senderismo de FIIKE es una multiherramienta que incluye:<br \/>\n\u2713Br\u00fajula, \u2713Bengala, \u2713Sierra, \u2713Cuchillo, \u2713Rompecristales, \u2713Destornillador plano y de estrella, \u2713Abridor de botellas, \u2713Silbato<\/p>","protected":false},"featured_media":1170,"comment_status":"closed","ping_status":"closed","template":"","meta":{"_acf_changed":false,"_smort_price_nok":"239","_smort_price_dkk":"200","_smort_price_eur":"26.82","_smort_sale_price_nok":"239","_smort_sale_price_dkk":"","_smort_sale_price_eur":"20.34","smort_restorder":"","shipmondo_restorder":"","_kad_blocks_custom_css":"","_kad_blocks_head_custom_js":"","_kad_blocks_body_custom_js":"","_kad_blocks_footer_custom_js":"","smort_custom_pricelist_1":"188.8","smort_custom_pricelist_2":"188.8","smort_custom_pricelist_3":"179.36","smort_custom_pricelist_4":"236","smort_custom_pricelist_5":"188.8"},"anvandningsomrade":[237],"bilmarken":[],"product_brand":[117],"product_cat":[2440],"product_tag":[],"class_list":{"0":"post-1169","1":"product","2":"type-product","3":"status-publish","4":"has-post-thumbnail","6":"anvandningsomrade-fritid","7":"product_brand-xenonkungen","8":"product_cat-camping","10":"first","11":"instock","12":"sale","13":"taxable","14":"shipping-taxable","15":"purchasable","16":"product-type-simple"},"bundled_by":[],"bundle_stock_status":"instock","bundle_stock_quantity":8,"bundle_virtual":false,"bundle_layout":"","bundle_add_to_cart_form_location":"","bundle_editable_in_cart":false,"bundle_sold_individually_context":"","bundle_item_grouping":"","bundle_min_size":"","bundle_max_size":"","bundle_price":[],"bundled_items":[],"bundle_sell_ids":[],"acf":[],"yoast_head":"<!-- This site is optimized with the Yoast SEO plugin v27.0 - https:\/\/yoast.com\/product\/yoast-seo-wordpress\/ -->\n<title>FIIKE Hikingstav | Multiverktyg - Xenonkungen<\/title>\n<meta name=\"robots\" content=\"index, follow, max-snippet:-1, max-image-preview:large, max-video-preview:-1\" \/>\n<link rel=\"canonical\" href=\"https:\/\/xenonkungen.com\/es\/producto\/baston-de-senderismo-multiherramienta-fiike\/\" \/>\n<meta property=\"og:locale\" content=\"es_ES\" \/>\n<meta property=\"og:type\" content=\"article\" \/>\n<meta property=\"og:title\" content=\"FIIKE Hikingstav | Multiverktyg - Xenonkungen\" \/>\n<meta property=\"og:description\" content=\"Ett anv\u00e4ndbart verktyg ute skog och mark. Hikingstaven fr\u00e5n FIIKE \u00e4r ett multiverktyg som inneh\u00e5ller: &#10003;Kompass , &#10003;T\u00e4ndst\u00e5l , &#10003;S\u00e5g , &#10003;Kniv , &#10003;Glaskross , &#10003;Platt- och stj\u00e4rnmejsel , &#10003;\u00d6l-\u00f6ppnare , &#10003;Visselpipa\" \/>\n<meta property=\"og:url\" content=\"https:\/\/xenonkungen.com\/es\/producto\/baston-de-senderismo-multiherramienta-fiike\/\" \/>\n<meta property=\"og:site_name\" content=\"Xenonkungen\" \/>\n<meta property=\"article:modified_time\" content=\"2026-04-01T06:58:03+00:00\" \/>\n<meta property=\"og:image\" content=\"https:\/\/xenonkungen.com\/wp-content\/uploads\/2025\/04\/177072519-origpic-77d1da.png\" \/>\n\t<meta property=\"og:image:width\" content=\"1000\" \/>\n\t<meta property=\"og:image:height\" content=\"1000\" \/>\n\t<meta property=\"og:image:type\" content=\"image\/png\" \/>\n<meta name=\"twitter:card\" content=\"summary_large_image\" \/>\n<script type=\"application\/ld+json\" class=\"yoast-schema-graph\">{\"@context\":\"https:\/\/schema.org\",\"@graph\":[{\"@type\":\"WebPage\",\"@id\":\"https:\/\/xenonkungen.com\/es\/producto\/fiike-hikingstav-multiverktyg\/\",\"url\":\"https:\/\/xenonkungen.com\/es\/producto\/fiike-hikingstav-multiverktyg\/\",\"name\":\"FIIKE Hikingstav | Multiverktyg - Xenonkungen\",\"isPartOf\":{\"@id\":\"https:\/\/xenonkungen.com\/#website\"},\"primaryImageOfPage\":{\"@id\":\"https:\/\/xenonkungen.com\/es\/producto\/fiike-hikingstav-multiverktyg\/#primaryimage\"},\"image\":{\"@id\":\"https:\/\/xenonkungen.com\/es\/producto\/fiike-hikingstav-multiverktyg\/#primaryimage\"},\"thumbnailUrl\":\"https:\/\/xenonkungen.com\/wp-content\/uploads\/2025\/04\/177072519-origpic-77d1da.png\",\"datePublished\":\"2025-04-15T08:00:23+00:00\",\"dateModified\":\"2026-04-01T06:58:03+00:00\",\"breadcrumb\":{\"@id\":\"https:\/\/xenonkungen.com\/es\/producto\/fiike-hikingstav-multiverktyg\/#breadcrumb\"},\"inLanguage\":\"es\",\"potentialAction\":[{\"@type\":\"ReadAction\",\"target\":[\"https:\/\/xenonkungen.com\/es\/producto\/fiike-hikingstav-multiverktyg\/\"]}]},{\"@type\":\"ImageObject\",\"inLanguage\":\"es\",\"@id\":\"https:\/\/xenonkungen.com\/es\/producto\/fiike-hikingstav-multiverktyg\/#primaryimage\",\"url\":\"https:\/\/xenonkungen.com\/wp-content\/uploads\/2025\/04\/177072519-origpic-77d1da.png\",\"contentUrl\":\"https:\/\/xenonkungen.com\/wp-content\/uploads\/2025\/04\/177072519-origpic-77d1da.png\",\"width\":1000,\"height\":1000},{\"@type\":\"BreadcrumbList\",\"@id\":\"https:\/\/xenonkungen.com\/es\/producto\/fiike-hikingstav-multiverktyg\/#breadcrumb\",\"itemListElement\":[{\"@type\":\"ListItem\",\"position\":1,\"name\":\"Hem\",\"item\":\"https:\/\/xenonkungen.com\/\"},{\"@type\":\"ListItem\",\"position\":2,\"name\":\"Shop\",\"item\":\"https:\/\/xenonkungen.com\/shop\/\"},{\"@type\":\"ListItem\",\"position\":3,\"name\":\"FIIKE Hikingstav | Multiverktyg\"}]},{\"@type\":\"WebSite\",\"@id\":\"https:\/\/xenonkungen.com\/#website\",\"url\":\"https:\/\/xenonkungen.com\/\",\"name\":\"Xenonkungen\",\"description\":\"\",\"potentialAction\":[{\"@type\":\"SearchAction\",\"target\":{\"@type\":\"EntryPoint\",\"urlTemplate\":\"https:\/\/xenonkungen.com\/?s={search_term_string}\"},\"query-input\":{\"@type\":\"PropertyValueSpecification\",\"valueRequired\":true,\"valueName\":\"search_term_string\"}}],\"inLanguage\":\"es\"}]}<\/script>\n<!-- \/ Yoast SEO plugin. -->","yoast_head_json":{"title":"Bast\u00f3n de senderismo FIIKE | Multiherramienta - Xenonkungen","robots":{"index":"index","follow":"follow","max-snippet":"max-snippet:-1","max-image-preview":"max-image-preview:large","max-video-preview":"max-video-preview:-1"},"canonical":"https:\/\/xenonkungen.com\/es\/producto\/baston-de-senderismo-multiherramienta-fiike\/","og_locale":"es_ES","og_type":"article","og_title":"FIIKE Hikingstav | Multiverktyg - Xenonkungen","og_description":"Ett anv\u00e4ndbart verktyg ute skog och mark. Hikingstaven fr\u00e5n FIIKE \u00e4r ett multiverktyg som inneh\u00e5ller: &#10003;Kompass , &#10003;T\u00e4ndst\u00e5l , &#10003;S\u00e5g , &#10003;Kniv , &#10003;Glaskross , &#10003;Platt- och stj\u00e4rnmejsel , &#10003;\u00d6l-\u00f6ppnare , &#10003;Visselpipa","og_url":"https:\/\/xenonkungen.com\/es\/producto\/baston-de-senderismo-multiherramienta-fiike\/","og_site_name":"Xenonkungen","article_modified_time":"2026-04-01T06:58:03+00:00","og_image":[{"width":1000,"height":1000,"url":"https:\/\/xenonkungen.com\/wp-content\/uploads\/2025\/04\/177072519-origpic-77d1da.png","type":"image\/png"}],"twitter_card":"summary_large_image","schema":{"@context":"https:\/\/schema.org","@graph":[{"@type":"WebPage","@id":"https:\/\/xenonkungen.com\/es\/producto\/fiike-hikingstav-multiverktyg\/","url":"https:\/\/xenonkungen.com\/es\/producto\/fiike-hikingstav-multiverktyg\/","name":"Bast\u00f3n de senderismo FIIKE | Multiherramienta - Xenonkungen","isPartOf":{"@id":"https:\/\/xenonkungen.com\/#website"},"primaryImageOfPage":{"@id":"https:\/\/xenonkungen.com\/es\/producto\/fiike-hikingstav-multiverktyg\/#primaryimage"},"image":{"@id":"https:\/\/xenonkungen.com\/es\/producto\/fiike-hikingstav-multiverktyg\/#primaryimage"},"thumbnailUrl":"https:\/\/xenonkungen.com\/wp-content\/uploads\/2025\/04\/177072519-origpic-77d1da.png","datePublished":"2025-04-15T08:00:23+00:00","dateModified":"2026-04-01T06:58:03+00:00","breadcrumb":{"@id":"https:\/\/xenonkungen.com\/es\/producto\/fiike-hikingstav-multiverktyg\/#breadcrumb"},"inLanguage":"es","potentialAction":[{"@type":"ReadAction","target":["https:\/\/xenonkungen.com\/es\/producto\/fiike-hikingstav-multiverktyg\/"]}]},{"@type":"ImageObject","inLanguage":"es","@id":"https:\/\/xenonkungen.com\/es\/producto\/fiike-hikingstav-multiverktyg\/#primaryimage","url":"https:\/\/xenonkungen.com\/wp-content\/uploads\/2025\/04\/177072519-origpic-77d1da.png","contentUrl":"https:\/\/xenonkungen.com\/wp-content\/uploads\/2025\/04\/177072519-origpic-77d1da.png","width":1000,"height":1000},{"@type":"BreadcrumbList","@id":"https:\/\/xenonkungen.com\/es\/producto\/fiike-hikingstav-multiverktyg\/#breadcrumb","itemListElement":[{"@type":"ListItem","position":1,"name":"Hem","item":"https:\/\/xenonkungen.com\/"},{"@type":"ListItem","position":2,"name":"Shop","item":"https:\/\/xenonkungen.com\/shop\/"},{"@type":"ListItem","position":3,"name":"FIIKE Hikingstav | Multiverktyg"}]},{"@type":"WebSite","@id":"https:\/\/xenonkungen.com\/#website","url":"https:\/\/xenonkungen.com\/","name":"Xenonkungen","description":"","potentialAction":[{"@type":"SearchAction","target":{"@type":"EntryPoint","urlTemplate":"https:\/\/xenonkungen.com\/?s={search_term_string}"},"query-input":{"@type":"PropertyValueSpecification","valueRequired":true,"valueName":"search_term_string"}}],"inLanguage":"es"}]}},"taxonomy_info":{"anvandningsomrade":[{"value":237,"label":"Fritid"}],"product_brand":[{"value":117,"label":"Xenonkungen"}],"product_cat":[{"value":2440,"label":"Camping"}]},"featured_image_src_large":["https:\/\/xenonkungen.com\/wp-content\/uploads\/2025\/04\/177072519-origpic-77d1da.png",1000,1000,false],"author_info":[],"comment_info":0,"_links":{"self":[{"href":"https:\/\/xenonkungen.com\/es\/wp-json\/wp\/v2\/product\/1169","targetHints":{"allow":["GET"]}}],"collection":[{"href":"https:\/\/xenonkungen.com\/es\/wp-json\/wp\/v2\/product"}],"about":[{"href":"https:\/\/xenonkungen.com\/es\/wp-json\/wp\/v2\/types\/product"}],"replies":[{"embeddable":true,"href":"https:\/\/xenonkungen.com\/es\/wp-json\/wp\/v2\/comments?post=1169"}],"wp:featuredmedia":[{"embeddable":true,"href":"https:\/\/xenonkungen.com\/es\/wp-json\/wp\/v2\/media\/1170"}],"wp:attachment":[{"href":"https:\/\/xenonkungen.com\/es\/wp-json\/wp\/v2\/media?parent=1169"}],"wp:term":[{"taxonomy":"anvandningsomrade","embeddable":true,"href":"https:\/\/xenonkungen.com\/es\/wp-json\/wp\/v2\/anvandningsomrade?post=1169"},{"taxonomy":"bilmarken","embeddable":true,"href":"https:\/\/xenonkungen.com\/es\/wp-json\/wp\/v2\/bilmarken?post=1169"},{"taxonomy":"product_brand","embeddable":true,"href":"https:\/\/xenonkungen.com\/es\/wp-json\/wp\/v2\/product_brand?post=1169"},{"taxonomy":"product_cat","embeddable":true,"href":"https:\/\/xenonkungen.com\/es\/wp-json\/wp\/v2\/product_cat?post=1169"},{"taxonomy":"product_tag","embeddable":true,"href":"https:\/\/xenonkungen.com\/es\/wp-json\/wp\/v2\/product_tag?post=1169"}],"curies":[{"name":"wp","href":"https:\/\/api.w.org\/{rel}","templated":true}]}}