{"id":11696,"date":"2025-06-23T13:51:41","date_gmt":"2025-06-23T13:51:41","guid":{"rendered":"https:\/\/xenonkungen.com\/produkt\/interiorlampa-o143mm-on-off-chrome\/"},"modified":"2026-04-11T00:40:16","modified_gmt":"2026-04-10T23:40:16","slug":"lampara-interior-de-143-mm-encendida-y-apagada-cromada","status":"publish","type":"product","link":"https:\/\/xenonkungen.com\/es\/producto\/lampara-interior-de-143-mm-encendida-y-apagada-cromada\/","title":{"rendered":"Luz interior \u00d8143mm | ON\/OFF | Cromo"},"content":{"rendered":"<div class=\"container\">\n<div class=\"feature\">\n<h1 class=\"title\">Luz interior LED con bot\u00f3n de apagado\/encendido y marco cromado<\/h1>\n<p class=\"description\">Una sofisticada luz interior LED equipada con un bot\u00f3n de encendido\/apagado\/encendido para un control \u00f3ptimo, rodeada de un elegante marco cromado. Su tecnolog\u00eda LED de color blanco fr\u00edo proporciona una potente luz equivalente a una bombilla incandescente de 60 W, perfecta para cualquier veh\u00edculo o espacio que requiera una iluminaci\u00f3n personalizable y eficiente.<\/p>\n<\/div>\n<div class=\"feature\">\n<h2 class=\"subtitle\">Funciones y caracter\u00edsticas:<\/h2>\n<ul class=\"list\">\n<li>Control flexible de la luz con funci\u00f3n Apagado\/Puerta\/Encendido.<\/li>\n<li>Eficaz LED blanco fr\u00edo de alta luminosidad.<\/li>\n<li>Elegante marco cromado para una est\u00e9tica moderna.<\/li>\n<li>360 grados de difusi\u00f3n de la luz a trav\u00e9s de una lente de policarbonato resistente a los impactos.<\/li>\n<li>Construcci\u00f3n duradera con clasificaci\u00f3n IP67 de resistencia a golpes, vibraciones y agua.<\/li>\n<li>Protecci\u00f3n contra cortocircuitos para mayor seguridad del usuario.<\/li>\n<\/ul>\n<\/div>\n<div class=\"usage\">\n<h2 class=\"subtitle\">\u00c1reas de uso:<\/h2>\n<p class=\"usage-text\">Ideal para veh\u00edculos, incluidos coches, camiones, autocaravanas y barcos, as\u00ed como para espacios comerciales e industriales en los que se desee una iluminaci\u00f3n personalizable.<\/p>\n<\/div>\n<div class=\"installation\">\n<h2 class=\"subtitle\">Instalaci\u00f3n:<\/h2>\n<p class=\"installation-text\">Dise\u00f1ada para un f\u00e1cil montaje en superficie, esta l\u00e1mpara puede instalarse r\u00e1pidamente para realzar el interior con su aspecto elegante y su potente iluminaci\u00f3n.<\/p>\n<\/div>\n<\/div>\n<p><strong>Garant\u00eda:<\/strong> 3 a\u00f1os<\/p>","protected":false},"excerpt":{"rendered":"<p>LED Interi\u00f6rlampa med Av\/D\u00f6rr\/P\u00e5 Knapp och Kromsarg En sofistikerad LED interi\u00f6rlampa utrustad med en Av\/D\u00f6rr\/P\u00e5 knapp f\u00f6r optimal kontroll, omgiven av en elegant kromsarg. Dess cool white LED-teknologi levererar ett kraftfullt ljus motsvarande en 60W gl\u00f6dlampa, perfekt f\u00f6r alla fordon eller utrymmen som kr\u00e4ver anpassningsbar och effektiv belysning. Funktioner och Egenskaper: Flexibel ljuskontroll med Av\/D\u00f6rr\/P\u00e5 [&hellip;]<\/p>","protected":false},"featured_media":11003,"comment_status":"closed","ping_status":"closed","template":"","meta":{"_acf_changed":false,"_smort_price_nok":"1228","_smort_price_dkk":"780","_smort_price_eur":"104.54","_smort_sale_price_nok":"","_smort_sale_price_dkk":"","_smort_sale_price_eur":"","smort_restorder":"","shipmondo_restorder":"","_kad_blocks_custom_css":"","_kad_blocks_head_custom_js":"","_kad_blocks_body_custom_js":"","_kad_blocks_footer_custom_js":"","smort_custom_pricelist_1":null,"smort_custom_pricelist_2":null,"smort_custom_pricelist_3":null,"smort_custom_pricelist_4":null,"smort_custom_pricelist_5":null},"anvandningsomrade":[166,238,2816],"bilmarken":[],"product_brand":[1252],"product_cat":[2586],"product_tag":[],"class_list":{"0":"post-11696","1":"product","2":"type-product","3":"status-publish","4":"has-post-thumbnail","6":"anvandningsomrade-lastbil","7":"anvandningsomrade-slap","8":"anvandningsomrade-trailer","9":"product_brand-lea","10":"product_cat-interiorbelysning-slap","11":"pa_storlek-mm-143x40","12":"pa_stromforbrukning-027a-28v","13":"pa_stromforbrukning-046a-138v","14":"pa_volt-v-159","15":"pa_volt-v-160","17":"first","18":"onbackorder","19":"taxable","20":"shipping-taxable","21":"purchasable","22":"product-type-variable"},"bundled_by":[],"bundle_stock_status":"onbackorder","bundle_stock_quantity":null,"bundle_virtual":false,"bundle_layout":"","bundle_add_to_cart_form_location":"","bundle_editable_in_cart":false,"bundle_sold_individually_context":"","bundle_item_grouping":"","bundle_min_size":"","bundle_max_size":"","bundle_price":[],"bundled_items":[],"bundle_sell_ids":[],"acf":[],"yoast_head":"<!-- This site is optimized with the Yoast SEO plugin v27.0 - https:\/\/yoast.com\/product\/yoast-seo-wordpress\/ -->\n<title>Interi\u00f6rlampa \u00d8143mm | ON\/OFF | Chrome - Xenonkungen<\/title>\n<meta name=\"robots\" content=\"index, follow, max-snippet:-1, max-image-preview:large, max-video-preview:-1\" \/>\n<link rel=\"canonical\" href=\"https:\/\/xenonkungen.com\/es\/producto\/lampara-interior-de-143-mm-encendida-y-apagada-cromada\/\" \/>\n<meta property=\"og:locale\" content=\"es_ES\" \/>\n<meta property=\"og:type\" content=\"article\" \/>\n<meta property=\"og:title\" content=\"Interi\u00f6rlampa \u00d8143mm | ON\/OFF | Chrome - Xenonkungen\" \/>\n<meta property=\"og:description\" content=\"LED Interi\u00f6rlampa med Av\/D\u00f6rr\/P\u00e5 Knapp och Kromsarg En sofistikerad LED interi\u00f6rlampa utrustad med en Av\/D\u00f6rr\/P\u00e5 knapp f\u00f6r optimal kontroll, omgiven av en elegant kromsarg. Dess cool white LED-teknologi levererar ett kraftfullt ljus motsvarande en 60W gl\u00f6dlampa, perfekt f\u00f6r alla fordon eller utrymmen som kr\u00e4ver anpassningsbar och effektiv belysning. Funktioner och Egenskaper: Flexibel ljuskontroll med Av\/D\u00f6rr\/P\u00e5 [&hellip;]\" \/>\n<meta property=\"og:url\" content=\"https:\/\/xenonkungen.com\/es\/producto\/lampara-interior-de-143-mm-encendida-y-apagada-cromada\/\" \/>\n<meta property=\"og:site_name\" content=\"Xenonkungen\" \/>\n<meta property=\"article:modified_time\" content=\"2026-04-10T23:40:16+00:00\" \/>\n<meta property=\"og:image\" content=\"https:\/\/xenonkungen.com\/wp-content\/uploads\/2025\/06\/7338325-origpic-9f19ea.jpg\" \/>\n\t<meta property=\"og:image:width\" content=\"500\" \/>\n\t<meta property=\"og:image:height\" content=\"500\" \/>\n\t<meta property=\"og:image:type\" content=\"image\/jpeg\" \/>\n<meta name=\"twitter:card\" content=\"summary_large_image\" \/>\n<meta name=\"twitter:label1\" content=\"Tiempo de lectura\" \/>\n\t<meta name=\"twitter:data1\" content=\"1 minuto\" \/>\n<script type=\"application\/ld+json\" class=\"yoast-schema-graph\">{\"@context\":\"https:\/\/schema.org\",\"@graph\":[{\"@type\":\"WebPage\",\"@id\":\"https:\/\/xenonkungen.com\/nl\/product\/interiorlampa-o143mm-on-off-chrome\/\",\"url\":\"https:\/\/xenonkungen.com\/nl\/product\/interiorlampa-o143mm-on-off-chrome\/\",\"name\":\"Interi\u00f6rlampa \u00d8143mm | ON\/OFF | Chrome - Xenonkungen\",\"isPartOf\":{\"@id\":\"https:\/\/xenonkungen.com\/#website\"},\"primaryImageOfPage\":{\"@id\":\"https:\/\/xenonkungen.com\/nl\/product\/interiorlampa-o143mm-on-off-chrome\/#primaryimage\"},\"image\":{\"@id\":\"https:\/\/xenonkungen.com\/nl\/product\/interiorlampa-o143mm-on-off-chrome\/#primaryimage\"},\"thumbnailUrl\":\"https:\/\/xenonkungen.com\/wp-content\/uploads\/2025\/06\/7338325-origpic-9f19ea.jpg\",\"datePublished\":\"2025-06-23T13:51:41+00:00\",\"dateModified\":\"2026-04-10T23:40:16+00:00\",\"breadcrumb\":{\"@id\":\"https:\/\/xenonkungen.com\/nl\/product\/interiorlampa-o143mm-on-off-chrome\/#breadcrumb\"},\"inLanguage\":\"es\",\"potentialAction\":[{\"@type\":\"ReadAction\",\"target\":[\"https:\/\/xenonkungen.com\/nl\/product\/interiorlampa-o143mm-on-off-chrome\/\"]}]},{\"@type\":\"ImageObject\",\"inLanguage\":\"es\",\"@id\":\"https:\/\/xenonkungen.com\/nl\/product\/interiorlampa-o143mm-on-off-chrome\/#primaryimage\",\"url\":\"https:\/\/xenonkungen.com\/wp-content\/uploads\/2025\/06\/7338325-origpic-9f19ea.jpg\",\"contentUrl\":\"https:\/\/xenonkungen.com\/wp-content\/uploads\/2025\/06\/7338325-origpic-9f19ea.jpg\",\"width\":500,\"height\":500},{\"@type\":\"BreadcrumbList\",\"@id\":\"https:\/\/xenonkungen.com\/nl\/product\/interiorlampa-o143mm-on-off-chrome\/#breadcrumb\",\"itemListElement\":[{\"@type\":\"ListItem\",\"position\":1,\"name\":\"Hem\",\"item\":\"https:\/\/xenonkungen.com\/\"},{\"@type\":\"ListItem\",\"position\":2,\"name\":\"Shop\",\"item\":\"https:\/\/xenonkungen.com\/shop\/\"},{\"@type\":\"ListItem\",\"position\":3,\"name\":\"Interi\u00f6rlampa \u00d8143mm | ON\/OFF | Chrome\"}]},{\"@type\":\"WebSite\",\"@id\":\"https:\/\/xenonkungen.com\/#website\",\"url\":\"https:\/\/xenonkungen.com\/\",\"name\":\"Xenonkungen\",\"description\":\"\",\"potentialAction\":[{\"@type\":\"SearchAction\",\"target\":{\"@type\":\"EntryPoint\",\"urlTemplate\":\"https:\/\/xenonkungen.com\/?s={search_term_string}\"},\"query-input\":{\"@type\":\"PropertyValueSpecification\",\"valueRequired\":true,\"valueName\":\"search_term_string\"}}],\"inLanguage\":\"es\"}]}<\/script>\n<!-- \/ Yoast SEO plugin. -->","yoast_head_json":{"title":"L\u00e1mpara interior \u00d8143mm | ON\/OFF | Cromada - El Rey del Xen\u00f3n","robots":{"index":"index","follow":"follow","max-snippet":"max-snippet:-1","max-image-preview":"max-image-preview:large","max-video-preview":"max-video-preview:-1"},"canonical":"https:\/\/xenonkungen.com\/es\/producto\/lampara-interior-de-143-mm-encendida-y-apagada-cromada\/","og_locale":"es_ES","og_type":"article","og_title":"Interi\u00f6rlampa \u00d8143mm | ON\/OFF | Chrome - Xenonkungen","og_description":"LED Interi\u00f6rlampa med Av\/D\u00f6rr\/P\u00e5 Knapp och Kromsarg En sofistikerad LED interi\u00f6rlampa utrustad med en Av\/D\u00f6rr\/P\u00e5 knapp f\u00f6r optimal kontroll, omgiven av en elegant kromsarg. Dess cool white LED-teknologi levererar ett kraftfullt ljus motsvarande en 60W gl\u00f6dlampa, perfekt f\u00f6r alla fordon eller utrymmen som kr\u00e4ver anpassningsbar och effektiv belysning. Funktioner och Egenskaper: Flexibel ljuskontroll med Av\/D\u00f6rr\/P\u00e5 [&hellip;]","og_url":"https:\/\/xenonkungen.com\/es\/producto\/lampara-interior-de-143-mm-encendida-y-apagada-cromada\/","og_site_name":"Xenonkungen","article_modified_time":"2026-04-10T23:40:16+00:00","og_image":[{"width":500,"height":500,"url":"https:\/\/xenonkungen.com\/wp-content\/uploads\/2025\/06\/7338325-origpic-9f19ea.jpg","type":"image\/jpeg"}],"twitter_card":"summary_large_image","twitter_misc":{"Tiempo de lectura":"1 minuto"},"schema":{"@context":"https:\/\/schema.org","@graph":[{"@type":"WebPage","@id":"https:\/\/xenonkungen.com\/nl\/product\/interiorlampa-o143mm-on-off-chrome\/","url":"https:\/\/xenonkungen.com\/nl\/product\/interiorlampa-o143mm-on-off-chrome\/","name":"L\u00e1mpara interior \u00d8143mm | ON\/OFF | Cromada - El Rey del Xen\u00f3n","isPartOf":{"@id":"https:\/\/xenonkungen.com\/#website"},"primaryImageOfPage":{"@id":"https:\/\/xenonkungen.com\/nl\/product\/interiorlampa-o143mm-on-off-chrome\/#primaryimage"},"image":{"@id":"https:\/\/xenonkungen.com\/nl\/product\/interiorlampa-o143mm-on-off-chrome\/#primaryimage"},"thumbnailUrl":"https:\/\/xenonkungen.com\/wp-content\/uploads\/2025\/06\/7338325-origpic-9f19ea.jpg","datePublished":"2025-06-23T13:51:41+00:00","dateModified":"2026-04-10T23:40:16+00:00","breadcrumb":{"@id":"https:\/\/xenonkungen.com\/nl\/product\/interiorlampa-o143mm-on-off-chrome\/#breadcrumb"},"inLanguage":"es","potentialAction":[{"@type":"ReadAction","target":["https:\/\/xenonkungen.com\/nl\/product\/interiorlampa-o143mm-on-off-chrome\/"]}]},{"@type":"ImageObject","inLanguage":"es","@id":"https:\/\/xenonkungen.com\/nl\/product\/interiorlampa-o143mm-on-off-chrome\/#primaryimage","url":"https:\/\/xenonkungen.com\/wp-content\/uploads\/2025\/06\/7338325-origpic-9f19ea.jpg","contentUrl":"https:\/\/xenonkungen.com\/wp-content\/uploads\/2025\/06\/7338325-origpic-9f19ea.jpg","width":500,"height":500},{"@type":"BreadcrumbList","@id":"https:\/\/xenonkungen.com\/nl\/product\/interiorlampa-o143mm-on-off-chrome\/#breadcrumb","itemListElement":[{"@type":"ListItem","position":1,"name":"Hem","item":"https:\/\/xenonkungen.com\/"},{"@type":"ListItem","position":2,"name":"Shop","item":"https:\/\/xenonkungen.com\/shop\/"},{"@type":"ListItem","position":3,"name":"Interi\u00f6rlampa \u00d8143mm | ON\/OFF | Chrome"}]},{"@type":"WebSite","@id":"https:\/\/xenonkungen.com\/#website","url":"https:\/\/xenonkungen.com\/","name":"Xenonkungen","description":"","potentialAction":[{"@type":"SearchAction","target":{"@type":"EntryPoint","urlTemplate":"https:\/\/xenonkungen.com\/?s={search_term_string}"},"query-input":{"@type":"PropertyValueSpecification","valueRequired":true,"valueName":"search_term_string"}}],"inLanguage":"es"}]}},"taxonomy_info":{"anvandningsomrade":[{"value":166,"label":"Lastbil"},{"value":238,"label":"SL\u00c4P"},{"value":2816,"label":"TRAILER"}],"product_brand":[{"value":1252,"label":"LEA"}],"product_cat":[{"value":2586,"label":"Interi\u00f6rbelysning"}],"pa_storlek-mm":[{"value":2422,"label":"143x40"}],"pa_stromforbrukning":[{"value":2243,"label":"0,27A @28V"},{"value":2302,"label":"0,46A @13,8V"}],"pa_volt-v":[{"value":159,"label":"12"},{"value":160,"label":"24"}]},"featured_image_src_large":["https:\/\/xenonkungen.com\/wp-content\/uploads\/2025\/06\/7338325-origpic-9f19ea.jpg",500,500,false],"author_info":[],"comment_info":0,"_links":{"self":[{"href":"https:\/\/xenonkungen.com\/es\/wp-json\/wp\/v2\/product\/11696","targetHints":{"allow":["GET"]}}],"collection":[{"href":"https:\/\/xenonkungen.com\/es\/wp-json\/wp\/v2\/product"}],"about":[{"href":"https:\/\/xenonkungen.com\/es\/wp-json\/wp\/v2\/types\/product"}],"replies":[{"embeddable":true,"href":"https:\/\/xenonkungen.com\/es\/wp-json\/wp\/v2\/comments?post=11696"}],"wp:featuredmedia":[{"embeddable":true,"href":"https:\/\/xenonkungen.com\/es\/wp-json\/wp\/v2\/media\/11003"}],"wp:attachment":[{"href":"https:\/\/xenonkungen.com\/es\/wp-json\/wp\/v2\/media?parent=11696"}],"wp:term":[{"taxonomy":"anvandningsomrade","embeddable":true,"href":"https:\/\/xenonkungen.com\/es\/wp-json\/wp\/v2\/anvandningsomrade?post=11696"},{"taxonomy":"bilmarken","embeddable":true,"href":"https:\/\/xenonkungen.com\/es\/wp-json\/wp\/v2\/bilmarken?post=11696"},{"taxonomy":"product_brand","embeddable":true,"href":"https:\/\/xenonkungen.com\/es\/wp-json\/wp\/v2\/product_brand?post=11696"},{"taxonomy":"product_cat","embeddable":true,"href":"https:\/\/xenonkungen.com\/es\/wp-json\/wp\/v2\/product_cat?post=11696"},{"taxonomy":"product_tag","embeddable":true,"href":"https:\/\/xenonkungen.com\/es\/wp-json\/wp\/v2\/product_tag?post=11696"}],"curies":[{"name":"wp","href":"https:\/\/api.w.org\/{rel}","templated":true}]}}