{"id":11723,"date":"2025-06-23T13:51:51","date_gmt":"2025-06-23T13:51:51","guid":{"rendered":"https:\/\/xenonkungen.com\/produkt\/interior-led-list-300mmfrost\/"},"modified":"2026-04-11T00:37:26","modified_gmt":"2026-04-10T23:37:26","slug":"tira-de-led-interior-de-300-mm-escarchada","status":"publish","type":"product","link":"https:\/\/xenonkungen.com\/es\/producto\/tira-de-led-interior-de-300-mm-escarchada\/","title":{"rendered":"Tira LED interior 300mm|Frost"},"content":{"rendered":"<div class=\"container\">\n<h1>L\u00e1mpara LED de varilla delgada de 300 mm para iluminaci\u00f3n interior<\/h1>\n<p>Esta estilizada luz LED de 300 mm para poste est\u00e1 dise\u00f1ada espec\u00edficamente para proporcionar una soluci\u00f3n de iluminaci\u00f3n superior para veh\u00edculos de 12 V\/24 V y otras aplicaciones. Su dise\u00f1o \u00fanico la convierte en una soluci\u00f3n ideal para cualquiera que busque una luz similar a la fluorescente con requisitos de espacio m\u00ednimos.<\/p>\n<h2>Caracter\u00edsticas del producto<\/h2>\n<ul>\n<li>Dise\u00f1o compacto con s\u00f3lo 10 mm de altura y 25 mm de anchura.<\/li>\n<li>L\u00e1mparas de diodo blanco fr\u00edo de alta luminosidad para una luz equivalente a una luz incandescente de unos 20\/30 W.<\/li>\n<li>Lente de policarbonato con propiedades \u00f3pticas para el mejor rendimiento luminoso, que proporciona una luz atenuada de 40 Lux\/m.<\/li>\n<li>Admite la conexi\u00f3n directa a sistemas de 12 V\/24 V, lo que facilita y agiliza la instalaci\u00f3n.<\/li>\n<li>A prueba de golpes, resistente a las vibraciones, totalmente impermeable (certificaci\u00f3n IP67) y protegido contra cortocircuitos para una durabilidad y fiabilidad m\u00e1ximas.<\/li>\n<\/ul>\n<p>Esta luz de varilla LED es ideal para su uso en interiores de veh\u00edculos, veh\u00edculos de servicio, caravanas y mucho m\u00e1s, donde se requiere una soluci\u00f3n de iluminaci\u00f3n eficiente y fiable.<\/p>\n<\/div>\n<p><strong>Garant\u00eda:<\/strong> 3 a\u00f1os<\/p>","protected":false},"excerpt":{"rendered":"<p>Slim 300mm LED Stavlampa f\u00f6r Interi\u00f6r Belysning Denna slimmade 300mm LED stavlampa \u00e4r speciellt framtagen f\u00f6r att tillhandah\u00e5lla en \u00f6verl\u00e4gsen belysningsl\u00f6sning f\u00f6r 12V\/24V fordon och andra till\u00e4mpningar. Dess unika design g\u00f6r den till en idealisk l\u00f6sning f\u00f6r alla som s\u00f6ker ett lysr\u00f6rsliknande ljus med minimalt utrymmesbehov. Produktegenskaper Kompakt design med endast 10mm h\u00f6jd och 25mm [&hellip;]<\/p>","protected":false},"featured_media":11063,"comment_status":"closed","ping_status":"closed","template":"","meta":{"_acf_changed":false,"_smort_price_nok":"566","_smort_price_dkk":"360","_smort_price_eur":"48.18","_smort_sale_price_nok":"","_smort_sale_price_dkk":"","_smort_sale_price_eur":"","smort_restorder":"","shipmondo_restorder":"","_kad_blocks_custom_css":"","_kad_blocks_head_custom_js":"","_kad_blocks_body_custom_js":"","_kad_blocks_footer_custom_js":"","smort_custom_pricelist_1":null,"smort_custom_pricelist_2":null,"smort_custom_pricelist_3":null,"smort_custom_pricelist_4":null,"smort_custom_pricelist_5":null},"anvandningsomrade":[166,238,2816],"bilmarken":[],"product_brand":[1252],"product_cat":[2586],"product_tag":[],"class_list":{"0":"post-11723","1":"product","2":"type-product","3":"status-publish","4":"has-post-thumbnail","6":"anvandningsomrade-lastbil","7":"anvandningsomrade-slap","8":"anvandningsomrade-trailer","9":"product_brand-lea","10":"product_cat-interiorbelysning-slap","11":"pa_fuktskydd-varde-ipxx-ip67","12":"pa_storlek-mm-300x25x10","13":"pa_stromforbrukning-017a-28v","14":"pa_stromforbrukning-031a-138v","15":"pa_volt-v-159","16":"pa_volt-v-160","18":"first","19":"onbackorder","20":"taxable","21":"shipping-taxable","22":"purchasable","23":"product-type-variable"},"bundled_by":[],"bundle_stock_status":"onbackorder","bundle_stock_quantity":null,"bundle_virtual":false,"bundle_layout":"","bundle_add_to_cart_form_location":"","bundle_editable_in_cart":false,"bundle_sold_individually_context":"","bundle_item_grouping":"","bundle_min_size":"","bundle_max_size":"","bundle_price":[],"bundled_items":[],"bundle_sell_ids":[],"acf":[],"yoast_head":"<!-- This site is optimized with the Yoast SEO plugin v27.0 - https:\/\/yoast.com\/product\/yoast-seo-wordpress\/ -->\n<title>Interi\u00f6r LED-list 300mm|Frost - Xenonkungen<\/title>\n<meta name=\"robots\" content=\"index, follow, max-snippet:-1, max-image-preview:large, max-video-preview:-1\" \/>\n<link rel=\"canonical\" href=\"https:\/\/xenonkungen.com\/es\/producto\/tira-de-led-interior-de-300-mm-escarchada\/\" \/>\n<meta property=\"og:locale\" content=\"es_ES\" \/>\n<meta property=\"og:type\" content=\"article\" \/>\n<meta property=\"og:title\" content=\"Interi\u00f6r LED-list 300mm|Frost - Xenonkungen\" \/>\n<meta property=\"og:description\" content=\"Slim 300mm LED Stavlampa f\u00f6r Interi\u00f6r Belysning Denna slimmade 300mm LED stavlampa \u00e4r speciellt framtagen f\u00f6r att tillhandah\u00e5lla en \u00f6verl\u00e4gsen belysningsl\u00f6sning f\u00f6r 12V\/24V fordon och andra till\u00e4mpningar. Dess unika design g\u00f6r den till en idealisk l\u00f6sning f\u00f6r alla som s\u00f6ker ett lysr\u00f6rsliknande ljus med minimalt utrymmesbehov. Produktegenskaper Kompakt design med endast 10mm h\u00f6jd och 25mm [&hellip;]\" \/>\n<meta property=\"og:url\" content=\"https:\/\/xenonkungen.com\/es\/producto\/tira-de-led-interior-de-300-mm-escarchada\/\" \/>\n<meta property=\"og:site_name\" content=\"Xenonkungen\" \/>\n<meta property=\"article:modified_time\" content=\"2026-04-10T23:37:26+00:00\" \/>\n<meta property=\"og:image\" content=\"https:\/\/xenonkungen.com\/wp-content\/uploads\/2025\/06\/25571089-origpic-7c74e4.jpg\" \/>\n\t<meta property=\"og:image:width\" content=\"800\" \/>\n\t<meta property=\"og:image:height\" content=\"800\" \/>\n\t<meta property=\"og:image:type\" content=\"image\/jpeg\" \/>\n<meta name=\"twitter:card\" content=\"summary_large_image\" \/>\n<meta name=\"twitter:label1\" content=\"Tiempo de lectura\" \/>\n\t<meta name=\"twitter:data1\" content=\"1 minuto\" \/>\n<script type=\"application\/ld+json\" class=\"yoast-schema-graph\">{\"@context\":\"https:\/\/schema.org\",\"@graph\":[{\"@type\":\"WebPage\",\"@id\":\"https:\/\/xenonkungen.com\/no\/produkt\/innvendig-led-stripe-300-mm-frostet\/\",\"url\":\"https:\/\/xenonkungen.com\/no\/produkt\/innvendig-led-stripe-300-mm-frostet\/\",\"name\":\"Interi\u00f6r LED-list 300mm|Frost - Xenonkungen\",\"isPartOf\":{\"@id\":\"https:\/\/xenonkungen.com\/#website\"},\"primaryImageOfPage\":{\"@id\":\"https:\/\/xenonkungen.com\/no\/produkt\/innvendig-led-stripe-300-mm-frostet\/#primaryimage\"},\"image\":{\"@id\":\"https:\/\/xenonkungen.com\/no\/produkt\/innvendig-led-stripe-300-mm-frostet\/#primaryimage\"},\"thumbnailUrl\":\"https:\/\/xenonkungen.com\/wp-content\/uploads\/2025\/06\/25571089-origpic-7c74e4.jpg\",\"datePublished\":\"2025-06-23T13:51:51+00:00\",\"dateModified\":\"2026-04-10T23:37:26+00:00\",\"breadcrumb\":{\"@id\":\"https:\/\/xenonkungen.com\/no\/produkt\/innvendig-led-stripe-300-mm-frostet\/#breadcrumb\"},\"inLanguage\":\"es\",\"potentialAction\":[{\"@type\":\"ReadAction\",\"target\":[\"https:\/\/xenonkungen.com\/no\/produkt\/innvendig-led-stripe-300-mm-frostet\/\"]}]},{\"@type\":\"ImageObject\",\"inLanguage\":\"es\",\"@id\":\"https:\/\/xenonkungen.com\/no\/produkt\/innvendig-led-stripe-300-mm-frostet\/#primaryimage\",\"url\":\"https:\/\/xenonkungen.com\/wp-content\/uploads\/2025\/06\/25571089-origpic-7c74e4.jpg\",\"contentUrl\":\"https:\/\/xenonkungen.com\/wp-content\/uploads\/2025\/06\/25571089-origpic-7c74e4.jpg\",\"width\":800,\"height\":800},{\"@type\":\"BreadcrumbList\",\"@id\":\"https:\/\/xenonkungen.com\/no\/produkt\/innvendig-led-stripe-300-mm-frostet\/#breadcrumb\",\"itemListElement\":[{\"@type\":\"ListItem\",\"position\":1,\"name\":\"Hem\",\"item\":\"https:\/\/xenonkungen.com\/\"},{\"@type\":\"ListItem\",\"position\":2,\"name\":\"Shop\",\"item\":\"https:\/\/xenonkungen.com\/shop\/\"},{\"@type\":\"ListItem\",\"position\":3,\"name\":\"Interi\u00f6r LED-list 300mm|Frost\"}]},{\"@type\":\"WebSite\",\"@id\":\"https:\/\/xenonkungen.com\/#website\",\"url\":\"https:\/\/xenonkungen.com\/\",\"name\":\"Xenonkungen\",\"description\":\"\",\"potentialAction\":[{\"@type\":\"SearchAction\",\"target\":{\"@type\":\"EntryPoint\",\"urlTemplate\":\"https:\/\/xenonkungen.com\/?s={search_term_string}\"},\"query-input\":{\"@type\":\"PropertyValueSpecification\",\"valueRequired\":true,\"valueName\":\"search_term_string\"}}],\"inLanguage\":\"es\"}]}<\/script>\n<!-- \/ Yoast SEO plugin. -->","yoast_head_json":{"title":"Tira LED interior de 300 mm | Escarcha - Xen\u00f3n","robots":{"index":"index","follow":"follow","max-snippet":"max-snippet:-1","max-image-preview":"max-image-preview:large","max-video-preview":"max-video-preview:-1"},"canonical":"https:\/\/xenonkungen.com\/es\/producto\/tira-de-led-interior-de-300-mm-escarchada\/","og_locale":"es_ES","og_type":"article","og_title":"Interi\u00f6r LED-list 300mm|Frost - Xenonkungen","og_description":"Slim 300mm LED Stavlampa f\u00f6r Interi\u00f6r Belysning Denna slimmade 300mm LED stavlampa \u00e4r speciellt framtagen f\u00f6r att tillhandah\u00e5lla en \u00f6verl\u00e4gsen belysningsl\u00f6sning f\u00f6r 12V\/24V fordon och andra till\u00e4mpningar. Dess unika design g\u00f6r den till en idealisk l\u00f6sning f\u00f6r alla som s\u00f6ker ett lysr\u00f6rsliknande ljus med minimalt utrymmesbehov. Produktegenskaper Kompakt design med endast 10mm h\u00f6jd och 25mm [&hellip;]","og_url":"https:\/\/xenonkungen.com\/es\/producto\/tira-de-led-interior-de-300-mm-escarchada\/","og_site_name":"Xenonkungen","article_modified_time":"2026-04-10T23:37:26+00:00","og_image":[{"width":800,"height":800,"url":"https:\/\/xenonkungen.com\/wp-content\/uploads\/2025\/06\/25571089-origpic-7c74e4.jpg","type":"image\/jpeg"}],"twitter_card":"summary_large_image","twitter_misc":{"Tiempo de lectura":"1 minuto"},"schema":{"@context":"https:\/\/schema.org","@graph":[{"@type":"WebPage","@id":"https:\/\/xenonkungen.com\/no\/produkt\/innvendig-led-stripe-300-mm-frostet\/","url":"https:\/\/xenonkungen.com\/no\/produkt\/innvendig-led-stripe-300-mm-frostet\/","name":"Tira LED interior de 300 mm | Escarcha - Xen\u00f3n","isPartOf":{"@id":"https:\/\/xenonkungen.com\/#website"},"primaryImageOfPage":{"@id":"https:\/\/xenonkungen.com\/no\/produkt\/innvendig-led-stripe-300-mm-frostet\/#primaryimage"},"image":{"@id":"https:\/\/xenonkungen.com\/no\/produkt\/innvendig-led-stripe-300-mm-frostet\/#primaryimage"},"thumbnailUrl":"https:\/\/xenonkungen.com\/wp-content\/uploads\/2025\/06\/25571089-origpic-7c74e4.jpg","datePublished":"2025-06-23T13:51:51+00:00","dateModified":"2026-04-10T23:37:26+00:00","breadcrumb":{"@id":"https:\/\/xenonkungen.com\/no\/produkt\/innvendig-led-stripe-300-mm-frostet\/#breadcrumb"},"inLanguage":"es","potentialAction":[{"@type":"ReadAction","target":["https:\/\/xenonkungen.com\/no\/produkt\/innvendig-led-stripe-300-mm-frostet\/"]}]},{"@type":"ImageObject","inLanguage":"es","@id":"https:\/\/xenonkungen.com\/no\/produkt\/innvendig-led-stripe-300-mm-frostet\/#primaryimage","url":"https:\/\/xenonkungen.com\/wp-content\/uploads\/2025\/06\/25571089-origpic-7c74e4.jpg","contentUrl":"https:\/\/xenonkungen.com\/wp-content\/uploads\/2025\/06\/25571089-origpic-7c74e4.jpg","width":800,"height":800},{"@type":"BreadcrumbList","@id":"https:\/\/xenonkungen.com\/no\/produkt\/innvendig-led-stripe-300-mm-frostet\/#breadcrumb","itemListElement":[{"@type":"ListItem","position":1,"name":"Hem","item":"https:\/\/xenonkungen.com\/"},{"@type":"ListItem","position":2,"name":"Shop","item":"https:\/\/xenonkungen.com\/shop\/"},{"@type":"ListItem","position":3,"name":"Interi\u00f6r LED-list 300mm|Frost"}]},{"@type":"WebSite","@id":"https:\/\/xenonkungen.com\/#website","url":"https:\/\/xenonkungen.com\/","name":"Xenonkungen","description":"","potentialAction":[{"@type":"SearchAction","target":{"@type":"EntryPoint","urlTemplate":"https:\/\/xenonkungen.com\/?s={search_term_string}"},"query-input":{"@type":"PropertyValueSpecification","valueRequired":true,"valueName":"search_term_string"}}],"inLanguage":"es"}]}},"taxonomy_info":{"anvandningsomrade":[{"value":166,"label":"Lastbil"},{"value":238,"label":"SL\u00c4P"},{"value":2816,"label":"TRAILER"}],"product_brand":[{"value":1252,"label":"LEA"}],"product_cat":[{"value":2586,"label":"Interi\u00f6rbelysning"}],"pa_fuktskydd-varde-ipxx":[{"value":333,"label":"IP67"}],"pa_storlek-mm":[{"value":2425,"label":"300x25x10"}],"pa_stromforbrukning":[{"value":2086,"label":"0,17A @28V"},{"value":2306,"label":"0,31A @13,8V"}],"pa_volt-v":[{"value":159,"label":"12"},{"value":160,"label":"24"}]},"featured_image_src_large":["https:\/\/xenonkungen.com\/wp-content\/uploads\/2025\/06\/25571089-origpic-7c74e4.jpg",800,800,false],"author_info":[],"comment_info":0,"_links":{"self":[{"href":"https:\/\/xenonkungen.com\/es\/wp-json\/wp\/v2\/product\/11723","targetHints":{"allow":["GET"]}}],"collection":[{"href":"https:\/\/xenonkungen.com\/es\/wp-json\/wp\/v2\/product"}],"about":[{"href":"https:\/\/xenonkungen.com\/es\/wp-json\/wp\/v2\/types\/product"}],"replies":[{"embeddable":true,"href":"https:\/\/xenonkungen.com\/es\/wp-json\/wp\/v2\/comments?post=11723"}],"wp:featuredmedia":[{"embeddable":true,"href":"https:\/\/xenonkungen.com\/es\/wp-json\/wp\/v2\/media\/11063"}],"wp:attachment":[{"href":"https:\/\/xenonkungen.com\/es\/wp-json\/wp\/v2\/media?parent=11723"}],"wp:term":[{"taxonomy":"anvandningsomrade","embeddable":true,"href":"https:\/\/xenonkungen.com\/es\/wp-json\/wp\/v2\/anvandningsomrade?post=11723"},{"taxonomy":"bilmarken","embeddable":true,"href":"https:\/\/xenonkungen.com\/es\/wp-json\/wp\/v2\/bilmarken?post=11723"},{"taxonomy":"product_brand","embeddable":true,"href":"https:\/\/xenonkungen.com\/es\/wp-json\/wp\/v2\/product_brand?post=11723"},{"taxonomy":"product_cat","embeddable":true,"href":"https:\/\/xenonkungen.com\/es\/wp-json\/wp\/v2\/product_cat?post=11723"},{"taxonomy":"product_tag","embeddable":true,"href":"https:\/\/xenonkungen.com\/es\/wp-json\/wp\/v2\/product_tag?post=11723"}],"curies":[{"name":"wp","href":"https:\/\/api.w.org\/{rel}","templated":true}]}}