{"id":11735,"date":"2025-06-23T13:51:54","date_gmt":"2025-06-23T13:51:54","guid":{"rendered":"https:\/\/xenonkungen.com\/produkt\/interior-led-list-150mm\/"},"modified":"2025-12-10T14:52:14","modified_gmt":"2025-12-10T13:52:14","slug":"tira-de-led-interior-de-150-mm","status":"publish","type":"product","link":"https:\/\/xenonkungen.com\/es\/producto\/tira-de-led-interior-de-150-mm\/","title":{"rendered":"Tira LED interior 150 mm"},"content":{"rendered":"<div class=\"container\">\n<h1>Barra de luz LED delgada de 150 mm para iluminaci\u00f3n interior<\/h1>\n<p>Esta barra de luz LED delgada de 150 mm est\u00e1 dise\u00f1ada para proporcionar una soluci\u00f3n de iluminaci\u00f3n eficiente para interiores en veh\u00edculos de 12 V\/24 V y aplicaciones similares. Con tan solo 10 mm de alto y 25 mm de ancho, ofrece diodos blancos fr\u00edos de alta luminosidad que proporcionan una luz similar a la fluorescente, ideal para diversos entornos.<\/p>\n<p>Equipada con una lente de policarbonato con propiedades \u00f3pticas, esta luminaria lineal garantiza la mejor iluminaci\u00f3n posible. Su robusta construcci\u00f3n la hace resistente a golpes y vibraciones, adem\u00e1s de ser totalmente sumergible y apta para hidrolavadoras, con clasificaci\u00f3n IP67 y protecci\u00f3n contra cortocircuitos para mayor fiabilidad y durabilidad.<\/p>\n<h2>Caracter\u00edsticas y ventajas<\/h2>\n<ul>\n<li>Dise\u00f1o compacto para una f\u00e1cil integraci\u00f3n en veh\u00edculos y otros entornos.<\/li>\n<li>L\u00e1mparas de diodo de luz blanca fr\u00eda de alta luminosidad para una iluminaci\u00f3n eficiente y n\u00edtida.<\/li>\n<li>Lente de policarbonato con propiedades \u00f3pticas para una dispersi\u00f3n \u00f3ptima de la luz.<\/li>\n<li>Dise\u00f1o resistente a golpes y vibraciones con clasificaci\u00f3n IP67 y protecci\u00f3n contra cortocircuitos.<\/li>\n<\/ul>\n<p>Esta barra de luz LED es una excelente soluci\u00f3n de iluminaci\u00f3n para veh\u00edculos, furgonetas de servicio, caravanas y otros espacios que requieren una iluminaci\u00f3n duradera, eficiente y compacta. Su f\u00e1cil instalaci\u00f3n y alto rendimiento la convierten en un valioso complemento para mejorar la seguridad y la visibilidad en diversos entornos interiores.<\/p>\n<h2><strong>Lentes alternativas:<\/strong><\/h2>\n<p><strong>Claro<\/strong> \u2013 clara, difusa (33 Lux\/m)<br \/>\n<strong>Opaco<\/strong> \u2013 luz tenue (21 Lux\/m)<\/p>\n<\/div>\n<p>Equivalente a una luz incandescente de aproximadamente &gt;10\/15 W.<\/p>\n<p><strong>Garant\u00eda: <\/strong>3 a\u00f1os<\/p>","protected":false},"excerpt":{"rendered":"<p>Slim 150mm LED Stavlampa f\u00f6r Interi\u00f6r Belysning Denna Slim 150mm LED stavlampa \u00e4r utformad f\u00f6r att ge en effektiv belysningsl\u00f6sning f\u00f6r interi\u00f6r anv\u00e4ndning i 12V\/24V fordon och liknande applikationer. Med en h\u00f6jd p\u00e5 endast 10mm och bredd p\u00e5 25mm, erbjuder den high brightness Cool white diodlampor f\u00f6r ett lysr\u00f6rsliknande ljus, idealiskt f\u00f6r en rad olika [&hellip;]<\/p>","protected":false},"featured_media":11089,"comment_status":"closed","ping_status":"closed","template":"","meta":{"_acf_changed":false,"_smort_price_nok":"320","_smort_price_dkk":"204","_smort_price_eur":"27.27","_smort_sale_price_nok":"","_smort_sale_price_dkk":"","_smort_sale_price_eur":"","smort_restorder":"","shipmondo_restorder":"","_kad_blocks_custom_css":"","_kad_blocks_head_custom_js":"","_kad_blocks_body_custom_js":"","_kad_blocks_footer_custom_js":"","smort_custom_pricelist_1":null,"smort_custom_pricelist_2":null,"smort_custom_pricelist_3":null,"smort_custom_pricelist_4":null,"smort_custom_pricelist_5":null},"anvandningsomrade":[166,238,2816],"bilmarken":[],"product_brand":[1252],"product_cat":[2586],"product_tag":[],"class_list":{"0":"post-11735","1":"product","2":"type-product","3":"status-publish","4":"has-post-thumbnail","6":"anvandningsomrade-lastbil","7":"anvandningsomrade-slap","8":"anvandningsomrade-trailer","9":"product_brand-lea","10":"product_cat-interiorbelysning-slap","11":"pa_fuktskydd-varde-ipxx-ip67","12":"pa_storlek-mm-150x25x10","13":"pa_stromforbrukning-007a-28v","14":"pa_stromforbrukning-017a-138v","15":"pa_volt-v-159","16":"pa_volt-v-160","18":"first","19":"instock","20":"taxable","21":"shipping-taxable","22":"purchasable","23":"product-type-variable"},"bundled_by":[],"bundle_stock_status":"instock","bundle_stock_quantity":null,"bundle_virtual":false,"bundle_layout":"","bundle_add_to_cart_form_location":"","bundle_editable_in_cart":false,"bundle_sold_individually_context":"","bundle_item_grouping":"","bundle_min_size":"","bundle_max_size":"","bundle_price":[],"bundled_items":[],"bundle_sell_ids":[],"acf":[],"yoast_head":"<!-- This site is optimized with the Yoast SEO plugin v27.0 - https:\/\/yoast.com\/product\/yoast-seo-wordpress\/ -->\n<title>Interi\u00f6r LED-list 150mm - Xenonkungen<\/title>\n<meta name=\"robots\" content=\"index, follow, max-snippet:-1, max-image-preview:large, max-video-preview:-1\" \/>\n<link rel=\"canonical\" href=\"https:\/\/xenonkungen.com\/es\/producto\/tira-de-led-interior-de-150-mm\/\" \/>\n<meta property=\"og:locale\" content=\"es_ES\" \/>\n<meta property=\"og:type\" content=\"article\" \/>\n<meta property=\"og:title\" content=\"Interi\u00f6r LED-list 150mm - Xenonkungen\" \/>\n<meta property=\"og:description\" content=\"Slim 150mm LED Stavlampa f\u00f6r Interi\u00f6r Belysning Denna Slim 150mm LED stavlampa \u00e4r utformad f\u00f6r att ge en effektiv belysningsl\u00f6sning f\u00f6r interi\u00f6r anv\u00e4ndning i 12V\/24V fordon och liknande applikationer. Med en h\u00f6jd p\u00e5 endast 10mm och bredd p\u00e5 25mm, erbjuder den high brightness Cool white diodlampor f\u00f6r ett lysr\u00f6rsliknande ljus, idealiskt f\u00f6r en rad olika [&hellip;]\" \/>\n<meta property=\"og:url\" content=\"https:\/\/xenonkungen.com\/es\/producto\/tira-de-led-interior-de-150-mm\/\" \/>\n<meta property=\"og:site_name\" content=\"Xenonkungen\" \/>\n<meta property=\"article:modified_time\" content=\"2025-12-10T13:52:14+00:00\" \/>\n<meta property=\"og:image\" content=\"https:\/\/xenonkungen.com\/wp-content\/uploads\/2025\/06\/7332991-origpic-0a3d6b.jpg\" \/>\n\t<meta property=\"og:image:width\" content=\"800\" \/>\n\t<meta property=\"og:image:height\" content=\"800\" \/>\n\t<meta property=\"og:image:type\" content=\"image\/jpeg\" \/>\n<meta name=\"twitter:card\" content=\"summary_large_image\" \/>\n<meta name=\"twitter:label1\" content=\"Tiempo de lectura\" \/>\n\t<meta name=\"twitter:data1\" content=\"1 minuto\" \/>\n<script type=\"application\/ld+json\" class=\"yoast-schema-graph\">{\"@context\":\"https:\/\/schema.org\",\"@graph\":[{\"@type\":\"WebPage\",\"@id\":\"https:\/\/xenonkungen.com\/nl\/product\/interior-led-list-150mm\/\",\"url\":\"https:\/\/xenonkungen.com\/nl\/product\/interior-led-list-150mm\/\",\"name\":\"Interi\u00f6r LED-list 150mm - Xenonkungen\",\"isPartOf\":{\"@id\":\"https:\/\/xenonkungen.com\/#website\"},\"primaryImageOfPage\":{\"@id\":\"https:\/\/xenonkungen.com\/nl\/product\/interior-led-list-150mm\/#primaryimage\"},\"image\":{\"@id\":\"https:\/\/xenonkungen.com\/nl\/product\/interior-led-list-150mm\/#primaryimage\"},\"thumbnailUrl\":\"https:\/\/xenonkungen.com\/wp-content\/uploads\/2025\/06\/7332991-origpic-0a3d6b.jpg\",\"datePublished\":\"2025-06-23T13:51:54+00:00\",\"dateModified\":\"2025-12-10T13:52:14+00:00\",\"breadcrumb\":{\"@id\":\"https:\/\/xenonkungen.com\/nl\/product\/interior-led-list-150mm\/#breadcrumb\"},\"inLanguage\":\"es\",\"potentialAction\":[{\"@type\":\"ReadAction\",\"target\":[\"https:\/\/xenonkungen.com\/nl\/product\/interior-led-list-150mm\/\"]}]},{\"@type\":\"ImageObject\",\"inLanguage\":\"es\",\"@id\":\"https:\/\/xenonkungen.com\/nl\/product\/interior-led-list-150mm\/#primaryimage\",\"url\":\"https:\/\/xenonkungen.com\/wp-content\/uploads\/2025\/06\/7332991-origpic-0a3d6b.jpg\",\"contentUrl\":\"https:\/\/xenonkungen.com\/wp-content\/uploads\/2025\/06\/7332991-origpic-0a3d6b.jpg\",\"width\":800,\"height\":800},{\"@type\":\"BreadcrumbList\",\"@id\":\"https:\/\/xenonkungen.com\/nl\/product\/interior-led-list-150mm\/#breadcrumb\",\"itemListElement\":[{\"@type\":\"ListItem\",\"position\":1,\"name\":\"Hem\",\"item\":\"https:\/\/xenonkungen.com\/\"},{\"@type\":\"ListItem\",\"position\":2,\"name\":\"Shop\",\"item\":\"https:\/\/xenonkungen.com\/shop\/\"},{\"@type\":\"ListItem\",\"position\":3,\"name\":\"Interi\u00f6r LED-list 150mm\"}]},{\"@type\":\"WebSite\",\"@id\":\"https:\/\/xenonkungen.com\/#website\",\"url\":\"https:\/\/xenonkungen.com\/\",\"name\":\"Xenonkungen\",\"description\":\"\",\"potentialAction\":[{\"@type\":\"SearchAction\",\"target\":{\"@type\":\"EntryPoint\",\"urlTemplate\":\"https:\/\/xenonkungen.com\/?s={search_term_string}\"},\"query-input\":{\"@type\":\"PropertyValueSpecification\",\"valueRequired\":true,\"valueName\":\"search_term_string\"}}],\"inLanguage\":\"es\"}]}<\/script>\n<!-- \/ Yoast SEO plugin. -->","yoast_head_json":{"title":"Tira LED interior de 150 mm - Xen\u00f3n","robots":{"index":"index","follow":"follow","max-snippet":"max-snippet:-1","max-image-preview":"max-image-preview:large","max-video-preview":"max-video-preview:-1"},"canonical":"https:\/\/xenonkungen.com\/es\/producto\/tira-de-led-interior-de-150-mm\/","og_locale":"es_ES","og_type":"article","og_title":"Interi\u00f6r LED-list 150mm - Xenonkungen","og_description":"Slim 150mm LED Stavlampa f\u00f6r Interi\u00f6r Belysning Denna Slim 150mm LED stavlampa \u00e4r utformad f\u00f6r att ge en effektiv belysningsl\u00f6sning f\u00f6r interi\u00f6r anv\u00e4ndning i 12V\/24V fordon och liknande applikationer. Med en h\u00f6jd p\u00e5 endast 10mm och bredd p\u00e5 25mm, erbjuder den high brightness Cool white diodlampor f\u00f6r ett lysr\u00f6rsliknande ljus, idealiskt f\u00f6r en rad olika [&hellip;]","og_url":"https:\/\/xenonkungen.com\/es\/producto\/tira-de-led-interior-de-150-mm\/","og_site_name":"Xenonkungen","article_modified_time":"2025-12-10T13:52:14+00:00","og_image":[{"width":800,"height":800,"url":"https:\/\/xenonkungen.com\/wp-content\/uploads\/2025\/06\/7332991-origpic-0a3d6b.jpg","type":"image\/jpeg"}],"twitter_card":"summary_large_image","twitter_misc":{"Tiempo de lectura":"1 minuto"},"schema":{"@context":"https:\/\/schema.org","@graph":[{"@type":"WebPage","@id":"https:\/\/xenonkungen.com\/nl\/product\/interior-led-list-150mm\/","url":"https:\/\/xenonkungen.com\/nl\/product\/interior-led-list-150mm\/","name":"Tira LED interior de 150 mm - Xen\u00f3n","isPartOf":{"@id":"https:\/\/xenonkungen.com\/#website"},"primaryImageOfPage":{"@id":"https:\/\/xenonkungen.com\/nl\/product\/interior-led-list-150mm\/#primaryimage"},"image":{"@id":"https:\/\/xenonkungen.com\/nl\/product\/interior-led-list-150mm\/#primaryimage"},"thumbnailUrl":"https:\/\/xenonkungen.com\/wp-content\/uploads\/2025\/06\/7332991-origpic-0a3d6b.jpg","datePublished":"2025-06-23T13:51:54+00:00","dateModified":"2025-12-10T13:52:14+00:00","breadcrumb":{"@id":"https:\/\/xenonkungen.com\/nl\/product\/interior-led-list-150mm\/#breadcrumb"},"inLanguage":"es","potentialAction":[{"@type":"ReadAction","target":["https:\/\/xenonkungen.com\/nl\/product\/interior-led-list-150mm\/"]}]},{"@type":"ImageObject","inLanguage":"es","@id":"https:\/\/xenonkungen.com\/nl\/product\/interior-led-list-150mm\/#primaryimage","url":"https:\/\/xenonkungen.com\/wp-content\/uploads\/2025\/06\/7332991-origpic-0a3d6b.jpg","contentUrl":"https:\/\/xenonkungen.com\/wp-content\/uploads\/2025\/06\/7332991-origpic-0a3d6b.jpg","width":800,"height":800},{"@type":"BreadcrumbList","@id":"https:\/\/xenonkungen.com\/nl\/product\/interior-led-list-150mm\/#breadcrumb","itemListElement":[{"@type":"ListItem","position":1,"name":"Hem","item":"https:\/\/xenonkungen.com\/"},{"@type":"ListItem","position":2,"name":"Shop","item":"https:\/\/xenonkungen.com\/shop\/"},{"@type":"ListItem","position":3,"name":"Interi\u00f6r LED-list 150mm"}]},{"@type":"WebSite","@id":"https:\/\/xenonkungen.com\/#website","url":"https:\/\/xenonkungen.com\/","name":"Xenonkungen","description":"","potentialAction":[{"@type":"SearchAction","target":{"@type":"EntryPoint","urlTemplate":"https:\/\/xenonkungen.com\/?s={search_term_string}"},"query-input":{"@type":"PropertyValueSpecification","valueRequired":true,"valueName":"search_term_string"}}],"inLanguage":"es"}]}},"taxonomy_info":{"anvandningsomrade":[{"value":166,"label":"Lastbil"},{"value":238,"label":"SL\u00c4P"},{"value":2816,"label":"TRAILER"}],"product_brand":[{"value":1252,"label":"LEA"}],"product_cat":[{"value":2586,"label":"Interi\u00f6rbelysning"}],"pa_fuktskydd-varde-ipxx":[{"value":333,"label":"IP67"}],"pa_storlek-mm":[{"value":1600,"label":"150x25x10"}],"pa_stromforbrukning":[{"value":1876,"label":"0,07A @28V"},{"value":2079,"label":"0,17A @13,8V"}],"pa_volt-v":[{"value":159,"label":"12"},{"value":160,"label":"24"}]},"featured_image_src_large":["https:\/\/xenonkungen.com\/wp-content\/uploads\/2025\/06\/7332991-origpic-0a3d6b.jpg",800,800,false],"author_info":[],"comment_info":0,"_links":{"self":[{"href":"https:\/\/xenonkungen.com\/es\/wp-json\/wp\/v2\/product\/11735","targetHints":{"allow":["GET"]}}],"collection":[{"href":"https:\/\/xenonkungen.com\/es\/wp-json\/wp\/v2\/product"}],"about":[{"href":"https:\/\/xenonkungen.com\/es\/wp-json\/wp\/v2\/types\/product"}],"replies":[{"embeddable":true,"href":"https:\/\/xenonkungen.com\/es\/wp-json\/wp\/v2\/comments?post=11735"}],"wp:featuredmedia":[{"embeddable":true,"href":"https:\/\/xenonkungen.com\/es\/wp-json\/wp\/v2\/media\/11089"}],"wp:attachment":[{"href":"https:\/\/xenonkungen.com\/es\/wp-json\/wp\/v2\/media?parent=11735"}],"wp:term":[{"taxonomy":"anvandningsomrade","embeddable":true,"href":"https:\/\/xenonkungen.com\/es\/wp-json\/wp\/v2\/anvandningsomrade?post=11735"},{"taxonomy":"bilmarken","embeddable":true,"href":"https:\/\/xenonkungen.com\/es\/wp-json\/wp\/v2\/bilmarken?post=11735"},{"taxonomy":"product_brand","embeddable":true,"href":"https:\/\/xenonkungen.com\/es\/wp-json\/wp\/v2\/product_brand?post=11735"},{"taxonomy":"product_cat","embeddable":true,"href":"https:\/\/xenonkungen.com\/es\/wp-json\/wp\/v2\/product_cat?post=11735"},{"taxonomy":"product_tag","embeddable":true,"href":"https:\/\/xenonkungen.com\/es\/wp-json\/wp\/v2\/product_tag?post=11735"}],"curies":[{"name":"wp","href":"https:\/\/api.w.org\/{rel}","templated":true}]}}