{"id":11810,"date":"2025-06-23T13:52:24","date_gmt":"2025-06-23T13:52:24","guid":{"rendered":"https:\/\/xenonkungen.com\/produkt\/luxtar-ledramp-x16-black-edition-160w\/"},"modified":"2026-04-24T16:42:28","modified_gmt":"2026-04-24T15:42:28","slug":"rampa-led-luxtar-x16-edicion-negra-de-160-w","status":"publish","type":"product","link":"https:\/\/xenonkungen.com\/es\/producto\/rampa-led-luxtar-x16-edicion-negra-de-160-w\/","title":{"rendered":"LUXTAR\u00ae Ledramp X16 Black Edition 160W <47cm>"},"content":{"rendered":"<h2><strong>Rampa LED LUXTAR\u00ae X16 Edici\u00f3n Negra <\/strong><\/h2>\n<p>Las rampas LED de la serie X de Luxtar\u00ae presentan un dise\u00f1o \u00fanico con l\u00e1mparas de diodo montadas lateralmente que proporcionan un rendimiento mejorado.<\/p>\n<p>La Luxtar X16 Black Edition es ideal para quienes desean lo mejor de ambos mundos: estilo y rendimiento.<\/p>\n<p><strong>Valores te\u00f3ricos de la rampa LED <\/strong><br \/>\n160 W y 9911 l\u00famenes<\/p>\n<p>La l\u00e1mpara LED Luxtar Ramp X 16 tiene una potencia te\u00f3rica de 160 W y 9911 l\u00famenes. Al compararla con otras opciones del mercado, conviene tener en cuenta estos factores.<\/p>\n<p><strong>Valores reales de la rampa LED <\/strong><br \/>\n120 W y 8017 l\u00famenes<\/p>\n<p>Si se compara el valor de salida real de 120 vatios y 8.017 l\u00famenes, se puede comparar con casi 7 hal\u00f3genos que, con 55 W, tienen un valor de luz de aproximadamente 1.000 l\u00famenes (+-200 lm).<\/p>\n<p><strong>Talla<\/strong><br \/>\n47 cm<\/p>\n<p><strong>voltios<\/strong><br \/>\n10-32<\/p>\n<p><strong>\u00c1mbitos de utilizaci\u00f3n<\/strong><br \/>\nTurismos | Veh\u00edculos comerciales | Furgonetas | Camiones | Camionetas<\/p>\n<p><strong>Elecci\u00f3n del reflector \/ patr\u00f3n de luz en la rampa LED<\/strong><br \/>\nSpot &amp; Conducci\u00f3n<\/p>\n<p>Spot: Optimizada para un alcance m\u00e1ximo, patr\u00f3n de luz estrecho. Adecuada para quienes dan prioridad al alcance de la luz o a velocidades m\u00e1s altas, donde el foco de atenci\u00f3n se centra naturalmente en distancias m\u00e1s largas.<\/p>\n<p>Conducci\u00f3n: Optimizado para un haz amplio con alcance reducido. Tambi\u00e9n conocido como haz de largo alcance, es ideal para quienes buscan un haz amplio que ofrezca mejor visibilidad lateral.<\/p>","protected":false},"excerpt":{"rendered":"<p><i>La Luxtar\u00ae X16 Black Edition tiene una intensidad lum\u00ednica de 8.017 l\u00famenes, mide 47 cm de largo y ofrece una buena imagen luminosa que se puede comparar con 6-7 hal\u00f3genos originales de 55w | 1.000 l\u00famenes (+-200 lm). <\/i><\/p>","protected":false},"featured_media":11249,"comment_status":"closed","ping_status":"closed","template":"","meta":{"_acf_changed":false,"_smort_price_nok":"1869","_smort_price_dkk":"1829","_smort_price_eur":"244.99","_smort_sale_price_nok":"","_smort_sale_price_dkk":"","_smort_sale_price_eur":"","smort_restorder":"","shipmondo_restorder":"","_kad_blocks_custom_css":"","_kad_blocks_head_custom_js":"","_kad_blocks_body_custom_js":"","_kad_blocks_footer_custom_js":"","smort_custom_pricelist_1":null,"smort_custom_pricelist_2":null,"smort_custom_pricelist_3":null,"smort_custom_pricelist_4":null,"smort_custom_pricelist_5":null},"anvandningsomrade":[],"bilmarken":[],"product_brand":[103],"product_cat":[2966,2539,2826,2541,2160,1402],"product_tag":[],"class_list":{"0":"post-11810","1":"product","2":"type-product","3":"status-publish","4":"has-post-thumbnail","6":"product_brand-luxtar","7":"product_cat-ledramp-rak","8":"product_cat-ledramper","9":"product_cat-luxtar","10":"product_cat-luxtar-x-serie-black-ledramper","11":"product_cat-luxtar-x-serie-black","12":"product_cat-outlet","13":"pa_faktisk-effekts-forbrukning-175","14":"pa_fuktskydd-varde-ipxx-ip68","15":"pa_godkannande-ce-emc-rohs","16":"pa_lampsockel-kontakt-hb4-9006","17":"pa_led-chips-effekt-w-703","18":"pa_ljusbild-driving","19":"pa_ljusbild-spot","20":"pa_storlek-mm-466x63x85","21":"pa_stromforbrukning-5a-24v","22":"pa_stromforbrukning-88a-137v","23":"pa_volt-v-multivolt-9-12-14-18-24-28-32","25":"first","26":"instock","27":"taxable","28":"shipping-taxable","29":"purchasable","30":"product-type-variable"},"bundled_by":[],"bundle_stock_status":"instock","bundle_stock_quantity":null,"bundle_virtual":false,"bundle_layout":"","bundle_add_to_cart_form_location":"","bundle_editable_in_cart":false,"bundle_sold_individually_context":"","bundle_item_grouping":"","bundle_min_size":"","bundle_max_size":"","bundle_price":[],"bundled_items":[],"bundle_sell_ids":[],"acf":[],"yoast_head":"<!-- This site is optimized with the Yoast SEO plugin v27.0 - https:\/\/yoast.com\/product\/yoast-seo-wordpress\/ -->\n<title>LUXTAR\u00ae Ledramp X16 Black Edition 160W  - Xenonkungen<\/title>\n<meta name=\"robots\" content=\"index, follow, max-snippet:-1, max-image-preview:large, max-video-preview:-1\" \/>\n<link rel=\"canonical\" href=\"https:\/\/xenonkungen.com\/es\/producto\/rampa-led-luxtar-x16-edicion-negra-de-160-w\/\" \/>\n<meta property=\"og:locale\" content=\"es_ES\" \/>\n<meta property=\"og:type\" content=\"article\" \/>\n<meta property=\"og:title\" content=\"LUXTAR\u00ae Ledramp X16 Black Edition 160W  - Xenonkungen\" \/>\n<meta property=\"og:description\" content=\"Luxtar\u00ae X16 Black Edition har en ljusintensitet p\u00e5 8 017 lumen och \u00e4r 47 cm l\u00e5ng och levererar on bra ljusbild som kan j\u00e4mf\u00f6ras med 6-7 original halogen p\u00e5 55w | 1 000 Lumen (+-200 lm).\" \/>\n<meta property=\"og:url\" content=\"https:\/\/xenonkungen.com\/es\/producto\/rampa-led-luxtar-x16-edicion-negra-de-160-w\/\" \/>\n<meta property=\"og:site_name\" content=\"Xenonkungen\" \/>\n<meta property=\"article:modified_time\" content=\"2026-04-24T15:42:28+00:00\" \/>\n<meta property=\"og:image\" content=\"https:\/\/xenonkungen.com\/wp-content\/uploads\/2025\/06\/184973379-origpic-175950.png\" \/>\n\t<meta property=\"og:image:width\" content=\"1000\" \/>\n\t<meta property=\"og:image:height\" content=\"893\" \/>\n\t<meta property=\"og:image:type\" content=\"image\/png\" \/>\n<meta name=\"twitter:card\" content=\"summary_large_image\" \/>\n<meta name=\"twitter:label1\" content=\"Tiempo de lectura\" \/>\n\t<meta name=\"twitter:data1\" content=\"1 minuto\" \/>\n<script type=\"application\/ld+json\" class=\"yoast-schema-graph\">{\"@context\":\"https:\/\/schema.org\",\"@graph\":[{\"@type\":\"WebPage\",\"@id\":\"https:\/\/xenonkungen.com\/produkt\/luxtar-ledramp-x16-black-edition-160w\/\",\"url\":\"https:\/\/xenonkungen.com\/produkt\/luxtar-ledramp-x16-black-edition-160w\/\",\"name\":\"LUXTAR\u00ae Ledramp X16 Black Edition 160W - Xenonkungen\",\"isPartOf\":{\"@id\":\"https:\/\/xenonkungen.com\/#website\"},\"primaryImageOfPage\":{\"@id\":\"https:\/\/xenonkungen.com\/produkt\/luxtar-ledramp-x16-black-edition-160w\/#primaryimage\"},\"image\":{\"@id\":\"https:\/\/xenonkungen.com\/produkt\/luxtar-ledramp-x16-black-edition-160w\/#primaryimage\"},\"thumbnailUrl\":\"https:\/\/xenonkungen.com\/wp-content\/uploads\/2025\/06\/184973379-origpic-175950.png\",\"datePublished\":\"2025-06-23T13:52:24+00:00\",\"dateModified\":\"2026-04-24T15:42:28+00:00\",\"breadcrumb\":{\"@id\":\"https:\/\/xenonkungen.com\/produkt\/luxtar-ledramp-x16-black-edition-160w\/#breadcrumb\"},\"inLanguage\":\"es\",\"potentialAction\":[{\"@type\":\"ReadAction\",\"target\":[\"https:\/\/xenonkungen.com\/produkt\/luxtar-ledramp-x16-black-edition-160w\/\"]}]},{\"@type\":\"ImageObject\",\"inLanguage\":\"es\",\"@id\":\"https:\/\/xenonkungen.com\/produkt\/luxtar-ledramp-x16-black-edition-160w\/#primaryimage\",\"url\":\"https:\/\/xenonkungen.com\/wp-content\/uploads\/2025\/06\/184973379-origpic-175950.png\",\"contentUrl\":\"https:\/\/xenonkungen.com\/wp-content\/uploads\/2025\/06\/184973379-origpic-175950.png\",\"width\":1000,\"height\":893},{\"@type\":\"BreadcrumbList\",\"@id\":\"https:\/\/xenonkungen.com\/produkt\/luxtar-ledramp-x16-black-edition-160w\/#breadcrumb\",\"itemListElement\":[{\"@type\":\"ListItem\",\"position\":1,\"name\":\"Hem\",\"item\":\"https:\/\/xenonkungen.com\/\"},{\"@type\":\"ListItem\",\"position\":2,\"name\":\"Shop\",\"item\":\"https:\/\/xenonkungen.com\/shop\/\"},{\"@type\":\"ListItem\",\"position\":3,\"name\":\"LUXTAR\u00ae Ledramp X16 Black Edition 160W\"}]},{\"@type\":\"WebSite\",\"@id\":\"https:\/\/xenonkungen.com\/#website\",\"url\":\"https:\/\/xenonkungen.com\/\",\"name\":\"Xenonkungen\",\"description\":\"\",\"potentialAction\":[{\"@type\":\"SearchAction\",\"target\":{\"@type\":\"EntryPoint\",\"urlTemplate\":\"https:\/\/xenonkungen.com\/?s={search_term_string}\"},\"query-input\":{\"@type\":\"PropertyValueSpecification\",\"valueRequired\":true,\"valueName\":\"search_term_string\"}}],\"inLanguage\":\"es\"}]}<\/script>\n<!-- \/ Yoast SEO plugin. -->","yoast_head_json":{"title":"Rampa Led LUXTAR\u00ae X16 Black Edition 160W - El Rey del Xen\u00f3n","robots":{"index":"index","follow":"follow","max-snippet":"max-snippet:-1","max-image-preview":"max-image-preview:large","max-video-preview":"max-video-preview:-1"},"canonical":"https:\/\/xenonkungen.com\/es\/producto\/rampa-led-luxtar-x16-edicion-negra-de-160-w\/","og_locale":"es_ES","og_type":"article","og_title":"LUXTAR\u00ae Ledramp X16 Black Edition 160W  - Xenonkungen","og_description":"Luxtar\u00ae X16 Black Edition har en ljusintensitet p\u00e5 8 017 lumen och \u00e4r 47 cm l\u00e5ng och levererar on bra ljusbild som kan j\u00e4mf\u00f6ras med 6-7 original halogen p\u00e5 55w | 1 000 Lumen (+-200 lm).","og_url":"https:\/\/xenonkungen.com\/es\/producto\/rampa-led-luxtar-x16-edicion-negra-de-160-w\/","og_site_name":"Xenonkungen","article_modified_time":"2026-04-24T15:42:28+00:00","og_image":[{"width":1000,"height":893,"url":"https:\/\/xenonkungen.com\/wp-content\/uploads\/2025\/06\/184973379-origpic-175950.png","type":"image\/png"}],"twitter_card":"summary_large_image","twitter_misc":{"Tiempo de lectura":"1 minuto"},"schema":{"@context":"https:\/\/schema.org","@graph":[{"@type":"WebPage","@id":"https:\/\/xenonkungen.com\/produkt\/luxtar-ledramp-x16-black-edition-160w\/","url":"https:\/\/xenonkungen.com\/produkt\/luxtar-ledramp-x16-black-edition-160w\/","name":"Rampa LED LUXTAR\u00ae X16 Black Edition 160W - El rey del xen\u00f3n","isPartOf":{"@id":"https:\/\/xenonkungen.com\/#website"},"primaryImageOfPage":{"@id":"https:\/\/xenonkungen.com\/produkt\/luxtar-ledramp-x16-black-edition-160w\/#primaryimage"},"image":{"@id":"https:\/\/xenonkungen.com\/produkt\/luxtar-ledramp-x16-black-edition-160w\/#primaryimage"},"thumbnailUrl":"https:\/\/xenonkungen.com\/wp-content\/uploads\/2025\/06\/184973379-origpic-175950.png","datePublished":"2025-06-23T13:52:24+00:00","dateModified":"2026-04-24T15:42:28+00:00","breadcrumb":{"@id":"https:\/\/xenonkungen.com\/produkt\/luxtar-ledramp-x16-black-edition-160w\/#breadcrumb"},"inLanguage":"es","potentialAction":[{"@type":"ReadAction","target":["https:\/\/xenonkungen.com\/produkt\/luxtar-ledramp-x16-black-edition-160w\/"]}]},{"@type":"ImageObject","inLanguage":"es","@id":"https:\/\/xenonkungen.com\/produkt\/luxtar-ledramp-x16-black-edition-160w\/#primaryimage","url":"https:\/\/xenonkungen.com\/wp-content\/uploads\/2025\/06\/184973379-origpic-175950.png","contentUrl":"https:\/\/xenonkungen.com\/wp-content\/uploads\/2025\/06\/184973379-origpic-175950.png","width":1000,"height":893},{"@type":"BreadcrumbList","@id":"https:\/\/xenonkungen.com\/produkt\/luxtar-ledramp-x16-black-edition-160w\/#breadcrumb","itemListElement":[{"@type":"ListItem","position":1,"name":"Hem","item":"https:\/\/xenonkungen.com\/"},{"@type":"ListItem","position":2,"name":"Shop","item":"https:\/\/xenonkungen.com\/shop\/"},{"@type":"ListItem","position":3,"name":"LUXTAR\u00ae Ledramp X16 Black Edition 160W"}]},{"@type":"WebSite","@id":"https:\/\/xenonkungen.com\/#website","url":"https:\/\/xenonkungen.com\/","name":"Xenonkungen","description":"","potentialAction":[{"@type":"SearchAction","target":{"@type":"EntryPoint","urlTemplate":"https:\/\/xenonkungen.com\/?s={search_term_string}"},"query-input":{"@type":"PropertyValueSpecification","valueRequired":true,"valueName":"search_term_string"}}],"inLanguage":"es"}]}},"taxonomy_info":{"product_brand":[{"value":103,"label":"LUXTAR"}],"product_cat":[{"value":2966,"label":"Ledramp Rak"},{"value":2539,"label":"LEDRAMPER"},{"value":2826,"label":"LUXTAR"},{"value":2541,"label":"Luxtar X-Serie Black"},{"value":2160,"label":"LUXTAR X-serie B"},{"value":1402,"label":"Outlet"}],"pa_faktisk-effekts-forbrukning":[{"value":175,"label":"120"}],"pa_fuktskydd-varde-ipxx":[{"value":177,"label":"IP68"}],"pa_godkannande":[{"value":325,"label":"CE, EMC, RoHS"}],"pa_lampsockel-kontakt":[{"value":328,"label":"HB4 , 9006"}],"pa_led-chips-effekt-w":[{"value":703,"label":"160"}],"pa_ljusbild":[{"value":178,"label":"Driving"},{"value":1177,"label":"Spot"}],"pa_storlek-mm":[{"value":2413,"label":"466x63x85"}],"pa_stromforbrukning":[{"value":180,"label":"5A @24V"},{"value":179,"label":"8,8A @13,7V"}],"pa_volt-v":[{"value":321,"label":"Multivolt, 9, 12, 14, 18, 24, 28, 32"}]},"featured_image_src_large":["https:\/\/xenonkungen.com\/wp-content\/uploads\/2025\/06\/184973379-origpic-175950.png",1000,893,false],"author_info":[],"comment_info":0,"_links":{"self":[{"href":"https:\/\/xenonkungen.com\/es\/wp-json\/wp\/v2\/product\/11810","targetHints":{"allow":["GET"]}}],"collection":[{"href":"https:\/\/xenonkungen.com\/es\/wp-json\/wp\/v2\/product"}],"about":[{"href":"https:\/\/xenonkungen.com\/es\/wp-json\/wp\/v2\/types\/product"}],"replies":[{"embeddable":true,"href":"https:\/\/xenonkungen.com\/es\/wp-json\/wp\/v2\/comments?post=11810"}],"wp:featuredmedia":[{"embeddable":true,"href":"https:\/\/xenonkungen.com\/es\/wp-json\/wp\/v2\/media\/11249"}],"wp:attachment":[{"href":"https:\/\/xenonkungen.com\/es\/wp-json\/wp\/v2\/media?parent=11810"}],"wp:term":[{"taxonomy":"anvandningsomrade","embeddable":true,"href":"https:\/\/xenonkungen.com\/es\/wp-json\/wp\/v2\/anvandningsomrade?post=11810"},{"taxonomy":"bilmarken","embeddable":true,"href":"https:\/\/xenonkungen.com\/es\/wp-json\/wp\/v2\/bilmarken?post=11810"},{"taxonomy":"product_brand","embeddable":true,"href":"https:\/\/xenonkungen.com\/es\/wp-json\/wp\/v2\/product_brand?post=11810"},{"taxonomy":"product_cat","embeddable":true,"href":"https:\/\/xenonkungen.com\/es\/wp-json\/wp\/v2\/product_cat?post=11810"},{"taxonomy":"product_tag","embeddable":true,"href":"https:\/\/xenonkungen.com\/es\/wp-json\/wp\/v2\/product_tag?post=11810"}],"curies":[{"name":"wp","href":"https:\/\/api.w.org\/{rel}","templated":true}]}}