{"id":11843,"date":"2025-06-23T13:52:37","date_gmt":"2025-06-23T13:52:37","guid":{"rendered":"https:\/\/xenonkungen.com\/produkt\/36mm-xk-3d-canbus\/"},"modified":"2026-05-08T15:41:48","modified_gmt":"2026-05-08T14:41:48","slug":"canbus-3d-xk-de-36-mm","status":"publish","type":"product","link":"https:\/\/xenonkungen.com\/es\/producto\/canbus-3d-xk-de-36-mm\/","title":{"rendered":"XK 3D Canbus de 36 mm"},"content":{"rendered":"<h2>LED 3D Canbus de 36 mm C5W - Luz potente en un formato compacto<\/h2>\n<p><strong>Actualice su iluminaci\u00f3n con estilo y rendimiento.<\/strong> Esta l\u00e1mpara LED C5W de 36 mm con <strong>Dise\u00f1o 3D<\/strong> es la elecci\u00f3n perfecta para quienes desean <strong>iluminaci\u00f3n m\u00e1s brillante, moderna y eficiente desde el punto de vista energ\u00e9tico<\/strong> en el compartimento, la se\u00f1al, el maletero o el interior.<\/p>\n<h3>Compatible con Canbus - Evita c\u00f3digos de error<\/h3>\n<p>Gracias a la <strong>Tecnolog\u00eda Canbus (2,0 W)<\/strong> la luz funciona perfectamente en la mayor\u00eda de los coches modernos sin dar mensajes de error. F\u00e1cil instalaci\u00f3n 'plug &amp; play' - sin codificaci\u00f3n, sin complicaciones.<\/p>\n<h3>Luz blanca brillante y agradable<\/h3>\n<p>Con un brillo de <strong>150 l\u00famenes<\/strong> y una temperatura de color de <strong>4000K (blanco neutro)<\/strong> se obtiene un <strong>luz suave pero potente<\/strong> que da una impresi\u00f3n fresca y exclusiva sin reflejos.<\/p>\n<h3>Amplio rango de tensi\u00f3n: 9-28 V<\/h3>\n<p>La l\u00e1mpara est\u00e1 dise\u00f1ada para funcionar tanto en sistemas de 12 V como de 24 V, por lo que es ideal para todo tipo de veh\u00edculos, desde coches hasta camiones y autocaravanas.<\/p>\n<p><strong>Transforme la iluminaci\u00f3n interior o de se\u00f1alizaci\u00f3n de su coche con potentes LED de primera calidad: elegantes, sin errores y eficientes.<\/strong><\/p>","protected":false},"excerpt":{"rendered":"<p>36mm C5W LED 3D Canbus \u2013 Kraftfullt ljus i kompakt format Uppgradera din belysning med stil och prestanda! Denna 36mm C5W LED-lampa med 3D-design \u00e4r det perfekta valet f\u00f6r dig som vill ha klarare, modernare och mer energieffektiv belysning i kup\u00e9, skylt, bagageutrymme eller interi\u00f6r. Canbus-kompatibel \u2013 Slipp felkoder Tack vare inbyggd Canbus-teknologi (2.0W) fungerar [&hellip;]<\/p>","protected":false},"featured_media":11330,"comment_status":"closed","ping_status":"open","template":"","meta":{"_acf_changed":false,"_smort_price_nok":"208","_smort_price_dkk":"132","_smort_price_eur":"17.73","_smort_sale_price_nok":"","_smort_sale_price_dkk":"","_smort_sale_price_eur":"","smort_restorder":"","shipmondo_restorder":"","_kad_blocks_custom_css":"","_kad_blocks_head_custom_js":"","_kad_blocks_body_custom_js":"","_kad_blocks_footer_custom_js":"","smort_custom_pricelist_1":"","smort_custom_pricelist_2":"","smort_custom_pricelist_3":"","smort_custom_pricelist_4":"","smort_custom_pricelist_5":""},"anvandningsomrade":[2234],"bilmarken":[168],"product_brand":[117],"product_cat":[338],"product_tag":[],"class_list":{"0":"post-11843","1":"product","2":"type-product","3":"status-publish","4":"has-post-thumbnail","6":"anvandningsomrade-alla","7":"bilmarken-alla","8":"product_brand-xenonkungen","9":"product_cat-diodlampor","10":"pa_fargtemperatur-2290","11":"pa_fargtemperatur-1428","12":"pa_lampsockel-kontakt-36mm-c5w-sv8-5","13":"pa_storlek-mm-379","14":"pa_volt-v-multivolt-9-12-14-18-24-28","16":"first","17":"instock","18":"taxable","19":"shipping-taxable","20":"purchasable","21":"product-type-variable"},"bundled_by":[],"bundle_stock_status":"instock","bundle_stock_quantity":null,"bundle_virtual":false,"bundle_layout":"","bundle_add_to_cart_form_location":"","bundle_editable_in_cart":false,"bundle_sold_individually_context":"","bundle_item_grouping":"","bundle_min_size":"","bundle_max_size":"","bundle_price":[],"bundled_items":[],"bundle_sell_ids":[],"acf":[],"yoast_head":"<!-- This site is optimized with the Yoast SEO plugin v27.0 - https:\/\/yoast.com\/product\/yoast-seo-wordpress\/ -->\n<title>36mm XK 3D Canbus - Xenonkungen<\/title>\n<meta name=\"robots\" content=\"index, follow, max-snippet:-1, max-image-preview:large, max-video-preview:-1\" \/>\n<link rel=\"canonical\" href=\"https:\/\/xenonkungen.com\/es\/producto\/canbus-3d-xk-de-36-mm\/\" \/>\n<meta property=\"og:locale\" content=\"es_ES\" \/>\n<meta property=\"og:type\" content=\"article\" \/>\n<meta property=\"og:title\" content=\"36mm XK 3D Canbus - Xenonkungen\" \/>\n<meta property=\"og:description\" content=\"36mm C5W LED 3D Canbus \u2013 Kraftfullt ljus i kompakt format Uppgradera din belysning med stil och prestanda! Denna 36mm C5W LED-lampa med 3D-design \u00e4r det perfekta valet f\u00f6r dig som vill ha klarare, modernare och mer energieffektiv belysning i kup\u00e9, skylt, bagageutrymme eller interi\u00f6r. Canbus-kompatibel \u2013 Slipp felkoder Tack vare inbyggd Canbus-teknologi (2.0W) fungerar [&hellip;]\" \/>\n<meta property=\"og:url\" content=\"https:\/\/xenonkungen.com\/es\/producto\/canbus-3d-xk-de-36-mm\/\" \/>\n<meta property=\"og:site_name\" content=\"Xenonkungen\" \/>\n<meta property=\"article:modified_time\" content=\"2026-05-08T14:41:48+00:00\" \/>\n<meta property=\"og:image\" content=\"https:\/\/xenonkungen.com\/wp-content\/uploads\/2025\/06\/167049113-origpic-39b9ba.png\" \/>\n\t<meta property=\"og:image:width\" content=\"1000\" \/>\n\t<meta property=\"og:image:height\" content=\"1000\" \/>\n\t<meta property=\"og:image:type\" content=\"image\/png\" \/>\n<meta name=\"twitter:card\" content=\"summary_large_image\" \/>\n<meta name=\"twitter:label1\" content=\"Tiempo de lectura\" \/>\n\t<meta name=\"twitter:data1\" content=\"1 minuto\" \/>\n<script type=\"application\/ld+json\" class=\"yoast-schema-graph\">{\"@context\":\"https:\/\/schema.org\",\"@graph\":[{\"@type\":\"WebPage\",\"@id\":\"https:\/\/xenonkungen.com\/de\/produkt\/36mm-xk-3d-canbus\/\",\"url\":\"https:\/\/xenonkungen.com\/de\/produkt\/36mm-xk-3d-canbus\/\",\"name\":\"36mm XK 3D Canbus - Xenonkungen\",\"isPartOf\":{\"@id\":\"https:\/\/xenonkungen.com\/#website\"},\"primaryImageOfPage\":{\"@id\":\"https:\/\/xenonkungen.com\/de\/produkt\/36mm-xk-3d-canbus\/#primaryimage\"},\"image\":{\"@id\":\"https:\/\/xenonkungen.com\/de\/produkt\/36mm-xk-3d-canbus\/#primaryimage\"},\"thumbnailUrl\":\"https:\/\/xenonkungen.com\/wp-content\/uploads\/2025\/06\/167049113-origpic-39b9ba.png\",\"datePublished\":\"2025-06-23T13:52:37+00:00\",\"dateModified\":\"2026-05-08T14:41:48+00:00\",\"breadcrumb\":{\"@id\":\"https:\/\/xenonkungen.com\/de\/produkt\/36mm-xk-3d-canbus\/#breadcrumb\"},\"inLanguage\":\"es\",\"potentialAction\":[{\"@type\":\"ReadAction\",\"target\":[\"https:\/\/xenonkungen.com\/de\/produkt\/36mm-xk-3d-canbus\/\"]}]},{\"@type\":\"ImageObject\",\"inLanguage\":\"es\",\"@id\":\"https:\/\/xenonkungen.com\/de\/produkt\/36mm-xk-3d-canbus\/#primaryimage\",\"url\":\"https:\/\/xenonkungen.com\/wp-content\/uploads\/2025\/06\/167049113-origpic-39b9ba.png\",\"contentUrl\":\"https:\/\/xenonkungen.com\/wp-content\/uploads\/2025\/06\/167049113-origpic-39b9ba.png\",\"width\":1000,\"height\":1000},{\"@type\":\"BreadcrumbList\",\"@id\":\"https:\/\/xenonkungen.com\/de\/produkt\/36mm-xk-3d-canbus\/#breadcrumb\",\"itemListElement\":[{\"@type\":\"ListItem\",\"position\":1,\"name\":\"Hem\",\"item\":\"https:\/\/xenonkungen.com\/\"},{\"@type\":\"ListItem\",\"position\":2,\"name\":\"Shop\",\"item\":\"https:\/\/xenonkungen.com\/shop\/\"},{\"@type\":\"ListItem\",\"position\":3,\"name\":\"36mm XK 3D Canbus\"}]},{\"@type\":\"WebSite\",\"@id\":\"https:\/\/xenonkungen.com\/#website\",\"url\":\"https:\/\/xenonkungen.com\/\",\"name\":\"Xenonkungen\",\"description\":\"\",\"potentialAction\":[{\"@type\":\"SearchAction\",\"target\":{\"@type\":\"EntryPoint\",\"urlTemplate\":\"https:\/\/xenonkungen.com\/?s={search_term_string}\"},\"query-input\":{\"@type\":\"PropertyValueSpecification\",\"valueRequired\":true,\"valueName\":\"search_term_string\"}}],\"inLanguage\":\"es\"}]}<\/script>\n<!-- \/ Yoast SEO plugin. -->","yoast_head_json":{"title":"XK 3D Canbus de 36 mm: el rey del xen\u00f3n","robots":{"index":"index","follow":"follow","max-snippet":"max-snippet:-1","max-image-preview":"max-image-preview:large","max-video-preview":"max-video-preview:-1"},"canonical":"https:\/\/xenonkungen.com\/es\/producto\/canbus-3d-xk-de-36-mm\/","og_locale":"es_ES","og_type":"article","og_title":"36mm XK 3D Canbus - Xenonkungen","og_description":"36mm C5W LED 3D Canbus \u2013 Kraftfullt ljus i kompakt format Uppgradera din belysning med stil och prestanda! Denna 36mm C5W LED-lampa med 3D-design \u00e4r det perfekta valet f\u00f6r dig som vill ha klarare, modernare och mer energieffektiv belysning i kup\u00e9, skylt, bagageutrymme eller interi\u00f6r. Canbus-kompatibel \u2013 Slipp felkoder Tack vare inbyggd Canbus-teknologi (2.0W) fungerar [&hellip;]","og_url":"https:\/\/xenonkungen.com\/es\/producto\/canbus-3d-xk-de-36-mm\/","og_site_name":"Xenonkungen","article_modified_time":"2026-05-08T14:41:48+00:00","og_image":[{"width":1000,"height":1000,"url":"https:\/\/xenonkungen.com\/wp-content\/uploads\/2025\/06\/167049113-origpic-39b9ba.png","type":"image\/png"}],"twitter_card":"summary_large_image","twitter_misc":{"Tiempo de lectura":"1 minuto"},"schema":{"@context":"https:\/\/schema.org","@graph":[{"@type":"WebPage","@id":"https:\/\/xenonkungen.com\/de\/produkt\/36mm-xk-3d-canbus\/","url":"https:\/\/xenonkungen.com\/de\/produkt\/36mm-xk-3d-canbus\/","name":"XK 3D Canbus de 36 mm: el rey del xen\u00f3n","isPartOf":{"@id":"https:\/\/xenonkungen.com\/#website"},"primaryImageOfPage":{"@id":"https:\/\/xenonkungen.com\/de\/produkt\/36mm-xk-3d-canbus\/#primaryimage"},"image":{"@id":"https:\/\/xenonkungen.com\/de\/produkt\/36mm-xk-3d-canbus\/#primaryimage"},"thumbnailUrl":"https:\/\/xenonkungen.com\/wp-content\/uploads\/2025\/06\/167049113-origpic-39b9ba.png","datePublished":"2025-06-23T13:52:37+00:00","dateModified":"2026-05-08T14:41:48+00:00","breadcrumb":{"@id":"https:\/\/xenonkungen.com\/de\/produkt\/36mm-xk-3d-canbus\/#breadcrumb"},"inLanguage":"es","potentialAction":[{"@type":"ReadAction","target":["https:\/\/xenonkungen.com\/de\/produkt\/36mm-xk-3d-canbus\/"]}]},{"@type":"ImageObject","inLanguage":"es","@id":"https:\/\/xenonkungen.com\/de\/produkt\/36mm-xk-3d-canbus\/#primaryimage","url":"https:\/\/xenonkungen.com\/wp-content\/uploads\/2025\/06\/167049113-origpic-39b9ba.png","contentUrl":"https:\/\/xenonkungen.com\/wp-content\/uploads\/2025\/06\/167049113-origpic-39b9ba.png","width":1000,"height":1000},{"@type":"BreadcrumbList","@id":"https:\/\/xenonkungen.com\/de\/produkt\/36mm-xk-3d-canbus\/#breadcrumb","itemListElement":[{"@type":"ListItem","position":1,"name":"Hem","item":"https:\/\/xenonkungen.com\/"},{"@type":"ListItem","position":2,"name":"Shop","item":"https:\/\/xenonkungen.com\/shop\/"},{"@type":"ListItem","position":3,"name":"36mm XK 3D Canbus"}]},{"@type":"WebSite","@id":"https:\/\/xenonkungen.com\/#website","url":"https:\/\/xenonkungen.com\/","name":"Xenonkungen","description":"","potentialAction":[{"@type":"SearchAction","target":{"@type":"EntryPoint","urlTemplate":"https:\/\/xenonkungen.com\/?s={search_term_string}"},"query-input":{"@type":"PropertyValueSpecification","valueRequired":true,"valueName":"search_term_string"}}],"inLanguage":"es"}]}},"taxonomy_info":{"anvandningsomrade":[{"value":2234,"label":"Alla"}],"bilmarken":[{"value":168,"label":"Alla"}],"product_brand":[{"value":117,"label":"Xenonkungen"}],"product_cat":[{"value":338,"label":"Diodlampor"}],"pa_fargtemperatur":[{"value":2290,"label":"4000"},{"value":1428,"label":"6000"}],"pa_lampsockel-kontakt":[{"value":2395,"label":"36mm, C5W, SV8.5"}],"pa_storlek-mm":[{"value":379,"label":"36"}],"pa_volt-v":[{"value":2394,"label":"Multivolt, 9, 12, 14, 18, 24, 28"}]},"featured_image_src_large":["https:\/\/xenonkungen.com\/wp-content\/uploads\/2025\/06\/167049113-origpic-39b9ba.png",1000,1000,false],"author_info":[],"comment_info":0,"_links":{"self":[{"href":"https:\/\/xenonkungen.com\/es\/wp-json\/wp\/v2\/product\/11843","targetHints":{"allow":["GET"]}}],"collection":[{"href":"https:\/\/xenonkungen.com\/es\/wp-json\/wp\/v2\/product"}],"about":[{"href":"https:\/\/xenonkungen.com\/es\/wp-json\/wp\/v2\/types\/product"}],"replies":[{"embeddable":true,"href":"https:\/\/xenonkungen.com\/es\/wp-json\/wp\/v2\/comments?post=11843"}],"wp:featuredmedia":[{"embeddable":true,"href":"https:\/\/xenonkungen.com\/es\/wp-json\/wp\/v2\/media\/11330"}],"wp:attachment":[{"href":"https:\/\/xenonkungen.com\/es\/wp-json\/wp\/v2\/media?parent=11843"}],"wp:term":[{"taxonomy":"anvandningsomrade","embeddable":true,"href":"https:\/\/xenonkungen.com\/es\/wp-json\/wp\/v2\/anvandningsomrade?post=11843"},{"taxonomy":"bilmarken","embeddable":true,"href":"https:\/\/xenonkungen.com\/es\/wp-json\/wp\/v2\/bilmarken?post=11843"},{"taxonomy":"product_brand","embeddable":true,"href":"https:\/\/xenonkungen.com\/es\/wp-json\/wp\/v2\/product_brand?post=11843"},{"taxonomy":"product_cat","embeddable":true,"href":"https:\/\/xenonkungen.com\/es\/wp-json\/wp\/v2\/product_cat?post=11843"},{"taxonomy":"product_tag","embeddable":true,"href":"https:\/\/xenonkungen.com\/es\/wp-json\/wp\/v2\/product_tag?post=11843"}],"curies":[{"name":"wp","href":"https:\/\/api.w.org\/{rel}","templated":true}]}}