{"id":11846,"date":"2025-06-23T13:52:37","date_gmt":"2025-06-23T13:52:37","guid":{"rendered":"https:\/\/xenonkungen.com\/produkt\/39mm-xk-3d-canbus\/"},"modified":"2026-03-27T09:48:44","modified_gmt":"2026-03-27T08:48:44","slug":"canbus-3d-xk-de-39-mm","status":"publish","type":"product","link":"https:\/\/xenonkungen.com\/es\/producto\/canbus-3d-xk-de-39-mm\/","title":{"rendered":"39mm XK 3D Canbus"},"content":{"rendered":"<h2>LED 3D Canbus C5W de 39 mm: iluminaci\u00f3n clara y moderna sin c\u00f3digos de error<\/h2>\n<p>\u00bfBuscas una forma sencilla de darle a tu coche un aspecto moderno y una mejor iluminaci\u00f3n? <strong>LED 3D Canbus C5W de 39 mm<\/strong> es una opci\u00f3n perfecta para aquellos que desean mejorar la iluminaci\u00f3n interior, de la matr\u00edcula o del maletero de su veh\u00edculo. <strong>Tecnolog\u00eda LED de bajo consumo, potente y elegante<\/strong>.<\/p>\n<h3>Rendimiento estable con compatibilidad con Canbus<\/h3>\n<p>Con incorporado <strong>Tecnolog\u00eda de resistencia Canbus (2.0W)<\/strong> Evitar\u00e1s los molestos c\u00f3digos de error en tu coche. La l\u00e1mpara es compatible con la mayor\u00eda de los veh\u00edculos y no requiere reprogramaci\u00f3n adicional. <strong>plug &amp; play<\/strong>.<\/p>\n<h3>Luz blanca neutra para una sensaci\u00f3n de alta calidad<\/h3>\n<p>Esta l\u00e1mpara LED proporciona <strong>150 l\u00famenes<\/strong> en uno <strong>Luz blanca suave a 4000 K<\/strong> \u2013 Perfecta para quienes desean una iluminaci\u00f3n agradable y elegante que ilumine sin deslumbrar.<\/p>\n<h3>Amplia gama de aplicaciones: de 9 a 28 V<\/h3>\n<p>Se adapta a sistemas el\u00e9ctricos de 12V y 24V, por lo que resulta ideal para coches, furgonetas, camiones y autocaravanas.<\/p>\n<p><strong>Dale a tu coche la mejora que se merece: con una iluminaci\u00f3n LED elegante, potente y sin c\u00f3digos de error de 39 mm C5W 3D Canbus.<\/strong><\/p>","protected":false},"excerpt":{"rendered":"<p>39mm C5W LED 3D Canbus \u2013 Klar och modern belysning utan felkoder Letar du efter ett enkelt s\u00e4tt att ge din bil en modern look och b\u00e4ttre ljus? 39mm C5W LED 3D Canbus \u00e4r ett perfekt val f\u00f6r dig som vill uppgradera interi\u00f6r-, skylt- eller bagagebelysningen till energisn\u00e5l, stark och snygg LED-teknik. Stabil prestanda med [&hellip;]<\/p>","protected":false},"featured_media":11336,"comment_status":"closed","ping_status":"closed","template":"","meta":{"_acf_changed":false,"_smort_price_nok":"208","_smort_price_dkk":"132","_smort_price_eur":"17.73","_smort_sale_price_nok":"","_smort_sale_price_dkk":"","_smort_sale_price_eur":"","smort_restorder":"","shipmondo_restorder":"","_kad_blocks_custom_css":"","_kad_blocks_head_custom_js":"","_kad_blocks_body_custom_js":"","_kad_blocks_footer_custom_js":"","smort_custom_pricelist_1":null,"smort_custom_pricelist_2":null,"smort_custom_pricelist_3":null,"smort_custom_pricelist_4":null,"smort_custom_pricelist_5":null},"anvandningsomrade":[2234],"bilmarken":[168],"product_brand":[117],"product_cat":[338],"product_tag":[],"class_list":{"0":"post-11846","1":"product","2":"type-product","3":"status-publish","4":"has-post-thumbnail","6":"anvandningsomrade-alla","7":"bilmarken-alla","8":"product_brand-xenonkungen","9":"product_cat-diodlampor","10":"pa_fargtemperatur-2290","11":"pa_fargtemperatur-1428","12":"pa_fargtemperatur-amber","13":"pa_fargtemperatur-blue","14":"pa_fargtemperatur-red","15":"pa_lampsockel-kontakt-39mm-c5w-sv8-5","16":"pa_storlek-mm-388","17":"pa_volt-v-multivolt-9-12-14-18-24-28","19":"first","20":"instock","21":"taxable","22":"shipping-taxable","23":"purchasable","24":"product-type-variable"},"bundled_by":[],"bundle_stock_status":"instock","bundle_stock_quantity":null,"bundle_virtual":false,"bundle_layout":"","bundle_add_to_cart_form_location":"","bundle_editable_in_cart":false,"bundle_sold_individually_context":"","bundle_item_grouping":"","bundle_min_size":"","bundle_max_size":"","bundle_price":[],"bundled_items":[],"bundle_sell_ids":[],"acf":[],"yoast_head":"<!-- This site is optimized with the Yoast SEO plugin v27.0 - https:\/\/yoast.com\/product\/yoast-seo-wordpress\/ -->\n<title>39mm XK 3D Canbus - Xenonkungen<\/title>\n<meta name=\"robots\" content=\"index, follow, max-snippet:-1, max-image-preview:large, max-video-preview:-1\" \/>\n<link rel=\"canonical\" href=\"https:\/\/xenonkungen.com\/es\/producto\/canbus-3d-xk-de-39-mm\/\" \/>\n<meta property=\"og:locale\" content=\"es_ES\" \/>\n<meta property=\"og:type\" content=\"article\" \/>\n<meta property=\"og:title\" content=\"39mm XK 3D Canbus - Xenonkungen\" \/>\n<meta property=\"og:description\" content=\"39mm C5W LED 3D Canbus \u2013 Klar och modern belysning utan felkoder Letar du efter ett enkelt s\u00e4tt att ge din bil en modern look och b\u00e4ttre ljus? 39mm C5W LED 3D Canbus \u00e4r ett perfekt val f\u00f6r dig som vill uppgradera interi\u00f6r-, skylt- eller bagagebelysningen till energisn\u00e5l, stark och snygg LED-teknik. Stabil prestanda med [&hellip;]\" \/>\n<meta property=\"og:url\" content=\"https:\/\/xenonkungen.com\/es\/producto\/canbus-3d-xk-de-39-mm\/\" \/>\n<meta property=\"og:site_name\" content=\"Xenonkungen\" \/>\n<meta property=\"article:modified_time\" content=\"2026-03-27T08:48:44+00:00\" \/>\n<meta property=\"og:image\" content=\"https:\/\/xenonkungen.com\/wp-content\/uploads\/2025\/06\/167049129-origpic-5ee499.png\" \/>\n\t<meta property=\"og:image:width\" content=\"1000\" \/>\n\t<meta property=\"og:image:height\" content=\"1000\" \/>\n\t<meta property=\"og:image:type\" content=\"image\/png\" \/>\n<meta name=\"twitter:card\" content=\"summary_large_image\" \/>\n<meta name=\"twitter:label1\" content=\"Tiempo de lectura\" \/>\n\t<meta name=\"twitter:data1\" content=\"1 minuto\" \/>\n<script type=\"application\/ld+json\" class=\"yoast-schema-graph\">{\"@context\":\"https:\/\/schema.org\",\"@graph\":[{\"@type\":\"WebPage\",\"@id\":\"https:\/\/xenonkungen.com\/produkt\/39mm-xk-3d-canbus\/\",\"url\":\"https:\/\/xenonkungen.com\/produkt\/39mm-xk-3d-canbus\/\",\"name\":\"39mm XK 3D Canbus - Xenonkungen\",\"isPartOf\":{\"@id\":\"https:\/\/xenonkungen.com\/#website\"},\"primaryImageOfPage\":{\"@id\":\"https:\/\/xenonkungen.com\/produkt\/39mm-xk-3d-canbus\/#primaryimage\"},\"image\":{\"@id\":\"https:\/\/xenonkungen.com\/produkt\/39mm-xk-3d-canbus\/#primaryimage\"},\"thumbnailUrl\":\"https:\/\/xenonkungen.com\/wp-content\/uploads\/2025\/06\/167049129-origpic-5ee499.png\",\"datePublished\":\"2025-06-23T13:52:37+00:00\",\"dateModified\":\"2026-03-27T08:48:44+00:00\",\"breadcrumb\":{\"@id\":\"https:\/\/xenonkungen.com\/produkt\/39mm-xk-3d-canbus\/#breadcrumb\"},\"inLanguage\":\"es\",\"potentialAction\":[{\"@type\":\"ReadAction\",\"target\":[\"https:\/\/xenonkungen.com\/produkt\/39mm-xk-3d-canbus\/\"]}]},{\"@type\":\"ImageObject\",\"inLanguage\":\"es\",\"@id\":\"https:\/\/xenonkungen.com\/produkt\/39mm-xk-3d-canbus\/#primaryimage\",\"url\":\"https:\/\/xenonkungen.com\/wp-content\/uploads\/2025\/06\/167049129-origpic-5ee499.png\",\"contentUrl\":\"https:\/\/xenonkungen.com\/wp-content\/uploads\/2025\/06\/167049129-origpic-5ee499.png\",\"width\":1000,\"height\":1000},{\"@type\":\"BreadcrumbList\",\"@id\":\"https:\/\/xenonkungen.com\/produkt\/39mm-xk-3d-canbus\/#breadcrumb\",\"itemListElement\":[{\"@type\":\"ListItem\",\"position\":1,\"name\":\"Hem\",\"item\":\"https:\/\/xenonkungen.com\/\"},{\"@type\":\"ListItem\",\"position\":2,\"name\":\"Shop\",\"item\":\"https:\/\/xenonkungen.com\/shop\/\"},{\"@type\":\"ListItem\",\"position\":3,\"name\":\"39mm XK 3D Canbus\"}]},{\"@type\":\"WebSite\",\"@id\":\"https:\/\/xenonkungen.com\/#website\",\"url\":\"https:\/\/xenonkungen.com\/\",\"name\":\"Xenonkungen\",\"description\":\"\",\"potentialAction\":[{\"@type\":\"SearchAction\",\"target\":{\"@type\":\"EntryPoint\",\"urlTemplate\":\"https:\/\/xenonkungen.com\/?s={search_term_string}\"},\"query-input\":{\"@type\":\"PropertyValueSpecification\",\"valueRequired\":true,\"valueName\":\"search_term_string\"}}],\"inLanguage\":\"es\"}]}<\/script>\n<!-- \/ Yoast SEO plugin. -->","yoast_head_json":{"title":"XK 3D Canbus de 39 mm: el rey del xen\u00f3n","robots":{"index":"index","follow":"follow","max-snippet":"max-snippet:-1","max-image-preview":"max-image-preview:large","max-video-preview":"max-video-preview:-1"},"canonical":"https:\/\/xenonkungen.com\/es\/producto\/canbus-3d-xk-de-39-mm\/","og_locale":"es_ES","og_type":"article","og_title":"39mm XK 3D Canbus - Xenonkungen","og_description":"39mm C5W LED 3D Canbus \u2013 Klar och modern belysning utan felkoder Letar du efter ett enkelt s\u00e4tt att ge din bil en modern look och b\u00e4ttre ljus? 39mm C5W LED 3D Canbus \u00e4r ett perfekt val f\u00f6r dig som vill uppgradera interi\u00f6r-, skylt- eller bagagebelysningen till energisn\u00e5l, stark och snygg LED-teknik. Stabil prestanda med [&hellip;]","og_url":"https:\/\/xenonkungen.com\/es\/producto\/canbus-3d-xk-de-39-mm\/","og_site_name":"Xenonkungen","article_modified_time":"2026-03-27T08:48:44+00:00","og_image":[{"width":1000,"height":1000,"url":"https:\/\/xenonkungen.com\/wp-content\/uploads\/2025\/06\/167049129-origpic-5ee499.png","type":"image\/png"}],"twitter_card":"summary_large_image","twitter_misc":{"Tiempo de lectura":"1 minuto"},"schema":{"@context":"https:\/\/schema.org","@graph":[{"@type":"WebPage","@id":"https:\/\/xenonkungen.com\/produkt\/39mm-xk-3d-canbus\/","url":"https:\/\/xenonkungen.com\/produkt\/39mm-xk-3d-canbus\/","name":"XK 3D Canbus de 39 mm: el rey del xen\u00f3n","isPartOf":{"@id":"https:\/\/xenonkungen.com\/#website"},"primaryImageOfPage":{"@id":"https:\/\/xenonkungen.com\/produkt\/39mm-xk-3d-canbus\/#primaryimage"},"image":{"@id":"https:\/\/xenonkungen.com\/produkt\/39mm-xk-3d-canbus\/#primaryimage"},"thumbnailUrl":"https:\/\/xenonkungen.com\/wp-content\/uploads\/2025\/06\/167049129-origpic-5ee499.png","datePublished":"2025-06-23T13:52:37+00:00","dateModified":"2026-03-27T08:48:44+00:00","breadcrumb":{"@id":"https:\/\/xenonkungen.com\/produkt\/39mm-xk-3d-canbus\/#breadcrumb"},"inLanguage":"es","potentialAction":[{"@type":"ReadAction","target":["https:\/\/xenonkungen.com\/produkt\/39mm-xk-3d-canbus\/"]}]},{"@type":"ImageObject","inLanguage":"es","@id":"https:\/\/xenonkungen.com\/produkt\/39mm-xk-3d-canbus\/#primaryimage","url":"https:\/\/xenonkungen.com\/wp-content\/uploads\/2025\/06\/167049129-origpic-5ee499.png","contentUrl":"https:\/\/xenonkungen.com\/wp-content\/uploads\/2025\/06\/167049129-origpic-5ee499.png","width":1000,"height":1000},{"@type":"BreadcrumbList","@id":"https:\/\/xenonkungen.com\/produkt\/39mm-xk-3d-canbus\/#breadcrumb","itemListElement":[{"@type":"ListItem","position":1,"name":"Hem","item":"https:\/\/xenonkungen.com\/"},{"@type":"ListItem","position":2,"name":"Shop","item":"https:\/\/xenonkungen.com\/shop\/"},{"@type":"ListItem","position":3,"name":"39mm XK 3D Canbus"}]},{"@type":"WebSite","@id":"https:\/\/xenonkungen.com\/#website","url":"https:\/\/xenonkungen.com\/","name":"Xenonkungen","description":"","potentialAction":[{"@type":"SearchAction","target":{"@type":"EntryPoint","urlTemplate":"https:\/\/xenonkungen.com\/?s={search_term_string}"},"query-input":{"@type":"PropertyValueSpecification","valueRequired":true,"valueName":"search_term_string"}}],"inLanguage":"es"}]}},"taxonomy_info":{"anvandningsomrade":[{"value":2234,"label":"Alla"}],"bilmarken":[{"value":168,"label":"Alla"}],"product_brand":[{"value":117,"label":"Xenonkungen"}],"product_cat":[{"value":338,"label":"Diodlampor"}],"pa_fargtemperatur":[{"value":2290,"label":"4000"},{"value":1428,"label":"6000"},{"value":745,"label":"Amber"},{"value":2678,"label":"Blue"},{"value":365,"label":"Red"}],"pa_lampsockel-kontakt":[{"value":2396,"label":"39mm, C5W, SV8.5"}],"pa_storlek-mm":[{"value":388,"label":"39"}],"pa_volt-v":[{"value":2394,"label":"Multivolt, 9, 12, 14, 18, 24, 28"}]},"featured_image_src_large":["https:\/\/xenonkungen.com\/wp-content\/uploads\/2025\/06\/167049129-origpic-5ee499.png",1000,1000,false],"author_info":[],"comment_info":0,"_links":{"self":[{"href":"https:\/\/xenonkungen.com\/es\/wp-json\/wp\/v2\/product\/11846","targetHints":{"allow":["GET"]}}],"collection":[{"href":"https:\/\/xenonkungen.com\/es\/wp-json\/wp\/v2\/product"}],"about":[{"href":"https:\/\/xenonkungen.com\/es\/wp-json\/wp\/v2\/types\/product"}],"replies":[{"embeddable":true,"href":"https:\/\/xenonkungen.com\/es\/wp-json\/wp\/v2\/comments?post=11846"}],"wp:featuredmedia":[{"embeddable":true,"href":"https:\/\/xenonkungen.com\/es\/wp-json\/wp\/v2\/media\/11336"}],"wp:attachment":[{"href":"https:\/\/xenonkungen.com\/es\/wp-json\/wp\/v2\/media?parent=11846"}],"wp:term":[{"taxonomy":"anvandningsomrade","embeddable":true,"href":"https:\/\/xenonkungen.com\/es\/wp-json\/wp\/v2\/anvandningsomrade?post=11846"},{"taxonomy":"bilmarken","embeddable":true,"href":"https:\/\/xenonkungen.com\/es\/wp-json\/wp\/v2\/bilmarken?post=11846"},{"taxonomy":"product_brand","embeddable":true,"href":"https:\/\/xenonkungen.com\/es\/wp-json\/wp\/v2\/product_brand?post=11846"},{"taxonomy":"product_cat","embeddable":true,"href":"https:\/\/xenonkungen.com\/es\/wp-json\/wp\/v2\/product_cat?post=11846"},{"taxonomy":"product_tag","embeddable":true,"href":"https:\/\/xenonkungen.com\/es\/wp-json\/wp\/v2\/product_tag?post=11846"}],"curies":[{"name":"wp","href":"https:\/\/api.w.org\/{rel}","templated":true}]}}