{"id":11852,"date":"2025-06-23T13:52:40","date_gmt":"2025-06-23T13:52:40","guid":{"rendered":"https:\/\/xenonkungen.com\/produkt\/extraljus-nbb-alpha-225-60w-xenon\/"},"modified":"2026-04-29T15:15:03","modified_gmt":"2026-04-29T14:15:03","slug":"luz-auxiliar-nbb-alpha-225-60w-xenon","status":"publish","type":"product","link":"https:\/\/xenonkungen.com\/es\/producto\/luz-auxiliar-nbb-alpha-225-60w-xenon\/","title":{"rendered":"Luz extra NBB Alpha 225 60W Xenon"},"content":{"rendered":"<p>NBB Alpha 225 Extra ligero con di\u00e1metro <strong>225 mm<\/strong> de modelo muy popular con uno de los mejores patrones de luz en el mercado. Nuevo modelo 2013 con luz de posici\u00f3n LED en el borde superior.<\/p>\n<p>La opci\u00f3n para los que dan prioridad a la mayor y mejor luz posible. En esta versi\u00f3n con efecto <strong>60W xen\u00f3n<\/strong>.<\/p>\n<p><strong>Pregunta:<\/strong> Mucha gente vende esta luz extra. \u00bfPor qu\u00e9 comprarle a usted?<br \/><strong>Contesta:<\/strong> S\u00ed, pero s\u00f3lo nuestra versi\u00f3n tiene el lastre HNS-6. El mejor que hemos tenido y conocemos en el mercado de accesorios y viene con una garant\u00eda de 3 a\u00f1os.<\/p>\n<p>Flujo luminoso 5600 l\u00famenes (4300K).<\/p>\n<p>Cuerpo de la l\u00e1mpara: NBB 225 Alpha LED, bestseller popular que cumple los requisitos de alta calidad. Marcado E en dise\u00f1o hal\u00f3geno original. Montaje vertical.<br \/>- Pl\u00e1stico reforzado con fibra de vidrio<br \/>- Reflector de aluminio de forma libre<br \/>- Lente de cristal transparente en policarbonato<br \/>- Imagen luminosa Remoto<\/p>\n<p><em>Si lo desea, puede montar el balasto en el interior de la linterna (v\u00e9ase la imagen). Sin embargo, nuestra recomendaci\u00f3n es la colocaci\u00f3n externa en el compartimento del motor. Reduce el peso y le queda algo si le roban las luces auxiliares.<\/em><\/p>\n<p><strong>Cualquier temperatura de color (K = Kelvin):<\/strong><br \/>4300K = 5600\u00b1100 lm, blanco est\u00e1ndar<br \/>5000K = 5400\u00b1100 lm, blanco brillante<br \/>6000K = 4700\u00b1100 lm, blanco diamante<br \/>Valores reales por luz de xen\u00f3n seg\u00fan el espectroan\u00e1lisis.<br \/>- Recomendamos 4300K.<\/p>\n<p><strong>Contenido de la entrega:<\/strong><br \/>1\u00aa luz adicional NBB 225 LED<br \/>1\u00aa l\u00e1mpara de xen\u00f3n D2H Potencia<br \/>1er lastre HNS-6 Salida superr\u00e1pida <strong>12\/24V<\/strong><br \/>1 Cable de alimentaci\u00f3n de 30 cm<br \/>Las piezas de repuesto est\u00e1n disponibles en nuestra gama habitual.<\/p>\n<p><strong>Accesorios para NBB225:<\/strong><br \/>- Cable alargador<br \/>- cable de rel\u00e9<br \/>- Protecci\u00f3n del mamparo de piedra<\/p>\n<p><strong>\u00a1Atenci\u00f3n!<\/strong> Los cables de rel\u00e9 para luces auxiliares hal\u00f3genas est\u00e1ndar no son adecuados para el funcionamiento de las luces de xen\u00f3n. La mayor\u00eda de las preguntas de asistencia se refieren a esto. Por lo tanto, compre uno de nuestros cables de rel\u00e9 personalizados. Disponible para 1, 2 \u00f3 3 luces adicionales.<\/p>\n<p>La luz auxiliar no est\u00e1 homologada E en esta versi\u00f3n.<\/p>\n<p>Garant\u00eda 1 a\u00f1o (3 a\u00f1os balasto HNS-6).<\/p>","protected":false},"excerpt":{"rendered":"<p>NBB Alpha 225 Extraljus med diameter 225mm av mycket popul\u00e4r modell med ett av marknadens absolut b\u00e4sta ljusbild. Ny modell 2013 med LED positionsljus p\u00e5 \u00f6verkanten. Alternativet f\u00f6r dig som prioriterar mesta och b\u00e4sta m\u00f6jliga ljus. I detta utf\u00f6rande med effekt 60W xenon. Fr\u00e5ga: M\u00e5nga s\u00e4ljer detta extraljus. Varf\u00f6r k\u00f6pa just av er?Svar: Ja, men [&hellip;]<\/p>","protected":false},"featured_media":11347,"comment_status":"closed","ping_status":"open","template":"","meta":{"_acf_changed":false,"_smort_price_nok":"1810","_smort_price_dkk":"1150","_smort_price_eur":"154.08","_smort_sale_price_nok":"","_smort_sale_price_dkk":"","_smort_sale_price_eur":"","smort_restorder":"","shipmondo_restorder":"","_kad_blocks_custom_css":"","_kad_blocks_head_custom_js":"","_kad_blocks_body_custom_js":"","_kad_blocks_footer_custom_js":"","smort_custom_pricelist_1":"1084.8","smort_custom_pricelist_2":"1084.8","smort_custom_pricelist_3":"1030.56","smort_custom_pricelist_4":"1356","smort_custom_pricelist_5":"1084.8"},"anvandningsomrade":[],"bilmarken":[],"product_brand":[],"product_cat":[2840,2544,142],"product_tag":[],"class_list":{"0":"post-11852","1":"product","2":"type-product","3":"status-publish","4":"has-post-thumbnail","6":"product_cat-extraljus-ovriga-storlekar","7":"product_cat-nbb-xenon-led","8":"product_cat-extraljus","9":"pa_fargtemperatur-2283","10":"pa_fargtemperatur-1486","11":"pa_fargtemperatur-1428","12":"pa_volt-v-12-24","14":"first","15":"outofstock","16":"taxable","17":"shipping-taxable","18":"purchasable","19":"product-type-variable"},"bundled_by":[],"bundle_stock_status":"outofstock","bundle_stock_quantity":-228,"bundle_virtual":false,"bundle_layout":"","bundle_add_to_cart_form_location":"","bundle_editable_in_cart":false,"bundle_sold_individually_context":"","bundle_item_grouping":"","bundle_min_size":"","bundle_max_size":"","bundle_price":[],"bundled_items":[],"bundle_sell_ids":[],"acf":[],"yoast_head":"<!-- This site is optimized with the Yoast SEO plugin v27.0 - https:\/\/yoast.com\/product\/yoast-seo-wordpress\/ -->\n<title>Extraljus NBB Alpha 225 60W Xenon - Xenonkungen<\/title>\n<meta name=\"robots\" content=\"index, follow, max-snippet:-1, max-image-preview:large, max-video-preview:-1\" \/>\n<link rel=\"canonical\" href=\"https:\/\/xenonkungen.com\/es\/producto\/luz-auxiliar-nbb-alpha-225-60w-xenon\/\" \/>\n<meta property=\"og:locale\" content=\"es_ES\" \/>\n<meta property=\"og:type\" content=\"article\" \/>\n<meta property=\"og:title\" content=\"Extraljus NBB Alpha 225 60W Xenon - Xenonkungen\" \/>\n<meta property=\"og:description\" content=\"NBB Alpha 225 Extraljus med diameter 225mm av mycket popul\u00e4r modell med ett av marknadens absolut b\u00e4sta ljusbild. Ny modell 2013 med LED positionsljus p\u00e5 \u00f6verkanten. Alternativet f\u00f6r dig som prioriterar mesta och b\u00e4sta m\u00f6jliga ljus. I detta utf\u00f6rande med effekt 60W xenon. Fr\u00e5ga: M\u00e5nga s\u00e4ljer detta extraljus. Varf\u00f6r k\u00f6pa just av er?Svar: Ja, men [&hellip;]\" \/>\n<meta property=\"og:url\" content=\"https:\/\/xenonkungen.com\/es\/producto\/luz-auxiliar-nbb-alpha-225-60w-xenon\/\" \/>\n<meta property=\"og:site_name\" content=\"Xenonkungen\" \/>\n<meta property=\"article:modified_time\" content=\"2026-04-29T14:15:03+00:00\" \/>\n<meta property=\"og:image\" content=\"https:\/\/xenonkungen.com\/wp-content\/uploads\/2025\/06\/20518143-origpic-a9729f.png\" \/>\n\t<meta property=\"og:image:width\" content=\"1000\" \/>\n\t<meta property=\"og:image:height\" content=\"1000\" \/>\n\t<meta property=\"og:image:type\" content=\"image\/png\" \/>\n<meta name=\"twitter:card\" content=\"summary_large_image\" \/>\n<meta name=\"twitter:label1\" content=\"Tiempo de lectura\" \/>\n\t<meta name=\"twitter:data1\" content=\"1 minuto\" \/>\n<script type=\"application\/ld+json\" class=\"yoast-schema-graph\">{\"@context\":\"https:\/\/schema.org\",\"@graph\":[{\"@type\":\"WebPage\",\"@id\":\"https:\/\/xenonkungen.com\/fi\/tuote\/lisavalo-nbb-alpha-225-60w-xenon\/\",\"url\":\"https:\/\/xenonkungen.com\/fi\/tuote\/lisavalo-nbb-alpha-225-60w-xenon\/\",\"name\":\"Extraljus NBB Alpha 225 60W Xenon - Xenonkungen\",\"isPartOf\":{\"@id\":\"https:\/\/xenonkungen.com\/#website\"},\"primaryImageOfPage\":{\"@id\":\"https:\/\/xenonkungen.com\/fi\/tuote\/lisavalo-nbb-alpha-225-60w-xenon\/#primaryimage\"},\"image\":{\"@id\":\"https:\/\/xenonkungen.com\/fi\/tuote\/lisavalo-nbb-alpha-225-60w-xenon\/#primaryimage\"},\"thumbnailUrl\":\"https:\/\/xenonkungen.com\/wp-content\/uploads\/2025\/06\/20518143-origpic-a9729f.png\",\"datePublished\":\"2025-06-23T13:52:40+00:00\",\"dateModified\":\"2026-04-29T14:15:03+00:00\",\"breadcrumb\":{\"@id\":\"https:\/\/xenonkungen.com\/fi\/tuote\/lisavalo-nbb-alpha-225-60w-xenon\/#breadcrumb\"},\"inLanguage\":\"es\",\"potentialAction\":[{\"@type\":\"ReadAction\",\"target\":[\"https:\/\/xenonkungen.com\/fi\/tuote\/lisavalo-nbb-alpha-225-60w-xenon\/\"]}]},{\"@type\":\"ImageObject\",\"inLanguage\":\"es\",\"@id\":\"https:\/\/xenonkungen.com\/fi\/tuote\/lisavalo-nbb-alpha-225-60w-xenon\/#primaryimage\",\"url\":\"https:\/\/xenonkungen.com\/wp-content\/uploads\/2025\/06\/20518143-origpic-a9729f.png\",\"contentUrl\":\"https:\/\/xenonkungen.com\/wp-content\/uploads\/2025\/06\/20518143-origpic-a9729f.png\",\"width\":1000,\"height\":1000},{\"@type\":\"BreadcrumbList\",\"@id\":\"https:\/\/xenonkungen.com\/fi\/tuote\/lisavalo-nbb-alpha-225-60w-xenon\/#breadcrumb\",\"itemListElement\":[{\"@type\":\"ListItem\",\"position\":1,\"name\":\"Hem\",\"item\":\"https:\/\/xenonkungen.com\/\"},{\"@type\":\"ListItem\",\"position\":2,\"name\":\"Shop\",\"item\":\"https:\/\/xenonkungen.com\/shop\/\"},{\"@type\":\"ListItem\",\"position\":3,\"name\":\"Extraljus NBB Alpha 225 60W Xenon\"}]},{\"@type\":\"WebSite\",\"@id\":\"https:\/\/xenonkungen.com\/#website\",\"url\":\"https:\/\/xenonkungen.com\/\",\"name\":\"Xenonkungen\",\"description\":\"\",\"potentialAction\":[{\"@type\":\"SearchAction\",\"target\":{\"@type\":\"EntryPoint\",\"urlTemplate\":\"https:\/\/xenonkungen.com\/?s={search_term_string}\"},\"query-input\":{\"@type\":\"PropertyValueSpecification\",\"valueRequired\":true,\"valueName\":\"search_term_string\"}}],\"inLanguage\":\"es\"}]}<\/script>\n<!-- \/ Yoast SEO plugin. -->","yoast_head_json":{"title":"Luz auxiliar NBB Alpha 225 60W Xen\u00f3n - Xenonkungen","robots":{"index":"index","follow":"follow","max-snippet":"max-snippet:-1","max-image-preview":"max-image-preview:large","max-video-preview":"max-video-preview:-1"},"canonical":"https:\/\/xenonkungen.com\/es\/producto\/luz-auxiliar-nbb-alpha-225-60w-xenon\/","og_locale":"es_ES","og_type":"article","og_title":"Extraljus NBB Alpha 225 60W Xenon - Xenonkungen","og_description":"NBB Alpha 225 Extraljus med diameter 225mm av mycket popul\u00e4r modell med ett av marknadens absolut b\u00e4sta ljusbild. Ny modell 2013 med LED positionsljus p\u00e5 \u00f6verkanten. Alternativet f\u00f6r dig som prioriterar mesta och b\u00e4sta m\u00f6jliga ljus. I detta utf\u00f6rande med effekt 60W xenon. Fr\u00e5ga: M\u00e5nga s\u00e4ljer detta extraljus. Varf\u00f6r k\u00f6pa just av er?Svar: Ja, men [&hellip;]","og_url":"https:\/\/xenonkungen.com\/es\/producto\/luz-auxiliar-nbb-alpha-225-60w-xenon\/","og_site_name":"Xenonkungen","article_modified_time":"2026-04-29T14:15:03+00:00","og_image":[{"width":1000,"height":1000,"url":"https:\/\/xenonkungen.com\/wp-content\/uploads\/2025\/06\/20518143-origpic-a9729f.png","type":"image\/png"}],"twitter_card":"summary_large_image","twitter_misc":{"Tiempo de lectura":"1 minuto"},"schema":{"@context":"https:\/\/schema.org","@graph":[{"@type":"WebPage","@id":"https:\/\/xenonkungen.com\/fi\/tuote\/lisavalo-nbb-alpha-225-60w-xenon\/","url":"https:\/\/xenonkungen.com\/fi\/tuote\/lisavalo-nbb-alpha-225-60w-xenon\/","name":"Luz auxiliar NBB Alpha 225 60W Xen\u00f3n - Xenonkungen","isPartOf":{"@id":"https:\/\/xenonkungen.com\/#website"},"primaryImageOfPage":{"@id":"https:\/\/xenonkungen.com\/fi\/tuote\/lisavalo-nbb-alpha-225-60w-xenon\/#primaryimage"},"image":{"@id":"https:\/\/xenonkungen.com\/fi\/tuote\/lisavalo-nbb-alpha-225-60w-xenon\/#primaryimage"},"thumbnailUrl":"https:\/\/xenonkungen.com\/wp-content\/uploads\/2025\/06\/20518143-origpic-a9729f.png","datePublished":"2025-06-23T13:52:40+00:00","dateModified":"2026-04-29T14:15:03+00:00","breadcrumb":{"@id":"https:\/\/xenonkungen.com\/fi\/tuote\/lisavalo-nbb-alpha-225-60w-xenon\/#breadcrumb"},"inLanguage":"es","potentialAction":[{"@type":"ReadAction","target":["https:\/\/xenonkungen.com\/fi\/tuote\/lisavalo-nbb-alpha-225-60w-xenon\/"]}]},{"@type":"ImageObject","inLanguage":"es","@id":"https:\/\/xenonkungen.com\/fi\/tuote\/lisavalo-nbb-alpha-225-60w-xenon\/#primaryimage","url":"https:\/\/xenonkungen.com\/wp-content\/uploads\/2025\/06\/20518143-origpic-a9729f.png","contentUrl":"https:\/\/xenonkungen.com\/wp-content\/uploads\/2025\/06\/20518143-origpic-a9729f.png","width":1000,"height":1000},{"@type":"BreadcrumbList","@id":"https:\/\/xenonkungen.com\/fi\/tuote\/lisavalo-nbb-alpha-225-60w-xenon\/#breadcrumb","itemListElement":[{"@type":"ListItem","position":1,"name":"Hem","item":"https:\/\/xenonkungen.com\/"},{"@type":"ListItem","position":2,"name":"Shop","item":"https:\/\/xenonkungen.com\/shop\/"},{"@type":"ListItem","position":3,"name":"Extraljus NBB Alpha 225 60W Xenon"}]},{"@type":"WebSite","@id":"https:\/\/xenonkungen.com\/#website","url":"https:\/\/xenonkungen.com\/","name":"Xenonkungen","description":"","potentialAction":[{"@type":"SearchAction","target":{"@type":"EntryPoint","urlTemplate":"https:\/\/xenonkungen.com\/?s={search_term_string}"},"query-input":{"@type":"PropertyValueSpecification","valueRequired":true,"valueName":"search_term_string"}}],"inLanguage":"es"}]}},"taxonomy_info":{"product_cat":[{"value":2840,"label":"Extraljus \u00d6vriga storlekar"},{"value":2544,"label":"NBB Xenon\/LED"},{"value":142,"label":"Extraljus"}],"pa_fargtemperatur":[{"value":2283,"label":"4300"},{"value":1486,"label":"5000"},{"value":1428,"label":"6000"}],"pa_volt-v":[{"value":348,"label":"12, 24"}]},"featured_image_src_large":["https:\/\/xenonkungen.com\/wp-content\/uploads\/2025\/06\/20518143-origpic-a9729f.png",1000,1000,false],"author_info":[],"comment_info":1,"_links":{"self":[{"href":"https:\/\/xenonkungen.com\/es\/wp-json\/wp\/v2\/product\/11852","targetHints":{"allow":["GET"]}}],"collection":[{"href":"https:\/\/xenonkungen.com\/es\/wp-json\/wp\/v2\/product"}],"about":[{"href":"https:\/\/xenonkungen.com\/es\/wp-json\/wp\/v2\/types\/product"}],"replies":[{"embeddable":true,"href":"https:\/\/xenonkungen.com\/es\/wp-json\/wp\/v2\/comments?post=11852"}],"wp:featuredmedia":[{"embeddable":true,"href":"https:\/\/xenonkungen.com\/es\/wp-json\/wp\/v2\/media\/11347"}],"wp:attachment":[{"href":"https:\/\/xenonkungen.com\/es\/wp-json\/wp\/v2\/media?parent=11852"}],"wp:term":[{"taxonomy":"anvandningsomrade","embeddable":true,"href":"https:\/\/xenonkungen.com\/es\/wp-json\/wp\/v2\/anvandningsomrade?post=11852"},{"taxonomy":"bilmarken","embeddable":true,"href":"https:\/\/xenonkungen.com\/es\/wp-json\/wp\/v2\/bilmarken?post=11852"},{"taxonomy":"product_brand","embeddable":true,"href":"https:\/\/xenonkungen.com\/es\/wp-json\/wp\/v2\/product_brand?post=11852"},{"taxonomy":"product_cat","embeddable":true,"href":"https:\/\/xenonkungen.com\/es\/wp-json\/wp\/v2\/product_cat?post=11852"},{"taxonomy":"product_tag","embeddable":true,"href":"https:\/\/xenonkungen.com\/es\/wp-json\/wp\/v2\/product_tag?post=11852"}],"curies":[{"name":"wp","href":"https:\/\/api.w.org\/{rel}","templated":true}]}}