{"id":1186,"date":"2025-04-15T08:00:23","date_gmt":"2025-04-15T08:00:23","guid":{"rendered":"https:\/\/xenonkungen.com\/product\/fonsterduk-i-mikrofiber-30x40cm-500-gsm\/"},"modified":"2026-03-26T10:54:51","modified_gmt":"2026-03-26T09:54:51","slug":"papel-pintado-de-microfibra-30x40cm-500-g-m%c2%b2","status":"publish","type":"product","link":"https:\/\/xenonkungen.com\/es\/producto\/papel-pintado-de-microfibra-30x40cm-500-g-m%c2%b2\/","title":{"rendered":"Mosquitera de microfibra para ventanas 30x40cm | 500 GSM"},"content":{"rendered":"<h1>Xenon King Mosquitera Microfibra 30x40cm | 500 GSM<\/h1>\n<p>Descubra nuestro exclusivo pa\u00f1o de microfibra para cristales, especialmente dise\u00f1ado para dar a sus ventanas y superficies acristaladas un acabado cristalino. Con un tama\u00f1o de 30\u00d740 cm y un peso de 500 GSM (gramos por metro cuadrado), este pa\u00f1o para ventanas ofrece un rendimiento excepcional tanto para las ventanas del coche como para las superficies acristaladas del hogar.<\/p>\n<h2>Los beneficios de usar el pa\u00f1o de microfibra para ventanas Xenonkungens<\/h2>\n<ul>\n<li><strong>Brillo perfecto sin rayas:<\/strong> Nuestro pa\u00f1o de microfibra est\u00e1 optimizado para limpiar superficies de vidrio sin dejar marcas ni manchas. Su tejido denso y su alto gramaje garantizan un secado uniforme y eficiente, ofreciendo un resultado impecable en todo momento.<\/li>\n<li><strong>Absorci\u00f3n excepcional:<\/strong> Con 500 g\/m\u00b2, este pa\u00f1o absorbe agua y suciedad de forma excepcional. Esto agiliza y optimiza la limpieza, ahorrando tiempo y esfuerzo.<\/li>\n<li><strong>Uso vers\u00e1til:<\/strong> El pa\u00f1o para ventanas Xenon King es perfecto para todo tipo de superficies de vidrio. \u00daselo para limpiar ventanas de autos, espejos, parabrisas, as\u00ed como ventanas de casas y otras superficies de vidrio. Tambi\u00e9n es ideal para limpiar pantallas y dispositivos electr\u00f3nicos sin rayarlos.<\/li>\n<li><strong>Duradero y reutilizable:<\/strong> Hecho de microfibra de alta calidad, este pa\u00f1o est\u00e1 dise\u00f1ado para durar. Se puede lavar a m\u00e1quina y reutilizar muchas veces sin perder su eficacia ni suavidad.<\/li>\n<li><strong>Suave con todas las superficies:<\/strong> La microfibra extremadamente suave es delicada con todo tipo de superficies y garantiza que no se produzcan ara\u00f1azos ni da\u00f1os durante la limpieza, lo que la hace ideal para superficies de vidrio y pantallas sensibles.<\/li>\n<\/ul>\n<p>Con el pa\u00f1o de microfibra para ventanas Xenonkungens, sus superficies de vidrio siempre lucir\u00e1n como nuevas. Cuide sus ventanas y espejos como se merecen con nuestro pa\u00f1o de microfibra premium y experimente la diferencia en la limpieza y los resultados.<\/p>\n<p>\u00a1Descubre hoy nuestro pa\u00f1o de microfibra y dale a tus superficies de vidrio un brillo profesional!<\/p>\n<p><span>Lavable a m\u00e1quina, no usar suavizante.<\/span><\/p>","protected":false},"excerpt":{"rendered":"<p>Xenonkungens F\u00f6nsterduk i Mikrofiber 30x40cm | 500 GSM Uppt\u00e4ck v\u00e5r exklusiva f\u00f6nsterduk i mikrofiber, speciellt designad f\u00f6r att ge dina f\u00f6nster och glasytor en kristallklar finish. Med en storlek p\u00e5 30&#215;40 cm och en vikt p\u00e5 500 GSM (gram per kvadratmeter) erbjuder denna f\u00f6nsterduk en enast\u00e5ende prestanda f\u00f6r b\u00e5de bilens f\u00f6nster och hemmets glasytor. F\u00f6rdelarna [&hellip;]<\/p>","protected":false},"featured_media":1187,"comment_status":"closed","ping_status":"open","template":"","meta":{"_acf_changed":false,"_smort_price_nok":"52","_smort_price_dkk":"33","_smort_price_eur":"4.45","_smort_sale_price_nok":"","_smort_sale_price_dkk":"","_smort_sale_price_eur":"","smort_restorder":"","shipmondo_restorder":"","_kad_blocks_custom_css":"","_kad_blocks_head_custom_js":"","_kad_blocks_body_custom_js":"","_kad_blocks_footer_custom_js":"","smort_custom_pricelist_1":"35.28","smort_custom_pricelist_2":"27.44","smort_custom_pricelist_3":"27.44","smort_custom_pricelist_4":"39.2","smort_custom_pricelist_5":"27.44"},"anvandningsomrade":[],"bilmarken":[],"product_brand":[2793],"product_cat":[2989,2450,378],"product_tag":[],"class_list":{"0":"post-1186","1":"product","2":"type-product","3":"status-publish","4":"has-post-thumbnail","6":"product_brand-ovrigt","7":"product_cat-avfettning","8":"product_cat-tillbehor-bilvard","9":"product_cat-bilvard","11":"first","12":"instock","13":"taxable","14":"shipping-taxable","15":"purchasable","16":"product-type-simple"},"bundled_by":["9676"],"bundle_stock_status":"instock","bundle_stock_quantity":33,"bundle_virtual":false,"bundle_layout":"","bundle_add_to_cart_form_location":"","bundle_editable_in_cart":false,"bundle_sold_individually_context":"","bundle_item_grouping":"","bundle_min_size":"","bundle_max_size":"","bundle_price":[],"bundled_items":[],"bundle_sell_ids":[],"acf":[],"yoast_head":"<!-- This site is optimized with the Yoast SEO plugin v27.0 - https:\/\/yoast.com\/product\/yoast-seo-wordpress\/ -->\n<title>F\u00f6nsterduk i mikrofiber 30x40cm | 500 GSM - Xenonkungen<\/title>\n<meta name=\"robots\" content=\"index, follow, max-snippet:-1, max-image-preview:large, max-video-preview:-1\" \/>\n<link rel=\"canonical\" href=\"https:\/\/xenonkungen.com\/es\/producto\/papel-pintado-de-microfibra-30x40cm-500-g-m\u00b2\/\" \/>\n<meta property=\"og:locale\" content=\"es_ES\" \/>\n<meta property=\"og:type\" content=\"article\" \/>\n<meta property=\"og:title\" content=\"F\u00f6nsterduk i mikrofiber 30x40cm | 500 GSM - Xenonkungen\" \/>\n<meta property=\"og:description\" content=\"Xenonkungens F\u00f6nsterduk i Mikrofiber 30x40cm | 500 GSM Uppt\u00e4ck v\u00e5r exklusiva f\u00f6nsterduk i mikrofiber, speciellt designad f\u00f6r att ge dina f\u00f6nster och glasytor en kristallklar finish. Med en storlek p\u00e5 30&#215;40 cm och en vikt p\u00e5 500 GSM (gram per kvadratmeter) erbjuder denna f\u00f6nsterduk en enast\u00e5ende prestanda f\u00f6r b\u00e5de bilens f\u00f6nster och hemmets glasytor. F\u00f6rdelarna [&hellip;]\" \/>\n<meta property=\"og:url\" content=\"https:\/\/xenonkungen.com\/es\/producto\/papel-pintado-de-microfibra-30x40cm-500-g-m\u00b2\/\" \/>\n<meta property=\"og:site_name\" content=\"Xenonkungen\" \/>\n<meta property=\"article:modified_time\" content=\"2026-03-26T09:54:51+00:00\" \/>\n<meta property=\"og:image\" content=\"https:\/\/xenonkungen.com\/wp-content\/uploads\/2025\/04\/195774131-origpic-65946f.png\" \/>\n\t<meta property=\"og:image:width\" content=\"1000\" \/>\n\t<meta property=\"og:image:height\" content=\"1000\" \/>\n\t<meta property=\"og:image:type\" content=\"image\/png\" \/>\n<meta name=\"twitter:card\" content=\"summary_large_image\" \/>\n<meta name=\"twitter:label1\" content=\"Tiempo de lectura\" \/>\n\t<meta name=\"twitter:data1\" content=\"2 minutos\" \/>\n<script type=\"application\/ld+json\" class=\"yoast-schema-graph\">{\"@context\":\"https:\/\/schema.org\",\"@graph\":[{\"@type\":\"WebPage\",\"@id\":\"https:\/\/xenonkungen.com\/produkt\/fonsterduk-i-mikrofiber-30x40cm-500-gsm\/\",\"url\":\"https:\/\/xenonkungen.com\/produkt\/fonsterduk-i-mikrofiber-30x40cm-500-gsm\/\",\"name\":\"F\u00f6nsterduk i mikrofiber 30x40cm | 500 GSM - Xenonkungen\",\"isPartOf\":{\"@id\":\"https:\/\/xenonkungen.com\/#website\"},\"primaryImageOfPage\":{\"@id\":\"https:\/\/xenonkungen.com\/produkt\/fonsterduk-i-mikrofiber-30x40cm-500-gsm\/#primaryimage\"},\"image\":{\"@id\":\"https:\/\/xenonkungen.com\/produkt\/fonsterduk-i-mikrofiber-30x40cm-500-gsm\/#primaryimage\"},\"thumbnailUrl\":\"https:\/\/xenonkungen.com\/wp-content\/uploads\/2025\/04\/195774131-origpic-65946f.png\",\"datePublished\":\"2025-04-15T08:00:23+00:00\",\"dateModified\":\"2026-03-26T09:54:51+00:00\",\"breadcrumb\":{\"@id\":\"https:\/\/xenonkungen.com\/produkt\/fonsterduk-i-mikrofiber-30x40cm-500-gsm\/#breadcrumb\"},\"inLanguage\":\"es\",\"potentialAction\":[{\"@type\":\"ReadAction\",\"target\":[\"https:\/\/xenonkungen.com\/produkt\/fonsterduk-i-mikrofiber-30x40cm-500-gsm\/\"]}]},{\"@type\":\"ImageObject\",\"inLanguage\":\"es\",\"@id\":\"https:\/\/xenonkungen.com\/produkt\/fonsterduk-i-mikrofiber-30x40cm-500-gsm\/#primaryimage\",\"url\":\"https:\/\/xenonkungen.com\/wp-content\/uploads\/2025\/04\/195774131-origpic-65946f.png\",\"contentUrl\":\"https:\/\/xenonkungen.com\/wp-content\/uploads\/2025\/04\/195774131-origpic-65946f.png\",\"width\":1000,\"height\":1000},{\"@type\":\"BreadcrumbList\",\"@id\":\"https:\/\/xenonkungen.com\/produkt\/fonsterduk-i-mikrofiber-30x40cm-500-gsm\/#breadcrumb\",\"itemListElement\":[{\"@type\":\"ListItem\",\"position\":1,\"name\":\"Hem\",\"item\":\"https:\/\/xenonkungen.com\/\"},{\"@type\":\"ListItem\",\"position\":2,\"name\":\"Shop\",\"item\":\"https:\/\/xenonkungen.com\/shop\/\"},{\"@type\":\"ListItem\",\"position\":3,\"name\":\"F\u00f6nsterduk i mikrofiber 30x40cm | 500 GSM\"}]},{\"@type\":\"WebSite\",\"@id\":\"https:\/\/xenonkungen.com\/#website\",\"url\":\"https:\/\/xenonkungen.com\/\",\"name\":\"Xenonkungen\",\"description\":\"\",\"potentialAction\":[{\"@type\":\"SearchAction\",\"target\":{\"@type\":\"EntryPoint\",\"urlTemplate\":\"https:\/\/xenonkungen.com\/?s={search_term_string}\"},\"query-input\":{\"@type\":\"PropertyValueSpecification\",\"valueRequired\":true,\"valueName\":\"search_term_string\"}}],\"inLanguage\":\"es\"}]}<\/script>\n<!-- \/ Yoast SEO plugin. -->","yoast_head_json":{"title":"Pa\u00f1o de microfibra para ventanas, 30 x 40 cm, 500 g\/m\u00b2 - Xenonkungen","robots":{"index":"index","follow":"follow","max-snippet":"max-snippet:-1","max-image-preview":"max-image-preview:large","max-video-preview":"max-video-preview:-1"},"canonical":"https:\/\/xenonkungen.com\/es\/producto\/papel-pintado-de-microfibra-30x40cm-500-g-m\u00b2\/","og_locale":"es_ES","og_type":"article","og_title":"F\u00f6nsterduk i mikrofiber 30x40cm | 500 GSM - Xenonkungen","og_description":"Xenonkungens F\u00f6nsterduk i Mikrofiber 30x40cm | 500 GSM Uppt\u00e4ck v\u00e5r exklusiva f\u00f6nsterduk i mikrofiber, speciellt designad f\u00f6r att ge dina f\u00f6nster och glasytor en kristallklar finish. Med en storlek p\u00e5 30&#215;40 cm och en vikt p\u00e5 500 GSM (gram per kvadratmeter) erbjuder denna f\u00f6nsterduk en enast\u00e5ende prestanda f\u00f6r b\u00e5de bilens f\u00f6nster och hemmets glasytor. F\u00f6rdelarna [&hellip;]","og_url":"https:\/\/xenonkungen.com\/es\/producto\/papel-pintado-de-microfibra-30x40cm-500-g-m\u00b2\/","og_site_name":"Xenonkungen","article_modified_time":"2026-03-26T09:54:51+00:00","og_image":[{"width":1000,"height":1000,"url":"https:\/\/xenonkungen.com\/wp-content\/uploads\/2025\/04\/195774131-origpic-65946f.png","type":"image\/png"}],"twitter_card":"summary_large_image","twitter_misc":{"Tiempo de lectura":"2 minutos"},"schema":{"@context":"https:\/\/schema.org","@graph":[{"@type":"WebPage","@id":"https:\/\/xenonkungen.com\/produkt\/fonsterduk-i-mikrofiber-30x40cm-500-gsm\/","url":"https:\/\/xenonkungen.com\/produkt\/fonsterduk-i-mikrofiber-30x40cm-500-gsm\/","name":"Pa\u00f1o de microfibra para ventanas, 30 x 40 cm, 500 g\/m\u00b2 - Xenonkungen","isPartOf":{"@id":"https:\/\/xenonkungen.com\/#website"},"primaryImageOfPage":{"@id":"https:\/\/xenonkungen.com\/produkt\/fonsterduk-i-mikrofiber-30x40cm-500-gsm\/#primaryimage"},"image":{"@id":"https:\/\/xenonkungen.com\/produkt\/fonsterduk-i-mikrofiber-30x40cm-500-gsm\/#primaryimage"},"thumbnailUrl":"https:\/\/xenonkungen.com\/wp-content\/uploads\/2025\/04\/195774131-origpic-65946f.png","datePublished":"2025-04-15T08:00:23+00:00","dateModified":"2026-03-26T09:54:51+00:00","breadcrumb":{"@id":"https:\/\/xenonkungen.com\/produkt\/fonsterduk-i-mikrofiber-30x40cm-500-gsm\/#breadcrumb"},"inLanguage":"es","potentialAction":[{"@type":"ReadAction","target":["https:\/\/xenonkungen.com\/produkt\/fonsterduk-i-mikrofiber-30x40cm-500-gsm\/"]}]},{"@type":"ImageObject","inLanguage":"es","@id":"https:\/\/xenonkungen.com\/produkt\/fonsterduk-i-mikrofiber-30x40cm-500-gsm\/#primaryimage","url":"https:\/\/xenonkungen.com\/wp-content\/uploads\/2025\/04\/195774131-origpic-65946f.png","contentUrl":"https:\/\/xenonkungen.com\/wp-content\/uploads\/2025\/04\/195774131-origpic-65946f.png","width":1000,"height":1000},{"@type":"BreadcrumbList","@id":"https:\/\/xenonkungen.com\/produkt\/fonsterduk-i-mikrofiber-30x40cm-500-gsm\/#breadcrumb","itemListElement":[{"@type":"ListItem","position":1,"name":"Hem","item":"https:\/\/xenonkungen.com\/"},{"@type":"ListItem","position":2,"name":"Shop","item":"https:\/\/xenonkungen.com\/shop\/"},{"@type":"ListItem","position":3,"name":"F\u00f6nsterduk i mikrofiber 30x40cm | 500 GSM"}]},{"@type":"WebSite","@id":"https:\/\/xenonkungen.com\/#website","url":"https:\/\/xenonkungen.com\/","name":"Xenonkungen","description":"","potentialAction":[{"@type":"SearchAction","target":{"@type":"EntryPoint","urlTemplate":"https:\/\/xenonkungen.com\/?s={search_term_string}"},"query-input":{"@type":"PropertyValueSpecification","valueRequired":true,"valueName":"search_term_string"}}],"inLanguage":"es"}]}},"taxonomy_info":{"product_brand":[{"value":2793,"label":"\u00d6VRIGT"}],"product_cat":[{"value":2989,"label":"2 | Avfettning"},{"value":2450,"label":"Tillbeh\u00f6r"},{"value":378,"label":"Bilv\u00e5rd"}]},"featured_image_src_large":["https:\/\/xenonkungen.com\/wp-content\/uploads\/2025\/04\/195774131-origpic-65946f.png",1000,1000,false],"author_info":[],"comment_info":0,"_links":{"self":[{"href":"https:\/\/xenonkungen.com\/es\/wp-json\/wp\/v2\/product\/1186","targetHints":{"allow":["GET"]}}],"collection":[{"href":"https:\/\/xenonkungen.com\/es\/wp-json\/wp\/v2\/product"}],"about":[{"href":"https:\/\/xenonkungen.com\/es\/wp-json\/wp\/v2\/types\/product"}],"replies":[{"embeddable":true,"href":"https:\/\/xenonkungen.com\/es\/wp-json\/wp\/v2\/comments?post=1186"}],"wp:featuredmedia":[{"embeddable":true,"href":"https:\/\/xenonkungen.com\/es\/wp-json\/wp\/v2\/media\/1187"}],"wp:attachment":[{"href":"https:\/\/xenonkungen.com\/es\/wp-json\/wp\/v2\/media?parent=1186"}],"wp:term":[{"taxonomy":"anvandningsomrade","embeddable":true,"href":"https:\/\/xenonkungen.com\/es\/wp-json\/wp\/v2\/anvandningsomrade?post=1186"},{"taxonomy":"bilmarken","embeddable":true,"href":"https:\/\/xenonkungen.com\/es\/wp-json\/wp\/v2\/bilmarken?post=1186"},{"taxonomy":"product_brand","embeddable":true,"href":"https:\/\/xenonkungen.com\/es\/wp-json\/wp\/v2\/product_brand?post=1186"},{"taxonomy":"product_cat","embeddable":true,"href":"https:\/\/xenonkungen.com\/es\/wp-json\/wp\/v2\/product_cat?post=1186"},{"taxonomy":"product_tag","embeddable":true,"href":"https:\/\/xenonkungen.com\/es\/wp-json\/wp\/v2\/product_tag?post=1186"}],"curies":[{"name":"wp","href":"https:\/\/api.w.org\/{rel}","templated":true}]}}