{"id":1198,"date":"2025-04-15T08:00:23","date_gmt":"2025-04-15T08:00:23","guid":{"rendered":"https:\/\/xenonkungen.com\/product\/torkduk-40x40cm-1200-gsm\/"},"modified":"2026-04-18T05:54:04","modified_gmt":"2026-04-18T04:54:04","slug":"pano-de-secado-40x40cm-1200-g-m%c2%b2","status":"publish","type":"product","link":"https:\/\/xenonkungen.com\/es\/producto\/pano-de-secado-40x40cm-1200-g-m%c2%b2\/","title":{"rendered":"Pa\u00f1o de secado 40x40cm | 1200 GSM"},"content":{"rendered":"<h1>Toalla Xenon King&#039;s de 40x40 cm | 1200 g\/m\u00b2<\/h1>\n<p>Descubre el lujoso pa\u00f1o de microfibra de Xenon King, dise\u00f1ado para darle a tu coche un acabado impecable. Con un tama\u00f1o de 40\u00d740 cm y un gramaje de 1200 g\/m\u00b2, este pa\u00f1o ofrece una absorci\u00f3n y durabilidad superiores.<\/p>\n<h2>Beneficios de usar el pa\u00f1o de secado de microfibra de Xenon King<\/h2>\n<ul>\n<li><strong>Capacidad m\u00e1xima de absorci\u00f3n:<\/strong> Gracias a su elevado gramaje de 1200 g\/m\u00b2, este pa\u00f1o de microfibra absorbe grandes cantidades de agua y suciedad, lo que lo hace ideal para secar el coche de forma r\u00e1pida y eficaz despu\u00e9s del lavado. Esto reduce el tiempo de secado y proporciona un acabado brillante sin esfuerzo.<\/li>\n<li><strong>Tama\u00f1o extra grande:<\/strong> Su generoso tama\u00f1o de 40\u00d740 cm permite cubrir mayores superficies con cada pasada, ahorrando tiempo y haciendo la limpieza m\u00e1s eficiente. Perfecta para limpiar toda la superficie del coche, incluyendo el techo y los paneles m\u00e1s grandes.<\/li>\n<li><strong>Uso vers\u00e1til:<\/strong> El pa\u00f1o limpiador Xenon King es perfecto tanto para uso exterior como interior. \u00daselo para limpiar la pintura, las ventanas, los espejos e incluso el salpicadero y otras superficies interiores sin dejar ara\u00f1azos ni pelusas.<\/li>\n<li><strong>Durabilidad excepcional:<\/strong> Fabricado con microfibra de alta calidad, este pa\u00f1o est\u00e1 dise\u00f1ado para durar. Es lavable a m\u00e1quina y reutilizable, lo que lo convierte en una soluci\u00f3n econ\u00f3mica y ecol\u00f3gica para el lavado de su coche.<\/li>\n<li><strong>Suave con todas las superficies:<\/strong> La microfibra, extremadamente suave, es delicada con todo tipo de superficies y garantiza que no se produzcan ara\u00f1azos ni da\u00f1os durante la limpieza. Esto la hace ideal para superficies delicadas como pintura y vidrio, as\u00ed como para aparatos electr\u00f3nicos y pantallas.<\/li>\n<\/ul>\n<p>Con el pa\u00f1o de microfibra de Xenonkungen, su coche siempre lucir\u00e1 como nuevo. Cuide su coche al m\u00e1ximo con nuestro pa\u00f1o de alta calidad y note la diferencia en limpieza y resultados.<\/p>\n<p>\u00a1Descubre hoy mismo nuestro lujoso pa\u00f1o de microfibra y dale a tu coche el cuidado profesional que se merece!<\/p>\n<p><span>Lavable a m\u00e1quina, no usar suavizante.<\/span><\/p>","protected":false},"excerpt":{"rendered":"<p>Xenonkungens Torkduk 40x40cm | 1200 GSM Uppt\u00e4ck Xenonkungens lyxiga torkduk i mikrofiber, designad f\u00f6r att ge din bil en perfekt och fl\u00e4ckfri finish. Med en imponerande storlek p\u00e5 40&#215;40 cm och en vikt p\u00e5 hela 1200 GSM (gram per kvadratmeter) erbjuder denna torkduk \u00f6verl\u00e4gsen absorptionsf\u00f6rm\u00e5ga och h\u00e5llbarhet. F\u00f6rdelarna med att anv\u00e4nda Xenonkungens Torkduk i Mikrofiber [&hellip;]<\/p>","protected":false},"featured_media":1199,"comment_status":"closed","ping_status":"open","template":"","meta":{"_acf_changed":false,"_smort_price_nok":"148","_smort_price_dkk":"94","_smort_price_eur":"12.64","_smort_sale_price_nok":"","_smort_sale_price_dkk":"","_smort_sale_price_eur":"","smort_restorder":"","shipmondo_restorder":"","_kad_blocks_custom_css":"","_kad_blocks_head_custom_js":"","_kad_blocks_body_custom_js":"","_kad_blocks_footer_custom_js":"","smort_custom_pricelist_1":"76.16","smort_custom_pricelist_2":"60","smort_custom_pricelist_3":"57","smort_custom_pricelist_4":"95.2","smort_custom_pricelist_5":"60"},"anvandningsomrade":[],"bilmarken":[],"product_brand":[2793],"product_cat":[2989,2450,378],"product_tag":[],"class_list":{"0":"post-1198","1":"product","2":"type-product","3":"status-publish","4":"has-post-thumbnail","6":"product_brand-ovrigt","7":"product_cat-avfettning","8":"product_cat-tillbehor-bilvard","9":"product_cat-bilvard","11":"first","12":"instock","13":"taxable","14":"shipping-taxable","15":"purchasable","16":"product-type-simple"},"bundled_by":[],"bundle_stock_status":"instock","bundle_stock_quantity":29,"bundle_virtual":false,"bundle_layout":"","bundle_add_to_cart_form_location":"","bundle_editable_in_cart":false,"bundle_sold_individually_context":"","bundle_item_grouping":"","bundle_min_size":"","bundle_max_size":"","bundle_price":[],"bundled_items":[],"bundle_sell_ids":[],"acf":[],"yoast_head":"<!-- This site is optimized with the Yoast SEO plugin v27.0 - https:\/\/yoast.com\/product\/yoast-seo-wordpress\/ -->\n<title>Torkduk 40x40cm | 1200 GSM - Xenonkungen<\/title>\n<meta name=\"robots\" content=\"index, follow, max-snippet:-1, max-image-preview:large, max-video-preview:-1\" \/>\n<link rel=\"canonical\" href=\"https:\/\/xenonkungen.com\/es\/producto\/pano-de-secado-40x40cm-1200-g-m\u00b2\/\" \/>\n<meta property=\"og:locale\" content=\"es_ES\" \/>\n<meta property=\"og:type\" content=\"article\" \/>\n<meta property=\"og:title\" content=\"Torkduk 40x40cm | 1200 GSM - Xenonkungen\" \/>\n<meta property=\"og:description\" content=\"Xenonkungens Torkduk 40x40cm | 1200 GSM Uppt\u00e4ck Xenonkungens lyxiga torkduk i mikrofiber, designad f\u00f6r att ge din bil en perfekt och fl\u00e4ckfri finish. Med en imponerande storlek p\u00e5 40&#215;40 cm och en vikt p\u00e5 hela 1200 GSM (gram per kvadratmeter) erbjuder denna torkduk \u00f6verl\u00e4gsen absorptionsf\u00f6rm\u00e5ga och h\u00e5llbarhet. F\u00f6rdelarna med att anv\u00e4nda Xenonkungens Torkduk i Mikrofiber [&hellip;]\" \/>\n<meta property=\"og:url\" content=\"https:\/\/xenonkungen.com\/es\/producto\/pano-de-secado-40x40cm-1200-g-m\u00b2\/\" \/>\n<meta property=\"og:site_name\" content=\"Xenonkungen\" \/>\n<meta property=\"article:modified_time\" content=\"2026-04-18T04:54:04+00:00\" \/>\n<meta property=\"og:image\" content=\"https:\/\/xenonkungen.com\/wp-content\/uploads\/2025\/04\/195774147-origpic-ec892b.png\" \/>\n\t<meta property=\"og:image:width\" content=\"1000\" \/>\n\t<meta property=\"og:image:height\" content=\"1000\" \/>\n\t<meta property=\"og:image:type\" content=\"image\/png\" \/>\n<meta name=\"twitter:card\" content=\"summary_large_image\" \/>\n<meta name=\"twitter:label1\" content=\"Tiempo de lectura\" \/>\n\t<meta name=\"twitter:data1\" content=\"2 minutos\" \/>\n<script type=\"application\/ld+json\" class=\"yoast-schema-graph\">{\"@context\":\"https:\/\/schema.org\",\"@graph\":[{\"@type\":\"WebPage\",\"@id\":\"https:\/\/xenonkungen.com\/produkt\/torkduk-40x40cm-1200-gsm\/\",\"url\":\"https:\/\/xenonkungen.com\/produkt\/torkduk-40x40cm-1200-gsm\/\",\"name\":\"Torkduk 40x40cm | 1200 GSM - Xenonkungen\",\"isPartOf\":{\"@id\":\"https:\/\/xenonkungen.com\/#website\"},\"primaryImageOfPage\":{\"@id\":\"https:\/\/xenonkungen.com\/produkt\/torkduk-40x40cm-1200-gsm\/#primaryimage\"},\"image\":{\"@id\":\"https:\/\/xenonkungen.com\/produkt\/torkduk-40x40cm-1200-gsm\/#primaryimage\"},\"thumbnailUrl\":\"https:\/\/xenonkungen.com\/wp-content\/uploads\/2025\/04\/195774147-origpic-ec892b.png\",\"datePublished\":\"2025-04-15T08:00:23+00:00\",\"dateModified\":\"2026-04-18T04:54:04+00:00\",\"breadcrumb\":{\"@id\":\"https:\/\/xenonkungen.com\/produkt\/torkduk-40x40cm-1200-gsm\/#breadcrumb\"},\"inLanguage\":\"es\",\"potentialAction\":[{\"@type\":\"ReadAction\",\"target\":[\"https:\/\/xenonkungen.com\/produkt\/torkduk-40x40cm-1200-gsm\/\"]}]},{\"@type\":\"ImageObject\",\"inLanguage\":\"es\",\"@id\":\"https:\/\/xenonkungen.com\/produkt\/torkduk-40x40cm-1200-gsm\/#primaryimage\",\"url\":\"https:\/\/xenonkungen.com\/wp-content\/uploads\/2025\/04\/195774147-origpic-ec892b.png\",\"contentUrl\":\"https:\/\/xenonkungen.com\/wp-content\/uploads\/2025\/04\/195774147-origpic-ec892b.png\",\"width\":1000,\"height\":1000},{\"@type\":\"BreadcrumbList\",\"@id\":\"https:\/\/xenonkungen.com\/produkt\/torkduk-40x40cm-1200-gsm\/#breadcrumb\",\"itemListElement\":[{\"@type\":\"ListItem\",\"position\":1,\"name\":\"Hem\",\"item\":\"https:\/\/xenonkungen.com\/\"},{\"@type\":\"ListItem\",\"position\":2,\"name\":\"Shop\",\"item\":\"https:\/\/xenonkungen.com\/shop\/\"},{\"@type\":\"ListItem\",\"position\":3,\"name\":\"Torkduk 40x40cm | 1200 GSM\"}]},{\"@type\":\"WebSite\",\"@id\":\"https:\/\/xenonkungen.com\/#website\",\"url\":\"https:\/\/xenonkungen.com\/\",\"name\":\"Xenonkungen\",\"description\":\"\",\"potentialAction\":[{\"@type\":\"SearchAction\",\"target\":{\"@type\":\"EntryPoint\",\"urlTemplate\":\"https:\/\/xenonkungen.com\/?s={search_term_string}\"},\"query-input\":{\"@type\":\"PropertyValueSpecification\",\"valueRequired\":true,\"valueName\":\"search_term_string\"}}],\"inLanguage\":\"es\"}]}<\/script>\n<!-- \/ Yoast SEO plugin. -->","yoast_head_json":{"title":"Toalla 40x40cm | 1200 g\/m\u00b2 - El Rey Xen\u00f3n","robots":{"index":"index","follow":"follow","max-snippet":"max-snippet:-1","max-image-preview":"max-image-preview:large","max-video-preview":"max-video-preview:-1"},"canonical":"https:\/\/xenonkungen.com\/es\/producto\/pano-de-secado-40x40cm-1200-g-m\u00b2\/","og_locale":"es_ES","og_type":"article","og_title":"Torkduk 40x40cm | 1200 GSM - Xenonkungen","og_description":"Xenonkungens Torkduk 40x40cm | 1200 GSM Uppt\u00e4ck Xenonkungens lyxiga torkduk i mikrofiber, designad f\u00f6r att ge din bil en perfekt och fl\u00e4ckfri finish. Med en imponerande storlek p\u00e5 40&#215;40 cm och en vikt p\u00e5 hela 1200 GSM (gram per kvadratmeter) erbjuder denna torkduk \u00f6verl\u00e4gsen absorptionsf\u00f6rm\u00e5ga och h\u00e5llbarhet. F\u00f6rdelarna med att anv\u00e4nda Xenonkungens Torkduk i Mikrofiber [&hellip;]","og_url":"https:\/\/xenonkungen.com\/es\/producto\/pano-de-secado-40x40cm-1200-g-m\u00b2\/","og_site_name":"Xenonkungen","article_modified_time":"2026-04-18T04:54:04+00:00","og_image":[{"width":1000,"height":1000,"url":"https:\/\/xenonkungen.com\/wp-content\/uploads\/2025\/04\/195774147-origpic-ec892b.png","type":"image\/png"}],"twitter_card":"summary_large_image","twitter_misc":{"Tiempo de lectura":"2 minutos"},"schema":{"@context":"https:\/\/schema.org","@graph":[{"@type":"WebPage","@id":"https:\/\/xenonkungen.com\/produkt\/torkduk-40x40cm-1200-gsm\/","url":"https:\/\/xenonkungen.com\/produkt\/torkduk-40x40cm-1200-gsm\/","name":"Toalla 40x40cm | 1200 g\/m\u00b2 - El Rey Xen\u00f3n","isPartOf":{"@id":"https:\/\/xenonkungen.com\/#website"},"primaryImageOfPage":{"@id":"https:\/\/xenonkungen.com\/produkt\/torkduk-40x40cm-1200-gsm\/#primaryimage"},"image":{"@id":"https:\/\/xenonkungen.com\/produkt\/torkduk-40x40cm-1200-gsm\/#primaryimage"},"thumbnailUrl":"https:\/\/xenonkungen.com\/wp-content\/uploads\/2025\/04\/195774147-origpic-ec892b.png","datePublished":"2025-04-15T08:00:23+00:00","dateModified":"2026-04-18T04:54:04+00:00","breadcrumb":{"@id":"https:\/\/xenonkungen.com\/produkt\/torkduk-40x40cm-1200-gsm\/#breadcrumb"},"inLanguage":"es","potentialAction":[{"@type":"ReadAction","target":["https:\/\/xenonkungen.com\/produkt\/torkduk-40x40cm-1200-gsm\/"]}]},{"@type":"ImageObject","inLanguage":"es","@id":"https:\/\/xenonkungen.com\/produkt\/torkduk-40x40cm-1200-gsm\/#primaryimage","url":"https:\/\/xenonkungen.com\/wp-content\/uploads\/2025\/04\/195774147-origpic-ec892b.png","contentUrl":"https:\/\/xenonkungen.com\/wp-content\/uploads\/2025\/04\/195774147-origpic-ec892b.png","width":1000,"height":1000},{"@type":"BreadcrumbList","@id":"https:\/\/xenonkungen.com\/produkt\/torkduk-40x40cm-1200-gsm\/#breadcrumb","itemListElement":[{"@type":"ListItem","position":1,"name":"Hem","item":"https:\/\/xenonkungen.com\/"},{"@type":"ListItem","position":2,"name":"Shop","item":"https:\/\/xenonkungen.com\/shop\/"},{"@type":"ListItem","position":3,"name":"Torkduk 40x40cm | 1200 GSM"}]},{"@type":"WebSite","@id":"https:\/\/xenonkungen.com\/#website","url":"https:\/\/xenonkungen.com\/","name":"Xenonkungen","description":"","potentialAction":[{"@type":"SearchAction","target":{"@type":"EntryPoint","urlTemplate":"https:\/\/xenonkungen.com\/?s={search_term_string}"},"query-input":{"@type":"PropertyValueSpecification","valueRequired":true,"valueName":"search_term_string"}}],"inLanguage":"es"}]}},"taxonomy_info":{"product_brand":[{"value":2793,"label":"\u00d6VRIGT"}],"product_cat":[{"value":2989,"label":"2 | Avfettning"},{"value":2450,"label":"Tillbeh\u00f6r"},{"value":378,"label":"Bilv\u00e5rd"}]},"featured_image_src_large":["https:\/\/xenonkungen.com\/wp-content\/uploads\/2025\/04\/195774147-origpic-ec892b.png",1000,1000,false],"author_info":[],"comment_info":0,"_links":{"self":[{"href":"https:\/\/xenonkungen.com\/es\/wp-json\/wp\/v2\/product\/1198","targetHints":{"allow":["GET"]}}],"collection":[{"href":"https:\/\/xenonkungen.com\/es\/wp-json\/wp\/v2\/product"}],"about":[{"href":"https:\/\/xenonkungen.com\/es\/wp-json\/wp\/v2\/types\/product"}],"replies":[{"embeddable":true,"href":"https:\/\/xenonkungen.com\/es\/wp-json\/wp\/v2\/comments?post=1198"}],"wp:featuredmedia":[{"embeddable":true,"href":"https:\/\/xenonkungen.com\/es\/wp-json\/wp\/v2\/media\/1199"}],"wp:attachment":[{"href":"https:\/\/xenonkungen.com\/es\/wp-json\/wp\/v2\/media?parent=1198"}],"wp:term":[{"taxonomy":"anvandningsomrade","embeddable":true,"href":"https:\/\/xenonkungen.com\/es\/wp-json\/wp\/v2\/anvandningsomrade?post=1198"},{"taxonomy":"bilmarken","embeddable":true,"href":"https:\/\/xenonkungen.com\/es\/wp-json\/wp\/v2\/bilmarken?post=1198"},{"taxonomy":"product_brand","embeddable":true,"href":"https:\/\/xenonkungen.com\/es\/wp-json\/wp\/v2\/product_brand?post=1198"},{"taxonomy":"product_cat","embeddable":true,"href":"https:\/\/xenonkungen.com\/es\/wp-json\/wp\/v2\/product_cat?post=1198"},{"taxonomy":"product_tag","embeddable":true,"href":"https:\/\/xenonkungen.com\/es\/wp-json\/wp\/v2\/product_tag?post=1198"}],"curies":[{"name":"wp","href":"https:\/\/api.w.org\/{rel}","templated":true}]}}