{"id":12003,"date":"2025-08-25T13:40:11","date_gmt":"2025-08-25T13:40:11","guid":{"rendered":"https:\/\/xenonkungen.com\/?post_type=product&#038;p=12003"},"modified":"2026-04-11T01:28:50","modified_gmt":"2026-04-11T00:28:50","slug":"osram-night-breaker-led-inteligente-hb4","status":"publish","type":"product","link":"https:\/\/xenonkungen.com\/es\/producto\/osram-night-breaker-led-inteligente-hb4\/","title":{"rendered":"OSRAM NIGHT BREAKER LED SMART | HB4"},"content":{"rendered":"<section>\n<h2>OSRAM NIGHT BREAKER LED SMART \u2013 Faros antiniebla LED homologados para circular por la calle con m\u00e1ximo rendimiento<\/h2>\n<p>Da el siguiente paso en iluminaci\u00f3n automotriz con <strong>Luz antiniebla OSRAM NIGHT BREAKER LED SMART<\/strong> \u2013 una revolucionaria actualizaci\u00f3n LED que combina <strong>brillo excepcional<\/strong>, <strong>dise\u00f1o compacto<\/strong> y <strong>durabilidad excepcional<\/strong>\u00bfY lo mejor de todo? Son <strong>legalmente aprobado para su uso en carretera<\/strong><sup>1<\/sup>.<\/p>\n<h4>Ventajas inteligentes de NIGHT BREAKER LED SMART<\/h4>\n<ul>\n<li>Aprobado para su uso en v\u00edas p\u00fablicas seg\u00fan la normativa ECE<sup>1<\/sup><\/li>\n<li>F\u00e1cil actualizaci\u00f3n desde las l\u00e1mparas hal\u00f3genas tradicionales<\/li>\n<li>Combinaci\u00f3n perfecta con otras l\u00e1mparas OSRAM LED o HID<\/li>\n<li>Luz blanca fr\u00eda de hasta 6000 Kelvin para un aspecto moderno<\/li>\n<li>Patr\u00f3n de luz m\u00e1s amplio y brillante para una mejor visibilidad en condiciones clim\u00e1ticas adversas.<\/li>\n<li>Consumo energ\u00e9tico hasta un 80% menor en comparaci\u00f3n con las l\u00e1mparas hal\u00f3genas.<\/li>\n<li>Vida \u00fatil hasta 6 veces mayor gracias a la tecnolog\u00eda LED resistente a las vibraciones.<\/li>\n<li>Certificaci\u00f3n IP54: protecci\u00f3n contra agua, polvo y condiciones clim\u00e1ticas adversas<\/li>\n<\/ul>\n<p>Los faros antiniebla LED inteligentes NIGHT BREAKER son la opci\u00f3n ideal para quienes desean un sistema LED completo y homologado para su coche. Tanto si ampl\u00edas tu sistema OSRAM actual como si realizas una conversi\u00f3n LED completa, estos faros ofrecen... <strong>Calidad y fiabilidad l\u00edderes en el mercado<\/strong>.<\/p>\n<p>Todas las l\u00e1mparas de repuesto LED NIGHT BREAKER tambi\u00e9n est\u00e1n cubiertas por la garant\u00eda de OSRAM. <strong>garant\u00eda exclusiva<\/strong><sup>3<\/sup> \u2013 por su seguridad y rendimiento a largo plazo.<\/p>\n<p><strong>Experimenta hoy mismo los faros antiniebla del futuro con OSRAM NIGHT BREAKER LED SMART. M\u00e1ximo impacto. M\u00ednimo consumo energ\u00e9tico. Homologados para circular por la v\u00eda p\u00fablica.<\/strong><\/p>\n<h2><a href=\"https:\/\/look.ams-osram.com\/m\/279bdebe1f871386\/original\/led-night-breaker-h7-vehicle-list-en.pdf\" target=\"_blank\" rel=\"noopener\">Ver modelos de coche compatibles aqu\u00ed<\/a><\/h2>\n<\/section>","protected":false},"excerpt":{"rendered":"<p>OSRAM NIGHT BREAKER LED SMART \u2013 Gatulagliga LED-dimljus med maximal prestanda Ta n\u00e4sta steg i fordonsbelysning med OSRAM NIGHT BREAKER LED SMART dimljus \u2013 en revolutionerande LED-uppgradering som kombinerar exceptionell ljusstyrka, kompakt design och enast\u00e5ende h\u00e5llbarhet. Och det b\u00e4sta? De \u00e4r lagligt godk\u00e4nda f\u00f6r v\u00e4ganv\u00e4ndning1. Smarta f\u00f6rdelar med NIGHT BREAKER LED SMART Godk\u00e4nda att anv\u00e4ndas [&hellip;]<\/p>","protected":false},"featured_media":12004,"comment_status":"open","ping_status":"closed","template":"","meta":{"_acf_changed":false,"_smort_price_nok":"1917","_smort_price_dkk":"1218","_smort_price_eur":"163.17","_smort_sale_price_nok":"","_smort_sale_price_dkk":"","_smort_sale_price_eur":"","smort_restorder":"","shipmondo_restorder":"","_kad_blocks_custom_css":"","_kad_blocks_head_custom_js":"","_kad_blocks_body_custom_js":"","_kad_blocks_footer_custom_js":"","smort_custom_pricelist_1":"1148.8","smort_custom_pricelist_2":"1005.2","smort_custom_pricelist_3":"933.4","smort_custom_pricelist_4":"1436","smort_custom_pricelist_5":"1005.2"},"anvandningsomrade":[],"bilmarken":[],"product_brand":[108],"product_cat":[2451,2633,733],"product_tag":[],"class_list":{"0":"post-12003","1":"product","2":"type-product","3":"status-publish","4":"has-post-thumbnail","6":"product_brand-osram","7":"product_cat-led-konvertering","8":"product_cat-osram-ledriving-halvljus-helljus","9":"product_cat-halvljus-helljus","10":"pa_fargtemperatur-6000k","11":"pa_fuktskydd-varde-ipxx-ip54","12":"pa_lampsockel-kontakt-9006-hb4","13":"pa_volt-v-159","15":"first","16":"instock","17":"taxable","18":"shipping-taxable","19":"purchasable","20":"product-type-simple"},"bundled_by":[],"bundle_stock_status":"instock","bundle_stock_quantity":5,"bundle_virtual":false,"bundle_layout":"","bundle_add_to_cart_form_location":"","bundle_editable_in_cart":false,"bundle_sold_individually_context":"","bundle_item_grouping":"","bundle_min_size":"","bundle_max_size":"","bundle_price":[],"bundled_items":[],"bundle_sell_ids":[],"acf":[],"yoast_head":"<!-- This site is optimized with the Yoast SEO plugin v27.0 - https:\/\/yoast.com\/product\/yoast-seo-wordpress\/ -->\n<title>OSRAM NIGHT BREAKER LED SMART | HB4 - Xenonkungen<\/title>\n<meta name=\"robots\" content=\"index, follow, max-snippet:-1, max-image-preview:large, max-video-preview:-1\" \/>\n<link rel=\"canonical\" href=\"https:\/\/xenonkungen.com\/es\/producto\/osram-night-breaker-led-inteligente-hb4\/\" \/>\n<meta property=\"og:locale\" content=\"es_ES\" \/>\n<meta property=\"og:type\" content=\"article\" \/>\n<meta property=\"og:title\" content=\"OSRAM NIGHT BREAKER LED SMART | HB4 - Xenonkungen\" \/>\n<meta property=\"og:description\" content=\"OSRAM NIGHT BREAKER LED SMART \u2013 Gatulagliga LED-dimljus med maximal prestanda Ta n\u00e4sta steg i fordonsbelysning med OSRAM NIGHT BREAKER LED SMART dimljus \u2013 en revolutionerande LED-uppgradering som kombinerar exceptionell ljusstyrka, kompakt design och enast\u00e5ende h\u00e5llbarhet. Och det b\u00e4sta? De \u00e4r lagligt godk\u00e4nda f\u00f6r v\u00e4ganv\u00e4ndning1. Smarta f\u00f6rdelar med NIGHT BREAKER LED SMART Godk\u00e4nda att anv\u00e4ndas [&hellip;]\" \/>\n<meta property=\"og:url\" content=\"https:\/\/xenonkungen.com\/es\/producto\/osram-night-breaker-led-inteligente-hb4\/\" \/>\n<meta property=\"og:site_name\" content=\"Xenonkungen\" \/>\n<meta property=\"article:modified_time\" content=\"2026-04-11T00:28:50+00:00\" \/>\n<meta property=\"og:image\" content=\"https:\/\/xenonkungen.com\/wp-content\/uploads\/2025\/06\/Small-for-web-and-ppt-G15131111_LED_FC2_9006DWNBSM-2HB_MiCh_OSRAM_03_Composing.jpg\" \/>\n\t<meta property=\"og:image:width\" content=\"1024\" \/>\n\t<meta property=\"og:image:height\" content=\"1024\" \/>\n\t<meta property=\"og:image:type\" content=\"image\/jpeg\" \/>\n<meta name=\"twitter:card\" content=\"summary_large_image\" \/>\n<meta name=\"twitter:label1\" content=\"Tiempo de lectura\" \/>\n\t<meta name=\"twitter:data1\" content=\"2 minutos\" \/>\n<script type=\"application\/ld+json\" class=\"yoast-schema-graph\">{\"@context\":\"https:\/\/schema.org\",\"@graph\":[{\"@type\":\"WebPage\",\"@id\":\"https:\/\/xenonkungen.com\/produkt\/osram-night-breaker-led-smart-hb4\/\",\"url\":\"https:\/\/xenonkungen.com\/produkt\/osram-night-breaker-led-smart-hb4\/\",\"name\":\"OSRAM NIGHT BREAKER LED SMART | HB4 - Xenonkungen\",\"isPartOf\":{\"@id\":\"https:\/\/xenonkungen.com\/#website\"},\"primaryImageOfPage\":{\"@id\":\"https:\/\/xenonkungen.com\/produkt\/osram-night-breaker-led-smart-hb4\/#primaryimage\"},\"image\":{\"@id\":\"https:\/\/xenonkungen.com\/produkt\/osram-night-breaker-led-smart-hb4\/#primaryimage\"},\"thumbnailUrl\":\"https:\/\/xenonkungen.com\/wp-content\/uploads\/2025\/06\/Small-for-web-and-ppt-G15131111_LED_FC2_9006DWNBSM-2HB_MiCh_OSRAM_03_Composing.jpg\",\"datePublished\":\"2025-08-25T13:40:11+00:00\",\"dateModified\":\"2026-04-11T00:28:50+00:00\",\"breadcrumb\":{\"@id\":\"https:\/\/xenonkungen.com\/produkt\/osram-night-breaker-led-smart-hb4\/#breadcrumb\"},\"inLanguage\":\"es\",\"potentialAction\":[{\"@type\":\"ReadAction\",\"target\":[\"https:\/\/xenonkungen.com\/produkt\/osram-night-breaker-led-smart-hb4\/\"]}]},{\"@type\":\"ImageObject\",\"inLanguage\":\"es\",\"@id\":\"https:\/\/xenonkungen.com\/produkt\/osram-night-breaker-led-smart-hb4\/#primaryimage\",\"url\":\"https:\/\/xenonkungen.com\/wp-content\/uploads\/2025\/06\/Small-for-web-and-ppt-G15131111_LED_FC2_9006DWNBSM-2HB_MiCh_OSRAM_03_Composing.jpg\",\"contentUrl\":\"https:\/\/xenonkungen.com\/wp-content\/uploads\/2025\/06\/Small-for-web-and-ppt-G15131111_LED_FC2_9006DWNBSM-2HB_MiCh_OSRAM_03_Composing.jpg\",\"width\":1024,\"height\":1024},{\"@type\":\"BreadcrumbList\",\"@id\":\"https:\/\/xenonkungen.com\/produkt\/osram-night-breaker-led-smart-hb4\/#breadcrumb\",\"itemListElement\":[{\"@type\":\"ListItem\",\"position\":1,\"name\":\"Hem\",\"item\":\"https:\/\/xenonkungen.com\/\"},{\"@type\":\"ListItem\",\"position\":2,\"name\":\"Shop\",\"item\":\"https:\/\/xenonkungen.com\/shop\/\"},{\"@type\":\"ListItem\",\"position\":3,\"name\":\"OSRAM NIGHT BREAKER LED SMART | HB4\"}]},{\"@type\":\"WebSite\",\"@id\":\"https:\/\/xenonkungen.com\/#website\",\"url\":\"https:\/\/xenonkungen.com\/\",\"name\":\"Xenonkungen\",\"description\":\"\",\"potentialAction\":[{\"@type\":\"SearchAction\",\"target\":{\"@type\":\"EntryPoint\",\"urlTemplate\":\"https:\/\/xenonkungen.com\/?s={search_term_string}\"},\"query-input\":{\"@type\":\"PropertyValueSpecification\",\"valueRequired\":true,\"valueName\":\"search_term_string\"}}],\"inLanguage\":\"es\"}]}<\/script>\n<!-- \/ Yoast SEO plugin. -->","yoast_head_json":{"title":"OSRAM NIGHT BREAKER LED SMART | HB4 - El rey del xen\u00f3n","robots":{"index":"index","follow":"follow","max-snippet":"max-snippet:-1","max-image-preview":"max-image-preview:large","max-video-preview":"max-video-preview:-1"},"canonical":"https:\/\/xenonkungen.com\/es\/producto\/osram-night-breaker-led-inteligente-hb4\/","og_locale":"es_ES","og_type":"article","og_title":"OSRAM NIGHT BREAKER LED SMART | HB4 - Xenonkungen","og_description":"OSRAM NIGHT BREAKER LED SMART \u2013 Gatulagliga LED-dimljus med maximal prestanda Ta n\u00e4sta steg i fordonsbelysning med OSRAM NIGHT BREAKER LED SMART dimljus \u2013 en revolutionerande LED-uppgradering som kombinerar exceptionell ljusstyrka, kompakt design och enast\u00e5ende h\u00e5llbarhet. Och det b\u00e4sta? De \u00e4r lagligt godk\u00e4nda f\u00f6r v\u00e4ganv\u00e4ndning1. Smarta f\u00f6rdelar med NIGHT BREAKER LED SMART Godk\u00e4nda att anv\u00e4ndas [&hellip;]","og_url":"https:\/\/xenonkungen.com\/es\/producto\/osram-night-breaker-led-inteligente-hb4\/","og_site_name":"Xenonkungen","article_modified_time":"2026-04-11T00:28:50+00:00","og_image":[{"width":1024,"height":1024,"url":"https:\/\/xenonkungen.com\/wp-content\/uploads\/2025\/06\/Small-for-web-and-ppt-G15131111_LED_FC2_9006DWNBSM-2HB_MiCh_OSRAM_03_Composing.jpg","type":"image\/jpeg"}],"twitter_card":"summary_large_image","twitter_misc":{"Tiempo de lectura":"2 minutos"},"schema":{"@context":"https:\/\/schema.org","@graph":[{"@type":"WebPage","@id":"https:\/\/xenonkungen.com\/produkt\/osram-night-breaker-led-smart-hb4\/","url":"https:\/\/xenonkungen.com\/produkt\/osram-night-breaker-led-smart-hb4\/","name":"OSRAM NIGHT BREAKER LED SMART | HB4 - El rey del xen\u00f3n","isPartOf":{"@id":"https:\/\/xenonkungen.com\/#website"},"primaryImageOfPage":{"@id":"https:\/\/xenonkungen.com\/produkt\/osram-night-breaker-led-smart-hb4\/#primaryimage"},"image":{"@id":"https:\/\/xenonkungen.com\/produkt\/osram-night-breaker-led-smart-hb4\/#primaryimage"},"thumbnailUrl":"https:\/\/xenonkungen.com\/wp-content\/uploads\/2025\/06\/Small-for-web-and-ppt-G15131111_LED_FC2_9006DWNBSM-2HB_MiCh_OSRAM_03_Composing.jpg","datePublished":"2025-08-25T13:40:11+00:00","dateModified":"2026-04-11T00:28:50+00:00","breadcrumb":{"@id":"https:\/\/xenonkungen.com\/produkt\/osram-night-breaker-led-smart-hb4\/#breadcrumb"},"inLanguage":"es","potentialAction":[{"@type":"ReadAction","target":["https:\/\/xenonkungen.com\/produkt\/osram-night-breaker-led-smart-hb4\/"]}]},{"@type":"ImageObject","inLanguage":"es","@id":"https:\/\/xenonkungen.com\/produkt\/osram-night-breaker-led-smart-hb4\/#primaryimage","url":"https:\/\/xenonkungen.com\/wp-content\/uploads\/2025\/06\/Small-for-web-and-ppt-G15131111_LED_FC2_9006DWNBSM-2HB_MiCh_OSRAM_03_Composing.jpg","contentUrl":"https:\/\/xenonkungen.com\/wp-content\/uploads\/2025\/06\/Small-for-web-and-ppt-G15131111_LED_FC2_9006DWNBSM-2HB_MiCh_OSRAM_03_Composing.jpg","width":1024,"height":1024},{"@type":"BreadcrumbList","@id":"https:\/\/xenonkungen.com\/produkt\/osram-night-breaker-led-smart-hb4\/#breadcrumb","itemListElement":[{"@type":"ListItem","position":1,"name":"Hem","item":"https:\/\/xenonkungen.com\/"},{"@type":"ListItem","position":2,"name":"Shop","item":"https:\/\/xenonkungen.com\/shop\/"},{"@type":"ListItem","position":3,"name":"OSRAM NIGHT BREAKER LED SMART | HB4"}]},{"@type":"WebSite","@id":"https:\/\/xenonkungen.com\/#website","url":"https:\/\/xenonkungen.com\/","name":"Xenonkungen","description":"","potentialAction":[{"@type":"SearchAction","target":{"@type":"EntryPoint","urlTemplate":"https:\/\/xenonkungen.com\/?s={search_term_string}"},"query-input":{"@type":"PropertyValueSpecification","valueRequired":true,"valueName":"search_term_string"}}],"inLanguage":"es"}]}},"taxonomy_info":{"product_brand":[{"value":108,"label":"OSRAM"}],"product_cat":[{"value":2451,"label":"Led-konvertering"},{"value":2633,"label":"OSRAM Ledriving"},{"value":733,"label":"Halvljus \/ Helljus"}],"pa_fargtemperatur":[{"value":188,"label":"6000K"}],"pa_fuktskydd-varde-ipxx":[{"value":1318,"label":"IP54"}],"pa_lampsockel-kontakt":[{"value":326,"label":"9006 , HB4"}],"pa_volt-v":[{"value":159,"label":"12"}]},"featured_image_src_large":["https:\/\/xenonkungen.com\/wp-content\/uploads\/2025\/06\/Small-for-web-and-ppt-G15131111_LED_FC2_9006DWNBSM-2HB_MiCh_OSRAM_03_Composing.jpg",1024,1024,false],"author_info":[],"comment_info":0,"_links":{"self":[{"href":"https:\/\/xenonkungen.com\/es\/wp-json\/wp\/v2\/product\/12003","targetHints":{"allow":["GET"]}}],"collection":[{"href":"https:\/\/xenonkungen.com\/es\/wp-json\/wp\/v2\/product"}],"about":[{"href":"https:\/\/xenonkungen.com\/es\/wp-json\/wp\/v2\/types\/product"}],"replies":[{"embeddable":true,"href":"https:\/\/xenonkungen.com\/es\/wp-json\/wp\/v2\/comments?post=12003"}],"wp:featuredmedia":[{"embeddable":true,"href":"https:\/\/xenonkungen.com\/es\/wp-json\/wp\/v2\/media\/12004"}],"wp:attachment":[{"href":"https:\/\/xenonkungen.com\/es\/wp-json\/wp\/v2\/media?parent=12003"}],"wp:term":[{"taxonomy":"anvandningsomrade","embeddable":true,"href":"https:\/\/xenonkungen.com\/es\/wp-json\/wp\/v2\/anvandningsomrade?post=12003"},{"taxonomy":"bilmarken","embeddable":true,"href":"https:\/\/xenonkungen.com\/es\/wp-json\/wp\/v2\/bilmarken?post=12003"},{"taxonomy":"product_brand","embeddable":true,"href":"https:\/\/xenonkungen.com\/es\/wp-json\/wp\/v2\/product_brand?post=12003"},{"taxonomy":"product_cat","embeddable":true,"href":"https:\/\/xenonkungen.com\/es\/wp-json\/wp\/v2\/product_cat?post=12003"},{"taxonomy":"product_tag","embeddable":true,"href":"https:\/\/xenonkungen.com\/es\/wp-json\/wp\/v2\/product_tag?post=12003"}],"curies":[{"name":"wp","href":"https:\/\/api.w.org\/{rel}","templated":true}]}}