{"id":12030,"date":"2025-07-02T06:58:23","date_gmt":"2025-07-02T06:58:23","guid":{"rendered":"https:\/\/xenonkungen.com\/?post_type=product&#038;p=12030"},"modified":"2026-04-24T17:31:35","modified_gmt":"2026-04-24T16:31:35","slug":"kit-de-restauracion-de-molduras-de-alta-resistencia-de-meguiars","status":"publish","type":"product","link":"https:\/\/xenonkungen.com\/es\/producto\/kit-de-restauracion-de-molduras-de-alta-resistencia-de-meguiars\/","title":{"rendered":"Kit de restauraci\u00f3n de molduras de alta resistencia de Meguiar&#039;s"},"content":{"rendered":"<h1>Kit de restauraci\u00f3n de molduras de alta resistencia<\/h1>\n<p>Con el tiempo y tras la exposici\u00f3n al sol, la intemperie y el viento, las piezas exteriores de pl\u00e1stico pueden empezar a decolorarse y perder su brillo.<br \/>\nlo cual hace que un veh\u00edculo relativamente nuevo parezca mucho m\u00e1s viejo de lo que realmente es. \u00a1Por suerte, ahora existe el kit de restauraci\u00f3n de tapicer\u00eda de alta resistencia de Meguiar&#039;s!<\/p>\n<p>Este kit de limpieza restaurador permite a cualquiera revivir pl\u00e1sticos y vinilos descoloridos, dejando una protecci\u00f3n duradera en dos sencillos pasos.<br \/>\nEn el primer paso, se utiliza la soluci\u00f3n de limpieza incluida para eliminar la suciedad incrustada y la oxidaci\u00f3n.<br \/>\nLos embellecedores negros y grises se limpian a fondo para maximizar la adherencia y durabilidad del protector de embellecedores.<br \/>\nLa l\u00e1mina protectora para los bordes restaura la apariencia de las piezas de pl\u00e1stico y deja una protecci\u00f3n extremadamente duradera.<\/p>\n<p>Proporciona protecci\u00f3n contra los rayos UV y tiene una durabilidad de hasta 250* lavados.<\/p>\n<p>El kit incluye limpiador, protector y una almohadilla aplicadora.<\/p>\n<p><strong>Contenido:<\/strong><\/p>\n<ul>\n<li>Soluci\u00f3n de limpieza 4: 118 ml<\/li>\n<li>Protector de bordes 2: 59 ml<\/li>\n<li>Almohadilla aplicadora Trim Shield<\/li>\n<\/ul>\n<p><em>Basado en pruebas de laboratorio automatizadas de productos para el cuidado del autom\u00f3vil<\/em><\/p>\n<p>&nbsp;<\/p>\n<h2>Ficha de datos de seguridad<\/h2>\n<p><a href=\"https:\/\/meguiars.se\/wp-content\/uploads\/2025\/04\/MeguiarsRG2501TrimKitSealantTC3RG250102_1.0_74905.pdf\" target=\"_blank\" rel=\"noopener\"><br \/>\nMeguiarsRG2501TrimKitSealantTC3RG250102_1.0_74905 (PDF)<br \/>\n<\/a><\/p>\n<p>&nbsp;<\/p>","protected":false},"excerpt":{"rendered":"<p class=\"\" data-start=\"69\" data-end=\"205\"><strong data-start=\"69\" data-end=\"104\">RESTAURACI\u00d3N DE PL\u00c1STICOS PARA PL\u00c1STICOS EXTERIORES:<\/strong>\u00a0Este kit contiene un limpiador y un protector para restaurar y proteger las piezas de pl\u00e1stico.<\/p>\n<p class=\"\" data-start=\"308\" data-end=\"397\"><strong data-start=\"308\" data-end=\"334\">DURABILIDAD Y PROTECCI\u00d3N UV:<\/strong>\u00a0El borde protector incorpora una protecci\u00f3n UV extra duradera.<\/p>\n<p class=\"\" data-start=\"399\" data-end=\"485\"><strong data-start=\"399\" data-end=\"432\">RESISTENCIA AL LAVADO FANT\u00c1STICA:<\/strong>\u00a0 Durabilidad: m\u00e1s de 250 lavados*<\/p>","protected":false},"featured_media":12031,"comment_status":"open","ping_status":"closed","template":"","meta":{"_acf_changed":false,"_smort_price_nok":"586","_smort_price_dkk":"373","_smort_price_eur":"49.91","_smort_sale_price_nok":"","_smort_sale_price_dkk":"","_smort_sale_price_eur":"39.93","smort_restorder":"","shipmondo_restorder":"","_kad_blocks_custom_css":"","_kad_blocks_head_custom_js":"","_kad_blocks_body_custom_js":"","_kad_blocks_footer_custom_js":"","smort_custom_pricelist_1":"351.36","smort_custom_pricelist_2":"351.36","smort_custom_pricelist_3":"307.44","smort_custom_pricelist_4":"439.2","smort_custom_pricelist_5":"351.36"},"anvandningsomrade":[],"bilmarken":[],"product_brand":[1383],"product_cat":[2623,2620,378],"product_tag":[],"class_list":{"0":"post-12030","1":"product","2":"type-product","3":"status-publish","4":"has-post-thumbnail","6":"product_brand-meguiars","7":"product_cat-underhall","8":"product_cat-ovrigt-bilvard","9":"product_cat-bilvard","11":"first","12":"onbackorder","13":"taxable","14":"shipping-taxable","15":"purchasable","16":"product-type-simple"},"bundled_by":[],"bundle_stock_status":"onbackorder","bundle_stock_quantity":0,"bundle_virtual":false,"bundle_layout":"","bundle_add_to_cart_form_location":"","bundle_editable_in_cart":false,"bundle_sold_individually_context":"","bundle_item_grouping":"","bundle_min_size":"","bundle_max_size":"","bundle_price":[],"bundled_items":[],"bundle_sell_ids":[],"acf":[],"yoast_head":"<!-- This site is optimized with the Yoast SEO plugin v27.0 - https:\/\/yoast.com\/product\/yoast-seo-wordpress\/ -->\n<title>Meguiar\u2019s Heavy Duty Trim Restoration Kit - Xenonkungen<\/title>\n<meta name=\"robots\" content=\"index, follow, max-snippet:-1, max-image-preview:large, max-video-preview:-1\" \/>\n<link rel=\"canonical\" href=\"https:\/\/xenonkungen.com\/es\/producto\/kit-de-restauracion-de-molduras-de-alta-resistencia-de-meguiars\/\" \/>\n<meta property=\"og:locale\" content=\"es_ES\" \/>\n<meta property=\"og:type\" content=\"article\" \/>\n<meta property=\"og:title\" content=\"Meguiar\u2019s Heavy Duty Trim Restoration Kit - Xenonkungen\" \/>\n<meta property=\"og:description\" content=\"PLASTRESTAURERING F\u00d6R EXTERI\u00d6R PLAST:\u00a0Detta kit inneh\u00e5ller en reng\u00f6ring och ett skydd f\u00f6r att \u00e5terst\u00e4lla och skydda plastdetaljer. H\u00c5LLBARHET &amp; UV-SKYDD:\u00a0Protective Trim Shield inneh\u00e5ller extra h\u00e5llbart UV-blockerande skydd. FANTASTISK TV\u00c4TTBEST\u00c4NDIGHET:\u00a0 H\u00e5llerbarhet; \u00f6ver 250 tv\u00e4ttar*\" \/>\n<meta property=\"og:url\" content=\"https:\/\/xenonkungen.com\/es\/producto\/kit-de-restauracion-de-molduras-de-alta-resistencia-de-meguiars\/\" \/>\n<meta property=\"og:site_name\" content=\"Xenonkungen\" \/>\n<meta property=\"article:modified_time\" content=\"2026-04-24T16:31:35+00:00\" \/>\n<meta property=\"og:image\" content=\"https:\/\/xenonkungen.com\/wp-content\/uploads\/2025\/07\/G250100_HeavyDutyTrimRestorationKit_Exploded_10x10-1024x1024.png\" \/>\n\t<meta property=\"og:image:width\" content=\"1024\" \/>\n\t<meta property=\"og:image:height\" content=\"1024\" \/>\n\t<meta property=\"og:image:type\" content=\"image\/png\" \/>\n<meta name=\"twitter:card\" content=\"summary_large_image\" \/>\n<meta name=\"twitter:label1\" content=\"Tiempo de lectura\" \/>\n\t<meta name=\"twitter:data1\" content=\"2 minutos\" \/>\n<script type=\"application\/ld+json\" class=\"yoast-schema-graph\">{\"@context\":\"https:\/\/schema.org\",\"@graph\":[{\"@type\":\"WebPage\",\"@id\":\"https:\/\/xenonkungen.com\/produkt\/meguiars-heavy-duty-trim-restoration-kit\/\",\"url\":\"https:\/\/xenonkungen.com\/produkt\/meguiars-heavy-duty-trim-restoration-kit\/\",\"name\":\"Meguiar\u2019s Heavy Duty Trim Restoration Kit - Xenonkungen\",\"isPartOf\":{\"@id\":\"https:\/\/xenonkungen.com\/#website\"},\"primaryImageOfPage\":{\"@id\":\"https:\/\/xenonkungen.com\/produkt\/meguiars-heavy-duty-trim-restoration-kit\/#primaryimage\"},\"image\":{\"@id\":\"https:\/\/xenonkungen.com\/produkt\/meguiars-heavy-duty-trim-restoration-kit\/#primaryimage\"},\"thumbnailUrl\":\"https:\/\/xenonkungen.com\/wp-content\/uploads\/2025\/07\/G250100_HeavyDutyTrimRestorationKit_Exploded_10x10.png\",\"datePublished\":\"2025-07-02T06:58:23+00:00\",\"dateModified\":\"2026-04-24T16:31:35+00:00\",\"breadcrumb\":{\"@id\":\"https:\/\/xenonkungen.com\/produkt\/meguiars-heavy-duty-trim-restoration-kit\/#breadcrumb\"},\"inLanguage\":\"es\",\"potentialAction\":[{\"@type\":\"ReadAction\",\"target\":[\"https:\/\/xenonkungen.com\/produkt\/meguiars-heavy-duty-trim-restoration-kit\/\"]}]},{\"@type\":\"ImageObject\",\"inLanguage\":\"es\",\"@id\":\"https:\/\/xenonkungen.com\/produkt\/meguiars-heavy-duty-trim-restoration-kit\/#primaryimage\",\"url\":\"https:\/\/xenonkungen.com\/wp-content\/uploads\/2025\/07\/G250100_HeavyDutyTrimRestorationKit_Exploded_10x10.png\",\"contentUrl\":\"https:\/\/xenonkungen.com\/wp-content\/uploads\/2025\/07\/G250100_HeavyDutyTrimRestorationKit_Exploded_10x10.png\",\"width\":2560,\"height\":2560},{\"@type\":\"BreadcrumbList\",\"@id\":\"https:\/\/xenonkungen.com\/produkt\/meguiars-heavy-duty-trim-restoration-kit\/#breadcrumb\",\"itemListElement\":[{\"@type\":\"ListItem\",\"position\":1,\"name\":\"Hem\",\"item\":\"https:\/\/xenonkungen.com\/\"},{\"@type\":\"ListItem\",\"position\":2,\"name\":\"Shop\",\"item\":\"https:\/\/xenonkungen.com\/shop\/\"},{\"@type\":\"ListItem\",\"position\":3,\"name\":\"Meguiar\u2019s Heavy Duty Trim Restoration Kit\"}]},{\"@type\":\"WebSite\",\"@id\":\"https:\/\/xenonkungen.com\/#website\",\"url\":\"https:\/\/xenonkungen.com\/\",\"name\":\"Xenonkungen\",\"description\":\"\",\"potentialAction\":[{\"@type\":\"SearchAction\",\"target\":{\"@type\":\"EntryPoint\",\"urlTemplate\":\"https:\/\/xenonkungen.com\/?s={search_term_string}\"},\"query-input\":{\"@type\":\"PropertyValueSpecification\",\"valueRequired\":true,\"valueName\":\"search_term_string\"}}],\"inLanguage\":\"es\"}]}<\/script>\n<!-- \/ Yoast SEO plugin. -->","yoast_head_json":{"title":"Kit de restauraci\u00f3n de molduras de alta resistencia de Meguiar&#039;s - El rey del xen\u00f3n","robots":{"index":"index","follow":"follow","max-snippet":"max-snippet:-1","max-image-preview":"max-image-preview:large","max-video-preview":"max-video-preview:-1"},"canonical":"https:\/\/xenonkungen.com\/es\/producto\/kit-de-restauracion-de-molduras-de-alta-resistencia-de-meguiars\/","og_locale":"es_ES","og_type":"article","og_title":"Meguiar\u2019s Heavy Duty Trim Restoration Kit - Xenonkungen","og_description":"PLASTRESTAURERING F\u00d6R EXTERI\u00d6R PLAST:\u00a0Detta kit inneh\u00e5ller en reng\u00f6ring och ett skydd f\u00f6r att \u00e5terst\u00e4lla och skydda plastdetaljer. H\u00c5LLBARHET &amp; UV-SKYDD:\u00a0Protective Trim Shield inneh\u00e5ller extra h\u00e5llbart UV-blockerande skydd. FANTASTISK TV\u00c4TTBEST\u00c4NDIGHET:\u00a0 H\u00e5llerbarhet; \u00f6ver 250 tv\u00e4ttar*","og_url":"https:\/\/xenonkungen.com\/es\/producto\/kit-de-restauracion-de-molduras-de-alta-resistencia-de-meguiars\/","og_site_name":"Xenonkungen","article_modified_time":"2026-04-24T16:31:35+00:00","og_image":[{"width":1024,"height":1024,"url":"https:\/\/xenonkungen.com\/wp-content\/uploads\/2025\/07\/G250100_HeavyDutyTrimRestorationKit_Exploded_10x10-1024x1024.png","type":"image\/png"}],"twitter_card":"summary_large_image","twitter_misc":{"Tiempo de lectura":"2 minutos"},"schema":{"@context":"https:\/\/schema.org","@graph":[{"@type":"WebPage","@id":"https:\/\/xenonkungen.com\/produkt\/meguiars-heavy-duty-trim-restoration-kit\/","url":"https:\/\/xenonkungen.com\/produkt\/meguiars-heavy-duty-trim-restoration-kit\/","name":"Kit de restauraci\u00f3n de molduras de alta resistencia de Meguiar&#039;s - El rey del xen\u00f3n","isPartOf":{"@id":"https:\/\/xenonkungen.com\/#website"},"primaryImageOfPage":{"@id":"https:\/\/xenonkungen.com\/produkt\/meguiars-heavy-duty-trim-restoration-kit\/#primaryimage"},"image":{"@id":"https:\/\/xenonkungen.com\/produkt\/meguiars-heavy-duty-trim-restoration-kit\/#primaryimage"},"thumbnailUrl":"https:\/\/xenonkungen.com\/wp-content\/uploads\/2025\/07\/G250100_HeavyDutyTrimRestorationKit_Exploded_10x10.png","datePublished":"2025-07-02T06:58:23+00:00","dateModified":"2026-04-24T16:31:35+00:00","breadcrumb":{"@id":"https:\/\/xenonkungen.com\/produkt\/meguiars-heavy-duty-trim-restoration-kit\/#breadcrumb"},"inLanguage":"es","potentialAction":[{"@type":"ReadAction","target":["https:\/\/xenonkungen.com\/produkt\/meguiars-heavy-duty-trim-restoration-kit\/"]}]},{"@type":"ImageObject","inLanguage":"es","@id":"https:\/\/xenonkungen.com\/produkt\/meguiars-heavy-duty-trim-restoration-kit\/#primaryimage","url":"https:\/\/xenonkungen.com\/wp-content\/uploads\/2025\/07\/G250100_HeavyDutyTrimRestorationKit_Exploded_10x10.png","contentUrl":"https:\/\/xenonkungen.com\/wp-content\/uploads\/2025\/07\/G250100_HeavyDutyTrimRestorationKit_Exploded_10x10.png","width":2560,"height":2560},{"@type":"BreadcrumbList","@id":"https:\/\/xenonkungen.com\/produkt\/meguiars-heavy-duty-trim-restoration-kit\/#breadcrumb","itemListElement":[{"@type":"ListItem","position":1,"name":"Hem","item":"https:\/\/xenonkungen.com\/"},{"@type":"ListItem","position":2,"name":"Shop","item":"https:\/\/xenonkungen.com\/shop\/"},{"@type":"ListItem","position":3,"name":"Meguiar\u2019s Heavy Duty Trim Restoration Kit"}]},{"@type":"WebSite","@id":"https:\/\/xenonkungen.com\/#website","url":"https:\/\/xenonkungen.com\/","name":"Xenonkungen","description":"","potentialAction":[{"@type":"SearchAction","target":{"@type":"EntryPoint","urlTemplate":"https:\/\/xenonkungen.com\/?s={search_term_string}"},"query-input":{"@type":"PropertyValueSpecification","valueRequired":true,"valueName":"search_term_string"}}],"inLanguage":"es"}]}},"taxonomy_info":{"product_brand":[{"value":1383,"label":"Meguiar's"}],"product_cat":[{"value":2623,"label":"5 | Underh\u00e5ll"},{"value":2620,"label":"\u00d6vrigt"},{"value":378,"label":"Bilv\u00e5rd"}]},"featured_image_src_large":["https:\/\/xenonkungen.com\/wp-content\/uploads\/2025\/07\/G250100_HeavyDutyTrimRestorationKit_Exploded_10x10-1024x1024.png",1024,1024,true],"author_info":[],"comment_info":0,"_links":{"self":[{"href":"https:\/\/xenonkungen.com\/es\/wp-json\/wp\/v2\/product\/12030","targetHints":{"allow":["GET"]}}],"collection":[{"href":"https:\/\/xenonkungen.com\/es\/wp-json\/wp\/v2\/product"}],"about":[{"href":"https:\/\/xenonkungen.com\/es\/wp-json\/wp\/v2\/types\/product"}],"replies":[{"embeddable":true,"href":"https:\/\/xenonkungen.com\/es\/wp-json\/wp\/v2\/comments?post=12030"}],"wp:featuredmedia":[{"embeddable":true,"href":"https:\/\/xenonkungen.com\/es\/wp-json\/wp\/v2\/media\/12031"}],"wp:attachment":[{"href":"https:\/\/xenonkungen.com\/es\/wp-json\/wp\/v2\/media?parent=12030"}],"wp:term":[{"taxonomy":"anvandningsomrade","embeddable":true,"href":"https:\/\/xenonkungen.com\/es\/wp-json\/wp\/v2\/anvandningsomrade?post=12030"},{"taxonomy":"bilmarken","embeddable":true,"href":"https:\/\/xenonkungen.com\/es\/wp-json\/wp\/v2\/bilmarken?post=12030"},{"taxonomy":"product_brand","embeddable":true,"href":"https:\/\/xenonkungen.com\/es\/wp-json\/wp\/v2\/product_brand?post=12030"},{"taxonomy":"product_cat","embeddable":true,"href":"https:\/\/xenonkungen.com\/es\/wp-json\/wp\/v2\/product_cat?post=12030"},{"taxonomy":"product_tag","embeddable":true,"href":"https:\/\/xenonkungen.com\/es\/wp-json\/wp\/v2\/product_tag?post=12030"}],"curies":[{"name":"wp","href":"https:\/\/api.w.org\/{rel}","templated":true}]}}