{"id":12042,"date":"2025-07-02T08:47:54","date_gmt":"2025-07-02T08:47:54","guid":{"rendered":"https:\/\/xenonkungen.com\/?post_type=product&#038;p=12042"},"modified":"2026-03-28T10:46:37","modified_gmt":"2026-03-28T09:46:37","slug":"spray-ambientador-meguiars-para-combatir-olores-cromado-negro","status":"publish","type":"product","link":"https:\/\/xenonkungen.com\/es\/producto\/spray-ambientador-meguiars-para-combatir-olores-cromado-negro\/","title":{"rendered":"Meguiar's Air Re-Fresher Spray Antiolor - Negro Cromo"},"content":{"rendered":"<h2>Spray Antiolor Air Re-Fresher - Negro Cromo<\/h2>\n<p>Puede que el interior de su coche no huela como usted quiere, o que simplemente no se sienta fresco. En cualquier caso, tenemos la soluci\u00f3n perfecta:\u00a0<strong>Meguiar's Air Re-Fresher Spray Antiolor Aroma Cromo Negro<\/strong>. Este eliminador de olores para coches de primera calidad combate los malos olores al instante y deja un aroma fresco y duradero a Cromo Negro.<\/p>\n<p>El producto es sencillo y f\u00e1cil de usar. Pulverice una ligera capa sobre los tejidos afectados, como alfombras, y deje secar. Es tan sencillo como pulverizar y marcharse. La avanzada tecnolog\u00eda neutralizadora de olores hace su trabajo y deja el coche con un olor fresco. El producto tambi\u00e9n est\u00e1 disponible en la fragancia<a href=\"https:\/\/xenonkungen.com\/?post_type=product&amp;p=12040&amp;preview=true\">\u00a0<strong>Aroma a coche nuevo<\/strong>.<\/a><\/p>\n<p><strong>Contenido:<\/strong> 237 ml<\/p>","protected":false},"excerpt":{"rendered":"<p>Elimine los malos olores al instante y d\u00e9 a su coche un aroma fresco en un abrir y cerrar de ojos<\/p>","protected":false},"featured_media":12043,"comment_status":"open","ping_status":"closed","template":"","meta":{"_acf_changed":false,"_smort_price_nok":"213","_smort_price_dkk":"135","_smort_price_eur":"18.09","_smort_sale_price_nok":"","_smort_sale_price_dkk":"","_smort_sale_price_eur":"14.47","smort_restorder":"","shipmondo_restorder":"","_kad_blocks_custom_css":"","_kad_blocks_head_custom_js":"","_kad_blocks_body_custom_js":"","_kad_blocks_footer_custom_js":"","smort_custom_pricelist_1":"127.36","smort_custom_pricelist_2":"127.36","smort_custom_pricelist_3":"111.44","smort_custom_pricelist_4":"159.2","smort_custom_pricelist_5":"127.36"},"anvandningsomrade":[],"bilmarken":[],"product_brand":[1383],"product_cat":[2447,2618,2991,378],"product_tag":[],"class_list":{"0":"post-12042","1":"product","2":"type-product","3":"status-publish","4":"has-post-thumbnail","6":"product_brand-meguiars","7":"product_cat-doft","8":"product_cat-interior","9":"product_cat-luktborttagning-doft","10":"product_cat-bilvard","12":"first","13":"instock","14":"taxable","15":"shipping-taxable","16":"purchasable","17":"product-type-simple"},"bundled_by":[],"bundle_stock_status":"instock","bundle_stock_quantity":1,"bundle_virtual":false,"bundle_layout":"","bundle_add_to_cart_form_location":"","bundle_editable_in_cart":false,"bundle_sold_individually_context":"","bundle_item_grouping":"","bundle_min_size":"","bundle_max_size":"","bundle_price":[],"bundled_items":[],"bundle_sell_ids":[],"acf":[],"yoast_head":"<!-- This site is optimized with the Yoast SEO plugin v27.0 - https:\/\/yoast.com\/product\/yoast-seo-wordpress\/ -->\n<title>Meguiar&#039;s Air Re-Fresher Odor Fightning Spray - Black Chrome - Xenonkungen<\/title>\n<meta name=\"robots\" content=\"index, follow, max-snippet:-1, max-image-preview:large, max-video-preview:-1\" \/>\n<link rel=\"canonical\" href=\"https:\/\/xenonkungen.com\/es\/producto\/spray-ambientador-meguiars-para-combatir-olores-cromado-negro\/\" \/>\n<meta property=\"og:locale\" content=\"es_ES\" \/>\n<meta property=\"og:type\" content=\"article\" \/>\n<meta property=\"og:title\" content=\"Meguiar&#039;s Air Re-Fresher Odor Fightning Spray - Black Chrome - Xenonkungen\" \/>\n<meta property=\"og:description\" content=\"Eliminera d\u00e5lig lukt direkt &amp; ge bilen en fr\u00e4sch doft p\u00e5 nolltid\" \/>\n<meta property=\"og:url\" content=\"https:\/\/xenonkungen.com\/es\/producto\/spray-ambientador-meguiars-para-combatir-olores-cromado-negro\/\" \/>\n<meta property=\"og:site_name\" content=\"Xenonkungen\" \/>\n<meta property=\"article:modified_time\" content=\"2026-03-28T09:46:37+00:00\" \/>\n<meta property=\"og:image\" content=\"https:\/\/xenonkungen.com\/wp-content\/uploads\/2025\/07\/G250708_AirRefreshTriggrBlkChrm_Front_10x10.png\" \/>\n\t<meta property=\"og:image:width\" content=\"2560\" \/>\n\t<meta property=\"og:image:height\" content=\"2560\" \/>\n\t<meta property=\"og:image:type\" content=\"image\/png\" \/>\n<meta name=\"twitter:card\" content=\"summary_large_image\" \/>\n<meta name=\"twitter:label1\" content=\"Tiempo de lectura\" \/>\n\t<meta name=\"twitter:data1\" content=\"1 minuto\" \/>\n<script type=\"application\/ld+json\" class=\"yoast-schema-graph\">{\"@context\":\"https:\/\/schema.org\",\"@graph\":[{\"@type\":\"WebPage\",\"@id\":\"https:\/\/xenonkungen.com\/produkt\/meguiars-air-re-fresher-odor-fightning-spray-black-chrome\/\",\"url\":\"https:\/\/xenonkungen.com\/produkt\/meguiars-air-re-fresher-odor-fightning-spray-black-chrome\/\",\"name\":\"Meguiar's Air Re-Fresher Odor Fightning Spray - Black Chrome - Xenonkungen\",\"isPartOf\":{\"@id\":\"https:\/\/xenonkungen.com\/#website\"},\"primaryImageOfPage\":{\"@id\":\"https:\/\/xenonkungen.com\/produkt\/meguiars-air-re-fresher-odor-fightning-spray-black-chrome\/#primaryimage\"},\"image\":{\"@id\":\"https:\/\/xenonkungen.com\/produkt\/meguiars-air-re-fresher-odor-fightning-spray-black-chrome\/#primaryimage\"},\"thumbnailUrl\":\"https:\/\/xenonkungen.com\/wp-content\/uploads\/2025\/07\/G250708_AirRefreshTriggrBlkChrm_Front_10x10.png\",\"datePublished\":\"2025-07-02T08:47:54+00:00\",\"dateModified\":\"2026-03-28T09:46:37+00:00\",\"breadcrumb\":{\"@id\":\"https:\/\/xenonkungen.com\/produkt\/meguiars-air-re-fresher-odor-fightning-spray-black-chrome\/#breadcrumb\"},\"inLanguage\":\"es\",\"potentialAction\":[{\"@type\":\"ReadAction\",\"target\":[\"https:\/\/xenonkungen.com\/produkt\/meguiars-air-re-fresher-odor-fightning-spray-black-chrome\/\"]}]},{\"@type\":\"ImageObject\",\"inLanguage\":\"es\",\"@id\":\"https:\/\/xenonkungen.com\/produkt\/meguiars-air-re-fresher-odor-fightning-spray-black-chrome\/#primaryimage\",\"url\":\"https:\/\/xenonkungen.com\/wp-content\/uploads\/2025\/07\/G250708_AirRefreshTriggrBlkChrm_Front_10x10.png\",\"contentUrl\":\"https:\/\/xenonkungen.com\/wp-content\/uploads\/2025\/07\/G250708_AirRefreshTriggrBlkChrm_Front_10x10.png\",\"width\":2560,\"height\":2560},{\"@type\":\"BreadcrumbList\",\"@id\":\"https:\/\/xenonkungen.com\/produkt\/meguiars-air-re-fresher-odor-fightning-spray-black-chrome\/#breadcrumb\",\"itemListElement\":[{\"@type\":\"ListItem\",\"position\":1,\"name\":\"Hem\",\"item\":\"https:\/\/xenonkungen.com\/\"},{\"@type\":\"ListItem\",\"position\":2,\"name\":\"Shop\",\"item\":\"https:\/\/xenonkungen.com\/shop\/\"},{\"@type\":\"ListItem\",\"position\":3,\"name\":\"Meguiar&#8217;s Air Re-Fresher Odor Fightning Spray &#8211; Black Chrome\"}]},{\"@type\":\"WebSite\",\"@id\":\"https:\/\/xenonkungen.com\/#website\",\"url\":\"https:\/\/xenonkungen.com\/\",\"name\":\"Xenonkungen\",\"description\":\"\",\"potentialAction\":[{\"@type\":\"SearchAction\",\"target\":{\"@type\":\"EntryPoint\",\"urlTemplate\":\"https:\/\/xenonkungen.com\/?s={search_term_string}\"},\"query-input\":{\"@type\":\"PropertyValueSpecification\",\"valueRequired\":true,\"valueName\":\"search_term_string\"}}],\"inLanguage\":\"es\"}]}<\/script>\n<!-- \/ Yoast SEO plugin. -->","yoast_head_json":{"title":"Spray ambientador Meguiar&#039;s Air Re-Fresher para combatir olores - Cromo negro - The Xenon King","robots":{"index":"index","follow":"follow","max-snippet":"max-snippet:-1","max-image-preview":"max-image-preview:large","max-video-preview":"max-video-preview:-1"},"canonical":"https:\/\/xenonkungen.com\/es\/producto\/spray-ambientador-meguiars-para-combatir-olores-cromado-negro\/","og_locale":"es_ES","og_type":"article","og_title":"Meguiar's Air Re-Fresher Odor Fightning Spray - Black Chrome - Xenonkungen","og_description":"Eliminera d\u00e5lig lukt direkt &amp; ge bilen en fr\u00e4sch doft p\u00e5 nolltid","og_url":"https:\/\/xenonkungen.com\/es\/producto\/spray-ambientador-meguiars-para-combatir-olores-cromado-negro\/","og_site_name":"Xenonkungen","article_modified_time":"2026-03-28T09:46:37+00:00","og_image":[{"width":2560,"height":2560,"url":"https:\/\/xenonkungen.com\/wp-content\/uploads\/2025\/07\/G250708_AirRefreshTriggrBlkChrm_Front_10x10.png","type":"image\/png"}],"twitter_card":"summary_large_image","twitter_misc":{"Tiempo de lectura":"1 minuto"},"schema":{"@context":"https:\/\/schema.org","@graph":[{"@type":"WebPage","@id":"https:\/\/xenonkungen.com\/produkt\/meguiars-air-re-fresher-odor-fightning-spray-black-chrome\/","url":"https:\/\/xenonkungen.com\/produkt\/meguiars-air-re-fresher-odor-fightning-spray-black-chrome\/","name":"Spray ambientador Meguiar&#039;s Air Re-Fresher para combatir olores - Cromo negro - The Xenon King","isPartOf":{"@id":"https:\/\/xenonkungen.com\/#website"},"primaryImageOfPage":{"@id":"https:\/\/xenonkungen.com\/produkt\/meguiars-air-re-fresher-odor-fightning-spray-black-chrome\/#primaryimage"},"image":{"@id":"https:\/\/xenonkungen.com\/produkt\/meguiars-air-re-fresher-odor-fightning-spray-black-chrome\/#primaryimage"},"thumbnailUrl":"https:\/\/xenonkungen.com\/wp-content\/uploads\/2025\/07\/G250708_AirRefreshTriggrBlkChrm_Front_10x10.png","datePublished":"2025-07-02T08:47:54+00:00","dateModified":"2026-03-28T09:46:37+00:00","breadcrumb":{"@id":"https:\/\/xenonkungen.com\/produkt\/meguiars-air-re-fresher-odor-fightning-spray-black-chrome\/#breadcrumb"},"inLanguage":"es","potentialAction":[{"@type":"ReadAction","target":["https:\/\/xenonkungen.com\/produkt\/meguiars-air-re-fresher-odor-fightning-spray-black-chrome\/"]}]},{"@type":"ImageObject","inLanguage":"es","@id":"https:\/\/xenonkungen.com\/produkt\/meguiars-air-re-fresher-odor-fightning-spray-black-chrome\/#primaryimage","url":"https:\/\/xenonkungen.com\/wp-content\/uploads\/2025\/07\/G250708_AirRefreshTriggrBlkChrm_Front_10x10.png","contentUrl":"https:\/\/xenonkungen.com\/wp-content\/uploads\/2025\/07\/G250708_AirRefreshTriggrBlkChrm_Front_10x10.png","width":2560,"height":2560},{"@type":"BreadcrumbList","@id":"https:\/\/xenonkungen.com\/produkt\/meguiars-air-re-fresher-odor-fightning-spray-black-chrome\/#breadcrumb","itemListElement":[{"@type":"ListItem","position":1,"name":"Hem","item":"https:\/\/xenonkungen.com\/"},{"@type":"ListItem","position":2,"name":"Shop","item":"https:\/\/xenonkungen.com\/shop\/"},{"@type":"ListItem","position":3,"name":"Meguiar&#8217;s Air Re-Fresher Odor Fightning Spray &#8211; Black Chrome"}]},{"@type":"WebSite","@id":"https:\/\/xenonkungen.com\/#website","url":"https:\/\/xenonkungen.com\/","name":"Xenonkungen","description":"","potentialAction":[{"@type":"SearchAction","target":{"@type":"EntryPoint","urlTemplate":"https:\/\/xenonkungen.com\/?s={search_term_string}"},"query-input":{"@type":"PropertyValueSpecification","valueRequired":true,"valueName":"search_term_string"}}],"inLanguage":"es"}]}},"taxonomy_info":{"product_brand":[{"value":1383,"label":"Meguiar's"}],"product_cat":[{"value":2447,"label":"Doft"},{"value":2618,"label":"Interi\u00f6r"},{"value":2991,"label":"Luktborttagning \/ Doft"},{"value":378,"label":"Bilv\u00e5rd"}]},"featured_image_src_large":["https:\/\/xenonkungen.com\/wp-content\/uploads\/2025\/07\/G250708_AirRefreshTriggrBlkChrm_Front_10x10-1024x1024.png",1024,1024,true],"author_info":[],"comment_info":0,"_links":{"self":[{"href":"https:\/\/xenonkungen.com\/es\/wp-json\/wp\/v2\/product\/12042","targetHints":{"allow":["GET"]}}],"collection":[{"href":"https:\/\/xenonkungen.com\/es\/wp-json\/wp\/v2\/product"}],"about":[{"href":"https:\/\/xenonkungen.com\/es\/wp-json\/wp\/v2\/types\/product"}],"replies":[{"embeddable":true,"href":"https:\/\/xenonkungen.com\/es\/wp-json\/wp\/v2\/comments?post=12042"}],"wp:featuredmedia":[{"embeddable":true,"href":"https:\/\/xenonkungen.com\/es\/wp-json\/wp\/v2\/media\/12043"}],"wp:attachment":[{"href":"https:\/\/xenonkungen.com\/es\/wp-json\/wp\/v2\/media?parent=12042"}],"wp:term":[{"taxonomy":"anvandningsomrade","embeddable":true,"href":"https:\/\/xenonkungen.com\/es\/wp-json\/wp\/v2\/anvandningsomrade?post=12042"},{"taxonomy":"bilmarken","embeddable":true,"href":"https:\/\/xenonkungen.com\/es\/wp-json\/wp\/v2\/bilmarken?post=12042"},{"taxonomy":"product_brand","embeddable":true,"href":"https:\/\/xenonkungen.com\/es\/wp-json\/wp\/v2\/product_brand?post=12042"},{"taxonomy":"product_cat","embeddable":true,"href":"https:\/\/xenonkungen.com\/es\/wp-json\/wp\/v2\/product_cat?post=12042"},{"taxonomy":"product_tag","embeddable":true,"href":"https:\/\/xenonkungen.com\/es\/wp-json\/wp\/v2\/product_tag?post=12042"}],"curies":[{"name":"wp","href":"https:\/\/api.w.org\/{rel}","templated":true}]}}