{"id":12048,"date":"2025-07-02T11:28:40","date_gmt":"2025-07-02T11:28:40","guid":{"rendered":"https:\/\/xenonkungen.com\/?post_type=product&#038;p=12048"},"modified":"2026-04-11T01:19:11","modified_gmt":"2026-04-11T00:19:11","slug":"sellador-hibrido-ceramico-para-todo-tipo-de-superficies-de-meguiars","status":"publish","type":"product","link":"https:\/\/xenonkungen.com\/es\/producto\/sellador-hibrido-ceramico-para-todo-tipo-de-superficies-de-meguiars\/","title":{"rendered":"Sellante cer\u00e1mico h\u00edbrido para todo tipo de superficies de Meguiar&#039;s"},"content":{"rendered":"<h2>Sellante h\u00edbrido cer\u00e1mico para todo tipo de superficies<\/h2>\n<p>Esta f\u00f3rmula innovadora ofrece una protecci\u00f3n h\u00edbrida ultrarresistente con tecnolog\u00eda cer\u00e1mica en un pr\u00e1ctico formato de pulverizaci\u00f3n y limpieza. Es muy f\u00e1cil: pulverizar, extender y limpiar. Formulado espec\u00edficamente para veh\u00edculos n\u00e1uticos y autocaravanas, el producto est\u00e1 dise\u00f1ado para crear una barrera protectora duradera sobre fibra de vidrio y gelcoat. Tambi\u00e9n es seguro usarlo sobre pintura, metal, vinilo y vidrio.<\/p>\n<p>Su f\u00f3rmula tambi\u00e9n mejora el brillo, la repelencia al agua y proporciona una protecci\u00f3n esencial contra los da\u00f1inos rayos UV. Adem\u00e1s, es segura para usar sobre recubrimientos cer\u00e1micos, pel\u00edculas brillantes y pel\u00edculas protectoras de pintura (PPF). Este sellador para embarcaciones y veh\u00edculos recreativos le brinda la protecci\u00f3n que necesita, de forma r\u00e1pida y sencilla.<\/p>\n<p><strong>Contenido:<\/strong> 946 ml<\/p>","protected":false},"excerpt":{"rendered":"<p><strong>Proporciona brillo y protecci\u00f3n contra los da\u00f1os causados por los rayos UV.<\/strong><\/p>","protected":false},"featured_media":12049,"comment_status":"open","ping_status":"closed","template":"","meta":{"_acf_changed":false,"_smort_price_nok":"331","_smort_price_dkk":"264","_smort_price_eur":"35.36","_smort_sale_price_nok":"331","_smort_sale_price_dkk":"","_smort_sale_price_eur":"28.18","smort_restorder":"","shipmondo_restorder":"","_kad_blocks_custom_css":"","_kad_blocks_head_custom_js":"","_kad_blocks_body_custom_js":"","_kad_blocks_footer_custom_js":"","smort_custom_pricelist_1":"248.96","smort_custom_pricelist_2":"248.96","smort_custom_pricelist_3":"217.84","smort_custom_pricelist_4":"311.2","smort_custom_pricelist_5":"248.96"},"anvandningsomrade":[1388],"bilmarken":[],"product_brand":[1383],"product_cat":[378],"product_tag":[],"class_list":{"0":"post-12048","1":"product","2":"type-product","3":"status-publish","4":"has-post-thumbnail","6":"anvandningsomrade-bat","7":"product_brand-meguiars","8":"product_cat-bilvard","10":"first","11":"instock","12":"sale","13":"taxable","14":"shipping-taxable","15":"purchasable","16":"product-type-simple"},"bundled_by":[],"bundle_stock_status":"instock","bundle_stock_quantity":1,"bundle_virtual":false,"bundle_layout":"","bundle_add_to_cart_form_location":"","bundle_editable_in_cart":false,"bundle_sold_individually_context":"","bundle_item_grouping":"","bundle_min_size":"","bundle_max_size":"","bundle_price":[],"bundled_items":[],"bundle_sell_ids":[],"acf":[],"yoast_head":"<!-- This site is optimized with the Yoast SEO plugin v27.0 - https:\/\/yoast.com\/product\/yoast-seo-wordpress\/ -->\n<title>Meguiar&#039;s Hybrid Ceramic All Surface Sealant - Xenonkungen<\/title>\n<meta name=\"robots\" content=\"index, follow, max-snippet:-1, max-image-preview:large, max-video-preview:-1\" \/>\n<link rel=\"canonical\" href=\"https:\/\/xenonkungen.com\/es\/producto\/sellador-hibrido-ceramico-para-todo-tipo-de-superficies-de-meguiars\/\" \/>\n<meta property=\"og:locale\" content=\"es_ES\" \/>\n<meta property=\"og:type\" content=\"article\" \/>\n<meta property=\"og:title\" content=\"Meguiar&#039;s Hybrid Ceramic All Surface Sealant - Xenonkungen\" \/>\n<meta property=\"og:description\" content=\"Ger Glans &amp; Skydd mot UV-skador\" \/>\n<meta property=\"og:url\" content=\"https:\/\/xenonkungen.com\/es\/producto\/sellador-hibrido-ceramico-para-todo-tipo-de-superficies-de-meguiars\/\" \/>\n<meta property=\"og:site_name\" content=\"Xenonkungen\" \/>\n<meta property=\"article:modified_time\" content=\"2026-04-11T00:19:11+00:00\" \/>\n<meta property=\"og:image\" content=\"https:\/\/xenonkungen.com\/wp-content\/uploads\/2025\/07\/M250132_Marine-RVAllSurfaceSealant_Front_10x10.png\" \/>\n\t<meta property=\"og:image:width\" content=\"2560\" \/>\n\t<meta property=\"og:image:height\" content=\"2560\" \/>\n\t<meta property=\"og:image:type\" content=\"image\/png\" \/>\n<meta name=\"twitter:card\" content=\"summary_large_image\" \/>\n<meta name=\"twitter:label1\" content=\"Tiempo de lectura\" \/>\n\t<meta name=\"twitter:data1\" content=\"1 minuto\" \/>\n<script type=\"application\/ld+json\" class=\"yoast-schema-graph\">{\"@context\":\"https:\/\/schema.org\",\"@graph\":[{\"@type\":\"WebPage\",\"@id\":\"https:\/\/xenonkungen.com\/produkt\/meguiars-hybrid-ceramic-all-surface-sealant\/\",\"url\":\"https:\/\/xenonkungen.com\/produkt\/meguiars-hybrid-ceramic-all-surface-sealant\/\",\"name\":\"Meguiar's Hybrid Ceramic All Surface Sealant - Xenonkungen\",\"isPartOf\":{\"@id\":\"https:\/\/xenonkungen.com\/#website\"},\"primaryImageOfPage\":{\"@id\":\"https:\/\/xenonkungen.com\/produkt\/meguiars-hybrid-ceramic-all-surface-sealant\/#primaryimage\"},\"image\":{\"@id\":\"https:\/\/xenonkungen.com\/produkt\/meguiars-hybrid-ceramic-all-surface-sealant\/#primaryimage\"},\"thumbnailUrl\":\"https:\/\/xenonkungen.com\/wp-content\/uploads\/2025\/07\/M250132_Marine-RVAllSurfaceSealant_Front_10x10.png\",\"datePublished\":\"2025-07-02T11:28:40+00:00\",\"dateModified\":\"2026-04-11T00:19:11+00:00\",\"breadcrumb\":{\"@id\":\"https:\/\/xenonkungen.com\/produkt\/meguiars-hybrid-ceramic-all-surface-sealant\/#breadcrumb\"},\"inLanguage\":\"es\",\"potentialAction\":[{\"@type\":\"ReadAction\",\"target\":[\"https:\/\/xenonkungen.com\/produkt\/meguiars-hybrid-ceramic-all-surface-sealant\/\"]}]},{\"@type\":\"ImageObject\",\"inLanguage\":\"es\",\"@id\":\"https:\/\/xenonkungen.com\/produkt\/meguiars-hybrid-ceramic-all-surface-sealant\/#primaryimage\",\"url\":\"https:\/\/xenonkungen.com\/wp-content\/uploads\/2025\/07\/M250132_Marine-RVAllSurfaceSealant_Front_10x10.png\",\"contentUrl\":\"https:\/\/xenonkungen.com\/wp-content\/uploads\/2025\/07\/M250132_Marine-RVAllSurfaceSealant_Front_10x10.png\",\"width\":2560,\"height\":2560},{\"@type\":\"BreadcrumbList\",\"@id\":\"https:\/\/xenonkungen.com\/produkt\/meguiars-hybrid-ceramic-all-surface-sealant\/#breadcrumb\",\"itemListElement\":[{\"@type\":\"ListItem\",\"position\":1,\"name\":\"Hem\",\"item\":\"https:\/\/xenonkungen.com\/\"},{\"@type\":\"ListItem\",\"position\":2,\"name\":\"Shop\",\"item\":\"https:\/\/xenonkungen.com\/shop\/\"},{\"@type\":\"ListItem\",\"position\":3,\"name\":\"Meguiar&#8217;s Hybrid Ceramic All Surface Sealant\"}]},{\"@type\":\"WebSite\",\"@id\":\"https:\/\/xenonkungen.com\/#website\",\"url\":\"https:\/\/xenonkungen.com\/\",\"name\":\"Xenonkungen\",\"description\":\"\",\"potentialAction\":[{\"@type\":\"SearchAction\",\"target\":{\"@type\":\"EntryPoint\",\"urlTemplate\":\"https:\/\/xenonkungen.com\/?s={search_term_string}\"},\"query-input\":{\"@type\":\"PropertyValueSpecification\",\"valueRequired\":true,\"valueName\":\"search_term_string\"}}],\"inLanguage\":\"es\"}]}<\/script>\n<!-- \/ Yoast SEO plugin. -->","yoast_head_json":{"title":"Sellador h\u00edbrido cer\u00e1mico para todo tipo de superficies de Meguiar&#039;s: el rey del xen\u00f3n","robots":{"index":"index","follow":"follow","max-snippet":"max-snippet:-1","max-image-preview":"max-image-preview:large","max-video-preview":"max-video-preview:-1"},"canonical":"https:\/\/xenonkungen.com\/es\/producto\/sellador-hibrido-ceramico-para-todo-tipo-de-superficies-de-meguiars\/","og_locale":"es_ES","og_type":"article","og_title":"Meguiar's Hybrid Ceramic All Surface Sealant - Xenonkungen","og_description":"Ger Glans &amp; Skydd mot UV-skador","og_url":"https:\/\/xenonkungen.com\/es\/producto\/sellador-hibrido-ceramico-para-todo-tipo-de-superficies-de-meguiars\/","og_site_name":"Xenonkungen","article_modified_time":"2026-04-11T00:19:11+00:00","og_image":[{"width":2560,"height":2560,"url":"https:\/\/xenonkungen.com\/wp-content\/uploads\/2025\/07\/M250132_Marine-RVAllSurfaceSealant_Front_10x10.png","type":"image\/png"}],"twitter_card":"summary_large_image","twitter_misc":{"Tiempo de lectura":"1 minuto"},"schema":{"@context":"https:\/\/schema.org","@graph":[{"@type":"WebPage","@id":"https:\/\/xenonkungen.com\/produkt\/meguiars-hybrid-ceramic-all-surface-sealant\/","url":"https:\/\/xenonkungen.com\/produkt\/meguiars-hybrid-ceramic-all-surface-sealant\/","name":"Sellador h\u00edbrido cer\u00e1mico para todo tipo de superficies de Meguiar&#039;s: el rey del xen\u00f3n","isPartOf":{"@id":"https:\/\/xenonkungen.com\/#website"},"primaryImageOfPage":{"@id":"https:\/\/xenonkungen.com\/produkt\/meguiars-hybrid-ceramic-all-surface-sealant\/#primaryimage"},"image":{"@id":"https:\/\/xenonkungen.com\/produkt\/meguiars-hybrid-ceramic-all-surface-sealant\/#primaryimage"},"thumbnailUrl":"https:\/\/xenonkungen.com\/wp-content\/uploads\/2025\/07\/M250132_Marine-RVAllSurfaceSealant_Front_10x10.png","datePublished":"2025-07-02T11:28:40+00:00","dateModified":"2026-04-11T00:19:11+00:00","breadcrumb":{"@id":"https:\/\/xenonkungen.com\/produkt\/meguiars-hybrid-ceramic-all-surface-sealant\/#breadcrumb"},"inLanguage":"es","potentialAction":[{"@type":"ReadAction","target":["https:\/\/xenonkungen.com\/produkt\/meguiars-hybrid-ceramic-all-surface-sealant\/"]}]},{"@type":"ImageObject","inLanguage":"es","@id":"https:\/\/xenonkungen.com\/produkt\/meguiars-hybrid-ceramic-all-surface-sealant\/#primaryimage","url":"https:\/\/xenonkungen.com\/wp-content\/uploads\/2025\/07\/M250132_Marine-RVAllSurfaceSealant_Front_10x10.png","contentUrl":"https:\/\/xenonkungen.com\/wp-content\/uploads\/2025\/07\/M250132_Marine-RVAllSurfaceSealant_Front_10x10.png","width":2560,"height":2560},{"@type":"BreadcrumbList","@id":"https:\/\/xenonkungen.com\/produkt\/meguiars-hybrid-ceramic-all-surface-sealant\/#breadcrumb","itemListElement":[{"@type":"ListItem","position":1,"name":"Hem","item":"https:\/\/xenonkungen.com\/"},{"@type":"ListItem","position":2,"name":"Shop","item":"https:\/\/xenonkungen.com\/shop\/"},{"@type":"ListItem","position":3,"name":"Meguiar&#8217;s Hybrid Ceramic All Surface Sealant"}]},{"@type":"WebSite","@id":"https:\/\/xenonkungen.com\/#website","url":"https:\/\/xenonkungen.com\/","name":"Xenonkungen","description":"","potentialAction":[{"@type":"SearchAction","target":{"@type":"EntryPoint","urlTemplate":"https:\/\/xenonkungen.com\/?s={search_term_string}"},"query-input":{"@type":"PropertyValueSpecification","valueRequired":true,"valueName":"search_term_string"}}],"inLanguage":"es"}]}},"taxonomy_info":{"anvandningsomrade":[{"value":1388,"label":"B\u00e5t"}],"product_brand":[{"value":1383,"label":"Meguiar's"}],"product_cat":[{"value":378,"label":"Bilv\u00e5rd"}]},"featured_image_src_large":["https:\/\/xenonkungen.com\/wp-content\/uploads\/2025\/07\/M250132_Marine-RVAllSurfaceSealant_Front_10x10-1024x1024.png",1024,1024,true],"author_info":[],"comment_info":0,"_links":{"self":[{"href":"https:\/\/xenonkungen.com\/es\/wp-json\/wp\/v2\/product\/12048","targetHints":{"allow":["GET"]}}],"collection":[{"href":"https:\/\/xenonkungen.com\/es\/wp-json\/wp\/v2\/product"}],"about":[{"href":"https:\/\/xenonkungen.com\/es\/wp-json\/wp\/v2\/types\/product"}],"replies":[{"embeddable":true,"href":"https:\/\/xenonkungen.com\/es\/wp-json\/wp\/v2\/comments?post=12048"}],"wp:featuredmedia":[{"embeddable":true,"href":"https:\/\/xenonkungen.com\/es\/wp-json\/wp\/v2\/media\/12049"}],"wp:attachment":[{"href":"https:\/\/xenonkungen.com\/es\/wp-json\/wp\/v2\/media?parent=12048"}],"wp:term":[{"taxonomy":"anvandningsomrade","embeddable":true,"href":"https:\/\/xenonkungen.com\/es\/wp-json\/wp\/v2\/anvandningsomrade?post=12048"},{"taxonomy":"bilmarken","embeddable":true,"href":"https:\/\/xenonkungen.com\/es\/wp-json\/wp\/v2\/bilmarken?post=12048"},{"taxonomy":"product_brand","embeddable":true,"href":"https:\/\/xenonkungen.com\/es\/wp-json\/wp\/v2\/product_brand?post=12048"},{"taxonomy":"product_cat","embeddable":true,"href":"https:\/\/xenonkungen.com\/es\/wp-json\/wp\/v2\/product_cat?post=12048"},{"taxonomy":"product_tag","embeddable":true,"href":"https:\/\/xenonkungen.com\/es\/wp-json\/wp\/v2\/product_tag?post=12048"}],"curies":[{"name":"wp","href":"https:\/\/api.w.org\/{rel}","templated":true}]}}