{"id":12057,"date":"2025-07-02T12:56:38","date_gmt":"2025-07-02T12:56:38","guid":{"rendered":"https:\/\/xenonkungen.com\/?post_type=product&#038;p=12057"},"modified":"2026-04-10T20:44:05","modified_gmt":"2026-04-10T19:44:05","slug":"unidad-esclava-xbb-powerunit-6","status":"publish","type":"product","link":"https:\/\/xenonkungen.com\/es\/producto\/unidad-esclava-xbb-powerunit-6\/","title":{"rendered":"XBB PowerUnit 6 | Unidad esclava"},"content":{"rendered":"<section>\n<h1>Unidad de potencia XBB 6: control inteligente, f\u00e1cil instalaci\u00f3n<\/h1>\n<p>XBB PowerUnit 6 es la soluci\u00f3n ideal para quienes desean controlar la iluminaci\u00f3n y los accesorios de su veh\u00edculo sin necesidad de desmontar el interior, buscar cables ni instalar interruptores adicionales. Su instalaci\u00f3n es sencilla, discreta y totalmente inal\u00e1mbrica.<\/p>\n<p>Empareja el dispositivo con el dongle XBB o PP-CAN-FD y tendr\u00e1s acceso a las se\u00f1ales del bus CAN del veh\u00edculo, lo que te permitir\u00e1, por ejemplo, activar las luces cuando se activen las luces largas, la marcha atr\u00e1s, el encendido o cualquier otra funci\u00f3n que elijas, de forma totalmente autom\u00e1tica.<\/p>\n<p>Con 6 salidas de alta corriente por PowerUnit y la capacidad de conectar hasta cuatro dispositivos, puede controlar hasta 24 salidas de forma inal\u00e1mbrica y configurarlas libremente a trav\u00e9s de la aplicaci\u00f3n.<\/p>\n<h2>M\u00e1s formas de control: Panel de control de XBB<\/h2>\n<p>Una de las funciones m\u00e1s interesantes de la aplicaci\u00f3n XBB Configurator es el nuevo panel de control XBB integrado: \u00a1un panel de control virtual directamente en tu tel\u00e9fono! Aqu\u00ed encontrar\u00e1s:<\/p>\n<ul>\n<li>Botones virtuales para el control manual de salidas opcionales<\/li>\n<li>Valores en tiempo real del coche, como el voltaje de la bater\u00eda<\/li>\n<li>Compatibilidad con funciones de flash y control PWM<\/li>\n<li>Personalizaci\u00f3n completa de los botones: cambie los s\u00edmbolos, los colores y la apariencia.<\/li>\n<\/ul>\n<p><strong>Tenga en cuenta lo siguiente:<\/strong> El panel de control de XBB a\u00fan est\u00e1 en desarrollo. Algunas partes a\u00fan no est\u00e1n completamente terminadas, \u00a1pero est\u00e1 creciendo r\u00e1pidamente y tiene un gran potencial para convertirse en una herramienta realmente poderosa!<\/p>\n<h2>Ventajas de la unidad de potencia XBB 6<\/h2>\n<ul>\n<li>Instalaci\u00f3n plug &amp; play sin da\u00f1ar el veh\u00edculo<\/li>\n<li>Control inal\u00e1mbrico mediante Bluetooth (BLE 5)<\/li>\n<li>Compatibilidad total con la se\u00f1al del bus CAN del coche<\/li>\n<li>Control mediante la aplicaci\u00f3n y\/o las funciones del veh\u00edculo<\/li>\n<li>Compatible con dongle XBB y PP-CAN-FD<\/li>\n<li>Crea tus propias reglas, automatizaciones y controles manuales en la aplicaci\u00f3n.<\/li>\n<\/ul>\n<h2>Poder y control, sin concesiones.<\/h2>\n<p>Tanto si fabricas veh\u00edculos de emergencia, de trabajo o todoterreno, como si simplemente buscas una soluci\u00f3n elegante e inteligente para la iluminaci\u00f3n adicional, la XBB PowerUnit 6 es una opci\u00f3n robusta y preparada para el futuro. Su configuraci\u00f3n es muy sencilla mediante la aplicaci\u00f3n, y con la configuraci\u00f3n adecuada para tu modelo de coche, estar\u00e1s listo para usarla r\u00e1pidamente.<\/p>\n<p><strong>XBB PowerUnit 6: la forma futura de controlar el sistema el\u00e9ctrico de su veh\u00edculo.<\/strong><\/p>\n<p>\u00a1Explora los veh\u00edculos y funciones compatibles en la aplicaci\u00f3n y experimenta la diferencia hoy mismo!<\/p>\n<\/section>","protected":false},"excerpt":{"rendered":"<ul>\n<li>Posibilidad de 6 funciones en la misma unidad.<\/li>\n<li>6 salidas de 10 amperios.<\/li>\n<li>Posibilidad de conectar m\u00faltiples salidas para obtener m\u00e1s potencia.<\/li>\n<li>Alfileres planos de 6,3 x 10 unidades<\/li>\n<li>Conexi\u00f3n de rel\u00e9 seg\u00fan ISO 8092-1<\/li>\n<li>Orejetas de montaje para una f\u00e1cil instalaci\u00f3n<\/li>\n<li>Se conecta a XBB Dongle\u00ae o PP-CAN-FD\u00ae.<\/li>\n<\/ul>","protected":false},"featured_media":12058,"comment_status":"open","ping_status":"closed","template":"","meta":{"_acf_changed":false,"_smort_price_nok":"1917","_smort_price_dkk":"1218","_smort_price_eur":"163.17","_smort_sale_price_nok":"","_smort_sale_price_dkk":"","_smort_sale_price_eur":"","smort_restorder":"","shipmondo_restorder":"","_kad_blocks_custom_css":"","_kad_blocks_head_custom_js":"","_kad_blocks_body_custom_js":"","_kad_blocks_footer_custom_js":"","smort_custom_pricelist_1":"1148.8","smort_custom_pricelist_2":"1005.2","smort_custom_pricelist_3":"1005.2","smort_custom_pricelist_4":"1436","smort_custom_pricelist_5":"1005.2"},"anvandningsomrade":[],"bilmarken":[],"product_brand":[115],"product_cat":[2487,2841,2828,2468,2497,390],"product_tag":[],"class_list":{"0":"post-12057","1":"product","2":"type-product","3":"status-publish","4":"has-post-thumbnail","6":"product_brand-xbb","7":"product_cat-canbus-installation","8":"product_cat-installation-extraljus","9":"product_cat-installation-led-ramper","10":"product_cat-rela","11":"product_cat-xbb","12":"product_cat-installation","14":"first","15":"instock","16":"taxable","17":"shipping-taxable","18":"purchasable","19":"product-type-simple"},"bundled_by":["15682"],"bundle_stock_status":"instock","bundle_stock_quantity":9,"bundle_virtual":false,"bundle_layout":"","bundle_add_to_cart_form_location":"","bundle_editable_in_cart":false,"bundle_sold_individually_context":"","bundle_item_grouping":"","bundle_min_size":"","bundle_max_size":"","bundle_price":[],"bundled_items":[],"bundle_sell_ids":[],"acf":[],"yoast_head":"<!-- This site is optimized with the Yoast SEO plugin v27.0 - https:\/\/yoast.com\/product\/yoast-seo-wordpress\/ -->\n<title>XBB PowerUnit 6 | Slave unit - Xenonkungen<\/title>\n<meta name=\"robots\" content=\"index, follow, max-snippet:-1, max-image-preview:large, max-video-preview:-1\" \/>\n<link rel=\"canonical\" href=\"https:\/\/xenonkungen.com\/es\/producto\/unidad-esclava-xbb-powerunit-6\/\" \/>\n<meta property=\"og:locale\" content=\"es_ES\" \/>\n<meta property=\"og:type\" content=\"article\" \/>\n<meta property=\"og:title\" content=\"XBB PowerUnit 6 | Slave unit - Xenonkungen\" \/>\n<meta property=\"og:description\" content=\"M\u00f6jlighet till 6 st funktioner i samma enhet.  6 st utg\u00e5ngar \u00e1 10 Ampere.  M\u00f6jlighet att koppla ihop flera utg\u00e5ngar f\u00f6r mer effekt.  Flatstift 6,3 x 10 st  Rel\u00e4anslutning enl. ISO 8092-1  F\u00e4st\u00f6ron f\u00f6r enkelt montage  Ansluts till XBB Dongle\u00ae eller PP-CAN-FD\u00ae.\" \/>\n<meta property=\"og:url\" content=\"https:\/\/xenonkungen.com\/es\/producto\/unidad-esclava-xbb-powerunit-6\/\" \/>\n<meta property=\"og:site_name\" content=\"Xenonkungen\" \/>\n<meta property=\"article:modified_time\" content=\"2026-04-10T19:44:05+00:00\" \/>\n<meta property=\"og:image\" content=\"https:\/\/xenonkungen.com\/wp-content\/uploads\/2025\/07\/26416235.jpg\" \/>\n\t<meta property=\"og:image:width\" content=\"500\" \/>\n\t<meta property=\"og:image:height\" content=\"375\" \/>\n\t<meta property=\"og:image:type\" content=\"image\/jpeg\" \/>\n<meta name=\"twitter:card\" content=\"summary_large_image\" \/>\n<meta name=\"twitter:label1\" content=\"Tiempo de lectura\" \/>\n\t<meta name=\"twitter:data1\" content=\"2 minutos\" \/>\n<script type=\"application\/ld+json\" class=\"yoast-schema-graph\">{\"@context\":\"https:\/\/schema.org\",\"@graph\":[{\"@type\":\"WebPage\",\"@id\":\"https:\/\/xenonkungen.com\/nl\/product\/xbb-powerunit-6-slave-unit\/\",\"url\":\"https:\/\/xenonkungen.com\/nl\/product\/xbb-powerunit-6-slave-unit\/\",\"name\":\"XBB PowerUnit 6 | Slave unit - Xenonkungen\",\"isPartOf\":{\"@id\":\"https:\/\/xenonkungen.com\/#website\"},\"primaryImageOfPage\":{\"@id\":\"https:\/\/xenonkungen.com\/nl\/product\/xbb-powerunit-6-slave-unit\/#primaryimage\"},\"image\":{\"@id\":\"https:\/\/xenonkungen.com\/nl\/product\/xbb-powerunit-6-slave-unit\/#primaryimage\"},\"thumbnailUrl\":\"https:\/\/xenonkungen.com\/wp-content\/uploads\/2025\/07\/26416235.jpg\",\"datePublished\":\"2025-07-02T12:56:38+00:00\",\"dateModified\":\"2026-04-10T19:44:05+00:00\",\"breadcrumb\":{\"@id\":\"https:\/\/xenonkungen.com\/nl\/product\/xbb-powerunit-6-slave-unit\/#breadcrumb\"},\"inLanguage\":\"es\",\"potentialAction\":[{\"@type\":\"ReadAction\",\"target\":[\"https:\/\/xenonkungen.com\/nl\/product\/xbb-powerunit-6-slave-unit\/\"]}]},{\"@type\":\"ImageObject\",\"inLanguage\":\"es\",\"@id\":\"https:\/\/xenonkungen.com\/nl\/product\/xbb-powerunit-6-slave-unit\/#primaryimage\",\"url\":\"https:\/\/xenonkungen.com\/wp-content\/uploads\/2025\/07\/26416235.jpg\",\"contentUrl\":\"https:\/\/xenonkungen.com\/wp-content\/uploads\/2025\/07\/26416235.jpg\",\"width\":500,\"height\":375},{\"@type\":\"BreadcrumbList\",\"@id\":\"https:\/\/xenonkungen.com\/nl\/product\/xbb-powerunit-6-slave-unit\/#breadcrumb\",\"itemListElement\":[{\"@type\":\"ListItem\",\"position\":1,\"name\":\"Hem\",\"item\":\"https:\/\/xenonkungen.com\/\"},{\"@type\":\"ListItem\",\"position\":2,\"name\":\"Shop\",\"item\":\"https:\/\/xenonkungen.com\/shop\/\"},{\"@type\":\"ListItem\",\"position\":3,\"name\":\"XBB PowerUnit 6 | Slave unit\"}]},{\"@type\":\"WebSite\",\"@id\":\"https:\/\/xenonkungen.com\/#website\",\"url\":\"https:\/\/xenonkungen.com\/\",\"name\":\"Xenonkungen\",\"description\":\"\",\"potentialAction\":[{\"@type\":\"SearchAction\",\"target\":{\"@type\":\"EntryPoint\",\"urlTemplate\":\"https:\/\/xenonkungen.com\/?s={search_term_string}\"},\"query-input\":{\"@type\":\"PropertyValueSpecification\",\"valueRequired\":true,\"valueName\":\"search_term_string\"}}],\"inLanguage\":\"es\"}]}<\/script>\n<!-- \/ Yoast SEO plugin. -->","yoast_head_json":{"title":"Unidad de potencia XBB 6 | Unidad esclava - El Rey Xen\u00f3n","robots":{"index":"index","follow":"follow","max-snippet":"max-snippet:-1","max-image-preview":"max-image-preview:large","max-video-preview":"max-video-preview:-1"},"canonical":"https:\/\/xenonkungen.com\/es\/producto\/unidad-esclava-xbb-powerunit-6\/","og_locale":"es_ES","og_type":"article","og_title":"XBB PowerUnit 6 | Slave unit - Xenonkungen","og_description":"M\u00f6jlighet till 6 st funktioner i samma enhet.  6 st utg\u00e5ngar \u00e1 10 Ampere.  M\u00f6jlighet att koppla ihop flera utg\u00e5ngar f\u00f6r mer effekt.  Flatstift 6,3 x 10 st  Rel\u00e4anslutning enl. ISO 8092-1  F\u00e4st\u00f6ron f\u00f6r enkelt montage  Ansluts till XBB Dongle\u00ae eller PP-CAN-FD\u00ae.","og_url":"https:\/\/xenonkungen.com\/es\/producto\/unidad-esclava-xbb-powerunit-6\/","og_site_name":"Xenonkungen","article_modified_time":"2026-04-10T19:44:05+00:00","og_image":[{"width":500,"height":375,"url":"https:\/\/xenonkungen.com\/wp-content\/uploads\/2025\/07\/26416235.jpg","type":"image\/jpeg"}],"twitter_card":"summary_large_image","twitter_misc":{"Tiempo de lectura":"2 minutos"},"schema":{"@context":"https:\/\/schema.org","@graph":[{"@type":"WebPage","@id":"https:\/\/xenonkungen.com\/nl\/product\/xbb-powerunit-6-slave-unit\/","url":"https:\/\/xenonkungen.com\/nl\/product\/xbb-powerunit-6-slave-unit\/","name":"Unidad de potencia XBB 6 | Unidad esclava - El Rey Xen\u00f3n","isPartOf":{"@id":"https:\/\/xenonkungen.com\/#website"},"primaryImageOfPage":{"@id":"https:\/\/xenonkungen.com\/nl\/product\/xbb-powerunit-6-slave-unit\/#primaryimage"},"image":{"@id":"https:\/\/xenonkungen.com\/nl\/product\/xbb-powerunit-6-slave-unit\/#primaryimage"},"thumbnailUrl":"https:\/\/xenonkungen.com\/wp-content\/uploads\/2025\/07\/26416235.jpg","datePublished":"2025-07-02T12:56:38+00:00","dateModified":"2026-04-10T19:44:05+00:00","breadcrumb":{"@id":"https:\/\/xenonkungen.com\/nl\/product\/xbb-powerunit-6-slave-unit\/#breadcrumb"},"inLanguage":"es","potentialAction":[{"@type":"ReadAction","target":["https:\/\/xenonkungen.com\/nl\/product\/xbb-powerunit-6-slave-unit\/"]}]},{"@type":"ImageObject","inLanguage":"es","@id":"https:\/\/xenonkungen.com\/nl\/product\/xbb-powerunit-6-slave-unit\/#primaryimage","url":"https:\/\/xenonkungen.com\/wp-content\/uploads\/2025\/07\/26416235.jpg","contentUrl":"https:\/\/xenonkungen.com\/wp-content\/uploads\/2025\/07\/26416235.jpg","width":500,"height":375},{"@type":"BreadcrumbList","@id":"https:\/\/xenonkungen.com\/nl\/product\/xbb-powerunit-6-slave-unit\/#breadcrumb","itemListElement":[{"@type":"ListItem","position":1,"name":"Hem","item":"https:\/\/xenonkungen.com\/"},{"@type":"ListItem","position":2,"name":"Shop","item":"https:\/\/xenonkungen.com\/shop\/"},{"@type":"ListItem","position":3,"name":"XBB PowerUnit 6 | Slave unit"}]},{"@type":"WebSite","@id":"https:\/\/xenonkungen.com\/#website","url":"https:\/\/xenonkungen.com\/","name":"Xenonkungen","description":"","potentialAction":[{"@type":"SearchAction","target":{"@type":"EntryPoint","urlTemplate":"https:\/\/xenonkungen.com\/?s={search_term_string}"},"query-input":{"@type":"PropertyValueSpecification","valueRequired":true,"valueName":"search_term_string"}}],"inLanguage":"es"}]}},"taxonomy_info":{"product_brand":[{"value":115,"label":"XBB"}],"product_cat":[{"value":2487,"label":"Canbus"},{"value":2841,"label":"Installation extraljus"},{"value":2828,"label":"Installation LED-ramper"},{"value":2468,"label":"Rel\u00e4"},{"value":2497,"label":"XBB"},{"value":390,"label":"Installation"}]},"featured_image_src_large":["https:\/\/xenonkungen.com\/wp-content\/uploads\/2025\/07\/26416235.jpg",500,375,false],"author_info":[],"comment_info":0,"_links":{"self":[{"href":"https:\/\/xenonkungen.com\/es\/wp-json\/wp\/v2\/product\/12057","targetHints":{"allow":["GET"]}}],"collection":[{"href":"https:\/\/xenonkungen.com\/es\/wp-json\/wp\/v2\/product"}],"about":[{"href":"https:\/\/xenonkungen.com\/es\/wp-json\/wp\/v2\/types\/product"}],"replies":[{"embeddable":true,"href":"https:\/\/xenonkungen.com\/es\/wp-json\/wp\/v2\/comments?post=12057"}],"wp:featuredmedia":[{"embeddable":true,"href":"https:\/\/xenonkungen.com\/es\/wp-json\/wp\/v2\/media\/12058"}],"wp:attachment":[{"href":"https:\/\/xenonkungen.com\/es\/wp-json\/wp\/v2\/media?parent=12057"}],"wp:term":[{"taxonomy":"anvandningsomrade","embeddable":true,"href":"https:\/\/xenonkungen.com\/es\/wp-json\/wp\/v2\/anvandningsomrade?post=12057"},{"taxonomy":"bilmarken","embeddable":true,"href":"https:\/\/xenonkungen.com\/es\/wp-json\/wp\/v2\/bilmarken?post=12057"},{"taxonomy":"product_brand","embeddable":true,"href":"https:\/\/xenonkungen.com\/es\/wp-json\/wp\/v2\/product_brand?post=12057"},{"taxonomy":"product_cat","embeddable":true,"href":"https:\/\/xenonkungen.com\/es\/wp-json\/wp\/v2\/product_cat?post=12057"},{"taxonomy":"product_tag","embeddable":true,"href":"https:\/\/xenonkungen.com\/es\/wp-json\/wp\/v2\/product_tag?post=12057"}],"curies":[{"name":"wp","href":"https:\/\/api.w.org\/{rel}","templated":true}]}}