{"id":1212,"date":"2025-04-15T08:00:23","date_gmt":"2025-04-15T08:00:23","guid":{"rendered":"https:\/\/xenonkungen.com\/product\/dimljuslampa-for-volvo-h1-led-50w-vit\/"},"modified":"2026-04-10T20:57:33","modified_gmt":"2026-04-10T19:57:33","slug":"bombilla-antiniebla-led-h1-para-volvo-50-w-blanca","status":"publish","type":"product","link":"https:\/\/xenonkungen.com\/es\/producto\/bombilla-antiniebla-led-h1-para-volvo-50-w-blanca\/","title":{"rendered":"Bombilla de faro antiniebla para Volvo | H1 LED 50W Blanca"},"content":{"rendered":"<p>El faro antiniebla LED H1 de 50 W es un modelo corto compatible con faros antiniebla Volvo H1, Alfa Romeo 147 y BMW Serie 1 E81, entre otros. Faros antiniebla H1 con 8 diodos que proporcionan una luz panor\u00e1mica en el reflector y 2 diodos frontales en la parte superior.<\/p>\n<p>Art\u00edculo sin marca E.<\/p>\n<p><em>A pesar de la gran cantidad y el alto coste de los diodos, no es posible producir m\u00e1s luz, ya que la superficie de refrigeraci\u00f3n es m\u00ednima en un casquillo H1 de este tipo. Los mismos LED, por ejemplo, en una luz de trabajo, podr\u00edan emitir, en comparaci\u00f3n, unos 4000 l\u00famenes.<\/em><\/p>","protected":false},"excerpt":{"rendered":"<p>H1 50W Foglight LED \u00e4r en kort modell l\u00e4mplig f\u00f6r bl.a. Volvo H1 dimljus, ALFA Romeo 147 och BMW 1 Serie E81. H1 dimljuslampor med 8st diodlampor som ger ett rundstr\u00e5lande ljus i reflektorn samt 2st fram\u00e5triktade dioder p\u00e5 toppen. Ej E-m\u00e4rkt artikel. Trots m\u00e5nga och dyra dioder g\u00e5r det inte att kr\u00e4ma fram mer [&hellip;]<\/p>","protected":false},"featured_media":1213,"comment_status":"closed","ping_status":"open","template":"","meta":{"_acf_changed":false,"_smort_price_nok":"315","_smort_price_dkk":"200","_smort_price_eur":"26.82","_smort_sale_price_nok":"","_smort_sale_price_dkk":"","_smort_sale_price_eur":"","smort_restorder":"","shipmondo_restorder":"","_kad_blocks_custom_css":"","_kad_blocks_head_custom_js":"","_kad_blocks_body_custom_js":"","_kad_blocks_footer_custom_js":"","smort_custom_pricelist_1":"188.8","smort_custom_pricelist_2":"165.2","smort_custom_pricelist_3":"156.94","smort_custom_pricelist_4":"236","smort_custom_pricelist_5":"165.2"},"anvandningsomrade":[],"bilmarken":[],"product_brand":[],"product_cat":[3016,338],"product_tag":[],"class_list":{"0":"post-1212","1":"product","2":"type-product","3":"status-publish","4":"has-post-thumbnail","6":"product_cat-dimljus-led","7":"product_cat-diodlampor","8":"pa_faktisk-effekts-forbrukning-381","9":"pa_fargtemperatur-6000k","10":"pa_lampsockel-kontakt-h1","11":"pa_volt-v-multivolt-12-24","13":"first","14":"instock","15":"taxable","16":"shipping-taxable","17":"purchasable","18":"product-type-simple"},"bundled_by":[],"bundle_stock_status":"instock","bundle_stock_quantity":37,"bundle_virtual":false,"bundle_layout":"","bundle_add_to_cart_form_location":"","bundle_editable_in_cart":false,"bundle_sold_individually_context":"","bundle_item_grouping":"","bundle_min_size":"","bundle_max_size":"","bundle_price":[],"bundled_items":[],"bundle_sell_ids":[],"acf":[],"yoast_head":"<!-- This site is optimized with the Yoast SEO plugin v27.0 - https:\/\/yoast.com\/product\/yoast-seo-wordpress\/ -->\n<title>Dimljuslampa f\u00f6r Volvo | H1 LED 50W Vit - Xenonkungen<\/title>\n<meta name=\"robots\" content=\"index, follow, max-snippet:-1, max-image-preview:large, max-video-preview:-1\" \/>\n<link rel=\"canonical\" href=\"https:\/\/xenonkungen.com\/es\/producto\/bombilla-antiniebla-led-h1-para-volvo-50-w-blanca\/\" \/>\n<meta property=\"og:locale\" content=\"es_ES\" \/>\n<meta property=\"og:type\" content=\"article\" \/>\n<meta property=\"og:title\" content=\"Dimljuslampa f\u00f6r Volvo | H1 LED 50W Vit - Xenonkungen\" \/>\n<meta property=\"og:description\" content=\"H1 50W Foglight LED \u00e4r en kort modell l\u00e4mplig f\u00f6r bl.a. Volvo H1 dimljus, ALFA Romeo 147 och BMW 1 Serie E81. H1 dimljuslampor med 8st diodlampor som ger ett rundstr\u00e5lande ljus i reflektorn samt 2st fram\u00e5triktade dioder p\u00e5 toppen. Ej E-m\u00e4rkt artikel. Trots m\u00e5nga och dyra dioder g\u00e5r det inte att kr\u00e4ma fram mer [&hellip;]\" \/>\n<meta property=\"og:url\" content=\"https:\/\/xenonkungen.com\/es\/producto\/bombilla-antiniebla-led-h1-para-volvo-50-w-blanca\/\" \/>\n<meta property=\"og:site_name\" content=\"Xenonkungen\" \/>\n<meta property=\"article:modified_time\" content=\"2026-04-10T19:57:33+00:00\" \/>\n<meta property=\"og:image\" content=\"https:\/\/xenonkungen.com\/wp-content\/uploads\/2025\/04\/17050005-origpic-8bfec9.png\" \/>\n\t<meta property=\"og:image:width\" content=\"1000\" \/>\n\t<meta property=\"og:image:height\" content=\"1000\" \/>\n\t<meta property=\"og:image:type\" content=\"image\/png\" \/>\n<meta name=\"twitter:card\" content=\"summary_large_image\" \/>\n<script type=\"application\/ld+json\" class=\"yoast-schema-graph\">{\"@context\":\"https:\/\/schema.org\",\"@graph\":[{\"@type\":\"WebPage\",\"@id\":\"https:\/\/xenonkungen.com\/produkt\/dimljuslampa-for-volvo-h1-led-50w-vit\/\",\"url\":\"https:\/\/xenonkungen.com\/produkt\/dimljuslampa-for-volvo-h1-led-50w-vit\/\",\"name\":\"Dimljuslampa f\u00f6r Volvo | H1 LED 50W Vit - Xenonkungen\",\"isPartOf\":{\"@id\":\"https:\/\/xenonkungen.com\/#website\"},\"primaryImageOfPage\":{\"@id\":\"https:\/\/xenonkungen.com\/produkt\/dimljuslampa-for-volvo-h1-led-50w-vit\/#primaryimage\"},\"image\":{\"@id\":\"https:\/\/xenonkungen.com\/produkt\/dimljuslampa-for-volvo-h1-led-50w-vit\/#primaryimage\"},\"thumbnailUrl\":\"https:\/\/xenonkungen.com\/wp-content\/uploads\/2025\/04\/17050005-origpic-8bfec9.png\",\"datePublished\":\"2025-04-15T08:00:23+00:00\",\"dateModified\":\"2026-04-10T19:57:33+00:00\",\"breadcrumb\":{\"@id\":\"https:\/\/xenonkungen.com\/produkt\/dimljuslampa-for-volvo-h1-led-50w-vit\/#breadcrumb\"},\"inLanguage\":\"es\",\"potentialAction\":[{\"@type\":\"ReadAction\",\"target\":[\"https:\/\/xenonkungen.com\/produkt\/dimljuslampa-for-volvo-h1-led-50w-vit\/\"]}]},{\"@type\":\"ImageObject\",\"inLanguage\":\"es\",\"@id\":\"https:\/\/xenonkungen.com\/produkt\/dimljuslampa-for-volvo-h1-led-50w-vit\/#primaryimage\",\"url\":\"https:\/\/xenonkungen.com\/wp-content\/uploads\/2025\/04\/17050005-origpic-8bfec9.png\",\"contentUrl\":\"https:\/\/xenonkungen.com\/wp-content\/uploads\/2025\/04\/17050005-origpic-8bfec9.png\",\"width\":1000,\"height\":1000},{\"@type\":\"BreadcrumbList\",\"@id\":\"https:\/\/xenonkungen.com\/produkt\/dimljuslampa-for-volvo-h1-led-50w-vit\/#breadcrumb\",\"itemListElement\":[{\"@type\":\"ListItem\",\"position\":1,\"name\":\"Hem\",\"item\":\"https:\/\/xenonkungen.com\/\"},{\"@type\":\"ListItem\",\"position\":2,\"name\":\"Shop\",\"item\":\"https:\/\/xenonkungen.com\/shop\/\"},{\"@type\":\"ListItem\",\"position\":3,\"name\":\"Dimljuslampa f\u00f6r Volvo | H1 LED 50W Vit\"}]},{\"@type\":\"WebSite\",\"@id\":\"https:\/\/xenonkungen.com\/#website\",\"url\":\"https:\/\/xenonkungen.com\/\",\"name\":\"Xenonkungen\",\"description\":\"\",\"potentialAction\":[{\"@type\":\"SearchAction\",\"target\":{\"@type\":\"EntryPoint\",\"urlTemplate\":\"https:\/\/xenonkungen.com\/?s={search_term_string}\"},\"query-input\":{\"@type\":\"PropertyValueSpecification\",\"valueRequired\":true,\"valueName\":\"search_term_string\"}}],\"inLanguage\":\"es\"}]}<\/script>\n<!-- \/ Yoast SEO plugin. -->","yoast_head_json":{"title":"Bombilla antiniebla para Volvo | H1 LED 50W Blanca - Xen\u00f3n","robots":{"index":"index","follow":"follow","max-snippet":"max-snippet:-1","max-image-preview":"max-image-preview:large","max-video-preview":"max-video-preview:-1"},"canonical":"https:\/\/xenonkungen.com\/es\/producto\/bombilla-antiniebla-led-h1-para-volvo-50-w-blanca\/","og_locale":"es_ES","og_type":"article","og_title":"Dimljuslampa f\u00f6r Volvo | H1 LED 50W Vit - Xenonkungen","og_description":"H1 50W Foglight LED \u00e4r en kort modell l\u00e4mplig f\u00f6r bl.a. Volvo H1 dimljus, ALFA Romeo 147 och BMW 1 Serie E81. H1 dimljuslampor med 8st diodlampor som ger ett rundstr\u00e5lande ljus i reflektorn samt 2st fram\u00e5triktade dioder p\u00e5 toppen. Ej E-m\u00e4rkt artikel. Trots m\u00e5nga och dyra dioder g\u00e5r det inte att kr\u00e4ma fram mer [&hellip;]","og_url":"https:\/\/xenonkungen.com\/es\/producto\/bombilla-antiniebla-led-h1-para-volvo-50-w-blanca\/","og_site_name":"Xenonkungen","article_modified_time":"2026-04-10T19:57:33+00:00","og_image":[{"width":1000,"height":1000,"url":"https:\/\/xenonkungen.com\/wp-content\/uploads\/2025\/04\/17050005-origpic-8bfec9.png","type":"image\/png"}],"twitter_card":"summary_large_image","schema":{"@context":"https:\/\/schema.org","@graph":[{"@type":"WebPage","@id":"https:\/\/xenonkungen.com\/produkt\/dimljuslampa-for-volvo-h1-led-50w-vit\/","url":"https:\/\/xenonkungen.com\/produkt\/dimljuslampa-for-volvo-h1-led-50w-vit\/","name":"Bombilla antiniebla para Volvo | H1 LED 50W Blanca - Xen\u00f3n","isPartOf":{"@id":"https:\/\/xenonkungen.com\/#website"},"primaryImageOfPage":{"@id":"https:\/\/xenonkungen.com\/produkt\/dimljuslampa-for-volvo-h1-led-50w-vit\/#primaryimage"},"image":{"@id":"https:\/\/xenonkungen.com\/produkt\/dimljuslampa-for-volvo-h1-led-50w-vit\/#primaryimage"},"thumbnailUrl":"https:\/\/xenonkungen.com\/wp-content\/uploads\/2025\/04\/17050005-origpic-8bfec9.png","datePublished":"2025-04-15T08:00:23+00:00","dateModified":"2026-04-10T19:57:33+00:00","breadcrumb":{"@id":"https:\/\/xenonkungen.com\/produkt\/dimljuslampa-for-volvo-h1-led-50w-vit\/#breadcrumb"},"inLanguage":"es","potentialAction":[{"@type":"ReadAction","target":["https:\/\/xenonkungen.com\/produkt\/dimljuslampa-for-volvo-h1-led-50w-vit\/"]}]},{"@type":"ImageObject","inLanguage":"es","@id":"https:\/\/xenonkungen.com\/produkt\/dimljuslampa-for-volvo-h1-led-50w-vit\/#primaryimage","url":"https:\/\/xenonkungen.com\/wp-content\/uploads\/2025\/04\/17050005-origpic-8bfec9.png","contentUrl":"https:\/\/xenonkungen.com\/wp-content\/uploads\/2025\/04\/17050005-origpic-8bfec9.png","width":1000,"height":1000},{"@type":"BreadcrumbList","@id":"https:\/\/xenonkungen.com\/produkt\/dimljuslampa-for-volvo-h1-led-50w-vit\/#breadcrumb","itemListElement":[{"@type":"ListItem","position":1,"name":"Hem","item":"https:\/\/xenonkungen.com\/"},{"@type":"ListItem","position":2,"name":"Shop","item":"https:\/\/xenonkungen.com\/shop\/"},{"@type":"ListItem","position":3,"name":"Dimljuslampa f\u00f6r Volvo | H1 LED 50W Vit"}]},{"@type":"WebSite","@id":"https:\/\/xenonkungen.com\/#website","url":"https:\/\/xenonkungen.com\/","name":"Xenonkungen","description":"","potentialAction":[{"@type":"SearchAction","target":{"@type":"EntryPoint","urlTemplate":"https:\/\/xenonkungen.com\/?s={search_term_string}"},"query-input":{"@type":"PropertyValueSpecification","valueRequired":true,"valueName":"search_term_string"}}],"inLanguage":"es"}]}},"taxonomy_info":{"product_cat":[{"value":3016,"label":"Dimljus (LED)"},{"value":338,"label":"Diodlampor"}],"pa_faktisk-effekts-forbrukning":[{"value":381,"label":"50"}],"pa_fargtemperatur":[{"value":188,"label":"6000K"}],"pa_lampsockel-kontakt":[{"value":336,"label":"H1"}],"pa_volt-v":[{"value":382,"label":"Multivolt, 12, 24"}]},"featured_image_src_large":["https:\/\/xenonkungen.com\/wp-content\/uploads\/2025\/04\/17050005-origpic-8bfec9.png",1000,1000,false],"author_info":[],"comment_info":1,"_links":{"self":[{"href":"https:\/\/xenonkungen.com\/es\/wp-json\/wp\/v2\/product\/1212","targetHints":{"allow":["GET"]}}],"collection":[{"href":"https:\/\/xenonkungen.com\/es\/wp-json\/wp\/v2\/product"}],"about":[{"href":"https:\/\/xenonkungen.com\/es\/wp-json\/wp\/v2\/types\/product"}],"replies":[{"embeddable":true,"href":"https:\/\/xenonkungen.com\/es\/wp-json\/wp\/v2\/comments?post=1212"}],"wp:featuredmedia":[{"embeddable":true,"href":"https:\/\/xenonkungen.com\/es\/wp-json\/wp\/v2\/media\/1213"}],"wp:attachment":[{"href":"https:\/\/xenonkungen.com\/es\/wp-json\/wp\/v2\/media?parent=1212"}],"wp:term":[{"taxonomy":"anvandningsomrade","embeddable":true,"href":"https:\/\/xenonkungen.com\/es\/wp-json\/wp\/v2\/anvandningsomrade?post=1212"},{"taxonomy":"bilmarken","embeddable":true,"href":"https:\/\/xenonkungen.com\/es\/wp-json\/wp\/v2\/bilmarken?post=1212"},{"taxonomy":"product_brand","embeddable":true,"href":"https:\/\/xenonkungen.com\/es\/wp-json\/wp\/v2\/product_brand?post=1212"},{"taxonomy":"product_cat","embeddable":true,"href":"https:\/\/xenonkungen.com\/es\/wp-json\/wp\/v2\/product_cat?post=1212"},{"taxonomy":"product_tag","embeddable":true,"href":"https:\/\/xenonkungen.com\/es\/wp-json\/wp\/v2\/product_tag?post=1212"}],"curies":[{"name":"wp","href":"https:\/\/api.w.org\/{rel}","templated":true}]}}